{"id":4184,"date":"2016-11-29T10:26:04","date_gmt":"2016-11-29T10:26:04","guid":{"rendered":"https:\/\/dev4.devmitsinformatica.com\/?post_type=product&#038;p=4184"},"modified":"2023-10-14T09:16:21","modified_gmt":"2023-10-14T09:16:21","slug":"montana-uv-effect","status":"publish","type":"product","link":"https:\/\/dev4.devmitsinformatica.com\/en\/shop\/spray-cans-montana\/montana-effects-spray-shop-barcelona\/montana-uv-effect\/","title":{"rendered":"MONTANA EFFECT UV"},"content":{"rendered":"<p><strong>MONTANA UV EFFECT<\/strong><\/p>\n<p>El spray UV transparente con efecto fluorescente s\u00f3lo es visible bajo luz UV incidente.<\/p>\n<p>Montana UV-EFFECT es una pintura de efecto transparente que s\u00f3lo es visible bajo luz UV directa. Aplicable en casi cualquier sustrato, la pintura incolora y semi-brillante no es visible en la luz del sol, se ilumina cuando se expone a la luz UV con un color azul intenso, p\u00farpura. Ideal para uso en interiores, el aerosol luminoso puede ser una gran herramienta no s\u00f3lo para hacer acontecimientos art\u00edsticos, sino tambi\u00e9n en contextos pr\u00e1cticos como Marketing Bombing, clubes nocturnos, marca de lugares y propiedades.<\/p>\n<p>El spray UV de Montana se puede aplicar a numerosos sustratos tales como mamposter\u00eda, madera, vidrio y m\u00e1s. El efecto de luz UV se vuelve m\u00e1s frecuente cuantas m\u00e1s capas se aplican sobre todo cuando se aplica con una plantilla. * Visibilidad: Debido al acabado semi-brillante UV EFFECT, el aerosol UV EFFECT puede ser ligeramente visible si est\u00e1 pintado sobre un sustrato mate. La aplicaci\u00f3n del barniz GLOSS de Montana puede usarse para crear un acabado brillante que disimula discretamente el aerosol UV bajo una capa brillante. El spray UV EFFECT es compatible con otros revestimientos de color y efecto dentro de la gama MONTANA CANS siempre que se haya producido el tiempo total de secado. (24-48 horas). El spray Montana UV EFFECT Disponible en el habitual formato de 400ml para un uso f\u00e1cil y c\u00f3modo.<\/p>\n<p>&nbsp;<\/p>\n<p>La aplicaci\u00f3n de capas finas y m\u00faltiples aumentar\u00e1 y potenciar\u00e1 la capacidad de los aerosoles UV a producir un efecto de brillo vibrante. Para a\u00f1adir durabilidad y protecci\u00f3n, con la superficie completamente seca y curada se puede sellar con spray Montana VARNISH en mate, semi-brillo o brillo. Siempre pruebe el aerosol en un \u00e1rea no visible para verificar la compatibilidad de la laca o la pintura.<\/p>\n<p>&nbsp;<\/p>\n<p>UV Effect, <span style=\"text-decoration: underline;\">Spray invisible<\/span>, <strong><span style=\"text-decoration: underline;\">spray ultravioleta<\/span><\/strong><\/p>\n","protected":false},"excerpt":{"rendered":"<p>El spray UV transparente con efecto fluorescente s\u00f3lo es visible bajo luz UV incidente.<\/p>\n<p>Montana UV-EFFECT es una pintura de efecto transparente que s\u00f3lo es visible bajo luz UV directa. Aplicable en casi cualquier sustrato, la pintura incolora y semi-brillante no es visible en la luz del sol, se ilumina cuando se expone a la luz UV con un color azul intenso, p\u00farpura. Ideal para uso en interiores, el aerosol luminoso puede ser una gran herramienta no s\u00f3lo para hacer acontecimientos art\u00edsticos, sino tambi\u00e9n en contextos pr\u00e1cticos como Marketing Bombing, clubes nocturnos, marca de lugares y propiedades.<\/p>\n","protected":false},"featured_media":4199,"comment_status":"open","ping_status":"closed","template":"","meta":{"site-sidebar-layout":"default","site-content-layout":"","ast-site-content-layout":"default","site-content-style":"default","site-sidebar-style":"default","ast-global-header-display":"","ast-banner-title-visibility":"","ast-main-header-display":"","ast-hfb-above-header-display":"","ast-hfb-below-header-display":"","ast-hfb-mobile-header-display":"","site-post-title":"","ast-breadcrumbs-content":"","ast-featured-img":"","footer-sml-layout":"","ast-disable-related-posts":"","theme-transparent-header-meta":"","adv-header-id-meta":"","stick-header-meta":"","header-above-stick-meta":"","header-main-stick-meta":"","header-below-stick-meta":"","astra-migrate-meta-layouts":"default","ast-page-background-enabled":"default","ast-page-background-meta":{"desktop":{"background-color":"","background-image":"","background-repeat":"repeat","background-position":"center center","background-size":"auto","background-attachment":"scroll","background-type":"","background-media":"","overlay-type":"","overlay-color":"","overlay-opacity":"","overlay-gradient":""},"tablet":{"background-color":"","background-image":"","background-repeat":"repeat","background-position":"center center","background-size":"auto","background-attachment":"scroll","background-type":"","background-media":"","overlay-type":"","overlay-color":"","overlay-opacity":"","overlay-gradient":""},"mobile":{"background-color":"","background-image":"","background-repeat":"repeat","background-position":"center center","background-size":"auto","background-attachment":"scroll","background-type":"","background-media":"","overlay-type":"","overlay-color":"","overlay-opacity":"","overlay-gradient":""}},"ast-content-background-meta":{"desktop":{"background-color":"var(--ast-global-color-5)","background-image":"","background-repeat":"repeat","background-position":"center center","background-size":"auto","background-attachment":"scroll","background-type":"","background-media":"","overlay-type":"","overlay-color":"","overlay-opacity":"","overlay-gradient":""},"tablet":{"background-color":"var(--ast-global-color-5)","background-image":"","background-repeat":"repeat","background-position":"center center","background-size":"auto","background-attachment":"scroll","background-type":"","background-media":"","overlay-type":"","overlay-color":"","overlay-opacity":"","overlay-gradient":""},"mobile":{"background-color":"var(--ast-global-color-5)","background-image":"","background-repeat":"repeat","background-position":"center center","background-size":"auto","background-attachment":"scroll","background-type":"","background-media":"","overlay-type":"","overlay-color":"","overlay-opacity":"","overlay-gradient":""}}},"product_brand":[],"product_cat":[10,964,5803,3109,3216],"product_tag":[1207,1213,1626,1627,1628,1019,1018,1008,1211,1208,1209,1212,1210],"class_list":{"0":"post-4184","1":"product","2":"type-product","3":"status-publish","4":"has-post-thumbnail","6":"product_cat-spray-cans-montana","7":"product_cat-montana-effects-spray-shop-barcelona","8":"product_cat-efectos","9":"product_cat-montana-cans","10":"product_cat-spray","11":"product_tag-capas-finas-y-multiples","12":"product_tag-cualquier-sustrato-spray","13":"product_tag-graffiti","14":"product_tag-graffiti-shop","15":"product_tag-graffiti-shop-barcelona","16":"product_tag-montana","17":"product_tag-montana-cans","18":"product_tag-montana-uv-effect","19":"product_tag-semi-brillante-montana","20":"product_tag-spray-montana-varnish","21":"product_tag-spray-para-capas-finas","22":"product_tag-spray-para-interiores","23":"product_tag-spray-semi-brillante","24":"pa_graffiti-shop-graffiti-barcelona","25":"pa_graffiti-shop-graffiti-camisetas","26":"pa_graffiti-shop-graffiti-moda","27":"pa_graffiti-shop-graffiti-ropa","28":"pa_graffiti-shop-graffiti-shop-barcelona","29":"pa_graffiti-shop-moda-barcelona-graffiti","30":"pa_graffiti-shop-spray-tienda-barcelona","31":"pa_graffiti-spray-comprar-sprays-pintura","32":"pa_graffiti-spray-graffiti-spray-barato","33":"pa_graffiti-spray-graffiti-spray-barcelona","34":"pa_graffiti-spray-graffiti-spray-comprar","35":"pa_graffiti-spray-graffiti-spray-envio-gratis","36":"pa_graffiti-spray-graffiti-spray-espana","37":"pa_graffiti-spray-graffiti-spray-madrid","38":"pa_graffiti-spray-graffiti-spray-montana","39":"pa_graffiti-spray-graffiti-spray-montana-cans","40":"pa_graffiti-spray-graffiti-spray-online","41":"desktop-align-left","42":"tablet-align-left","43":"mobile-align-left","45":"first","46":"instock","47":"purchasable","48":"product-type-simple"},"yoast_head":"<!-- This site is optimized with the Yoast SEO plugin v27.0 - https:\/\/yoast.com\/product\/yoast-seo-wordpress\/ -->\n<title>MONTANA EFFECT UV Ultrawide Graffiti Shop Barcelona<\/title>\n<meta name=\"description\" content=\"tienda bellas artes online? tienda bellas artes online. montana cans barcelona. online tienda para sprays de montana cans espana. rotuladores para arte? tienda bellas artes online.\" \/>\n<meta name=\"robots\" content=\"index, follow, max-snippet:-1, max-image-preview:large, max-video-preview:-1\" \/>\n<link rel=\"canonical\" href=\"https:\/\/dev4.devmitsinformatica.com\/en\/shop\/spray-cans-montana\/montana-effects-spray-shop-barcelona\/montana-uv-effect\/\" \/>\n<meta property=\"og:locale\" content=\"en_US\" \/>\n<meta property=\"og:type\" content=\"article\" \/>\n<meta property=\"og:title\" content=\"MONTANA EFFECT UV Ultrawide Graffiti Shop Barcelona\" \/>\n<meta property=\"og:description\" content=\"tienda bellas artes online? tienda bellas artes online. montana cans barcelona. online tienda para sprays de montana cans espana. rotuladores para arte? tienda bellas artes online.\" \/>\n<meta property=\"og:url\" content=\"https:\/\/dev4.devmitsinformatica.com\/en\/shop\/spray-cans-montana\/montana-effects-spray-shop-barcelona\/montana-uv-effect\/\" \/>\n<meta property=\"og:site_name\" content=\"ULTRAWIDE GRAFFITI SHOP\" \/>\n<meta property=\"article:modified_time\" content=\"2023-10-14T09:16:21+00:00\" \/>\n<meta property=\"og:image\" content=\"https:\/\/dev4.devmitsinformatica.com\/wp-content\/uploads\/2016\/11\/MONTANA-UV-EFFECT-TRANSPARENT_400ML-1.jpg\" \/>\n\t<meta property=\"og:image:width\" content=\"540\" \/>\n\t<meta property=\"og:image:height\" content=\"1107\" \/>\n\t<meta property=\"og:image:type\" content=\"image\/jpeg\" \/>\n<meta name=\"twitter:card\" content=\"summary_large_image\" \/>\n<meta name=\"twitter:label1\" content=\"Est. reading time\" \/>\n\t<meta name=\"twitter:data1\" content=\"2 minutes\" \/>\n<script type=\"application\/ld+json\" class=\"yoast-schema-graph\">{\"@context\":\"https:\/\/schema.org\",\"@graph\":[{\"@type\":\"WebPage\",\"@id\":\"https:\/\/dev4.devmitsinformatica.com\/en\/shop\/spray-cans-montana\/montana-effects-spray-shop-barcelona\/montana-uv-effect\/\",\"url\":\"https:\/\/dev4.devmitsinformatica.com\/en\/shop\/spray-cans-montana\/montana-effects-spray-shop-barcelona\/montana-uv-effect\/\",\"name\":\"MONTANA EFFECT UV Ultrawide Graffiti Shop Barcelona\",\"isPartOf\":{\"@id\":\"https:\/\/dev4.devmitsinformatica.com\/en\/#website\"},\"primaryImageOfPage\":{\"@id\":\"https:\/\/dev4.devmitsinformatica.com\/en\/shop\/spray-cans-montana\/montana-effects-spray-shop-barcelona\/montana-uv-effect\/#primaryimage\"},\"image\":{\"@id\":\"https:\/\/dev4.devmitsinformatica.com\/en\/shop\/spray-cans-montana\/montana-effects-spray-shop-barcelona\/montana-uv-effect\/#primaryimage\"},\"thumbnailUrl\":\"https:\/\/dev4.devmitsinformatica.com\/wp-content\/uploads\/2016\/11\/MONTANA-UV-EFFECT-TRANSPARENT_400ML-1.jpg\",\"datePublished\":\"2016-11-29T10:26:04+00:00\",\"dateModified\":\"2023-10-14T09:16:21+00:00\",\"description\":\"tienda bellas artes online? tienda bellas artes online. montana cans barcelona. online tienda para sprays de montana cans espana. rotuladores para arte? tienda bellas artes online.\",\"breadcrumb\":{\"@id\":\"https:\/\/dev4.devmitsinformatica.com\/en\/shop\/spray-cans-montana\/montana-effects-spray-shop-barcelona\/montana-uv-effect\/#breadcrumb\"},\"inLanguage\":\"en-US\",\"potentialAction\":[{\"@type\":\"ReadAction\",\"target\":[\"https:\/\/dev4.devmitsinformatica.com\/en\/shop\/spray-cans-montana\/montana-effects-spray-shop-barcelona\/montana-uv-effect\/\"]}]},{\"@type\":\"ImageObject\",\"inLanguage\":\"en-US\",\"@id\":\"https:\/\/dev4.devmitsinformatica.com\/en\/shop\/spray-cans-montana\/montana-effects-spray-shop-barcelona\/montana-uv-effect\/#primaryimage\",\"url\":\"https:\/\/dev4.devmitsinformatica.com\/wp-content\/uploads\/2016\/11\/MONTANA-UV-EFFECT-TRANSPARENT_400ML-1.jpg\",\"contentUrl\":\"https:\/\/dev4.devmitsinformatica.com\/wp-content\/uploads\/2016\/11\/MONTANA-UV-EFFECT-TRANSPARENT_400ML-1.jpg\",\"width\":540,\"height\":1107,\"caption\":\"Montana Cans MONTANA UV EFFECT\"},{\"@type\":\"BreadcrumbList\",\"@id\":\"https:\/\/dev4.devmitsinformatica.com\/en\/shop\/spray-cans-montana\/montana-effects-spray-shop-barcelona\/montana-uv-effect\/#breadcrumb\",\"itemListElement\":[{\"@type\":\"ListItem\",\"position\":1,\"name\":\"Home\",\"item\":\"https:\/\/dev4.devmitsinformatica.com\/en\/\"},{\"@type\":\"ListItem\",\"position\":2,\"name\":\"Store\",\"item\":\"https:\/\/dev4.devmitsinformatica.com\/?page_id=38\"},{\"@type\":\"ListItem\",\"position\":3,\"name\":\"MONTANA EFFECT UV\"}]},{\"@type\":\"WebSite\",\"@id\":\"https:\/\/dev4.devmitsinformatica.com\/en\/#website\",\"url\":\"https:\/\/dev4.devmitsinformatica.com\/en\/\",\"name\":\"ULTRAWIDE GRAFFITI SHOP\",\"description\":\"SPRAY GRAFFITI SHOP CAPS Y ROTULADORES\",\"publisher\":{\"@id\":\"https:\/\/dev4.devmitsinformatica.com\/en\/#organization\"},\"potentialAction\":[{\"@type\":\"SearchAction\",\"target\":{\"@type\":\"EntryPoint\",\"urlTemplate\":\"https:\/\/dev4.devmitsinformatica.com\/en\/?s={search_term_string}\"},\"query-input\":{\"@type\":\"PropertyValueSpecification\",\"valueRequired\":true,\"valueName\":\"search_term_string\"}}],\"inLanguage\":\"en-US\"},{\"@type\":\"Organization\",\"@id\":\"https:\/\/dev4.devmitsinformatica.com\/en\/#organization\",\"name\":\"ANDEN Graffiti Shop Barcelona\",\"url\":\"https:\/\/dev4.devmitsinformatica.com\/en\/\",\"logo\":{\"@type\":\"ImageObject\",\"inLanguage\":\"en-US\",\"@id\":\"https:\/\/dev4.devmitsinformatica.com\/en\/#\/schema\/logo\/image\/\",\"url\":\"https:\/\/dev4.devmitsinformatica.com\/wp-content\/uploads\/2016\/11\/graffiti-gallery-barcelona.png\",\"contentUrl\":\"https:\/\/dev4.devmitsinformatica.com\/wp-content\/uploads\/2016\/11\/graffiti-gallery-barcelona.png\",\"width\":386,\"height\":150,\"caption\":\"ANDEN Graffiti Shop Barcelona\"},\"image\":{\"@id\":\"https:\/\/dev4.devmitsinformatica.com\/en\/#\/schema\/logo\/image\/\"}}]}<\/script>\n<!-- \/ Yoast SEO plugin. -->","yoast_head_json":{"title":"MONTANA EFFECT UV Ultrawide Graffiti Shop Barcelona","description":"tienda bellas artes online? tienda bellas artes online. montana cans barcelona. online tienda para sprays de montana cans espana. rotuladores para arte? tienda bellas artes online.","robots":{"index":"index","follow":"follow","max-snippet":"max-snippet:-1","max-image-preview":"max-image-preview:large","max-video-preview":"max-video-preview:-1"},"canonical":"https:\/\/dev4.devmitsinformatica.com\/en\/shop\/spray-cans-montana\/montana-effects-spray-shop-barcelona\/montana-uv-effect\/","og_locale":"en_US","og_type":"article","og_title":"MONTANA EFFECT UV Ultrawide Graffiti Shop Barcelona","og_description":"tienda bellas artes online? tienda bellas artes online. montana cans barcelona. online tienda para sprays de montana cans espana. rotuladores para arte? tienda bellas artes online.","og_url":"https:\/\/dev4.devmitsinformatica.com\/en\/shop\/spray-cans-montana\/montana-effects-spray-shop-barcelona\/montana-uv-effect\/","og_site_name":"ULTRAWIDE GRAFFITI SHOP","article_modified_time":"2023-10-14T09:16:21+00:00","og_image":[{"width":540,"height":1107,"url":"https:\/\/dev4.devmitsinformatica.com\/wp-content\/uploads\/2016\/11\/MONTANA-UV-EFFECT-TRANSPARENT_400ML-1.jpg","type":"image\/jpeg"}],"twitter_card":"summary_large_image","twitter_misc":{"Est. reading time":"2 minutes"},"schema":{"@context":"https:\/\/schema.org","@graph":[{"@type":"WebPage","@id":"https:\/\/dev4.devmitsinformatica.com\/en\/shop\/spray-cans-montana\/montana-effects-spray-shop-barcelona\/montana-uv-effect\/","url":"https:\/\/dev4.devmitsinformatica.com\/en\/shop\/spray-cans-montana\/montana-effects-spray-shop-barcelona\/montana-uv-effect\/","name":"MONTANA EFFECT UV Ultrawide Graffiti Shop Barcelona","isPartOf":{"@id":"https:\/\/dev4.devmitsinformatica.com\/en\/#website"},"primaryImageOfPage":{"@id":"https:\/\/dev4.devmitsinformatica.com\/en\/shop\/spray-cans-montana\/montana-effects-spray-shop-barcelona\/montana-uv-effect\/#primaryimage"},"image":{"@id":"https:\/\/dev4.devmitsinformatica.com\/en\/shop\/spray-cans-montana\/montana-effects-spray-shop-barcelona\/montana-uv-effect\/#primaryimage"},"thumbnailUrl":"https:\/\/dev4.devmitsinformatica.com\/wp-content\/uploads\/2016\/11\/MONTANA-UV-EFFECT-TRANSPARENT_400ML-1.jpg","datePublished":"2016-11-29T10:26:04+00:00","dateModified":"2023-10-14T09:16:21+00:00","description":"tienda bellas artes online? tienda bellas artes online. montana cans barcelona. online tienda para sprays de montana cans espana. rotuladores para arte? tienda bellas artes online.","breadcrumb":{"@id":"https:\/\/dev4.devmitsinformatica.com\/en\/shop\/spray-cans-montana\/montana-effects-spray-shop-barcelona\/montana-uv-effect\/#breadcrumb"},"inLanguage":"en-US","potentialAction":[{"@type":"ReadAction","target":["https:\/\/dev4.devmitsinformatica.com\/en\/shop\/spray-cans-montana\/montana-effects-spray-shop-barcelona\/montana-uv-effect\/"]}]},{"@type":"ImageObject","inLanguage":"en-US","@id":"https:\/\/dev4.devmitsinformatica.com\/en\/shop\/spray-cans-montana\/montana-effects-spray-shop-barcelona\/montana-uv-effect\/#primaryimage","url":"https:\/\/dev4.devmitsinformatica.com\/wp-content\/uploads\/2016\/11\/MONTANA-UV-EFFECT-TRANSPARENT_400ML-1.jpg","contentUrl":"https:\/\/dev4.devmitsinformatica.com\/wp-content\/uploads\/2016\/11\/MONTANA-UV-EFFECT-TRANSPARENT_400ML-1.jpg","width":540,"height":1107,"caption":"Montana Cans MONTANA UV EFFECT"},{"@type":"BreadcrumbList","@id":"https:\/\/dev4.devmitsinformatica.com\/en\/shop\/spray-cans-montana\/montana-effects-spray-shop-barcelona\/montana-uv-effect\/#breadcrumb","itemListElement":[{"@type":"ListItem","position":1,"name":"Home","item":"https:\/\/dev4.devmitsinformatica.com\/en\/"},{"@type":"ListItem","position":2,"name":"Store","item":"https:\/\/dev4.devmitsinformatica.com\/?page_id=38"},{"@type":"ListItem","position":3,"name":"MONTANA EFFECT UV"}]},{"@type":"WebSite","@id":"https:\/\/dev4.devmitsinformatica.com\/en\/#website","url":"https:\/\/dev4.devmitsinformatica.com\/en\/","name":"ULTRAWIDE GRAFFITI SHOP","description":"SPRAY GRAFFITI SHOP CAPS Y ROTULADORES","publisher":{"@id":"https:\/\/dev4.devmitsinformatica.com\/en\/#organization"},"potentialAction":[{"@type":"SearchAction","target":{"@type":"EntryPoint","urlTemplate":"https:\/\/dev4.devmitsinformatica.com\/en\/?s={search_term_string}"},"query-input":{"@type":"PropertyValueSpecification","valueRequired":true,"valueName":"search_term_string"}}],"inLanguage":"en-US"},{"@type":"Organization","@id":"https:\/\/dev4.devmitsinformatica.com\/en\/#organization","name":"ANDEN Graffiti Shop Barcelona","url":"https:\/\/dev4.devmitsinformatica.com\/en\/","logo":{"@type":"ImageObject","inLanguage":"en-US","@id":"https:\/\/dev4.devmitsinformatica.com\/en\/#\/schema\/logo\/image\/","url":"https:\/\/dev4.devmitsinformatica.com\/wp-content\/uploads\/2016\/11\/graffiti-gallery-barcelona.png","contentUrl":"https:\/\/dev4.devmitsinformatica.com\/wp-content\/uploads\/2016\/11\/graffiti-gallery-barcelona.png","width":386,"height":150,"caption":"ANDEN Graffiti Shop Barcelona"},"image":{"@id":"https:\/\/dev4.devmitsinformatica.com\/en\/#\/schema\/logo\/image\/"}}]}},"_links":{"self":[{"href":"https:\/\/dev4.devmitsinformatica.com\/en\/wp-json\/wp\/v2\/product\/4184","targetHints":{"allow":["GET"]}}],"collection":[{"href":"https:\/\/dev4.devmitsinformatica.com\/en\/wp-json\/wp\/v2\/product"}],"about":[{"href":"https:\/\/dev4.devmitsinformatica.com\/en\/wp-json\/wp\/v2\/types\/product"}],"replies":[{"embeddable":true,"href":"https:\/\/dev4.devmitsinformatica.com\/en\/wp-json\/wp\/v2\/comments?post=4184"}],"version-history":[{"count":0,"href":"https:\/\/dev4.devmitsinformatica.com\/en\/wp-json\/wp\/v2\/product\/4184\/revisions"}],"wp:featuredmedia":[{"embeddable":true,"href":"https:\/\/dev4.devmitsinformatica.com\/en\/wp-json\/wp\/v2\/media\/4199"}],"wp:attachment":[{"href":"https:\/\/dev4.devmitsinformatica.com\/en\/wp-json\/wp\/v2\/media?parent=4184"}],"wp:term":[{"taxonomy":"product_brand","embeddable":true,"href":"https:\/\/dev4.devmitsinformatica.com\/en\/wp-json\/wp\/v2\/product_brand?post=4184"},{"taxonomy":"product_cat","embeddable":true,"href":"https:\/\/dev4.devmitsinformatica.com\/en\/wp-json\/wp\/v2\/product_cat?post=4184"},{"taxonomy":"product_tag","embeddable":true,"href":"https:\/\/dev4.devmitsinformatica.com\/en\/wp-json\/wp\/v2\/product_tag?post=4184"}],"curies":[{"name":"wp","href":"https:\/\/api.w.org\/{rel}","templated":true}]}}