{"id":4239,"date":"2016-12-02T12:53:44","date_gmt":"2016-12-02T12:53:44","guid":{"rendered":"https:\/\/dev4.devmitsinformatica.com\/?post_type=product&#038;p=4239"},"modified":"2023-10-14T09:12:49","modified_gmt":"2023-10-14T09:12:49","slug":"montana-cans-pp-bag","status":"publish","type":"product","link":"https:\/\/dev4.devmitsinformatica.com\/en\/shop\/graffiti-bolsas-shop-barcelona\/montana-cans-pp-bag\/","title":{"rendered":"MONTANA PP CANS BAG"},"content":{"rendered":"<p>MONTANA CANS PP CANS BAG. Las Montana Cans Bag, Mixed colors son Bolsas de asas de color con impresi\u00f3n de logotipo peque\u00f1o. Con capacidad para al menos 9 latas. Material: PP, repelente al agua. Tama\u00f1o: 42 x 42cm. Bolsa para transportar sprays de forma f\u00e1cil y comoda.<\/p>\n<p>lleva tus sprays, rotuladores o blackbook de forma c\u00f3moda de un lado para otro en tu Bolsa Montana PP. Su material repele el agua en caso de lluvia y se convierte en una bolsa muy adecuada a la hora de ir a pintar, ya que puedes dejarla en el suelo o cualquier parte sin riesgo de da\u00f1ar los objetos del interior. Las montana PP Cans Bag estan disponibles en diferentes colores y gracias a la densidad de su material te permiten doblarlas y guardarlas en cualquier parte sin ocupar apenas espacio. Una bolsa muy recomendable para moverte por la ciudad y guardar infinidad de objetos. Sus asas superiores te permiten llevarla en la mano o colgada del hombro con total comodidad.<\/p>\n<p>Si buscas una bolsa barata y a la vez duradera, una bolsa pr\u00e1ctica y resistente, una bolsa multiusos que te permita transportar sprays o cualquier material del dia a dia y poder guardarla en cualquier parte sin ocupar espacio. Esta es tu bolsa.<\/p>\n<p>Ultrawide es distribuidor oficial de Montana Cans en Espa\u00f1a, la marca l\u00edder en Europa en fabricaci\u00f3n y venta de aerosoles de la mano de Motip Dupli Gmbh.<\/p>\n<p>Hazte con tu <em><strong>MONTANA PP CANS BAG<\/strong><\/em> en tu graffiti shop online Ultrawide o visitanos en nuestra tienda f\u00edsica de Barcelona y descubre todos los productos que te ofrecemos directamente desde Alemania.<\/p>\n","protected":false},"excerpt":{"rendered":"<p><strong>montana cans bag<\/strong><\/p>\n<p>Bolsa de asas de color con impresi\u00f3n de logotipo peque\u00f1o. Con capacidad para al menos 9 latas. Material: PP, repelente al agua. Tama\u00f1o: 42 x 42cm. Bolsas de diferentes colores de material resistente. Perfectas para transportar los sprays en salidas espont\u00e1neas y de proximidad. Es la bolsa perfecta para momentos de acci\u00f3n ya que debido a la densidad de su tejido puedes doblarla, guardarla o esconderla f\u00e1cilmente una vez vac\u00eda.\u00a0PP Cans Bag Mixed Colors by Montana Cans.<\/p>\n","protected":false},"featured_media":4281,"comment_status":"open","ping_status":"closed","template":"","meta":{"site-sidebar-layout":"default","site-content-layout":"","ast-site-content-layout":"default","site-content-style":"default","site-sidebar-style":"default","ast-global-header-display":"","ast-banner-title-visibility":"","ast-main-header-display":"","ast-hfb-above-header-display":"","ast-hfb-below-header-display":"","ast-hfb-mobile-header-display":"","site-post-title":"","ast-breadcrumbs-content":"","ast-featured-img":"","footer-sml-layout":"","ast-disable-related-posts":"","theme-transparent-header-meta":"","adv-header-id-meta":"","stick-header-meta":"","header-above-stick-meta":"","header-main-stick-meta":"","header-below-stick-meta":"","astra-migrate-meta-layouts":"default","ast-page-background-enabled":"default","ast-page-background-meta":{"desktop":{"background-color":"","background-image":"","background-repeat":"repeat","background-position":"center center","background-size":"auto","background-attachment":"scroll","background-type":"","background-media":"","overlay-type":"","overlay-color":"","overlay-opacity":"","overlay-gradient":""},"tablet":{"background-color":"","background-image":"","background-repeat":"repeat","background-position":"center center","background-size":"auto","background-attachment":"scroll","background-type":"","background-media":"","overlay-type":"","overlay-color":"","overlay-opacity":"","overlay-gradient":""},"mobile":{"background-color":"","background-image":"","background-repeat":"repeat","background-position":"center center","background-size":"auto","background-attachment":"scroll","background-type":"","background-media":"","overlay-type":"","overlay-color":"","overlay-opacity":"","overlay-gradient":""}},"ast-content-background-meta":{"desktop":{"background-color":"var(--ast-global-color-5)","background-image":"","background-repeat":"repeat","background-position":"center center","background-size":"auto","background-attachment":"scroll","background-type":"","background-media":"","overlay-type":"","overlay-color":"","overlay-opacity":"","overlay-gradient":""},"tablet":{"background-color":"var(--ast-global-color-5)","background-image":"","background-repeat":"repeat","background-position":"center center","background-size":"auto","background-attachment":"scroll","background-type":"","background-media":"","overlay-type":"","overlay-color":"","overlay-opacity":"","overlay-gradient":""},"mobile":{"background-color":"var(--ast-global-color-5)","background-image":"","background-repeat":"repeat","background-position":"center center","background-size":"auto","background-attachment":"scroll","background-type":"","background-media":"","overlay-type":"","overlay-color":"","overlay-opacity":"","overlay-gradient":""}}},"product_brand":[],"product_cat":[12],"product_tag":[1003,1002,1005,1201,1202,1004,1626,1627,1628,1019,1001,1018,1006],"class_list":{"0":"post-4239","1":"product","2":"type-product","3":"status-publish","4":"has-post-thumbnail","6":"product_cat-graffiti-bolsas-shop-barcelona","7":"product_tag-bolsa-para-sprays","8":"product_tag-bolsa-tela","9":"product_tag-bolsa-tela-montana","10":"product_tag-bolso-design-para-mujer","11":"product_tag-bolso-moderno-regalo","12":"product_tag-can-bag","13":"product_tag-graffiti","14":"product_tag-graffiti-shop","15":"product_tag-graffiti-shop-barcelona","16":"product_tag-montana","17":"product_tag-montana-can-bag","18":"product_tag-montana-cans","19":"product_tag-montana-cans-bag","20":"pa_color-cyan","21":"pa_color-marine-blue","22":"pa_color-military-green","23":"pa_color-wine-red-aerosolo-montana","24":"pa_color-violet","25":"pa_graffiti-shop-graffiti-barcelona","26":"pa_graffiti-shop-moda-barcelona-graffiti","27":"desktop-align-left","28":"tablet-align-left","29":"mobile-align-left","31":"first","32":"instock","33":"purchasable","34":"product-type-variable"},"yoast_head":"<!-- This site is optimized with the Yoast SEO plugin v27.0 - https:\/\/yoast.com\/product\/yoast-seo-wordpress\/ -->\n<title>MONTANA PP CANS BAG. Bolsa textil PP Graffiti.<\/title>\n<meta name=\"description\" content=\"MONTANA PP CANS BAG? tienda para arte en barcelona. tienda bellas artes online? tienda graffiti, ropa street art y montana colores. spray para coches? barniz de montana?\" \/>\n<meta name=\"robots\" content=\"index, follow, max-snippet:-1, max-image-preview:large, max-video-preview:-1\" \/>\n<link rel=\"canonical\" href=\"https:\/\/dev4.devmitsinformatica.com\/en\/shop\/graffiti-bolsas-shop-barcelona\/montana-cans-pp-bag\/\" \/>\n<meta property=\"og:locale\" content=\"en_US\" \/>\n<meta property=\"og:type\" content=\"article\" \/>\n<meta property=\"og:title\" content=\"MONTANA PP CANS BAG. Bolsa textil PP Graffiti.\" \/>\n<meta property=\"og:description\" content=\"MONTANA PP CANS BAG? tienda para arte en barcelona. tienda bellas artes online? tienda graffiti, ropa street art y montana colores. spray para coches? barniz de montana?\" \/>\n<meta property=\"og:url\" content=\"https:\/\/dev4.devmitsinformatica.com\/en\/shop\/graffiti-bolsas-shop-barcelona\/montana-cans-pp-bag\/\" \/>\n<meta property=\"og:site_name\" content=\"ULTRAWIDE GRAFFITI SHOP\" \/>\n<meta property=\"article:modified_time\" content=\"2023-10-14T09:12:49+00:00\" \/>\n<meta property=\"og:image\" content=\"https:\/\/dev4.devmitsinformatica.com\/wp-content\/uploads\/2016\/12\/MO-PP_BAGS_MIX.jpg\" \/>\n\t<meta property=\"og:image:width\" content=\"720\" \/>\n\t<meta property=\"og:image:height\" content=\"600\" \/>\n\t<meta property=\"og:image:type\" content=\"image\/jpeg\" \/>\n<meta name=\"twitter:card\" content=\"summary_large_image\" \/>\n<meta name=\"twitter:label1\" content=\"Est. reading time\" \/>\n\t<meta name=\"twitter:data1\" content=\"1 minute\" \/>\n<script type=\"application\/ld+json\" class=\"yoast-schema-graph\">{\"@context\":\"https:\/\/schema.org\",\"@graph\":[{\"@type\":\"WebPage\",\"@id\":\"https:\/\/dev4.devmitsinformatica.com\/en\/shop\/graffiti-bolsas-shop-barcelona\/montana-cans-pp-bag\/\",\"url\":\"https:\/\/dev4.devmitsinformatica.com\/en\/shop\/graffiti-bolsas-shop-barcelona\/montana-cans-pp-bag\/\",\"name\":\"MONTANA PP CANS BAG. Bolsa textil PP Graffiti.\",\"isPartOf\":{\"@id\":\"https:\/\/dev4.devmitsinformatica.com\/en\/#website\"},\"primaryImageOfPage\":{\"@id\":\"https:\/\/dev4.devmitsinformatica.com\/en\/shop\/graffiti-bolsas-shop-barcelona\/montana-cans-pp-bag\/#primaryimage\"},\"image\":{\"@id\":\"https:\/\/dev4.devmitsinformatica.com\/en\/shop\/graffiti-bolsas-shop-barcelona\/montana-cans-pp-bag\/#primaryimage\"},\"thumbnailUrl\":\"https:\/\/dev4.devmitsinformatica.com\/wp-content\/uploads\/2016\/12\/MO-PP_BAGS_MIX.jpg\",\"datePublished\":\"2016-12-02T12:53:44+00:00\",\"dateModified\":\"2023-10-14T09:12:49+00:00\",\"description\":\"MONTANA PP CANS BAG? tienda para arte en barcelona. tienda bellas artes online? tienda graffiti, ropa street art y montana colores. spray para coches? barniz de montana?\",\"breadcrumb\":{\"@id\":\"https:\/\/dev4.devmitsinformatica.com\/en\/shop\/graffiti-bolsas-shop-barcelona\/montana-cans-pp-bag\/#breadcrumb\"},\"inLanguage\":\"en-US\",\"potentialAction\":[{\"@type\":\"ReadAction\",\"target\":[\"https:\/\/dev4.devmitsinformatica.com\/en\/shop\/graffiti-bolsas-shop-barcelona\/montana-cans-pp-bag\/\"]}]},{\"@type\":\"ImageObject\",\"inLanguage\":\"en-US\",\"@id\":\"https:\/\/dev4.devmitsinformatica.com\/en\/shop\/graffiti-bolsas-shop-barcelona\/montana-cans-pp-bag\/#primaryimage\",\"url\":\"https:\/\/dev4.devmitsinformatica.com\/wp-content\/uploads\/2016\/12\/MO-PP_BAGS_MIX.jpg\",\"contentUrl\":\"https:\/\/dev4.devmitsinformatica.com\/wp-content\/uploads\/2016\/12\/MO-PP_BAGS_MIX.jpg\",\"width\":720,\"height\":600},{\"@type\":\"BreadcrumbList\",\"@id\":\"https:\/\/dev4.devmitsinformatica.com\/en\/shop\/graffiti-bolsas-shop-barcelona\/montana-cans-pp-bag\/#breadcrumb\",\"itemListElement\":[{\"@type\":\"ListItem\",\"position\":1,\"name\":\"Home\",\"item\":\"https:\/\/dev4.devmitsinformatica.com\/en\/\"},{\"@type\":\"ListItem\",\"position\":2,\"name\":\"Store\",\"item\":\"https:\/\/dev4.devmitsinformatica.com\/?page_id=38\"},{\"@type\":\"ListItem\",\"position\":3,\"name\":\"MONTANA PP CANS BAG\"}]},{\"@type\":\"WebSite\",\"@id\":\"https:\/\/dev4.devmitsinformatica.com\/en\/#website\",\"url\":\"https:\/\/dev4.devmitsinformatica.com\/en\/\",\"name\":\"ULTRAWIDE GRAFFITI SHOP\",\"description\":\"SPRAY GRAFFITI SHOP CAPS Y ROTULADORES\",\"publisher\":{\"@id\":\"https:\/\/dev4.devmitsinformatica.com\/en\/#organization\"},\"potentialAction\":[{\"@type\":\"SearchAction\",\"target\":{\"@type\":\"EntryPoint\",\"urlTemplate\":\"https:\/\/dev4.devmitsinformatica.com\/en\/?s={search_term_string}\"},\"query-input\":{\"@type\":\"PropertyValueSpecification\",\"valueRequired\":true,\"valueName\":\"search_term_string\"}}],\"inLanguage\":\"en-US\"},{\"@type\":\"Organization\",\"@id\":\"https:\/\/dev4.devmitsinformatica.com\/en\/#organization\",\"name\":\"ANDEN Graffiti Shop Barcelona\",\"url\":\"https:\/\/dev4.devmitsinformatica.com\/en\/\",\"logo\":{\"@type\":\"ImageObject\",\"inLanguage\":\"en-US\",\"@id\":\"https:\/\/dev4.devmitsinformatica.com\/en\/#\/schema\/logo\/image\/\",\"url\":\"https:\/\/dev4.devmitsinformatica.com\/wp-content\/uploads\/2016\/11\/graffiti-gallery-barcelona.png\",\"contentUrl\":\"https:\/\/dev4.devmitsinformatica.com\/wp-content\/uploads\/2016\/11\/graffiti-gallery-barcelona.png\",\"width\":386,\"height\":150,\"caption\":\"ANDEN Graffiti Shop Barcelona\"},\"image\":{\"@id\":\"https:\/\/dev4.devmitsinformatica.com\/en\/#\/schema\/logo\/image\/\"}}]}<\/script>\n<!-- \/ Yoast SEO plugin. -->","yoast_head_json":{"title":"MONTANA PP CANS BAG. Bolsa textil PP Graffiti.","description":"MONTANA PP CANS BAG? tienda para arte en barcelona. tienda bellas artes online? tienda graffiti, ropa street art y montana colores. spray para coches? barniz de montana?","robots":{"index":"index","follow":"follow","max-snippet":"max-snippet:-1","max-image-preview":"max-image-preview:large","max-video-preview":"max-video-preview:-1"},"canonical":"https:\/\/dev4.devmitsinformatica.com\/en\/shop\/graffiti-bolsas-shop-barcelona\/montana-cans-pp-bag\/","og_locale":"en_US","og_type":"article","og_title":"MONTANA PP CANS BAG. Bolsa textil PP Graffiti.","og_description":"MONTANA PP CANS BAG? tienda para arte en barcelona. tienda bellas artes online? tienda graffiti, ropa street art y montana colores. spray para coches? barniz de montana?","og_url":"https:\/\/dev4.devmitsinformatica.com\/en\/shop\/graffiti-bolsas-shop-barcelona\/montana-cans-pp-bag\/","og_site_name":"ULTRAWIDE GRAFFITI SHOP","article_modified_time":"2023-10-14T09:12:49+00:00","og_image":[{"width":720,"height":600,"url":"https:\/\/dev4.devmitsinformatica.com\/wp-content\/uploads\/2016\/12\/MO-PP_BAGS_MIX.jpg","type":"image\/jpeg"}],"twitter_card":"summary_large_image","twitter_misc":{"Est. reading time":"1 minute"},"schema":{"@context":"https:\/\/schema.org","@graph":[{"@type":"WebPage","@id":"https:\/\/dev4.devmitsinformatica.com\/en\/shop\/graffiti-bolsas-shop-barcelona\/montana-cans-pp-bag\/","url":"https:\/\/dev4.devmitsinformatica.com\/en\/shop\/graffiti-bolsas-shop-barcelona\/montana-cans-pp-bag\/","name":"MONTANA PP CANS BAG. Bolsa textil PP Graffiti.","isPartOf":{"@id":"https:\/\/dev4.devmitsinformatica.com\/en\/#website"},"primaryImageOfPage":{"@id":"https:\/\/dev4.devmitsinformatica.com\/en\/shop\/graffiti-bolsas-shop-barcelona\/montana-cans-pp-bag\/#primaryimage"},"image":{"@id":"https:\/\/dev4.devmitsinformatica.com\/en\/shop\/graffiti-bolsas-shop-barcelona\/montana-cans-pp-bag\/#primaryimage"},"thumbnailUrl":"https:\/\/dev4.devmitsinformatica.com\/wp-content\/uploads\/2016\/12\/MO-PP_BAGS_MIX.jpg","datePublished":"2016-12-02T12:53:44+00:00","dateModified":"2023-10-14T09:12:49+00:00","description":"MONTANA PP CANS BAG? tienda para arte en barcelona. tienda bellas artes online? tienda graffiti, ropa street art y montana colores. spray para coches? barniz de montana?","breadcrumb":{"@id":"https:\/\/dev4.devmitsinformatica.com\/en\/shop\/graffiti-bolsas-shop-barcelona\/montana-cans-pp-bag\/#breadcrumb"},"inLanguage":"en-US","potentialAction":[{"@type":"ReadAction","target":["https:\/\/dev4.devmitsinformatica.com\/en\/shop\/graffiti-bolsas-shop-barcelona\/montana-cans-pp-bag\/"]}]},{"@type":"ImageObject","inLanguage":"en-US","@id":"https:\/\/dev4.devmitsinformatica.com\/en\/shop\/graffiti-bolsas-shop-barcelona\/montana-cans-pp-bag\/#primaryimage","url":"https:\/\/dev4.devmitsinformatica.com\/wp-content\/uploads\/2016\/12\/MO-PP_BAGS_MIX.jpg","contentUrl":"https:\/\/dev4.devmitsinformatica.com\/wp-content\/uploads\/2016\/12\/MO-PP_BAGS_MIX.jpg","width":720,"height":600},{"@type":"BreadcrumbList","@id":"https:\/\/dev4.devmitsinformatica.com\/en\/shop\/graffiti-bolsas-shop-barcelona\/montana-cans-pp-bag\/#breadcrumb","itemListElement":[{"@type":"ListItem","position":1,"name":"Home","item":"https:\/\/dev4.devmitsinformatica.com\/en\/"},{"@type":"ListItem","position":2,"name":"Store","item":"https:\/\/dev4.devmitsinformatica.com\/?page_id=38"},{"@type":"ListItem","position":3,"name":"MONTANA PP CANS BAG"}]},{"@type":"WebSite","@id":"https:\/\/dev4.devmitsinformatica.com\/en\/#website","url":"https:\/\/dev4.devmitsinformatica.com\/en\/","name":"ULTRAWIDE GRAFFITI SHOP","description":"SPRAY GRAFFITI SHOP CAPS Y ROTULADORES","publisher":{"@id":"https:\/\/dev4.devmitsinformatica.com\/en\/#organization"},"potentialAction":[{"@type":"SearchAction","target":{"@type":"EntryPoint","urlTemplate":"https:\/\/dev4.devmitsinformatica.com\/en\/?s={search_term_string}"},"query-input":{"@type":"PropertyValueSpecification","valueRequired":true,"valueName":"search_term_string"}}],"inLanguage":"en-US"},{"@type":"Organization","@id":"https:\/\/dev4.devmitsinformatica.com\/en\/#organization","name":"ANDEN Graffiti Shop Barcelona","url":"https:\/\/dev4.devmitsinformatica.com\/en\/","logo":{"@type":"ImageObject","inLanguage":"en-US","@id":"https:\/\/dev4.devmitsinformatica.com\/en\/#\/schema\/logo\/image\/","url":"https:\/\/dev4.devmitsinformatica.com\/wp-content\/uploads\/2016\/11\/graffiti-gallery-barcelona.png","contentUrl":"https:\/\/dev4.devmitsinformatica.com\/wp-content\/uploads\/2016\/11\/graffiti-gallery-barcelona.png","width":386,"height":150,"caption":"ANDEN Graffiti Shop Barcelona"},"image":{"@id":"https:\/\/dev4.devmitsinformatica.com\/en\/#\/schema\/logo\/image\/"}}]}},"_links":{"self":[{"href":"https:\/\/dev4.devmitsinformatica.com\/en\/wp-json\/wp\/v2\/product\/4239","targetHints":{"allow":["GET"]}}],"collection":[{"href":"https:\/\/dev4.devmitsinformatica.com\/en\/wp-json\/wp\/v2\/product"}],"about":[{"href":"https:\/\/dev4.devmitsinformatica.com\/en\/wp-json\/wp\/v2\/types\/product"}],"replies":[{"embeddable":true,"href":"https:\/\/dev4.devmitsinformatica.com\/en\/wp-json\/wp\/v2\/comments?post=4239"}],"version-history":[{"count":0,"href":"https:\/\/dev4.devmitsinformatica.com\/en\/wp-json\/wp\/v2\/product\/4239\/revisions"}],"wp:featuredmedia":[{"embeddable":true,"href":"https:\/\/dev4.devmitsinformatica.com\/en\/wp-json\/wp\/v2\/media\/4281"}],"wp:attachment":[{"href":"https:\/\/dev4.devmitsinformatica.com\/en\/wp-json\/wp\/v2\/media?parent=4239"}],"wp:term":[{"taxonomy":"product_brand","embeddable":true,"href":"https:\/\/dev4.devmitsinformatica.com\/en\/wp-json\/wp\/v2\/product_brand?post=4239"},{"taxonomy":"product_cat","embeddable":true,"href":"https:\/\/dev4.devmitsinformatica.com\/en\/wp-json\/wp\/v2\/product_cat?post=4239"},{"taxonomy":"product_tag","embeddable":true,"href":"https:\/\/dev4.devmitsinformatica.com\/en\/wp-json\/wp\/v2\/product_tag?post=4239"}],"curies":[{"name":"wp","href":"https:\/\/api.w.org\/{rel}","templated":true}]}}