{"id":5539,"date":"2018-01-09T13:28:27","date_gmt":"2018-01-09T13:28:27","guid":{"rendered":"https:\/\/dev4.devmitsinformatica.com\/?post_type=product&#038;p=5539"},"modified":"2023-10-14T09:11:29","modified_gmt":"2023-10-14T09:11:29","slug":"otr-stainless-ink","status":"publish","type":"product","link":"https:\/\/dev4.devmitsinformatica.com\/en\/shop\/graffiti-rotulador-shop-barcelona\/on-the-run-markers\/otr-markers\/otr-stainless-ink\/","title":{"rendered":"OTR 069 STAINLESS"},"content":{"rendered":"<p>El OTR 069 STAINLESS est\u00e1 relleno con una singular combinaci\u00f3n especial de tinta negra a base de alcohol y pintura plateada.<\/p>\n<p>Cada trazo es \u00fanico, dependiendo de la superficie y la cantidad controlable de tinta en el extremo del fieltro: el OTR.069 escribe a veces en negro, a veces en plata. Se crean efectos extraordinarios cuando la escritura var\u00eda en varias superficies.<\/p>\n<p>Agite bien antes de usar hasta que las bolas de mezcla sean claramente audibles. Bombee la punta hasta que se llene de pintura; repita cuando sea necesario para mantener el flujo de tinta.<\/p>\n<p>La mezcla de la pintura plateada y la tinta negra permanente convierte este marcador, hermano mayor del Mini Stainless es un marcador \u00fanico. Su acabado negro metalizado y su punta de 20mm hacen del OTR 069 Stainless el marcador ideal para trabajos de carteler\u00eda, graffiti o marcaje.<\/p>\n<p>Ultrawide distribuidor oficial On The Run en Espa\u00f1a te ofrece en su tienda f\u00edsica y graffiti shop online toda la l\u00ednea de\u00a0 rotuladores permanentes de tinta y pintura base alcohol de la marca made in Germany, pionera en la fabricaci\u00f3n y el desarrollo de rotuladores.<\/p>\n<p><em>alcohol marker, permanent marker, on the run rotuladores, marcador permanente, marcador plata<\/em><\/p>\n<figure id=\"attachment_5540\" aria-describedby=\"caption-attachment-5540\" style=\"width: 300px\" class=\"wp-caption alignleft\"><img decoding=\"async\" class=\"size-medium wp-image-5540\" src=\"https:\/\/dev4.devmitsinformatica.com\/wp-content\/uploads\/2018\/01\/rotulador-stainless-steal-otr-300x71.jpg\" alt=\"rotulador stainless steal otr\" width=\"300\" height=\"71\" srcset=\"https:\/\/dev4.devmitsinformatica.com\/wp-content\/uploads\/2018\/01\/rotulador-stainless-steal-otr-300x71.jpg 300w, https:\/\/dev4.devmitsinformatica.com\/wp-content\/uploads\/2018\/01\/rotulador-stainless-steal-otr.jpg 425w\" sizes=\"(max-width: 300px) 100vw, 300px\" \/><figcaption id=\"caption-attachment-5540\" class=\"wp-caption-text\">rotulador 069 stainless<\/figcaption><\/figure>\n","protected":false},"excerpt":{"rendered":"<p>El Marcador OTR 069 STAINLESS es un\u00a0<em>marcador de alcohol<\/em>\u00a0permanente que mezcla tinta plata y negra en su mismo envase con lo que se consigue un acabado singular con diferentes tonalidades y efectos dependiendo de la superf\u00edcie sobre la que se aplique. Se puede rellenar con la tinta Stainless una vez agotado su dep\u00f3sito.<\/p>\n","protected":false},"featured_media":5542,"comment_status":"open","ping_status":"closed","template":"","meta":{"site-sidebar-layout":"default","site-content-layout":"","ast-site-content-layout":"default","site-content-style":"default","site-sidebar-style":"default","ast-global-header-display":"","ast-banner-title-visibility":"","ast-main-header-display":"","ast-hfb-above-header-display":"","ast-hfb-below-header-display":"","ast-hfb-mobile-header-display":"","site-post-title":"","ast-breadcrumbs-content":"","ast-featured-img":"","footer-sml-layout":"","ast-disable-related-posts":"","theme-transparent-header-meta":"","adv-header-id-meta":"","stick-header-meta":"","header-above-stick-meta":"","header-main-stick-meta":"","header-below-stick-meta":"","astra-migrate-meta-layouts":"default","ast-page-background-enabled":"default","ast-page-background-meta":{"desktop":{"background-color":"","background-image":"","background-repeat":"repeat","background-position":"center center","background-size":"auto","background-attachment":"scroll","background-type":"","background-media":"","overlay-type":"","overlay-color":"","overlay-opacity":"","overlay-gradient":""},"tablet":{"background-color":"","background-image":"","background-repeat":"repeat","background-position":"center center","background-size":"auto","background-attachment":"scroll","background-type":"","background-media":"","overlay-type":"","overlay-color":"","overlay-opacity":"","overlay-gradient":""},"mobile":{"background-color":"","background-image":"","background-repeat":"repeat","background-position":"center center","background-size":"auto","background-attachment":"scroll","background-type":"","background-media":"","overlay-type":"","overlay-color":"","overlay-opacity":"","overlay-gradient":""}},"ast-content-background-meta":{"desktop":{"background-color":"var(--ast-global-color-5)","background-image":"","background-repeat":"repeat","background-position":"center center","background-size":"auto","background-attachment":"scroll","background-type":"","background-media":"","overlay-type":"","overlay-color":"","overlay-opacity":"","overlay-gradient":""},"tablet":{"background-color":"var(--ast-global-color-5)","background-image":"","background-repeat":"repeat","background-position":"center center","background-size":"auto","background-attachment":"scroll","background-type":"","background-media":"","overlay-type":"","overlay-color":"","overlay-opacity":"","overlay-gradient":""},"mobile":{"background-color":"var(--ast-global-color-5)","background-image":"","background-repeat":"repeat","background-position":"center center","background-size":"auto","background-attachment":"scroll","background-type":"","background-media":"","overlay-type":"","overlay-color":"","overlay-opacity":"","overlay-gradient":""}}},"product_brand":[],"product_cat":[7,2253,2609],"product_tag":[2256,1232,2255,2254,2258],"class_list":{"0":"post-5539","1":"product","2":"type-product","3":"status-publish","4":"has-post-thumbnail","6":"product_cat-graffiti-rotulador-shop-barcelona","7":"product_cat-on-the-run-markers","8":"product_cat-otr-markers","9":"product_tag-rotulador-on-the-run","10":"product_tag-rotulador-permanente","11":"product_tag-rotuladores-alcohol","12":"product_tag-stainless-ink-rotulador","13":"product_tag-stainless-marker","14":"desktop-align-left","15":"tablet-align-left","16":"mobile-align-left","18":"first","19":"instock","20":"purchasable","21":"product-type-simple"},"yoast_head":"<!-- This site is optimized with the Yoast SEO plugin v27.0 - https:\/\/yoast.com\/product\/yoast-seo-wordpress\/ -->\n<title>OTR 069 STAINLESS Ultrawide Graffiti Shop Barcelona<\/title>\n<meta name=\"description\" content=\"OTR 069 STAINLESS en Barcelona:OTR 069 STAINLESS? OTR 069 STAINLESS y mas. Arte y Graffiti Shop Barcelona. Spray, Colores, Rotuladores y OTR 069 STAINLESS\" \/>\n<meta name=\"robots\" content=\"index, follow, max-snippet:-1, max-image-preview:large, max-video-preview:-1\" \/>\n<link rel=\"canonical\" href=\"https:\/\/dev4.devmitsinformatica.com\/en\/shop\/graffiti-rotulador-shop-barcelona\/on-the-run-markers\/otr-markers\/otr-stainless-ink\/\" \/>\n<meta property=\"og:locale\" content=\"en_US\" \/>\n<meta property=\"og:type\" content=\"article\" \/>\n<meta property=\"og:title\" content=\"OTR 069 STAINLESS Ultrawide Graffiti Shop Barcelona\" \/>\n<meta property=\"og:description\" content=\"OTR 069 STAINLESS en Barcelona:OTR 069 STAINLESS? OTR 069 STAINLESS y mas. Arte y Graffiti Shop Barcelona. Spray, Colores, Rotuladores y OTR 069 STAINLESS\" \/>\n<meta property=\"og:url\" content=\"https:\/\/dev4.devmitsinformatica.com\/en\/shop\/graffiti-rotulador-shop-barcelona\/on-the-run-markers\/otr-markers\/otr-stainless-ink\/\" \/>\n<meta property=\"og:site_name\" content=\"ULTRAWIDE GRAFFITI SHOP\" \/>\n<meta property=\"article:modified_time\" content=\"2023-10-14T09:11:29+00:00\" \/>\n<meta property=\"og:image\" content=\"https:\/\/dev4.devmitsinformatica.com\/wp-content\/uploads\/2018\/01\/otr-069-stainless.jpg\" \/>\n\t<meta property=\"og:image:width\" content=\"1190\" \/>\n\t<meta property=\"og:image:height\" content=\"1190\" \/>\n\t<meta property=\"og:image:type\" content=\"image\/jpeg\" \/>\n<meta name=\"twitter:card\" content=\"summary_large_image\" \/>\n<meta name=\"twitter:label1\" content=\"Est. reading time\" \/>\n\t<meta name=\"twitter:data1\" content=\"1 minute\" \/>\n<script type=\"application\/ld+json\" class=\"yoast-schema-graph\">{\"@context\":\"https:\/\/schema.org\",\"@graph\":[{\"@type\":\"WebPage\",\"@id\":\"https:\/\/dev4.devmitsinformatica.com\/en\/shop\/graffiti-rotulador-shop-barcelona\/on-the-run-markers\/otr-markers\/otr-stainless-ink\/\",\"url\":\"https:\/\/dev4.devmitsinformatica.com\/en\/shop\/graffiti-rotulador-shop-barcelona\/on-the-run-markers\/otr-markers\/otr-stainless-ink\/\",\"name\":\"OTR 069 STAINLESS Ultrawide Graffiti Shop Barcelona\",\"isPartOf\":{\"@id\":\"https:\/\/dev4.devmitsinformatica.com\/en\/#website\"},\"primaryImageOfPage\":{\"@id\":\"https:\/\/dev4.devmitsinformatica.com\/en\/shop\/graffiti-rotulador-shop-barcelona\/on-the-run-markers\/otr-markers\/otr-stainless-ink\/#primaryimage\"},\"image\":{\"@id\":\"https:\/\/dev4.devmitsinformatica.com\/en\/shop\/graffiti-rotulador-shop-barcelona\/on-the-run-markers\/otr-markers\/otr-stainless-ink\/#primaryimage\"},\"thumbnailUrl\":\"https:\/\/dev4.devmitsinformatica.com\/wp-content\/uploads\/2018\/01\/otr-069-stainless.jpg\",\"datePublished\":\"2018-01-09T13:28:27+00:00\",\"dateModified\":\"2023-10-14T09:11:29+00:00\",\"description\":\"OTR 069 STAINLESS en Barcelona:OTR 069 STAINLESS? OTR 069 STAINLESS y mas. Arte y Graffiti Shop Barcelona. Spray, Colores, Rotuladores y OTR 069 STAINLESS\",\"breadcrumb\":{\"@id\":\"https:\/\/dev4.devmitsinformatica.com\/en\/shop\/graffiti-rotulador-shop-barcelona\/on-the-run-markers\/otr-markers\/otr-stainless-ink\/#breadcrumb\"},\"inLanguage\":\"en-US\",\"potentialAction\":[{\"@type\":\"ReadAction\",\"target\":[\"https:\/\/dev4.devmitsinformatica.com\/en\/shop\/graffiti-rotulador-shop-barcelona\/on-the-run-markers\/otr-markers\/otr-stainless-ink\/\"]}]},{\"@type\":\"ImageObject\",\"inLanguage\":\"en-US\",\"@id\":\"https:\/\/dev4.devmitsinformatica.com\/en\/shop\/graffiti-rotulador-shop-barcelona\/on-the-run-markers\/otr-markers\/otr-stainless-ink\/#primaryimage\",\"url\":\"https:\/\/dev4.devmitsinformatica.com\/wp-content\/uploads\/2018\/01\/otr-069-stainless.jpg\",\"contentUrl\":\"https:\/\/dev4.devmitsinformatica.com\/wp-content\/uploads\/2018\/01\/otr-069-stainless.jpg\",\"width\":1190,\"height\":1190},{\"@type\":\"BreadcrumbList\",\"@id\":\"https:\/\/dev4.devmitsinformatica.com\/en\/shop\/graffiti-rotulador-shop-barcelona\/on-the-run-markers\/otr-markers\/otr-stainless-ink\/#breadcrumb\",\"itemListElement\":[{\"@type\":\"ListItem\",\"position\":1,\"name\":\"Home\",\"item\":\"https:\/\/dev4.devmitsinformatica.com\/en\/\"},{\"@type\":\"ListItem\",\"position\":2,\"name\":\"Store\",\"item\":\"https:\/\/dev4.devmitsinformatica.com\/?page_id=38\"},{\"@type\":\"ListItem\",\"position\":3,\"name\":\"OTR 069 STAINLESS\"}]},{\"@type\":\"WebSite\",\"@id\":\"https:\/\/dev4.devmitsinformatica.com\/en\/#website\",\"url\":\"https:\/\/dev4.devmitsinformatica.com\/en\/\",\"name\":\"ULTRAWIDE GRAFFITI SHOP\",\"description\":\"SPRAY GRAFFITI SHOP CAPS Y ROTULADORES\",\"publisher\":{\"@id\":\"https:\/\/dev4.devmitsinformatica.com\/en\/#organization\"},\"potentialAction\":[{\"@type\":\"SearchAction\",\"target\":{\"@type\":\"EntryPoint\",\"urlTemplate\":\"https:\/\/dev4.devmitsinformatica.com\/en\/?s={search_term_string}\"},\"query-input\":{\"@type\":\"PropertyValueSpecification\",\"valueRequired\":true,\"valueName\":\"search_term_string\"}}],\"inLanguage\":\"en-US\"},{\"@type\":\"Organization\",\"@id\":\"https:\/\/dev4.devmitsinformatica.com\/en\/#organization\",\"name\":\"ANDEN Graffiti Shop Barcelona\",\"url\":\"https:\/\/dev4.devmitsinformatica.com\/en\/\",\"logo\":{\"@type\":\"ImageObject\",\"inLanguage\":\"en-US\",\"@id\":\"https:\/\/dev4.devmitsinformatica.com\/en\/#\/schema\/logo\/image\/\",\"url\":\"https:\/\/dev4.devmitsinformatica.com\/wp-content\/uploads\/2016\/11\/graffiti-gallery-barcelona.png\",\"contentUrl\":\"https:\/\/dev4.devmitsinformatica.com\/wp-content\/uploads\/2016\/11\/graffiti-gallery-barcelona.png\",\"width\":386,\"height\":150,\"caption\":\"ANDEN Graffiti Shop Barcelona\"},\"image\":{\"@id\":\"https:\/\/dev4.devmitsinformatica.com\/en\/#\/schema\/logo\/image\/\"}}]}<\/script>\n<!-- \/ Yoast SEO plugin. -->","yoast_head_json":{"title":"OTR 069 STAINLESS Ultrawide Graffiti Shop Barcelona","description":"OTR 069 STAINLESS en Barcelona:OTR 069 STAINLESS? OTR 069 STAINLESS y mas. Arte y Graffiti Shop Barcelona. Spray, Colores, Rotuladores y OTR 069 STAINLESS","robots":{"index":"index","follow":"follow","max-snippet":"max-snippet:-1","max-image-preview":"max-image-preview:large","max-video-preview":"max-video-preview:-1"},"canonical":"https:\/\/dev4.devmitsinformatica.com\/en\/shop\/graffiti-rotulador-shop-barcelona\/on-the-run-markers\/otr-markers\/otr-stainless-ink\/","og_locale":"en_US","og_type":"article","og_title":"OTR 069 STAINLESS Ultrawide Graffiti Shop Barcelona","og_description":"OTR 069 STAINLESS en Barcelona:OTR 069 STAINLESS? OTR 069 STAINLESS y mas. Arte y Graffiti Shop Barcelona. Spray, Colores, Rotuladores y OTR 069 STAINLESS","og_url":"https:\/\/dev4.devmitsinformatica.com\/en\/shop\/graffiti-rotulador-shop-barcelona\/on-the-run-markers\/otr-markers\/otr-stainless-ink\/","og_site_name":"ULTRAWIDE GRAFFITI SHOP","article_modified_time":"2023-10-14T09:11:29+00:00","og_image":[{"width":1190,"height":1190,"url":"https:\/\/dev4.devmitsinformatica.com\/wp-content\/uploads\/2018\/01\/otr-069-stainless.jpg","type":"image\/jpeg"}],"twitter_card":"summary_large_image","twitter_misc":{"Est. reading time":"1 minute"},"schema":{"@context":"https:\/\/schema.org","@graph":[{"@type":"WebPage","@id":"https:\/\/dev4.devmitsinformatica.com\/en\/shop\/graffiti-rotulador-shop-barcelona\/on-the-run-markers\/otr-markers\/otr-stainless-ink\/","url":"https:\/\/dev4.devmitsinformatica.com\/en\/shop\/graffiti-rotulador-shop-barcelona\/on-the-run-markers\/otr-markers\/otr-stainless-ink\/","name":"OTR 069 STAINLESS Ultrawide Graffiti Shop Barcelona","isPartOf":{"@id":"https:\/\/dev4.devmitsinformatica.com\/en\/#website"},"primaryImageOfPage":{"@id":"https:\/\/dev4.devmitsinformatica.com\/en\/shop\/graffiti-rotulador-shop-barcelona\/on-the-run-markers\/otr-markers\/otr-stainless-ink\/#primaryimage"},"image":{"@id":"https:\/\/dev4.devmitsinformatica.com\/en\/shop\/graffiti-rotulador-shop-barcelona\/on-the-run-markers\/otr-markers\/otr-stainless-ink\/#primaryimage"},"thumbnailUrl":"https:\/\/dev4.devmitsinformatica.com\/wp-content\/uploads\/2018\/01\/otr-069-stainless.jpg","datePublished":"2018-01-09T13:28:27+00:00","dateModified":"2023-10-14T09:11:29+00:00","description":"OTR 069 STAINLESS en Barcelona:OTR 069 STAINLESS? OTR 069 STAINLESS y mas. Arte y Graffiti Shop Barcelona. Spray, Colores, Rotuladores y OTR 069 STAINLESS","breadcrumb":{"@id":"https:\/\/dev4.devmitsinformatica.com\/en\/shop\/graffiti-rotulador-shop-barcelona\/on-the-run-markers\/otr-markers\/otr-stainless-ink\/#breadcrumb"},"inLanguage":"en-US","potentialAction":[{"@type":"ReadAction","target":["https:\/\/dev4.devmitsinformatica.com\/en\/shop\/graffiti-rotulador-shop-barcelona\/on-the-run-markers\/otr-markers\/otr-stainless-ink\/"]}]},{"@type":"ImageObject","inLanguage":"en-US","@id":"https:\/\/dev4.devmitsinformatica.com\/en\/shop\/graffiti-rotulador-shop-barcelona\/on-the-run-markers\/otr-markers\/otr-stainless-ink\/#primaryimage","url":"https:\/\/dev4.devmitsinformatica.com\/wp-content\/uploads\/2018\/01\/otr-069-stainless.jpg","contentUrl":"https:\/\/dev4.devmitsinformatica.com\/wp-content\/uploads\/2018\/01\/otr-069-stainless.jpg","width":1190,"height":1190},{"@type":"BreadcrumbList","@id":"https:\/\/dev4.devmitsinformatica.com\/en\/shop\/graffiti-rotulador-shop-barcelona\/on-the-run-markers\/otr-markers\/otr-stainless-ink\/#breadcrumb","itemListElement":[{"@type":"ListItem","position":1,"name":"Home","item":"https:\/\/dev4.devmitsinformatica.com\/en\/"},{"@type":"ListItem","position":2,"name":"Store","item":"https:\/\/dev4.devmitsinformatica.com\/?page_id=38"},{"@type":"ListItem","position":3,"name":"OTR 069 STAINLESS"}]},{"@type":"WebSite","@id":"https:\/\/dev4.devmitsinformatica.com\/en\/#website","url":"https:\/\/dev4.devmitsinformatica.com\/en\/","name":"ULTRAWIDE GRAFFITI SHOP","description":"SPRAY GRAFFITI SHOP CAPS Y ROTULADORES","publisher":{"@id":"https:\/\/dev4.devmitsinformatica.com\/en\/#organization"},"potentialAction":[{"@type":"SearchAction","target":{"@type":"EntryPoint","urlTemplate":"https:\/\/dev4.devmitsinformatica.com\/en\/?s={search_term_string}"},"query-input":{"@type":"PropertyValueSpecification","valueRequired":true,"valueName":"search_term_string"}}],"inLanguage":"en-US"},{"@type":"Organization","@id":"https:\/\/dev4.devmitsinformatica.com\/en\/#organization","name":"ANDEN Graffiti Shop Barcelona","url":"https:\/\/dev4.devmitsinformatica.com\/en\/","logo":{"@type":"ImageObject","inLanguage":"en-US","@id":"https:\/\/dev4.devmitsinformatica.com\/en\/#\/schema\/logo\/image\/","url":"https:\/\/dev4.devmitsinformatica.com\/wp-content\/uploads\/2016\/11\/graffiti-gallery-barcelona.png","contentUrl":"https:\/\/dev4.devmitsinformatica.com\/wp-content\/uploads\/2016\/11\/graffiti-gallery-barcelona.png","width":386,"height":150,"caption":"ANDEN Graffiti Shop Barcelona"},"image":{"@id":"https:\/\/dev4.devmitsinformatica.com\/en\/#\/schema\/logo\/image\/"}}]}},"_links":{"self":[{"href":"https:\/\/dev4.devmitsinformatica.com\/en\/wp-json\/wp\/v2\/product\/5539","targetHints":{"allow":["GET"]}}],"collection":[{"href":"https:\/\/dev4.devmitsinformatica.com\/en\/wp-json\/wp\/v2\/product"}],"about":[{"href":"https:\/\/dev4.devmitsinformatica.com\/en\/wp-json\/wp\/v2\/types\/product"}],"replies":[{"embeddable":true,"href":"https:\/\/dev4.devmitsinformatica.com\/en\/wp-json\/wp\/v2\/comments?post=5539"}],"version-history":[{"count":0,"href":"https:\/\/dev4.devmitsinformatica.com\/en\/wp-json\/wp\/v2\/product\/5539\/revisions"}],"wp:featuredmedia":[{"embeddable":true,"href":"https:\/\/dev4.devmitsinformatica.com\/en\/wp-json\/wp\/v2\/media\/5542"}],"wp:attachment":[{"href":"https:\/\/dev4.devmitsinformatica.com\/en\/wp-json\/wp\/v2\/media?parent=5539"}],"wp:term":[{"taxonomy":"product_brand","embeddable":true,"href":"https:\/\/dev4.devmitsinformatica.com\/en\/wp-json\/wp\/v2\/product_brand?post=5539"},{"taxonomy":"product_cat","embeddable":true,"href":"https:\/\/dev4.devmitsinformatica.com\/en\/wp-json\/wp\/v2\/product_cat?post=5539"},{"taxonomy":"product_tag","embeddable":true,"href":"https:\/\/dev4.devmitsinformatica.com\/en\/wp-json\/wp\/v2\/product_tag?post=5539"}],"curies":[{"name":"wp","href":"https:\/\/api.w.org\/{rel}","templated":true}]}}