{"id":5582,"date":"2018-01-10T09:33:01","date_gmt":"2018-01-10T09:33:01","guid":{"rendered":"https:\/\/dev4.devmitsinformatica.com\/?post_type=product&#038;p=5582"},"modified":"2023-10-14T08:50:39","modified_gmt":"2023-10-14T08:50:39","slug":"otr-060-calligraffiti-paint","status":"publish","type":"product","link":"https:\/\/dev4.devmitsinformatica.com\/en\/shop\/graffiti-rotulador-shop-barcelona\/on-the-run-markers\/otr-markers\/otr-060-calligraffiti-paint\/","title":{"rendered":"OTR 060 CALLIGRAFFITI PAINT MARKERS"},"content":{"rendered":"<p>OTR 060 CALLIGRAFFITI PAINT MARKERS. Hemos desarrollado este marcador en colaboraci\u00f3n con el artista de caligraf\u00eda mundialmente reconocido Niels Shoe Meulman.<\/p>\n<p>Gracias a la punta Calligraffiti con corte de precisi\u00f3n de 45 grados, las caligraf\u00edas expresivas se realizan f\u00e1cilmente con el MARCADOR DE PINTURAS CALLIGRAFFITI OTR.060. Este fieltro de alta calidad se produce exclusivamente en Jap\u00f3n en un proceso complejo.<\/p>\n<p>El componente b\u00e1sico de esta versi\u00f3n del marcador CALLIGRAFFITI es el OTR.060, el marcador de graffiti m\u00e1s popular del mundo. Una v\u00e1lvula finamente ajustable en combinaci\u00f3n con el fieltro muy duradero (Hecho en Jap\u00f3n), permite un flujo de pintura controlada con precisi\u00f3n.<\/p>\n<p>Los 5 tonos de pintura s\u00faper permanente son muy brillantes y tienen una opacidad muy alta.<\/p>\n<p>El OTR.060 CALLIGRAFFITI PAINT MARKER es adecuado para escribir en casi todos los materiales, como vidrio, pl\u00e1stico, lona, metal y madera. El marcador prefiere superficies lisas y limpias, pero gracias a su punta reemplazable tambi\u00e9n lo utilizan artistas de CALLIGRAFFITI en las paredes.<\/p>\n<p>5 Colores de pintura al alcohol de gran cubricci\u00f3n y permanencia junto a una punta Chisel con corte en diagonal desarrollada para la escritura y el lettering. Un rotulador para caligraf\u00eda \u00fanico en el mercado y desarrollado por la marca pionera en marcadores On The Run.\u00a0OTR 060 CALLIGRAFFITI PAINT MARKERS.<\/p>\n","protected":false},"excerpt":{"rendered":"<p>Rotulador de Pintura Soultip disponible en 5 colores brillantes, desarrollado especialmente junto al artista especialista en caligraf\u00eda Niels Shoe Meulman, su punta de 20mm biselada dise\u00f1ada especialmente la hace especialmente indicado para marcajes de lettering y caligraf\u00eda.\u00a0 Rotulador con gran opacidad y cubrici\u00f3n. Rotulador rellenable y de puntas reposicionables.<\/p>\n","protected":false},"featured_media":5583,"comment_status":"open","ping_status":"closed","template":"","meta":{"site-sidebar-layout":"default","site-content-layout":"","ast-site-content-layout":"default","site-content-style":"default","site-sidebar-style":"default","ast-global-header-display":"","ast-banner-title-visibility":"","ast-main-header-display":"","ast-hfb-above-header-display":"","ast-hfb-below-header-display":"","ast-hfb-mobile-header-display":"","site-post-title":"","ast-breadcrumbs-content":"","ast-featured-img":"","footer-sml-layout":"","ast-disable-related-posts":"","theme-transparent-header-meta":"","adv-header-id-meta":"","stick-header-meta":"","header-above-stick-meta":"","header-main-stick-meta":"","header-below-stick-meta":"","astra-migrate-meta-layouts":"default","ast-page-background-enabled":"default","ast-page-background-meta":{"desktop":{"background-color":"","background-image":"","background-repeat":"repeat","background-position":"center center","background-size":"auto","background-attachment":"scroll","background-type":"","background-media":"","overlay-type":"","overlay-color":"","overlay-opacity":"","overlay-gradient":""},"tablet":{"background-color":"","background-image":"","background-repeat":"repeat","background-position":"center center","background-size":"auto","background-attachment":"scroll","background-type":"","background-media":"","overlay-type":"","overlay-color":"","overlay-opacity":"","overlay-gradient":""},"mobile":{"background-color":"","background-image":"","background-repeat":"repeat","background-position":"center center","background-size":"auto","background-attachment":"scroll","background-type":"","background-media":"","overlay-type":"","overlay-color":"","overlay-opacity":"","overlay-gradient":""}},"ast-content-background-meta":{"desktop":{"background-color":"var(--ast-global-color-5)","background-image":"","background-repeat":"repeat","background-position":"center center","background-size":"auto","background-attachment":"scroll","background-type":"","background-media":"","overlay-type":"","overlay-color":"","overlay-opacity":"","overlay-gradient":""},"tablet":{"background-color":"var(--ast-global-color-5)","background-image":"","background-repeat":"repeat","background-position":"center center","background-size":"auto","background-attachment":"scroll","background-type":"","background-media":"","overlay-type":"","overlay-color":"","overlay-opacity":"","overlay-gradient":""},"mobile":{"background-color":"var(--ast-global-color-5)","background-image":"","background-repeat":"repeat","background-position":"center center","background-size":"auto","background-attachment":"scroll","background-type":"","background-media":"","overlay-type":"","overlay-color":"","overlay-opacity":"","overlay-gradient":""}}},"product_brand":[],"product_cat":[7,2253,2609],"product_tag":[2285,2283,3669,804,2262,3666,3668,2304,2303,3667,2305],"class_list":{"0":"post-5582","1":"product","2":"type-product","3":"status-publish","4":"has-post-thumbnail","6":"product_cat-graffiti-rotulador-shop-barcelona","7":"product_cat-on-the-run-markers","8":"product_cat-otr-markers","9":"product_tag-caligrafia","10":"product_tag-calligraffiti","11":"product_tag-calligraffiti-on-the-run","12":"product_tag-calligraffiti-rotulador","13":"product_tag-graffiti-marker","14":"product_tag-marcador","15":"product_tag-marcador-calligraffiti","16":"product_tag-marcador-de-pintura-permanente","17":"product_tag-niels-shoe-meulman","18":"product_tag-rotulador-escritura","19":"product_tag-rotulador-para-lettering","20":"pa_color-black-2","21":"pa_color-blazing-red","22":"pa_color-chrome-gold","23":"pa_color-chrome-silver","24":"pa_color-white","25":"desktop-align-left","26":"tablet-align-left","27":"mobile-align-left","29":"first","30":"instock","31":"purchasable","32":"product-type-variable"},"yoast_head":"<!-- This site is optimized with the Yoast SEO plugin v27.0 - https:\/\/yoast.com\/product\/yoast-seo-wordpress\/ -->\n<title>OTR 060 CALLIGRAFFITI PAINT MARKERS. Graffiti Shop Barcelona<\/title>\n<meta name=\"description\" content=\"OTR 060 CALLIGRAFFITI PAINT MARKERS en Barcelona:OTR 060 CALLIGRAFFITI PAINT MARKERS? OTR 060 CALLIGRAFFITI PAINT MARKERS y mas. Arte y Graffiti Shop Barcelona. Spray, Colores, Rotuladores y OTR 060 CALLIGRAFFITI PAINT MARKERS\" \/>\n<meta name=\"robots\" content=\"index, follow, max-snippet:-1, max-image-preview:large, max-video-preview:-1\" \/>\n<link rel=\"canonical\" href=\"https:\/\/dev4.devmitsinformatica.com\/en\/shop\/graffiti-rotulador-shop-barcelona\/on-the-run-markers\/otr-markers\/otr-060-calligraffiti-paint\/\" \/>\n<meta property=\"og:locale\" content=\"en_US\" \/>\n<meta property=\"og:type\" content=\"article\" \/>\n<meta property=\"og:title\" content=\"OTR 060 CALLIGRAFFITI PAINT MARKERS. Graffiti Shop Barcelona\" \/>\n<meta property=\"og:description\" content=\"OTR 060 CALLIGRAFFITI PAINT MARKERS en Barcelona:OTR 060 CALLIGRAFFITI PAINT MARKERS? OTR 060 CALLIGRAFFITI PAINT MARKERS y mas. Arte y Graffiti Shop Barcelona. Spray, Colores, Rotuladores y OTR 060 CALLIGRAFFITI PAINT MARKERS\" \/>\n<meta property=\"og:url\" content=\"https:\/\/dev4.devmitsinformatica.com\/en\/shop\/graffiti-rotulador-shop-barcelona\/on-the-run-markers\/otr-markers\/otr-060-calligraffiti-paint\/\" \/>\n<meta property=\"og:site_name\" content=\"ULTRAWIDE GRAFFITI SHOP\" \/>\n<meta property=\"article:modified_time\" content=\"2023-10-14T08:50:39+00:00\" \/>\n<meta property=\"og:image\" content=\"https:\/\/dev4.devmitsinformatica.com\/wp-content\/uploads\/2018\/01\/otr-060.png\" \/>\n\t<meta property=\"og:image:width\" content=\"1000\" \/>\n\t<meta property=\"og:image:height\" content=\"1000\" \/>\n\t<meta property=\"og:image:type\" content=\"image\/png\" \/>\n<meta name=\"twitter:card\" content=\"summary_large_image\" \/>\n<meta name=\"twitter:label1\" content=\"Est. reading time\" \/>\n\t<meta name=\"twitter:data1\" content=\"1 minute\" \/>\n<script type=\"application\/ld+json\" class=\"yoast-schema-graph\">{\"@context\":\"https:\/\/schema.org\",\"@graph\":[{\"@type\":\"WebPage\",\"@id\":\"https:\/\/dev4.devmitsinformatica.com\/en\/shop\/graffiti-rotulador-shop-barcelona\/on-the-run-markers\/otr-markers\/otr-060-calligraffiti-paint\/\",\"url\":\"https:\/\/dev4.devmitsinformatica.com\/en\/shop\/graffiti-rotulador-shop-barcelona\/on-the-run-markers\/otr-markers\/otr-060-calligraffiti-paint\/\",\"name\":\"OTR 060 CALLIGRAFFITI PAINT MARKERS. Graffiti Shop Barcelona\",\"isPartOf\":{\"@id\":\"https:\/\/dev4.devmitsinformatica.com\/en\/#website\"},\"primaryImageOfPage\":{\"@id\":\"https:\/\/dev4.devmitsinformatica.com\/en\/shop\/graffiti-rotulador-shop-barcelona\/on-the-run-markers\/otr-markers\/otr-060-calligraffiti-paint\/#primaryimage\"},\"image\":{\"@id\":\"https:\/\/dev4.devmitsinformatica.com\/en\/shop\/graffiti-rotulador-shop-barcelona\/on-the-run-markers\/otr-markers\/otr-060-calligraffiti-paint\/#primaryimage\"},\"thumbnailUrl\":\"https:\/\/dev4.devmitsinformatica.com\/wp-content\/uploads\/2018\/01\/otr-060.png\",\"datePublished\":\"2018-01-10T09:33:01+00:00\",\"dateModified\":\"2023-10-14T08:50:39+00:00\",\"description\":\"OTR 060 CALLIGRAFFITI PAINT MARKERS en Barcelona:OTR 060 CALLIGRAFFITI PAINT MARKERS? OTR 060 CALLIGRAFFITI PAINT MARKERS y mas. Arte y Graffiti Shop Barcelona. Spray, Colores, Rotuladores y OTR 060 CALLIGRAFFITI PAINT MARKERS\",\"breadcrumb\":{\"@id\":\"https:\/\/dev4.devmitsinformatica.com\/en\/shop\/graffiti-rotulador-shop-barcelona\/on-the-run-markers\/otr-markers\/otr-060-calligraffiti-paint\/#breadcrumb\"},\"inLanguage\":\"en-US\",\"potentialAction\":[{\"@type\":\"ReadAction\",\"target\":[\"https:\/\/dev4.devmitsinformatica.com\/en\/shop\/graffiti-rotulador-shop-barcelona\/on-the-run-markers\/otr-markers\/otr-060-calligraffiti-paint\/\"]}]},{\"@type\":\"ImageObject\",\"inLanguage\":\"en-US\",\"@id\":\"https:\/\/dev4.devmitsinformatica.com\/en\/shop\/graffiti-rotulador-shop-barcelona\/on-the-run-markers\/otr-markers\/otr-060-calligraffiti-paint\/#primaryimage\",\"url\":\"https:\/\/dev4.devmitsinformatica.com\/wp-content\/uploads\/2018\/01\/otr-060.png\",\"contentUrl\":\"https:\/\/dev4.devmitsinformatica.com\/wp-content\/uploads\/2018\/01\/otr-060.png\",\"width\":1000,\"height\":1000,\"caption\":\"On The Run Calligraffiti, Marcador de pintura permanente, rotulador caligrafia on the run, graffiti rotulador. On The Run Since 1990\"},{\"@type\":\"BreadcrumbList\",\"@id\":\"https:\/\/dev4.devmitsinformatica.com\/en\/shop\/graffiti-rotulador-shop-barcelona\/on-the-run-markers\/otr-markers\/otr-060-calligraffiti-paint\/#breadcrumb\",\"itemListElement\":[{\"@type\":\"ListItem\",\"position\":1,\"name\":\"Home\",\"item\":\"https:\/\/dev4.devmitsinformatica.com\/en\/\"},{\"@type\":\"ListItem\",\"position\":2,\"name\":\"Store\",\"item\":\"https:\/\/dev4.devmitsinformatica.com\/?page_id=38\"},{\"@type\":\"ListItem\",\"position\":3,\"name\":\"OTR 060 CALLIGRAFFITI PAINT MARKERS\"}]},{\"@type\":\"WebSite\",\"@id\":\"https:\/\/dev4.devmitsinformatica.com\/en\/#website\",\"url\":\"https:\/\/dev4.devmitsinformatica.com\/en\/\",\"name\":\"ULTRAWIDE GRAFFITI SHOP\",\"description\":\"SPRAY GRAFFITI SHOP CAPS Y ROTULADORES\",\"publisher\":{\"@id\":\"https:\/\/dev4.devmitsinformatica.com\/en\/#organization\"},\"potentialAction\":[{\"@type\":\"SearchAction\",\"target\":{\"@type\":\"EntryPoint\",\"urlTemplate\":\"https:\/\/dev4.devmitsinformatica.com\/en\/?s={search_term_string}\"},\"query-input\":{\"@type\":\"PropertyValueSpecification\",\"valueRequired\":true,\"valueName\":\"search_term_string\"}}],\"inLanguage\":\"en-US\"},{\"@type\":\"Organization\",\"@id\":\"https:\/\/dev4.devmitsinformatica.com\/en\/#organization\",\"name\":\"ANDEN Graffiti Shop Barcelona\",\"url\":\"https:\/\/dev4.devmitsinformatica.com\/en\/\",\"logo\":{\"@type\":\"ImageObject\",\"inLanguage\":\"en-US\",\"@id\":\"https:\/\/dev4.devmitsinformatica.com\/en\/#\/schema\/logo\/image\/\",\"url\":\"https:\/\/dev4.devmitsinformatica.com\/wp-content\/uploads\/2016\/11\/graffiti-gallery-barcelona.png\",\"contentUrl\":\"https:\/\/dev4.devmitsinformatica.com\/wp-content\/uploads\/2016\/11\/graffiti-gallery-barcelona.png\",\"width\":386,\"height\":150,\"caption\":\"ANDEN Graffiti Shop Barcelona\"},\"image\":{\"@id\":\"https:\/\/dev4.devmitsinformatica.com\/en\/#\/schema\/logo\/image\/\"}}]}<\/script>\n<!-- \/ Yoast SEO plugin. -->","yoast_head_json":{"title":"OTR 060 CALLIGRAFFITI PAINT MARKERS. Graffiti Shop Barcelona","description":"OTR 060 CALLIGRAFFITI PAINT MARKERS en Barcelona:OTR 060 CALLIGRAFFITI PAINT MARKERS? OTR 060 CALLIGRAFFITI PAINT MARKERS y mas. Arte y Graffiti Shop Barcelona. Spray, Colores, Rotuladores y OTR 060 CALLIGRAFFITI PAINT MARKERS","robots":{"index":"index","follow":"follow","max-snippet":"max-snippet:-1","max-image-preview":"max-image-preview:large","max-video-preview":"max-video-preview:-1"},"canonical":"https:\/\/dev4.devmitsinformatica.com\/en\/shop\/graffiti-rotulador-shop-barcelona\/on-the-run-markers\/otr-markers\/otr-060-calligraffiti-paint\/","og_locale":"en_US","og_type":"article","og_title":"OTR 060 CALLIGRAFFITI PAINT MARKERS. Graffiti Shop Barcelona","og_description":"OTR 060 CALLIGRAFFITI PAINT MARKERS en Barcelona:OTR 060 CALLIGRAFFITI PAINT MARKERS? OTR 060 CALLIGRAFFITI PAINT MARKERS y mas. Arte y Graffiti Shop Barcelona. Spray, Colores, Rotuladores y OTR 060 CALLIGRAFFITI PAINT MARKERS","og_url":"https:\/\/dev4.devmitsinformatica.com\/en\/shop\/graffiti-rotulador-shop-barcelona\/on-the-run-markers\/otr-markers\/otr-060-calligraffiti-paint\/","og_site_name":"ULTRAWIDE GRAFFITI SHOP","article_modified_time":"2023-10-14T08:50:39+00:00","og_image":[{"width":1000,"height":1000,"url":"https:\/\/dev4.devmitsinformatica.com\/wp-content\/uploads\/2018\/01\/otr-060.png","type":"image\/png"}],"twitter_card":"summary_large_image","twitter_misc":{"Est. reading time":"1 minute"},"schema":{"@context":"https:\/\/schema.org","@graph":[{"@type":"WebPage","@id":"https:\/\/dev4.devmitsinformatica.com\/en\/shop\/graffiti-rotulador-shop-barcelona\/on-the-run-markers\/otr-markers\/otr-060-calligraffiti-paint\/","url":"https:\/\/dev4.devmitsinformatica.com\/en\/shop\/graffiti-rotulador-shop-barcelona\/on-the-run-markers\/otr-markers\/otr-060-calligraffiti-paint\/","name":"OTR 060 CALLIGRAFFITI PAINT MARKERS. Graffiti Shop Barcelona","isPartOf":{"@id":"https:\/\/dev4.devmitsinformatica.com\/en\/#website"},"primaryImageOfPage":{"@id":"https:\/\/dev4.devmitsinformatica.com\/en\/shop\/graffiti-rotulador-shop-barcelona\/on-the-run-markers\/otr-markers\/otr-060-calligraffiti-paint\/#primaryimage"},"image":{"@id":"https:\/\/dev4.devmitsinformatica.com\/en\/shop\/graffiti-rotulador-shop-barcelona\/on-the-run-markers\/otr-markers\/otr-060-calligraffiti-paint\/#primaryimage"},"thumbnailUrl":"https:\/\/dev4.devmitsinformatica.com\/wp-content\/uploads\/2018\/01\/otr-060.png","datePublished":"2018-01-10T09:33:01+00:00","dateModified":"2023-10-14T08:50:39+00:00","description":"OTR 060 CALLIGRAFFITI PAINT MARKERS en Barcelona:OTR 060 CALLIGRAFFITI PAINT MARKERS? OTR 060 CALLIGRAFFITI PAINT MARKERS y mas. Arte y Graffiti Shop Barcelona. Spray, Colores, Rotuladores y OTR 060 CALLIGRAFFITI PAINT MARKERS","breadcrumb":{"@id":"https:\/\/dev4.devmitsinformatica.com\/en\/shop\/graffiti-rotulador-shop-barcelona\/on-the-run-markers\/otr-markers\/otr-060-calligraffiti-paint\/#breadcrumb"},"inLanguage":"en-US","potentialAction":[{"@type":"ReadAction","target":["https:\/\/dev4.devmitsinformatica.com\/en\/shop\/graffiti-rotulador-shop-barcelona\/on-the-run-markers\/otr-markers\/otr-060-calligraffiti-paint\/"]}]},{"@type":"ImageObject","inLanguage":"en-US","@id":"https:\/\/dev4.devmitsinformatica.com\/en\/shop\/graffiti-rotulador-shop-barcelona\/on-the-run-markers\/otr-markers\/otr-060-calligraffiti-paint\/#primaryimage","url":"https:\/\/dev4.devmitsinformatica.com\/wp-content\/uploads\/2018\/01\/otr-060.png","contentUrl":"https:\/\/dev4.devmitsinformatica.com\/wp-content\/uploads\/2018\/01\/otr-060.png","width":1000,"height":1000,"caption":"On The Run Calligraffiti, Marcador de pintura permanente, rotulador caligrafia on the run, graffiti rotulador. On The Run Since 1990"},{"@type":"BreadcrumbList","@id":"https:\/\/dev4.devmitsinformatica.com\/en\/shop\/graffiti-rotulador-shop-barcelona\/on-the-run-markers\/otr-markers\/otr-060-calligraffiti-paint\/#breadcrumb","itemListElement":[{"@type":"ListItem","position":1,"name":"Home","item":"https:\/\/dev4.devmitsinformatica.com\/en\/"},{"@type":"ListItem","position":2,"name":"Store","item":"https:\/\/dev4.devmitsinformatica.com\/?page_id=38"},{"@type":"ListItem","position":3,"name":"OTR 060 CALLIGRAFFITI PAINT MARKERS"}]},{"@type":"WebSite","@id":"https:\/\/dev4.devmitsinformatica.com\/en\/#website","url":"https:\/\/dev4.devmitsinformatica.com\/en\/","name":"ULTRAWIDE GRAFFITI SHOP","description":"SPRAY GRAFFITI SHOP CAPS Y ROTULADORES","publisher":{"@id":"https:\/\/dev4.devmitsinformatica.com\/en\/#organization"},"potentialAction":[{"@type":"SearchAction","target":{"@type":"EntryPoint","urlTemplate":"https:\/\/dev4.devmitsinformatica.com\/en\/?s={search_term_string}"},"query-input":{"@type":"PropertyValueSpecification","valueRequired":true,"valueName":"search_term_string"}}],"inLanguage":"en-US"},{"@type":"Organization","@id":"https:\/\/dev4.devmitsinformatica.com\/en\/#organization","name":"ANDEN Graffiti Shop Barcelona","url":"https:\/\/dev4.devmitsinformatica.com\/en\/","logo":{"@type":"ImageObject","inLanguage":"en-US","@id":"https:\/\/dev4.devmitsinformatica.com\/en\/#\/schema\/logo\/image\/","url":"https:\/\/dev4.devmitsinformatica.com\/wp-content\/uploads\/2016\/11\/graffiti-gallery-barcelona.png","contentUrl":"https:\/\/dev4.devmitsinformatica.com\/wp-content\/uploads\/2016\/11\/graffiti-gallery-barcelona.png","width":386,"height":150,"caption":"ANDEN Graffiti Shop Barcelona"},"image":{"@id":"https:\/\/dev4.devmitsinformatica.com\/en\/#\/schema\/logo\/image\/"}}]}},"_links":{"self":[{"href":"https:\/\/dev4.devmitsinformatica.com\/en\/wp-json\/wp\/v2\/product\/5582","targetHints":{"allow":["GET"]}}],"collection":[{"href":"https:\/\/dev4.devmitsinformatica.com\/en\/wp-json\/wp\/v2\/product"}],"about":[{"href":"https:\/\/dev4.devmitsinformatica.com\/en\/wp-json\/wp\/v2\/types\/product"}],"replies":[{"embeddable":true,"href":"https:\/\/dev4.devmitsinformatica.com\/en\/wp-json\/wp\/v2\/comments?post=5582"}],"version-history":[{"count":0,"href":"https:\/\/dev4.devmitsinformatica.com\/en\/wp-json\/wp\/v2\/product\/5582\/revisions"}],"wp:featuredmedia":[{"embeddable":true,"href":"https:\/\/dev4.devmitsinformatica.com\/en\/wp-json\/wp\/v2\/media\/5583"}],"wp:attachment":[{"href":"https:\/\/dev4.devmitsinformatica.com\/en\/wp-json\/wp\/v2\/media?parent=5582"}],"wp:term":[{"taxonomy":"product_brand","embeddable":true,"href":"https:\/\/dev4.devmitsinformatica.com\/en\/wp-json\/wp\/v2\/product_brand?post=5582"},{"taxonomy":"product_cat","embeddable":true,"href":"https:\/\/dev4.devmitsinformatica.com\/en\/wp-json\/wp\/v2\/product_cat?post=5582"},{"taxonomy":"product_tag","embeddable":true,"href":"https:\/\/dev4.devmitsinformatica.com\/en\/wp-json\/wp\/v2\/product_tag?post=5582"}],"curies":[{"name":"wp","href":"https:\/\/api.w.org\/{rel}","templated":true}]}}