{"id":5589,"date":"2018-01-10T10:18:42","date_gmt":"2018-01-10T10:18:42","guid":{"rendered":"https:\/\/dev4.devmitsinformatica.com\/?post_type=product&#038;p=5589"},"modified":"2023-10-14T08:48:48","modified_gmt":"2023-10-14T08:48:48","slug":"otr-060-paint-marker","status":"publish","type":"product","link":"https:\/\/dev4.devmitsinformatica.com\/en\/shop\/graffiti-rotulador-shop-barcelona\/on-the-run-markers\/otr-markers\/otr-060-paint-marker\/","title":{"rendered":"OTR 060 PAINT MARKERS"},"content":{"rendered":"<p>OTR 060 PAINT MARKERS. El OTR.060 es el marcador de graffiti m\u00e1s popular del mundo desde 1998. Se ha probado a s\u00ed mismo millones de veces, evidenciado tambi\u00e9n por ser la herramienta de Graffiti m\u00e1s falsificada de la historia. La confiabilidad y calidad del original fabricadas en Alemania es apreciada en m\u00e1s de 50 pa\u00edses.<\/p>\n<p>Hasta hoy, el OTR.060 se hace \u00fanico por el procesamiento preciso y la mejora continua de sus componentes, que se desarrollan con los m\u00e1s altos est\u00e1ndares industriales.<\/p>\n<p>Unos marcadores de pintura al alcohol altamente opaca y permanente con acabado brillo de muy alta calidad. On the Run, la marca que naci\u00f3 desde y para el graffiti y que revolucion\u00f3 el mundo del tag y el rotulador.<\/p>\n<p>Una v\u00e1lvula finamente ajustable en combinaci\u00f3n con el fieltro de alta calidad (Hecho en Jap\u00f3n), permite un flujo de pintura controlada con precisi\u00f3n. El contenedor de pintura transparente y rellenable muestra el color exacto y el nivel de llenado. Schock-resitant y con un l\u00edmite de cierre seguro: estos son los elementos b\u00e1sicos para muchos de nuestros cl\u00e1sicos, desde OTR.070 Hard to Buff hasta OTR.184 FLOWPEN.<\/p>\n<p>Los 24 tonos de pintura s\u00faper permanente son muy brillantes y tienen una opacidad extremadamente alta. Puedes conseguir tus rotuladores de pintura on the run de forma muy f\u00e1cil y c\u00f3moda. Buscas <strong><em>rotuladores permanentes<\/em><\/strong> de pintura? Ultrawide Graffiti Shop tiene rotuladores permanentes de pintura on the run y mas de todos los colores y medidas para cubrir necesidad del mercado. Pide ahora en tu graffiti shop online para espa\u00f1a con envio gratis a partir de 100 euros o visitanos en nuestra tienda f\u00edsica y hazte con tus\u00a0<strong>OTR 060 PAINT MARKERS.\u00a0<\/strong><\/p>\n","protected":false},"excerpt":{"rendered":"<p>El Marcador OTR 060 es un marcador de pintura permanente con punta de 15mm standard, rellenable y de puntas reposicionables como toda la l\u00ednea on the run. Es un rotulador de gran opacidad y cubrici\u00f3n con acabado brillante. Se trata del marcador mas popular del mundo del graffiti desde 1998 siendo la herramienta de graffiti mas falsificada de la historia por otras marcas debido a su sistema de recarga y su flujo de pintura controlada.<\/p>\n<p>Disponible en 24 Colores diferentes junto incluyendo fluor y metallics.<\/p>\n","protected":false},"featured_media":5590,"comment_status":"open","ping_status":"closed","template":"","meta":{"site-sidebar-layout":"default","site-content-layout":"","ast-site-content-layout":"default","site-content-style":"default","site-sidebar-style":"default","ast-global-header-display":"","ast-banner-title-visibility":"","ast-main-header-display":"","ast-hfb-above-header-display":"","ast-hfb-below-header-display":"","ast-hfb-mobile-header-display":"","site-post-title":"","ast-breadcrumbs-content":"","ast-featured-img":"","footer-sml-layout":"","ast-disable-related-posts":"","theme-transparent-header-meta":"","adv-header-id-meta":"","stick-header-meta":"","header-above-stick-meta":"","header-main-stick-meta":"","header-below-stick-meta":"","astra-migrate-meta-layouts":"default","ast-page-background-enabled":"default","ast-page-background-meta":{"desktop":{"background-color":"","background-image":"","background-repeat":"repeat","background-position":"center center","background-size":"auto","background-attachment":"scroll","background-type":"","background-media":"","overlay-type":"","overlay-color":"","overlay-opacity":"","overlay-gradient":""},"tablet":{"background-color":"","background-image":"","background-repeat":"repeat","background-position":"center center","background-size":"auto","background-attachment":"scroll","background-type":"","background-media":"","overlay-type":"","overlay-color":"","overlay-opacity":"","overlay-gradient":""},"mobile":{"background-color":"","background-image":"","background-repeat":"repeat","background-position":"center center","background-size":"auto","background-attachment":"scroll","background-type":"","background-media":"","overlay-type":"","overlay-color":"","overlay-opacity":"","overlay-gradient":""}},"ast-content-background-meta":{"desktop":{"background-color":"var(--ast-global-color-5)","background-image":"","background-repeat":"repeat","background-position":"center center","background-size":"auto","background-attachment":"scroll","background-type":"","background-media":"","overlay-type":"","overlay-color":"","overlay-opacity":"","overlay-gradient":""},"tablet":{"background-color":"var(--ast-global-color-5)","background-image":"","background-repeat":"repeat","background-position":"center center","background-size":"auto","background-attachment":"scroll","background-type":"","background-media":"","overlay-type":"","overlay-color":"","overlay-opacity":"","overlay-gradient":""},"mobile":{"background-color":"var(--ast-global-color-5)","background-image":"","background-repeat":"repeat","background-position":"center center","background-size":"auto","background-attachment":"scroll","background-type":"","background-media":"","overlay-type":"","overlay-color":"","overlay-opacity":"","overlay-gradient":""}}},"product_brand":[],"product_cat":[7,2253,2609],"product_tag":[2262,2304,2311,2310,2309,2312,618,2313],"class_list":{"0":"post-5589","1":"product","2":"type-product","3":"status-publish","4":"has-post-thumbnail","6":"product_cat-graffiti-rotulador-shop-barcelona","7":"product_cat-on-the-run-markers","8":"product_cat-otr-markers","9":"product_tag-graffiti-marker","10":"product_tag-marcador-de-pintura-permanente","11":"product_tag-on-the-run-paint-marker","12":"product_tag-otr-060","13":"product_tag-paint-marker","14":"product_tag-permanente-de-pintura","15":"product_tag-rotulador-graffiti","16":"product_tag-rotulador-profesional","17":"pa_color-baby-blue-2","18":"pa_color-black-2","19":"pa_color-blazing-red","20":"pa_color-grass-green-2","21":"pa_color-grey","22":"pa_color-light-green","23":"pa_color-orange-2","24":"pa_color-pink-2","25":"pa_color-royal-blue-2","26":"pa_color-violet-2","27":"pa_color-white","28":"pa_color-yellow","29":"desktop-align-left","30":"tablet-align-left","31":"mobile-align-left","33":"first","34":"instock","35":"purchasable","36":"product-type-variable"},"yoast_head":"<!-- This site is optimized with the Yoast SEO plugin v27.0 - https:\/\/yoast.com\/product\/yoast-seo-wordpress\/ -->\n<title>OTR 060 PAINT MARKERS Ultrawide Graffiti Shop Barcelona<\/title>\n<meta name=\"description\" content=\"OTR 060 PAINT MARKERS en Barcelona:OTR 060 PAINT MARKERS? OTR 060 PAINT MARKERS y mas. Arte y Graffiti Shop Barcelona. Spray, Colores, Rotuladores y OTR 060 PAINT MARKERS\" \/>\n<meta name=\"robots\" content=\"index, follow, max-snippet:-1, max-image-preview:large, max-video-preview:-1\" \/>\n<link rel=\"canonical\" href=\"https:\/\/dev4.devmitsinformatica.com\/en\/shop\/graffiti-rotulador-shop-barcelona\/on-the-run-markers\/otr-markers\/otr-060-paint-marker\/\" \/>\n<meta property=\"og:locale\" content=\"en_US\" \/>\n<meta property=\"og:type\" content=\"article\" \/>\n<meta property=\"og:title\" content=\"OTR 060 PAINT MARKERS Ultrawide Graffiti Shop Barcelona\" \/>\n<meta property=\"og:description\" content=\"OTR 060 PAINT MARKERS en Barcelona:OTR 060 PAINT MARKERS? OTR 060 PAINT MARKERS y mas. Arte y Graffiti Shop Barcelona. Spray, Colores, Rotuladores y OTR 060 PAINT MARKERS\" \/>\n<meta property=\"og:url\" content=\"https:\/\/dev4.devmitsinformatica.com\/en\/shop\/graffiti-rotulador-shop-barcelona\/on-the-run-markers\/otr-markers\/otr-060-paint-marker\/\" \/>\n<meta property=\"og:site_name\" content=\"ULTRAWIDE GRAFFITI SHOP\" \/>\n<meta property=\"article:modified_time\" content=\"2023-10-14T08:48:48+00:00\" \/>\n<meta property=\"og:image\" content=\"https:\/\/dev4.devmitsinformatica.com\/wp-content\/uploads\/2018\/01\/on-the-run-060-paint-marker.jpg\" \/>\n\t<meta property=\"og:image:width\" content=\"1000\" \/>\n\t<meta property=\"og:image:height\" content=\"1000\" \/>\n\t<meta property=\"og:image:type\" content=\"image\/jpeg\" \/>\n<meta name=\"twitter:card\" content=\"summary_large_image\" \/>\n<meta name=\"twitter:label1\" content=\"Est. reading time\" \/>\n\t<meta name=\"twitter:data1\" content=\"1 minute\" \/>\n<script type=\"application\/ld+json\" class=\"yoast-schema-graph\">{\"@context\":\"https:\/\/schema.org\",\"@graph\":[{\"@type\":\"WebPage\",\"@id\":\"https:\/\/dev4.devmitsinformatica.com\/en\/shop\/graffiti-rotulador-shop-barcelona\/on-the-run-markers\/otr-markers\/otr-060-paint-marker\/\",\"url\":\"https:\/\/dev4.devmitsinformatica.com\/en\/shop\/graffiti-rotulador-shop-barcelona\/on-the-run-markers\/otr-markers\/otr-060-paint-marker\/\",\"name\":\"OTR 060 PAINT MARKERS Ultrawide Graffiti Shop Barcelona\",\"isPartOf\":{\"@id\":\"https:\/\/dev4.devmitsinformatica.com\/en\/#website\"},\"primaryImageOfPage\":{\"@id\":\"https:\/\/dev4.devmitsinformatica.com\/en\/shop\/graffiti-rotulador-shop-barcelona\/on-the-run-markers\/otr-markers\/otr-060-paint-marker\/#primaryimage\"},\"image\":{\"@id\":\"https:\/\/dev4.devmitsinformatica.com\/en\/shop\/graffiti-rotulador-shop-barcelona\/on-the-run-markers\/otr-markers\/otr-060-paint-marker\/#primaryimage\"},\"thumbnailUrl\":\"https:\/\/dev4.devmitsinformatica.com\/wp-content\/uploads\/2018\/01\/on-the-run-060-paint-marker.jpg\",\"datePublished\":\"2018-01-10T10:18:42+00:00\",\"dateModified\":\"2023-10-14T08:48:48+00:00\",\"description\":\"OTR 060 PAINT MARKERS en Barcelona:OTR 060 PAINT MARKERS? OTR 060 PAINT MARKERS y mas. Arte y Graffiti Shop Barcelona. Spray, Colores, Rotuladores y OTR 060 PAINT MARKERS\",\"breadcrumb\":{\"@id\":\"https:\/\/dev4.devmitsinformatica.com\/en\/shop\/graffiti-rotulador-shop-barcelona\/on-the-run-markers\/otr-markers\/otr-060-paint-marker\/#breadcrumb\"},\"inLanguage\":\"en-US\",\"potentialAction\":[{\"@type\":\"ReadAction\",\"target\":[\"https:\/\/dev4.devmitsinformatica.com\/en\/shop\/graffiti-rotulador-shop-barcelona\/on-the-run-markers\/otr-markers\/otr-060-paint-marker\/\"]}]},{\"@type\":\"ImageObject\",\"inLanguage\":\"en-US\",\"@id\":\"https:\/\/dev4.devmitsinformatica.com\/en\/shop\/graffiti-rotulador-shop-barcelona\/on-the-run-markers\/otr-markers\/otr-060-paint-marker\/#primaryimage\",\"url\":\"https:\/\/dev4.devmitsinformatica.com\/wp-content\/uploads\/2018\/01\/on-the-run-060-paint-marker.jpg\",\"contentUrl\":\"https:\/\/dev4.devmitsinformatica.com\/wp-content\/uploads\/2018\/01\/on-the-run-060-paint-marker.jpg\",\"width\":1000,\"height\":1000,\"caption\":\"El marcador mas falsificado de la historia, on the run 1998, rotulador cl\u00e1sico de graffiti, marcador de pintura permanente.\"},{\"@type\":\"BreadcrumbList\",\"@id\":\"https:\/\/dev4.devmitsinformatica.com\/en\/shop\/graffiti-rotulador-shop-barcelona\/on-the-run-markers\/otr-markers\/otr-060-paint-marker\/#breadcrumb\",\"itemListElement\":[{\"@type\":\"ListItem\",\"position\":1,\"name\":\"Home\",\"item\":\"https:\/\/dev4.devmitsinformatica.com\/en\/\"},{\"@type\":\"ListItem\",\"position\":2,\"name\":\"Store\",\"item\":\"https:\/\/dev4.devmitsinformatica.com\/?page_id=38\"},{\"@type\":\"ListItem\",\"position\":3,\"name\":\"OTR 060 PAINT MARKERS\"}]},{\"@type\":\"WebSite\",\"@id\":\"https:\/\/dev4.devmitsinformatica.com\/en\/#website\",\"url\":\"https:\/\/dev4.devmitsinformatica.com\/en\/\",\"name\":\"ULTRAWIDE GRAFFITI SHOP\",\"description\":\"SPRAY GRAFFITI SHOP CAPS Y ROTULADORES\",\"publisher\":{\"@id\":\"https:\/\/dev4.devmitsinformatica.com\/en\/#organization\"},\"potentialAction\":[{\"@type\":\"SearchAction\",\"target\":{\"@type\":\"EntryPoint\",\"urlTemplate\":\"https:\/\/dev4.devmitsinformatica.com\/en\/?s={search_term_string}\"},\"query-input\":{\"@type\":\"PropertyValueSpecification\",\"valueRequired\":true,\"valueName\":\"search_term_string\"}}],\"inLanguage\":\"en-US\"},{\"@type\":\"Organization\",\"@id\":\"https:\/\/dev4.devmitsinformatica.com\/en\/#organization\",\"name\":\"ANDEN Graffiti Shop Barcelona\",\"url\":\"https:\/\/dev4.devmitsinformatica.com\/en\/\",\"logo\":{\"@type\":\"ImageObject\",\"inLanguage\":\"en-US\",\"@id\":\"https:\/\/dev4.devmitsinformatica.com\/en\/#\/schema\/logo\/image\/\",\"url\":\"https:\/\/dev4.devmitsinformatica.com\/wp-content\/uploads\/2016\/11\/graffiti-gallery-barcelona.png\",\"contentUrl\":\"https:\/\/dev4.devmitsinformatica.com\/wp-content\/uploads\/2016\/11\/graffiti-gallery-barcelona.png\",\"width\":386,\"height\":150,\"caption\":\"ANDEN Graffiti Shop Barcelona\"},\"image\":{\"@id\":\"https:\/\/dev4.devmitsinformatica.com\/en\/#\/schema\/logo\/image\/\"}}]}<\/script>\n<!-- \/ Yoast SEO plugin. -->","yoast_head_json":{"title":"OTR 060 PAINT MARKERS Ultrawide Graffiti Shop Barcelona","description":"OTR 060 PAINT MARKERS en Barcelona:OTR 060 PAINT MARKERS? OTR 060 PAINT MARKERS y mas. Arte y Graffiti Shop Barcelona. Spray, Colores, Rotuladores y OTR 060 PAINT MARKERS","robots":{"index":"index","follow":"follow","max-snippet":"max-snippet:-1","max-image-preview":"max-image-preview:large","max-video-preview":"max-video-preview:-1"},"canonical":"https:\/\/dev4.devmitsinformatica.com\/en\/shop\/graffiti-rotulador-shop-barcelona\/on-the-run-markers\/otr-markers\/otr-060-paint-marker\/","og_locale":"en_US","og_type":"article","og_title":"OTR 060 PAINT MARKERS Ultrawide Graffiti Shop Barcelona","og_description":"OTR 060 PAINT MARKERS en Barcelona:OTR 060 PAINT MARKERS? OTR 060 PAINT MARKERS y mas. Arte y Graffiti Shop Barcelona. Spray, Colores, Rotuladores y OTR 060 PAINT MARKERS","og_url":"https:\/\/dev4.devmitsinformatica.com\/en\/shop\/graffiti-rotulador-shop-barcelona\/on-the-run-markers\/otr-markers\/otr-060-paint-marker\/","og_site_name":"ULTRAWIDE GRAFFITI SHOP","article_modified_time":"2023-10-14T08:48:48+00:00","og_image":[{"width":1000,"height":1000,"url":"https:\/\/dev4.devmitsinformatica.com\/wp-content\/uploads\/2018\/01\/on-the-run-060-paint-marker.jpg","type":"image\/jpeg"}],"twitter_card":"summary_large_image","twitter_misc":{"Est. reading time":"1 minute"},"schema":{"@context":"https:\/\/schema.org","@graph":[{"@type":"WebPage","@id":"https:\/\/dev4.devmitsinformatica.com\/en\/shop\/graffiti-rotulador-shop-barcelona\/on-the-run-markers\/otr-markers\/otr-060-paint-marker\/","url":"https:\/\/dev4.devmitsinformatica.com\/en\/shop\/graffiti-rotulador-shop-barcelona\/on-the-run-markers\/otr-markers\/otr-060-paint-marker\/","name":"OTR 060 PAINT MARKERS Ultrawide Graffiti Shop Barcelona","isPartOf":{"@id":"https:\/\/dev4.devmitsinformatica.com\/en\/#website"},"primaryImageOfPage":{"@id":"https:\/\/dev4.devmitsinformatica.com\/en\/shop\/graffiti-rotulador-shop-barcelona\/on-the-run-markers\/otr-markers\/otr-060-paint-marker\/#primaryimage"},"image":{"@id":"https:\/\/dev4.devmitsinformatica.com\/en\/shop\/graffiti-rotulador-shop-barcelona\/on-the-run-markers\/otr-markers\/otr-060-paint-marker\/#primaryimage"},"thumbnailUrl":"https:\/\/dev4.devmitsinformatica.com\/wp-content\/uploads\/2018\/01\/on-the-run-060-paint-marker.jpg","datePublished":"2018-01-10T10:18:42+00:00","dateModified":"2023-10-14T08:48:48+00:00","description":"OTR 060 PAINT MARKERS en Barcelona:OTR 060 PAINT MARKERS? OTR 060 PAINT MARKERS y mas. Arte y Graffiti Shop Barcelona. Spray, Colores, Rotuladores y OTR 060 PAINT MARKERS","breadcrumb":{"@id":"https:\/\/dev4.devmitsinformatica.com\/en\/shop\/graffiti-rotulador-shop-barcelona\/on-the-run-markers\/otr-markers\/otr-060-paint-marker\/#breadcrumb"},"inLanguage":"en-US","potentialAction":[{"@type":"ReadAction","target":["https:\/\/dev4.devmitsinformatica.com\/en\/shop\/graffiti-rotulador-shop-barcelona\/on-the-run-markers\/otr-markers\/otr-060-paint-marker\/"]}]},{"@type":"ImageObject","inLanguage":"en-US","@id":"https:\/\/dev4.devmitsinformatica.com\/en\/shop\/graffiti-rotulador-shop-barcelona\/on-the-run-markers\/otr-markers\/otr-060-paint-marker\/#primaryimage","url":"https:\/\/dev4.devmitsinformatica.com\/wp-content\/uploads\/2018\/01\/on-the-run-060-paint-marker.jpg","contentUrl":"https:\/\/dev4.devmitsinformatica.com\/wp-content\/uploads\/2018\/01\/on-the-run-060-paint-marker.jpg","width":1000,"height":1000,"caption":"El marcador mas falsificado de la historia, on the run 1998, rotulador cl\u00e1sico de graffiti, marcador de pintura permanente."},{"@type":"BreadcrumbList","@id":"https:\/\/dev4.devmitsinformatica.com\/en\/shop\/graffiti-rotulador-shop-barcelona\/on-the-run-markers\/otr-markers\/otr-060-paint-marker\/#breadcrumb","itemListElement":[{"@type":"ListItem","position":1,"name":"Home","item":"https:\/\/dev4.devmitsinformatica.com\/en\/"},{"@type":"ListItem","position":2,"name":"Store","item":"https:\/\/dev4.devmitsinformatica.com\/?page_id=38"},{"@type":"ListItem","position":3,"name":"OTR 060 PAINT MARKERS"}]},{"@type":"WebSite","@id":"https:\/\/dev4.devmitsinformatica.com\/en\/#website","url":"https:\/\/dev4.devmitsinformatica.com\/en\/","name":"ULTRAWIDE GRAFFITI SHOP","description":"SPRAY GRAFFITI SHOP CAPS Y ROTULADORES","publisher":{"@id":"https:\/\/dev4.devmitsinformatica.com\/en\/#organization"},"potentialAction":[{"@type":"SearchAction","target":{"@type":"EntryPoint","urlTemplate":"https:\/\/dev4.devmitsinformatica.com\/en\/?s={search_term_string}"},"query-input":{"@type":"PropertyValueSpecification","valueRequired":true,"valueName":"search_term_string"}}],"inLanguage":"en-US"},{"@type":"Organization","@id":"https:\/\/dev4.devmitsinformatica.com\/en\/#organization","name":"ANDEN Graffiti Shop Barcelona","url":"https:\/\/dev4.devmitsinformatica.com\/en\/","logo":{"@type":"ImageObject","inLanguage":"en-US","@id":"https:\/\/dev4.devmitsinformatica.com\/en\/#\/schema\/logo\/image\/","url":"https:\/\/dev4.devmitsinformatica.com\/wp-content\/uploads\/2016\/11\/graffiti-gallery-barcelona.png","contentUrl":"https:\/\/dev4.devmitsinformatica.com\/wp-content\/uploads\/2016\/11\/graffiti-gallery-barcelona.png","width":386,"height":150,"caption":"ANDEN Graffiti Shop Barcelona"},"image":{"@id":"https:\/\/dev4.devmitsinformatica.com\/en\/#\/schema\/logo\/image\/"}}]}},"_links":{"self":[{"href":"https:\/\/dev4.devmitsinformatica.com\/en\/wp-json\/wp\/v2\/product\/5589","targetHints":{"allow":["GET"]}}],"collection":[{"href":"https:\/\/dev4.devmitsinformatica.com\/en\/wp-json\/wp\/v2\/product"}],"about":[{"href":"https:\/\/dev4.devmitsinformatica.com\/en\/wp-json\/wp\/v2\/types\/product"}],"replies":[{"embeddable":true,"href":"https:\/\/dev4.devmitsinformatica.com\/en\/wp-json\/wp\/v2\/comments?post=5589"}],"version-history":[{"count":0,"href":"https:\/\/dev4.devmitsinformatica.com\/en\/wp-json\/wp\/v2\/product\/5589\/revisions"}],"wp:featuredmedia":[{"embeddable":true,"href":"https:\/\/dev4.devmitsinformatica.com\/en\/wp-json\/wp\/v2\/media\/5590"}],"wp:attachment":[{"href":"https:\/\/dev4.devmitsinformatica.com\/en\/wp-json\/wp\/v2\/media?parent=5589"}],"wp:term":[{"taxonomy":"product_brand","embeddable":true,"href":"https:\/\/dev4.devmitsinformatica.com\/en\/wp-json\/wp\/v2\/product_brand?post=5589"},{"taxonomy":"product_cat","embeddable":true,"href":"https:\/\/dev4.devmitsinformatica.com\/en\/wp-json\/wp\/v2\/product_cat?post=5589"},{"taxonomy":"product_tag","embeddable":true,"href":"https:\/\/dev4.devmitsinformatica.com\/en\/wp-json\/wp\/v2\/product_tag?post=5589"}],"curies":[{"name":"wp","href":"https:\/\/api.w.org\/{rel}","templated":true}]}}