{"id":5611,"date":"2018-01-10T12:46:00","date_gmt":"2018-01-10T12:46:00","guid":{"rendered":"https:\/\/dev4.devmitsinformatica.com\/?post_type=product&#038;p=5611"},"modified":"2023-10-14T08:42:48","modified_gmt":"2023-10-14T08:42:48","slug":"otr-chrome-metallic-060","status":"publish","type":"product","link":"https:\/\/dev4.devmitsinformatica.com\/en\/shop\/graffiti-rotulador-shop-barcelona\/on-the-run-markers\/otr-markers\/otr-chrome-metallic-060\/","title":{"rendered":"OTR CHROME METALLICS 060"},"content":{"rendered":"<p><strong>OTR CHROME METALLICS 060<\/strong>. El OTR.060 es el marcador de graffiti m\u00e1s popular del mundo desde 1998. Se ha probado a s\u00ed mismo millones de veces, evidenciado tambi\u00e9n por ser la herramienta de Graffiti m\u00e1s falsificada de la historia. La confiabilidad y calidad del original fabricadas en Alemania son apreciadas en m\u00e1s de 50 pa\u00edses.<\/p>\n<p>Hasta hoy, el OTR.060 se hace \u00fanico por el procesamiento preciso y la mejora continua de sus componentes, que se desarrollan con los m\u00e1s altos est\u00e1ndares industriales.<\/p>\n<p>Los rotuladores met\u00e1licos de otr\u00a0 pertenecen a la linea de paint markers, se componen de pintura al alcohol con gran cubrici\u00f3n y opacidad. Esto los convierte en unos de los rotuladores mejor valorados del mercado. Particularmente la l\u00ednea metalizada de estos rotuladores confiere un acabado con part\u00edculas metalizadas que recuerda a los acabados de plancha y carrocer\u00eda.<\/p>\n<p>SU v\u00e1lvula finamente ajustable en combinaci\u00f3n con el fieltro de alta calidad (Hecho en Jap\u00f3n), permite un flujo de pintura controlada con precisi\u00f3n. El contenedor de pintura transparente y rellenable muestra el color exacto y el nivel de llenado. Schock-resitant y con un l\u00edmite de cierre seguro: estos son los elementos b\u00e1sicos para muchos de nuestros cl\u00e1sicos, desde OTR.070 Hard to Buff hasta OTR.184 FLOWPEN.<\/p>\n<p>Los 24 tonos de pintura s\u00faper permanente son muy brillantes y tienen una opacidad extremadamente alta.<\/p>\n","protected":false},"excerpt":{"rendered":"<p>Versi\u00f3n metalizada de la linea OTR 060 paint marker, OTR metallic paint marker es un rotulador permanente cuyo acabado proporciona un efecto met\u00e1lico.<\/p>\n<p>El Marcador OTR 060 es un marcador de pintura permanente con punta de 15mm standard, rellenable y de puntas reposicionables como toda la l\u00ednea on the run. Es un rotulador de gran opacidad y cubrici\u00f3n con acabado brillante. Se trata del marcador mas popular del mundo del graffiti desde 1998 siendo la herramienta de graffiti mas falsificada de la historia por otras marcas debido a su sistema de recarga y su flujo de pintura controlada.<\/p>\n<p>(Los colores expuestos en la tabla son orientativos).<\/p>\n<p>Disponible en 24 Colores diferentes junto incluyendo fluor y metallics.<\/p>\n","protected":false},"featured_media":5612,"comment_status":"open","ping_status":"closed","template":"","meta":{"site-sidebar-layout":"default","site-content-layout":"","ast-site-content-layout":"default","site-content-style":"default","site-sidebar-style":"default","ast-global-header-display":"","ast-banner-title-visibility":"","ast-main-header-display":"","ast-hfb-above-header-display":"","ast-hfb-below-header-display":"","ast-hfb-mobile-header-display":"","site-post-title":"","ast-breadcrumbs-content":"","ast-featured-img":"","footer-sml-layout":"","ast-disable-related-posts":"","theme-transparent-header-meta":"","adv-header-id-meta":"","stick-header-meta":"","header-above-stick-meta":"","header-main-stick-meta":"","header-below-stick-meta":"","astra-migrate-meta-layouts":"default","ast-page-background-enabled":"default","ast-page-background-meta":{"desktop":{"background-color":"","background-image":"","background-repeat":"repeat","background-position":"center center","background-size":"auto","background-attachment":"scroll","background-type":"","background-media":"","overlay-type":"","overlay-color":"","overlay-opacity":"","overlay-gradient":""},"tablet":{"background-color":"","background-image":"","background-repeat":"repeat","background-position":"center center","background-size":"auto","background-attachment":"scroll","background-type":"","background-media":"","overlay-type":"","overlay-color":"","overlay-opacity":"","overlay-gradient":""},"mobile":{"background-color":"","background-image":"","background-repeat":"repeat","background-position":"center center","background-size":"auto","background-attachment":"scroll","background-type":"","background-media":"","overlay-type":"","overlay-color":"","overlay-opacity":"","overlay-gradient":""}},"ast-content-background-meta":{"desktop":{"background-color":"var(--ast-global-color-5)","background-image":"","background-repeat":"repeat","background-position":"center center","background-size":"auto","background-attachment":"scroll","background-type":"","background-media":"","overlay-type":"","overlay-color":"","overlay-opacity":"","overlay-gradient":""},"tablet":{"background-color":"var(--ast-global-color-5)","background-image":"","background-repeat":"repeat","background-position":"center center","background-size":"auto","background-attachment":"scroll","background-type":"","background-media":"","overlay-type":"","overlay-color":"","overlay-opacity":"","overlay-gradient":""},"mobile":{"background-color":"var(--ast-global-color-5)","background-image":"","background-repeat":"repeat","background-position":"center center","background-size":"auto","background-attachment":"scroll","background-type":"","background-media":"","overlay-type":"","overlay-color":"","overlay-opacity":"","overlay-gradient":""}}},"product_brand":[],"product_cat":[7,2253,2609],"product_tag":[3657,2332,3655,3658,2296,2331,2333,835,2330,3656,2313,3654],"class_list":{"0":"post-5611","1":"product","2":"type-product","3":"status-publish","4":"has-post-thumbnail","6":"product_cat-graffiti-rotulador-shop-barcelona","7":"product_cat-on-the-run-markers","8":"product_cat-otr-markers","9":"product_tag-distribuidor-montana","10":"product_tag-marcador-de-pintura-metalizada","11":"product_tag-metal-markers","12":"product_tag-montana-cans-spain","13":"product_tag-on-the-run","14":"product_tag-otr-060-metallic","15":"product_tag-paint-marker-metallic","16":"product_tag-rotulador-metalico","17":"product_tag-rotulador-metalico-permanente","18":"product_tag-rotulador-pintura-metalizada","19":"product_tag-rotulador-profesional","20":"product_tag-rotuladores-metalizados","21":"pa_color-chrome-blue","22":"pa_color-chrome-copper","23":"pa_color-chrome-gold","24":"pa_color-chrome-green","25":"pa_color-chrome-red","26":"pa_color-chrome-silver","27":"pa_color-chrome-violet","28":"desktop-align-left","29":"tablet-align-left","30":"mobile-align-left","32":"first","33":"instock","34":"purchasable","35":"product-type-variable"},"yoast_head":"<!-- This site is optimized with the Yoast SEO plugin v27.0 - https:\/\/yoast.com\/product\/yoast-seo-wordpress\/ -->\n<title>OTR CHROME METALLICS 060 Ultrawide Graffiti Shop Barcelona<\/title>\n<meta name=\"description\" content=\"OTR CHROME METALLICS 060 en Barcelona:OTR CHROME METALLICS 060? OTR CHROME METALLICS 060 y mas. Arte y Graffiti Shop Barcelona. Spray, Colores, Rotuladores y OTR CHROME METALLICS 060\" \/>\n<meta name=\"robots\" content=\"index, follow, max-snippet:-1, max-image-preview:large, max-video-preview:-1\" \/>\n<link rel=\"canonical\" href=\"https:\/\/dev4.devmitsinformatica.com\/en\/shop\/graffiti-rotulador-shop-barcelona\/on-the-run-markers\/otr-markers\/otr-chrome-metallic-060\/\" \/>\n<meta property=\"og:locale\" content=\"en_US\" \/>\n<meta property=\"og:type\" content=\"article\" \/>\n<meta property=\"og:title\" content=\"OTR CHROME METALLICS 060 Ultrawide Graffiti Shop Barcelona\" \/>\n<meta property=\"og:description\" content=\"OTR CHROME METALLICS 060 en Barcelona:OTR CHROME METALLICS 060? OTR CHROME METALLICS 060 y mas. Arte y Graffiti Shop Barcelona. Spray, Colores, Rotuladores y OTR CHROME METALLICS 060\" \/>\n<meta property=\"og:url\" content=\"https:\/\/dev4.devmitsinformatica.com\/en\/shop\/graffiti-rotulador-shop-barcelona\/on-the-run-markers\/otr-markers\/otr-chrome-metallic-060\/\" \/>\n<meta property=\"og:site_name\" content=\"ULTRAWIDE GRAFFITI SHOP\" \/>\n<meta property=\"article:modified_time\" content=\"2023-10-14T08:42:48+00:00\" \/>\n<meta property=\"og:image\" content=\"https:\/\/dev4.devmitsinformatica.com\/wp-content\/uploads\/2018\/01\/metallic-otr.jpeg\" \/>\n\t<meta property=\"og:image:width\" content=\"355\" \/>\n\t<meta property=\"og:image:height\" content=\"355\" \/>\n\t<meta property=\"og:image:type\" content=\"image\/jpeg\" \/>\n<meta name=\"twitter:card\" content=\"summary_large_image\" \/>\n<meta name=\"twitter:label1\" content=\"Est. reading time\" \/>\n\t<meta name=\"twitter:data1\" content=\"1 minute\" \/>\n<script type=\"application\/ld+json\" class=\"yoast-schema-graph\">{\"@context\":\"https:\/\/schema.org\",\"@graph\":[{\"@type\":\"WebPage\",\"@id\":\"https:\/\/dev4.devmitsinformatica.com\/en\/shop\/graffiti-rotulador-shop-barcelona\/on-the-run-markers\/otr-markers\/otr-chrome-metallic-060\/\",\"url\":\"https:\/\/dev4.devmitsinformatica.com\/en\/shop\/graffiti-rotulador-shop-barcelona\/on-the-run-markers\/otr-markers\/otr-chrome-metallic-060\/\",\"name\":\"OTR CHROME METALLICS 060 Ultrawide Graffiti Shop Barcelona\",\"isPartOf\":{\"@id\":\"https:\/\/dev4.devmitsinformatica.com\/en\/#website\"},\"primaryImageOfPage\":{\"@id\":\"https:\/\/dev4.devmitsinformatica.com\/en\/shop\/graffiti-rotulador-shop-barcelona\/on-the-run-markers\/otr-markers\/otr-chrome-metallic-060\/#primaryimage\"},\"image\":{\"@id\":\"https:\/\/dev4.devmitsinformatica.com\/en\/shop\/graffiti-rotulador-shop-barcelona\/on-the-run-markers\/otr-markers\/otr-chrome-metallic-060\/#primaryimage\"},\"thumbnailUrl\":\"https:\/\/dev4.devmitsinformatica.com\/wp-content\/uploads\/2018\/01\/metallic-otr.jpeg\",\"datePublished\":\"2018-01-10T12:46:00+00:00\",\"dateModified\":\"2023-10-14T08:42:48+00:00\",\"description\":\"OTR CHROME METALLICS 060 en Barcelona:OTR CHROME METALLICS 060? OTR CHROME METALLICS 060 y mas. Arte y Graffiti Shop Barcelona. Spray, Colores, Rotuladores y OTR CHROME METALLICS 060\",\"breadcrumb\":{\"@id\":\"https:\/\/dev4.devmitsinformatica.com\/en\/shop\/graffiti-rotulador-shop-barcelona\/on-the-run-markers\/otr-markers\/otr-chrome-metallic-060\/#breadcrumb\"},\"inLanguage\":\"en-US\",\"potentialAction\":[{\"@type\":\"ReadAction\",\"target\":[\"https:\/\/dev4.devmitsinformatica.com\/en\/shop\/graffiti-rotulador-shop-barcelona\/on-the-run-markers\/otr-markers\/otr-chrome-metallic-060\/\"]}]},{\"@type\":\"ImageObject\",\"inLanguage\":\"en-US\",\"@id\":\"https:\/\/dev4.devmitsinformatica.com\/en\/shop\/graffiti-rotulador-shop-barcelona\/on-the-run-markers\/otr-markers\/otr-chrome-metallic-060\/#primaryimage\",\"url\":\"https:\/\/dev4.devmitsinformatica.com\/wp-content\/uploads\/2018\/01\/metallic-otr.jpeg\",\"contentUrl\":\"https:\/\/dev4.devmitsinformatica.com\/wp-content\/uploads\/2018\/01\/metallic-otr.jpeg\",\"width\":355,\"height\":355,\"caption\":\"marcador on the run, rotulador metalico, rotulador de pintura met\u00e1lica, otr metall marker\"},{\"@type\":\"BreadcrumbList\",\"@id\":\"https:\/\/dev4.devmitsinformatica.com\/en\/shop\/graffiti-rotulador-shop-barcelona\/on-the-run-markers\/otr-markers\/otr-chrome-metallic-060\/#breadcrumb\",\"itemListElement\":[{\"@type\":\"ListItem\",\"position\":1,\"name\":\"Home\",\"item\":\"https:\/\/dev4.devmitsinformatica.com\/en\/\"},{\"@type\":\"ListItem\",\"position\":2,\"name\":\"Store\",\"item\":\"https:\/\/dev4.devmitsinformatica.com\/?page_id=38\"},{\"@type\":\"ListItem\",\"position\":3,\"name\":\"OTR CHROME METALLICS 060\"}]},{\"@type\":\"WebSite\",\"@id\":\"https:\/\/dev4.devmitsinformatica.com\/en\/#website\",\"url\":\"https:\/\/dev4.devmitsinformatica.com\/en\/\",\"name\":\"ULTRAWIDE GRAFFITI SHOP\",\"description\":\"SPRAY GRAFFITI SHOP CAPS Y ROTULADORES\",\"publisher\":{\"@id\":\"https:\/\/dev4.devmitsinformatica.com\/en\/#organization\"},\"potentialAction\":[{\"@type\":\"SearchAction\",\"target\":{\"@type\":\"EntryPoint\",\"urlTemplate\":\"https:\/\/dev4.devmitsinformatica.com\/en\/?s={search_term_string}\"},\"query-input\":{\"@type\":\"PropertyValueSpecification\",\"valueRequired\":true,\"valueName\":\"search_term_string\"}}],\"inLanguage\":\"en-US\"},{\"@type\":\"Organization\",\"@id\":\"https:\/\/dev4.devmitsinformatica.com\/en\/#organization\",\"name\":\"ANDEN Graffiti Shop Barcelona\",\"url\":\"https:\/\/dev4.devmitsinformatica.com\/en\/\",\"logo\":{\"@type\":\"ImageObject\",\"inLanguage\":\"en-US\",\"@id\":\"https:\/\/dev4.devmitsinformatica.com\/en\/#\/schema\/logo\/image\/\",\"url\":\"https:\/\/dev4.devmitsinformatica.com\/wp-content\/uploads\/2016\/11\/graffiti-gallery-barcelona.png\",\"contentUrl\":\"https:\/\/dev4.devmitsinformatica.com\/wp-content\/uploads\/2016\/11\/graffiti-gallery-barcelona.png\",\"width\":386,\"height\":150,\"caption\":\"ANDEN Graffiti Shop Barcelona\"},\"image\":{\"@id\":\"https:\/\/dev4.devmitsinformatica.com\/en\/#\/schema\/logo\/image\/\"}}]}<\/script>\n<!-- \/ Yoast SEO plugin. -->","yoast_head_json":{"title":"OTR CHROME METALLICS 060 Ultrawide Graffiti Shop Barcelona","description":"OTR CHROME METALLICS 060 en Barcelona:OTR CHROME METALLICS 060? OTR CHROME METALLICS 060 y mas. Arte y Graffiti Shop Barcelona. Spray, Colores, Rotuladores y OTR CHROME METALLICS 060","robots":{"index":"index","follow":"follow","max-snippet":"max-snippet:-1","max-image-preview":"max-image-preview:large","max-video-preview":"max-video-preview:-1"},"canonical":"https:\/\/dev4.devmitsinformatica.com\/en\/shop\/graffiti-rotulador-shop-barcelona\/on-the-run-markers\/otr-markers\/otr-chrome-metallic-060\/","og_locale":"en_US","og_type":"article","og_title":"OTR CHROME METALLICS 060 Ultrawide Graffiti Shop Barcelona","og_description":"OTR CHROME METALLICS 060 en Barcelona:OTR CHROME METALLICS 060? OTR CHROME METALLICS 060 y mas. Arte y Graffiti Shop Barcelona. Spray, Colores, Rotuladores y OTR CHROME METALLICS 060","og_url":"https:\/\/dev4.devmitsinformatica.com\/en\/shop\/graffiti-rotulador-shop-barcelona\/on-the-run-markers\/otr-markers\/otr-chrome-metallic-060\/","og_site_name":"ULTRAWIDE GRAFFITI SHOP","article_modified_time":"2023-10-14T08:42:48+00:00","og_image":[{"width":355,"height":355,"url":"https:\/\/dev4.devmitsinformatica.com\/wp-content\/uploads\/2018\/01\/metallic-otr.jpeg","type":"image\/jpeg"}],"twitter_card":"summary_large_image","twitter_misc":{"Est. reading time":"1 minute"},"schema":{"@context":"https:\/\/schema.org","@graph":[{"@type":"WebPage","@id":"https:\/\/dev4.devmitsinformatica.com\/en\/shop\/graffiti-rotulador-shop-barcelona\/on-the-run-markers\/otr-markers\/otr-chrome-metallic-060\/","url":"https:\/\/dev4.devmitsinformatica.com\/en\/shop\/graffiti-rotulador-shop-barcelona\/on-the-run-markers\/otr-markers\/otr-chrome-metallic-060\/","name":"OTR CHROME METALLICS 060 Ultrawide Graffiti Shop Barcelona","isPartOf":{"@id":"https:\/\/dev4.devmitsinformatica.com\/en\/#website"},"primaryImageOfPage":{"@id":"https:\/\/dev4.devmitsinformatica.com\/en\/shop\/graffiti-rotulador-shop-barcelona\/on-the-run-markers\/otr-markers\/otr-chrome-metallic-060\/#primaryimage"},"image":{"@id":"https:\/\/dev4.devmitsinformatica.com\/en\/shop\/graffiti-rotulador-shop-barcelona\/on-the-run-markers\/otr-markers\/otr-chrome-metallic-060\/#primaryimage"},"thumbnailUrl":"https:\/\/dev4.devmitsinformatica.com\/wp-content\/uploads\/2018\/01\/metallic-otr.jpeg","datePublished":"2018-01-10T12:46:00+00:00","dateModified":"2023-10-14T08:42:48+00:00","description":"OTR CHROME METALLICS 060 en Barcelona:OTR CHROME METALLICS 060? OTR CHROME METALLICS 060 y mas. Arte y Graffiti Shop Barcelona. Spray, Colores, Rotuladores y OTR CHROME METALLICS 060","breadcrumb":{"@id":"https:\/\/dev4.devmitsinformatica.com\/en\/shop\/graffiti-rotulador-shop-barcelona\/on-the-run-markers\/otr-markers\/otr-chrome-metallic-060\/#breadcrumb"},"inLanguage":"en-US","potentialAction":[{"@type":"ReadAction","target":["https:\/\/dev4.devmitsinformatica.com\/en\/shop\/graffiti-rotulador-shop-barcelona\/on-the-run-markers\/otr-markers\/otr-chrome-metallic-060\/"]}]},{"@type":"ImageObject","inLanguage":"en-US","@id":"https:\/\/dev4.devmitsinformatica.com\/en\/shop\/graffiti-rotulador-shop-barcelona\/on-the-run-markers\/otr-markers\/otr-chrome-metallic-060\/#primaryimage","url":"https:\/\/dev4.devmitsinformatica.com\/wp-content\/uploads\/2018\/01\/metallic-otr.jpeg","contentUrl":"https:\/\/dev4.devmitsinformatica.com\/wp-content\/uploads\/2018\/01\/metallic-otr.jpeg","width":355,"height":355,"caption":"marcador on the run, rotulador metalico, rotulador de pintura met\u00e1lica, otr metall marker"},{"@type":"BreadcrumbList","@id":"https:\/\/dev4.devmitsinformatica.com\/en\/shop\/graffiti-rotulador-shop-barcelona\/on-the-run-markers\/otr-markers\/otr-chrome-metallic-060\/#breadcrumb","itemListElement":[{"@type":"ListItem","position":1,"name":"Home","item":"https:\/\/dev4.devmitsinformatica.com\/en\/"},{"@type":"ListItem","position":2,"name":"Store","item":"https:\/\/dev4.devmitsinformatica.com\/?page_id=38"},{"@type":"ListItem","position":3,"name":"OTR CHROME METALLICS 060"}]},{"@type":"WebSite","@id":"https:\/\/dev4.devmitsinformatica.com\/en\/#website","url":"https:\/\/dev4.devmitsinformatica.com\/en\/","name":"ULTRAWIDE GRAFFITI SHOP","description":"SPRAY GRAFFITI SHOP CAPS Y ROTULADORES","publisher":{"@id":"https:\/\/dev4.devmitsinformatica.com\/en\/#organization"},"potentialAction":[{"@type":"SearchAction","target":{"@type":"EntryPoint","urlTemplate":"https:\/\/dev4.devmitsinformatica.com\/en\/?s={search_term_string}"},"query-input":{"@type":"PropertyValueSpecification","valueRequired":true,"valueName":"search_term_string"}}],"inLanguage":"en-US"},{"@type":"Organization","@id":"https:\/\/dev4.devmitsinformatica.com\/en\/#organization","name":"ANDEN Graffiti Shop Barcelona","url":"https:\/\/dev4.devmitsinformatica.com\/en\/","logo":{"@type":"ImageObject","inLanguage":"en-US","@id":"https:\/\/dev4.devmitsinformatica.com\/en\/#\/schema\/logo\/image\/","url":"https:\/\/dev4.devmitsinformatica.com\/wp-content\/uploads\/2016\/11\/graffiti-gallery-barcelona.png","contentUrl":"https:\/\/dev4.devmitsinformatica.com\/wp-content\/uploads\/2016\/11\/graffiti-gallery-barcelona.png","width":386,"height":150,"caption":"ANDEN Graffiti Shop Barcelona"},"image":{"@id":"https:\/\/dev4.devmitsinformatica.com\/en\/#\/schema\/logo\/image\/"}}]}},"_links":{"self":[{"href":"https:\/\/dev4.devmitsinformatica.com\/en\/wp-json\/wp\/v2\/product\/5611","targetHints":{"allow":["GET"]}}],"collection":[{"href":"https:\/\/dev4.devmitsinformatica.com\/en\/wp-json\/wp\/v2\/product"}],"about":[{"href":"https:\/\/dev4.devmitsinformatica.com\/en\/wp-json\/wp\/v2\/types\/product"}],"replies":[{"embeddable":true,"href":"https:\/\/dev4.devmitsinformatica.com\/en\/wp-json\/wp\/v2\/comments?post=5611"}],"version-history":[{"count":0,"href":"https:\/\/dev4.devmitsinformatica.com\/en\/wp-json\/wp\/v2\/product\/5611\/revisions"}],"wp:featuredmedia":[{"embeddable":true,"href":"https:\/\/dev4.devmitsinformatica.com\/en\/wp-json\/wp\/v2\/media\/5612"}],"wp:attachment":[{"href":"https:\/\/dev4.devmitsinformatica.com\/en\/wp-json\/wp\/v2\/media?parent=5611"}],"wp:term":[{"taxonomy":"product_brand","embeddable":true,"href":"https:\/\/dev4.devmitsinformatica.com\/en\/wp-json\/wp\/v2\/product_brand?post=5611"},{"taxonomy":"product_cat","embeddable":true,"href":"https:\/\/dev4.devmitsinformatica.com\/en\/wp-json\/wp\/v2\/product_cat?post=5611"},{"taxonomy":"product_tag","embeddable":true,"href":"https:\/\/dev4.devmitsinformatica.com\/en\/wp-json\/wp\/v2\/product_tag?post=5611"}],"curies":[{"name":"wp","href":"https:\/\/api.w.org\/{rel}","templated":true}]}}