{"id":5655,"date":"2018-01-10T22:40:13","date_gmt":"2018-01-10T22:40:13","guid":{"rendered":"https:\/\/dev4.devmitsinformatica.com\/?post_type=product&#038;p=5655"},"modified":"2023-10-14T08:22:35","modified_gmt":"2023-10-14T08:22:35","slug":"tinta-permanente-flowpen","status":"publish","type":"product","link":"https:\/\/dev4.devmitsinformatica.com\/en\/shop\/graffiti-tintas-y-pinturas-shop-barcelona\/otr-refills\/tinta-permanente-flowpen\/","title":{"rendered":"TINTA PERMANENTE FLOWPEN"},"content":{"rendered":"<p><em><strong>TINTA PERMANENTE FLOWPEN<\/strong><\/em>. OTR.984 es una tinta s\u00faper permanente de alta calidad a base de alcohol. Optimizado para ON THE RUN FLOWPEN OTR.084 y 184 y <strong>On The Run SOULTIP squeeze<\/strong> marcadores, esta tinta funciona perfectamente con una amplia variedad de instrumentos de pintura y escritura. Multiusos! Para uso en interiores y exteriores. Funciona en papel, metal, pl\u00e1stico, vidrio y piedra. Se puede usar en lienzos, paredes, medios mixtos y muchas otras superficies. \u00a1Lo mejor en superficies lisas y sin polvo! Utilice el OTR.984 con marcadores de tinta a base de alcohol, marcadores de v\u00e1lvula acci\u00f3n de bomba, pinceles vacios, etc&#8230;\u00a0\u00a1F\u00f3rmula nueva y mejorada!<\/p>\n<p>La tinta indeleble de on the run, Flowpen Ink, es una tinta permanente que se presenta en diferentes colores de 210ml de capacidad y una pigmentaci\u00f3n extraordinaria como nos viene acostumbrando la marca Alemana.<\/p>\n<p>Buscas tinta permanente? Ultrawide tiene tinta permanente online y mas. Pide ahora tus tintas on the run con envio a toda Espa\u00f1a gratis a partir de 100 euros o visita nuestra tienda f\u00edsica y conoce de primera mano todos los productos OTR que te ofrece la marca de Berl\u00edn. Ultrawide es distribuidor oficial de la marca on the run en Espa\u00f1a.<\/p>\n","protected":false},"excerpt":{"rendered":"<p>La tinta OTR FLOWPEN es una tinta de recarga de 210ml y acabado brillante, esta disponible en 9 colores y es permanente de base alcohol. Se puede utilizar sobre cualquier superf\u00edcie. A diferencia de las pinturas al alcohol, la tinta Flowpen es mas fluida lo que la hace ideal para marcadores de chorreo tipo squeeze. Lea su descripci\u00f3n abajo para mas detalles.<\/p>\n","protected":false},"featured_media":5656,"comment_status":"open","ping_status":"closed","template":"","meta":{"site-sidebar-layout":"default","site-content-layout":"","ast-site-content-layout":"default","site-content-style":"default","site-sidebar-style":"default","ast-global-header-display":"","ast-banner-title-visibility":"","ast-main-header-display":"","ast-hfb-above-header-display":"","ast-hfb-below-header-display":"","ast-hfb-mobile-header-display":"","site-post-title":"","ast-breadcrumbs-content":"","ast-featured-img":"","footer-sml-layout":"","ast-disable-related-posts":"","theme-transparent-header-meta":"","adv-header-id-meta":"","stick-header-meta":"","header-above-stick-meta":"","header-main-stick-meta":"","header-below-stick-meta":"","astra-migrate-meta-layouts":"default","ast-page-background-enabled":"default","ast-page-background-meta":{"desktop":{"background-color":"","background-image":"","background-repeat":"repeat","background-position":"center center","background-size":"auto","background-attachment":"scroll","background-type":"","background-media":"","overlay-type":"","overlay-color":"","overlay-opacity":"","overlay-gradient":""},"tablet":{"background-color":"","background-image":"","background-repeat":"repeat","background-position":"center center","background-size":"auto","background-attachment":"scroll","background-type":"","background-media":"","overlay-type":"","overlay-color":"","overlay-opacity":"","overlay-gradient":""},"mobile":{"background-color":"","background-image":"","background-repeat":"repeat","background-position":"center center","background-size":"auto","background-attachment":"scroll","background-type":"","background-media":"","overlay-type":"","overlay-color":"","overlay-opacity":"","overlay-gradient":""}},"ast-content-background-meta":{"desktop":{"background-color":"var(--ast-global-color-5)","background-image":"","background-repeat":"repeat","background-position":"center center","background-size":"auto","background-attachment":"scroll","background-type":"","background-media":"","overlay-type":"","overlay-color":"","overlay-opacity":"","overlay-gradient":""},"tablet":{"background-color":"var(--ast-global-color-5)","background-image":"","background-repeat":"repeat","background-position":"center center","background-size":"auto","background-attachment":"scroll","background-type":"","background-media":"","overlay-type":"","overlay-color":"","overlay-opacity":"","overlay-gradient":""},"mobile":{"background-color":"var(--ast-global-color-5)","background-image":"","background-repeat":"repeat","background-position":"center center","background-size":"auto","background-attachment":"scroll","background-type":"","background-media":"","overlay-type":"","overlay-color":"","overlay-opacity":"","overlay-gradient":""}}},"product_brand":[],"product_cat":[607,2376],"product_tag":[2378,3641,2379,2380,3639,2377,3640,3643,3642],"class_list":{"0":"post-5655","1":"product","2":"type-product","3":"status-publish","4":"has-post-thumbnail","6":"product_cat-graffiti-tintas-y-pinturas-shop-barcelona","7":"product_cat-otr-refills","8":"product_tag-flowpen-ink","9":"product_tag-on-the-run-tintas","10":"product_tag-recarga-marcadores","11":"product_tag-tinta-base-alcohol","12":"product_tag-tinta-colores","13":"product_tag-tinta-permanente","14":"product_tag-tintas-de-alcohol","15":"product_tag-tintas-de-colores-permanentes","16":"product_tag-tintas-indelebles","17":"pa_color-black-2","18":"pa_color-blazing-red","19":"pa_color-dark-pink","20":"pa_color-grass-green-2","21":"pa_color-hot-chocolat","22":"pa_color-light-blue-2","23":"pa_color-royal-blue-2","24":"pa_color-violet-2","25":"pa_color-yellow","26":"desktop-align-left","27":"tablet-align-left","28":"mobile-align-left","30":"first","31":"instock","32":"purchasable","33":"product-type-variable"},"yoast_head":"<!-- This site is optimized with the Yoast SEO plugin v27.0 - https:\/\/yoast.com\/product\/yoast-seo-wordpress\/ -->\n<title>TINTA PERMANENTE FLOWPEN Ultrawide Graffiti Shop Barcelona<\/title>\n<meta name=\"description\" content=\"TINTA PERMANENTE FLOWPEN en Barcelona:TINTA PERMANENTE FLOWPEN? TINTA PERMANENTE FLOWPEN y mas. Arte y Graffiti Shop Barcelona. Spray, Colores, Rotuladores y TINTA PERMANENTE FLOWPEN\" \/>\n<meta name=\"robots\" content=\"index, follow, max-snippet:-1, max-image-preview:large, max-video-preview:-1\" \/>\n<link rel=\"canonical\" href=\"https:\/\/dev4.devmitsinformatica.com\/en\/shop\/graffiti-tintas-y-pinturas-shop-barcelona\/otr-refills\/tinta-permanente-flowpen\/\" \/>\n<meta property=\"og:locale\" content=\"en_US\" \/>\n<meta property=\"og:type\" content=\"article\" \/>\n<meta property=\"og:title\" content=\"TINTA PERMANENTE FLOWPEN Ultrawide Graffiti Shop Barcelona\" \/>\n<meta property=\"og:description\" content=\"TINTA PERMANENTE FLOWPEN en Barcelona:TINTA PERMANENTE FLOWPEN? TINTA PERMANENTE FLOWPEN y mas. Arte y Graffiti Shop Barcelona. Spray, Colores, Rotuladores y TINTA PERMANENTE FLOWPEN\" \/>\n<meta property=\"og:url\" content=\"https:\/\/dev4.devmitsinformatica.com\/en\/shop\/graffiti-tintas-y-pinturas-shop-barcelona\/otr-refills\/tinta-permanente-flowpen\/\" \/>\n<meta property=\"og:site_name\" content=\"ULTRAWIDE GRAFFITI SHOP\" \/>\n<meta property=\"article:modified_time\" content=\"2023-10-14T08:22:35+00:00\" \/>\n<meta property=\"og:image\" content=\"https:\/\/dev4.devmitsinformatica.com\/wp-content\/uploads\/2018\/01\/FLOWPEN-INK.jpg\" \/>\n\t<meta property=\"og:image:width\" content=\"1000\" \/>\n\t<meta property=\"og:image:height\" content=\"1000\" \/>\n\t<meta property=\"og:image:type\" content=\"image\/jpeg\" \/>\n<meta name=\"twitter:card\" content=\"summary_large_image\" \/>\n<meta name=\"twitter:label1\" content=\"Est. reading time\" \/>\n\t<meta name=\"twitter:data1\" content=\"1 minute\" \/>\n<script type=\"application\/ld+json\" class=\"yoast-schema-graph\">{\"@context\":\"https:\/\/schema.org\",\"@graph\":[{\"@type\":\"WebPage\",\"@id\":\"https:\/\/dev4.devmitsinformatica.com\/en\/shop\/graffiti-tintas-y-pinturas-shop-barcelona\/otr-refills\/tinta-permanente-flowpen\/\",\"url\":\"https:\/\/dev4.devmitsinformatica.com\/en\/shop\/graffiti-tintas-y-pinturas-shop-barcelona\/otr-refills\/tinta-permanente-flowpen\/\",\"name\":\"TINTA PERMANENTE FLOWPEN Ultrawide Graffiti Shop Barcelona\",\"isPartOf\":{\"@id\":\"https:\/\/dev4.devmitsinformatica.com\/en\/#website\"},\"primaryImageOfPage\":{\"@id\":\"https:\/\/dev4.devmitsinformatica.com\/en\/shop\/graffiti-tintas-y-pinturas-shop-barcelona\/otr-refills\/tinta-permanente-flowpen\/#primaryimage\"},\"image\":{\"@id\":\"https:\/\/dev4.devmitsinformatica.com\/en\/shop\/graffiti-tintas-y-pinturas-shop-barcelona\/otr-refills\/tinta-permanente-flowpen\/#primaryimage\"},\"thumbnailUrl\":\"https:\/\/dev4.devmitsinformatica.com\/wp-content\/uploads\/2018\/01\/FLOWPEN-INK.jpg\",\"datePublished\":\"2018-01-10T22:40:13+00:00\",\"dateModified\":\"2023-10-14T08:22:35+00:00\",\"description\":\"TINTA PERMANENTE FLOWPEN en Barcelona:TINTA PERMANENTE FLOWPEN? TINTA PERMANENTE FLOWPEN y mas. Arte y Graffiti Shop Barcelona. Spray, Colores, Rotuladores y TINTA PERMANENTE FLOWPEN\",\"breadcrumb\":{\"@id\":\"https:\/\/dev4.devmitsinformatica.com\/en\/shop\/graffiti-tintas-y-pinturas-shop-barcelona\/otr-refills\/tinta-permanente-flowpen\/#breadcrumb\"},\"inLanguage\":\"en-US\",\"potentialAction\":[{\"@type\":\"ReadAction\",\"target\":[\"https:\/\/dev4.devmitsinformatica.com\/en\/shop\/graffiti-tintas-y-pinturas-shop-barcelona\/otr-refills\/tinta-permanente-flowpen\/\"]}]},{\"@type\":\"ImageObject\",\"inLanguage\":\"en-US\",\"@id\":\"https:\/\/dev4.devmitsinformatica.com\/en\/shop\/graffiti-tintas-y-pinturas-shop-barcelona\/otr-refills\/tinta-permanente-flowpen\/#primaryimage\",\"url\":\"https:\/\/dev4.devmitsinformatica.com\/wp-content\/uploads\/2018\/01\/FLOWPEN-INK.jpg\",\"contentUrl\":\"https:\/\/dev4.devmitsinformatica.com\/wp-content\/uploads\/2018\/01\/FLOWPEN-INK.jpg\",\"width\":1000,\"height\":1000,\"caption\":\"Tinta Flowpen, Flowpen Ink , tinta permanente, tinta para rotulador, recarga markers, tinta tagging\"},{\"@type\":\"BreadcrumbList\",\"@id\":\"https:\/\/dev4.devmitsinformatica.com\/en\/shop\/graffiti-tintas-y-pinturas-shop-barcelona\/otr-refills\/tinta-permanente-flowpen\/#breadcrumb\",\"itemListElement\":[{\"@type\":\"ListItem\",\"position\":1,\"name\":\"Home\",\"item\":\"https:\/\/dev4.devmitsinformatica.com\/en\/\"},{\"@type\":\"ListItem\",\"position\":2,\"name\":\"Store\",\"item\":\"https:\/\/dev4.devmitsinformatica.com\/?page_id=38\"},{\"@type\":\"ListItem\",\"position\":3,\"name\":\"TINTA PERMANENTE FLOWPEN\"}]},{\"@type\":\"WebSite\",\"@id\":\"https:\/\/dev4.devmitsinformatica.com\/en\/#website\",\"url\":\"https:\/\/dev4.devmitsinformatica.com\/en\/\",\"name\":\"ULTRAWIDE GRAFFITI SHOP\",\"description\":\"SPRAY GRAFFITI SHOP CAPS Y ROTULADORES\",\"publisher\":{\"@id\":\"https:\/\/dev4.devmitsinformatica.com\/en\/#organization\"},\"potentialAction\":[{\"@type\":\"SearchAction\",\"target\":{\"@type\":\"EntryPoint\",\"urlTemplate\":\"https:\/\/dev4.devmitsinformatica.com\/en\/?s={search_term_string}\"},\"query-input\":{\"@type\":\"PropertyValueSpecification\",\"valueRequired\":true,\"valueName\":\"search_term_string\"}}],\"inLanguage\":\"en-US\"},{\"@type\":\"Organization\",\"@id\":\"https:\/\/dev4.devmitsinformatica.com\/en\/#organization\",\"name\":\"ANDEN Graffiti Shop Barcelona\",\"url\":\"https:\/\/dev4.devmitsinformatica.com\/en\/\",\"logo\":{\"@type\":\"ImageObject\",\"inLanguage\":\"en-US\",\"@id\":\"https:\/\/dev4.devmitsinformatica.com\/en\/#\/schema\/logo\/image\/\",\"url\":\"https:\/\/dev4.devmitsinformatica.com\/wp-content\/uploads\/2016\/11\/graffiti-gallery-barcelona.png\",\"contentUrl\":\"https:\/\/dev4.devmitsinformatica.com\/wp-content\/uploads\/2016\/11\/graffiti-gallery-barcelona.png\",\"width\":386,\"height\":150,\"caption\":\"ANDEN Graffiti Shop Barcelona\"},\"image\":{\"@id\":\"https:\/\/dev4.devmitsinformatica.com\/en\/#\/schema\/logo\/image\/\"}}]}<\/script>\n<!-- \/ Yoast SEO plugin. -->","yoast_head_json":{"title":"TINTA PERMANENTE FLOWPEN Ultrawide Graffiti Shop Barcelona","description":"TINTA PERMANENTE FLOWPEN en Barcelona:TINTA PERMANENTE FLOWPEN? TINTA PERMANENTE FLOWPEN y mas. Arte y Graffiti Shop Barcelona. Spray, Colores, Rotuladores y TINTA PERMANENTE FLOWPEN","robots":{"index":"index","follow":"follow","max-snippet":"max-snippet:-1","max-image-preview":"max-image-preview:large","max-video-preview":"max-video-preview:-1"},"canonical":"https:\/\/dev4.devmitsinformatica.com\/en\/shop\/graffiti-tintas-y-pinturas-shop-barcelona\/otr-refills\/tinta-permanente-flowpen\/","og_locale":"en_US","og_type":"article","og_title":"TINTA PERMANENTE FLOWPEN Ultrawide Graffiti Shop Barcelona","og_description":"TINTA PERMANENTE FLOWPEN en Barcelona:TINTA PERMANENTE FLOWPEN? TINTA PERMANENTE FLOWPEN y mas. Arte y Graffiti Shop Barcelona. Spray, Colores, Rotuladores y TINTA PERMANENTE FLOWPEN","og_url":"https:\/\/dev4.devmitsinformatica.com\/en\/shop\/graffiti-tintas-y-pinturas-shop-barcelona\/otr-refills\/tinta-permanente-flowpen\/","og_site_name":"ULTRAWIDE GRAFFITI SHOP","article_modified_time":"2023-10-14T08:22:35+00:00","og_image":[{"width":1000,"height":1000,"url":"https:\/\/dev4.devmitsinformatica.com\/wp-content\/uploads\/2018\/01\/FLOWPEN-INK.jpg","type":"image\/jpeg"}],"twitter_card":"summary_large_image","twitter_misc":{"Est. reading time":"1 minute"},"schema":{"@context":"https:\/\/schema.org","@graph":[{"@type":"WebPage","@id":"https:\/\/dev4.devmitsinformatica.com\/en\/shop\/graffiti-tintas-y-pinturas-shop-barcelona\/otr-refills\/tinta-permanente-flowpen\/","url":"https:\/\/dev4.devmitsinformatica.com\/en\/shop\/graffiti-tintas-y-pinturas-shop-barcelona\/otr-refills\/tinta-permanente-flowpen\/","name":"TINTA PERMANENTE FLOWPEN Ultrawide Graffiti Shop Barcelona","isPartOf":{"@id":"https:\/\/dev4.devmitsinformatica.com\/en\/#website"},"primaryImageOfPage":{"@id":"https:\/\/dev4.devmitsinformatica.com\/en\/shop\/graffiti-tintas-y-pinturas-shop-barcelona\/otr-refills\/tinta-permanente-flowpen\/#primaryimage"},"image":{"@id":"https:\/\/dev4.devmitsinformatica.com\/en\/shop\/graffiti-tintas-y-pinturas-shop-barcelona\/otr-refills\/tinta-permanente-flowpen\/#primaryimage"},"thumbnailUrl":"https:\/\/dev4.devmitsinformatica.com\/wp-content\/uploads\/2018\/01\/FLOWPEN-INK.jpg","datePublished":"2018-01-10T22:40:13+00:00","dateModified":"2023-10-14T08:22:35+00:00","description":"TINTA PERMANENTE FLOWPEN en Barcelona:TINTA PERMANENTE FLOWPEN? TINTA PERMANENTE FLOWPEN y mas. Arte y Graffiti Shop Barcelona. Spray, Colores, Rotuladores y TINTA PERMANENTE FLOWPEN","breadcrumb":{"@id":"https:\/\/dev4.devmitsinformatica.com\/en\/shop\/graffiti-tintas-y-pinturas-shop-barcelona\/otr-refills\/tinta-permanente-flowpen\/#breadcrumb"},"inLanguage":"en-US","potentialAction":[{"@type":"ReadAction","target":["https:\/\/dev4.devmitsinformatica.com\/en\/shop\/graffiti-tintas-y-pinturas-shop-barcelona\/otr-refills\/tinta-permanente-flowpen\/"]}]},{"@type":"ImageObject","inLanguage":"en-US","@id":"https:\/\/dev4.devmitsinformatica.com\/en\/shop\/graffiti-tintas-y-pinturas-shop-barcelona\/otr-refills\/tinta-permanente-flowpen\/#primaryimage","url":"https:\/\/dev4.devmitsinformatica.com\/wp-content\/uploads\/2018\/01\/FLOWPEN-INK.jpg","contentUrl":"https:\/\/dev4.devmitsinformatica.com\/wp-content\/uploads\/2018\/01\/FLOWPEN-INK.jpg","width":1000,"height":1000,"caption":"Tinta Flowpen, Flowpen Ink , tinta permanente, tinta para rotulador, recarga markers, tinta tagging"},{"@type":"BreadcrumbList","@id":"https:\/\/dev4.devmitsinformatica.com\/en\/shop\/graffiti-tintas-y-pinturas-shop-barcelona\/otr-refills\/tinta-permanente-flowpen\/#breadcrumb","itemListElement":[{"@type":"ListItem","position":1,"name":"Home","item":"https:\/\/dev4.devmitsinformatica.com\/en\/"},{"@type":"ListItem","position":2,"name":"Store","item":"https:\/\/dev4.devmitsinformatica.com\/?page_id=38"},{"@type":"ListItem","position":3,"name":"TINTA PERMANENTE FLOWPEN"}]},{"@type":"WebSite","@id":"https:\/\/dev4.devmitsinformatica.com\/en\/#website","url":"https:\/\/dev4.devmitsinformatica.com\/en\/","name":"ULTRAWIDE GRAFFITI SHOP","description":"SPRAY GRAFFITI SHOP CAPS Y ROTULADORES","publisher":{"@id":"https:\/\/dev4.devmitsinformatica.com\/en\/#organization"},"potentialAction":[{"@type":"SearchAction","target":{"@type":"EntryPoint","urlTemplate":"https:\/\/dev4.devmitsinformatica.com\/en\/?s={search_term_string}"},"query-input":{"@type":"PropertyValueSpecification","valueRequired":true,"valueName":"search_term_string"}}],"inLanguage":"en-US"},{"@type":"Organization","@id":"https:\/\/dev4.devmitsinformatica.com\/en\/#organization","name":"ANDEN Graffiti Shop Barcelona","url":"https:\/\/dev4.devmitsinformatica.com\/en\/","logo":{"@type":"ImageObject","inLanguage":"en-US","@id":"https:\/\/dev4.devmitsinformatica.com\/en\/#\/schema\/logo\/image\/","url":"https:\/\/dev4.devmitsinformatica.com\/wp-content\/uploads\/2016\/11\/graffiti-gallery-barcelona.png","contentUrl":"https:\/\/dev4.devmitsinformatica.com\/wp-content\/uploads\/2016\/11\/graffiti-gallery-barcelona.png","width":386,"height":150,"caption":"ANDEN Graffiti Shop Barcelona"},"image":{"@id":"https:\/\/dev4.devmitsinformatica.com\/en\/#\/schema\/logo\/image\/"}}]}},"_links":{"self":[{"href":"https:\/\/dev4.devmitsinformatica.com\/en\/wp-json\/wp\/v2\/product\/5655","targetHints":{"allow":["GET"]}}],"collection":[{"href":"https:\/\/dev4.devmitsinformatica.com\/en\/wp-json\/wp\/v2\/product"}],"about":[{"href":"https:\/\/dev4.devmitsinformatica.com\/en\/wp-json\/wp\/v2\/types\/product"}],"replies":[{"embeddable":true,"href":"https:\/\/dev4.devmitsinformatica.com\/en\/wp-json\/wp\/v2\/comments?post=5655"}],"version-history":[{"count":0,"href":"https:\/\/dev4.devmitsinformatica.com\/en\/wp-json\/wp\/v2\/product\/5655\/revisions"}],"wp:featuredmedia":[{"embeddable":true,"href":"https:\/\/dev4.devmitsinformatica.com\/en\/wp-json\/wp\/v2\/media\/5656"}],"wp:attachment":[{"href":"https:\/\/dev4.devmitsinformatica.com\/en\/wp-json\/wp\/v2\/media?parent=5655"}],"wp:term":[{"taxonomy":"product_brand","embeddable":true,"href":"https:\/\/dev4.devmitsinformatica.com\/en\/wp-json\/wp\/v2\/product_brand?post=5655"},{"taxonomy":"product_cat","embeddable":true,"href":"https:\/\/dev4.devmitsinformatica.com\/en\/wp-json\/wp\/v2\/product_cat?post=5655"},{"taxonomy":"product_tag","embeddable":true,"href":"https:\/\/dev4.devmitsinformatica.com\/en\/wp-json\/wp\/v2\/product_tag?post=5655"}],"curies":[{"name":"wp","href":"https:\/\/api.w.org\/{rel}","templated":true}]}}