{"id":5669,"date":"2018-01-10T23:34:09","date_gmt":"2018-01-10T23:34:09","guid":{"rendered":"https:\/\/dev4.devmitsinformatica.com\/?post_type=product&#038;p=5669"},"modified":"2023-10-14T08:16:32","modified_gmt":"2023-10-14T08:16:32","slug":"otr-hard-to-buff-ink","status":"publish","type":"product","link":"https:\/\/dev4.devmitsinformatica.com\/en\/shop\/graffiti-tintas-y-pinturas-shop-barcelona\/otr-refills\/otr-hard-to-buff-ink\/","title":{"rendered":"OTR HARD TO BUFF INK"},"content":{"rendered":"<p>OTR HARD TO BUFF INK. OTR.970 es tinta superior ultra permanente a base de alcohol. Esta tinta legendaria es la pesadilla de los equipos de limpieza. Optimizado para OTR.070 y OTR.071 Hard to Buff Marker y los marcadores de compresi\u00f3n.\u00a0 Soultip OTR.970 funciona perfectamente con una amplia variedad de instrumentos de pintura y escritura.<\/p>\n<p>Uso multisuperficies! Para uso en interiores y exteriores. Funciona en papel, metal, pl\u00e1stico, vidrio y piedra. Se puede usar en lienzos, paredes, medios mixtos y muchas otras superficies. \u00a1Lo mejor en superficies lisas y sin polvo! Use la TINTA FUERTE OTR.970 con marcadores de tinta a base de alcohol, marcadores de v\u00e1lvula de acci\u00f3n de bomba, cepillos, cepillos de aire o cualquier marcador de mafia y compresi\u00f3n, etc.<\/p>\n<p>La<strong> tinta Hard To Buff<\/strong> de <em>On The Run<\/em> es la mas penetrante y permanente de sus tintas, se trata de una tinta ultrapigmentada que como su propio nombre indica es resistente al borrado ya que sus pigmentos entran en la superf\u00edcie dejando marcada la pintada a pesar de haber sido limpiada. Existen soportes donde la porosidad es de poca densidad y por lo tanto no penetra como en el resto aunque si que gad\u00a1rantiza una muy buena opacidad y permanencia.<\/p>\n","protected":false},"excerpt":{"rendered":"<p>La Tinta Hard To Buff de Otr es una tinta negra intensa ultra permanente y dif\u00edcil de borrar. Se trata de la tinta mas permanente de la l\u00ednea On The Run. Un Cl\u00e1sico que se ha ido desarrollando desde los inicios de la marca en 1990. Ideal para la recarga de taggs y marcadores.<\/p>\n","protected":false},"featured_media":5671,"comment_status":"open","ping_status":"closed","template":"","meta":{"site-sidebar-layout":"default","site-content-layout":"","ast-site-content-layout":"default","site-content-style":"default","site-sidebar-style":"default","ast-global-header-display":"","ast-banner-title-visibility":"","ast-main-header-display":"","ast-hfb-above-header-display":"","ast-hfb-below-header-display":"","ast-hfb-mobile-header-display":"","site-post-title":"","ast-breadcrumbs-content":"","ast-featured-img":"","footer-sml-layout":"","ast-disable-related-posts":"","theme-transparent-header-meta":"","adv-header-id-meta":"","stick-header-meta":"","header-above-stick-meta":"","header-main-stick-meta":"","header-below-stick-meta":"","astra-migrate-meta-layouts":"default","ast-page-background-enabled":"default","ast-page-background-meta":{"desktop":{"background-color":"","background-image":"","background-repeat":"repeat","background-position":"center center","background-size":"auto","background-attachment":"scroll","background-type":"","background-media":"","overlay-type":"","overlay-color":"","overlay-opacity":"","overlay-gradient":""},"tablet":{"background-color":"","background-image":"","background-repeat":"repeat","background-position":"center center","background-size":"auto","background-attachment":"scroll","background-type":"","background-media":"","overlay-type":"","overlay-color":"","overlay-opacity":"","overlay-gradient":""},"mobile":{"background-color":"","background-image":"","background-repeat":"repeat","background-position":"center center","background-size":"auto","background-attachment":"scroll","background-type":"","background-media":"","overlay-type":"","overlay-color":"","overlay-opacity":"","overlay-gradient":""}},"ast-content-background-meta":{"desktop":{"background-color":"var(--ast-global-color-5)","background-image":"","background-repeat":"repeat","background-position":"center center","background-size":"auto","background-attachment":"scroll","background-type":"","background-media":"","overlay-type":"","overlay-color":"","overlay-opacity":"","overlay-gradient":""},"tablet":{"background-color":"var(--ast-global-color-5)","background-image":"","background-repeat":"repeat","background-position":"center center","background-size":"auto","background-attachment":"scroll","background-type":"","background-media":"","overlay-type":"","overlay-color":"","overlay-opacity":"","overlay-gradient":""},"mobile":{"background-color":"var(--ast-global-color-5)","background-image":"","background-repeat":"repeat","background-position":"center center","background-size":"auto","background-attachment":"scroll","background-type":"","background-media":"","overlay-type":"","overlay-color":"","overlay-opacity":"","overlay-gradient":""}}},"product_brand":[],"product_cat":[607,2376],"product_tag":[3638,1627,2261,2387,2295,3634,3635,2384,2377,2386,2385,3637,3636],"class_list":{"0":"post-5669","1":"product","2":"type-product","3":"status-publish","4":"has-post-thumbnail","6":"product_cat-graffiti-tintas-y-pinturas-shop-barcelona","7":"product_cat-otr-refills","8":"product_tag-comprar-tinta-online","9":"product_tag-graffiti-shop","10":"product_tag-hard-to-buff","11":"product_tag-on-the-run-ink","12":"product_tag-otr-hard-to-buff","13":"product_tag-tinta-extrtapermanente","14":"product_tag-tinta-fuerte","15":"product_tag-tinta-fuerte-permenente","16":"product_tag-tinta-permanente","17":"product_tag-tinta-recarga","18":"product_tag-tinta-ultrapermanente","19":"product_tag-tintas-en-barcelona","20":"product_tag-tintas-y-rotuladores","21":"desktop-align-left","22":"tablet-align-left","23":"mobile-align-left","25":"first","26":"instock","27":"purchasable","28":"product-type-simple"},"yoast_head":"<!-- This site is optimized with the Yoast SEO plugin v27.0 - https:\/\/yoast.com\/product\/yoast-seo-wordpress\/ -->\n<title>OTR HARD TO BUFF INK. Tinta Graffiti Shop Ultrawide<\/title>\n<meta name=\"description\" content=\"OTR HARD TO BUFF INK en Barcelona:OTR HARD TO BUFF INK? OTR HARD TO BUFF INK y mas. Arte y Graffiti Shop Barcelona. Spray, Colores, Rotuladores y OTR HARD TO BUFF INK\" \/>\n<meta name=\"robots\" content=\"index, follow, max-snippet:-1, max-image-preview:large, max-video-preview:-1\" \/>\n<link rel=\"canonical\" href=\"https:\/\/dev4.devmitsinformatica.com\/en\/shop\/graffiti-tintas-y-pinturas-shop-barcelona\/otr-refills\/otr-hard-to-buff-ink\/\" \/>\n<meta property=\"og:locale\" content=\"en_US\" \/>\n<meta property=\"og:type\" content=\"article\" \/>\n<meta property=\"og:title\" content=\"OTR HARD TO BUFF INK. Tinta Graffiti Shop Ultrawide\" \/>\n<meta property=\"og:description\" content=\"OTR HARD TO BUFF INK en Barcelona:OTR HARD TO BUFF INK? OTR HARD TO BUFF INK y mas. Arte y Graffiti Shop Barcelona. Spray, Colores, Rotuladores y OTR HARD TO BUFF INK\" \/>\n<meta property=\"og:url\" content=\"https:\/\/dev4.devmitsinformatica.com\/en\/shop\/graffiti-tintas-y-pinturas-shop-barcelona\/otr-refills\/otr-hard-to-buff-ink\/\" \/>\n<meta property=\"og:site_name\" content=\"ULTRAWIDE GRAFFITI SHOP\" \/>\n<meta property=\"article:modified_time\" content=\"2023-10-14T08:16:32+00:00\" \/>\n<meta property=\"og:image\" content=\"https:\/\/dev4.devmitsinformatica.com\/wp-content\/uploads\/2018\/01\/HARD-TO-BUFF.jpg\" \/>\n\t<meta property=\"og:image:width\" content=\"1000\" \/>\n\t<meta property=\"og:image:height\" content=\"1000\" \/>\n\t<meta property=\"og:image:type\" content=\"image\/jpeg\" \/>\n<meta name=\"twitter:card\" content=\"summary_large_image\" \/>\n<meta name=\"twitter:label1\" content=\"Est. reading time\" \/>\n\t<meta name=\"twitter:data1\" content=\"1 minute\" \/>\n<script type=\"application\/ld+json\" class=\"yoast-schema-graph\">{\"@context\":\"https:\/\/schema.org\",\"@graph\":[{\"@type\":\"WebPage\",\"@id\":\"https:\/\/dev4.devmitsinformatica.com\/en\/shop\/graffiti-tintas-y-pinturas-shop-barcelona\/otr-refills\/otr-hard-to-buff-ink\/\",\"url\":\"https:\/\/dev4.devmitsinformatica.com\/en\/shop\/graffiti-tintas-y-pinturas-shop-barcelona\/otr-refills\/otr-hard-to-buff-ink\/\",\"name\":\"OTR HARD TO BUFF INK. Tinta Graffiti Shop Ultrawide\",\"isPartOf\":{\"@id\":\"https:\/\/dev4.devmitsinformatica.com\/en\/#website\"},\"primaryImageOfPage\":{\"@id\":\"https:\/\/dev4.devmitsinformatica.com\/en\/shop\/graffiti-tintas-y-pinturas-shop-barcelona\/otr-refills\/otr-hard-to-buff-ink\/#primaryimage\"},\"image\":{\"@id\":\"https:\/\/dev4.devmitsinformatica.com\/en\/shop\/graffiti-tintas-y-pinturas-shop-barcelona\/otr-refills\/otr-hard-to-buff-ink\/#primaryimage\"},\"thumbnailUrl\":\"https:\/\/dev4.devmitsinformatica.com\/wp-content\/uploads\/2018\/01\/HARD-TO-BUFF.jpg\",\"datePublished\":\"2018-01-10T23:34:09+00:00\",\"dateModified\":\"2023-10-14T08:16:32+00:00\",\"description\":\"OTR HARD TO BUFF INK en Barcelona:OTR HARD TO BUFF INK? OTR HARD TO BUFF INK y mas. Arte y Graffiti Shop Barcelona. Spray, Colores, Rotuladores y OTR HARD TO BUFF INK\",\"breadcrumb\":{\"@id\":\"https:\/\/dev4.devmitsinformatica.com\/en\/shop\/graffiti-tintas-y-pinturas-shop-barcelona\/otr-refills\/otr-hard-to-buff-ink\/#breadcrumb\"},\"inLanguage\":\"en-US\",\"potentialAction\":[{\"@type\":\"ReadAction\",\"target\":[\"https:\/\/dev4.devmitsinformatica.com\/en\/shop\/graffiti-tintas-y-pinturas-shop-barcelona\/otr-refills\/otr-hard-to-buff-ink\/\"]}]},{\"@type\":\"ImageObject\",\"inLanguage\":\"en-US\",\"@id\":\"https:\/\/dev4.devmitsinformatica.com\/en\/shop\/graffiti-tintas-y-pinturas-shop-barcelona\/otr-refills\/otr-hard-to-buff-ink\/#primaryimage\",\"url\":\"https:\/\/dev4.devmitsinformatica.com\/wp-content\/uploads\/2018\/01\/HARD-TO-BUFF.jpg\",\"contentUrl\":\"https:\/\/dev4.devmitsinformatica.com\/wp-content\/uploads\/2018\/01\/HARD-TO-BUFF.jpg\",\"width\":1000,\"height\":1000,\"caption\":\"Tinta Ultrapermanente\"},{\"@type\":\"BreadcrumbList\",\"@id\":\"https:\/\/dev4.devmitsinformatica.com\/en\/shop\/graffiti-tintas-y-pinturas-shop-barcelona\/otr-refills\/otr-hard-to-buff-ink\/#breadcrumb\",\"itemListElement\":[{\"@type\":\"ListItem\",\"position\":1,\"name\":\"Home\",\"item\":\"https:\/\/dev4.devmitsinformatica.com\/en\/\"},{\"@type\":\"ListItem\",\"position\":2,\"name\":\"Store\",\"item\":\"https:\/\/dev4.devmitsinformatica.com\/?page_id=38\"},{\"@type\":\"ListItem\",\"position\":3,\"name\":\"OTR HARD TO BUFF INK\"}]},{\"@type\":\"WebSite\",\"@id\":\"https:\/\/dev4.devmitsinformatica.com\/en\/#website\",\"url\":\"https:\/\/dev4.devmitsinformatica.com\/en\/\",\"name\":\"ULTRAWIDE GRAFFITI SHOP\",\"description\":\"SPRAY GRAFFITI SHOP CAPS Y ROTULADORES\",\"publisher\":{\"@id\":\"https:\/\/dev4.devmitsinformatica.com\/en\/#organization\"},\"potentialAction\":[{\"@type\":\"SearchAction\",\"target\":{\"@type\":\"EntryPoint\",\"urlTemplate\":\"https:\/\/dev4.devmitsinformatica.com\/en\/?s={search_term_string}\"},\"query-input\":{\"@type\":\"PropertyValueSpecification\",\"valueRequired\":true,\"valueName\":\"search_term_string\"}}],\"inLanguage\":\"en-US\"},{\"@type\":\"Organization\",\"@id\":\"https:\/\/dev4.devmitsinformatica.com\/en\/#organization\",\"name\":\"ANDEN Graffiti Shop Barcelona\",\"url\":\"https:\/\/dev4.devmitsinformatica.com\/en\/\",\"logo\":{\"@type\":\"ImageObject\",\"inLanguage\":\"en-US\",\"@id\":\"https:\/\/dev4.devmitsinformatica.com\/en\/#\/schema\/logo\/image\/\",\"url\":\"https:\/\/dev4.devmitsinformatica.com\/wp-content\/uploads\/2016\/11\/graffiti-gallery-barcelona.png\",\"contentUrl\":\"https:\/\/dev4.devmitsinformatica.com\/wp-content\/uploads\/2016\/11\/graffiti-gallery-barcelona.png\",\"width\":386,\"height\":150,\"caption\":\"ANDEN Graffiti Shop Barcelona\"},\"image\":{\"@id\":\"https:\/\/dev4.devmitsinformatica.com\/en\/#\/schema\/logo\/image\/\"}}]}<\/script>\n<!-- \/ Yoast SEO plugin. -->","yoast_head_json":{"title":"OTR HARD TO BUFF INK. Tinta Graffiti Shop Ultrawide","description":"OTR HARD TO BUFF INK en Barcelona:OTR HARD TO BUFF INK? OTR HARD TO BUFF INK y mas. Arte y Graffiti Shop Barcelona. Spray, Colores, Rotuladores y OTR HARD TO BUFF INK","robots":{"index":"index","follow":"follow","max-snippet":"max-snippet:-1","max-image-preview":"max-image-preview:large","max-video-preview":"max-video-preview:-1"},"canonical":"https:\/\/dev4.devmitsinformatica.com\/en\/shop\/graffiti-tintas-y-pinturas-shop-barcelona\/otr-refills\/otr-hard-to-buff-ink\/","og_locale":"en_US","og_type":"article","og_title":"OTR HARD TO BUFF INK. Tinta Graffiti Shop Ultrawide","og_description":"OTR HARD TO BUFF INK en Barcelona:OTR HARD TO BUFF INK? OTR HARD TO BUFF INK y mas. Arte y Graffiti Shop Barcelona. Spray, Colores, Rotuladores y OTR HARD TO BUFF INK","og_url":"https:\/\/dev4.devmitsinformatica.com\/en\/shop\/graffiti-tintas-y-pinturas-shop-barcelona\/otr-refills\/otr-hard-to-buff-ink\/","og_site_name":"ULTRAWIDE GRAFFITI SHOP","article_modified_time":"2023-10-14T08:16:32+00:00","og_image":[{"width":1000,"height":1000,"url":"https:\/\/dev4.devmitsinformatica.com\/wp-content\/uploads\/2018\/01\/HARD-TO-BUFF.jpg","type":"image\/jpeg"}],"twitter_card":"summary_large_image","twitter_misc":{"Est. reading time":"1 minute"},"schema":{"@context":"https:\/\/schema.org","@graph":[{"@type":"WebPage","@id":"https:\/\/dev4.devmitsinformatica.com\/en\/shop\/graffiti-tintas-y-pinturas-shop-barcelona\/otr-refills\/otr-hard-to-buff-ink\/","url":"https:\/\/dev4.devmitsinformatica.com\/en\/shop\/graffiti-tintas-y-pinturas-shop-barcelona\/otr-refills\/otr-hard-to-buff-ink\/","name":"OTR HARD TO BUFF INK. Tinta Graffiti Shop Ultrawide","isPartOf":{"@id":"https:\/\/dev4.devmitsinformatica.com\/en\/#website"},"primaryImageOfPage":{"@id":"https:\/\/dev4.devmitsinformatica.com\/en\/shop\/graffiti-tintas-y-pinturas-shop-barcelona\/otr-refills\/otr-hard-to-buff-ink\/#primaryimage"},"image":{"@id":"https:\/\/dev4.devmitsinformatica.com\/en\/shop\/graffiti-tintas-y-pinturas-shop-barcelona\/otr-refills\/otr-hard-to-buff-ink\/#primaryimage"},"thumbnailUrl":"https:\/\/dev4.devmitsinformatica.com\/wp-content\/uploads\/2018\/01\/HARD-TO-BUFF.jpg","datePublished":"2018-01-10T23:34:09+00:00","dateModified":"2023-10-14T08:16:32+00:00","description":"OTR HARD TO BUFF INK en Barcelona:OTR HARD TO BUFF INK? OTR HARD TO BUFF INK y mas. Arte y Graffiti Shop Barcelona. Spray, Colores, Rotuladores y OTR HARD TO BUFF INK","breadcrumb":{"@id":"https:\/\/dev4.devmitsinformatica.com\/en\/shop\/graffiti-tintas-y-pinturas-shop-barcelona\/otr-refills\/otr-hard-to-buff-ink\/#breadcrumb"},"inLanguage":"en-US","potentialAction":[{"@type":"ReadAction","target":["https:\/\/dev4.devmitsinformatica.com\/en\/shop\/graffiti-tintas-y-pinturas-shop-barcelona\/otr-refills\/otr-hard-to-buff-ink\/"]}]},{"@type":"ImageObject","inLanguage":"en-US","@id":"https:\/\/dev4.devmitsinformatica.com\/en\/shop\/graffiti-tintas-y-pinturas-shop-barcelona\/otr-refills\/otr-hard-to-buff-ink\/#primaryimage","url":"https:\/\/dev4.devmitsinformatica.com\/wp-content\/uploads\/2018\/01\/HARD-TO-BUFF.jpg","contentUrl":"https:\/\/dev4.devmitsinformatica.com\/wp-content\/uploads\/2018\/01\/HARD-TO-BUFF.jpg","width":1000,"height":1000,"caption":"Tinta Ultrapermanente"},{"@type":"BreadcrumbList","@id":"https:\/\/dev4.devmitsinformatica.com\/en\/shop\/graffiti-tintas-y-pinturas-shop-barcelona\/otr-refills\/otr-hard-to-buff-ink\/#breadcrumb","itemListElement":[{"@type":"ListItem","position":1,"name":"Home","item":"https:\/\/dev4.devmitsinformatica.com\/en\/"},{"@type":"ListItem","position":2,"name":"Store","item":"https:\/\/dev4.devmitsinformatica.com\/?page_id=38"},{"@type":"ListItem","position":3,"name":"OTR HARD TO BUFF INK"}]},{"@type":"WebSite","@id":"https:\/\/dev4.devmitsinformatica.com\/en\/#website","url":"https:\/\/dev4.devmitsinformatica.com\/en\/","name":"ULTRAWIDE GRAFFITI SHOP","description":"SPRAY GRAFFITI SHOP CAPS Y ROTULADORES","publisher":{"@id":"https:\/\/dev4.devmitsinformatica.com\/en\/#organization"},"potentialAction":[{"@type":"SearchAction","target":{"@type":"EntryPoint","urlTemplate":"https:\/\/dev4.devmitsinformatica.com\/en\/?s={search_term_string}"},"query-input":{"@type":"PropertyValueSpecification","valueRequired":true,"valueName":"search_term_string"}}],"inLanguage":"en-US"},{"@type":"Organization","@id":"https:\/\/dev4.devmitsinformatica.com\/en\/#organization","name":"ANDEN Graffiti Shop Barcelona","url":"https:\/\/dev4.devmitsinformatica.com\/en\/","logo":{"@type":"ImageObject","inLanguage":"en-US","@id":"https:\/\/dev4.devmitsinformatica.com\/en\/#\/schema\/logo\/image\/","url":"https:\/\/dev4.devmitsinformatica.com\/wp-content\/uploads\/2016\/11\/graffiti-gallery-barcelona.png","contentUrl":"https:\/\/dev4.devmitsinformatica.com\/wp-content\/uploads\/2016\/11\/graffiti-gallery-barcelona.png","width":386,"height":150,"caption":"ANDEN Graffiti Shop Barcelona"},"image":{"@id":"https:\/\/dev4.devmitsinformatica.com\/en\/#\/schema\/logo\/image\/"}}]}},"_links":{"self":[{"href":"https:\/\/dev4.devmitsinformatica.com\/en\/wp-json\/wp\/v2\/product\/5669","targetHints":{"allow":["GET"]}}],"collection":[{"href":"https:\/\/dev4.devmitsinformatica.com\/en\/wp-json\/wp\/v2\/product"}],"about":[{"href":"https:\/\/dev4.devmitsinformatica.com\/en\/wp-json\/wp\/v2\/types\/product"}],"replies":[{"embeddable":true,"href":"https:\/\/dev4.devmitsinformatica.com\/en\/wp-json\/wp\/v2\/comments?post=5669"}],"version-history":[{"count":0,"href":"https:\/\/dev4.devmitsinformatica.com\/en\/wp-json\/wp\/v2\/product\/5669\/revisions"}],"wp:featuredmedia":[{"embeddable":true,"href":"https:\/\/dev4.devmitsinformatica.com\/en\/wp-json\/wp\/v2\/media\/5671"}],"wp:attachment":[{"href":"https:\/\/dev4.devmitsinformatica.com\/en\/wp-json\/wp\/v2\/media?parent=5669"}],"wp:term":[{"taxonomy":"product_brand","embeddable":true,"href":"https:\/\/dev4.devmitsinformatica.com\/en\/wp-json\/wp\/v2\/product_brand?post=5669"},{"taxonomy":"product_cat","embeddable":true,"href":"https:\/\/dev4.devmitsinformatica.com\/en\/wp-json\/wp\/v2\/product_cat?post=5669"},{"taxonomy":"product_tag","embeddable":true,"href":"https:\/\/dev4.devmitsinformatica.com\/en\/wp-json\/wp\/v2\/product_tag?post=5669"}],"curies":[{"name":"wp","href":"https:\/\/api.w.org\/{rel}","templated":true}]}}