{"id":5694,"date":"2018-01-12T12:05:39","date_gmt":"2018-01-12T12:05:39","guid":{"rendered":"https:\/\/dev4.devmitsinformatica.com\/?post_type=product&#038;p=5694"},"modified":"2023-10-14T08:12:08","modified_gmt":"2023-10-14T08:12:08","slug":"montana-hollogram-glitter","status":"publish","type":"product","link":"https:\/\/dev4.devmitsinformatica.com\/en\/shop\/spray-cans-montana\/montana-effects-spray-shop-barcelona\/montana-hollogram-glitter\/","title":{"rendered":"MONTANA HOLLOGRAM GLITTER"},"content":{"rendered":"<p>USO: para obtener los mejores resultados, recomendamos aplicarlo sobre Montana GOLD, Shock Black SH9000 o un color oscuro subterr\u00e1neo que haya tenido tiempo para curar, permitiendo que se produzca un contraste para que las part\u00edculas de brillo se reflejen. La base transparente del spray Hologram Glitter se puede cubrir f\u00e1cilmente con muchos tipos comunes de lacas. Recomendamos usarlo junto con los marcadores Montana ACR\u00cdLICO de Montana, y las pinturas acr\u00edlicas convencionales. (\u00a1No es compatible con pinturas sint\u00e9ticas!).<\/p>\n<p>\u00a1Agitar bien! Debido al peso de los pigmentos, para obtener los mejores resultados, es importante agitar bien la lata durante al menos 3 minutos antes de comenzar y volver a agitar durante al menos 10 segundos despu\u00e9s de cada aplicaci\u00f3n de pulverizaci\u00f3n, independientemente del tiempo transcurrido entre las pulverizaciones. Esto garantizar\u00e1 que los pigmentos se mezclen correctamente con el veh\u00edculo de pintura. El aerosol de efecto de brillo de holograma se aplica mejor a una superficie nivelada lisa para mostrar una mayor variaci\u00f3n de luz. Las ondulaciones en la superficie de los sustratos pueden disminuir el impacto del efecto hologr\u00e1fico. La aplicaci\u00f3n de capas m\u00faltiples, finas y ligeras aumentar\u00e1 la saturaci\u00f3n de part\u00edculas e intensificar\u00e1 el efecto.<\/p>\n<p>Las superficies deben estar limpias y secas. \u00a1Ag\u00edtalo bien durante 2-3 minutos! Aplique el aerosol a una distancia del objeto de 20 &#8211; 30 cm. El mejor efecto hologr\u00e1fico se puede lograr en superficies uniformes cuanto m\u00e1s oscura sea la superficie, m\u00e1s fuerte ser\u00e1 el efecto. Primer objeto negro con Montana GOLD Shock Black S9000. Deje que la capa interna aplique completamente, aplique varias capas delgadas finas que permitan un m\u00ednimo de 15 minutos. 5 minutos de tiempo de secado entre capas. Agite bien la lata nuevamente despu\u00e9s de hacer una pausa para evitar la sedimentaci\u00f3n de las part\u00edculas de brillo, cuantas m\u00e1s capas haya, mayor ser\u00e1 el efecto del holograma. Polvo seco despu\u00e9s de aprox. 10 minutos. Toque seco despu\u00e9s de aprox. 60 minutos Completamente curado despu\u00e9s de aprox. 24 horas.<\/p>\n","protected":false},"excerpt":{"rendered":"<p>La pintura semibrillante transl\u00facida es la base del veh\u00edculo que transporta part\u00edculas finas de brillo hologr\u00e1fico de alta calidad para un efecto met\u00e1lico sensacional que puede agregar una dimensi\u00f3n totalmente nueva a todo tipo de superficies. Desde papel hasta cart\u00f3n, lienzo imprimado, madera, vidrio, metal, cer\u00e1mica, porcelana, piedra, acr\u00edlico y casi cualquier otra superficie pintable. Una vez aplicada, la capa de laca semibrillante incorporar\u00e1 una fina distribuci\u00f3n de part\u00edculas hologr\u00e1ficas sobre el sustrato. Cuantas m\u00e1s capas se apliquen, mayor ser\u00e1 la intensidad del efecto. Aplicar una capa (s) de Montana Gloss Varnish no solo proteger\u00e1 la superficie de su trabajo, sino que tambi\u00e9n permitir\u00e1 que m\u00e1s luz mejore a\u00fan m\u00e1s el efecto.<\/p>\n","protected":false},"featured_media":5695,"comment_status":"open","ping_status":"closed","template":"","meta":{"site-sidebar-layout":"default","site-content-layout":"","ast-site-content-layout":"default","site-content-style":"default","site-sidebar-style":"default","ast-global-header-display":"","ast-banner-title-visibility":"","ast-main-header-display":"","ast-hfb-above-header-display":"","ast-hfb-below-header-display":"","ast-hfb-mobile-header-display":"","site-post-title":"","ast-breadcrumbs-content":"","ast-featured-img":"","footer-sml-layout":"","ast-disable-related-posts":"","theme-transparent-header-meta":"","adv-header-id-meta":"","stick-header-meta":"","header-above-stick-meta":"","header-main-stick-meta":"","header-below-stick-meta":"","astra-migrate-meta-layouts":"default","ast-page-background-enabled":"default","ast-page-background-meta":{"desktop":{"background-color":"","background-image":"","background-repeat":"repeat","background-position":"center center","background-size":"auto","background-attachment":"scroll","background-type":"","background-media":"","overlay-type":"","overlay-color":"","overlay-opacity":"","overlay-gradient":""},"tablet":{"background-color":"","background-image":"","background-repeat":"repeat","background-position":"center center","background-size":"auto","background-attachment":"scroll","background-type":"","background-media":"","overlay-type":"","overlay-color":"","overlay-opacity":"","overlay-gradient":""},"mobile":{"background-color":"","background-image":"","background-repeat":"repeat","background-position":"center center","background-size":"auto","background-attachment":"scroll","background-type":"","background-media":"","overlay-type":"","overlay-color":"","overlay-opacity":"","overlay-gradient":""}},"ast-content-background-meta":{"desktop":{"background-color":"var(--ast-global-color-5)","background-image":"","background-repeat":"repeat","background-position":"center center","background-size":"auto","background-attachment":"scroll","background-type":"","background-media":"","overlay-type":"","overlay-color":"","overlay-opacity":"","overlay-gradient":""},"tablet":{"background-color":"var(--ast-global-color-5)","background-image":"","background-repeat":"repeat","background-position":"center center","background-size":"auto","background-attachment":"scroll","background-type":"","background-media":"","overlay-type":"","overlay-color":"","overlay-opacity":"","overlay-gradient":""},"mobile":{"background-color":"var(--ast-global-color-5)","background-image":"","background-repeat":"repeat","background-position":"center center","background-size":"auto","background-attachment":"scroll","background-type":"","background-media":"","overlay-type":"","overlay-color":"","overlay-opacity":"","overlay-gradient":""}}},"product_brand":[],"product_cat":[10,964,5803,3109,3216],"product_tag":[2405,2401,2400,2404,2402,2403],"class_list":{"0":"post-5694","1":"product","2":"type-product","3":"status-publish","4":"has-post-thumbnail","6":"product_cat-spray-cans-montana","7":"product_cat-montana-effects-spray-shop-barcelona","8":"product_cat-efectos","9":"product_cat-montana-cans","10":"product_cat-spray","11":"product_tag-efecto-holograma","12":"product_tag-montana-holograma","13":"product_tag-pintura-holograma","14":"product_tag-purpurina-en-spray","15":"product_tag-spray-de-holograma","16":"product_tag-spray-purpurina","17":"desktop-align-left","18":"tablet-align-left","19":"mobile-align-left","21":"first","22":"outofstock","23":"purchasable","24":"product-type-simple"},"yoast_head":"<!-- This site is optimized with the Yoast SEO plugin v27.0 - https:\/\/yoast.com\/product\/yoast-seo-wordpress\/ -->\n<title>MONTANA HOLLOGRAM GLITTER Ultrawide Graffiti Shop Barcelona<\/title>\n<meta name=\"description\" content=\"MONTANA HOLLOGRAM GLITTER en Barcelona:MONTANA HOLLOGRAM GLITTER? MONTANA HOLLOGRAM GLITTER y mas. Arte y Graffiti Shop Barcelona. Spray, Colores, Rotuladores y MONTANA HOLLOGRAM GLITTER\" \/>\n<meta name=\"robots\" content=\"index, follow, max-snippet:-1, max-image-preview:large, max-video-preview:-1\" \/>\n<link rel=\"canonical\" href=\"https:\/\/dev4.devmitsinformatica.com\/en\/shop\/spray-cans-montana\/montana-effects-spray-shop-barcelona\/montana-hollogram-glitter\/\" \/>\n<meta property=\"og:locale\" content=\"en_US\" \/>\n<meta property=\"og:type\" content=\"article\" \/>\n<meta property=\"og:title\" content=\"MONTANA HOLLOGRAM GLITTER Ultrawide Graffiti Shop Barcelona\" \/>\n<meta property=\"og:description\" content=\"MONTANA HOLLOGRAM GLITTER en Barcelona:MONTANA HOLLOGRAM GLITTER? MONTANA HOLLOGRAM GLITTER y mas. Arte y Graffiti Shop Barcelona. Spray, Colores, Rotuladores y MONTANA HOLLOGRAM GLITTER\" \/>\n<meta property=\"og:url\" content=\"https:\/\/dev4.devmitsinformatica.com\/en\/shop\/spray-cans-montana\/montana-effects-spray-shop-barcelona\/montana-hollogram-glitter\/\" \/>\n<meta property=\"og:site_name\" content=\"ULTRAWIDE GRAFFITI SHOP\" \/>\n<meta property=\"article:modified_time\" content=\"2023-10-14T08:12:08+00:00\" \/>\n<meta property=\"og:image\" content=\"https:\/\/dev4.devmitsinformatica.com\/wp-content\/uploads\/2018\/01\/Montana-Hollogram-Glitter.jpg\" \/>\n\t<meta property=\"og:image:width\" content=\"940\" \/>\n\t<meta property=\"og:image:height\" content=\"940\" \/>\n\t<meta property=\"og:image:type\" content=\"image\/jpeg\" \/>\n<meta name=\"twitter:card\" content=\"summary_large_image\" \/>\n<meta name=\"twitter:label1\" content=\"Est. reading time\" \/>\n\t<meta name=\"twitter:data1\" content=\"2 minutes\" \/>\n<script type=\"application\/ld+json\" class=\"yoast-schema-graph\">{\"@context\":\"https:\/\/schema.org\",\"@graph\":[{\"@type\":\"WebPage\",\"@id\":\"https:\/\/dev4.devmitsinformatica.com\/en\/shop\/spray-cans-montana\/montana-effects-spray-shop-barcelona\/montana-hollogram-glitter\/\",\"url\":\"https:\/\/dev4.devmitsinformatica.com\/en\/shop\/spray-cans-montana\/montana-effects-spray-shop-barcelona\/montana-hollogram-glitter\/\",\"name\":\"MONTANA HOLLOGRAM GLITTER Ultrawide Graffiti Shop Barcelona\",\"isPartOf\":{\"@id\":\"https:\/\/dev4.devmitsinformatica.com\/en\/#website\"},\"primaryImageOfPage\":{\"@id\":\"https:\/\/dev4.devmitsinformatica.com\/en\/shop\/spray-cans-montana\/montana-effects-spray-shop-barcelona\/montana-hollogram-glitter\/#primaryimage\"},\"image\":{\"@id\":\"https:\/\/dev4.devmitsinformatica.com\/en\/shop\/spray-cans-montana\/montana-effects-spray-shop-barcelona\/montana-hollogram-glitter\/#primaryimage\"},\"thumbnailUrl\":\"https:\/\/dev4.devmitsinformatica.com\/wp-content\/uploads\/2018\/01\/Montana-Hollogram-Glitter.jpg\",\"datePublished\":\"2018-01-12T12:05:39+00:00\",\"dateModified\":\"2023-10-14T08:12:08+00:00\",\"description\":\"MONTANA HOLLOGRAM GLITTER en Barcelona:MONTANA HOLLOGRAM GLITTER? MONTANA HOLLOGRAM GLITTER y mas. Arte y Graffiti Shop Barcelona. Spray, Colores, Rotuladores y MONTANA HOLLOGRAM GLITTER\",\"breadcrumb\":{\"@id\":\"https:\/\/dev4.devmitsinformatica.com\/en\/shop\/spray-cans-montana\/montana-effects-spray-shop-barcelona\/montana-hollogram-glitter\/#breadcrumb\"},\"inLanguage\":\"en-US\",\"potentialAction\":[{\"@type\":\"ReadAction\",\"target\":[\"https:\/\/dev4.devmitsinformatica.com\/en\/shop\/spray-cans-montana\/montana-effects-spray-shop-barcelona\/montana-hollogram-glitter\/\"]}]},{\"@type\":\"ImageObject\",\"inLanguage\":\"en-US\",\"@id\":\"https:\/\/dev4.devmitsinformatica.com\/en\/shop\/spray-cans-montana\/montana-effects-spray-shop-barcelona\/montana-hollogram-glitter\/#primaryimage\",\"url\":\"https:\/\/dev4.devmitsinformatica.com\/wp-content\/uploads\/2018\/01\/Montana-Hollogram-Glitter.jpg\",\"contentUrl\":\"https:\/\/dev4.devmitsinformatica.com\/wp-content\/uploads\/2018\/01\/Montana-Hollogram-Glitter.jpg\",\"width\":940,\"height\":940,\"caption\":\"Holograma en pintura, montana holograma, spray holograma, pintura holografiva\"},{\"@type\":\"BreadcrumbList\",\"@id\":\"https:\/\/dev4.devmitsinformatica.com\/en\/shop\/spray-cans-montana\/montana-effects-spray-shop-barcelona\/montana-hollogram-glitter\/#breadcrumb\",\"itemListElement\":[{\"@type\":\"ListItem\",\"position\":1,\"name\":\"Home\",\"item\":\"https:\/\/dev4.devmitsinformatica.com\/en\/\"},{\"@type\":\"ListItem\",\"position\":2,\"name\":\"Store\",\"item\":\"https:\/\/dev4.devmitsinformatica.com\/?page_id=38\"},{\"@type\":\"ListItem\",\"position\":3,\"name\":\"MONTANA HOLLOGRAM GLITTER\"}]},{\"@type\":\"WebSite\",\"@id\":\"https:\/\/dev4.devmitsinformatica.com\/en\/#website\",\"url\":\"https:\/\/dev4.devmitsinformatica.com\/en\/\",\"name\":\"ULTRAWIDE GRAFFITI SHOP\",\"description\":\"SPRAY GRAFFITI SHOP CAPS Y ROTULADORES\",\"publisher\":{\"@id\":\"https:\/\/dev4.devmitsinformatica.com\/en\/#organization\"},\"potentialAction\":[{\"@type\":\"SearchAction\",\"target\":{\"@type\":\"EntryPoint\",\"urlTemplate\":\"https:\/\/dev4.devmitsinformatica.com\/en\/?s={search_term_string}\"},\"query-input\":{\"@type\":\"PropertyValueSpecification\",\"valueRequired\":true,\"valueName\":\"search_term_string\"}}],\"inLanguage\":\"en-US\"},{\"@type\":\"Organization\",\"@id\":\"https:\/\/dev4.devmitsinformatica.com\/en\/#organization\",\"name\":\"ANDEN Graffiti Shop Barcelona\",\"url\":\"https:\/\/dev4.devmitsinformatica.com\/en\/\",\"logo\":{\"@type\":\"ImageObject\",\"inLanguage\":\"en-US\",\"@id\":\"https:\/\/dev4.devmitsinformatica.com\/en\/#\/schema\/logo\/image\/\",\"url\":\"https:\/\/dev4.devmitsinformatica.com\/wp-content\/uploads\/2016\/11\/graffiti-gallery-barcelona.png\",\"contentUrl\":\"https:\/\/dev4.devmitsinformatica.com\/wp-content\/uploads\/2016\/11\/graffiti-gallery-barcelona.png\",\"width\":386,\"height\":150,\"caption\":\"ANDEN Graffiti Shop Barcelona\"},\"image\":{\"@id\":\"https:\/\/dev4.devmitsinformatica.com\/en\/#\/schema\/logo\/image\/\"}}]}<\/script>\n<!-- \/ Yoast SEO plugin. -->","yoast_head_json":{"title":"MONTANA HOLLOGRAM GLITTER Ultrawide Graffiti Shop Barcelona","description":"MONTANA HOLLOGRAM GLITTER en Barcelona:MONTANA HOLLOGRAM GLITTER? MONTANA HOLLOGRAM GLITTER y mas. Arte y Graffiti Shop Barcelona. Spray, Colores, Rotuladores y MONTANA HOLLOGRAM GLITTER","robots":{"index":"index","follow":"follow","max-snippet":"max-snippet:-1","max-image-preview":"max-image-preview:large","max-video-preview":"max-video-preview:-1"},"canonical":"https:\/\/dev4.devmitsinformatica.com\/en\/shop\/spray-cans-montana\/montana-effects-spray-shop-barcelona\/montana-hollogram-glitter\/","og_locale":"en_US","og_type":"article","og_title":"MONTANA HOLLOGRAM GLITTER Ultrawide Graffiti Shop Barcelona","og_description":"MONTANA HOLLOGRAM GLITTER en Barcelona:MONTANA HOLLOGRAM GLITTER? MONTANA HOLLOGRAM GLITTER y mas. Arte y Graffiti Shop Barcelona. Spray, Colores, Rotuladores y MONTANA HOLLOGRAM GLITTER","og_url":"https:\/\/dev4.devmitsinformatica.com\/en\/shop\/spray-cans-montana\/montana-effects-spray-shop-barcelona\/montana-hollogram-glitter\/","og_site_name":"ULTRAWIDE GRAFFITI SHOP","article_modified_time":"2023-10-14T08:12:08+00:00","og_image":[{"width":940,"height":940,"url":"https:\/\/dev4.devmitsinformatica.com\/wp-content\/uploads\/2018\/01\/Montana-Hollogram-Glitter.jpg","type":"image\/jpeg"}],"twitter_card":"summary_large_image","twitter_misc":{"Est. reading time":"2 minutes"},"schema":{"@context":"https:\/\/schema.org","@graph":[{"@type":"WebPage","@id":"https:\/\/dev4.devmitsinformatica.com\/en\/shop\/spray-cans-montana\/montana-effects-spray-shop-barcelona\/montana-hollogram-glitter\/","url":"https:\/\/dev4.devmitsinformatica.com\/en\/shop\/spray-cans-montana\/montana-effects-spray-shop-barcelona\/montana-hollogram-glitter\/","name":"MONTANA HOLLOGRAM GLITTER Ultrawide Graffiti Shop Barcelona","isPartOf":{"@id":"https:\/\/dev4.devmitsinformatica.com\/en\/#website"},"primaryImageOfPage":{"@id":"https:\/\/dev4.devmitsinformatica.com\/en\/shop\/spray-cans-montana\/montana-effects-spray-shop-barcelona\/montana-hollogram-glitter\/#primaryimage"},"image":{"@id":"https:\/\/dev4.devmitsinformatica.com\/en\/shop\/spray-cans-montana\/montana-effects-spray-shop-barcelona\/montana-hollogram-glitter\/#primaryimage"},"thumbnailUrl":"https:\/\/dev4.devmitsinformatica.com\/wp-content\/uploads\/2018\/01\/Montana-Hollogram-Glitter.jpg","datePublished":"2018-01-12T12:05:39+00:00","dateModified":"2023-10-14T08:12:08+00:00","description":"MONTANA HOLLOGRAM GLITTER en Barcelona:MONTANA HOLLOGRAM GLITTER? MONTANA HOLLOGRAM GLITTER y mas. Arte y Graffiti Shop Barcelona. Spray, Colores, Rotuladores y MONTANA HOLLOGRAM GLITTER","breadcrumb":{"@id":"https:\/\/dev4.devmitsinformatica.com\/en\/shop\/spray-cans-montana\/montana-effects-spray-shop-barcelona\/montana-hollogram-glitter\/#breadcrumb"},"inLanguage":"en-US","potentialAction":[{"@type":"ReadAction","target":["https:\/\/dev4.devmitsinformatica.com\/en\/shop\/spray-cans-montana\/montana-effects-spray-shop-barcelona\/montana-hollogram-glitter\/"]}]},{"@type":"ImageObject","inLanguage":"en-US","@id":"https:\/\/dev4.devmitsinformatica.com\/en\/shop\/spray-cans-montana\/montana-effects-spray-shop-barcelona\/montana-hollogram-glitter\/#primaryimage","url":"https:\/\/dev4.devmitsinformatica.com\/wp-content\/uploads\/2018\/01\/Montana-Hollogram-Glitter.jpg","contentUrl":"https:\/\/dev4.devmitsinformatica.com\/wp-content\/uploads\/2018\/01\/Montana-Hollogram-Glitter.jpg","width":940,"height":940,"caption":"Holograma en pintura, montana holograma, spray holograma, pintura holografiva"},{"@type":"BreadcrumbList","@id":"https:\/\/dev4.devmitsinformatica.com\/en\/shop\/spray-cans-montana\/montana-effects-spray-shop-barcelona\/montana-hollogram-glitter\/#breadcrumb","itemListElement":[{"@type":"ListItem","position":1,"name":"Home","item":"https:\/\/dev4.devmitsinformatica.com\/en\/"},{"@type":"ListItem","position":2,"name":"Store","item":"https:\/\/dev4.devmitsinformatica.com\/?page_id=38"},{"@type":"ListItem","position":3,"name":"MONTANA HOLLOGRAM GLITTER"}]},{"@type":"WebSite","@id":"https:\/\/dev4.devmitsinformatica.com\/en\/#website","url":"https:\/\/dev4.devmitsinformatica.com\/en\/","name":"ULTRAWIDE GRAFFITI SHOP","description":"SPRAY GRAFFITI SHOP CAPS Y ROTULADORES","publisher":{"@id":"https:\/\/dev4.devmitsinformatica.com\/en\/#organization"},"potentialAction":[{"@type":"SearchAction","target":{"@type":"EntryPoint","urlTemplate":"https:\/\/dev4.devmitsinformatica.com\/en\/?s={search_term_string}"},"query-input":{"@type":"PropertyValueSpecification","valueRequired":true,"valueName":"search_term_string"}}],"inLanguage":"en-US"},{"@type":"Organization","@id":"https:\/\/dev4.devmitsinformatica.com\/en\/#organization","name":"ANDEN Graffiti Shop Barcelona","url":"https:\/\/dev4.devmitsinformatica.com\/en\/","logo":{"@type":"ImageObject","inLanguage":"en-US","@id":"https:\/\/dev4.devmitsinformatica.com\/en\/#\/schema\/logo\/image\/","url":"https:\/\/dev4.devmitsinformatica.com\/wp-content\/uploads\/2016\/11\/graffiti-gallery-barcelona.png","contentUrl":"https:\/\/dev4.devmitsinformatica.com\/wp-content\/uploads\/2016\/11\/graffiti-gallery-barcelona.png","width":386,"height":150,"caption":"ANDEN Graffiti Shop Barcelona"},"image":{"@id":"https:\/\/dev4.devmitsinformatica.com\/en\/#\/schema\/logo\/image\/"}}]}},"_links":{"self":[{"href":"https:\/\/dev4.devmitsinformatica.com\/en\/wp-json\/wp\/v2\/product\/5694","targetHints":{"allow":["GET"]}}],"collection":[{"href":"https:\/\/dev4.devmitsinformatica.com\/en\/wp-json\/wp\/v2\/product"}],"about":[{"href":"https:\/\/dev4.devmitsinformatica.com\/en\/wp-json\/wp\/v2\/types\/product"}],"replies":[{"embeddable":true,"href":"https:\/\/dev4.devmitsinformatica.com\/en\/wp-json\/wp\/v2\/comments?post=5694"}],"version-history":[{"count":0,"href":"https:\/\/dev4.devmitsinformatica.com\/en\/wp-json\/wp\/v2\/product\/5694\/revisions"}],"wp:featuredmedia":[{"embeddable":true,"href":"https:\/\/dev4.devmitsinformatica.com\/en\/wp-json\/wp\/v2\/media\/5695"}],"wp:attachment":[{"href":"https:\/\/dev4.devmitsinformatica.com\/en\/wp-json\/wp\/v2\/media?parent=5694"}],"wp:term":[{"taxonomy":"product_brand","embeddable":true,"href":"https:\/\/dev4.devmitsinformatica.com\/en\/wp-json\/wp\/v2\/product_brand?post=5694"},{"taxonomy":"product_cat","embeddable":true,"href":"https:\/\/dev4.devmitsinformatica.com\/en\/wp-json\/wp\/v2\/product_cat?post=5694"},{"taxonomy":"product_tag","embeddable":true,"href":"https:\/\/dev4.devmitsinformatica.com\/en\/wp-json\/wp\/v2\/product_tag?post=5694"}],"curies":[{"name":"wp","href":"https:\/\/api.w.org\/{rel}","templated":true}]}}