{"id":5791,"date":"2018-01-13T18:54:28","date_gmt":"2018-01-13T18:54:28","guid":{"rendered":"https:\/\/dev4.devmitsinformatica.com\/?post_type=product&#038;p=5791"},"modified":"2023-10-14T08:05:24","modified_gmt":"2023-10-14T08:05:24","slug":"montana-black-empty-marker-t-tip-20mm","status":"publish","type":"product","link":"https:\/\/dev4.devmitsinformatica.com\/en\/shop\/graffiti-rotulador-shop-barcelona\/rotuladores-vacios-shop-barcelona\/montana-black-empty-marker-t-tip-20mm\/","title":{"rendered":"MONTANA BLACK EMPTY MARKER T TIP 20mm"},"content":{"rendered":"<p>MONTANA BLACK EMPTY MARKER T TIP 20mm. La recargable MONTANA EMPTY MARKER 20mm T-TIP tiene una punta reemplazable que tiene la forma de una T, para usarla tanto para l\u00edneas anchas como para l\u00edneas finas. Perfecto para caligraf\u00eda, ilustraciones figurativas, l\u00edneas de barrido o etiquetas, pero tambi\u00e9n \u00e1reas m\u00e1s grandes y bocetos de dibujos se pueden llenar de manera uniforme y precisa. El MARCADOR VAC\u00cdO puede llenarse hasta 20 ml con tinta y pintura a base de alcohol o agua. Debido a su cuerpo transparente, el nivel de llenado se puede reconocer f\u00e1cilmente. El T-Tip es intercambiable y est\u00e1 disponible como punta de repuesto. Compatible con las puntas de repuesto MONTANA (NEGRA) de 15 mm y 15 mm de Sombra.<\/p>\n<p>El Rotulador vac\u00edo Montana de 20mm\u00a0 es un rotulador multiusos, su punta en forma de T nos permite marcar en diferentes medidas en funci\u00f3n de su colocaci\u00f3n sobre el soporte. Con este rotulador montana completa la l\u00ednea Black de rotuladores vac\u00edos profesionales. Su dep\u00f3sito de pl\u00e1stico duro y sistema de bombeo te permite que este rotulador rellenable pueda recargarse durante un m\u00ednimo de 50 veces. Su punta tambien es reposicionable e intercambiable con otras puntas montana para rotulador.<\/p>\n<p>Buscas rotuladores vac\u00edos? Ultrawide tiene Rotuladores vac\u00edos online con envio a toda Espa\u00f1a. Compra ahora tu MONTANA BLACK EMPTY MARKER T TIP 20mm.<\/p>\n","protected":false},"excerpt":{"rendered":"<p>La recargable MONTANA EMPTY MARKER 20mm T-TIP tiene una punta reemplazable que tiene la forma de una T, para usarla tanto para l\u00edneas anchas como para l\u00edneas finas. Perfecto para caligraf\u00eda, ilustraciones figurativas, l\u00edneas de barrido o etiquetas, pero tambi\u00e9n \u00e1reas m\u00e1s grandes y bocetos de dibujos se pueden llenar de manera uniforme y precisa. El MARCADOR VAC\u00cdO puede llenarse hasta 20 ml con tinta y pintura a base de alcohol o agua.<\/p>\n","protected":false},"featured_media":5792,"comment_status":"open","ping_status":"closed","template":"","meta":{"site-sidebar-layout":"default","site-content-layout":"","ast-site-content-layout":"default","site-content-style":"default","site-sidebar-style":"default","ast-global-header-display":"","ast-banner-title-visibility":"","ast-main-header-display":"","ast-hfb-above-header-display":"","ast-hfb-below-header-display":"","ast-hfb-mobile-header-display":"","site-post-title":"","ast-breadcrumbs-content":"","ast-featured-img":"","footer-sml-layout":"","ast-disable-related-posts":"","theme-transparent-header-meta":"","adv-header-id-meta":"","stick-header-meta":"","header-above-stick-meta":"","header-main-stick-meta":"","header-below-stick-meta":"","astra-migrate-meta-layouts":"default","ast-page-background-enabled":"default","ast-page-background-meta":{"desktop":{"background-color":"","background-image":"","background-repeat":"repeat","background-position":"center center","background-size":"auto","background-attachment":"scroll","background-type":"","background-media":"","overlay-type":"","overlay-color":"","overlay-opacity":"","overlay-gradient":""},"tablet":{"background-color":"","background-image":"","background-repeat":"repeat","background-position":"center center","background-size":"auto","background-attachment":"scroll","background-type":"","background-media":"","overlay-type":"","overlay-color":"","overlay-opacity":"","overlay-gradient":""},"mobile":{"background-color":"","background-image":"","background-repeat":"repeat","background-position":"center center","background-size":"auto","background-attachment":"scroll","background-type":"","background-media":"","overlay-type":"","overlay-color":"","overlay-opacity":"","overlay-gradient":""}},"ast-content-background-meta":{"desktop":{"background-color":"var(--ast-global-color-5)","background-image":"","background-repeat":"repeat","background-position":"center center","background-size":"auto","background-attachment":"scroll","background-type":"","background-media":"","overlay-type":"","overlay-color":"","overlay-opacity":"","overlay-gradient":""},"tablet":{"background-color":"var(--ast-global-color-5)","background-image":"","background-repeat":"repeat","background-position":"center center","background-size":"auto","background-attachment":"scroll","background-type":"","background-media":"","overlay-type":"","overlay-color":"","overlay-opacity":"","overlay-gradient":""},"mobile":{"background-color":"var(--ast-global-color-5)","background-image":"","background-repeat":"repeat","background-position":"center center","background-size":"auto","background-attachment":"scroll","background-type":"","background-media":"","overlay-type":"","overlay-color":"","overlay-opacity":"","overlay-gradient":""}}},"product_brand":[],"product_cat":[7,976,2803],"product_tag":[3617,2608,2606,2607,2448,2604,2605,799,2446,3582],"class_list":{"0":"post-5791","1":"product","2":"type-product","3":"status-publish","4":"has-post-thumbnail","6":"product_cat-graffiti-rotulador-shop-barcelona","7":"product_cat-rotuladores-vacios-shop-barcelona","8":"product_cat-vacios-montana","9":"product_tag-distribuidor-rotuladores","10":"product_tag-marcador-punta-20mm","11":"product_tag-marcador-punta-2cm","12":"product_tag-marcador-vacio-montana-20mm","13":"product_tag-montana-rotulador-vacio","14":"product_tag-montana-t-tip","15":"product_tag-montana-vacio-20mm","16":"product_tag-rotulador-vacio","17":"product_tag-rotulador-vacio-montana","18":"product_tag-rotuladores-vacios","19":"desktop-align-left","20":"tablet-align-left","21":"mobile-align-left","23":"first","24":"instock","25":"purchasable","26":"product-type-simple"},"yoast_head":"<!-- This site is optimized with the Yoast SEO plugin v27.0 - https:\/\/yoast.com\/product\/yoast-seo-wordpress\/ -->\n<title>MONTANA BLACK EMPTY MARKER T TIP 20mm Ultrawide Graffiti Shop<\/title>\n<meta name=\"description\" content=\"MONTANA BLACK EMPTY MARKER T TIP 20mm en Barcelona:MONTANA BLACK EMPTY MARKER T TIP 20mm? MONTANA BLACK EMPTY MARKER T TIP 20mm y mas. Arte y Graffiti Shop Barcelona. Spray, Colores, Rotuladores y MONTANA BLACK EMPTY MARKER T TIP 20mm\" \/>\n<meta name=\"robots\" content=\"index, follow, max-snippet:-1, max-image-preview:large, max-video-preview:-1\" \/>\n<link rel=\"canonical\" href=\"https:\/\/dev4.devmitsinformatica.com\/en\/shop\/graffiti-rotulador-shop-barcelona\/rotuladores-vacios-shop-barcelona\/montana-black-empty-marker-t-tip-20mm\/\" \/>\n<meta property=\"og:locale\" content=\"en_US\" \/>\n<meta property=\"og:type\" content=\"article\" \/>\n<meta property=\"og:title\" content=\"MONTANA BLACK EMPTY MARKER T TIP 20mm Ultrawide Graffiti Shop\" \/>\n<meta property=\"og:description\" content=\"MONTANA BLACK EMPTY MARKER T TIP 20mm en Barcelona:MONTANA BLACK EMPTY MARKER T TIP 20mm? MONTANA BLACK EMPTY MARKER T TIP 20mm y mas. Arte y Graffiti Shop Barcelona. Spray, Colores, Rotuladores y MONTANA BLACK EMPTY MARKER T TIP 20mm\" \/>\n<meta property=\"og:url\" content=\"https:\/\/dev4.devmitsinformatica.com\/en\/shop\/graffiti-rotulador-shop-barcelona\/rotuladores-vacios-shop-barcelona\/montana-black-empty-marker-t-tip-20mm\/\" \/>\n<meta property=\"og:site_name\" content=\"ULTRAWIDE GRAFFITI SHOP\" \/>\n<meta property=\"article:modified_time\" content=\"2023-10-14T08:05:24+00:00\" \/>\n<meta property=\"og:image\" content=\"https:\/\/dev4.devmitsinformatica.com\/wp-content\/uploads\/2018\/01\/MONTANA-EMPTY-TTIP.jpg\" \/>\n\t<meta property=\"og:image:width\" content=\"800\" \/>\n\t<meta property=\"og:image:height\" content=\"792\" \/>\n\t<meta property=\"og:image:type\" content=\"image\/jpeg\" \/>\n<meta name=\"twitter:card\" content=\"summary_large_image\" \/>\n<meta name=\"twitter:label1\" content=\"Est. reading time\" \/>\n\t<meta name=\"twitter:data1\" content=\"1 minute\" \/>\n<script type=\"application\/ld+json\" class=\"yoast-schema-graph\">{\"@context\":\"https:\/\/schema.org\",\"@graph\":[{\"@type\":\"WebPage\",\"@id\":\"https:\/\/dev4.devmitsinformatica.com\/en\/shop\/graffiti-rotulador-shop-barcelona\/rotuladores-vacios-shop-barcelona\/montana-black-empty-marker-t-tip-20mm\/\",\"url\":\"https:\/\/dev4.devmitsinformatica.com\/en\/shop\/graffiti-rotulador-shop-barcelona\/rotuladores-vacios-shop-barcelona\/montana-black-empty-marker-t-tip-20mm\/\",\"name\":\"MONTANA BLACK EMPTY MARKER T TIP 20mm Ultrawide Graffiti Shop\",\"isPartOf\":{\"@id\":\"https:\/\/dev4.devmitsinformatica.com\/en\/#website\"},\"primaryImageOfPage\":{\"@id\":\"https:\/\/dev4.devmitsinformatica.com\/en\/shop\/graffiti-rotulador-shop-barcelona\/rotuladores-vacios-shop-barcelona\/montana-black-empty-marker-t-tip-20mm\/#primaryimage\"},\"image\":{\"@id\":\"https:\/\/dev4.devmitsinformatica.com\/en\/shop\/graffiti-rotulador-shop-barcelona\/rotuladores-vacios-shop-barcelona\/montana-black-empty-marker-t-tip-20mm\/#primaryimage\"},\"thumbnailUrl\":\"https:\/\/dev4.devmitsinformatica.com\/wp-content\/uploads\/2018\/01\/MONTANA-EMPTY-TTIP.jpg\",\"datePublished\":\"2018-01-13T18:54:28+00:00\",\"dateModified\":\"2023-10-14T08:05:24+00:00\",\"description\":\"MONTANA BLACK EMPTY MARKER T TIP 20mm en Barcelona:MONTANA BLACK EMPTY MARKER T TIP 20mm? MONTANA BLACK EMPTY MARKER T TIP 20mm y mas. Arte y Graffiti Shop Barcelona. Spray, Colores, Rotuladores y MONTANA BLACK EMPTY MARKER T TIP 20mm\",\"breadcrumb\":{\"@id\":\"https:\/\/dev4.devmitsinformatica.com\/en\/shop\/graffiti-rotulador-shop-barcelona\/rotuladores-vacios-shop-barcelona\/montana-black-empty-marker-t-tip-20mm\/#breadcrumb\"},\"inLanguage\":\"en-US\",\"potentialAction\":[{\"@type\":\"ReadAction\",\"target\":[\"https:\/\/dev4.devmitsinformatica.com\/en\/shop\/graffiti-rotulador-shop-barcelona\/rotuladores-vacios-shop-barcelona\/montana-black-empty-marker-t-tip-20mm\/\"]}]},{\"@type\":\"ImageObject\",\"inLanguage\":\"en-US\",\"@id\":\"https:\/\/dev4.devmitsinformatica.com\/en\/shop\/graffiti-rotulador-shop-barcelona\/rotuladores-vacios-shop-barcelona\/montana-black-empty-marker-t-tip-20mm\/#primaryimage\",\"url\":\"https:\/\/dev4.devmitsinformatica.com\/wp-content\/uploads\/2018\/01\/MONTANA-EMPTY-TTIP.jpg\",\"contentUrl\":\"https:\/\/dev4.devmitsinformatica.com\/wp-content\/uploads\/2018\/01\/MONTANA-EMPTY-TTIP.jpg\",\"width\":800,\"height\":792,\"caption\":\"marcador vac\u00edo rellenable montana de 20mm de punta\"},{\"@type\":\"BreadcrumbList\",\"@id\":\"https:\/\/dev4.devmitsinformatica.com\/en\/shop\/graffiti-rotulador-shop-barcelona\/rotuladores-vacios-shop-barcelona\/montana-black-empty-marker-t-tip-20mm\/#breadcrumb\",\"itemListElement\":[{\"@type\":\"ListItem\",\"position\":1,\"name\":\"Home\",\"item\":\"https:\/\/dev4.devmitsinformatica.com\/en\/\"},{\"@type\":\"ListItem\",\"position\":2,\"name\":\"Store\",\"item\":\"https:\/\/dev4.devmitsinformatica.com\/?page_id=38\"},{\"@type\":\"ListItem\",\"position\":3,\"name\":\"MONTANA BLACK EMPTY MARKER T TIP 20mm\"}]},{\"@type\":\"WebSite\",\"@id\":\"https:\/\/dev4.devmitsinformatica.com\/en\/#website\",\"url\":\"https:\/\/dev4.devmitsinformatica.com\/en\/\",\"name\":\"ULTRAWIDE GRAFFITI SHOP\",\"description\":\"SPRAY GRAFFITI SHOP CAPS Y ROTULADORES\",\"publisher\":{\"@id\":\"https:\/\/dev4.devmitsinformatica.com\/en\/#organization\"},\"potentialAction\":[{\"@type\":\"SearchAction\",\"target\":{\"@type\":\"EntryPoint\",\"urlTemplate\":\"https:\/\/dev4.devmitsinformatica.com\/en\/?s={search_term_string}\"},\"query-input\":{\"@type\":\"PropertyValueSpecification\",\"valueRequired\":true,\"valueName\":\"search_term_string\"}}],\"inLanguage\":\"en-US\"},{\"@type\":\"Organization\",\"@id\":\"https:\/\/dev4.devmitsinformatica.com\/en\/#organization\",\"name\":\"ANDEN Graffiti Shop Barcelona\",\"url\":\"https:\/\/dev4.devmitsinformatica.com\/en\/\",\"logo\":{\"@type\":\"ImageObject\",\"inLanguage\":\"en-US\",\"@id\":\"https:\/\/dev4.devmitsinformatica.com\/en\/#\/schema\/logo\/image\/\",\"url\":\"https:\/\/dev4.devmitsinformatica.com\/wp-content\/uploads\/2016\/11\/graffiti-gallery-barcelona.png\",\"contentUrl\":\"https:\/\/dev4.devmitsinformatica.com\/wp-content\/uploads\/2016\/11\/graffiti-gallery-barcelona.png\",\"width\":386,\"height\":150,\"caption\":\"ANDEN Graffiti Shop Barcelona\"},\"image\":{\"@id\":\"https:\/\/dev4.devmitsinformatica.com\/en\/#\/schema\/logo\/image\/\"}}]}<\/script>\n<!-- \/ Yoast SEO plugin. -->","yoast_head_json":{"title":"MONTANA BLACK EMPTY MARKER T TIP 20mm Ultrawide Graffiti Shop","description":"MONTANA BLACK EMPTY MARKER T TIP 20mm en Barcelona:MONTANA BLACK EMPTY MARKER T TIP 20mm? MONTANA BLACK EMPTY MARKER T TIP 20mm y mas. Arte y Graffiti Shop Barcelona. Spray, Colores, Rotuladores y MONTANA BLACK EMPTY MARKER T TIP 20mm","robots":{"index":"index","follow":"follow","max-snippet":"max-snippet:-1","max-image-preview":"max-image-preview:large","max-video-preview":"max-video-preview:-1"},"canonical":"https:\/\/dev4.devmitsinformatica.com\/en\/shop\/graffiti-rotulador-shop-barcelona\/rotuladores-vacios-shop-barcelona\/montana-black-empty-marker-t-tip-20mm\/","og_locale":"en_US","og_type":"article","og_title":"MONTANA BLACK EMPTY MARKER T TIP 20mm Ultrawide Graffiti Shop","og_description":"MONTANA BLACK EMPTY MARKER T TIP 20mm en Barcelona:MONTANA BLACK EMPTY MARKER T TIP 20mm? MONTANA BLACK EMPTY MARKER T TIP 20mm y mas. Arte y Graffiti Shop Barcelona. Spray, Colores, Rotuladores y MONTANA BLACK EMPTY MARKER T TIP 20mm","og_url":"https:\/\/dev4.devmitsinformatica.com\/en\/shop\/graffiti-rotulador-shop-barcelona\/rotuladores-vacios-shop-barcelona\/montana-black-empty-marker-t-tip-20mm\/","og_site_name":"ULTRAWIDE GRAFFITI SHOP","article_modified_time":"2023-10-14T08:05:24+00:00","og_image":[{"width":800,"height":792,"url":"https:\/\/dev4.devmitsinformatica.com\/wp-content\/uploads\/2018\/01\/MONTANA-EMPTY-TTIP.jpg","type":"image\/jpeg"}],"twitter_card":"summary_large_image","twitter_misc":{"Est. reading time":"1 minute"},"schema":{"@context":"https:\/\/schema.org","@graph":[{"@type":"WebPage","@id":"https:\/\/dev4.devmitsinformatica.com\/en\/shop\/graffiti-rotulador-shop-barcelona\/rotuladores-vacios-shop-barcelona\/montana-black-empty-marker-t-tip-20mm\/","url":"https:\/\/dev4.devmitsinformatica.com\/en\/shop\/graffiti-rotulador-shop-barcelona\/rotuladores-vacios-shop-barcelona\/montana-black-empty-marker-t-tip-20mm\/","name":"MONTANA BLACK EMPTY MARKER T TIP 20mm Ultrawide Graffiti Shop","isPartOf":{"@id":"https:\/\/dev4.devmitsinformatica.com\/en\/#website"},"primaryImageOfPage":{"@id":"https:\/\/dev4.devmitsinformatica.com\/en\/shop\/graffiti-rotulador-shop-barcelona\/rotuladores-vacios-shop-barcelona\/montana-black-empty-marker-t-tip-20mm\/#primaryimage"},"image":{"@id":"https:\/\/dev4.devmitsinformatica.com\/en\/shop\/graffiti-rotulador-shop-barcelona\/rotuladores-vacios-shop-barcelona\/montana-black-empty-marker-t-tip-20mm\/#primaryimage"},"thumbnailUrl":"https:\/\/dev4.devmitsinformatica.com\/wp-content\/uploads\/2018\/01\/MONTANA-EMPTY-TTIP.jpg","datePublished":"2018-01-13T18:54:28+00:00","dateModified":"2023-10-14T08:05:24+00:00","description":"MONTANA BLACK EMPTY MARKER T TIP 20mm en Barcelona:MONTANA BLACK EMPTY MARKER T TIP 20mm? MONTANA BLACK EMPTY MARKER T TIP 20mm y mas. Arte y Graffiti Shop Barcelona. Spray, Colores, Rotuladores y MONTANA BLACK EMPTY MARKER T TIP 20mm","breadcrumb":{"@id":"https:\/\/dev4.devmitsinformatica.com\/en\/shop\/graffiti-rotulador-shop-barcelona\/rotuladores-vacios-shop-barcelona\/montana-black-empty-marker-t-tip-20mm\/#breadcrumb"},"inLanguage":"en-US","potentialAction":[{"@type":"ReadAction","target":["https:\/\/dev4.devmitsinformatica.com\/en\/shop\/graffiti-rotulador-shop-barcelona\/rotuladores-vacios-shop-barcelona\/montana-black-empty-marker-t-tip-20mm\/"]}]},{"@type":"ImageObject","inLanguage":"en-US","@id":"https:\/\/dev4.devmitsinformatica.com\/en\/shop\/graffiti-rotulador-shop-barcelona\/rotuladores-vacios-shop-barcelona\/montana-black-empty-marker-t-tip-20mm\/#primaryimage","url":"https:\/\/dev4.devmitsinformatica.com\/wp-content\/uploads\/2018\/01\/MONTANA-EMPTY-TTIP.jpg","contentUrl":"https:\/\/dev4.devmitsinformatica.com\/wp-content\/uploads\/2018\/01\/MONTANA-EMPTY-TTIP.jpg","width":800,"height":792,"caption":"marcador vac\u00edo rellenable montana de 20mm de punta"},{"@type":"BreadcrumbList","@id":"https:\/\/dev4.devmitsinformatica.com\/en\/shop\/graffiti-rotulador-shop-barcelona\/rotuladores-vacios-shop-barcelona\/montana-black-empty-marker-t-tip-20mm\/#breadcrumb","itemListElement":[{"@type":"ListItem","position":1,"name":"Home","item":"https:\/\/dev4.devmitsinformatica.com\/en\/"},{"@type":"ListItem","position":2,"name":"Store","item":"https:\/\/dev4.devmitsinformatica.com\/?page_id=38"},{"@type":"ListItem","position":3,"name":"MONTANA BLACK EMPTY MARKER T TIP 20mm"}]},{"@type":"WebSite","@id":"https:\/\/dev4.devmitsinformatica.com\/en\/#website","url":"https:\/\/dev4.devmitsinformatica.com\/en\/","name":"ULTRAWIDE GRAFFITI SHOP","description":"SPRAY GRAFFITI SHOP CAPS Y ROTULADORES","publisher":{"@id":"https:\/\/dev4.devmitsinformatica.com\/en\/#organization"},"potentialAction":[{"@type":"SearchAction","target":{"@type":"EntryPoint","urlTemplate":"https:\/\/dev4.devmitsinformatica.com\/en\/?s={search_term_string}"},"query-input":{"@type":"PropertyValueSpecification","valueRequired":true,"valueName":"search_term_string"}}],"inLanguage":"en-US"},{"@type":"Organization","@id":"https:\/\/dev4.devmitsinformatica.com\/en\/#organization","name":"ANDEN Graffiti Shop Barcelona","url":"https:\/\/dev4.devmitsinformatica.com\/en\/","logo":{"@type":"ImageObject","inLanguage":"en-US","@id":"https:\/\/dev4.devmitsinformatica.com\/en\/#\/schema\/logo\/image\/","url":"https:\/\/dev4.devmitsinformatica.com\/wp-content\/uploads\/2016\/11\/graffiti-gallery-barcelona.png","contentUrl":"https:\/\/dev4.devmitsinformatica.com\/wp-content\/uploads\/2016\/11\/graffiti-gallery-barcelona.png","width":386,"height":150,"caption":"ANDEN Graffiti Shop Barcelona"},"image":{"@id":"https:\/\/dev4.devmitsinformatica.com\/en\/#\/schema\/logo\/image\/"}}]}},"_links":{"self":[{"href":"https:\/\/dev4.devmitsinformatica.com\/en\/wp-json\/wp\/v2\/product\/5791","targetHints":{"allow":["GET"]}}],"collection":[{"href":"https:\/\/dev4.devmitsinformatica.com\/en\/wp-json\/wp\/v2\/product"}],"about":[{"href":"https:\/\/dev4.devmitsinformatica.com\/en\/wp-json\/wp\/v2\/types\/product"}],"replies":[{"embeddable":true,"href":"https:\/\/dev4.devmitsinformatica.com\/en\/wp-json\/wp\/v2\/comments?post=5791"}],"version-history":[{"count":0,"href":"https:\/\/dev4.devmitsinformatica.com\/en\/wp-json\/wp\/v2\/product\/5791\/revisions"}],"wp:featuredmedia":[{"embeddable":true,"href":"https:\/\/dev4.devmitsinformatica.com\/en\/wp-json\/wp\/v2\/media\/5792"}],"wp:attachment":[{"href":"https:\/\/dev4.devmitsinformatica.com\/en\/wp-json\/wp\/v2\/media?parent=5791"}],"wp:term":[{"taxonomy":"product_brand","embeddable":true,"href":"https:\/\/dev4.devmitsinformatica.com\/en\/wp-json\/wp\/v2\/product_brand?post=5791"},{"taxonomy":"product_cat","embeddable":true,"href":"https:\/\/dev4.devmitsinformatica.com\/en\/wp-json\/wp\/v2\/product_cat?post=5791"},{"taxonomy":"product_tag","embeddable":true,"href":"https:\/\/dev4.devmitsinformatica.com\/en\/wp-json\/wp\/v2\/product_tag?post=5791"}],"curies":[{"name":"wp","href":"https:\/\/api.w.org\/{rel}","templated":true}]}}