{"id":5811,"date":"2018-01-14T12:13:53","date_gmt":"2018-01-14T12:13:53","guid":{"rendered":"https:\/\/dev4.devmitsinformatica.com\/?post_type=product&#038;p=5811"},"modified":"2023-10-14T07:28:35","modified_gmt":"2023-10-14T07:28:35","slug":"otr-005-soultip-squeeze","status":"publish","type":"product","link":"https:\/\/dev4.devmitsinformatica.com\/en\/shop\/graffiti-rotulador-shop-barcelona\/on-the-run-markers\/otr-squeeze-markers\/otr-005-soultip-squeeze\/","title":{"rendered":"OTR 005 SOULTIP SQUEEZE"},"content":{"rendered":"<p><strong>OTR 005 SOULTIP SQUEEZE<\/strong>. Para la serie ON THE RUN SOULTIP, se ha desarrollado una punta de v\u00e1lvula en el nivel industrial m\u00e1s alto. Las puntas extra duraderas de mohair &#8220;Diamond fiber&#8221; se fabrican en cinco pasos y combinan cuatro materiales diferentes.<br \/>\nON THE RUN SOULTIP <strong>SQUEEZE MARKER<\/strong> son universalmente aplicables, dise\u00f1ados para etiquetas jugosas y opacas en cualquier superficie y se utilizan cada vez m\u00e1s para trabajos de lienzo y muchas otras obras en el campo del arte. Incluso colas de papel pintado, pinturas de pared, de l\u00e1tex o pinturas al \u00f3leo no representan ning\u00fan problema para el SOULTIP.<\/p>\n<p>El<strong> squeezer marker<\/strong> otr 005 Soultip es el rotulador de chorreo mas universal de la l\u00ednea On The Run, un marcador de tama\u00f1o medio con punta de pelo de 10mm de di\u00e1metro y tap\u00f3n de rosca para evitar manchas y derrame durante su transporte. Su dep\u00f3sto es de pl\u00e1stico semir\u00edgido, lo que te permite controlar o aumentar el paso de pintura en funci\u00f3n de la presi\u00f3n que ejerzas. El otr 005 es un<strong> Squeezer recargable<\/strong> y de puntas reposicionables.<\/p>\n<p>Ultrawide es distribuidor bellas artes y materiales para graffiti de las marcas mas representativas del mercado y como no pod\u00eda ser de otra manera de los marcadores on the run, que desde 1990 nos ofrecen un producto de primera que sigue avanzando e innovando a\u00a0 los tiempos.<\/p>\n<p>El Squeezer rotulador Soultip 005,<\/p>\n","protected":false},"excerpt":{"rendered":"<p>Soultip Squeezer 005 es el marcador de chorreo universal para tus acciones de tagging, su punta mohair de 10mm y su tama\u00f1o lo convierten en el marcador ideal para tags. El Soultip 005 esta disponible en 22 colores que incluyen 7 Neon Fluor y 3 Chrome metalic.\u00a0 Squeezers de colores rellenos de pintura soultip altamente opaca y resistente. Sin duda una herramienta perfecta que no puede faltar al escritor de graffiti.<\/p>\n<p>&nbsp;<\/p>\n","protected":false},"featured_media":5812,"comment_status":"open","ping_status":"closed","template":"","meta":{"site-sidebar-layout":"default","site-content-layout":"","ast-site-content-layout":"default","site-content-style":"default","site-sidebar-style":"default","ast-global-header-display":"","ast-banner-title-visibility":"","ast-main-header-display":"","ast-hfb-above-header-display":"","ast-hfb-below-header-display":"","ast-hfb-mobile-header-display":"","site-post-title":"","ast-breadcrumbs-content":"","ast-featured-img":"","footer-sml-layout":"","ast-disable-related-posts":"","theme-transparent-header-meta":"","adv-header-id-meta":"","stick-header-meta":"","header-above-stick-meta":"","header-main-stick-meta":"","header-below-stick-meta":"","astra-migrate-meta-layouts":"default","ast-page-background-enabled":"default","ast-page-background-meta":{"desktop":{"background-color":"","background-image":"","background-repeat":"repeat","background-position":"center center","background-size":"auto","background-attachment":"scroll","background-type":"","background-media":"","overlay-type":"","overlay-color":"","overlay-opacity":"","overlay-gradient":""},"tablet":{"background-color":"","background-image":"","background-repeat":"repeat","background-position":"center center","background-size":"auto","background-attachment":"scroll","background-type":"","background-media":"","overlay-type":"","overlay-color":"","overlay-opacity":"","overlay-gradient":""},"mobile":{"background-color":"","background-image":"","background-repeat":"repeat","background-position":"center center","background-size":"auto","background-attachment":"scroll","background-type":"","background-media":"","overlay-type":"","overlay-color":"","overlay-opacity":"","overlay-gradient":""}},"ast-content-background-meta":{"desktop":{"background-color":"var(--ast-global-color-5)","background-image":"","background-repeat":"repeat","background-position":"center center","background-size":"auto","background-attachment":"scroll","background-type":"","background-media":"","overlay-type":"","overlay-color":"","overlay-opacity":"","overlay-gradient":""},"tablet":{"background-color":"var(--ast-global-color-5)","background-image":"","background-repeat":"repeat","background-position":"center center","background-size":"auto","background-attachment":"scroll","background-type":"","background-media":"","overlay-type":"","overlay-color":"","overlay-opacity":"","overlay-gradient":""},"mobile":{"background-color":"var(--ast-global-color-5)","background-image":"","background-repeat":"repeat","background-position":"center center","background-size":"auto","background-attachment":"scroll","background-type":"","background-media":"","overlay-type":"","overlay-color":"","overlay-opacity":"","overlay-gradient":""}}},"product_brand":[],"product_cat":[7,2253,2610],"product_tag":[3580,2643,2646,2645,2289,3622,2641,2425,2642,3624,3623,2644,2287],"class_list":{"0":"post-5811","1":"product","2":"type-product","3":"status-publish","4":"has-post-thumbnail","6":"product_cat-graffiti-rotulador-shop-barcelona","7":"product_cat-on-the-run-markers","8":"product_cat-otr-squeeze-markers","9":"product_tag-distribuidor-on-the-run-espana","10":"product_tag-marcador-de-chorreo","11":"product_tag-marcador-squeezer-montana","12":"product_tag-montana-chorreador","13":"product_tag-rotulador-para-tags","14":"product_tag-rotulador-squeezer","15":"product_tag-soultip-005","16":"product_tag-squeeze-marker","17":"product_tag-squeezer-10mm","18":"product_tag-squeezer-marker","19":"product_tag-squeezer-mod","20":"product_tag-squeezer-monyana","21":"product_tag-taker","22":"pa_color-black-2","23":"pa_color-blazing-red","24":"pa_color-blue-pastel","25":"pa_color-gold-2","26":"pa_color-green-2","27":"pa_color-green-pastel","28":"pa_color-hot-pink","29":"pa_color-neon-apricot","30":"pa_color-neon-green","31":"pa_color-neon-orange","32":"pa_color-neon-pink","33":"pa_color-neon-pink-pastel","34":"pa_color-neon-yellow","35":"pa_color-neon-yellow-pastel","36":"pa_color-orange-2","37":"pa_color-petrol","38":"pa_color-royal-blue-2","39":"pa_color-silver","40":"pa_color-stainless-dirty-chrome","41":"pa_color-violet-2","42":"pa_color-white","43":"pa_color-yellow","44":"desktop-align-left","45":"tablet-align-left","46":"mobile-align-left","48":"first","49":"instock","50":"purchasable","51":"product-type-variable"},"yoast_head":"<!-- This site is optimized with the Yoast SEO plugin v27.0 - https:\/\/yoast.com\/product\/yoast-seo-wordpress\/ -->\n<title>OTR 005 SOULTIP SQUEEZE Ultrawide Graffiti Shop Barcelona<\/title>\n<meta name=\"description\" content=\"OTR 005 SOULTIP SQUEEZE en Barcelona:OTR 005 SOULTIP SQUEEZE? OTR 005 SOULTIP SQUEEZE y mas. Arte y Graffiti Shop Barcelona. Spray, Colores, Rotuladores y OTR 005 SOULTIP SQUEEZE\" \/>\n<meta name=\"robots\" content=\"index, follow, max-snippet:-1, max-image-preview:large, max-video-preview:-1\" \/>\n<link rel=\"canonical\" href=\"https:\/\/dev4.devmitsinformatica.com\/en\/shop\/graffiti-rotulador-shop-barcelona\/on-the-run-markers\/otr-squeeze-markers\/otr-005-soultip-squeeze\/\" \/>\n<meta property=\"og:locale\" content=\"en_US\" \/>\n<meta property=\"og:type\" content=\"article\" \/>\n<meta property=\"og:title\" content=\"OTR 005 SOULTIP SQUEEZE Ultrawide Graffiti Shop Barcelona\" \/>\n<meta property=\"og:description\" content=\"OTR 005 SOULTIP SQUEEZE en Barcelona:OTR 005 SOULTIP SQUEEZE? OTR 005 SOULTIP SQUEEZE y mas. Arte y Graffiti Shop Barcelona. Spray, Colores, Rotuladores y OTR 005 SOULTIP SQUEEZE\" \/>\n<meta property=\"og:url\" content=\"https:\/\/dev4.devmitsinformatica.com\/en\/shop\/graffiti-rotulador-shop-barcelona\/on-the-run-markers\/otr-squeeze-markers\/otr-005-soultip-squeeze\/\" \/>\n<meta property=\"og:site_name\" content=\"ULTRAWIDE GRAFFITI SHOP\" \/>\n<meta property=\"article:modified_time\" content=\"2023-10-14T07:28:35+00:00\" \/>\n<meta property=\"og:image\" content=\"https:\/\/dev4.devmitsinformatica.com\/wp-content\/uploads\/2018\/01\/on-the-run-otr-005-soultip-p1982-4553_medium.png\" \/>\n\t<meta property=\"og:image:width\" content=\"490\" \/>\n\t<meta property=\"og:image:height\" content=\"490\" \/>\n\t<meta property=\"og:image:type\" content=\"image\/png\" \/>\n<meta name=\"twitter:card\" content=\"summary_large_image\" \/>\n<meta name=\"twitter:label1\" content=\"Est. reading time\" \/>\n\t<meta name=\"twitter:data1\" content=\"1 minute\" \/>\n<script type=\"application\/ld+json\" class=\"yoast-schema-graph\">{\"@context\":\"https:\/\/schema.org\",\"@graph\":[{\"@type\":\"WebPage\",\"@id\":\"https:\/\/dev4.devmitsinformatica.com\/en\/shop\/graffiti-rotulador-shop-barcelona\/on-the-run-markers\/otr-squeeze-markers\/otr-005-soultip-squeeze\/\",\"url\":\"https:\/\/dev4.devmitsinformatica.com\/en\/shop\/graffiti-rotulador-shop-barcelona\/on-the-run-markers\/otr-squeeze-markers\/otr-005-soultip-squeeze\/\",\"name\":\"OTR 005 SOULTIP SQUEEZE Ultrawide Graffiti Shop Barcelona\",\"isPartOf\":{\"@id\":\"https:\/\/dev4.devmitsinformatica.com\/en\/#website\"},\"primaryImageOfPage\":{\"@id\":\"https:\/\/dev4.devmitsinformatica.com\/en\/shop\/graffiti-rotulador-shop-barcelona\/on-the-run-markers\/otr-squeeze-markers\/otr-005-soultip-squeeze\/#primaryimage\"},\"image\":{\"@id\":\"https:\/\/dev4.devmitsinformatica.com\/en\/shop\/graffiti-rotulador-shop-barcelona\/on-the-run-markers\/otr-squeeze-markers\/otr-005-soultip-squeeze\/#primaryimage\"},\"thumbnailUrl\":\"https:\/\/dev4.devmitsinformatica.com\/wp-content\/uploads\/2018\/01\/on-the-run-otr-005-soultip-p1982-4553_medium.png\",\"datePublished\":\"2018-01-14T12:13:53+00:00\",\"dateModified\":\"2023-10-14T07:28:35+00:00\",\"description\":\"OTR 005 SOULTIP SQUEEZE en Barcelona:OTR 005 SOULTIP SQUEEZE? OTR 005 SOULTIP SQUEEZE y mas. Arte y Graffiti Shop Barcelona. Spray, Colores, Rotuladores y OTR 005 SOULTIP SQUEEZE\",\"breadcrumb\":{\"@id\":\"https:\/\/dev4.devmitsinformatica.com\/en\/shop\/graffiti-rotulador-shop-barcelona\/on-the-run-markers\/otr-squeeze-markers\/otr-005-soultip-squeeze\/#breadcrumb\"},\"inLanguage\":\"en-US\",\"potentialAction\":[{\"@type\":\"ReadAction\",\"target\":[\"https:\/\/dev4.devmitsinformatica.com\/en\/shop\/graffiti-rotulador-shop-barcelona\/on-the-run-markers\/otr-squeeze-markers\/otr-005-soultip-squeeze\/\"]}]},{\"@type\":\"ImageObject\",\"inLanguage\":\"en-US\",\"@id\":\"https:\/\/dev4.devmitsinformatica.com\/en\/shop\/graffiti-rotulador-shop-barcelona\/on-the-run-markers\/otr-squeeze-markers\/otr-005-soultip-squeeze\/#primaryimage\",\"url\":\"https:\/\/dev4.devmitsinformatica.com\/wp-content\/uploads\/2018\/01\/on-the-run-otr-005-soultip-p1982-4553_medium.png\",\"contentUrl\":\"https:\/\/dev4.devmitsinformatica.com\/wp-content\/uploads\/2018\/01\/on-the-run-otr-005-soultip-p1982-4553_medium.png\",\"width\":490,\"height\":490,\"caption\":\"el squeezer marcador para graffiti tags tagging onthe run graffiti marker\"},{\"@type\":\"BreadcrumbList\",\"@id\":\"https:\/\/dev4.devmitsinformatica.com\/en\/shop\/graffiti-rotulador-shop-barcelona\/on-the-run-markers\/otr-squeeze-markers\/otr-005-soultip-squeeze\/#breadcrumb\",\"itemListElement\":[{\"@type\":\"ListItem\",\"position\":1,\"name\":\"Home\",\"item\":\"https:\/\/dev4.devmitsinformatica.com\/en\/\"},{\"@type\":\"ListItem\",\"position\":2,\"name\":\"Store\",\"item\":\"https:\/\/dev4.devmitsinformatica.com\/?page_id=38\"},{\"@type\":\"ListItem\",\"position\":3,\"name\":\"OTR 005 SOULTIP SQUEEZE\"}]},{\"@type\":\"WebSite\",\"@id\":\"https:\/\/dev4.devmitsinformatica.com\/en\/#website\",\"url\":\"https:\/\/dev4.devmitsinformatica.com\/en\/\",\"name\":\"ULTRAWIDE GRAFFITI SHOP\",\"description\":\"SPRAY GRAFFITI SHOP CAPS Y ROTULADORES\",\"publisher\":{\"@id\":\"https:\/\/dev4.devmitsinformatica.com\/en\/#organization\"},\"potentialAction\":[{\"@type\":\"SearchAction\",\"target\":{\"@type\":\"EntryPoint\",\"urlTemplate\":\"https:\/\/dev4.devmitsinformatica.com\/en\/?s={search_term_string}\"},\"query-input\":{\"@type\":\"PropertyValueSpecification\",\"valueRequired\":true,\"valueName\":\"search_term_string\"}}],\"inLanguage\":\"en-US\"},{\"@type\":\"Organization\",\"@id\":\"https:\/\/dev4.devmitsinformatica.com\/en\/#organization\",\"name\":\"ANDEN Graffiti Shop Barcelona\",\"url\":\"https:\/\/dev4.devmitsinformatica.com\/en\/\",\"logo\":{\"@type\":\"ImageObject\",\"inLanguage\":\"en-US\",\"@id\":\"https:\/\/dev4.devmitsinformatica.com\/en\/#\/schema\/logo\/image\/\",\"url\":\"https:\/\/dev4.devmitsinformatica.com\/wp-content\/uploads\/2016\/11\/graffiti-gallery-barcelona.png\",\"contentUrl\":\"https:\/\/dev4.devmitsinformatica.com\/wp-content\/uploads\/2016\/11\/graffiti-gallery-barcelona.png\",\"width\":386,\"height\":150,\"caption\":\"ANDEN Graffiti Shop Barcelona\"},\"image\":{\"@id\":\"https:\/\/dev4.devmitsinformatica.com\/en\/#\/schema\/logo\/image\/\"}}]}<\/script>\n<!-- \/ Yoast SEO plugin. -->","yoast_head_json":{"title":"OTR 005 SOULTIP SQUEEZE Ultrawide Graffiti Shop Barcelona","description":"OTR 005 SOULTIP SQUEEZE en Barcelona:OTR 005 SOULTIP SQUEEZE? OTR 005 SOULTIP SQUEEZE y mas. Arte y Graffiti Shop Barcelona. Spray, Colores, Rotuladores y OTR 005 SOULTIP SQUEEZE","robots":{"index":"index","follow":"follow","max-snippet":"max-snippet:-1","max-image-preview":"max-image-preview:large","max-video-preview":"max-video-preview:-1"},"canonical":"https:\/\/dev4.devmitsinformatica.com\/en\/shop\/graffiti-rotulador-shop-barcelona\/on-the-run-markers\/otr-squeeze-markers\/otr-005-soultip-squeeze\/","og_locale":"en_US","og_type":"article","og_title":"OTR 005 SOULTIP SQUEEZE Ultrawide Graffiti Shop Barcelona","og_description":"OTR 005 SOULTIP SQUEEZE en Barcelona:OTR 005 SOULTIP SQUEEZE? OTR 005 SOULTIP SQUEEZE y mas. Arte y Graffiti Shop Barcelona. Spray, Colores, Rotuladores y OTR 005 SOULTIP SQUEEZE","og_url":"https:\/\/dev4.devmitsinformatica.com\/en\/shop\/graffiti-rotulador-shop-barcelona\/on-the-run-markers\/otr-squeeze-markers\/otr-005-soultip-squeeze\/","og_site_name":"ULTRAWIDE GRAFFITI SHOP","article_modified_time":"2023-10-14T07:28:35+00:00","og_image":[{"width":490,"height":490,"url":"https:\/\/dev4.devmitsinformatica.com\/wp-content\/uploads\/2018\/01\/on-the-run-otr-005-soultip-p1982-4553_medium.png","type":"image\/png"}],"twitter_card":"summary_large_image","twitter_misc":{"Est. reading time":"1 minute"},"schema":{"@context":"https:\/\/schema.org","@graph":[{"@type":"WebPage","@id":"https:\/\/dev4.devmitsinformatica.com\/en\/shop\/graffiti-rotulador-shop-barcelona\/on-the-run-markers\/otr-squeeze-markers\/otr-005-soultip-squeeze\/","url":"https:\/\/dev4.devmitsinformatica.com\/en\/shop\/graffiti-rotulador-shop-barcelona\/on-the-run-markers\/otr-squeeze-markers\/otr-005-soultip-squeeze\/","name":"OTR 005 SOULTIP SQUEEZE Ultrawide Graffiti Shop Barcelona","isPartOf":{"@id":"https:\/\/dev4.devmitsinformatica.com\/en\/#website"},"primaryImageOfPage":{"@id":"https:\/\/dev4.devmitsinformatica.com\/en\/shop\/graffiti-rotulador-shop-barcelona\/on-the-run-markers\/otr-squeeze-markers\/otr-005-soultip-squeeze\/#primaryimage"},"image":{"@id":"https:\/\/dev4.devmitsinformatica.com\/en\/shop\/graffiti-rotulador-shop-barcelona\/on-the-run-markers\/otr-squeeze-markers\/otr-005-soultip-squeeze\/#primaryimage"},"thumbnailUrl":"https:\/\/dev4.devmitsinformatica.com\/wp-content\/uploads\/2018\/01\/on-the-run-otr-005-soultip-p1982-4553_medium.png","datePublished":"2018-01-14T12:13:53+00:00","dateModified":"2023-10-14T07:28:35+00:00","description":"OTR 005 SOULTIP SQUEEZE en Barcelona:OTR 005 SOULTIP SQUEEZE? OTR 005 SOULTIP SQUEEZE y mas. Arte y Graffiti Shop Barcelona. Spray, Colores, Rotuladores y OTR 005 SOULTIP SQUEEZE","breadcrumb":{"@id":"https:\/\/dev4.devmitsinformatica.com\/en\/shop\/graffiti-rotulador-shop-barcelona\/on-the-run-markers\/otr-squeeze-markers\/otr-005-soultip-squeeze\/#breadcrumb"},"inLanguage":"en-US","potentialAction":[{"@type":"ReadAction","target":["https:\/\/dev4.devmitsinformatica.com\/en\/shop\/graffiti-rotulador-shop-barcelona\/on-the-run-markers\/otr-squeeze-markers\/otr-005-soultip-squeeze\/"]}]},{"@type":"ImageObject","inLanguage":"en-US","@id":"https:\/\/dev4.devmitsinformatica.com\/en\/shop\/graffiti-rotulador-shop-barcelona\/on-the-run-markers\/otr-squeeze-markers\/otr-005-soultip-squeeze\/#primaryimage","url":"https:\/\/dev4.devmitsinformatica.com\/wp-content\/uploads\/2018\/01\/on-the-run-otr-005-soultip-p1982-4553_medium.png","contentUrl":"https:\/\/dev4.devmitsinformatica.com\/wp-content\/uploads\/2018\/01\/on-the-run-otr-005-soultip-p1982-4553_medium.png","width":490,"height":490,"caption":"el squeezer marcador para graffiti tags tagging onthe run graffiti marker"},{"@type":"BreadcrumbList","@id":"https:\/\/dev4.devmitsinformatica.com\/en\/shop\/graffiti-rotulador-shop-barcelona\/on-the-run-markers\/otr-squeeze-markers\/otr-005-soultip-squeeze\/#breadcrumb","itemListElement":[{"@type":"ListItem","position":1,"name":"Home","item":"https:\/\/dev4.devmitsinformatica.com\/en\/"},{"@type":"ListItem","position":2,"name":"Store","item":"https:\/\/dev4.devmitsinformatica.com\/?page_id=38"},{"@type":"ListItem","position":3,"name":"OTR 005 SOULTIP SQUEEZE"}]},{"@type":"WebSite","@id":"https:\/\/dev4.devmitsinformatica.com\/en\/#website","url":"https:\/\/dev4.devmitsinformatica.com\/en\/","name":"ULTRAWIDE GRAFFITI SHOP","description":"SPRAY GRAFFITI SHOP CAPS Y ROTULADORES","publisher":{"@id":"https:\/\/dev4.devmitsinformatica.com\/en\/#organization"},"potentialAction":[{"@type":"SearchAction","target":{"@type":"EntryPoint","urlTemplate":"https:\/\/dev4.devmitsinformatica.com\/en\/?s={search_term_string}"},"query-input":{"@type":"PropertyValueSpecification","valueRequired":true,"valueName":"search_term_string"}}],"inLanguage":"en-US"},{"@type":"Organization","@id":"https:\/\/dev4.devmitsinformatica.com\/en\/#organization","name":"ANDEN Graffiti Shop Barcelona","url":"https:\/\/dev4.devmitsinformatica.com\/en\/","logo":{"@type":"ImageObject","inLanguage":"en-US","@id":"https:\/\/dev4.devmitsinformatica.com\/en\/#\/schema\/logo\/image\/","url":"https:\/\/dev4.devmitsinformatica.com\/wp-content\/uploads\/2016\/11\/graffiti-gallery-barcelona.png","contentUrl":"https:\/\/dev4.devmitsinformatica.com\/wp-content\/uploads\/2016\/11\/graffiti-gallery-barcelona.png","width":386,"height":150,"caption":"ANDEN Graffiti Shop Barcelona"},"image":{"@id":"https:\/\/dev4.devmitsinformatica.com\/en\/#\/schema\/logo\/image\/"}}]}},"_links":{"self":[{"href":"https:\/\/dev4.devmitsinformatica.com\/en\/wp-json\/wp\/v2\/product\/5811","targetHints":{"allow":["GET"]}}],"collection":[{"href":"https:\/\/dev4.devmitsinformatica.com\/en\/wp-json\/wp\/v2\/product"}],"about":[{"href":"https:\/\/dev4.devmitsinformatica.com\/en\/wp-json\/wp\/v2\/types\/product"}],"replies":[{"embeddable":true,"href":"https:\/\/dev4.devmitsinformatica.com\/en\/wp-json\/wp\/v2\/comments?post=5811"}],"version-history":[{"count":0,"href":"https:\/\/dev4.devmitsinformatica.com\/en\/wp-json\/wp\/v2\/product\/5811\/revisions"}],"wp:featuredmedia":[{"embeddable":true,"href":"https:\/\/dev4.devmitsinformatica.com\/en\/wp-json\/wp\/v2\/media\/5812"}],"wp:attachment":[{"href":"https:\/\/dev4.devmitsinformatica.com\/en\/wp-json\/wp\/v2\/media?parent=5811"}],"wp:term":[{"taxonomy":"product_brand","embeddable":true,"href":"https:\/\/dev4.devmitsinformatica.com\/en\/wp-json\/wp\/v2\/product_brand?post=5811"},{"taxonomy":"product_cat","embeddable":true,"href":"https:\/\/dev4.devmitsinformatica.com\/en\/wp-json\/wp\/v2\/product_cat?post=5811"},{"taxonomy":"product_tag","embeddable":true,"href":"https:\/\/dev4.devmitsinformatica.com\/en\/wp-json\/wp\/v2\/product_tag?post=5811"}],"curies":[{"name":"wp","href":"https:\/\/api.w.org\/{rel}","templated":true}]}}