{"id":5864,"date":"2018-01-15T12:55:06","date_gmt":"2018-01-15T12:55:06","guid":{"rendered":"https:\/\/dev4.devmitsinformatica.com\/?post_type=product&#038;p=5864"},"modified":"2023-10-14T07:21:12","modified_gmt":"2023-10-14T07:21:12","slug":"otr-006-soultip-squeezer","status":"publish","type":"product","link":"https:\/\/dev4.devmitsinformatica.com\/en\/shop\/graffiti-rotulador-shop-barcelona\/on-the-run-markers\/otr-squeeze-markers\/otr-006-soultip-squeezer\/","title":{"rendered":"OTR 006 SOULTIP SQUEEZER"},"content":{"rendered":"<p>OTR 006 SOULTIP SQUEEZER. Para la serie ON THE RUN SOULTIP, se ha desarrollado una punta de v\u00e1lvula en el nivel industrial m\u00e1s alto. Las puntas extra duraderas de &#8220;fibra de diamante&#8221; de mohair se fabrican en cinco operaciones y combinan cuatro materiales diferentes.<br \/>\nLos MARCADORES SORPRENDENTES SOULTIP son universalmente aplicables, dise\u00f1ados para pegatinas y tags, opacos en cualquier superficie y se utilizan cada vez m\u00e1s para trabajos de lienzo y muchos otros trabajos en el campo del arte. Incluso colas, pinturas de pared de l\u00e1tex o pinturas al \u00f3leo no representan ning\u00fan problema para el SOULTIP. El Rotulador de chorreo o chorreador Soultip Squeezer Otr 006, es el hermano mayor del on the run 007, con un dep\u00f3sito de 5ml m\u00e1s de pintura al alcohol Soultip aunque con la misma dimensi\u00f3n de punta. Se trata de un rotulador squeezer de punta de 5mm y de dimensiones medianas, muy apropiado para transportarlo sin problemas gracias a su tap\u00f3n de rosca. Buscas rotuladores squeezer en Barcelona? Ultrawide tiene rotuladores Squeezer en Barcelona y espa\u00f1a de la marca referente en el mercado del Graffiti On The Run (1990).<\/p>\n<p>El otr 006 se presenta en una amplia gama de colores de pintura al alcohol de gran opacidad y cubrici\u00f3n, recargable y de puntas reposicionables.<\/p>\n","protected":false},"excerpt":{"rendered":"<p>El Otr 006 es un marcadoe squeezer de 5mm de punta de pelo con pintura soultip paint opaca y permanente. Su tama\u00f1o lo convierte en un elemento f\u00e1cil de transportar en cualquier bolsillo o espacio reducido. Su pintura multisuperf\u00edcie soultip hace del soultip 006, un marcador ideal para tus acciones de tagging en cualquier lugar pero no solo para ello, el squeezer de otr es un marcador cada vez mas utilizado en trabajos artisticos muy vers\u00e1tiles como lienzo, mural etc&#8230;<\/p>\n","protected":false},"featured_media":6131,"comment_status":"open","ping_status":"closed","template":"","meta":{"site-sidebar-layout":"default","site-content-layout":"","ast-site-content-layout":"default","site-content-style":"default","site-sidebar-style":"default","ast-global-header-display":"","ast-banner-title-visibility":"","ast-main-header-display":"","ast-hfb-above-header-display":"","ast-hfb-below-header-display":"","ast-hfb-mobile-header-display":"","site-post-title":"","ast-breadcrumbs-content":"","ast-featured-img":"","footer-sml-layout":"","ast-disable-related-posts":"","theme-transparent-header-meta":"","adv-header-id-meta":"","stick-header-meta":"","header-above-stick-meta":"","header-main-stick-meta":"","header-below-stick-meta":"","astra-migrate-meta-layouts":"default","ast-page-background-enabled":"default","ast-page-background-meta":{"desktop":{"background-color":"","background-image":"","background-repeat":"repeat","background-position":"center center","background-size":"auto","background-attachment":"scroll","background-type":"","background-media":"","overlay-type":"","overlay-color":"","overlay-opacity":"","overlay-gradient":""},"tablet":{"background-color":"","background-image":"","background-repeat":"repeat","background-position":"center center","background-size":"auto","background-attachment":"scroll","background-type":"","background-media":"","overlay-type":"","overlay-color":"","overlay-opacity":"","overlay-gradient":""},"mobile":{"background-color":"","background-image":"","background-repeat":"repeat","background-position":"center center","background-size":"auto","background-attachment":"scroll","background-type":"","background-media":"","overlay-type":"","overlay-color":"","overlay-opacity":"","overlay-gradient":""}},"ast-content-background-meta":{"desktop":{"background-color":"var(--ast-global-color-5)","background-image":"","background-repeat":"repeat","background-position":"center center","background-size":"auto","background-attachment":"scroll","background-type":"","background-media":"","overlay-type":"","overlay-color":"","overlay-opacity":"","overlay-gradient":""},"tablet":{"background-color":"var(--ast-global-color-5)","background-image":"","background-repeat":"repeat","background-position":"center center","background-size":"auto","background-attachment":"scroll","background-type":"","background-media":"","overlay-type":"","overlay-color":"","overlay-opacity":"","overlay-gradient":""},"mobile":{"background-color":"var(--ast-global-color-5)","background-image":"","background-repeat":"repeat","background-position":"center center","background-size":"auto","background-attachment":"scroll","background-type":"","background-media":"","overlay-type":"","overlay-color":"","overlay-opacity":"","overlay-gradient":""}}},"product_brand":[],"product_cat":[7,2253,2610],"product_tag":[3620,2960,2669,2296,2664,3619,2667,2425,2665,2666,2668,3621],"class_list":{"0":"post-5864","1":"product","2":"type-product","3":"status-publish","4":"has-post-thumbnail","6":"product_cat-graffiti-rotulador-shop-barcelona","7":"product_cat-on-the-run-markers","8":"product_cat-otr-squeeze-markers","9":"product_tag-comprar-rotuladores","10":"product_tag-graffiti-shop-online","11":"product_tag-marcador-chorreo","12":"product_tag-on-the-run","13":"product_tag-otr-006","14":"product_tag-rotuladores-squeezers","15":"product_tag-squeeze-5mm","16":"product_tag-squeeze-marker","17":"product_tag-squeezer","18":"product_tag-squeezer-pequeno","19":"product_tag-tags-marker","20":"product_tag-tienda-de-rotuladores-barcelona","21":"pa_color-black-2","22":"pa_color-blazing-red","23":"pa_color-blue-pastel","24":"pa_color-gold-2","25":"pa_color-green-2","26":"pa_color-green-pastel","27":"pa_color-hot-pink","28":"pa_color-neon-apricot","29":"pa_color-neon-green","30":"pa_color-neon-orange","31":"pa_color-neon-pink","32":"pa_color-neon-pink-pastel","33":"pa_color-neon-yellow","34":"pa_color-neon-yellow-pastel","35":"pa_color-orange-2","36":"pa_color-petrol","37":"pa_color-royal-blue-2","38":"pa_color-silver","39":"pa_color-stainless-dirty-chrome","40":"pa_color-violet-2","41":"pa_color-white","42":"pa_color-yellow","43":"desktop-align-left","44":"tablet-align-left","45":"mobile-align-left","47":"first","48":"instock","49":"purchasable","50":"product-type-variable"},"yoast_head":"<!-- This site is optimized with the Yoast SEO plugin v27.0 - https:\/\/yoast.com\/product\/yoast-seo-wordpress\/ -->\n<title>OTR 006 SOULTIP SQUEEZER Ultrawide Graffiti Shop Barcelona<\/title>\n<meta name=\"description\" content=\"OTR 006 SOULTIP SQUEEZER en Barcelona:OTR 006 SOULTIP SQUEEZER? OTR 006 SOULTIP SQUEEZER y mas. Arte y Graffiti Shop Barcelona. Spray, Colores, Rotuladores y OTR 006 SOULTIP SQUEEZER\" \/>\n<meta name=\"robots\" content=\"index, follow, max-snippet:-1, max-image-preview:large, max-video-preview:-1\" \/>\n<link rel=\"canonical\" href=\"https:\/\/dev4.devmitsinformatica.com\/en\/shop\/graffiti-rotulador-shop-barcelona\/on-the-run-markers\/otr-squeeze-markers\/otr-006-soultip-squeezer\/\" \/>\n<meta property=\"og:locale\" content=\"en_US\" \/>\n<meta property=\"og:type\" content=\"article\" \/>\n<meta property=\"og:title\" content=\"OTR 006 SOULTIP SQUEEZER Ultrawide Graffiti Shop Barcelona\" \/>\n<meta property=\"og:description\" content=\"OTR 006 SOULTIP SQUEEZER en Barcelona:OTR 006 SOULTIP SQUEEZER? OTR 006 SOULTIP SQUEEZER y mas. Arte y Graffiti Shop Barcelona. Spray, Colores, Rotuladores y OTR 006 SOULTIP SQUEEZER\" \/>\n<meta property=\"og:url\" content=\"https:\/\/dev4.devmitsinformatica.com\/en\/shop\/graffiti-rotulador-shop-barcelona\/on-the-run-markers\/otr-squeeze-markers\/otr-006-soultip-squeezer\/\" \/>\n<meta property=\"og:site_name\" content=\"ULTRAWIDE GRAFFITI SHOP\" \/>\n<meta property=\"article:modified_time\" content=\"2023-10-14T07:21:12+00:00\" \/>\n<meta property=\"og:image\" content=\"https:\/\/dev4.devmitsinformatica.com\/wp-content\/uploads\/2018\/01\/Soultip-006.jpg\" \/>\n\t<meta property=\"og:image:width\" content=\"225\" \/>\n\t<meta property=\"og:image:height\" content=\"225\" \/>\n\t<meta property=\"og:image:type\" content=\"image\/jpeg\" \/>\n<meta name=\"twitter:card\" content=\"summary_large_image\" \/>\n<meta name=\"twitter:label1\" content=\"Est. reading time\" \/>\n\t<meta name=\"twitter:data1\" content=\"1 minute\" \/>\n<script type=\"application\/ld+json\" class=\"yoast-schema-graph\">{\"@context\":\"https:\/\/schema.org\",\"@graph\":[{\"@type\":\"WebPage\",\"@id\":\"https:\/\/dev4.devmitsinformatica.com\/en\/shop\/graffiti-rotulador-shop-barcelona\/on-the-run-markers\/otr-squeeze-markers\/otr-006-soultip-squeezer\/\",\"url\":\"https:\/\/dev4.devmitsinformatica.com\/en\/shop\/graffiti-rotulador-shop-barcelona\/on-the-run-markers\/otr-squeeze-markers\/otr-006-soultip-squeezer\/\",\"name\":\"OTR 006 SOULTIP SQUEEZER Ultrawide Graffiti Shop Barcelona\",\"isPartOf\":{\"@id\":\"https:\/\/dev4.devmitsinformatica.com\/en\/#website\"},\"primaryImageOfPage\":{\"@id\":\"https:\/\/dev4.devmitsinformatica.com\/en\/shop\/graffiti-rotulador-shop-barcelona\/on-the-run-markers\/otr-squeeze-markers\/otr-006-soultip-squeezer\/#primaryimage\"},\"image\":{\"@id\":\"https:\/\/dev4.devmitsinformatica.com\/en\/shop\/graffiti-rotulador-shop-barcelona\/on-the-run-markers\/otr-squeeze-markers\/otr-006-soultip-squeezer\/#primaryimage\"},\"thumbnailUrl\":\"https:\/\/dev4.devmitsinformatica.com\/wp-content\/uploads\/2018\/01\/Soultip-006.jpg\",\"datePublished\":\"2018-01-15T12:55:06+00:00\",\"dateModified\":\"2023-10-14T07:21:12+00:00\",\"description\":\"OTR 006 SOULTIP SQUEEZER en Barcelona:OTR 006 SOULTIP SQUEEZER? OTR 006 SOULTIP SQUEEZER y mas. Arte y Graffiti Shop Barcelona. Spray, Colores, Rotuladores y OTR 006 SOULTIP SQUEEZER\",\"breadcrumb\":{\"@id\":\"https:\/\/dev4.devmitsinformatica.com\/en\/shop\/graffiti-rotulador-shop-barcelona\/on-the-run-markers\/otr-squeeze-markers\/otr-006-soultip-squeezer\/#breadcrumb\"},\"inLanguage\":\"en-US\",\"potentialAction\":[{\"@type\":\"ReadAction\",\"target\":[\"https:\/\/dev4.devmitsinformatica.com\/en\/shop\/graffiti-rotulador-shop-barcelona\/on-the-run-markers\/otr-squeeze-markers\/otr-006-soultip-squeezer\/\"]}]},{\"@type\":\"ImageObject\",\"inLanguage\":\"en-US\",\"@id\":\"https:\/\/dev4.devmitsinformatica.com\/en\/shop\/graffiti-rotulador-shop-barcelona\/on-the-run-markers\/otr-squeeze-markers\/otr-006-soultip-squeezer\/#primaryimage\",\"url\":\"https:\/\/dev4.devmitsinformatica.com\/wp-content\/uploads\/2018\/01\/Soultip-006.jpg\",\"contentUrl\":\"https:\/\/dev4.devmitsinformatica.com\/wp-content\/uploads\/2018\/01\/Soultip-006.jpg\",\"width\":225,\"height\":225,\"caption\":\"Rotulador de pintura permanente briillante y punta de esponja de 5mm.\"},{\"@type\":\"BreadcrumbList\",\"@id\":\"https:\/\/dev4.devmitsinformatica.com\/en\/shop\/graffiti-rotulador-shop-barcelona\/on-the-run-markers\/otr-squeeze-markers\/otr-006-soultip-squeezer\/#breadcrumb\",\"itemListElement\":[{\"@type\":\"ListItem\",\"position\":1,\"name\":\"Home\",\"item\":\"https:\/\/dev4.devmitsinformatica.com\/en\/\"},{\"@type\":\"ListItem\",\"position\":2,\"name\":\"Store\",\"item\":\"https:\/\/dev4.devmitsinformatica.com\/?page_id=38\"},{\"@type\":\"ListItem\",\"position\":3,\"name\":\"OTR 006 SOULTIP SQUEEZER\"}]},{\"@type\":\"WebSite\",\"@id\":\"https:\/\/dev4.devmitsinformatica.com\/en\/#website\",\"url\":\"https:\/\/dev4.devmitsinformatica.com\/en\/\",\"name\":\"ULTRAWIDE GRAFFITI SHOP\",\"description\":\"SPRAY GRAFFITI SHOP CAPS Y ROTULADORES\",\"publisher\":{\"@id\":\"https:\/\/dev4.devmitsinformatica.com\/en\/#organization\"},\"potentialAction\":[{\"@type\":\"SearchAction\",\"target\":{\"@type\":\"EntryPoint\",\"urlTemplate\":\"https:\/\/dev4.devmitsinformatica.com\/en\/?s={search_term_string}\"},\"query-input\":{\"@type\":\"PropertyValueSpecification\",\"valueRequired\":true,\"valueName\":\"search_term_string\"}}],\"inLanguage\":\"en-US\"},{\"@type\":\"Organization\",\"@id\":\"https:\/\/dev4.devmitsinformatica.com\/en\/#organization\",\"name\":\"ANDEN Graffiti Shop Barcelona\",\"url\":\"https:\/\/dev4.devmitsinformatica.com\/en\/\",\"logo\":{\"@type\":\"ImageObject\",\"inLanguage\":\"en-US\",\"@id\":\"https:\/\/dev4.devmitsinformatica.com\/en\/#\/schema\/logo\/image\/\",\"url\":\"https:\/\/dev4.devmitsinformatica.com\/wp-content\/uploads\/2016\/11\/graffiti-gallery-barcelona.png\",\"contentUrl\":\"https:\/\/dev4.devmitsinformatica.com\/wp-content\/uploads\/2016\/11\/graffiti-gallery-barcelona.png\",\"width\":386,\"height\":150,\"caption\":\"ANDEN Graffiti Shop Barcelona\"},\"image\":{\"@id\":\"https:\/\/dev4.devmitsinformatica.com\/en\/#\/schema\/logo\/image\/\"}}]}<\/script>\n<!-- \/ Yoast SEO plugin. -->","yoast_head_json":{"title":"OTR 006 SOULTIP SQUEEZER Ultrawide Graffiti Shop Barcelona","description":"OTR 006 SOULTIP SQUEEZER en Barcelona:OTR 006 SOULTIP SQUEEZER? OTR 006 SOULTIP SQUEEZER y mas. Arte y Graffiti Shop Barcelona. Spray, Colores, Rotuladores y OTR 006 SOULTIP SQUEEZER","robots":{"index":"index","follow":"follow","max-snippet":"max-snippet:-1","max-image-preview":"max-image-preview:large","max-video-preview":"max-video-preview:-1"},"canonical":"https:\/\/dev4.devmitsinformatica.com\/en\/shop\/graffiti-rotulador-shop-barcelona\/on-the-run-markers\/otr-squeeze-markers\/otr-006-soultip-squeezer\/","og_locale":"en_US","og_type":"article","og_title":"OTR 006 SOULTIP SQUEEZER Ultrawide Graffiti Shop Barcelona","og_description":"OTR 006 SOULTIP SQUEEZER en Barcelona:OTR 006 SOULTIP SQUEEZER? OTR 006 SOULTIP SQUEEZER y mas. Arte y Graffiti Shop Barcelona. Spray, Colores, Rotuladores y OTR 006 SOULTIP SQUEEZER","og_url":"https:\/\/dev4.devmitsinformatica.com\/en\/shop\/graffiti-rotulador-shop-barcelona\/on-the-run-markers\/otr-squeeze-markers\/otr-006-soultip-squeezer\/","og_site_name":"ULTRAWIDE GRAFFITI SHOP","article_modified_time":"2023-10-14T07:21:12+00:00","og_image":[{"width":225,"height":225,"url":"https:\/\/dev4.devmitsinformatica.com\/wp-content\/uploads\/2018\/01\/Soultip-006.jpg","type":"image\/jpeg"}],"twitter_card":"summary_large_image","twitter_misc":{"Est. reading time":"1 minute"},"schema":{"@context":"https:\/\/schema.org","@graph":[{"@type":"WebPage","@id":"https:\/\/dev4.devmitsinformatica.com\/en\/shop\/graffiti-rotulador-shop-barcelona\/on-the-run-markers\/otr-squeeze-markers\/otr-006-soultip-squeezer\/","url":"https:\/\/dev4.devmitsinformatica.com\/en\/shop\/graffiti-rotulador-shop-barcelona\/on-the-run-markers\/otr-squeeze-markers\/otr-006-soultip-squeezer\/","name":"OTR 006 SOULTIP SQUEEZER Ultrawide Graffiti Shop Barcelona","isPartOf":{"@id":"https:\/\/dev4.devmitsinformatica.com\/en\/#website"},"primaryImageOfPage":{"@id":"https:\/\/dev4.devmitsinformatica.com\/en\/shop\/graffiti-rotulador-shop-barcelona\/on-the-run-markers\/otr-squeeze-markers\/otr-006-soultip-squeezer\/#primaryimage"},"image":{"@id":"https:\/\/dev4.devmitsinformatica.com\/en\/shop\/graffiti-rotulador-shop-barcelona\/on-the-run-markers\/otr-squeeze-markers\/otr-006-soultip-squeezer\/#primaryimage"},"thumbnailUrl":"https:\/\/dev4.devmitsinformatica.com\/wp-content\/uploads\/2018\/01\/Soultip-006.jpg","datePublished":"2018-01-15T12:55:06+00:00","dateModified":"2023-10-14T07:21:12+00:00","description":"OTR 006 SOULTIP SQUEEZER en Barcelona:OTR 006 SOULTIP SQUEEZER? OTR 006 SOULTIP SQUEEZER y mas. Arte y Graffiti Shop Barcelona. Spray, Colores, Rotuladores y OTR 006 SOULTIP SQUEEZER","breadcrumb":{"@id":"https:\/\/dev4.devmitsinformatica.com\/en\/shop\/graffiti-rotulador-shop-barcelona\/on-the-run-markers\/otr-squeeze-markers\/otr-006-soultip-squeezer\/#breadcrumb"},"inLanguage":"en-US","potentialAction":[{"@type":"ReadAction","target":["https:\/\/dev4.devmitsinformatica.com\/en\/shop\/graffiti-rotulador-shop-barcelona\/on-the-run-markers\/otr-squeeze-markers\/otr-006-soultip-squeezer\/"]}]},{"@type":"ImageObject","inLanguage":"en-US","@id":"https:\/\/dev4.devmitsinformatica.com\/en\/shop\/graffiti-rotulador-shop-barcelona\/on-the-run-markers\/otr-squeeze-markers\/otr-006-soultip-squeezer\/#primaryimage","url":"https:\/\/dev4.devmitsinformatica.com\/wp-content\/uploads\/2018\/01\/Soultip-006.jpg","contentUrl":"https:\/\/dev4.devmitsinformatica.com\/wp-content\/uploads\/2018\/01\/Soultip-006.jpg","width":225,"height":225,"caption":"Rotulador de pintura permanente briillante y punta de esponja de 5mm."},{"@type":"BreadcrumbList","@id":"https:\/\/dev4.devmitsinformatica.com\/en\/shop\/graffiti-rotulador-shop-barcelona\/on-the-run-markers\/otr-squeeze-markers\/otr-006-soultip-squeezer\/#breadcrumb","itemListElement":[{"@type":"ListItem","position":1,"name":"Home","item":"https:\/\/dev4.devmitsinformatica.com\/en\/"},{"@type":"ListItem","position":2,"name":"Store","item":"https:\/\/dev4.devmitsinformatica.com\/?page_id=38"},{"@type":"ListItem","position":3,"name":"OTR 006 SOULTIP SQUEEZER"}]},{"@type":"WebSite","@id":"https:\/\/dev4.devmitsinformatica.com\/en\/#website","url":"https:\/\/dev4.devmitsinformatica.com\/en\/","name":"ULTRAWIDE GRAFFITI SHOP","description":"SPRAY GRAFFITI SHOP CAPS Y ROTULADORES","publisher":{"@id":"https:\/\/dev4.devmitsinformatica.com\/en\/#organization"},"potentialAction":[{"@type":"SearchAction","target":{"@type":"EntryPoint","urlTemplate":"https:\/\/dev4.devmitsinformatica.com\/en\/?s={search_term_string}"},"query-input":{"@type":"PropertyValueSpecification","valueRequired":true,"valueName":"search_term_string"}}],"inLanguage":"en-US"},{"@type":"Organization","@id":"https:\/\/dev4.devmitsinformatica.com\/en\/#organization","name":"ANDEN Graffiti Shop Barcelona","url":"https:\/\/dev4.devmitsinformatica.com\/en\/","logo":{"@type":"ImageObject","inLanguage":"en-US","@id":"https:\/\/dev4.devmitsinformatica.com\/en\/#\/schema\/logo\/image\/","url":"https:\/\/dev4.devmitsinformatica.com\/wp-content\/uploads\/2016\/11\/graffiti-gallery-barcelona.png","contentUrl":"https:\/\/dev4.devmitsinformatica.com\/wp-content\/uploads\/2016\/11\/graffiti-gallery-barcelona.png","width":386,"height":150,"caption":"ANDEN Graffiti Shop Barcelona"},"image":{"@id":"https:\/\/dev4.devmitsinformatica.com\/en\/#\/schema\/logo\/image\/"}}]}},"_links":{"self":[{"href":"https:\/\/dev4.devmitsinformatica.com\/en\/wp-json\/wp\/v2\/product\/5864","targetHints":{"allow":["GET"]}}],"collection":[{"href":"https:\/\/dev4.devmitsinformatica.com\/en\/wp-json\/wp\/v2\/product"}],"about":[{"href":"https:\/\/dev4.devmitsinformatica.com\/en\/wp-json\/wp\/v2\/types\/product"}],"replies":[{"embeddable":true,"href":"https:\/\/dev4.devmitsinformatica.com\/en\/wp-json\/wp\/v2\/comments?post=5864"}],"version-history":[{"count":0,"href":"https:\/\/dev4.devmitsinformatica.com\/en\/wp-json\/wp\/v2\/product\/5864\/revisions"}],"wp:featuredmedia":[{"embeddable":true,"href":"https:\/\/dev4.devmitsinformatica.com\/en\/wp-json\/wp\/v2\/media\/6131"}],"wp:attachment":[{"href":"https:\/\/dev4.devmitsinformatica.com\/en\/wp-json\/wp\/v2\/media?parent=5864"}],"wp:term":[{"taxonomy":"product_brand","embeddable":true,"href":"https:\/\/dev4.devmitsinformatica.com\/en\/wp-json\/wp\/v2\/product_brand?post=5864"},{"taxonomy":"product_cat","embeddable":true,"href":"https:\/\/dev4.devmitsinformatica.com\/en\/wp-json\/wp\/v2\/product_cat?post=5864"},{"taxonomy":"product_tag","embeddable":true,"href":"https:\/\/dev4.devmitsinformatica.com\/en\/wp-json\/wp\/v2\/product_tag?post=5864"}],"curies":[{"name":"wp","href":"https:\/\/api.w.org\/{rel}","templated":true}]}}