{"id":5887,"date":"2018-01-15T13:17:29","date_gmt":"2018-01-15T13:17:29","guid":{"rendered":"https:\/\/dev4.devmitsinformatica.com\/?post_type=product&#038;p=5887"},"modified":"2023-10-14T07:18:11","modified_gmt":"2023-10-14T07:18:11","slug":"otr-soultip-squeeze-007","status":"publish","type":"product","link":"https:\/\/dev4.devmitsinformatica.com\/en\/shop\/graffiti-rotulador-shop-barcelona\/on-the-run-markers\/otr-squeeze-markers\/otr-soultip-squeeze-007\/","title":{"rendered":"OTR SOULTIP SQUEEZE 007"},"content":{"rendered":"<p><strong>OTR SOULTIP SQUEEZE 007<\/strong>. Para la serie <em>ON THE RUN<\/em> SOULTIP, se ha desarrollado una punta de v\u00e1lvula en el nivel industrial m\u00e1s alto. Las puntas extra duraderas de &#8220;fibra de diamante&#8221; de mohair se fabrican en cinco operaciones y combinan cuatro materiales diferentes.<br \/>\nLos MARCADORES SORPRENDENTES SOULTIP son universalmente aplicables, dise\u00f1ados para pegatinas o tags en cualquier superficie y se utilizan cada vez m\u00e1s para trabajos de lienzo y muchos otros trabajos en el campo del arte. Incluso colas, pinturas de pared de l\u00e1tex o pinturas al \u00f3leo no representan ning\u00fan problema para el SOULTIP.<\/p>\n<p>La l\u00ednea de <em><strong>Squeezer para graffiti<\/strong><\/em> de On The Run Soultip 007, es la l\u00ednea de chorreadores mas peque\u00f1a de la marca Alemana. Los podr\u00e1s llevar en cualquier recoveco o bolsillo peque\u00f1o de tu pantal\u00f3n , ya que posee practicamente el tama\u00f1o de un pintalabios. La gama se compone de una amplia gama de colores con punta de mopa de 5mm de di\u00e1metro. Su dep\u00f3sito es de pl\u00e1stico semir\u00edgido para que puedas realizar tags o aplicaciones de chorreo presionando mas intensamente para hacer salir mayor cantidad de pintura. Su pintura es Soultip paint\u00a0 base alcohol de gran opacidad. Se trata de un marcador recargable y con tap\u00f3n de rosca para evitar el derrame durante su transporte.<\/p>\n","protected":false},"excerpt":{"rendered":"<p>El Soultip 007 es el squeeze mas peque\u00f1o de la l\u00ednea on the run, su tama\u00f1o lo convierte en un marcador muy \u00fatil para llevar siempre encima, posee el tama\u00f1o aproximado de un pintalabios. Su punta de 5mm permite pintar con chorreo o aplicar la pintura soultip de forma homog\u00e9nea y redondeada. Sin duda una herramienta muy adecuada para artistas y adictos al bombing.<\/p>\n","protected":false},"featured_media":6129,"comment_status":"open","ping_status":"closed","template":"","meta":{"site-sidebar-layout":"default","site-content-layout":"","ast-site-content-layout":"default","site-content-style":"default","site-sidebar-style":"default","ast-global-header-display":"","ast-banner-title-visibility":"","ast-main-header-display":"","ast-hfb-above-header-display":"","ast-hfb-below-header-display":"","ast-hfb-mobile-header-display":"","site-post-title":"","ast-breadcrumbs-content":"","ast-featured-img":"","footer-sml-layout":"","ast-disable-related-posts":"","theme-transparent-header-meta":"","adv-header-id-meta":"","stick-header-meta":"","header-above-stick-meta":"","header-main-stick-meta":"","header-below-stick-meta":"","astra-migrate-meta-layouts":"default","ast-page-background-enabled":"default","ast-page-background-meta":{"desktop":{"background-color":"","background-image":"","background-repeat":"repeat","background-position":"center center","background-size":"auto","background-attachment":"scroll","background-type":"","background-media":"","overlay-type":"","overlay-color":"","overlay-opacity":"","overlay-gradient":""},"tablet":{"background-color":"","background-image":"","background-repeat":"repeat","background-position":"center center","background-size":"auto","background-attachment":"scroll","background-type":"","background-media":"","overlay-type":"","overlay-color":"","overlay-opacity":"","overlay-gradient":""},"mobile":{"background-color":"","background-image":"","background-repeat":"repeat","background-position":"center center","background-size":"auto","background-attachment":"scroll","background-type":"","background-media":"","overlay-type":"","overlay-color":"","overlay-opacity":"","overlay-gradient":""}},"ast-content-background-meta":{"desktop":{"background-color":"var(--ast-global-color-5)","background-image":"","background-repeat":"repeat","background-position":"center center","background-size":"auto","background-attachment":"scroll","background-type":"","background-media":"","overlay-type":"","overlay-color":"","overlay-opacity":"","overlay-gradient":""},"tablet":{"background-color":"var(--ast-global-color-5)","background-image":"","background-repeat":"repeat","background-position":"center center","background-size":"auto","background-attachment":"scroll","background-type":"","background-media":"","overlay-type":"","overlay-color":"","overlay-opacity":"","overlay-gradient":""},"mobile":{"background-color":"var(--ast-global-color-5)","background-image":"","background-repeat":"repeat","background-position":"center center","background-size":"auto","background-attachment":"scroll","background-type":"","background-media":"","overlay-type":"","overlay-color":"","overlay-opacity":"","overlay-gradient":""}}},"product_brand":[],"product_cat":[7,2253,2610],"product_tag":[2674,2676,3587,3618,2677,1628,2675,2672,3583,2671,2670,2673,2617,2620],"class_list":{"0":"post-5887","1":"product","2":"type-product","3":"status-publish","4":"has-post-thumbnail","6":"product_cat-graffiti-rotulador-shop-barcelona","7":"product_cat-on-the-run-markers","8":"product_cat-otr-squeeze-markers","9":"product_tag-5mm-marker","10":"product_tag-chorreo-tags-graffiti","11":"product_tag-distribuidor-graffiti","12":"product_tag-distribuidor-oficial-on-the-run","13":"product_tag-fineart","14":"product_tag-graffiti-shop-barcelona","15":"product_tag-marcador-de-5mm","16":"product_tag-marcador-mini-chorreo","17":"product_tag-on-the-run-espana","18":"product_tag-otr-007","19":"product_tag-otr-mini-squeeze","20":"product_tag-squeeze-pequeno","21":"product_tag-squeezer-graffiti","22":"product_tag-squeezer-mini","23":"pa_color-black-2","24":"pa_color-blazing-red","25":"pa_color-blue-pastel","26":"pa_color-gold-2","27":"pa_color-green-2","28":"pa_color-green-pastel","29":"pa_color-hot-pink","30":"pa_color-neon-apricot","31":"pa_color-neon-green","32":"pa_color-neon-orange","33":"pa_color-neon-pink","34":"pa_color-neon-pink-pastel","35":"pa_color-neon-yellow","36":"pa_color-neon-yellow-pastel","37":"pa_color-orange-2","38":"pa_color-petrol","39":"pa_color-royal-blue-2","40":"pa_color-silver","41":"pa_color-stainless-dirty-chrome","42":"pa_color-violet-2","43":"pa_color-white","44":"pa_color-yellow","45":"desktop-align-left","46":"tablet-align-left","47":"mobile-align-left","49":"first","50":"instock","51":"purchasable","52":"product-type-variable"},"yoast_head":"<!-- This site is optimized with the Yoast SEO plugin v27.0 - https:\/\/yoast.com\/product\/yoast-seo-wordpress\/ -->\n<title>OTR SOULTIP SQUEEZE 007 Ultrawide Graffiti Shop Barcelona<\/title>\n<meta name=\"description\" content=\"OTR SOULTIP SQUEEZE 007 en Barcelona:OTR SOULTIP SQUEEZE 007? OTR SOULTIP SQUEEZE 007 y mas. Arte y Graffiti Shop Barcelona. Spray, Colores, Rotuladores y OTR SOULTIP SQUEEZE 007\" \/>\n<meta name=\"robots\" content=\"index, follow, max-snippet:-1, max-image-preview:large, max-video-preview:-1\" \/>\n<link rel=\"canonical\" href=\"https:\/\/dev4.devmitsinformatica.com\/en\/shop\/graffiti-rotulador-shop-barcelona\/on-the-run-markers\/otr-squeeze-markers\/otr-soultip-squeeze-007\/\" \/>\n<meta property=\"og:locale\" content=\"en_US\" \/>\n<meta property=\"og:type\" content=\"article\" \/>\n<meta property=\"og:title\" content=\"OTR SOULTIP SQUEEZE 007 Ultrawide Graffiti Shop Barcelona\" \/>\n<meta property=\"og:description\" content=\"OTR SOULTIP SQUEEZE 007 en Barcelona:OTR SOULTIP SQUEEZE 007? OTR SOULTIP SQUEEZE 007 y mas. Arte y Graffiti Shop Barcelona. Spray, Colores, Rotuladores y OTR SOULTIP SQUEEZE 007\" \/>\n<meta property=\"og:url\" content=\"https:\/\/dev4.devmitsinformatica.com\/en\/shop\/graffiti-rotulador-shop-barcelona\/on-the-run-markers\/otr-squeeze-markers\/otr-soultip-squeeze-007\/\" \/>\n<meta property=\"og:site_name\" content=\"ULTRAWIDE GRAFFITI SHOP\" \/>\n<meta property=\"article:modified_time\" content=\"2023-10-14T07:18:11+00:00\" \/>\n<meta property=\"og:image\" content=\"https:\/\/dev4.devmitsinformatica.com\/wp-content\/uploads\/2018\/01\/otr-007-soultip-squezee-marker.jpg\" \/>\n\t<meta property=\"og:image:width\" content=\"458\" \/>\n\t<meta property=\"og:image:height\" content=\"458\" \/>\n\t<meta property=\"og:image:type\" content=\"image\/jpeg\" \/>\n<meta name=\"twitter:card\" content=\"summary_large_image\" \/>\n<meta name=\"twitter:label1\" content=\"Est. reading time\" \/>\n\t<meta name=\"twitter:data1\" content=\"1 minute\" \/>\n<script type=\"application\/ld+json\" class=\"yoast-schema-graph\">{\"@context\":\"https:\/\/schema.org\",\"@graph\":[{\"@type\":\"WebPage\",\"@id\":\"https:\/\/dev4.devmitsinformatica.com\/en\/shop\/graffiti-rotulador-shop-barcelona\/on-the-run-markers\/otr-squeeze-markers\/otr-soultip-squeeze-007\/\",\"url\":\"https:\/\/dev4.devmitsinformatica.com\/en\/shop\/graffiti-rotulador-shop-barcelona\/on-the-run-markers\/otr-squeeze-markers\/otr-soultip-squeeze-007\/\",\"name\":\"OTR SOULTIP SQUEEZE 007 Ultrawide Graffiti Shop Barcelona\",\"isPartOf\":{\"@id\":\"https:\/\/dev4.devmitsinformatica.com\/en\/#website\"},\"primaryImageOfPage\":{\"@id\":\"https:\/\/dev4.devmitsinformatica.com\/en\/shop\/graffiti-rotulador-shop-barcelona\/on-the-run-markers\/otr-squeeze-markers\/otr-soultip-squeeze-007\/#primaryimage\"},\"image\":{\"@id\":\"https:\/\/dev4.devmitsinformatica.com\/en\/shop\/graffiti-rotulador-shop-barcelona\/on-the-run-markers\/otr-squeeze-markers\/otr-soultip-squeeze-007\/#primaryimage\"},\"thumbnailUrl\":\"https:\/\/dev4.devmitsinformatica.com\/wp-content\/uploads\/2018\/01\/otr-007-soultip-squezee-marker.jpg\",\"datePublished\":\"2018-01-15T13:17:29+00:00\",\"dateModified\":\"2023-10-14T07:18:11+00:00\",\"description\":\"OTR SOULTIP SQUEEZE 007 en Barcelona:OTR SOULTIP SQUEEZE 007? OTR SOULTIP SQUEEZE 007 y mas. Arte y Graffiti Shop Barcelona. Spray, Colores, Rotuladores y OTR SOULTIP SQUEEZE 007\",\"breadcrumb\":{\"@id\":\"https:\/\/dev4.devmitsinformatica.com\/en\/shop\/graffiti-rotulador-shop-barcelona\/on-the-run-markers\/otr-squeeze-markers\/otr-soultip-squeeze-007\/#breadcrumb\"},\"inLanguage\":\"en-US\",\"potentialAction\":[{\"@type\":\"ReadAction\",\"target\":[\"https:\/\/dev4.devmitsinformatica.com\/en\/shop\/graffiti-rotulador-shop-barcelona\/on-the-run-markers\/otr-squeeze-markers\/otr-soultip-squeeze-007\/\"]}]},{\"@type\":\"ImageObject\",\"inLanguage\":\"en-US\",\"@id\":\"https:\/\/dev4.devmitsinformatica.com\/en\/shop\/graffiti-rotulador-shop-barcelona\/on-the-run-markers\/otr-squeeze-markers\/otr-soultip-squeeze-007\/#primaryimage\",\"url\":\"https:\/\/dev4.devmitsinformatica.com\/wp-content\/uploads\/2018\/01\/otr-007-soultip-squezee-marker.jpg\",\"contentUrl\":\"https:\/\/dev4.devmitsinformatica.com\/wp-content\/uploads\/2018\/01\/otr-007-soultip-squezee-marker.jpg\",\"width\":458,\"height\":458,\"caption\":\"vac\u00edo marcador punta 5mm, rotulador vacio punta redonda, rotulador rellenable, rotulador recargable\"},{\"@type\":\"BreadcrumbList\",\"@id\":\"https:\/\/dev4.devmitsinformatica.com\/en\/shop\/graffiti-rotulador-shop-barcelona\/on-the-run-markers\/otr-squeeze-markers\/otr-soultip-squeeze-007\/#breadcrumb\",\"itemListElement\":[{\"@type\":\"ListItem\",\"position\":1,\"name\":\"Home\",\"item\":\"https:\/\/dev4.devmitsinformatica.com\/en\/\"},{\"@type\":\"ListItem\",\"position\":2,\"name\":\"Store\",\"item\":\"https:\/\/dev4.devmitsinformatica.com\/?page_id=38\"},{\"@type\":\"ListItem\",\"position\":3,\"name\":\"OTR SOULTIP SQUEEZE 007\"}]},{\"@type\":\"WebSite\",\"@id\":\"https:\/\/dev4.devmitsinformatica.com\/en\/#website\",\"url\":\"https:\/\/dev4.devmitsinformatica.com\/en\/\",\"name\":\"ULTRAWIDE GRAFFITI SHOP\",\"description\":\"SPRAY GRAFFITI SHOP CAPS Y ROTULADORES\",\"publisher\":{\"@id\":\"https:\/\/dev4.devmitsinformatica.com\/en\/#organization\"},\"potentialAction\":[{\"@type\":\"SearchAction\",\"target\":{\"@type\":\"EntryPoint\",\"urlTemplate\":\"https:\/\/dev4.devmitsinformatica.com\/en\/?s={search_term_string}\"},\"query-input\":{\"@type\":\"PropertyValueSpecification\",\"valueRequired\":true,\"valueName\":\"search_term_string\"}}],\"inLanguage\":\"en-US\"},{\"@type\":\"Organization\",\"@id\":\"https:\/\/dev4.devmitsinformatica.com\/en\/#organization\",\"name\":\"ANDEN Graffiti Shop Barcelona\",\"url\":\"https:\/\/dev4.devmitsinformatica.com\/en\/\",\"logo\":{\"@type\":\"ImageObject\",\"inLanguage\":\"en-US\",\"@id\":\"https:\/\/dev4.devmitsinformatica.com\/en\/#\/schema\/logo\/image\/\",\"url\":\"https:\/\/dev4.devmitsinformatica.com\/wp-content\/uploads\/2016\/11\/graffiti-gallery-barcelona.png\",\"contentUrl\":\"https:\/\/dev4.devmitsinformatica.com\/wp-content\/uploads\/2016\/11\/graffiti-gallery-barcelona.png\",\"width\":386,\"height\":150,\"caption\":\"ANDEN Graffiti Shop Barcelona\"},\"image\":{\"@id\":\"https:\/\/dev4.devmitsinformatica.com\/en\/#\/schema\/logo\/image\/\"}}]}<\/script>\n<!-- \/ Yoast SEO plugin. -->","yoast_head_json":{"title":"OTR SOULTIP SQUEEZE 007 Ultrawide Graffiti Shop Barcelona","description":"OTR SOULTIP SQUEEZE 007 en Barcelona:OTR SOULTIP SQUEEZE 007? OTR SOULTIP SQUEEZE 007 y mas. Arte y Graffiti Shop Barcelona. Spray, Colores, Rotuladores y OTR SOULTIP SQUEEZE 007","robots":{"index":"index","follow":"follow","max-snippet":"max-snippet:-1","max-image-preview":"max-image-preview:large","max-video-preview":"max-video-preview:-1"},"canonical":"https:\/\/dev4.devmitsinformatica.com\/en\/shop\/graffiti-rotulador-shop-barcelona\/on-the-run-markers\/otr-squeeze-markers\/otr-soultip-squeeze-007\/","og_locale":"en_US","og_type":"article","og_title":"OTR SOULTIP SQUEEZE 007 Ultrawide Graffiti Shop Barcelona","og_description":"OTR SOULTIP SQUEEZE 007 en Barcelona:OTR SOULTIP SQUEEZE 007? OTR SOULTIP SQUEEZE 007 y mas. Arte y Graffiti Shop Barcelona. Spray, Colores, Rotuladores y OTR SOULTIP SQUEEZE 007","og_url":"https:\/\/dev4.devmitsinformatica.com\/en\/shop\/graffiti-rotulador-shop-barcelona\/on-the-run-markers\/otr-squeeze-markers\/otr-soultip-squeeze-007\/","og_site_name":"ULTRAWIDE GRAFFITI SHOP","article_modified_time":"2023-10-14T07:18:11+00:00","og_image":[{"width":458,"height":458,"url":"https:\/\/dev4.devmitsinformatica.com\/wp-content\/uploads\/2018\/01\/otr-007-soultip-squezee-marker.jpg","type":"image\/jpeg"}],"twitter_card":"summary_large_image","twitter_misc":{"Est. reading time":"1 minute"},"schema":{"@context":"https:\/\/schema.org","@graph":[{"@type":"WebPage","@id":"https:\/\/dev4.devmitsinformatica.com\/en\/shop\/graffiti-rotulador-shop-barcelona\/on-the-run-markers\/otr-squeeze-markers\/otr-soultip-squeeze-007\/","url":"https:\/\/dev4.devmitsinformatica.com\/en\/shop\/graffiti-rotulador-shop-barcelona\/on-the-run-markers\/otr-squeeze-markers\/otr-soultip-squeeze-007\/","name":"OTR SOULTIP SQUEEZE 007 Ultrawide Graffiti Shop Barcelona","isPartOf":{"@id":"https:\/\/dev4.devmitsinformatica.com\/en\/#website"},"primaryImageOfPage":{"@id":"https:\/\/dev4.devmitsinformatica.com\/en\/shop\/graffiti-rotulador-shop-barcelona\/on-the-run-markers\/otr-squeeze-markers\/otr-soultip-squeeze-007\/#primaryimage"},"image":{"@id":"https:\/\/dev4.devmitsinformatica.com\/en\/shop\/graffiti-rotulador-shop-barcelona\/on-the-run-markers\/otr-squeeze-markers\/otr-soultip-squeeze-007\/#primaryimage"},"thumbnailUrl":"https:\/\/dev4.devmitsinformatica.com\/wp-content\/uploads\/2018\/01\/otr-007-soultip-squezee-marker.jpg","datePublished":"2018-01-15T13:17:29+00:00","dateModified":"2023-10-14T07:18:11+00:00","description":"OTR SOULTIP SQUEEZE 007 en Barcelona:OTR SOULTIP SQUEEZE 007? OTR SOULTIP SQUEEZE 007 y mas. Arte y Graffiti Shop Barcelona. Spray, Colores, Rotuladores y OTR SOULTIP SQUEEZE 007","breadcrumb":{"@id":"https:\/\/dev4.devmitsinformatica.com\/en\/shop\/graffiti-rotulador-shop-barcelona\/on-the-run-markers\/otr-squeeze-markers\/otr-soultip-squeeze-007\/#breadcrumb"},"inLanguage":"en-US","potentialAction":[{"@type":"ReadAction","target":["https:\/\/dev4.devmitsinformatica.com\/en\/shop\/graffiti-rotulador-shop-barcelona\/on-the-run-markers\/otr-squeeze-markers\/otr-soultip-squeeze-007\/"]}]},{"@type":"ImageObject","inLanguage":"en-US","@id":"https:\/\/dev4.devmitsinformatica.com\/en\/shop\/graffiti-rotulador-shop-barcelona\/on-the-run-markers\/otr-squeeze-markers\/otr-soultip-squeeze-007\/#primaryimage","url":"https:\/\/dev4.devmitsinformatica.com\/wp-content\/uploads\/2018\/01\/otr-007-soultip-squezee-marker.jpg","contentUrl":"https:\/\/dev4.devmitsinformatica.com\/wp-content\/uploads\/2018\/01\/otr-007-soultip-squezee-marker.jpg","width":458,"height":458,"caption":"vac\u00edo marcador punta 5mm, rotulador vacio punta redonda, rotulador rellenable, rotulador recargable"},{"@type":"BreadcrumbList","@id":"https:\/\/dev4.devmitsinformatica.com\/en\/shop\/graffiti-rotulador-shop-barcelona\/on-the-run-markers\/otr-squeeze-markers\/otr-soultip-squeeze-007\/#breadcrumb","itemListElement":[{"@type":"ListItem","position":1,"name":"Home","item":"https:\/\/dev4.devmitsinformatica.com\/en\/"},{"@type":"ListItem","position":2,"name":"Store","item":"https:\/\/dev4.devmitsinformatica.com\/?page_id=38"},{"@type":"ListItem","position":3,"name":"OTR SOULTIP SQUEEZE 007"}]},{"@type":"WebSite","@id":"https:\/\/dev4.devmitsinformatica.com\/en\/#website","url":"https:\/\/dev4.devmitsinformatica.com\/en\/","name":"ULTRAWIDE GRAFFITI SHOP","description":"SPRAY GRAFFITI SHOP CAPS Y ROTULADORES","publisher":{"@id":"https:\/\/dev4.devmitsinformatica.com\/en\/#organization"},"potentialAction":[{"@type":"SearchAction","target":{"@type":"EntryPoint","urlTemplate":"https:\/\/dev4.devmitsinformatica.com\/en\/?s={search_term_string}"},"query-input":{"@type":"PropertyValueSpecification","valueRequired":true,"valueName":"search_term_string"}}],"inLanguage":"en-US"},{"@type":"Organization","@id":"https:\/\/dev4.devmitsinformatica.com\/en\/#organization","name":"ANDEN Graffiti Shop Barcelona","url":"https:\/\/dev4.devmitsinformatica.com\/en\/","logo":{"@type":"ImageObject","inLanguage":"en-US","@id":"https:\/\/dev4.devmitsinformatica.com\/en\/#\/schema\/logo\/image\/","url":"https:\/\/dev4.devmitsinformatica.com\/wp-content\/uploads\/2016\/11\/graffiti-gallery-barcelona.png","contentUrl":"https:\/\/dev4.devmitsinformatica.com\/wp-content\/uploads\/2016\/11\/graffiti-gallery-barcelona.png","width":386,"height":150,"caption":"ANDEN Graffiti Shop Barcelona"},"image":{"@id":"https:\/\/dev4.devmitsinformatica.com\/en\/#\/schema\/logo\/image\/"}}]}},"_links":{"self":[{"href":"https:\/\/dev4.devmitsinformatica.com\/en\/wp-json\/wp\/v2\/product\/5887","targetHints":{"allow":["GET"]}}],"collection":[{"href":"https:\/\/dev4.devmitsinformatica.com\/en\/wp-json\/wp\/v2\/product"}],"about":[{"href":"https:\/\/dev4.devmitsinformatica.com\/en\/wp-json\/wp\/v2\/types\/product"}],"replies":[{"embeddable":true,"href":"https:\/\/dev4.devmitsinformatica.com\/en\/wp-json\/wp\/v2\/comments?post=5887"}],"version-history":[{"count":0,"href":"https:\/\/dev4.devmitsinformatica.com\/en\/wp-json\/wp\/v2\/product\/5887\/revisions"}],"wp:featuredmedia":[{"embeddable":true,"href":"https:\/\/dev4.devmitsinformatica.com\/en\/wp-json\/wp\/v2\/media\/6129"}],"wp:attachment":[{"href":"https:\/\/dev4.devmitsinformatica.com\/en\/wp-json\/wp\/v2\/media?parent=5887"}],"wp:term":[{"taxonomy":"product_brand","embeddable":true,"href":"https:\/\/dev4.devmitsinformatica.com\/en\/wp-json\/wp\/v2\/product_brand?post=5887"},{"taxonomy":"product_cat","embeddable":true,"href":"https:\/\/dev4.devmitsinformatica.com\/en\/wp-json\/wp\/v2\/product_cat?post=5887"},{"taxonomy":"product_tag","embeddable":true,"href":"https:\/\/dev4.devmitsinformatica.com\/en\/wp-json\/wp\/v2\/product_tag?post=5887"}],"curies":[{"name":"wp","href":"https:\/\/api.w.org\/{rel}","templated":true}]}}