{"id":5963,"date":"2018-01-16T12:12:32","date_gmt":"2018-01-16T12:12:32","guid":{"rendered":"https:\/\/dev4.devmitsinformatica.com\/?post_type=product&#038;p=5963"},"modified":"2023-10-14T07:15:28","modified_gmt":"2023-10-14T07:15:28","slug":"montana-hello-my-names-roll-500pcs","status":"publish","type":"product","link":"https:\/\/dev4.devmitsinformatica.com\/en\/shop\/graffiti-accesorios-shop-barcelona\/montana-hello-my-names-roll-500pcs\/","title":{"rendered":"MONTANA HELLO MY NAMES ROLL 500pcs"},"content":{"rendered":"<p><em><strong>MONTANA HELLO MY NAMES<\/strong> <\/em>ROLL 500pcs<\/p>\n<p>Montana <strong>HELLO MY NAME<\/strong> Rollo de pegatinas. La pegatina &#8220;<strong>Hello my names<\/strong> &#8230;&#8221;, est\u00e1 hecha de papel de etiquetas revestido,\u00a0 rollo de 500 piezas. El rollo est\u00e1 perforado cada 4 pegatinas, por lo que puedes transportarla f\u00e1cilmente y tambi\u00e9n dividirla en unidades m\u00e1s peque\u00f1as. Una sola Montana Hello my Name Stickers mide 12cm x 9cm.<\/p>\n<p>Las pegatinas Hello my name siguen siendo un cl\u00e1sico entre los aficionados al street art y a los tags. Ahora Montana Can nos presenta estas pegatinas en un rollo de 500 stickers algo mas grandes que las habituales. Este formato ahorro se puede dividir de 4 en 4 para transportar \u00fanicamente las pegatinas que vayamos a utilizar o para llevarlas en una carpeta o el interior de un libro, libreta, blackbook. El\u00a0MONTANA <strong>HELLO MY NAMES<\/strong> ROLL 500pcs es un producto \u00fanico de la marca Alemana Montana Cans. Buscas Stickers Hello my name baratas? Ultrawide\u00a0<em>Graffiti Shop<\/em> tiene el ROLL <strong>Hello My Names<\/strong> 500pcs. Ahora puedes comprar en tu shop online con envio gratis a partir de 100 euros o visitarnos en nuestra tienda f\u00edsica de Barcelona y hacerte con tu Rollo de 500 pegatinas <strong>Hello My Names<\/strong> de Montana Cans. Ultrawide es distribuidor oficial de la marca Alemana Montana Cans para toda Espa\u00f1a y te ofrece todos los productos de la marca, accesorios, stickers, sprays, rotuladores vac\u00edos, rotuladores acr\u00edlicos, rotuladores base alcohol, mochilas, bandoleras, ediciones limitadas, difusores,&#8230; No te quedes sin tus pegatinas y pidelas ahora, Hello whats your name? <strong>HELLO MY NAME<\/strong>\u00b4S<\/p>\n","protected":false},"excerpt":{"rendered":"<p>Montana HELLO MY NAME IS Rollo de pegatinas La cl\u00e1sica pegatina Hello my name is &#8230;&#8221;, hecha de papel de revestido, est\u00e1 en el rollo de 500 piezas. El rollo est\u00e1 perforado cada 4 pegatinas, por lo que puedes transportarlas tambi\u00e9n en unidades m\u00e1s peque\u00f1as. Una sola Montana Hello my Name Stickers mide 12 cm x 9 cm.<\/p>\n","protected":false},"featured_media":6108,"comment_status":"open","ping_status":"closed","template":"","meta":{"site-sidebar-layout":"default","site-content-layout":"","ast-site-content-layout":"default","site-content-style":"default","site-sidebar-style":"default","ast-global-header-display":"","ast-banner-title-visibility":"","ast-main-header-display":"","ast-hfb-above-header-display":"","ast-hfb-below-header-display":"","ast-hfb-mobile-header-display":"","site-post-title":"","ast-breadcrumbs-content":"","ast-featured-img":"","footer-sml-layout":"","ast-disable-related-posts":"","theme-transparent-header-meta":"","adv-header-id-meta":"","stick-header-meta":"","header-above-stick-meta":"","header-main-stick-meta":"","header-below-stick-meta":"","astra-migrate-meta-layouts":"default","ast-page-background-enabled":"default","ast-page-background-meta":{"desktop":{"background-color":"","background-image":"","background-repeat":"repeat","background-position":"center center","background-size":"auto","background-attachment":"scroll","background-type":"","background-media":"","overlay-type":"","overlay-color":"","overlay-opacity":"","overlay-gradient":""},"tablet":{"background-color":"","background-image":"","background-repeat":"repeat","background-position":"center center","background-size":"auto","background-attachment":"scroll","background-type":"","background-media":"","overlay-type":"","overlay-color":"","overlay-opacity":"","overlay-gradient":""},"mobile":{"background-color":"","background-image":"","background-repeat":"repeat","background-position":"center center","background-size":"auto","background-attachment":"scroll","background-type":"","background-media":"","overlay-type":"","overlay-color":"","overlay-opacity":"","overlay-gradient":""}},"ast-content-background-meta":{"desktop":{"background-color":"var(--ast-global-color-5)","background-image":"","background-repeat":"repeat","background-position":"center center","background-size":"auto","background-attachment":"scroll","background-type":"","background-media":"","overlay-type":"","overlay-color":"","overlay-opacity":"","overlay-gradient":""},"tablet":{"background-color":"var(--ast-global-color-5)","background-image":"","background-repeat":"repeat","background-position":"center center","background-size":"auto","background-attachment":"scroll","background-type":"","background-media":"","overlay-type":"","overlay-color":"","overlay-opacity":"","overlay-gradient":""},"mobile":{"background-color":"var(--ast-global-color-5)","background-image":"","background-repeat":"repeat","background-position":"center center","background-size":"auto","background-attachment":"scroll","background-type":"","background-media":"","overlay-type":"","overlay-color":"","overlay-opacity":"","overlay-gradient":""}}},"product_brand":[],"product_cat":[604,2396],"product_tag":[2780,2787,2782,2781,2784,2783,2785,2786],"class_list":{"0":"post-5963","1":"product","2":"type-product","3":"status-publish","4":"has-post-thumbnail","6":"product_cat-graffiti-accesorios-shop-barcelona","7":"product_cat-stickers","8":"product_tag-hello-my-names","9":"product_tag-montana-stickers","10":"product_tag-pack-de-pegatinas","11":"product_tag-pegatinas-hello-my-names","12":"product_tag-pegatinas-montana-hello","13":"product_tag-rollo-de-pegatinas","14":"product_tag-stickers","15":"product_tag-stickers-hello-my-names","16":"desktop-align-left","17":"tablet-align-left","18":"mobile-align-left","20":"first","21":"outofstock","22":"purchasable","23":"product-type-simple"},"yoast_head":"<!-- This site is optimized with the Yoast SEO plugin v27.0 - https:\/\/yoast.com\/product\/yoast-seo-wordpress\/ -->\n<title>STICKER Hello my name\u00b4s. Pegatinas Graffiti Shop<\/title>\n<meta name=\"description\" content=\"MONTANA HELLO MY NAMES ROLL 500pcs en Barcelona:MONTANA HELLO MY NAMES ROLL 500pcs? MONTANA HELLO MY NAMES ROLL 500pcs y mas. Arte y Graffiti Shop Barcelona. Spray, Colores, Rotuladores y MONTANA HELLO MY NAMES ROLL 500pcs\" \/>\n<meta name=\"robots\" content=\"index, follow, max-snippet:-1, max-image-preview:large, max-video-preview:-1\" \/>\n<link rel=\"canonical\" href=\"https:\/\/dev4.devmitsinformatica.com\/en\/shop\/graffiti-accesorios-shop-barcelona\/montana-hello-my-names-roll-500pcs\/\" \/>\n<meta property=\"og:locale\" content=\"en_US\" \/>\n<meta property=\"og:type\" content=\"article\" \/>\n<meta property=\"og:title\" content=\"STICKER Hello my name\u00b4s. Pegatinas Graffiti Shop\" \/>\n<meta property=\"og:description\" content=\"MONTANA HELLO MY NAMES ROLL 500pcs en Barcelona:MONTANA HELLO MY NAMES ROLL 500pcs? MONTANA HELLO MY NAMES ROLL 500pcs y mas. Arte y Graffiti Shop Barcelona. Spray, Colores, Rotuladores y MONTANA HELLO MY NAMES ROLL 500pcs\" \/>\n<meta property=\"og:url\" content=\"https:\/\/dev4.devmitsinformatica.com\/en\/shop\/graffiti-accesorios-shop-barcelona\/montana-hello-my-names-roll-500pcs\/\" \/>\n<meta property=\"og:site_name\" content=\"ULTRAWIDE GRAFFITI SHOP\" \/>\n<meta property=\"article:modified_time\" content=\"2023-10-14T07:15:28+00:00\" \/>\n<meta property=\"og:image\" content=\"https:\/\/dev4.devmitsinformatica.com\/wp-content\/uploads\/2018\/01\/Rollo-de-500-pegatinas-Hello-my-names.jpg\" \/>\n\t<meta property=\"og:image:width\" content=\"940\" \/>\n\t<meta property=\"og:image:height\" content=\"940\" \/>\n\t<meta property=\"og:image:type\" content=\"image\/jpeg\" \/>\n<meta name=\"twitter:card\" content=\"summary_large_image\" \/>\n<meta name=\"twitter:label1\" content=\"Est. reading time\" \/>\n\t<meta name=\"twitter:data1\" content=\"1 minute\" \/>\n<script type=\"application\/ld+json\" class=\"yoast-schema-graph\">{\"@context\":\"https:\/\/schema.org\",\"@graph\":[{\"@type\":\"WebPage\",\"@id\":\"https:\/\/dev4.devmitsinformatica.com\/en\/shop\/graffiti-accesorios-shop-barcelona\/montana-hello-my-names-roll-500pcs\/\",\"url\":\"https:\/\/dev4.devmitsinformatica.com\/en\/shop\/graffiti-accesorios-shop-barcelona\/montana-hello-my-names-roll-500pcs\/\",\"name\":\"STICKER Hello my name\u00b4s. Pegatinas Graffiti Shop\",\"isPartOf\":{\"@id\":\"https:\/\/dev4.devmitsinformatica.com\/en\/#website\"},\"primaryImageOfPage\":{\"@id\":\"https:\/\/dev4.devmitsinformatica.com\/en\/shop\/graffiti-accesorios-shop-barcelona\/montana-hello-my-names-roll-500pcs\/#primaryimage\"},\"image\":{\"@id\":\"https:\/\/dev4.devmitsinformatica.com\/en\/shop\/graffiti-accesorios-shop-barcelona\/montana-hello-my-names-roll-500pcs\/#primaryimage\"},\"thumbnailUrl\":\"https:\/\/dev4.devmitsinformatica.com\/wp-content\/uploads\/2018\/01\/Rollo-de-500-pegatinas-Hello-my-names.jpg\",\"datePublished\":\"2018-01-16T12:12:32+00:00\",\"dateModified\":\"2023-10-14T07:15:28+00:00\",\"description\":\"MONTANA HELLO MY NAMES ROLL 500pcs en Barcelona:MONTANA HELLO MY NAMES ROLL 500pcs? MONTANA HELLO MY NAMES ROLL 500pcs y mas. Arte y Graffiti Shop Barcelona. Spray, Colores, Rotuladores y MONTANA HELLO MY NAMES ROLL 500pcs\",\"breadcrumb\":{\"@id\":\"https:\/\/dev4.devmitsinformatica.com\/en\/shop\/graffiti-accesorios-shop-barcelona\/montana-hello-my-names-roll-500pcs\/#breadcrumb\"},\"inLanguage\":\"en-US\",\"potentialAction\":[{\"@type\":\"ReadAction\",\"target\":[\"https:\/\/dev4.devmitsinformatica.com\/en\/shop\/graffiti-accesorios-shop-barcelona\/montana-hello-my-names-roll-500pcs\/\"]}]},{\"@type\":\"ImageObject\",\"inLanguage\":\"en-US\",\"@id\":\"https:\/\/dev4.devmitsinformatica.com\/en\/shop\/graffiti-accesorios-shop-barcelona\/montana-hello-my-names-roll-500pcs\/#primaryimage\",\"url\":\"https:\/\/dev4.devmitsinformatica.com\/wp-content\/uploads\/2018\/01\/Rollo-de-500-pegatinas-Hello-my-names.jpg\",\"contentUrl\":\"https:\/\/dev4.devmitsinformatica.com\/wp-content\/uploads\/2018\/01\/Rollo-de-500-pegatinas-Hello-my-names.jpg\",\"width\":940,\"height\":940,\"caption\":\"500 stickers of Hello My Name\u00b4s by Montana Cans\"},{\"@type\":\"BreadcrumbList\",\"@id\":\"https:\/\/dev4.devmitsinformatica.com\/en\/shop\/graffiti-accesorios-shop-barcelona\/montana-hello-my-names-roll-500pcs\/#breadcrumb\",\"itemListElement\":[{\"@type\":\"ListItem\",\"position\":1,\"name\":\"Home\",\"item\":\"https:\/\/dev4.devmitsinformatica.com\/en\/\"},{\"@type\":\"ListItem\",\"position\":2,\"name\":\"Store\",\"item\":\"https:\/\/dev4.devmitsinformatica.com\/?page_id=38\"},{\"@type\":\"ListItem\",\"position\":3,\"name\":\"MONTANA HELLO MY NAMES ROLL 500pcs\"}]},{\"@type\":\"WebSite\",\"@id\":\"https:\/\/dev4.devmitsinformatica.com\/en\/#website\",\"url\":\"https:\/\/dev4.devmitsinformatica.com\/en\/\",\"name\":\"ULTRAWIDE GRAFFITI SHOP\",\"description\":\"SPRAY GRAFFITI SHOP CAPS Y ROTULADORES\",\"publisher\":{\"@id\":\"https:\/\/dev4.devmitsinformatica.com\/en\/#organization\"},\"potentialAction\":[{\"@type\":\"SearchAction\",\"target\":{\"@type\":\"EntryPoint\",\"urlTemplate\":\"https:\/\/dev4.devmitsinformatica.com\/en\/?s={search_term_string}\"},\"query-input\":{\"@type\":\"PropertyValueSpecification\",\"valueRequired\":true,\"valueName\":\"search_term_string\"}}],\"inLanguage\":\"en-US\"},{\"@type\":\"Organization\",\"@id\":\"https:\/\/dev4.devmitsinformatica.com\/en\/#organization\",\"name\":\"ANDEN Graffiti Shop Barcelona\",\"url\":\"https:\/\/dev4.devmitsinformatica.com\/en\/\",\"logo\":{\"@type\":\"ImageObject\",\"inLanguage\":\"en-US\",\"@id\":\"https:\/\/dev4.devmitsinformatica.com\/en\/#\/schema\/logo\/image\/\",\"url\":\"https:\/\/dev4.devmitsinformatica.com\/wp-content\/uploads\/2016\/11\/graffiti-gallery-barcelona.png\",\"contentUrl\":\"https:\/\/dev4.devmitsinformatica.com\/wp-content\/uploads\/2016\/11\/graffiti-gallery-barcelona.png\",\"width\":386,\"height\":150,\"caption\":\"ANDEN Graffiti Shop Barcelona\"},\"image\":{\"@id\":\"https:\/\/dev4.devmitsinformatica.com\/en\/#\/schema\/logo\/image\/\"}}]}<\/script>\n<!-- \/ Yoast SEO plugin. -->","yoast_head_json":{"title":"STICKER Hello my name\u00b4s. Pegatinas Graffiti Shop","description":"MONTANA HELLO MY NAMES ROLL 500pcs en Barcelona:MONTANA HELLO MY NAMES ROLL 500pcs? MONTANA HELLO MY NAMES ROLL 500pcs y mas. Arte y Graffiti Shop Barcelona. Spray, Colores, Rotuladores y MONTANA HELLO MY NAMES ROLL 500pcs","robots":{"index":"index","follow":"follow","max-snippet":"max-snippet:-1","max-image-preview":"max-image-preview:large","max-video-preview":"max-video-preview:-1"},"canonical":"https:\/\/dev4.devmitsinformatica.com\/en\/shop\/graffiti-accesorios-shop-barcelona\/montana-hello-my-names-roll-500pcs\/","og_locale":"en_US","og_type":"article","og_title":"STICKER Hello my name\u00b4s. Pegatinas Graffiti Shop","og_description":"MONTANA HELLO MY NAMES ROLL 500pcs en Barcelona:MONTANA HELLO MY NAMES ROLL 500pcs? MONTANA HELLO MY NAMES ROLL 500pcs y mas. Arte y Graffiti Shop Barcelona. Spray, Colores, Rotuladores y MONTANA HELLO MY NAMES ROLL 500pcs","og_url":"https:\/\/dev4.devmitsinformatica.com\/en\/shop\/graffiti-accesorios-shop-barcelona\/montana-hello-my-names-roll-500pcs\/","og_site_name":"ULTRAWIDE GRAFFITI SHOP","article_modified_time":"2023-10-14T07:15:28+00:00","og_image":[{"width":940,"height":940,"url":"https:\/\/dev4.devmitsinformatica.com\/wp-content\/uploads\/2018\/01\/Rollo-de-500-pegatinas-Hello-my-names.jpg","type":"image\/jpeg"}],"twitter_card":"summary_large_image","twitter_misc":{"Est. reading time":"1 minute"},"schema":{"@context":"https:\/\/schema.org","@graph":[{"@type":"WebPage","@id":"https:\/\/dev4.devmitsinformatica.com\/en\/shop\/graffiti-accesorios-shop-barcelona\/montana-hello-my-names-roll-500pcs\/","url":"https:\/\/dev4.devmitsinformatica.com\/en\/shop\/graffiti-accesorios-shop-barcelona\/montana-hello-my-names-roll-500pcs\/","name":"STICKER Hello my name\u00b4s. Pegatinas Graffiti Shop","isPartOf":{"@id":"https:\/\/dev4.devmitsinformatica.com\/en\/#website"},"primaryImageOfPage":{"@id":"https:\/\/dev4.devmitsinformatica.com\/en\/shop\/graffiti-accesorios-shop-barcelona\/montana-hello-my-names-roll-500pcs\/#primaryimage"},"image":{"@id":"https:\/\/dev4.devmitsinformatica.com\/en\/shop\/graffiti-accesorios-shop-barcelona\/montana-hello-my-names-roll-500pcs\/#primaryimage"},"thumbnailUrl":"https:\/\/dev4.devmitsinformatica.com\/wp-content\/uploads\/2018\/01\/Rollo-de-500-pegatinas-Hello-my-names.jpg","datePublished":"2018-01-16T12:12:32+00:00","dateModified":"2023-10-14T07:15:28+00:00","description":"MONTANA HELLO MY NAMES ROLL 500pcs en Barcelona:MONTANA HELLO MY NAMES ROLL 500pcs? MONTANA HELLO MY NAMES ROLL 500pcs y mas. Arte y Graffiti Shop Barcelona. Spray, Colores, Rotuladores y MONTANA HELLO MY NAMES ROLL 500pcs","breadcrumb":{"@id":"https:\/\/dev4.devmitsinformatica.com\/en\/shop\/graffiti-accesorios-shop-barcelona\/montana-hello-my-names-roll-500pcs\/#breadcrumb"},"inLanguage":"en-US","potentialAction":[{"@type":"ReadAction","target":["https:\/\/dev4.devmitsinformatica.com\/en\/shop\/graffiti-accesorios-shop-barcelona\/montana-hello-my-names-roll-500pcs\/"]}]},{"@type":"ImageObject","inLanguage":"en-US","@id":"https:\/\/dev4.devmitsinformatica.com\/en\/shop\/graffiti-accesorios-shop-barcelona\/montana-hello-my-names-roll-500pcs\/#primaryimage","url":"https:\/\/dev4.devmitsinformatica.com\/wp-content\/uploads\/2018\/01\/Rollo-de-500-pegatinas-Hello-my-names.jpg","contentUrl":"https:\/\/dev4.devmitsinformatica.com\/wp-content\/uploads\/2018\/01\/Rollo-de-500-pegatinas-Hello-my-names.jpg","width":940,"height":940,"caption":"500 stickers of Hello My Name\u00b4s by Montana Cans"},{"@type":"BreadcrumbList","@id":"https:\/\/dev4.devmitsinformatica.com\/en\/shop\/graffiti-accesorios-shop-barcelona\/montana-hello-my-names-roll-500pcs\/#breadcrumb","itemListElement":[{"@type":"ListItem","position":1,"name":"Home","item":"https:\/\/dev4.devmitsinformatica.com\/en\/"},{"@type":"ListItem","position":2,"name":"Store","item":"https:\/\/dev4.devmitsinformatica.com\/?page_id=38"},{"@type":"ListItem","position":3,"name":"MONTANA HELLO MY NAMES ROLL 500pcs"}]},{"@type":"WebSite","@id":"https:\/\/dev4.devmitsinformatica.com\/en\/#website","url":"https:\/\/dev4.devmitsinformatica.com\/en\/","name":"ULTRAWIDE GRAFFITI SHOP","description":"SPRAY GRAFFITI SHOP CAPS Y ROTULADORES","publisher":{"@id":"https:\/\/dev4.devmitsinformatica.com\/en\/#organization"},"potentialAction":[{"@type":"SearchAction","target":{"@type":"EntryPoint","urlTemplate":"https:\/\/dev4.devmitsinformatica.com\/en\/?s={search_term_string}"},"query-input":{"@type":"PropertyValueSpecification","valueRequired":true,"valueName":"search_term_string"}}],"inLanguage":"en-US"},{"@type":"Organization","@id":"https:\/\/dev4.devmitsinformatica.com\/en\/#organization","name":"ANDEN Graffiti Shop Barcelona","url":"https:\/\/dev4.devmitsinformatica.com\/en\/","logo":{"@type":"ImageObject","inLanguage":"en-US","@id":"https:\/\/dev4.devmitsinformatica.com\/en\/#\/schema\/logo\/image\/","url":"https:\/\/dev4.devmitsinformatica.com\/wp-content\/uploads\/2016\/11\/graffiti-gallery-barcelona.png","contentUrl":"https:\/\/dev4.devmitsinformatica.com\/wp-content\/uploads\/2016\/11\/graffiti-gallery-barcelona.png","width":386,"height":150,"caption":"ANDEN Graffiti Shop Barcelona"},"image":{"@id":"https:\/\/dev4.devmitsinformatica.com\/en\/#\/schema\/logo\/image\/"}}]}},"_links":{"self":[{"href":"https:\/\/dev4.devmitsinformatica.com\/en\/wp-json\/wp\/v2\/product\/5963","targetHints":{"allow":["GET"]}}],"collection":[{"href":"https:\/\/dev4.devmitsinformatica.com\/en\/wp-json\/wp\/v2\/product"}],"about":[{"href":"https:\/\/dev4.devmitsinformatica.com\/en\/wp-json\/wp\/v2\/types\/product"}],"replies":[{"embeddable":true,"href":"https:\/\/dev4.devmitsinformatica.com\/en\/wp-json\/wp\/v2\/comments?post=5963"}],"version-history":[{"count":0,"href":"https:\/\/dev4.devmitsinformatica.com\/en\/wp-json\/wp\/v2\/product\/5963\/revisions"}],"wp:featuredmedia":[{"embeddable":true,"href":"https:\/\/dev4.devmitsinformatica.com\/en\/wp-json\/wp\/v2\/media\/6108"}],"wp:attachment":[{"href":"https:\/\/dev4.devmitsinformatica.com\/en\/wp-json\/wp\/v2\/media?parent=5963"}],"wp:term":[{"taxonomy":"product_brand","embeddable":true,"href":"https:\/\/dev4.devmitsinformatica.com\/en\/wp-json\/wp\/v2\/product_brand?post=5963"},{"taxonomy":"product_cat","embeddable":true,"href":"https:\/\/dev4.devmitsinformatica.com\/en\/wp-json\/wp\/v2\/product_cat?post=5963"},{"taxonomy":"product_tag","embeddable":true,"href":"https:\/\/dev4.devmitsinformatica.com\/en\/wp-json\/wp\/v2\/product_tag?post=5963"}],"curies":[{"name":"wp","href":"https:\/\/api.w.org\/{rel}","templated":true}]}}