{"id":5969,"date":"2018-01-16T12:50:33","date_gmt":"2018-01-16T12:50:33","guid":{"rendered":"https:\/\/dev4.devmitsinformatica.com\/?post_type=product&#038;p=5969"},"modified":"2023-10-14T07:13:14","modified_gmt":"2023-10-14T07:13:14","slug":"montana-hollogram-sticker","status":"publish","type":"product","link":"https:\/\/dev4.devmitsinformatica.com\/en\/shop\/graffiti-accesorios-shop-barcelona\/montana-hollogram-sticker\/","title":{"rendered":"MONTANA HOLLOGRAM STICKER"},"content":{"rendered":"<p><strong>MONTANA HOLLOGRAM STICKER<\/strong>. \u00a1El paquete de pegatinas de holograma contiene 50 pegatinas de alta calidad, que son extremadamente dif\u00edciles de sacar! El material proviene de la tecnolog\u00eda de seguridad y hasta ahora solo existen pocos proveedores. Un poco m\u00e1s caro que los &#8220;normales&#8221;, \u00a1pero \u00fanico! \u00a1Una fuerte adhesi\u00f3n en muchas superficies y muy dif\u00edcil de pelar! Cada pegatina de c\u00e1scara de huevo Hologram de Montana mide 10 cm x 6,5 cm.<\/p>\n<p>El material cascara de huevo es un material que evita que los adhesivos sean despegados con facilidad ya que al intentar esto el <strong>sticker<\/strong> se rompe impidiendo la acci\u00f3n. Las <strong>pegatinas hologr\u00e1ficas<\/strong> de Montana Cans recuerdan a las cl\u00e1sicas<em> Hello my name<\/em> en su tama\u00f1o y formato aunque con una imagen mucho mas innovadora y atrevida que impide que tu acci\u00f3n pueda eliminarse con facilidad. El efecto holograma da un aspecto llamativo a tu tag y refleja la luz en funci\u00f3n de su incidencia cambiando de color.<\/p>\n<p>Buscas Stickers en Barcelona o comprar <strong>pegatinas de graffiti<\/strong>? And\u00e9n Barcelona te ofrece <strong><em>pegatinas Holograma<\/em><\/strong> y pegatinas Hello my name para tags y acciones varias en diferentes colores, medidas y formatos. Compra ahora en nuestra Graffiti Shop Online tus pegatinas holograma y pegatinas para graffiti.<\/p>\n","protected":false},"excerpt":{"rendered":"<p>\u00a1El paquete de pegatinas de holograma contiene 50 pegatinas de alta calidad, que son extremadamente dif\u00edciles de sacar! El material proviene de la tecnolog\u00eda de seguridad y hasta ahora solo existen pocos proveedores. Un poco m\u00e1s caro que los &#8220;normales&#8221;, \u00a1pero \u00fanico! \u00a1Una fuerte adhesi\u00f3n en muchas superficies y muy dif\u00edcil de pelar! Cada pegatina de c\u00e1scara de huevo Hologram de Montana mide 10 cm x 6,5 cm.<\/p>\n","protected":false},"featured_media":6104,"comment_status":"open","ping_status":"closed","template":"","meta":{"site-sidebar-layout":"default","site-content-layout":"","ast-site-content-layout":"default","site-content-style":"default","site-sidebar-style":"default","ast-global-header-display":"","ast-banner-title-visibility":"","ast-main-header-display":"","ast-hfb-above-header-display":"","ast-hfb-below-header-display":"","ast-hfb-mobile-header-display":"","site-post-title":"","ast-breadcrumbs-content":"","ast-featured-img":"","footer-sml-layout":"","ast-disable-related-posts":"","theme-transparent-header-meta":"","adv-header-id-meta":"","stick-header-meta":"","header-above-stick-meta":"","header-main-stick-meta":"","header-below-stick-meta":"","astra-migrate-meta-layouts":"default","ast-page-background-enabled":"default","ast-page-background-meta":{"desktop":{"background-color":"","background-image":"","background-repeat":"repeat","background-position":"center center","background-size":"auto","background-attachment":"scroll","background-type":"","background-media":"","overlay-type":"","overlay-color":"","overlay-opacity":"","overlay-gradient":""},"tablet":{"background-color":"","background-image":"","background-repeat":"repeat","background-position":"center center","background-size":"auto","background-attachment":"scroll","background-type":"","background-media":"","overlay-type":"","overlay-color":"","overlay-opacity":"","overlay-gradient":""},"mobile":{"background-color":"","background-image":"","background-repeat":"repeat","background-position":"center center","background-size":"auto","background-attachment":"scroll","background-type":"","background-media":"","overlay-type":"","overlay-color":"","overlay-opacity":"","overlay-gradient":""}},"ast-content-background-meta":{"desktop":{"background-color":"var(--ast-global-color-5)","background-image":"","background-repeat":"repeat","background-position":"center center","background-size":"auto","background-attachment":"scroll","background-type":"","background-media":"","overlay-type":"","overlay-color":"","overlay-opacity":"","overlay-gradient":""},"tablet":{"background-color":"var(--ast-global-color-5)","background-image":"","background-repeat":"repeat","background-position":"center center","background-size":"auto","background-attachment":"scroll","background-type":"","background-media":"","overlay-type":"","overlay-color":"","overlay-opacity":"","overlay-gradient":""},"mobile":{"background-color":"var(--ast-global-color-5)","background-image":"","background-repeat":"repeat","background-position":"center center","background-size":"auto","background-attachment":"scroll","background-type":"","background-media":"","overlay-type":"","overlay-color":"","overlay-opacity":"","overlay-gradient":""}}},"product_brand":[],"product_cat":[604,2396],"product_tag":[3065,3590,2795,2798,3066,2797,3591,2801,2800,2796,2802,2799,3589],"class_list":{"0":"post-5969","1":"product","2":"type-product","3":"status-publish","4":"has-post-thumbnail","6":"product_cat-graffiti-accesorios-shop-barcelona","7":"product_cat-stickers","8":"product_tag-adhesivo-indestructible","9":"product_tag-graffiti-stickers","10":"product_tag-hollogram-stickers","11":"product_tag-holograma-adhesivo","12":"product_tag-montana-cans-hollogram","13":"product_tag-pack-de-50-hollogram-stickers","14":"product_tag-pegatina-montana","15":"product_tag-pegatinas-diferentes","16":"product_tag-pegatinas-graffiti","17":"product_tag-pegatinas-holograma","18":"product_tag-pegatinas-irrompibles","19":"product_tag-pegatinas-para-tags","20":"product_tag-stickers-graffiti","21":"desktop-align-left","22":"tablet-align-left","23":"mobile-align-left","25":"first","26":"instock","27":"purchasable","28":"product-type-simple"},"yoast_head":"<!-- This site is optimized with the Yoast SEO plugin v27.0 - https:\/\/yoast.com\/product\/yoast-seo-wordpress\/ -->\n<title>MONTANA HOLLOGRAM STICKER. Pegatinas Holograma<\/title>\n<meta name=\"description\" content=\"MONTANA HOLLOGRAM STICKER en Barcelona:MONTANA HOLLOGRAM STICKER? MONTANA HOLLOGRAM STICKER y mas. Arte y Graffiti Shop Barcelona. Spray, Colores, Rotuladores y MONTANA HOLLOGRAM STICKER\" \/>\n<meta name=\"robots\" content=\"index, follow, max-snippet:-1, max-image-preview:large, max-video-preview:-1\" \/>\n<link rel=\"canonical\" href=\"https:\/\/dev4.devmitsinformatica.com\/en\/shop\/graffiti-accesorios-shop-barcelona\/montana-hollogram-sticker\/\" \/>\n<meta property=\"og:locale\" content=\"en_US\" \/>\n<meta property=\"og:type\" content=\"article\" \/>\n<meta property=\"og:title\" content=\"MONTANA HOLLOGRAM STICKER. Pegatinas Holograma\" \/>\n<meta property=\"og:description\" content=\"MONTANA HOLLOGRAM STICKER en Barcelona:MONTANA HOLLOGRAM STICKER? MONTANA HOLLOGRAM STICKER y mas. Arte y Graffiti Shop Barcelona. Spray, Colores, Rotuladores y MONTANA HOLLOGRAM STICKER\" \/>\n<meta property=\"og:url\" content=\"https:\/\/dev4.devmitsinformatica.com\/en\/shop\/graffiti-accesorios-shop-barcelona\/montana-hollogram-sticker\/\" \/>\n<meta property=\"og:site_name\" content=\"ULTRAWIDE GRAFFITI SHOP\" \/>\n<meta property=\"article:modified_time\" content=\"2023-10-14T07:13:14+00:00\" \/>\n<meta property=\"og:image\" content=\"https:\/\/dev4.devmitsinformatica.com\/wp-content\/uploads\/2018\/01\/hollogram-stickers.jpg\" \/>\n\t<meta property=\"og:image:width\" content=\"940\" \/>\n\t<meta property=\"og:image:height\" content=\"940\" \/>\n\t<meta property=\"og:image:type\" content=\"image\/jpeg\" \/>\n<meta name=\"twitter:card\" content=\"summary_large_image\" \/>\n<meta name=\"twitter:label1\" content=\"Est. reading time\" \/>\n\t<meta name=\"twitter:data1\" content=\"1 minute\" \/>\n<script type=\"application\/ld+json\" class=\"yoast-schema-graph\">{\"@context\":\"https:\/\/schema.org\",\"@graph\":[{\"@type\":\"WebPage\",\"@id\":\"https:\/\/dev4.devmitsinformatica.com\/en\/shop\/graffiti-accesorios-shop-barcelona\/montana-hollogram-sticker\/\",\"url\":\"https:\/\/dev4.devmitsinformatica.com\/en\/shop\/graffiti-accesorios-shop-barcelona\/montana-hollogram-sticker\/\",\"name\":\"MONTANA HOLLOGRAM STICKER. Pegatinas Holograma\",\"isPartOf\":{\"@id\":\"https:\/\/dev4.devmitsinformatica.com\/en\/#website\"},\"primaryImageOfPage\":{\"@id\":\"https:\/\/dev4.devmitsinformatica.com\/en\/shop\/graffiti-accesorios-shop-barcelona\/montana-hollogram-sticker\/#primaryimage\"},\"image\":{\"@id\":\"https:\/\/dev4.devmitsinformatica.com\/en\/shop\/graffiti-accesorios-shop-barcelona\/montana-hollogram-sticker\/#primaryimage\"},\"thumbnailUrl\":\"https:\/\/dev4.devmitsinformatica.com\/wp-content\/uploads\/2018\/01\/hollogram-stickers.jpg\",\"datePublished\":\"2018-01-16T12:50:33+00:00\",\"dateModified\":\"2023-10-14T07:13:14+00:00\",\"description\":\"MONTANA HOLLOGRAM STICKER en Barcelona:MONTANA HOLLOGRAM STICKER? MONTANA HOLLOGRAM STICKER y mas. Arte y Graffiti Shop Barcelona. Spray, Colores, Rotuladores y MONTANA HOLLOGRAM STICKER\",\"breadcrumb\":{\"@id\":\"https:\/\/dev4.devmitsinformatica.com\/en\/shop\/graffiti-accesorios-shop-barcelona\/montana-hollogram-sticker\/#breadcrumb\"},\"inLanguage\":\"en-US\",\"potentialAction\":[{\"@type\":\"ReadAction\",\"target\":[\"https:\/\/dev4.devmitsinformatica.com\/en\/shop\/graffiti-accesorios-shop-barcelona\/montana-hollogram-sticker\/\"]}]},{\"@type\":\"ImageObject\",\"inLanguage\":\"en-US\",\"@id\":\"https:\/\/dev4.devmitsinformatica.com\/en\/shop\/graffiti-accesorios-shop-barcelona\/montana-hollogram-sticker\/#primaryimage\",\"url\":\"https:\/\/dev4.devmitsinformatica.com\/wp-content\/uploads\/2018\/01\/hollogram-stickers.jpg\",\"contentUrl\":\"https:\/\/dev4.devmitsinformatica.com\/wp-content\/uploads\/2018\/01\/hollogram-stickers.jpg\",\"width\":940,\"height\":940,\"caption\":\"Adhesivos indestructibles montana de efecto holograma para tags.\"},{\"@type\":\"BreadcrumbList\",\"@id\":\"https:\/\/dev4.devmitsinformatica.com\/en\/shop\/graffiti-accesorios-shop-barcelona\/montana-hollogram-sticker\/#breadcrumb\",\"itemListElement\":[{\"@type\":\"ListItem\",\"position\":1,\"name\":\"Home\",\"item\":\"https:\/\/dev4.devmitsinformatica.com\/en\/\"},{\"@type\":\"ListItem\",\"position\":2,\"name\":\"Store\",\"item\":\"https:\/\/dev4.devmitsinformatica.com\/?page_id=38\"},{\"@type\":\"ListItem\",\"position\":3,\"name\":\"MONTANA HOLLOGRAM STICKER\"}]},{\"@type\":\"WebSite\",\"@id\":\"https:\/\/dev4.devmitsinformatica.com\/en\/#website\",\"url\":\"https:\/\/dev4.devmitsinformatica.com\/en\/\",\"name\":\"ULTRAWIDE GRAFFITI SHOP\",\"description\":\"SPRAY GRAFFITI SHOP CAPS Y ROTULADORES\",\"publisher\":{\"@id\":\"https:\/\/dev4.devmitsinformatica.com\/en\/#organization\"},\"potentialAction\":[{\"@type\":\"SearchAction\",\"target\":{\"@type\":\"EntryPoint\",\"urlTemplate\":\"https:\/\/dev4.devmitsinformatica.com\/en\/?s={search_term_string}\"},\"query-input\":{\"@type\":\"PropertyValueSpecification\",\"valueRequired\":true,\"valueName\":\"search_term_string\"}}],\"inLanguage\":\"en-US\"},{\"@type\":\"Organization\",\"@id\":\"https:\/\/dev4.devmitsinformatica.com\/en\/#organization\",\"name\":\"ANDEN Graffiti Shop Barcelona\",\"url\":\"https:\/\/dev4.devmitsinformatica.com\/en\/\",\"logo\":{\"@type\":\"ImageObject\",\"inLanguage\":\"en-US\",\"@id\":\"https:\/\/dev4.devmitsinformatica.com\/en\/#\/schema\/logo\/image\/\",\"url\":\"https:\/\/dev4.devmitsinformatica.com\/wp-content\/uploads\/2016\/11\/graffiti-gallery-barcelona.png\",\"contentUrl\":\"https:\/\/dev4.devmitsinformatica.com\/wp-content\/uploads\/2016\/11\/graffiti-gallery-barcelona.png\",\"width\":386,\"height\":150,\"caption\":\"ANDEN Graffiti Shop Barcelona\"},\"image\":{\"@id\":\"https:\/\/dev4.devmitsinformatica.com\/en\/#\/schema\/logo\/image\/\"}}]}<\/script>\n<!-- \/ Yoast SEO plugin. -->","yoast_head_json":{"title":"MONTANA HOLLOGRAM STICKER. Pegatinas Holograma","description":"MONTANA HOLLOGRAM STICKER en Barcelona:MONTANA HOLLOGRAM STICKER? MONTANA HOLLOGRAM STICKER y mas. Arte y Graffiti Shop Barcelona. Spray, Colores, Rotuladores y MONTANA HOLLOGRAM STICKER","robots":{"index":"index","follow":"follow","max-snippet":"max-snippet:-1","max-image-preview":"max-image-preview:large","max-video-preview":"max-video-preview:-1"},"canonical":"https:\/\/dev4.devmitsinformatica.com\/en\/shop\/graffiti-accesorios-shop-barcelona\/montana-hollogram-sticker\/","og_locale":"en_US","og_type":"article","og_title":"MONTANA HOLLOGRAM STICKER. Pegatinas Holograma","og_description":"MONTANA HOLLOGRAM STICKER en Barcelona:MONTANA HOLLOGRAM STICKER? MONTANA HOLLOGRAM STICKER y mas. Arte y Graffiti Shop Barcelona. Spray, Colores, Rotuladores y MONTANA HOLLOGRAM STICKER","og_url":"https:\/\/dev4.devmitsinformatica.com\/en\/shop\/graffiti-accesorios-shop-barcelona\/montana-hollogram-sticker\/","og_site_name":"ULTRAWIDE GRAFFITI SHOP","article_modified_time":"2023-10-14T07:13:14+00:00","og_image":[{"width":940,"height":940,"url":"https:\/\/dev4.devmitsinformatica.com\/wp-content\/uploads\/2018\/01\/hollogram-stickers.jpg","type":"image\/jpeg"}],"twitter_card":"summary_large_image","twitter_misc":{"Est. reading time":"1 minute"},"schema":{"@context":"https:\/\/schema.org","@graph":[{"@type":"WebPage","@id":"https:\/\/dev4.devmitsinformatica.com\/en\/shop\/graffiti-accesorios-shop-barcelona\/montana-hollogram-sticker\/","url":"https:\/\/dev4.devmitsinformatica.com\/en\/shop\/graffiti-accesorios-shop-barcelona\/montana-hollogram-sticker\/","name":"MONTANA HOLLOGRAM STICKER. Pegatinas Holograma","isPartOf":{"@id":"https:\/\/dev4.devmitsinformatica.com\/en\/#website"},"primaryImageOfPage":{"@id":"https:\/\/dev4.devmitsinformatica.com\/en\/shop\/graffiti-accesorios-shop-barcelona\/montana-hollogram-sticker\/#primaryimage"},"image":{"@id":"https:\/\/dev4.devmitsinformatica.com\/en\/shop\/graffiti-accesorios-shop-barcelona\/montana-hollogram-sticker\/#primaryimage"},"thumbnailUrl":"https:\/\/dev4.devmitsinformatica.com\/wp-content\/uploads\/2018\/01\/hollogram-stickers.jpg","datePublished":"2018-01-16T12:50:33+00:00","dateModified":"2023-10-14T07:13:14+00:00","description":"MONTANA HOLLOGRAM STICKER en Barcelona:MONTANA HOLLOGRAM STICKER? MONTANA HOLLOGRAM STICKER y mas. Arte y Graffiti Shop Barcelona. Spray, Colores, Rotuladores y MONTANA HOLLOGRAM STICKER","breadcrumb":{"@id":"https:\/\/dev4.devmitsinformatica.com\/en\/shop\/graffiti-accesorios-shop-barcelona\/montana-hollogram-sticker\/#breadcrumb"},"inLanguage":"en-US","potentialAction":[{"@type":"ReadAction","target":["https:\/\/dev4.devmitsinformatica.com\/en\/shop\/graffiti-accesorios-shop-barcelona\/montana-hollogram-sticker\/"]}]},{"@type":"ImageObject","inLanguage":"en-US","@id":"https:\/\/dev4.devmitsinformatica.com\/en\/shop\/graffiti-accesorios-shop-barcelona\/montana-hollogram-sticker\/#primaryimage","url":"https:\/\/dev4.devmitsinformatica.com\/wp-content\/uploads\/2018\/01\/hollogram-stickers.jpg","contentUrl":"https:\/\/dev4.devmitsinformatica.com\/wp-content\/uploads\/2018\/01\/hollogram-stickers.jpg","width":940,"height":940,"caption":"Adhesivos indestructibles montana de efecto holograma para tags."},{"@type":"BreadcrumbList","@id":"https:\/\/dev4.devmitsinformatica.com\/en\/shop\/graffiti-accesorios-shop-barcelona\/montana-hollogram-sticker\/#breadcrumb","itemListElement":[{"@type":"ListItem","position":1,"name":"Home","item":"https:\/\/dev4.devmitsinformatica.com\/en\/"},{"@type":"ListItem","position":2,"name":"Store","item":"https:\/\/dev4.devmitsinformatica.com\/?page_id=38"},{"@type":"ListItem","position":3,"name":"MONTANA HOLLOGRAM STICKER"}]},{"@type":"WebSite","@id":"https:\/\/dev4.devmitsinformatica.com\/en\/#website","url":"https:\/\/dev4.devmitsinformatica.com\/en\/","name":"ULTRAWIDE GRAFFITI SHOP","description":"SPRAY GRAFFITI SHOP CAPS Y ROTULADORES","publisher":{"@id":"https:\/\/dev4.devmitsinformatica.com\/en\/#organization"},"potentialAction":[{"@type":"SearchAction","target":{"@type":"EntryPoint","urlTemplate":"https:\/\/dev4.devmitsinformatica.com\/en\/?s={search_term_string}"},"query-input":{"@type":"PropertyValueSpecification","valueRequired":true,"valueName":"search_term_string"}}],"inLanguage":"en-US"},{"@type":"Organization","@id":"https:\/\/dev4.devmitsinformatica.com\/en\/#organization","name":"ANDEN Graffiti Shop Barcelona","url":"https:\/\/dev4.devmitsinformatica.com\/en\/","logo":{"@type":"ImageObject","inLanguage":"en-US","@id":"https:\/\/dev4.devmitsinformatica.com\/en\/#\/schema\/logo\/image\/","url":"https:\/\/dev4.devmitsinformatica.com\/wp-content\/uploads\/2016\/11\/graffiti-gallery-barcelona.png","contentUrl":"https:\/\/dev4.devmitsinformatica.com\/wp-content\/uploads\/2016\/11\/graffiti-gallery-barcelona.png","width":386,"height":150,"caption":"ANDEN Graffiti Shop Barcelona"},"image":{"@id":"https:\/\/dev4.devmitsinformatica.com\/en\/#\/schema\/logo\/image\/"}}]}},"_links":{"self":[{"href":"https:\/\/dev4.devmitsinformatica.com\/en\/wp-json\/wp\/v2\/product\/5969","targetHints":{"allow":["GET"]}}],"collection":[{"href":"https:\/\/dev4.devmitsinformatica.com\/en\/wp-json\/wp\/v2\/product"}],"about":[{"href":"https:\/\/dev4.devmitsinformatica.com\/en\/wp-json\/wp\/v2\/types\/product"}],"replies":[{"embeddable":true,"href":"https:\/\/dev4.devmitsinformatica.com\/en\/wp-json\/wp\/v2\/comments?post=5969"}],"version-history":[{"count":0,"href":"https:\/\/dev4.devmitsinformatica.com\/en\/wp-json\/wp\/v2\/product\/5969\/revisions"}],"wp:featuredmedia":[{"embeddable":true,"href":"https:\/\/dev4.devmitsinformatica.com\/en\/wp-json\/wp\/v2\/media\/6104"}],"wp:attachment":[{"href":"https:\/\/dev4.devmitsinformatica.com\/en\/wp-json\/wp\/v2\/media?parent=5969"}],"wp:term":[{"taxonomy":"product_brand","embeddable":true,"href":"https:\/\/dev4.devmitsinformatica.com\/en\/wp-json\/wp\/v2\/product_brand?post=5969"},{"taxonomy":"product_cat","embeddable":true,"href":"https:\/\/dev4.devmitsinformatica.com\/en\/wp-json\/wp\/v2\/product_cat?post=5969"},{"taxonomy":"product_tag","embeddable":true,"href":"https:\/\/dev4.devmitsinformatica.com\/en\/wp-json\/wp\/v2\/product_tag?post=5969"}],"curies":[{"name":"wp","href":"https:\/\/api.w.org\/{rel}","templated":true}]}}