{"id":5980,"date":"2018-01-16T17:01:29","date_gmt":"2018-01-16T17:01:29","guid":{"rendered":"https:\/\/dev4.devmitsinformatica.com\/?post_type=product&#038;p=5980"},"modified":"2023-10-14T07:09:01","modified_gmt":"2023-10-14T07:09:01","slug":"calligraffiti-otr-084-empty","status":"publish","type":"product","link":"https:\/\/dev4.devmitsinformatica.com\/en\/shop\/graffiti-rotulador-shop-barcelona\/rotuladores-vacios-shop-barcelona\/calligraffiti-otr-084-empty\/","title":{"rendered":"CALLIGRAFFITI OTR 084 EMPTY"},"content":{"rendered":"<p><strong>CALLIGRAFFITI OTR 084 EMPTY<\/strong>. Marcador vac\u00edo de punta especial de 20mm especial para lettering. Rotulador vac\u00edo para rellenar con punta Chisel, ideado y fabricado para trabajos de lettering y caligraf\u00eda. Todo un cl\u00e1sico de la marca. On The Run desarroll\u00f3 este marcador junto al artista de caligraf\u00eda Niels Shoe Meulman, un artista cal\u00edgrafico conocido por sus trabajos de lettering. La punta del rotulador viene con un corte diagonal que ayuda a los escritores de caligraf\u00eda a trabajar la terminaci\u00f3n de sus letras. El<strong> rotulador vac\u00edo para caligraf\u00eda<\/strong> calligraffiti de OTR es un rotulador \u00fanico en su clase. Su dep\u00f3sito es r\u00edgido con sistema de bombeo para un control en la salida de la tinta\/pintura. El <strong>Calligraffiti otr 084<\/strong> de On The Run es un marcador con puntas reposicionables e intercambiables, pudiendo convertirse en un rotulador standard de 15mm o 20mm T.Tip en funci\u00f3n del tama\u00f1o de su punta. Se puede rellenar con las tintas on the run o la l\u00ednea Soultip de la marca, aunque tambi\u00e9n con cualquier tinta al alcohol o acr\u00edlica del mercado como la Montana Acrylic Refill.<\/p>\n<p>Buscas un rotulador vac\u00edo para rellenar? Un rotulador vac\u00edo para Caligraf\u00eda? Ultrawide es distribuidor en Espa\u00f1a de productos para graffiti y materiales relacionados.<\/p>\n<p>&nbsp;<\/p>\n","protected":false},"excerpt":{"rendered":"<p>El Marcador vac\u00edo OTR 084 Calligraffiti es un marcador vac\u00edo con sistema de bombeo y punta especial para trabajos de caligraf\u00eda y lettering. On The Run trabaj\u00f3 codo con codo con el artista internacional\u00a0 Niels Shoe Meulman para desarrollar este marcador.<\/p>\n","protected":false},"featured_media":6101,"comment_status":"open","ping_status":"closed","template":"","meta":{"site-sidebar-layout":"default","site-content-layout":"","ast-site-content-layout":"default","site-content-style":"default","site-sidebar-style":"default","ast-global-header-display":"","ast-banner-title-visibility":"","ast-main-header-display":"","ast-hfb-above-header-display":"","ast-hfb-below-header-display":"","ast-hfb-mobile-header-display":"","site-post-title":"","ast-breadcrumbs-content":"","ast-featured-img":"","footer-sml-layout":"","ast-disable-related-posts":"","theme-transparent-header-meta":"","adv-header-id-meta":"","stick-header-meta":"","header-above-stick-meta":"","header-main-stick-meta":"","header-below-stick-meta":"","astra-migrate-meta-layouts":"default","ast-page-background-enabled":"default","ast-page-background-meta":{"desktop":{"background-color":"","background-image":"","background-repeat":"repeat","background-position":"center center","background-size":"auto","background-attachment":"scroll","background-type":"","background-media":"","overlay-type":"","overlay-color":"","overlay-opacity":"","overlay-gradient":""},"tablet":{"background-color":"","background-image":"","background-repeat":"repeat","background-position":"center center","background-size":"auto","background-attachment":"scroll","background-type":"","background-media":"","overlay-type":"","overlay-color":"","overlay-opacity":"","overlay-gradient":""},"mobile":{"background-color":"","background-image":"","background-repeat":"repeat","background-position":"center center","background-size":"auto","background-attachment":"scroll","background-type":"","background-media":"","overlay-type":"","overlay-color":"","overlay-opacity":"","overlay-gradient":""}},"ast-content-background-meta":{"desktop":{"background-color":"var(--ast-global-color-5)","background-image":"","background-repeat":"repeat","background-position":"center center","background-size":"auto","background-attachment":"scroll","background-type":"","background-media":"","overlay-type":"","overlay-color":"","overlay-opacity":"","overlay-gradient":""},"tablet":{"background-color":"var(--ast-global-color-5)","background-image":"","background-repeat":"repeat","background-position":"center center","background-size":"auto","background-attachment":"scroll","background-type":"","background-media":"","overlay-type":"","overlay-color":"","overlay-opacity":"","overlay-gradient":""},"mobile":{"background-color":"var(--ast-global-color-5)","background-image":"","background-repeat":"repeat","background-position":"center center","background-size":"auto","background-attachment":"scroll","background-type":"","background-media":"","overlay-type":"","overlay-color":"","overlay-opacity":"","overlay-gradient":""}}},"product_brand":[],"product_cat":[7,976,2804],"product_tag":[3587,3581,3063,3064,2813,2812,2433,2814,3584,2811,2810,2809,3582],"class_list":{"0":"post-5980","1":"product","2":"type-product","3":"status-publish","4":"has-post-thumbnail","6":"product_cat-graffiti-rotulador-shop-barcelona","7":"product_cat-rotuladores-vacios-shop-barcelona","8":"product_cat-vacios-on-the-run","9":"product_tag-distribuidor-graffiti","10":"product_tag-distribuidor-on-the-run","11":"product_tag-marcador-caligrafia","12":"product_tag-marcador-graffiti-letras","13":"product_tag-marcador-on-the-run","14":"product_tag-marcador-punta-especial","15":"product_tag-marcador-vacio","16":"product_tag-otr-calligraffiti","17":"product_tag-otr-espana","18":"product_tag-rotulador-calligraffiti","19":"product_tag-rotulador-vacio-caligrafia","20":"product_tag-rotulador-vacio-lettering","21":"product_tag-rotuladores-vacios","22":"desktop-align-left","23":"tablet-align-left","24":"mobile-align-left","26":"first","27":"outofstock","28":"purchasable","29":"product-type-simple"},"yoast_head":"<!-- This site is optimized with the Yoast SEO plugin v27.0 - https:\/\/yoast.com\/product\/yoast-seo-wordpress\/ -->\n<title>CALLIGRAFFITI OTR 084 EMPTY. Rotulador Vac\u00edo<\/title>\n<meta name=\"description\" content=\"CALLIGRAFFITI OTR 084 EMPTY en Barcelona:CALLIGRAFFITI OTR 084 EMPTY? CALLIGRAFFITI OTR 084 EMPTY y mas. Arte y Graffiti Shop Barcelona. Spray, Colores, Rotuladores y CALLIGRAFFITI OTR 084 EMPTY\" \/>\n<meta name=\"robots\" content=\"index, follow, max-snippet:-1, max-image-preview:large, max-video-preview:-1\" \/>\n<link rel=\"canonical\" href=\"https:\/\/dev4.devmitsinformatica.com\/en\/shop\/graffiti-rotulador-shop-barcelona\/rotuladores-vacios-shop-barcelona\/calligraffiti-otr-084-empty\/\" \/>\n<meta property=\"og:locale\" content=\"en_US\" \/>\n<meta property=\"og:type\" content=\"article\" \/>\n<meta property=\"og:title\" content=\"CALLIGRAFFITI OTR 084 EMPTY. Rotulador Vac\u00edo\" \/>\n<meta property=\"og:description\" content=\"CALLIGRAFFITI OTR 084 EMPTY en Barcelona:CALLIGRAFFITI OTR 084 EMPTY? CALLIGRAFFITI OTR 084 EMPTY y mas. Arte y Graffiti Shop Barcelona. Spray, Colores, Rotuladores y CALLIGRAFFITI OTR 084 EMPTY\" \/>\n<meta property=\"og:url\" content=\"https:\/\/dev4.devmitsinformatica.com\/en\/shop\/graffiti-rotulador-shop-barcelona\/rotuladores-vacios-shop-barcelona\/calligraffiti-otr-084-empty\/\" \/>\n<meta property=\"og:site_name\" content=\"ULTRAWIDE GRAFFITI SHOP\" \/>\n<meta property=\"article:modified_time\" content=\"2023-10-14T07:09:01+00:00\" \/>\n<meta property=\"og:image\" content=\"https:\/\/dev4.devmitsinformatica.com\/wp-content\/uploads\/2018\/01\/OTR-084-CALLIGRAFFITI-EMPTY.jpg\" \/>\n\t<meta property=\"og:image:width\" content=\"400\" \/>\n\t<meta property=\"og:image:height\" content=\"400\" \/>\n\t<meta property=\"og:image:type\" content=\"image\/jpeg\" \/>\n<meta name=\"twitter:card\" content=\"summary_large_image\" \/>\n<meta name=\"twitter:label1\" content=\"Est. reading time\" \/>\n\t<meta name=\"twitter:data1\" content=\"1 minute\" \/>\n<script type=\"application\/ld+json\" class=\"yoast-schema-graph\">{\"@context\":\"https:\/\/schema.org\",\"@graph\":[{\"@type\":\"WebPage\",\"@id\":\"https:\/\/dev4.devmitsinformatica.com\/en\/shop\/graffiti-rotulador-shop-barcelona\/rotuladores-vacios-shop-barcelona\/calligraffiti-otr-084-empty\/\",\"url\":\"https:\/\/dev4.devmitsinformatica.com\/en\/shop\/graffiti-rotulador-shop-barcelona\/rotuladores-vacios-shop-barcelona\/calligraffiti-otr-084-empty\/\",\"name\":\"CALLIGRAFFITI OTR 084 EMPTY. Rotulador Vac\u00edo\",\"isPartOf\":{\"@id\":\"https:\/\/dev4.devmitsinformatica.com\/en\/#website\"},\"primaryImageOfPage\":{\"@id\":\"https:\/\/dev4.devmitsinformatica.com\/en\/shop\/graffiti-rotulador-shop-barcelona\/rotuladores-vacios-shop-barcelona\/calligraffiti-otr-084-empty\/#primaryimage\"},\"image\":{\"@id\":\"https:\/\/dev4.devmitsinformatica.com\/en\/shop\/graffiti-rotulador-shop-barcelona\/rotuladores-vacios-shop-barcelona\/calligraffiti-otr-084-empty\/#primaryimage\"},\"thumbnailUrl\":\"https:\/\/dev4.devmitsinformatica.com\/wp-content\/uploads\/2018\/01\/OTR-084-CALLIGRAFFITI-EMPTY.jpg\",\"datePublished\":\"2018-01-16T17:01:29+00:00\",\"dateModified\":\"2023-10-14T07:09:01+00:00\",\"description\":\"CALLIGRAFFITI OTR 084 EMPTY en Barcelona:CALLIGRAFFITI OTR 084 EMPTY? CALLIGRAFFITI OTR 084 EMPTY y mas. Arte y Graffiti Shop Barcelona. Spray, Colores, Rotuladores y CALLIGRAFFITI OTR 084 EMPTY\",\"breadcrumb\":{\"@id\":\"https:\/\/dev4.devmitsinformatica.com\/en\/shop\/graffiti-rotulador-shop-barcelona\/rotuladores-vacios-shop-barcelona\/calligraffiti-otr-084-empty\/#breadcrumb\"},\"inLanguage\":\"en-US\",\"potentialAction\":[{\"@type\":\"ReadAction\",\"target\":[\"https:\/\/dev4.devmitsinformatica.com\/en\/shop\/graffiti-rotulador-shop-barcelona\/rotuladores-vacios-shop-barcelona\/calligraffiti-otr-084-empty\/\"]}]},{\"@type\":\"ImageObject\",\"inLanguage\":\"en-US\",\"@id\":\"https:\/\/dev4.devmitsinformatica.com\/en\/shop\/graffiti-rotulador-shop-barcelona\/rotuladores-vacios-shop-barcelona\/calligraffiti-otr-084-empty\/#primaryimage\",\"url\":\"https:\/\/dev4.devmitsinformatica.com\/wp-content\/uploads\/2018\/01\/OTR-084-CALLIGRAFFITI-EMPTY.jpg\",\"contentUrl\":\"https:\/\/dev4.devmitsinformatica.com\/wp-content\/uploads\/2018\/01\/OTR-084-CALLIGRAFFITI-EMPTY.jpg\",\"width\":400,\"height\":400,\"caption\":\"otr calligraffiti. Calligraffiti marker, rotulador con puntas reposicionables, punta calligraffiti on the run de 20mm.\"},{\"@type\":\"BreadcrumbList\",\"@id\":\"https:\/\/dev4.devmitsinformatica.com\/en\/shop\/graffiti-rotulador-shop-barcelona\/rotuladores-vacios-shop-barcelona\/calligraffiti-otr-084-empty\/#breadcrumb\",\"itemListElement\":[{\"@type\":\"ListItem\",\"position\":1,\"name\":\"Home\",\"item\":\"https:\/\/dev4.devmitsinformatica.com\/en\/\"},{\"@type\":\"ListItem\",\"position\":2,\"name\":\"Store\",\"item\":\"https:\/\/dev4.devmitsinformatica.com\/?page_id=38\"},{\"@type\":\"ListItem\",\"position\":3,\"name\":\"CALLIGRAFFITI OTR 084 EMPTY\"}]},{\"@type\":\"WebSite\",\"@id\":\"https:\/\/dev4.devmitsinformatica.com\/en\/#website\",\"url\":\"https:\/\/dev4.devmitsinformatica.com\/en\/\",\"name\":\"ULTRAWIDE GRAFFITI SHOP\",\"description\":\"SPRAY GRAFFITI SHOP CAPS Y ROTULADORES\",\"publisher\":{\"@id\":\"https:\/\/dev4.devmitsinformatica.com\/en\/#organization\"},\"potentialAction\":[{\"@type\":\"SearchAction\",\"target\":{\"@type\":\"EntryPoint\",\"urlTemplate\":\"https:\/\/dev4.devmitsinformatica.com\/en\/?s={search_term_string}\"},\"query-input\":{\"@type\":\"PropertyValueSpecification\",\"valueRequired\":true,\"valueName\":\"search_term_string\"}}],\"inLanguage\":\"en-US\"},{\"@type\":\"Organization\",\"@id\":\"https:\/\/dev4.devmitsinformatica.com\/en\/#organization\",\"name\":\"ANDEN Graffiti Shop Barcelona\",\"url\":\"https:\/\/dev4.devmitsinformatica.com\/en\/\",\"logo\":{\"@type\":\"ImageObject\",\"inLanguage\":\"en-US\",\"@id\":\"https:\/\/dev4.devmitsinformatica.com\/en\/#\/schema\/logo\/image\/\",\"url\":\"https:\/\/dev4.devmitsinformatica.com\/wp-content\/uploads\/2016\/11\/graffiti-gallery-barcelona.png\",\"contentUrl\":\"https:\/\/dev4.devmitsinformatica.com\/wp-content\/uploads\/2016\/11\/graffiti-gallery-barcelona.png\",\"width\":386,\"height\":150,\"caption\":\"ANDEN Graffiti Shop Barcelona\"},\"image\":{\"@id\":\"https:\/\/dev4.devmitsinformatica.com\/en\/#\/schema\/logo\/image\/\"}}]}<\/script>\n<!-- \/ Yoast SEO plugin. -->","yoast_head_json":{"title":"CALLIGRAFFITI OTR 084 EMPTY. Rotulador Vac\u00edo","description":"CALLIGRAFFITI OTR 084 EMPTY en Barcelona:CALLIGRAFFITI OTR 084 EMPTY? CALLIGRAFFITI OTR 084 EMPTY y mas. Arte y Graffiti Shop Barcelona. Spray, Colores, Rotuladores y CALLIGRAFFITI OTR 084 EMPTY","robots":{"index":"index","follow":"follow","max-snippet":"max-snippet:-1","max-image-preview":"max-image-preview:large","max-video-preview":"max-video-preview:-1"},"canonical":"https:\/\/dev4.devmitsinformatica.com\/en\/shop\/graffiti-rotulador-shop-barcelona\/rotuladores-vacios-shop-barcelona\/calligraffiti-otr-084-empty\/","og_locale":"en_US","og_type":"article","og_title":"CALLIGRAFFITI OTR 084 EMPTY. Rotulador Vac\u00edo","og_description":"CALLIGRAFFITI OTR 084 EMPTY en Barcelona:CALLIGRAFFITI OTR 084 EMPTY? CALLIGRAFFITI OTR 084 EMPTY y mas. Arte y Graffiti Shop Barcelona. Spray, Colores, Rotuladores y CALLIGRAFFITI OTR 084 EMPTY","og_url":"https:\/\/dev4.devmitsinformatica.com\/en\/shop\/graffiti-rotulador-shop-barcelona\/rotuladores-vacios-shop-barcelona\/calligraffiti-otr-084-empty\/","og_site_name":"ULTRAWIDE GRAFFITI SHOP","article_modified_time":"2023-10-14T07:09:01+00:00","og_image":[{"width":400,"height":400,"url":"https:\/\/dev4.devmitsinformatica.com\/wp-content\/uploads\/2018\/01\/OTR-084-CALLIGRAFFITI-EMPTY.jpg","type":"image\/jpeg"}],"twitter_card":"summary_large_image","twitter_misc":{"Est. reading time":"1 minute"},"schema":{"@context":"https:\/\/schema.org","@graph":[{"@type":"WebPage","@id":"https:\/\/dev4.devmitsinformatica.com\/en\/shop\/graffiti-rotulador-shop-barcelona\/rotuladores-vacios-shop-barcelona\/calligraffiti-otr-084-empty\/","url":"https:\/\/dev4.devmitsinformatica.com\/en\/shop\/graffiti-rotulador-shop-barcelona\/rotuladores-vacios-shop-barcelona\/calligraffiti-otr-084-empty\/","name":"CALLIGRAFFITI OTR 084 EMPTY. Rotulador Vac\u00edo","isPartOf":{"@id":"https:\/\/dev4.devmitsinformatica.com\/en\/#website"},"primaryImageOfPage":{"@id":"https:\/\/dev4.devmitsinformatica.com\/en\/shop\/graffiti-rotulador-shop-barcelona\/rotuladores-vacios-shop-barcelona\/calligraffiti-otr-084-empty\/#primaryimage"},"image":{"@id":"https:\/\/dev4.devmitsinformatica.com\/en\/shop\/graffiti-rotulador-shop-barcelona\/rotuladores-vacios-shop-barcelona\/calligraffiti-otr-084-empty\/#primaryimage"},"thumbnailUrl":"https:\/\/dev4.devmitsinformatica.com\/wp-content\/uploads\/2018\/01\/OTR-084-CALLIGRAFFITI-EMPTY.jpg","datePublished":"2018-01-16T17:01:29+00:00","dateModified":"2023-10-14T07:09:01+00:00","description":"CALLIGRAFFITI OTR 084 EMPTY en Barcelona:CALLIGRAFFITI OTR 084 EMPTY? CALLIGRAFFITI OTR 084 EMPTY y mas. Arte y Graffiti Shop Barcelona. Spray, Colores, Rotuladores y CALLIGRAFFITI OTR 084 EMPTY","breadcrumb":{"@id":"https:\/\/dev4.devmitsinformatica.com\/en\/shop\/graffiti-rotulador-shop-barcelona\/rotuladores-vacios-shop-barcelona\/calligraffiti-otr-084-empty\/#breadcrumb"},"inLanguage":"en-US","potentialAction":[{"@type":"ReadAction","target":["https:\/\/dev4.devmitsinformatica.com\/en\/shop\/graffiti-rotulador-shop-barcelona\/rotuladores-vacios-shop-barcelona\/calligraffiti-otr-084-empty\/"]}]},{"@type":"ImageObject","inLanguage":"en-US","@id":"https:\/\/dev4.devmitsinformatica.com\/en\/shop\/graffiti-rotulador-shop-barcelona\/rotuladores-vacios-shop-barcelona\/calligraffiti-otr-084-empty\/#primaryimage","url":"https:\/\/dev4.devmitsinformatica.com\/wp-content\/uploads\/2018\/01\/OTR-084-CALLIGRAFFITI-EMPTY.jpg","contentUrl":"https:\/\/dev4.devmitsinformatica.com\/wp-content\/uploads\/2018\/01\/OTR-084-CALLIGRAFFITI-EMPTY.jpg","width":400,"height":400,"caption":"otr calligraffiti. Calligraffiti marker, rotulador con puntas reposicionables, punta calligraffiti on the run de 20mm."},{"@type":"BreadcrumbList","@id":"https:\/\/dev4.devmitsinformatica.com\/en\/shop\/graffiti-rotulador-shop-barcelona\/rotuladores-vacios-shop-barcelona\/calligraffiti-otr-084-empty\/#breadcrumb","itemListElement":[{"@type":"ListItem","position":1,"name":"Home","item":"https:\/\/dev4.devmitsinformatica.com\/en\/"},{"@type":"ListItem","position":2,"name":"Store","item":"https:\/\/dev4.devmitsinformatica.com\/?page_id=38"},{"@type":"ListItem","position":3,"name":"CALLIGRAFFITI OTR 084 EMPTY"}]},{"@type":"WebSite","@id":"https:\/\/dev4.devmitsinformatica.com\/en\/#website","url":"https:\/\/dev4.devmitsinformatica.com\/en\/","name":"ULTRAWIDE GRAFFITI SHOP","description":"SPRAY GRAFFITI SHOP CAPS Y ROTULADORES","publisher":{"@id":"https:\/\/dev4.devmitsinformatica.com\/en\/#organization"},"potentialAction":[{"@type":"SearchAction","target":{"@type":"EntryPoint","urlTemplate":"https:\/\/dev4.devmitsinformatica.com\/en\/?s={search_term_string}"},"query-input":{"@type":"PropertyValueSpecification","valueRequired":true,"valueName":"search_term_string"}}],"inLanguage":"en-US"},{"@type":"Organization","@id":"https:\/\/dev4.devmitsinformatica.com\/en\/#organization","name":"ANDEN Graffiti Shop Barcelona","url":"https:\/\/dev4.devmitsinformatica.com\/en\/","logo":{"@type":"ImageObject","inLanguage":"en-US","@id":"https:\/\/dev4.devmitsinformatica.com\/en\/#\/schema\/logo\/image\/","url":"https:\/\/dev4.devmitsinformatica.com\/wp-content\/uploads\/2016\/11\/graffiti-gallery-barcelona.png","contentUrl":"https:\/\/dev4.devmitsinformatica.com\/wp-content\/uploads\/2016\/11\/graffiti-gallery-barcelona.png","width":386,"height":150,"caption":"ANDEN Graffiti Shop Barcelona"},"image":{"@id":"https:\/\/dev4.devmitsinformatica.com\/en\/#\/schema\/logo\/image\/"}}]}},"_links":{"self":[{"href":"https:\/\/dev4.devmitsinformatica.com\/en\/wp-json\/wp\/v2\/product\/5980","targetHints":{"allow":["GET"]}}],"collection":[{"href":"https:\/\/dev4.devmitsinformatica.com\/en\/wp-json\/wp\/v2\/product"}],"about":[{"href":"https:\/\/dev4.devmitsinformatica.com\/en\/wp-json\/wp\/v2\/types\/product"}],"replies":[{"embeddable":true,"href":"https:\/\/dev4.devmitsinformatica.com\/en\/wp-json\/wp\/v2\/comments?post=5980"}],"version-history":[{"count":0,"href":"https:\/\/dev4.devmitsinformatica.com\/en\/wp-json\/wp\/v2\/product\/5980\/revisions"}],"wp:featuredmedia":[{"embeddable":true,"href":"https:\/\/dev4.devmitsinformatica.com\/en\/wp-json\/wp\/v2\/media\/6101"}],"wp:attachment":[{"href":"https:\/\/dev4.devmitsinformatica.com\/en\/wp-json\/wp\/v2\/media?parent=5980"}],"wp:term":[{"taxonomy":"product_brand","embeddable":true,"href":"https:\/\/dev4.devmitsinformatica.com\/en\/wp-json\/wp\/v2\/product_brand?post=5980"},{"taxonomy":"product_cat","embeddable":true,"href":"https:\/\/dev4.devmitsinformatica.com\/en\/wp-json\/wp\/v2\/product_cat?post=5980"},{"taxonomy":"product_tag","embeddable":true,"href":"https:\/\/dev4.devmitsinformatica.com\/en\/wp-json\/wp\/v2\/product_tag?post=5980"}],"curies":[{"name":"wp","href":"https:\/\/api.w.org\/{rel}","templated":true}]}}