{"id":5984,"date":"2018-01-16T17:26:45","date_gmt":"2018-01-16T17:26:45","guid":{"rendered":"https:\/\/dev4.devmitsinformatica.com\/?post_type=product&#038;p=5984"},"modified":"2018-02-10T19:34:05","modified_gmt":"2018-02-10T19:34:05","slug":"soultip-001-squeeze-marker","status":"publish","type":"product","link":"https:\/\/dev4.devmitsinformatica.com\/en\/shop\/graffiti-rotulador-shop-barcelona\/rotuladores-vacios-shop-barcelona\/soultip-001-squeeze-marker\/","title":{"rendered":"SOULTIP 001 SQUEEZE MARKER"},"content":{"rendered":"<p><strong>SOULTIP 001 SQUEEZE MARKER<\/strong>. Marcador vac\u00edo otr 001 soultip, dep\u00f3sito de 125ml y punta redonda de 25mm. perfecto para superficies lisas y diferentes efectos. El <strong>rotulador vac\u00edo<\/strong> On The Run 001 es un rotulador marcador squeezer con punta de pelo de 22mm de di\u00e1metro y 125ml de dep\u00f3sito para rellenar con la stintas o pinturas On The Run o tintas acr\u00edlicas disponibles en el mercado. Este <strong><em>Squeezer<\/em><\/strong> es el mas grande de la marca Alemana y con mayor capacidad para su dep\u00f3sito. Gracias a la densidad del pl\u00e1stico que lo componen permite controlar la salida de tinta ejerciendo mayor o menor presi\u00f3n sobre \u00e9l. Debido a la gran cantidad de tinta\/pintura que puede almacenar recomendamos medir la presi\u00f3n al apretar el marcador ya que podr\u00eda ocasionar que la punta saliera del marcador y derramasemos la tinta pudiendo mancharnos o ocasionando un aparatoso accidente.<\/p>\n<p>La punta de 22mm de pelo denominada punta mohair, es reposicionable y realiza trazos sim\u00e9tricos y redondeados de 22mm. Se recomienda utilizar sobre superf\u00edcies lisas, paredes, chapa, cristal , lienzo, madera&#8230;para un resultado \u00f3ptimo. El Rotulador vac\u00edo Squeezer 001 OTR es un marcador con m\u00faltiples utilidades en el campo del graffiti, muralismo, bellas artes y manualidades. Necesitas un rotulador vac\u00edo? And\u00e9n Barcelona<strong> Graffiti Shop Online<\/strong> y tienda f\u00edsica tiene para ti rotuladores vac\u00edos y rotulador otr 001 squeeze marker.<\/p>\n","protected":false},"excerpt":{"rendered":"<p>Marcador squeezer vac\u00edo de punta redonde de pelo de 22mm y 125ml de dep\u00f3sito para rellenar con tintas, pinturas o alternativos. Rotulador de chorreo ideal para tags en gran formato. Marcadores vers\u00e1tiles cada vez con mas usos dentro de las bellas artes.<\/p>\n","protected":false},"featured_media":6098,"comment_status":"open","ping_status":"closed","template":"","meta":{"site-sidebar-layout":"default","site-content-layout":"","ast-site-content-layout":"default","site-content-style":"default","site-sidebar-style":"default","ast-global-header-display":"","ast-banner-title-visibility":"","ast-main-header-display":"","ast-hfb-above-header-display":"","ast-hfb-below-header-display":"","ast-hfb-mobile-header-display":"","site-post-title":"","ast-breadcrumbs-content":"","ast-featured-img":"","footer-sml-layout":"","ast-disable-related-posts":"","theme-transparent-header-meta":"","adv-header-id-meta":"","stick-header-meta":"","header-above-stick-meta":"","header-main-stick-meta":"","header-below-stick-meta":"","astra-migrate-meta-layouts":"default","ast-page-background-enabled":"default","ast-page-background-meta":{"desktop":{"background-color":"","background-image":"","background-repeat":"repeat","background-position":"center center","background-size":"auto","background-attachment":"scroll","background-type":"","background-media":"","overlay-type":"","overlay-color":"","overlay-opacity":"","overlay-gradient":""},"tablet":{"background-color":"","background-image":"","background-repeat":"repeat","background-position":"center center","background-size":"auto","background-attachment":"scroll","background-type":"","background-media":"","overlay-type":"","overlay-color":"","overlay-opacity":"","overlay-gradient":""},"mobile":{"background-color":"","background-image":"","background-repeat":"repeat","background-position":"center center","background-size":"auto","background-attachment":"scroll","background-type":"","background-media":"","overlay-type":"","overlay-color":"","overlay-opacity":"","overlay-gradient":""}},"ast-content-background-meta":{"desktop":{"background-color":"var(--ast-global-color-5)","background-image":"","background-repeat":"repeat","background-position":"center center","background-size":"auto","background-attachment":"scroll","background-type":"","background-media":"","overlay-type":"","overlay-color":"","overlay-opacity":"","overlay-gradient":""},"tablet":{"background-color":"var(--ast-global-color-5)","background-image":"","background-repeat":"repeat","background-position":"center center","background-size":"auto","background-attachment":"scroll","background-type":"","background-media":"","overlay-type":"","overlay-color":"","overlay-opacity":"","overlay-gradient":""},"mobile":{"background-color":"var(--ast-global-color-5)","background-image":"","background-repeat":"repeat","background-position":"center center","background-size":"auto","background-attachment":"scroll","background-type":"","background-media":"","overlay-type":"","overlay-color":"","overlay-opacity":"","overlay-gradient":""}}},"product_brand":[],"product_cat":[7,976,2804],"product_tag":[3580,3585,2822,2824,2826,2823,2825,2256,2289,799,2821,2827,798],"class_list":{"0":"post-5984","1":"product","2":"type-product","3":"status-publish","4":"has-post-thumbnail","6":"product_cat-graffiti-rotulador-shop-barcelona","7":"product_cat-rotuladores-vacios-shop-barcelona","8":"product_cat-vacios-on-the-run","9":"product_tag-distribuidor-on-the-run-espana","10":"product_tag-distribuidor-otr","11":"product_tag-marcador-chorreo-vacio","12":"product_tag-marcador-punta-pelo","13":"product_tag-marcador-punta-redonda","14":"product_tag-marcador-squeezer-vacio","15":"product_tag-rotulador-mopa","16":"product_tag-rotulador-on-the-run","17":"product_tag-rotulador-para-tags","18":"product_tag-rotulador-vacio","19":"product_tag-squeezer-grande-vacio","20":"product_tag-squeezer-otr","21":"product_tag-vacio-rotulador","22":"desktop-align-left","23":"tablet-align-left","24":"mobile-align-left","26":"first","27":"instock","28":"purchasable","29":"product-type-simple"},"yoast_head":"<!-- This site is optimized with the Yoast SEO plugin v27.0 - https:\/\/yoast.com\/product\/yoast-seo-wordpress\/ -->\n<title>OTR SOULTIP 001 SQUEEZE EMPTY. Rotulador vac\u00edo<\/title>\n<meta name=\"description\" content=\"SOULTIP 001 SQUEEZE MARKER en Barcelona:SOULTIP 001 SQUEEZE MARKER? SOULTIP 001 SQUEEZE MARKER y mas. Arte y Graffiti Shop Barcelona. Spray, Colores, Rotuladores y SOULTIP 001 SQUEEZE MARKER\" \/>\n<meta name=\"robots\" content=\"index, follow, max-snippet:-1, max-image-preview:large, max-video-preview:-1\" \/>\n<link rel=\"canonical\" href=\"https:\/\/dev4.devmitsinformatica.com\/en\/shop\/graffiti-rotulador-shop-barcelona\/rotuladores-vacios-shop-barcelona\/soultip-001-squeeze-marker\/\" \/>\n<meta property=\"og:locale\" content=\"en_US\" \/>\n<meta property=\"og:type\" content=\"article\" \/>\n<meta property=\"og:title\" content=\"OTR SOULTIP 001 SQUEEZE EMPTY. Rotulador vac\u00edo\" \/>\n<meta property=\"og:description\" content=\"SOULTIP 001 SQUEEZE MARKER en Barcelona:SOULTIP 001 SQUEEZE MARKER? SOULTIP 001 SQUEEZE MARKER y mas. Arte y Graffiti Shop Barcelona. Spray, Colores, Rotuladores y SOULTIP 001 SQUEEZE MARKER\" \/>\n<meta property=\"og:url\" content=\"https:\/\/dev4.devmitsinformatica.com\/en\/shop\/graffiti-rotulador-shop-barcelona\/rotuladores-vacios-shop-barcelona\/soultip-001-squeeze-marker\/\" \/>\n<meta property=\"og:site_name\" content=\"ULTRAWIDE GRAFFITI SHOP\" \/>\n<meta property=\"article:modified_time\" content=\"2018-02-10T19:34:05+00:00\" \/>\n<meta property=\"og:image\" content=\"https:\/\/dev4.devmitsinformatica.com\/wp-content\/uploads\/2018\/01\/001-soultip-squeeze-125ml-empty.jpg\" \/>\n\t<meta property=\"og:image:width\" content=\"940\" \/>\n\t<meta property=\"og:image:height\" content=\"940\" \/>\n\t<meta property=\"og:image:type\" content=\"image\/jpeg\" \/>\n<meta name=\"twitter:card\" content=\"summary_large_image\" \/>\n<meta name=\"twitter:label1\" content=\"Est. reading time\" \/>\n\t<meta name=\"twitter:data1\" content=\"1 minute\" \/>\n<script type=\"application\/ld+json\" class=\"yoast-schema-graph\">{\"@context\":\"https:\/\/schema.org\",\"@graph\":[{\"@type\":\"WebPage\",\"@id\":\"https:\/\/dev4.devmitsinformatica.com\/en\/shop\/graffiti-rotulador-shop-barcelona\/rotuladores-vacios-shop-barcelona\/soultip-001-squeeze-marker\/\",\"url\":\"https:\/\/dev4.devmitsinformatica.com\/en\/shop\/graffiti-rotulador-shop-barcelona\/rotuladores-vacios-shop-barcelona\/soultip-001-squeeze-marker\/\",\"name\":\"OTR SOULTIP 001 SQUEEZE EMPTY. Rotulador vac\u00edo\",\"isPartOf\":{\"@id\":\"https:\/\/dev4.devmitsinformatica.com\/en\/#website\"},\"primaryImageOfPage\":{\"@id\":\"https:\/\/dev4.devmitsinformatica.com\/en\/shop\/graffiti-rotulador-shop-barcelona\/rotuladores-vacios-shop-barcelona\/soultip-001-squeeze-marker\/#primaryimage\"},\"image\":{\"@id\":\"https:\/\/dev4.devmitsinformatica.com\/en\/shop\/graffiti-rotulador-shop-barcelona\/rotuladores-vacios-shop-barcelona\/soultip-001-squeeze-marker\/#primaryimage\"},\"thumbnailUrl\":\"https:\/\/dev4.devmitsinformatica.com\/wp-content\/uploads\/2018\/01\/001-soultip-squeeze-125ml-empty.jpg\",\"datePublished\":\"2018-01-16T17:26:45+00:00\",\"dateModified\":\"2018-02-10T19:34:05+00:00\",\"description\":\"SOULTIP 001 SQUEEZE MARKER en Barcelona:SOULTIP 001 SQUEEZE MARKER? SOULTIP 001 SQUEEZE MARKER y mas. Arte y Graffiti Shop Barcelona. Spray, Colores, Rotuladores y SOULTIP 001 SQUEEZE MARKER\",\"breadcrumb\":{\"@id\":\"https:\/\/dev4.devmitsinformatica.com\/en\/shop\/graffiti-rotulador-shop-barcelona\/rotuladores-vacios-shop-barcelona\/soultip-001-squeeze-marker\/#breadcrumb\"},\"inLanguage\":\"en-US\",\"potentialAction\":[{\"@type\":\"ReadAction\",\"target\":[\"https:\/\/dev4.devmitsinformatica.com\/en\/shop\/graffiti-rotulador-shop-barcelona\/rotuladores-vacios-shop-barcelona\/soultip-001-squeeze-marker\/\"]}]},{\"@type\":\"ImageObject\",\"inLanguage\":\"en-US\",\"@id\":\"https:\/\/dev4.devmitsinformatica.com\/en\/shop\/graffiti-rotulador-shop-barcelona\/rotuladores-vacios-shop-barcelona\/soultip-001-squeeze-marker\/#primaryimage\",\"url\":\"https:\/\/dev4.devmitsinformatica.com\/wp-content\/uploads\/2018\/01\/001-soultip-squeeze-125ml-empty.jpg\",\"contentUrl\":\"https:\/\/dev4.devmitsinformatica.com\/wp-content\/uploads\/2018\/01\/001-soultip-squeeze-125ml-empty.jpg\",\"width\":940,\"height\":940,\"caption\":\"Rotulador vac\u00edo grande, rotulador vac\u00edo punta redonda, graffiti rotulador chorreo, chorreador punta de pelo, OTR 001\"},{\"@type\":\"BreadcrumbList\",\"@id\":\"https:\/\/dev4.devmitsinformatica.com\/en\/shop\/graffiti-rotulador-shop-barcelona\/rotuladores-vacios-shop-barcelona\/soultip-001-squeeze-marker\/#breadcrumb\",\"itemListElement\":[{\"@type\":\"ListItem\",\"position\":1,\"name\":\"Home\",\"item\":\"https:\/\/dev4.devmitsinformatica.com\/en\/\"},{\"@type\":\"ListItem\",\"position\":2,\"name\":\"Store\",\"item\":\"https:\/\/dev4.devmitsinformatica.com\/?page_id=38\"},{\"@type\":\"ListItem\",\"position\":3,\"name\":\"SOULTIP 001 SQUEEZE MARKER\"}]},{\"@type\":\"WebSite\",\"@id\":\"https:\/\/dev4.devmitsinformatica.com\/en\/#website\",\"url\":\"https:\/\/dev4.devmitsinformatica.com\/en\/\",\"name\":\"ULTRAWIDE GRAFFITI SHOP\",\"description\":\"SPRAY GRAFFITI SHOP CAPS Y ROTULADORES\",\"publisher\":{\"@id\":\"https:\/\/dev4.devmitsinformatica.com\/en\/#organization\"},\"potentialAction\":[{\"@type\":\"SearchAction\",\"target\":{\"@type\":\"EntryPoint\",\"urlTemplate\":\"https:\/\/dev4.devmitsinformatica.com\/en\/?s={search_term_string}\"},\"query-input\":{\"@type\":\"PropertyValueSpecification\",\"valueRequired\":true,\"valueName\":\"search_term_string\"}}],\"inLanguage\":\"en-US\"},{\"@type\":\"Organization\",\"@id\":\"https:\/\/dev4.devmitsinformatica.com\/en\/#organization\",\"name\":\"ANDEN Graffiti Shop Barcelona\",\"url\":\"https:\/\/dev4.devmitsinformatica.com\/en\/\",\"logo\":{\"@type\":\"ImageObject\",\"inLanguage\":\"en-US\",\"@id\":\"https:\/\/dev4.devmitsinformatica.com\/en\/#\/schema\/logo\/image\/\",\"url\":\"https:\/\/dev4.devmitsinformatica.com\/wp-content\/uploads\/2016\/11\/graffiti-gallery-barcelona.png\",\"contentUrl\":\"https:\/\/dev4.devmitsinformatica.com\/wp-content\/uploads\/2016\/11\/graffiti-gallery-barcelona.png\",\"width\":386,\"height\":150,\"caption\":\"ANDEN Graffiti Shop Barcelona\"},\"image\":{\"@id\":\"https:\/\/dev4.devmitsinformatica.com\/en\/#\/schema\/logo\/image\/\"}}]}<\/script>\n<!-- \/ Yoast SEO plugin. -->","yoast_head_json":{"title":"OTR SOULTIP 001 SQUEEZE EMPTY. Rotulador vac\u00edo","description":"SOULTIP 001 SQUEEZE MARKER en Barcelona:SOULTIP 001 SQUEEZE MARKER? SOULTIP 001 SQUEEZE MARKER y mas. Arte y Graffiti Shop Barcelona. Spray, Colores, Rotuladores y SOULTIP 001 SQUEEZE MARKER","robots":{"index":"index","follow":"follow","max-snippet":"max-snippet:-1","max-image-preview":"max-image-preview:large","max-video-preview":"max-video-preview:-1"},"canonical":"https:\/\/dev4.devmitsinformatica.com\/en\/shop\/graffiti-rotulador-shop-barcelona\/rotuladores-vacios-shop-barcelona\/soultip-001-squeeze-marker\/","og_locale":"en_US","og_type":"article","og_title":"OTR SOULTIP 001 SQUEEZE EMPTY. Rotulador vac\u00edo","og_description":"SOULTIP 001 SQUEEZE MARKER en Barcelona:SOULTIP 001 SQUEEZE MARKER? SOULTIP 001 SQUEEZE MARKER y mas. Arte y Graffiti Shop Barcelona. Spray, Colores, Rotuladores y SOULTIP 001 SQUEEZE MARKER","og_url":"https:\/\/dev4.devmitsinformatica.com\/en\/shop\/graffiti-rotulador-shop-barcelona\/rotuladores-vacios-shop-barcelona\/soultip-001-squeeze-marker\/","og_site_name":"ULTRAWIDE GRAFFITI SHOP","article_modified_time":"2018-02-10T19:34:05+00:00","og_image":[{"width":940,"height":940,"url":"https:\/\/dev4.devmitsinformatica.com\/wp-content\/uploads\/2018\/01\/001-soultip-squeeze-125ml-empty.jpg","type":"image\/jpeg"}],"twitter_card":"summary_large_image","twitter_misc":{"Est. reading time":"1 minute"},"schema":{"@context":"https:\/\/schema.org","@graph":[{"@type":"WebPage","@id":"https:\/\/dev4.devmitsinformatica.com\/en\/shop\/graffiti-rotulador-shop-barcelona\/rotuladores-vacios-shop-barcelona\/soultip-001-squeeze-marker\/","url":"https:\/\/dev4.devmitsinformatica.com\/en\/shop\/graffiti-rotulador-shop-barcelona\/rotuladores-vacios-shop-barcelona\/soultip-001-squeeze-marker\/","name":"OTR SOULTIP 001 SQUEEZE EMPTY. Rotulador vac\u00edo","isPartOf":{"@id":"https:\/\/dev4.devmitsinformatica.com\/en\/#website"},"primaryImageOfPage":{"@id":"https:\/\/dev4.devmitsinformatica.com\/en\/shop\/graffiti-rotulador-shop-barcelona\/rotuladores-vacios-shop-barcelona\/soultip-001-squeeze-marker\/#primaryimage"},"image":{"@id":"https:\/\/dev4.devmitsinformatica.com\/en\/shop\/graffiti-rotulador-shop-barcelona\/rotuladores-vacios-shop-barcelona\/soultip-001-squeeze-marker\/#primaryimage"},"thumbnailUrl":"https:\/\/dev4.devmitsinformatica.com\/wp-content\/uploads\/2018\/01\/001-soultip-squeeze-125ml-empty.jpg","datePublished":"2018-01-16T17:26:45+00:00","dateModified":"2018-02-10T19:34:05+00:00","description":"SOULTIP 001 SQUEEZE MARKER en Barcelona:SOULTIP 001 SQUEEZE MARKER? SOULTIP 001 SQUEEZE MARKER y mas. Arte y Graffiti Shop Barcelona. Spray, Colores, Rotuladores y SOULTIP 001 SQUEEZE MARKER","breadcrumb":{"@id":"https:\/\/dev4.devmitsinformatica.com\/en\/shop\/graffiti-rotulador-shop-barcelona\/rotuladores-vacios-shop-barcelona\/soultip-001-squeeze-marker\/#breadcrumb"},"inLanguage":"en-US","potentialAction":[{"@type":"ReadAction","target":["https:\/\/dev4.devmitsinformatica.com\/en\/shop\/graffiti-rotulador-shop-barcelona\/rotuladores-vacios-shop-barcelona\/soultip-001-squeeze-marker\/"]}]},{"@type":"ImageObject","inLanguage":"en-US","@id":"https:\/\/dev4.devmitsinformatica.com\/en\/shop\/graffiti-rotulador-shop-barcelona\/rotuladores-vacios-shop-barcelona\/soultip-001-squeeze-marker\/#primaryimage","url":"https:\/\/dev4.devmitsinformatica.com\/wp-content\/uploads\/2018\/01\/001-soultip-squeeze-125ml-empty.jpg","contentUrl":"https:\/\/dev4.devmitsinformatica.com\/wp-content\/uploads\/2018\/01\/001-soultip-squeeze-125ml-empty.jpg","width":940,"height":940,"caption":"Rotulador vac\u00edo grande, rotulador vac\u00edo punta redonda, graffiti rotulador chorreo, chorreador punta de pelo, OTR 001"},{"@type":"BreadcrumbList","@id":"https:\/\/dev4.devmitsinformatica.com\/en\/shop\/graffiti-rotulador-shop-barcelona\/rotuladores-vacios-shop-barcelona\/soultip-001-squeeze-marker\/#breadcrumb","itemListElement":[{"@type":"ListItem","position":1,"name":"Home","item":"https:\/\/dev4.devmitsinformatica.com\/en\/"},{"@type":"ListItem","position":2,"name":"Store","item":"https:\/\/dev4.devmitsinformatica.com\/?page_id=38"},{"@type":"ListItem","position":3,"name":"SOULTIP 001 SQUEEZE MARKER"}]},{"@type":"WebSite","@id":"https:\/\/dev4.devmitsinformatica.com\/en\/#website","url":"https:\/\/dev4.devmitsinformatica.com\/en\/","name":"ULTRAWIDE GRAFFITI SHOP","description":"SPRAY GRAFFITI SHOP CAPS Y ROTULADORES","publisher":{"@id":"https:\/\/dev4.devmitsinformatica.com\/en\/#organization"},"potentialAction":[{"@type":"SearchAction","target":{"@type":"EntryPoint","urlTemplate":"https:\/\/dev4.devmitsinformatica.com\/en\/?s={search_term_string}"},"query-input":{"@type":"PropertyValueSpecification","valueRequired":true,"valueName":"search_term_string"}}],"inLanguage":"en-US"},{"@type":"Organization","@id":"https:\/\/dev4.devmitsinformatica.com\/en\/#organization","name":"ANDEN Graffiti Shop Barcelona","url":"https:\/\/dev4.devmitsinformatica.com\/en\/","logo":{"@type":"ImageObject","inLanguage":"en-US","@id":"https:\/\/dev4.devmitsinformatica.com\/en\/#\/schema\/logo\/image\/","url":"https:\/\/dev4.devmitsinformatica.com\/wp-content\/uploads\/2016\/11\/graffiti-gallery-barcelona.png","contentUrl":"https:\/\/dev4.devmitsinformatica.com\/wp-content\/uploads\/2016\/11\/graffiti-gallery-barcelona.png","width":386,"height":150,"caption":"ANDEN Graffiti Shop Barcelona"},"image":{"@id":"https:\/\/dev4.devmitsinformatica.com\/en\/#\/schema\/logo\/image\/"}}]}},"_links":{"self":[{"href":"https:\/\/dev4.devmitsinformatica.com\/en\/wp-json\/wp\/v2\/product\/5984","targetHints":{"allow":["GET"]}}],"collection":[{"href":"https:\/\/dev4.devmitsinformatica.com\/en\/wp-json\/wp\/v2\/product"}],"about":[{"href":"https:\/\/dev4.devmitsinformatica.com\/en\/wp-json\/wp\/v2\/types\/product"}],"replies":[{"embeddable":true,"href":"https:\/\/dev4.devmitsinformatica.com\/en\/wp-json\/wp\/v2\/comments?post=5984"}],"version-history":[{"count":0,"href":"https:\/\/dev4.devmitsinformatica.com\/en\/wp-json\/wp\/v2\/product\/5984\/revisions"}],"wp:featuredmedia":[{"embeddable":true,"href":"https:\/\/dev4.devmitsinformatica.com\/en\/wp-json\/wp\/v2\/media\/6098"}],"wp:attachment":[{"href":"https:\/\/dev4.devmitsinformatica.com\/en\/wp-json\/wp\/v2\/media?parent=5984"}],"wp:term":[{"taxonomy":"product_brand","embeddable":true,"href":"https:\/\/dev4.devmitsinformatica.com\/en\/wp-json\/wp\/v2\/product_brand?post=5984"},{"taxonomy":"product_cat","embeddable":true,"href":"https:\/\/dev4.devmitsinformatica.com\/en\/wp-json\/wp\/v2\/product_cat?post=5984"},{"taxonomy":"product_tag","embeddable":true,"href":"https:\/\/dev4.devmitsinformatica.com\/en\/wp-json\/wp\/v2\/product_tag?post=5984"}],"curies":[{"name":"wp","href":"https:\/\/api.w.org\/{rel}","templated":true}]}}