{"id":5986,"date":"2018-01-16T17:36:25","date_gmt":"2018-01-16T17:36:25","guid":{"rendered":"https:\/\/dev4.devmitsinformatica.com\/?post_type=product&#038;p=5986"},"modified":"2023-10-14T06:58:50","modified_gmt":"2023-10-14T06:58:50","slug":"otr-005-soultip-squeeze-marker","status":"publish","type":"product","link":"https:\/\/dev4.devmitsinformatica.com\/en\/shop\/graffiti-rotulador-shop-barcelona\/rotuladores-vacios-shop-barcelona\/otr-005-soultip-squeeze-marker\/","title":{"rendered":"OTR 005 SOULTIP SQUEEZE MARKER"},"content":{"rendered":"<p>OTR 005 SOULTIP SQUEEZE MARKER ,es el marcador mediano de mayor uso por escritores de graffiti, su punta de pelo de 10mm permite hacer tags de chorreo y pintadas homog\u00e9neas. El <strong>rotulador vac\u00edo<\/strong> On The Run Soultip 005 es el mas utilizado y preferido por los escritores de graffiti, su dep\u00f3sito y tama\u00f1o universal y puntade 10mm redonda de pelo lo convierte en el mas utilizado de la l\u00ednea squeeze para la realizaci\u00f3n de tags.<\/p>\n<p>El rotulador vac\u00edo squeezer soultip 005 tiene un dep\u00f3sito de 30ml rellenable con tintas o pinturas al alcohol o acr\u00edlicas. Su dep\u00f3sito de pl\u00e1stico de media densidad permite apretar el marcador para controlar la salida de tinta en su uso y crear efectos de chorreo. Ultrawide tu tienda de Bellas artes y graffiti dispone de una amplia gama de rotuladores vac\u00edos de las mejores marcas del mercado que cubren sin duda cualquier necesidad que se le presente al artista, graffitero o profesional. Necesitas un <strong>Rotulador Vac\u00edo<\/strong>? Todav\u00eda no dispones del OTR 005 Soultip Vac\u00edo? Ahora puedes comprar tu<strong> rotulador vac\u00edo<\/strong> Squeezer On The Run en nuestra tienda online con envios gratis a toda Espa\u00f1a a partir de 100 euros. Rotuladores vac\u00edos, Squeezers vac\u00edo, On The Run Markers , Montana, Graphmaster&#8230;<\/p>\n","protected":false},"excerpt":{"rendered":"<p>Marcad\u00f3r Squeeze vac\u00edo OTR 005, con punta redonda de pelo de 10mm y dep\u00f3sito de 30ml pararellenar con tintas y pinturas de la marca o productos alternativos para utilizar en bellas artes.<\/p>\n","protected":false},"featured_media":6097,"comment_status":"open","ping_status":"closed","template":"","meta":{"site-sidebar-layout":"default","site-content-layout":"","ast-site-content-layout":"default","site-content-style":"default","site-sidebar-style":"default","ast-global-header-display":"","ast-banner-title-visibility":"","ast-main-header-display":"","ast-hfb-above-header-display":"","ast-hfb-below-header-display":"","ast-hfb-mobile-header-display":"","site-post-title":"","ast-breadcrumbs-content":"","ast-featured-img":"","footer-sml-layout":"","ast-disable-related-posts":"","theme-transparent-header-meta":"","adv-header-id-meta":"","stick-header-meta":"","header-above-stick-meta":"","header-main-stick-meta":"","header-below-stick-meta":"","astra-migrate-meta-layouts":"default","ast-page-background-enabled":"default","ast-page-background-meta":{"desktop":{"background-color":"","background-image":"","background-repeat":"repeat","background-position":"center center","background-size":"auto","background-attachment":"scroll","background-type":"","background-media":"","overlay-type":"","overlay-color":"","overlay-opacity":"","overlay-gradient":""},"tablet":{"background-color":"","background-image":"","background-repeat":"repeat","background-position":"center center","background-size":"auto","background-attachment":"scroll","background-type":"","background-media":"","overlay-type":"","overlay-color":"","overlay-opacity":"","overlay-gradient":""},"mobile":{"background-color":"","background-image":"","background-repeat":"repeat","background-position":"center center","background-size":"auto","background-attachment":"scroll","background-type":"","background-media":"","overlay-type":"","overlay-color":"","overlay-opacity":"","overlay-gradient":""}},"ast-content-background-meta":{"desktop":{"background-color":"var(--ast-global-color-5)","background-image":"","background-repeat":"repeat","background-position":"center center","background-size":"auto","background-attachment":"scroll","background-type":"","background-media":"","overlay-type":"","overlay-color":"","overlay-opacity":"","overlay-gradient":""},"tablet":{"background-color":"var(--ast-global-color-5)","background-image":"","background-repeat":"repeat","background-position":"center center","background-size":"auto","background-attachment":"scroll","background-type":"","background-media":"","overlay-type":"","overlay-color":"","overlay-opacity":"","overlay-gradient":""},"mobile":{"background-color":"var(--ast-global-color-5)","background-image":"","background-repeat":"repeat","background-position":"center center","background-size":"auto","background-attachment":"scroll","background-type":"","background-media":"","overlay-type":"","overlay-color":"","overlay-opacity":"","overlay-gradient":""}}},"product_brand":[],"product_cat":[7,976,2804],"product_tag":[3581,797,3060,3057,3061,3062,3584,3055,3059,3058,2453,799,3056],"class_list":{"0":"post-5986","1":"product","2":"type-product","3":"status-publish","4":"has-post-thumbnail","6":"product_cat-graffiti-rotulador-shop-barcelona","7":"product_cat-rotuladores-vacios-shop-barcelona","8":"product_cat-vacios-on-the-run","9":"product_tag-distribuidor-on-the-run","10":"product_tag-graffiti-rotulador-vacio","11":"product_tag-graffiti-squeezer","12":"product_tag-marcador-squeezer-10mm","13":"product_tag-on-the-run-markers","14":"product_tag-otr","15":"product_tag-otr-espana","16":"product_tag-otr005","17":"product_tag-rotulador-punta-de-pelo-10mm","18":"product_tag-rotulador-rellenable-de-10mm","19":"product_tag-rotulador-squeezer-vacio","20":"product_tag-rotulador-vacio","21":"product_tag-soultip-marker","22":"desktop-align-left","23":"tablet-align-left","24":"mobile-align-left","26":"first","27":"instock","28":"purchasable","29":"product-type-simple"},"yoast_head":"<!-- This site is optimized with the Yoast SEO plugin v27.0 - https:\/\/yoast.com\/product\/yoast-seo-wordpress\/ -->\n<title>OTR 005 SOULTIP SQUEEZE MARKER. Ultrawide Shop Online<\/title>\n<meta name=\"description\" content=\"OTR 005 SOULTIP SQUEEZE MARKER en Barcelona:OTR 005 SOULTIP SQUEEZE MARKER? OTR 005 SOULTIP SQUEEZE MARKER y mas. Arte y Graffiti Shop Barcelona. Spray, Colores, Rotuladores y OTR 005 SOULTIP SQUEEZE MARKER\" \/>\n<meta name=\"robots\" content=\"index, follow, max-snippet:-1, max-image-preview:large, max-video-preview:-1\" \/>\n<link rel=\"canonical\" href=\"https:\/\/dev4.devmitsinformatica.com\/en\/shop\/graffiti-rotulador-shop-barcelona\/rotuladores-vacios-shop-barcelona\/otr-005-soultip-squeeze-marker\/\" \/>\n<meta property=\"og:locale\" content=\"en_US\" \/>\n<meta property=\"og:type\" content=\"article\" \/>\n<meta property=\"og:title\" content=\"OTR 005 SOULTIP SQUEEZE MARKER. Ultrawide Shop Online\" \/>\n<meta property=\"og:description\" content=\"OTR 005 SOULTIP SQUEEZE MARKER en Barcelona:OTR 005 SOULTIP SQUEEZE MARKER? OTR 005 SOULTIP SQUEEZE MARKER y mas. Arte y Graffiti Shop Barcelona. Spray, Colores, Rotuladores y OTR 005 SOULTIP SQUEEZE MARKER\" \/>\n<meta property=\"og:url\" content=\"https:\/\/dev4.devmitsinformatica.com\/en\/shop\/graffiti-rotulador-shop-barcelona\/rotuladores-vacios-shop-barcelona\/otr-005-soultip-squeeze-marker\/\" \/>\n<meta property=\"og:site_name\" content=\"ULTRAWIDE GRAFFITI SHOP\" \/>\n<meta property=\"article:modified_time\" content=\"2023-10-14T06:58:50+00:00\" \/>\n<meta property=\"og:image\" content=\"https:\/\/dev4.devmitsinformatica.com\/wp-content\/uploads\/2018\/01\/On-The-Run-OTR.005-Soultip-Squeeze-Marker-10mm-Empty.jpg\" \/>\n\t<meta property=\"og:image:width\" content=\"1190\" \/>\n\t<meta property=\"og:image:height\" content=\"1190\" \/>\n\t<meta property=\"og:image:type\" content=\"image\/jpeg\" \/>\n<meta name=\"twitter:card\" content=\"summary_large_image\" \/>\n<meta name=\"twitter:label1\" content=\"Est. reading time\" \/>\n\t<meta name=\"twitter:data1\" content=\"1 minute\" \/>\n<script type=\"application\/ld+json\" class=\"yoast-schema-graph\">{\"@context\":\"https:\/\/schema.org\",\"@graph\":[{\"@type\":\"WebPage\",\"@id\":\"https:\/\/dev4.devmitsinformatica.com\/en\/shop\/graffiti-rotulador-shop-barcelona\/rotuladores-vacios-shop-barcelona\/otr-005-soultip-squeeze-marker\/\",\"url\":\"https:\/\/dev4.devmitsinformatica.com\/en\/shop\/graffiti-rotulador-shop-barcelona\/rotuladores-vacios-shop-barcelona\/otr-005-soultip-squeeze-marker\/\",\"name\":\"OTR 005 SOULTIP SQUEEZE MARKER. Ultrawide Shop Online\",\"isPartOf\":{\"@id\":\"https:\/\/dev4.devmitsinformatica.com\/en\/#website\"},\"primaryImageOfPage\":{\"@id\":\"https:\/\/dev4.devmitsinformatica.com\/en\/shop\/graffiti-rotulador-shop-barcelona\/rotuladores-vacios-shop-barcelona\/otr-005-soultip-squeeze-marker\/#primaryimage\"},\"image\":{\"@id\":\"https:\/\/dev4.devmitsinformatica.com\/en\/shop\/graffiti-rotulador-shop-barcelona\/rotuladores-vacios-shop-barcelona\/otr-005-soultip-squeeze-marker\/#primaryimage\"},\"thumbnailUrl\":\"https:\/\/dev4.devmitsinformatica.com\/wp-content\/uploads\/2018\/01\/On-The-Run-OTR.005-Soultip-Squeeze-Marker-10mm-Empty.jpg\",\"datePublished\":\"2018-01-16T17:36:25+00:00\",\"dateModified\":\"2023-10-14T06:58:50+00:00\",\"description\":\"OTR 005 SOULTIP SQUEEZE MARKER en Barcelona:OTR 005 SOULTIP SQUEEZE MARKER? OTR 005 SOULTIP SQUEEZE MARKER y mas. Arte y Graffiti Shop Barcelona. Spray, Colores, Rotuladores y OTR 005 SOULTIP SQUEEZE MARKER\",\"breadcrumb\":{\"@id\":\"https:\/\/dev4.devmitsinformatica.com\/en\/shop\/graffiti-rotulador-shop-barcelona\/rotuladores-vacios-shop-barcelona\/otr-005-soultip-squeeze-marker\/#breadcrumb\"},\"inLanguage\":\"en-US\",\"potentialAction\":[{\"@type\":\"ReadAction\",\"target\":[\"https:\/\/dev4.devmitsinformatica.com\/en\/shop\/graffiti-rotulador-shop-barcelona\/rotuladores-vacios-shop-barcelona\/otr-005-soultip-squeeze-marker\/\"]}]},{\"@type\":\"ImageObject\",\"inLanguage\":\"en-US\",\"@id\":\"https:\/\/dev4.devmitsinformatica.com\/en\/shop\/graffiti-rotulador-shop-barcelona\/rotuladores-vacios-shop-barcelona\/otr-005-soultip-squeeze-marker\/#primaryimage\",\"url\":\"https:\/\/dev4.devmitsinformatica.com\/wp-content\/uploads\/2018\/01\/On-The-Run-OTR.005-Soultip-Squeeze-Marker-10mm-Empty.jpg\",\"contentUrl\":\"https:\/\/dev4.devmitsinformatica.com\/wp-content\/uploads\/2018\/01\/On-The-Run-OTR.005-Soultip-Squeeze-Marker-10mm-Empty.jpg\",\"width\":1190,\"height\":1190,\"caption\":\"10mm marker tip for taggig. Buy On The Run Squeeze marker. Otr 005\"},{\"@type\":\"BreadcrumbList\",\"@id\":\"https:\/\/dev4.devmitsinformatica.com\/en\/shop\/graffiti-rotulador-shop-barcelona\/rotuladores-vacios-shop-barcelona\/otr-005-soultip-squeeze-marker\/#breadcrumb\",\"itemListElement\":[{\"@type\":\"ListItem\",\"position\":1,\"name\":\"Home\",\"item\":\"https:\/\/dev4.devmitsinformatica.com\/en\/\"},{\"@type\":\"ListItem\",\"position\":2,\"name\":\"Store\",\"item\":\"https:\/\/dev4.devmitsinformatica.com\/?page_id=38\"},{\"@type\":\"ListItem\",\"position\":3,\"name\":\"OTR 005 SOULTIP SQUEEZE MARKER\"}]},{\"@type\":\"WebSite\",\"@id\":\"https:\/\/dev4.devmitsinformatica.com\/en\/#website\",\"url\":\"https:\/\/dev4.devmitsinformatica.com\/en\/\",\"name\":\"ULTRAWIDE GRAFFITI SHOP\",\"description\":\"SPRAY GRAFFITI SHOP CAPS Y ROTULADORES\",\"publisher\":{\"@id\":\"https:\/\/dev4.devmitsinformatica.com\/en\/#organization\"},\"potentialAction\":[{\"@type\":\"SearchAction\",\"target\":{\"@type\":\"EntryPoint\",\"urlTemplate\":\"https:\/\/dev4.devmitsinformatica.com\/en\/?s={search_term_string}\"},\"query-input\":{\"@type\":\"PropertyValueSpecification\",\"valueRequired\":true,\"valueName\":\"search_term_string\"}}],\"inLanguage\":\"en-US\"},{\"@type\":\"Organization\",\"@id\":\"https:\/\/dev4.devmitsinformatica.com\/en\/#organization\",\"name\":\"ANDEN Graffiti Shop Barcelona\",\"url\":\"https:\/\/dev4.devmitsinformatica.com\/en\/\",\"logo\":{\"@type\":\"ImageObject\",\"inLanguage\":\"en-US\",\"@id\":\"https:\/\/dev4.devmitsinformatica.com\/en\/#\/schema\/logo\/image\/\",\"url\":\"https:\/\/dev4.devmitsinformatica.com\/wp-content\/uploads\/2016\/11\/graffiti-gallery-barcelona.png\",\"contentUrl\":\"https:\/\/dev4.devmitsinformatica.com\/wp-content\/uploads\/2016\/11\/graffiti-gallery-barcelona.png\",\"width\":386,\"height\":150,\"caption\":\"ANDEN Graffiti Shop Barcelona\"},\"image\":{\"@id\":\"https:\/\/dev4.devmitsinformatica.com\/en\/#\/schema\/logo\/image\/\"}}]}<\/script>\n<!-- \/ Yoast SEO plugin. -->","yoast_head_json":{"title":"OTR 005 SOULTIP SQUEEZE MARKER. Ultrawide Shop Online","description":"OTR 005 SOULTIP SQUEEZE MARKER en Barcelona:OTR 005 SOULTIP SQUEEZE MARKER? OTR 005 SOULTIP SQUEEZE MARKER y mas. Arte y Graffiti Shop Barcelona. Spray, Colores, Rotuladores y OTR 005 SOULTIP SQUEEZE MARKER","robots":{"index":"index","follow":"follow","max-snippet":"max-snippet:-1","max-image-preview":"max-image-preview:large","max-video-preview":"max-video-preview:-1"},"canonical":"https:\/\/dev4.devmitsinformatica.com\/en\/shop\/graffiti-rotulador-shop-barcelona\/rotuladores-vacios-shop-barcelona\/otr-005-soultip-squeeze-marker\/","og_locale":"en_US","og_type":"article","og_title":"OTR 005 SOULTIP SQUEEZE MARKER. Ultrawide Shop Online","og_description":"OTR 005 SOULTIP SQUEEZE MARKER en Barcelona:OTR 005 SOULTIP SQUEEZE MARKER? OTR 005 SOULTIP SQUEEZE MARKER y mas. Arte y Graffiti Shop Barcelona. Spray, Colores, Rotuladores y OTR 005 SOULTIP SQUEEZE MARKER","og_url":"https:\/\/dev4.devmitsinformatica.com\/en\/shop\/graffiti-rotulador-shop-barcelona\/rotuladores-vacios-shop-barcelona\/otr-005-soultip-squeeze-marker\/","og_site_name":"ULTRAWIDE GRAFFITI SHOP","article_modified_time":"2023-10-14T06:58:50+00:00","og_image":[{"width":1190,"height":1190,"url":"https:\/\/dev4.devmitsinformatica.com\/wp-content\/uploads\/2018\/01\/On-The-Run-OTR.005-Soultip-Squeeze-Marker-10mm-Empty.jpg","type":"image\/jpeg"}],"twitter_card":"summary_large_image","twitter_misc":{"Est. reading time":"1 minute"},"schema":{"@context":"https:\/\/schema.org","@graph":[{"@type":"WebPage","@id":"https:\/\/dev4.devmitsinformatica.com\/en\/shop\/graffiti-rotulador-shop-barcelona\/rotuladores-vacios-shop-barcelona\/otr-005-soultip-squeeze-marker\/","url":"https:\/\/dev4.devmitsinformatica.com\/en\/shop\/graffiti-rotulador-shop-barcelona\/rotuladores-vacios-shop-barcelona\/otr-005-soultip-squeeze-marker\/","name":"OTR 005 SOULTIP SQUEEZE MARKER. Ultrawide Shop Online","isPartOf":{"@id":"https:\/\/dev4.devmitsinformatica.com\/en\/#website"},"primaryImageOfPage":{"@id":"https:\/\/dev4.devmitsinformatica.com\/en\/shop\/graffiti-rotulador-shop-barcelona\/rotuladores-vacios-shop-barcelona\/otr-005-soultip-squeeze-marker\/#primaryimage"},"image":{"@id":"https:\/\/dev4.devmitsinformatica.com\/en\/shop\/graffiti-rotulador-shop-barcelona\/rotuladores-vacios-shop-barcelona\/otr-005-soultip-squeeze-marker\/#primaryimage"},"thumbnailUrl":"https:\/\/dev4.devmitsinformatica.com\/wp-content\/uploads\/2018\/01\/On-The-Run-OTR.005-Soultip-Squeeze-Marker-10mm-Empty.jpg","datePublished":"2018-01-16T17:36:25+00:00","dateModified":"2023-10-14T06:58:50+00:00","description":"OTR 005 SOULTIP SQUEEZE MARKER en Barcelona:OTR 005 SOULTIP SQUEEZE MARKER? OTR 005 SOULTIP SQUEEZE MARKER y mas. Arte y Graffiti Shop Barcelona. Spray, Colores, Rotuladores y OTR 005 SOULTIP SQUEEZE MARKER","breadcrumb":{"@id":"https:\/\/dev4.devmitsinformatica.com\/en\/shop\/graffiti-rotulador-shop-barcelona\/rotuladores-vacios-shop-barcelona\/otr-005-soultip-squeeze-marker\/#breadcrumb"},"inLanguage":"en-US","potentialAction":[{"@type":"ReadAction","target":["https:\/\/dev4.devmitsinformatica.com\/en\/shop\/graffiti-rotulador-shop-barcelona\/rotuladores-vacios-shop-barcelona\/otr-005-soultip-squeeze-marker\/"]}]},{"@type":"ImageObject","inLanguage":"en-US","@id":"https:\/\/dev4.devmitsinformatica.com\/en\/shop\/graffiti-rotulador-shop-barcelona\/rotuladores-vacios-shop-barcelona\/otr-005-soultip-squeeze-marker\/#primaryimage","url":"https:\/\/dev4.devmitsinformatica.com\/wp-content\/uploads\/2018\/01\/On-The-Run-OTR.005-Soultip-Squeeze-Marker-10mm-Empty.jpg","contentUrl":"https:\/\/dev4.devmitsinformatica.com\/wp-content\/uploads\/2018\/01\/On-The-Run-OTR.005-Soultip-Squeeze-Marker-10mm-Empty.jpg","width":1190,"height":1190,"caption":"10mm marker tip for taggig. Buy On The Run Squeeze marker. Otr 005"},{"@type":"BreadcrumbList","@id":"https:\/\/dev4.devmitsinformatica.com\/en\/shop\/graffiti-rotulador-shop-barcelona\/rotuladores-vacios-shop-barcelona\/otr-005-soultip-squeeze-marker\/#breadcrumb","itemListElement":[{"@type":"ListItem","position":1,"name":"Home","item":"https:\/\/dev4.devmitsinformatica.com\/en\/"},{"@type":"ListItem","position":2,"name":"Store","item":"https:\/\/dev4.devmitsinformatica.com\/?page_id=38"},{"@type":"ListItem","position":3,"name":"OTR 005 SOULTIP SQUEEZE MARKER"}]},{"@type":"WebSite","@id":"https:\/\/dev4.devmitsinformatica.com\/en\/#website","url":"https:\/\/dev4.devmitsinformatica.com\/en\/","name":"ULTRAWIDE GRAFFITI SHOP","description":"SPRAY GRAFFITI SHOP CAPS Y ROTULADORES","publisher":{"@id":"https:\/\/dev4.devmitsinformatica.com\/en\/#organization"},"potentialAction":[{"@type":"SearchAction","target":{"@type":"EntryPoint","urlTemplate":"https:\/\/dev4.devmitsinformatica.com\/en\/?s={search_term_string}"},"query-input":{"@type":"PropertyValueSpecification","valueRequired":true,"valueName":"search_term_string"}}],"inLanguage":"en-US"},{"@type":"Organization","@id":"https:\/\/dev4.devmitsinformatica.com\/en\/#organization","name":"ANDEN Graffiti Shop Barcelona","url":"https:\/\/dev4.devmitsinformatica.com\/en\/","logo":{"@type":"ImageObject","inLanguage":"en-US","@id":"https:\/\/dev4.devmitsinformatica.com\/en\/#\/schema\/logo\/image\/","url":"https:\/\/dev4.devmitsinformatica.com\/wp-content\/uploads\/2016\/11\/graffiti-gallery-barcelona.png","contentUrl":"https:\/\/dev4.devmitsinformatica.com\/wp-content\/uploads\/2016\/11\/graffiti-gallery-barcelona.png","width":386,"height":150,"caption":"ANDEN Graffiti Shop Barcelona"},"image":{"@id":"https:\/\/dev4.devmitsinformatica.com\/en\/#\/schema\/logo\/image\/"}}]}},"_links":{"self":[{"href":"https:\/\/dev4.devmitsinformatica.com\/en\/wp-json\/wp\/v2\/product\/5986","targetHints":{"allow":["GET"]}}],"collection":[{"href":"https:\/\/dev4.devmitsinformatica.com\/en\/wp-json\/wp\/v2\/product"}],"about":[{"href":"https:\/\/dev4.devmitsinformatica.com\/en\/wp-json\/wp\/v2\/types\/product"}],"replies":[{"embeddable":true,"href":"https:\/\/dev4.devmitsinformatica.com\/en\/wp-json\/wp\/v2\/comments?post=5986"}],"version-history":[{"count":0,"href":"https:\/\/dev4.devmitsinformatica.com\/en\/wp-json\/wp\/v2\/product\/5986\/revisions"}],"wp:featuredmedia":[{"embeddable":true,"href":"https:\/\/dev4.devmitsinformatica.com\/en\/wp-json\/wp\/v2\/media\/6097"}],"wp:attachment":[{"href":"https:\/\/dev4.devmitsinformatica.com\/en\/wp-json\/wp\/v2\/media?parent=5986"}],"wp:term":[{"taxonomy":"product_brand","embeddable":true,"href":"https:\/\/dev4.devmitsinformatica.com\/en\/wp-json\/wp\/v2\/product_brand?post=5986"},{"taxonomy":"product_cat","embeddable":true,"href":"https:\/\/dev4.devmitsinformatica.com\/en\/wp-json\/wp\/v2\/product_cat?post=5986"},{"taxonomy":"product_tag","embeddable":true,"href":"https:\/\/dev4.devmitsinformatica.com\/en\/wp-json\/wp\/v2\/product_tag?post=5986"}],"curies":[{"name":"wp","href":"https:\/\/api.w.org\/{rel}","templated":true}]}}