{"id":5988,"date":"2018-01-16T17:45:30","date_gmt":"2018-01-16T17:45:30","guid":{"rendered":"https:\/\/dev4.devmitsinformatica.com\/?post_type=product&#038;p=5988"},"modified":"2023-10-14T06:56:52","modified_gmt":"2023-10-14T06:56:52","slug":"otr-006-soultip-squeeze-marker","status":"publish","type":"product","link":"https:\/\/dev4.devmitsinformatica.com\/en\/shop\/graffiti-rotulador-shop-barcelona\/rotuladores-vacios-shop-barcelona\/otr-006-soultip-squeeze-marker\/","title":{"rendered":"OTR 006 SOULTIP SQUEEZE MARKER"},"content":{"rendered":"<p>OTR SOULTIP 006, SQUEEZE MARKER,\u00a0 el segundo mas peque\u00f1o de la l\u00ednea squeezer de la marca Alemana. Punta de 5mm y 15ml de carga. El rotulador vac\u00edo On The Run 006 es un rotulador de punta mopa peque\u00f1a con 5mm de di\u00e1metro. La punta de mopa del otr 006 es reposicionable e intercambiable por la punta metal steelball ya qque posee la misma medida. El rotulador vac\u00edo otr soultip 006 es el hemano mayor del on the run soultip 007 con un dep\u00f3sito ligeramente mas grande de 5ml de capacidad, 15ml en total. Este rotulador vac\u00edo se puede rellenar con cualquier tinta del mercado aunque recomendamos las tintas y pinturas on the run para conseguir un acabado totalmente opaco. Su dep\u00f3sit como el de la l\u00ednea squeezer de la marca alemana es de pl\u00e1stico de media densidad lo que permite apretar para controlar la salida de tinta y conseguir de esta manera el acabado deseado o chorreo. OTR 006 SOULTIP SQUEEZE MARKER.<\/p>\n<p>Ultrawide es distribuidor exclusivo oficial de la marca Alemana creada en 1990 On The Run Markers. Si necesitas rotuladores vac\u00edos, ahora puedes comprar online rotuladores vac\u00edos con envio gratis a partir de 100 euros en nuestra graffiti shop online andenbarcelona.com o visitarnos en nuestra tienda f\u00edsica.<\/p>\n","protected":false},"excerpt":{"rendered":"<p>Marcador vac\u00edo Soultip Squeeze de 15ml de dep\u00f3sito y punta de esponja de 5mm de di\u00e1metro. Marcador rellenable y puntas reposicionables para tags o bellas artes. Muy f\u00e1cil de transportar en cualquier mini bolsillo.<\/p>\n","protected":false},"featured_media":6096,"comment_status":"open","ping_status":"closed","template":"","meta":{"site-sidebar-layout":"default","site-content-layout":"","ast-site-content-layout":"default","site-content-style":"default","site-sidebar-style":"default","ast-global-header-display":"","ast-banner-title-visibility":"","ast-main-header-display":"","ast-hfb-above-header-display":"","ast-hfb-below-header-display":"","ast-hfb-mobile-header-display":"","site-post-title":"","ast-breadcrumbs-content":"","ast-featured-img":"","footer-sml-layout":"","ast-disable-related-posts":"","theme-transparent-header-meta":"","adv-header-id-meta":"","stick-header-meta":"","header-above-stick-meta":"","header-main-stick-meta":"","header-below-stick-meta":"","astra-migrate-meta-layouts":"default","ast-page-background-enabled":"default","ast-page-background-meta":{"desktop":{"background-color":"","background-image":"","background-repeat":"repeat","background-position":"center center","background-size":"auto","background-attachment":"scroll","background-type":"","background-media":"","overlay-type":"","overlay-color":"","overlay-opacity":"","overlay-gradient":""},"tablet":{"background-color":"","background-image":"","background-repeat":"repeat","background-position":"center center","background-size":"auto","background-attachment":"scroll","background-type":"","background-media":"","overlay-type":"","overlay-color":"","overlay-opacity":"","overlay-gradient":""},"mobile":{"background-color":"","background-image":"","background-repeat":"repeat","background-position":"center center","background-size":"auto","background-attachment":"scroll","background-type":"","background-media":"","overlay-type":"","overlay-color":"","overlay-opacity":"","overlay-gradient":""}},"ast-content-background-meta":{"desktop":{"background-color":"var(--ast-global-color-5)","background-image":"","background-repeat":"repeat","background-position":"center center","background-size":"auto","background-attachment":"scroll","background-type":"","background-media":"","overlay-type":"","overlay-color":"","overlay-opacity":"","overlay-gradient":""},"tablet":{"background-color":"var(--ast-global-color-5)","background-image":"","background-repeat":"repeat","background-position":"center center","background-size":"auto","background-attachment":"scroll","background-type":"","background-media":"","overlay-type":"","overlay-color":"","overlay-opacity":"","overlay-gradient":""},"mobile":{"background-color":"var(--ast-global-color-5)","background-image":"","background-repeat":"repeat","background-position":"center center","background-size":"auto","background-attachment":"scroll","background-type":"","background-media":"","overlay-type":"","overlay-color":"","overlay-opacity":"","overlay-gradient":""}}},"product_brand":[],"product_cat":[7,976,2804],"product_tag":[2832,2807,2831,3583,2833,2828,2344,3582,2830,2829,2666],"class_list":{"0":"post-5988","1":"product","2":"type-product","3":"status-publish","4":"has-post-thumbnail","6":"product_cat-graffiti-rotulador-shop-barcelona","7":"product_cat-rotuladores-vacios-shop-barcelona","8":"product_cat-vacios-on-the-run","9":"product_tag-chorreador-pequeno","10":"product_tag-marcador-otr","11":"product_tag-marcador-punta-esponja","12":"product_tag-on-the-run-espana","13":"product_tag-on-the-run-squeezers","14":"product_tag-otr-0006","15":"product_tag-rotuladores-on-the-run","16":"product_tag-rotuladores-vacios","17":"product_tag-squeezer-5mm","18":"product_tag-squeezer-dini","19":"product_tag-squeezer-pequeno","20":"desktop-align-left","21":"tablet-align-left","22":"mobile-align-left","24":"first","25":"instock","26":"purchasable","27":"product-type-simple"},"yoast_head":"<!-- This site is optimized with the Yoast SEO plugin v27.0 - https:\/\/yoast.com\/product\/yoast-seo-wordpress\/ -->\n<title>OTR 006 SOULTIP SQUEEZE MARKER. Ultrawide<\/title>\n<meta name=\"description\" content=\"OTR 006 SOULTIP SQUEEZE MARKER en Barcelona:OTR 006 SOULTIP SQUEEZE MARKER? OTR 006 SOULTIP SQUEEZE MARKER y mas. Arte y Graffiti Shop Barcelona. Spray, Colores, Rotuladores y OTR 006 SOULTIP SQUEEZE MARKER\" \/>\n<meta name=\"robots\" content=\"index, follow, max-snippet:-1, max-image-preview:large, max-video-preview:-1\" \/>\n<link rel=\"canonical\" href=\"https:\/\/dev4.devmitsinformatica.com\/en\/shop\/graffiti-rotulador-shop-barcelona\/rotuladores-vacios-shop-barcelona\/otr-006-soultip-squeeze-marker\/\" \/>\n<meta property=\"og:locale\" content=\"en_US\" \/>\n<meta property=\"og:type\" content=\"article\" \/>\n<meta property=\"og:title\" content=\"OTR 006 SOULTIP SQUEEZE MARKER. Ultrawide\" \/>\n<meta property=\"og:description\" content=\"OTR 006 SOULTIP SQUEEZE MARKER en Barcelona:OTR 006 SOULTIP SQUEEZE MARKER? OTR 006 SOULTIP SQUEEZE MARKER y mas. Arte y Graffiti Shop Barcelona. Spray, Colores, Rotuladores y OTR 006 SOULTIP SQUEEZE MARKER\" \/>\n<meta property=\"og:url\" content=\"https:\/\/dev4.devmitsinformatica.com\/en\/shop\/graffiti-rotulador-shop-barcelona\/rotuladores-vacios-shop-barcelona\/otr-006-soultip-squeeze-marker\/\" \/>\n<meta property=\"og:site_name\" content=\"ULTRAWIDE GRAFFITI SHOP\" \/>\n<meta property=\"article:modified_time\" content=\"2023-10-14T06:56:52+00:00\" \/>\n<meta property=\"og:image\" content=\"https:\/\/dev4.devmitsinformatica.com\/wp-content\/uploads\/2018\/01\/On-The-Run-OTR.006-Soultip-Squeeze-Marker-5mm-Empty.jpg\" \/>\n\t<meta property=\"og:image:width\" content=\"1190\" \/>\n\t<meta property=\"og:image:height\" content=\"1190\" \/>\n\t<meta property=\"og:image:type\" content=\"image\/jpeg\" \/>\n<meta name=\"twitter:card\" content=\"summary_large_image\" \/>\n<meta name=\"twitter:label1\" content=\"Est. reading time\" \/>\n\t<meta name=\"twitter:data1\" content=\"1 minute\" \/>\n<script type=\"application\/ld+json\" class=\"yoast-schema-graph\">{\"@context\":\"https:\/\/schema.org\",\"@graph\":[{\"@type\":\"WebPage\",\"@id\":\"https:\/\/dev4.devmitsinformatica.com\/en\/shop\/graffiti-rotulador-shop-barcelona\/rotuladores-vacios-shop-barcelona\/otr-006-soultip-squeeze-marker\/\",\"url\":\"https:\/\/dev4.devmitsinformatica.com\/en\/shop\/graffiti-rotulador-shop-barcelona\/rotuladores-vacios-shop-barcelona\/otr-006-soultip-squeeze-marker\/\",\"name\":\"OTR 006 SOULTIP SQUEEZE MARKER. Ultrawide\",\"isPartOf\":{\"@id\":\"https:\/\/dev4.devmitsinformatica.com\/en\/#website\"},\"primaryImageOfPage\":{\"@id\":\"https:\/\/dev4.devmitsinformatica.com\/en\/shop\/graffiti-rotulador-shop-barcelona\/rotuladores-vacios-shop-barcelona\/otr-006-soultip-squeeze-marker\/#primaryimage\"},\"image\":{\"@id\":\"https:\/\/dev4.devmitsinformatica.com\/en\/shop\/graffiti-rotulador-shop-barcelona\/rotuladores-vacios-shop-barcelona\/otr-006-soultip-squeeze-marker\/#primaryimage\"},\"thumbnailUrl\":\"https:\/\/dev4.devmitsinformatica.com\/wp-content\/uploads\/2018\/01\/On-The-Run-OTR.006-Soultip-Squeeze-Marker-5mm-Empty.jpg\",\"datePublished\":\"2018-01-16T17:45:30+00:00\",\"dateModified\":\"2023-10-14T06:56:52+00:00\",\"description\":\"OTR 006 SOULTIP SQUEEZE MARKER en Barcelona:OTR 006 SOULTIP SQUEEZE MARKER? OTR 006 SOULTIP SQUEEZE MARKER y mas. Arte y Graffiti Shop Barcelona. Spray, Colores, Rotuladores y OTR 006 SOULTIP SQUEEZE MARKER\",\"breadcrumb\":{\"@id\":\"https:\/\/dev4.devmitsinformatica.com\/en\/shop\/graffiti-rotulador-shop-barcelona\/rotuladores-vacios-shop-barcelona\/otr-006-soultip-squeeze-marker\/#breadcrumb\"},\"inLanguage\":\"en-US\",\"potentialAction\":[{\"@type\":\"ReadAction\",\"target\":[\"https:\/\/dev4.devmitsinformatica.com\/en\/shop\/graffiti-rotulador-shop-barcelona\/rotuladores-vacios-shop-barcelona\/otr-006-soultip-squeeze-marker\/\"]}]},{\"@type\":\"ImageObject\",\"inLanguage\":\"en-US\",\"@id\":\"https:\/\/dev4.devmitsinformatica.com\/en\/shop\/graffiti-rotulador-shop-barcelona\/rotuladores-vacios-shop-barcelona\/otr-006-soultip-squeeze-marker\/#primaryimage\",\"url\":\"https:\/\/dev4.devmitsinformatica.com\/wp-content\/uploads\/2018\/01\/On-The-Run-OTR.006-Soultip-Squeeze-Marker-5mm-Empty.jpg\",\"contentUrl\":\"https:\/\/dev4.devmitsinformatica.com\/wp-content\/uploads\/2018\/01\/On-The-Run-OTR.006-Soultip-Squeeze-Marker-5mm-Empty.jpg\",\"width\":1190,\"height\":1190,\"caption\":\"On the run soultip 006, Empty soultip marker 006 of 6mm tip.\"},{\"@type\":\"BreadcrumbList\",\"@id\":\"https:\/\/dev4.devmitsinformatica.com\/en\/shop\/graffiti-rotulador-shop-barcelona\/rotuladores-vacios-shop-barcelona\/otr-006-soultip-squeeze-marker\/#breadcrumb\",\"itemListElement\":[{\"@type\":\"ListItem\",\"position\":1,\"name\":\"Home\",\"item\":\"https:\/\/dev4.devmitsinformatica.com\/en\/\"},{\"@type\":\"ListItem\",\"position\":2,\"name\":\"Store\",\"item\":\"https:\/\/dev4.devmitsinformatica.com\/?page_id=38\"},{\"@type\":\"ListItem\",\"position\":3,\"name\":\"OTR 006 SOULTIP SQUEEZE MARKER\"}]},{\"@type\":\"WebSite\",\"@id\":\"https:\/\/dev4.devmitsinformatica.com\/en\/#website\",\"url\":\"https:\/\/dev4.devmitsinformatica.com\/en\/\",\"name\":\"ULTRAWIDE GRAFFITI SHOP\",\"description\":\"SPRAY GRAFFITI SHOP CAPS Y ROTULADORES\",\"publisher\":{\"@id\":\"https:\/\/dev4.devmitsinformatica.com\/en\/#organization\"},\"potentialAction\":[{\"@type\":\"SearchAction\",\"target\":{\"@type\":\"EntryPoint\",\"urlTemplate\":\"https:\/\/dev4.devmitsinformatica.com\/en\/?s={search_term_string}\"},\"query-input\":{\"@type\":\"PropertyValueSpecification\",\"valueRequired\":true,\"valueName\":\"search_term_string\"}}],\"inLanguage\":\"en-US\"},{\"@type\":\"Organization\",\"@id\":\"https:\/\/dev4.devmitsinformatica.com\/en\/#organization\",\"name\":\"ANDEN Graffiti Shop Barcelona\",\"url\":\"https:\/\/dev4.devmitsinformatica.com\/en\/\",\"logo\":{\"@type\":\"ImageObject\",\"inLanguage\":\"en-US\",\"@id\":\"https:\/\/dev4.devmitsinformatica.com\/en\/#\/schema\/logo\/image\/\",\"url\":\"https:\/\/dev4.devmitsinformatica.com\/wp-content\/uploads\/2016\/11\/graffiti-gallery-barcelona.png\",\"contentUrl\":\"https:\/\/dev4.devmitsinformatica.com\/wp-content\/uploads\/2016\/11\/graffiti-gallery-barcelona.png\",\"width\":386,\"height\":150,\"caption\":\"ANDEN Graffiti Shop Barcelona\"},\"image\":{\"@id\":\"https:\/\/dev4.devmitsinformatica.com\/en\/#\/schema\/logo\/image\/\"}}]}<\/script>\n<!-- \/ Yoast SEO plugin. -->","yoast_head_json":{"title":"OTR 006 SOULTIP SQUEEZE MARKER. Ultrawide","description":"OTR 006 SOULTIP SQUEEZE MARKER en Barcelona:OTR 006 SOULTIP SQUEEZE MARKER? OTR 006 SOULTIP SQUEEZE MARKER y mas. Arte y Graffiti Shop Barcelona. Spray, Colores, Rotuladores y OTR 006 SOULTIP SQUEEZE MARKER","robots":{"index":"index","follow":"follow","max-snippet":"max-snippet:-1","max-image-preview":"max-image-preview:large","max-video-preview":"max-video-preview:-1"},"canonical":"https:\/\/dev4.devmitsinformatica.com\/en\/shop\/graffiti-rotulador-shop-barcelona\/rotuladores-vacios-shop-barcelona\/otr-006-soultip-squeeze-marker\/","og_locale":"en_US","og_type":"article","og_title":"OTR 006 SOULTIP SQUEEZE MARKER. Ultrawide","og_description":"OTR 006 SOULTIP SQUEEZE MARKER en Barcelona:OTR 006 SOULTIP SQUEEZE MARKER? OTR 006 SOULTIP SQUEEZE MARKER y mas. Arte y Graffiti Shop Barcelona. Spray, Colores, Rotuladores y OTR 006 SOULTIP SQUEEZE MARKER","og_url":"https:\/\/dev4.devmitsinformatica.com\/en\/shop\/graffiti-rotulador-shop-barcelona\/rotuladores-vacios-shop-barcelona\/otr-006-soultip-squeeze-marker\/","og_site_name":"ULTRAWIDE GRAFFITI SHOP","article_modified_time":"2023-10-14T06:56:52+00:00","og_image":[{"width":1190,"height":1190,"url":"https:\/\/dev4.devmitsinformatica.com\/wp-content\/uploads\/2018\/01\/On-The-Run-OTR.006-Soultip-Squeeze-Marker-5mm-Empty.jpg","type":"image\/jpeg"}],"twitter_card":"summary_large_image","twitter_misc":{"Est. reading time":"1 minute"},"schema":{"@context":"https:\/\/schema.org","@graph":[{"@type":"WebPage","@id":"https:\/\/dev4.devmitsinformatica.com\/en\/shop\/graffiti-rotulador-shop-barcelona\/rotuladores-vacios-shop-barcelona\/otr-006-soultip-squeeze-marker\/","url":"https:\/\/dev4.devmitsinformatica.com\/en\/shop\/graffiti-rotulador-shop-barcelona\/rotuladores-vacios-shop-barcelona\/otr-006-soultip-squeeze-marker\/","name":"OTR 006 SOULTIP SQUEEZE MARKER. Ultrawide","isPartOf":{"@id":"https:\/\/dev4.devmitsinformatica.com\/en\/#website"},"primaryImageOfPage":{"@id":"https:\/\/dev4.devmitsinformatica.com\/en\/shop\/graffiti-rotulador-shop-barcelona\/rotuladores-vacios-shop-barcelona\/otr-006-soultip-squeeze-marker\/#primaryimage"},"image":{"@id":"https:\/\/dev4.devmitsinformatica.com\/en\/shop\/graffiti-rotulador-shop-barcelona\/rotuladores-vacios-shop-barcelona\/otr-006-soultip-squeeze-marker\/#primaryimage"},"thumbnailUrl":"https:\/\/dev4.devmitsinformatica.com\/wp-content\/uploads\/2018\/01\/On-The-Run-OTR.006-Soultip-Squeeze-Marker-5mm-Empty.jpg","datePublished":"2018-01-16T17:45:30+00:00","dateModified":"2023-10-14T06:56:52+00:00","description":"OTR 006 SOULTIP SQUEEZE MARKER en Barcelona:OTR 006 SOULTIP SQUEEZE MARKER? OTR 006 SOULTIP SQUEEZE MARKER y mas. Arte y Graffiti Shop Barcelona. Spray, Colores, Rotuladores y OTR 006 SOULTIP SQUEEZE MARKER","breadcrumb":{"@id":"https:\/\/dev4.devmitsinformatica.com\/en\/shop\/graffiti-rotulador-shop-barcelona\/rotuladores-vacios-shop-barcelona\/otr-006-soultip-squeeze-marker\/#breadcrumb"},"inLanguage":"en-US","potentialAction":[{"@type":"ReadAction","target":["https:\/\/dev4.devmitsinformatica.com\/en\/shop\/graffiti-rotulador-shop-barcelona\/rotuladores-vacios-shop-barcelona\/otr-006-soultip-squeeze-marker\/"]}]},{"@type":"ImageObject","inLanguage":"en-US","@id":"https:\/\/dev4.devmitsinformatica.com\/en\/shop\/graffiti-rotulador-shop-barcelona\/rotuladores-vacios-shop-barcelona\/otr-006-soultip-squeeze-marker\/#primaryimage","url":"https:\/\/dev4.devmitsinformatica.com\/wp-content\/uploads\/2018\/01\/On-The-Run-OTR.006-Soultip-Squeeze-Marker-5mm-Empty.jpg","contentUrl":"https:\/\/dev4.devmitsinformatica.com\/wp-content\/uploads\/2018\/01\/On-The-Run-OTR.006-Soultip-Squeeze-Marker-5mm-Empty.jpg","width":1190,"height":1190,"caption":"On the run soultip 006, Empty soultip marker 006 of 6mm tip."},{"@type":"BreadcrumbList","@id":"https:\/\/dev4.devmitsinformatica.com\/en\/shop\/graffiti-rotulador-shop-barcelona\/rotuladores-vacios-shop-barcelona\/otr-006-soultip-squeeze-marker\/#breadcrumb","itemListElement":[{"@type":"ListItem","position":1,"name":"Home","item":"https:\/\/dev4.devmitsinformatica.com\/en\/"},{"@type":"ListItem","position":2,"name":"Store","item":"https:\/\/dev4.devmitsinformatica.com\/?page_id=38"},{"@type":"ListItem","position":3,"name":"OTR 006 SOULTIP SQUEEZE MARKER"}]},{"@type":"WebSite","@id":"https:\/\/dev4.devmitsinformatica.com\/en\/#website","url":"https:\/\/dev4.devmitsinformatica.com\/en\/","name":"ULTRAWIDE GRAFFITI SHOP","description":"SPRAY GRAFFITI SHOP CAPS Y ROTULADORES","publisher":{"@id":"https:\/\/dev4.devmitsinformatica.com\/en\/#organization"},"potentialAction":[{"@type":"SearchAction","target":{"@type":"EntryPoint","urlTemplate":"https:\/\/dev4.devmitsinformatica.com\/en\/?s={search_term_string}"},"query-input":{"@type":"PropertyValueSpecification","valueRequired":true,"valueName":"search_term_string"}}],"inLanguage":"en-US"},{"@type":"Organization","@id":"https:\/\/dev4.devmitsinformatica.com\/en\/#organization","name":"ANDEN Graffiti Shop Barcelona","url":"https:\/\/dev4.devmitsinformatica.com\/en\/","logo":{"@type":"ImageObject","inLanguage":"en-US","@id":"https:\/\/dev4.devmitsinformatica.com\/en\/#\/schema\/logo\/image\/","url":"https:\/\/dev4.devmitsinformatica.com\/wp-content\/uploads\/2016\/11\/graffiti-gallery-barcelona.png","contentUrl":"https:\/\/dev4.devmitsinformatica.com\/wp-content\/uploads\/2016\/11\/graffiti-gallery-barcelona.png","width":386,"height":150,"caption":"ANDEN Graffiti Shop Barcelona"},"image":{"@id":"https:\/\/dev4.devmitsinformatica.com\/en\/#\/schema\/logo\/image\/"}}]}},"_links":{"self":[{"href":"https:\/\/dev4.devmitsinformatica.com\/en\/wp-json\/wp\/v2\/product\/5988","targetHints":{"allow":["GET"]}}],"collection":[{"href":"https:\/\/dev4.devmitsinformatica.com\/en\/wp-json\/wp\/v2\/product"}],"about":[{"href":"https:\/\/dev4.devmitsinformatica.com\/en\/wp-json\/wp\/v2\/types\/product"}],"replies":[{"embeddable":true,"href":"https:\/\/dev4.devmitsinformatica.com\/en\/wp-json\/wp\/v2\/comments?post=5988"}],"version-history":[{"count":0,"href":"https:\/\/dev4.devmitsinformatica.com\/en\/wp-json\/wp\/v2\/product\/5988\/revisions"}],"wp:featuredmedia":[{"embeddable":true,"href":"https:\/\/dev4.devmitsinformatica.com\/en\/wp-json\/wp\/v2\/media\/6096"}],"wp:attachment":[{"href":"https:\/\/dev4.devmitsinformatica.com\/en\/wp-json\/wp\/v2\/media?parent=5988"}],"wp:term":[{"taxonomy":"product_brand","embeddable":true,"href":"https:\/\/dev4.devmitsinformatica.com\/en\/wp-json\/wp\/v2\/product_brand?post=5988"},{"taxonomy":"product_cat","embeddable":true,"href":"https:\/\/dev4.devmitsinformatica.com\/en\/wp-json\/wp\/v2\/product_cat?post=5988"},{"taxonomy":"product_tag","embeddable":true,"href":"https:\/\/dev4.devmitsinformatica.com\/en\/wp-json\/wp\/v2\/product_tag?post=5988"}],"curies":[{"name":"wp","href":"https:\/\/api.w.org\/{rel}","templated":true}]}}