{"id":5992,"date":"2018-01-16T18:10:30","date_gmt":"2018-01-16T18:10:30","guid":{"rendered":"https:\/\/dev4.devmitsinformatica.com\/?post_type=product&#038;p=5992"},"modified":"2023-10-13T17:54:14","modified_gmt":"2023-10-13T17:54:14","slug":"otr-007-soultip-squeeze-marker","status":"publish","type":"product","link":"https:\/\/dev4.devmitsinformatica.com\/en\/shop\/graffiti-rotulador-shop-barcelona\/rotuladores-vacios-shop-barcelona\/otr-007-soultip-squeeze-marker\/","title":{"rendered":"OTR 007 SOULTIP SQUEEZE"},"content":{"rendered":"<p><em><strong>OTR 007 SOULTIP SQUEEZE<\/strong><\/em> MARKER. Marcador Squeeze Soultip On The Run 007, mini squeezer de 5mm de punta esponja redonda. Puntas reposicionables e intercambiables. El Soultip 007 se presenta como un mini rotulador con punta de esponja que podemos reponer e intercambiar por la punta de metal del 007 STEELBALL, su tama\u00f1o y sistema de cierre mediante tap\u00f3n de rosca lo convierte en un rotulador muy f\u00e1cil de llevar en cualquier parte, en el bolsillo peque\u00f1o de tu pantal\u00f3n, en tu bolso o en cualquier recoveco. El marcador se presenta vac\u00edo con un dep\u00f3sito de 10ml que es posible rellenar con cualquier tinta o pintura on the run o acr\u00edlica tipo Montana Acrylic de montana cans. El <strong>OTR 007 Soultip<\/strong> es el marcador vac\u00edo mas peque\u00f1o de la marca Alemana muy utilizado para tags o trabajos de bellas artes y manualidades que requieren de un trazo fino y sim\u00e9trico . El marcador <strong>On The Run Soultip 007<\/strong>, permite realizar trazos firmes sobre superf\u00edcies lisas o acabados de chorreo si presionamos y su dep\u00f3sito para una mayor salida de tinta \/ pintura. Todavia no tienes tu Otr Squeezer 007? Ultrawide es tu tienda online para<em><strong> comprar otr 007 Soultip Online<\/strong><\/em>. Visitanos en nuestra tienda f\u00edsica y conoce los productos que te presenta la marca Alemana o pidenos online con envio gratis a partir de 100 euros para toda Espa\u00f1a.<\/p>\n<p>Ultrawide es tu distribuidor Oficial Exclusivo de materiales de <em>graffiti. Multidistribuidor<\/em> de productos para graffiti de las mejores marcas del mercado entre ellas <strong>On The Run Markers<\/strong>.<\/p>\n","protected":false},"excerpt":{"rendered":"<p>El peque\u00f1o de la fam\u00edlia OTR, el soultip 007 es un marcador de esponja de 5mm de punta y un dep\u00f3sito de 10ml. Rellenable con la l\u00ednea de tintas y pinturas de la marca o alternativas. Marcador peque\u00f1o del tama\u00f1o de un pintalabios, muy f\u00e1cil de transportar y de m\u00faltiples utilidades.<\/p>\n","protected":false},"featured_media":6094,"comment_status":"open","ping_status":"closed","template":"","meta":{"site-sidebar-layout":"default","site-content-layout":"","ast-site-content-layout":"default","site-content-style":"default","site-sidebar-style":"default","ast-global-header-display":"","ast-banner-title-visibility":"","ast-main-header-display":"","ast-hfb-above-header-display":"","ast-hfb-below-header-display":"","ast-hfb-mobile-header-display":"","site-post-title":"","ast-breadcrumbs-content":"","ast-featured-img":"","footer-sml-layout":"","ast-disable-related-posts":"","theme-transparent-header-meta":"","adv-header-id-meta":"","stick-header-meta":"","header-above-stick-meta":"","header-main-stick-meta":"","header-below-stick-meta":"","astra-migrate-meta-layouts":"default","ast-page-background-enabled":"default","ast-page-background-meta":{"desktop":{"background-color":"","background-image":"","background-repeat":"repeat","background-position":"center center","background-size":"auto","background-attachment":"scroll","background-type":"","background-media":"","overlay-type":"","overlay-color":"","overlay-opacity":"","overlay-gradient":""},"tablet":{"background-color":"","background-image":"","background-repeat":"repeat","background-position":"center center","background-size":"auto","background-attachment":"scroll","background-type":"","background-media":"","overlay-type":"","overlay-color":"","overlay-opacity":"","overlay-gradient":""},"mobile":{"background-color":"","background-image":"","background-repeat":"repeat","background-position":"center center","background-size":"auto","background-attachment":"scroll","background-type":"","background-media":"","overlay-type":"","overlay-color":"","overlay-opacity":"","overlay-gradient":""}},"ast-content-background-meta":{"desktop":{"background-color":"var(--ast-global-color-5)","background-image":"","background-repeat":"repeat","background-position":"center center","background-size":"auto","background-attachment":"scroll","background-type":"","background-media":"","overlay-type":"","overlay-color":"","overlay-opacity":"","overlay-gradient":""},"tablet":{"background-color":"var(--ast-global-color-5)","background-image":"","background-repeat":"repeat","background-position":"center center","background-size":"auto","background-attachment":"scroll","background-type":"","background-media":"","overlay-type":"","overlay-color":"","overlay-opacity":"","overlay-gradient":""},"mobile":{"background-color":"var(--ast-global-color-5)","background-image":"","background-repeat":"repeat","background-position":"center center","background-size":"auto","background-attachment":"scroll","background-type":"","background-media":"","overlay-type":"","overlay-color":"","overlay-opacity":"","overlay-gradient":""}}},"product_brand":[],"product_cat":[7,976,2804],"product_tag":[3580,2849,2848,2843,2341,2842,2845,2294,2844,2850,2847,2846],"class_list":{"0":"post-5992","1":"product","2":"type-product","3":"status-publish","4":"has-post-thumbnail","6":"product_cat-graffiti-rotulador-shop-barcelona","7":"product_cat-rotuladores-vacios-shop-barcelona","8":"product_cat-vacios-on-the-run","9":"product_tag-distribuidor-on-the-run-espana","10":"product_tag-marcador-5mm","11":"product_tag-marcador-de-esponja","12":"product_tag-mini-chorreador","13":"product_tag-mini-marker","14":"product_tag-mini-squeezer-marker","15":"product_tag-on-the-run-mini-marker","16":"product_tag-otr-mini","17":"product_tag-rotulador-esponja-mini","18":"product_tag-rotulador-vacio-bellas-artes","19":"product_tag-soultip-007","20":"product_tag-soultip-mini","21":"desktop-align-left","22":"tablet-align-left","23":"mobile-align-left","25":"first","26":"instock","27":"purchasable","28":"product-type-simple"},"yoast_head":"<!-- This site is optimized with the Yoast SEO plugin v27.0 - https:\/\/yoast.com\/product\/yoast-seo-wordpress\/ -->\n<title>OTR 007 SOULTIP SQUEEZE MARKER Ultrawide Graffiti Shop<\/title>\n<meta name=\"description\" content=\"OTR 007 SOULTIP SQUEEZE en Barcelona:OTR 007 SOULTIP SQUEEZE? OTR 007 SOULTIP SQUEEZE y mas. Arte y Graffiti Shop Barcelona. Spray, Colores, Rotuladores y OTR 007 SOULTIP SQUEEZE\" \/>\n<meta name=\"robots\" content=\"index, follow, max-snippet:-1, max-image-preview:large, max-video-preview:-1\" \/>\n<link rel=\"canonical\" href=\"https:\/\/dev4.devmitsinformatica.com\/en\/shop\/graffiti-rotulador-shop-barcelona\/rotuladores-vacios-shop-barcelona\/otr-007-soultip-squeeze-marker\/\" \/>\n<meta property=\"og:locale\" content=\"en_US\" \/>\n<meta property=\"og:type\" content=\"article\" \/>\n<meta property=\"og:title\" content=\"OTR 007 SOULTIP SQUEEZE MARKER Ultrawide Graffiti Shop\" \/>\n<meta property=\"og:description\" content=\"OTR 007 SOULTIP SQUEEZE en Barcelona:OTR 007 SOULTIP SQUEEZE? OTR 007 SOULTIP SQUEEZE y mas. Arte y Graffiti Shop Barcelona. Spray, Colores, Rotuladores y OTR 007 SOULTIP SQUEEZE\" \/>\n<meta property=\"og:url\" content=\"https:\/\/dev4.devmitsinformatica.com\/en\/shop\/graffiti-rotulador-shop-barcelona\/rotuladores-vacios-shop-barcelona\/otr-007-soultip-squeeze-marker\/\" \/>\n<meta property=\"og:site_name\" content=\"ULTRAWIDE GRAFFITI SHOP\" \/>\n<meta property=\"article:modified_time\" content=\"2023-10-13T17:54:14+00:00\" \/>\n<meta property=\"og:image\" content=\"https:\/\/dev4.devmitsinformatica.com\/wp-content\/uploads\/2018\/01\/otr.007_soultip.jpg\" \/>\n\t<meta property=\"og:image:width\" content=\"600\" \/>\n\t<meta property=\"og:image:height\" content=\"600\" \/>\n\t<meta property=\"og:image:type\" content=\"image\/jpeg\" \/>\n<meta name=\"twitter:card\" content=\"summary_large_image\" \/>\n<meta name=\"twitter:label1\" content=\"Est. reading time\" \/>\n\t<meta name=\"twitter:data1\" content=\"1 minute\" \/>\n<script type=\"application\/ld+json\" class=\"yoast-schema-graph\">{\"@context\":\"https:\/\/schema.org\",\"@graph\":[{\"@type\":\"WebPage\",\"@id\":\"https:\/\/dev4.devmitsinformatica.com\/en\/shop\/graffiti-rotulador-shop-barcelona\/rotuladores-vacios-shop-barcelona\/otr-007-soultip-squeeze-marker\/\",\"url\":\"https:\/\/dev4.devmitsinformatica.com\/en\/shop\/graffiti-rotulador-shop-barcelona\/rotuladores-vacios-shop-barcelona\/otr-007-soultip-squeeze-marker\/\",\"name\":\"OTR 007 SOULTIP SQUEEZE MARKER Ultrawide Graffiti Shop\",\"isPartOf\":{\"@id\":\"https:\/\/dev4.devmitsinformatica.com\/en\/#website\"},\"primaryImageOfPage\":{\"@id\":\"https:\/\/dev4.devmitsinformatica.com\/en\/shop\/graffiti-rotulador-shop-barcelona\/rotuladores-vacios-shop-barcelona\/otr-007-soultip-squeeze-marker\/#primaryimage\"},\"image\":{\"@id\":\"https:\/\/dev4.devmitsinformatica.com\/en\/shop\/graffiti-rotulador-shop-barcelona\/rotuladores-vacios-shop-barcelona\/otr-007-soultip-squeeze-marker\/#primaryimage\"},\"thumbnailUrl\":\"https:\/\/dev4.devmitsinformatica.com\/wp-content\/uploads\/2018\/01\/otr.007_soultip.jpg\",\"datePublished\":\"2018-01-16T18:10:30+00:00\",\"dateModified\":\"2023-10-13T17:54:14+00:00\",\"description\":\"OTR 007 SOULTIP SQUEEZE en Barcelona:OTR 007 SOULTIP SQUEEZE? OTR 007 SOULTIP SQUEEZE y mas. Arte y Graffiti Shop Barcelona. Spray, Colores, Rotuladores y OTR 007 SOULTIP SQUEEZE\",\"breadcrumb\":{\"@id\":\"https:\/\/dev4.devmitsinformatica.com\/en\/shop\/graffiti-rotulador-shop-barcelona\/rotuladores-vacios-shop-barcelona\/otr-007-soultip-squeeze-marker\/#breadcrumb\"},\"inLanguage\":\"en-US\",\"potentialAction\":[{\"@type\":\"ReadAction\",\"target\":[\"https:\/\/dev4.devmitsinformatica.com\/en\/shop\/graffiti-rotulador-shop-barcelona\/rotuladores-vacios-shop-barcelona\/otr-007-soultip-squeeze-marker\/\"]}]},{\"@type\":\"ImageObject\",\"inLanguage\":\"en-US\",\"@id\":\"https:\/\/dev4.devmitsinformatica.com\/en\/shop\/graffiti-rotulador-shop-barcelona\/rotuladores-vacios-shop-barcelona\/otr-007-soultip-squeeze-marker\/#primaryimage\",\"url\":\"https:\/\/dev4.devmitsinformatica.com\/wp-content\/uploads\/2018\/01\/otr.007_soultip.jpg\",\"contentUrl\":\"https:\/\/dev4.devmitsinformatica.com\/wp-content\/uploads\/2018\/01\/otr.007_soultip.jpg\",\"width\":600,\"height\":600,\"caption\":\"soultip marker, rotulador de esponja peque\u00f1a, rotulador vacio para rellenar, rotulador vac\u00edo punta esponja peque\u00f1a\"},{\"@type\":\"BreadcrumbList\",\"@id\":\"https:\/\/dev4.devmitsinformatica.com\/en\/shop\/graffiti-rotulador-shop-barcelona\/rotuladores-vacios-shop-barcelona\/otr-007-soultip-squeeze-marker\/#breadcrumb\",\"itemListElement\":[{\"@type\":\"ListItem\",\"position\":1,\"name\":\"Home\",\"item\":\"https:\/\/dev4.devmitsinformatica.com\/en\/\"},{\"@type\":\"ListItem\",\"position\":2,\"name\":\"Store\",\"item\":\"https:\/\/dev4.devmitsinformatica.com\/?page_id=38\"},{\"@type\":\"ListItem\",\"position\":3,\"name\":\"OTR 007 SOULTIP SQUEEZE\"}]},{\"@type\":\"WebSite\",\"@id\":\"https:\/\/dev4.devmitsinformatica.com\/en\/#website\",\"url\":\"https:\/\/dev4.devmitsinformatica.com\/en\/\",\"name\":\"ULTRAWIDE GRAFFITI SHOP\",\"description\":\"SPRAY GRAFFITI SHOP CAPS Y ROTULADORES\",\"publisher\":{\"@id\":\"https:\/\/dev4.devmitsinformatica.com\/en\/#organization\"},\"potentialAction\":[{\"@type\":\"SearchAction\",\"target\":{\"@type\":\"EntryPoint\",\"urlTemplate\":\"https:\/\/dev4.devmitsinformatica.com\/en\/?s={search_term_string}\"},\"query-input\":{\"@type\":\"PropertyValueSpecification\",\"valueRequired\":true,\"valueName\":\"search_term_string\"}}],\"inLanguage\":\"en-US\"},{\"@type\":\"Organization\",\"@id\":\"https:\/\/dev4.devmitsinformatica.com\/en\/#organization\",\"name\":\"ANDEN Graffiti Shop Barcelona\",\"url\":\"https:\/\/dev4.devmitsinformatica.com\/en\/\",\"logo\":{\"@type\":\"ImageObject\",\"inLanguage\":\"en-US\",\"@id\":\"https:\/\/dev4.devmitsinformatica.com\/en\/#\/schema\/logo\/image\/\",\"url\":\"https:\/\/dev4.devmitsinformatica.com\/wp-content\/uploads\/2016\/11\/graffiti-gallery-barcelona.png\",\"contentUrl\":\"https:\/\/dev4.devmitsinformatica.com\/wp-content\/uploads\/2016\/11\/graffiti-gallery-barcelona.png\",\"width\":386,\"height\":150,\"caption\":\"ANDEN Graffiti Shop Barcelona\"},\"image\":{\"@id\":\"https:\/\/dev4.devmitsinformatica.com\/en\/#\/schema\/logo\/image\/\"}}]}<\/script>\n<!-- \/ Yoast SEO plugin. -->","yoast_head_json":{"title":"OTR 007 SOULTIP SQUEEZE MARKER Ultrawide Graffiti Shop","description":"OTR 007 SOULTIP SQUEEZE en Barcelona:OTR 007 SOULTIP SQUEEZE? OTR 007 SOULTIP SQUEEZE y mas. Arte y Graffiti Shop Barcelona. Spray, Colores, Rotuladores y OTR 007 SOULTIP SQUEEZE","robots":{"index":"index","follow":"follow","max-snippet":"max-snippet:-1","max-image-preview":"max-image-preview:large","max-video-preview":"max-video-preview:-1"},"canonical":"https:\/\/dev4.devmitsinformatica.com\/en\/shop\/graffiti-rotulador-shop-barcelona\/rotuladores-vacios-shop-barcelona\/otr-007-soultip-squeeze-marker\/","og_locale":"en_US","og_type":"article","og_title":"OTR 007 SOULTIP SQUEEZE MARKER Ultrawide Graffiti Shop","og_description":"OTR 007 SOULTIP SQUEEZE en Barcelona:OTR 007 SOULTIP SQUEEZE? OTR 007 SOULTIP SQUEEZE y mas. Arte y Graffiti Shop Barcelona. Spray, Colores, Rotuladores y OTR 007 SOULTIP SQUEEZE","og_url":"https:\/\/dev4.devmitsinformatica.com\/en\/shop\/graffiti-rotulador-shop-barcelona\/rotuladores-vacios-shop-barcelona\/otr-007-soultip-squeeze-marker\/","og_site_name":"ULTRAWIDE GRAFFITI SHOP","article_modified_time":"2023-10-13T17:54:14+00:00","og_image":[{"width":600,"height":600,"url":"https:\/\/dev4.devmitsinformatica.com\/wp-content\/uploads\/2018\/01\/otr.007_soultip.jpg","type":"image\/jpeg"}],"twitter_card":"summary_large_image","twitter_misc":{"Est. reading time":"1 minute"},"schema":{"@context":"https:\/\/schema.org","@graph":[{"@type":"WebPage","@id":"https:\/\/dev4.devmitsinformatica.com\/en\/shop\/graffiti-rotulador-shop-barcelona\/rotuladores-vacios-shop-barcelona\/otr-007-soultip-squeeze-marker\/","url":"https:\/\/dev4.devmitsinformatica.com\/en\/shop\/graffiti-rotulador-shop-barcelona\/rotuladores-vacios-shop-barcelona\/otr-007-soultip-squeeze-marker\/","name":"OTR 007 SOULTIP SQUEEZE MARKER Ultrawide Graffiti Shop","isPartOf":{"@id":"https:\/\/dev4.devmitsinformatica.com\/en\/#website"},"primaryImageOfPage":{"@id":"https:\/\/dev4.devmitsinformatica.com\/en\/shop\/graffiti-rotulador-shop-barcelona\/rotuladores-vacios-shop-barcelona\/otr-007-soultip-squeeze-marker\/#primaryimage"},"image":{"@id":"https:\/\/dev4.devmitsinformatica.com\/en\/shop\/graffiti-rotulador-shop-barcelona\/rotuladores-vacios-shop-barcelona\/otr-007-soultip-squeeze-marker\/#primaryimage"},"thumbnailUrl":"https:\/\/dev4.devmitsinformatica.com\/wp-content\/uploads\/2018\/01\/otr.007_soultip.jpg","datePublished":"2018-01-16T18:10:30+00:00","dateModified":"2023-10-13T17:54:14+00:00","description":"OTR 007 SOULTIP SQUEEZE en Barcelona:OTR 007 SOULTIP SQUEEZE? OTR 007 SOULTIP SQUEEZE y mas. Arte y Graffiti Shop Barcelona. Spray, Colores, Rotuladores y OTR 007 SOULTIP SQUEEZE","breadcrumb":{"@id":"https:\/\/dev4.devmitsinformatica.com\/en\/shop\/graffiti-rotulador-shop-barcelona\/rotuladores-vacios-shop-barcelona\/otr-007-soultip-squeeze-marker\/#breadcrumb"},"inLanguage":"en-US","potentialAction":[{"@type":"ReadAction","target":["https:\/\/dev4.devmitsinformatica.com\/en\/shop\/graffiti-rotulador-shop-barcelona\/rotuladores-vacios-shop-barcelona\/otr-007-soultip-squeeze-marker\/"]}]},{"@type":"ImageObject","inLanguage":"en-US","@id":"https:\/\/dev4.devmitsinformatica.com\/en\/shop\/graffiti-rotulador-shop-barcelona\/rotuladores-vacios-shop-barcelona\/otr-007-soultip-squeeze-marker\/#primaryimage","url":"https:\/\/dev4.devmitsinformatica.com\/wp-content\/uploads\/2018\/01\/otr.007_soultip.jpg","contentUrl":"https:\/\/dev4.devmitsinformatica.com\/wp-content\/uploads\/2018\/01\/otr.007_soultip.jpg","width":600,"height":600,"caption":"soultip marker, rotulador de esponja peque\u00f1a, rotulador vacio para rellenar, rotulador vac\u00edo punta esponja peque\u00f1a"},{"@type":"BreadcrumbList","@id":"https:\/\/dev4.devmitsinformatica.com\/en\/shop\/graffiti-rotulador-shop-barcelona\/rotuladores-vacios-shop-barcelona\/otr-007-soultip-squeeze-marker\/#breadcrumb","itemListElement":[{"@type":"ListItem","position":1,"name":"Home","item":"https:\/\/dev4.devmitsinformatica.com\/en\/"},{"@type":"ListItem","position":2,"name":"Store","item":"https:\/\/dev4.devmitsinformatica.com\/?page_id=38"},{"@type":"ListItem","position":3,"name":"OTR 007 SOULTIP SQUEEZE"}]},{"@type":"WebSite","@id":"https:\/\/dev4.devmitsinformatica.com\/en\/#website","url":"https:\/\/dev4.devmitsinformatica.com\/en\/","name":"ULTRAWIDE GRAFFITI SHOP","description":"SPRAY GRAFFITI SHOP CAPS Y ROTULADORES","publisher":{"@id":"https:\/\/dev4.devmitsinformatica.com\/en\/#organization"},"potentialAction":[{"@type":"SearchAction","target":{"@type":"EntryPoint","urlTemplate":"https:\/\/dev4.devmitsinformatica.com\/en\/?s={search_term_string}"},"query-input":{"@type":"PropertyValueSpecification","valueRequired":true,"valueName":"search_term_string"}}],"inLanguage":"en-US"},{"@type":"Organization","@id":"https:\/\/dev4.devmitsinformatica.com\/en\/#organization","name":"ANDEN Graffiti Shop Barcelona","url":"https:\/\/dev4.devmitsinformatica.com\/en\/","logo":{"@type":"ImageObject","inLanguage":"en-US","@id":"https:\/\/dev4.devmitsinformatica.com\/en\/#\/schema\/logo\/image\/","url":"https:\/\/dev4.devmitsinformatica.com\/wp-content\/uploads\/2016\/11\/graffiti-gallery-barcelona.png","contentUrl":"https:\/\/dev4.devmitsinformatica.com\/wp-content\/uploads\/2016\/11\/graffiti-gallery-barcelona.png","width":386,"height":150,"caption":"ANDEN Graffiti Shop Barcelona"},"image":{"@id":"https:\/\/dev4.devmitsinformatica.com\/en\/#\/schema\/logo\/image\/"}}]}},"_links":{"self":[{"href":"https:\/\/dev4.devmitsinformatica.com\/en\/wp-json\/wp\/v2\/product\/5992","targetHints":{"allow":["GET"]}}],"collection":[{"href":"https:\/\/dev4.devmitsinformatica.com\/en\/wp-json\/wp\/v2\/product"}],"about":[{"href":"https:\/\/dev4.devmitsinformatica.com\/en\/wp-json\/wp\/v2\/types\/product"}],"replies":[{"embeddable":true,"href":"https:\/\/dev4.devmitsinformatica.com\/en\/wp-json\/wp\/v2\/comments?post=5992"}],"version-history":[{"count":0,"href":"https:\/\/dev4.devmitsinformatica.com\/en\/wp-json\/wp\/v2\/product\/5992\/revisions"}],"wp:featuredmedia":[{"embeddable":true,"href":"https:\/\/dev4.devmitsinformatica.com\/en\/wp-json\/wp\/v2\/media\/6094"}],"wp:attachment":[{"href":"https:\/\/dev4.devmitsinformatica.com\/en\/wp-json\/wp\/v2\/media?parent=5992"}],"wp:term":[{"taxonomy":"product_brand","embeddable":true,"href":"https:\/\/dev4.devmitsinformatica.com\/en\/wp-json\/wp\/v2\/product_brand?post=5992"},{"taxonomy":"product_cat","embeddable":true,"href":"https:\/\/dev4.devmitsinformatica.com\/en\/wp-json\/wp\/v2\/product_cat?post=5992"},{"taxonomy":"product_tag","embeddable":true,"href":"https:\/\/dev4.devmitsinformatica.com\/en\/wp-json\/wp\/v2\/product_tag?post=5992"}],"curies":[{"name":"wp","href":"https:\/\/api.w.org\/{rel}","templated":true}]}}