{"id":6051,"date":"2018-01-19T10:34:16","date_gmt":"2018-01-19T10:34:16","guid":{"rendered":"https:\/\/dev4.devmitsinformatica.com\/?post_type=product&#038;p=6051"},"modified":"2023-10-13T17:38:39","modified_gmt":"2023-10-13T17:38:39","slug":"montana-effect-granit-400ml","status":"publish","type":"product","link":"https:\/\/dev4.devmitsinformatica.com\/en\/shop\/spray-cans-montana\/montana-effects-spray-shop-barcelona\/montana-effect-granit-400ml\/","title":{"rendered":"MONTANA EFFECT GRANIT 400ml"},"content":{"rendered":"<p><strong><a href=\"https:\/\/dev4.devmitsinformatica.com\">MONTANA<\/a> EFFECT GRANIT 400ml<\/strong>. La pintura en aerosol con efecto especial a base de agua.<br \/>\nPulverizaci\u00f3n de part\u00edculas de pl\u00e1stico de <a href=\"http:\/\/barcelonapinturas.com\">pintura<\/a> integradas que producen un efecto de<br \/>\ngranito sorprendentemente real que se puede aplicar a muchas superficies (por ejemplo,<br \/>\npapel, cart\u00f3n, tela previamente tratada, madera, vidrio, metal, cer\u00e1mica, porcelana, piedra,<br \/>\nespuma de poliestireno u otros materiales acr\u00edlicos) , Para lograr resultados \u00f3ptimos con un<br \/>\ncolor GRANITO Efecto aplicar sobre un fondo oscuro, se recomienda imprimar la superficie<br \/>\ncon antelaci\u00f3n. Con TEXTURE Montana (EL modelado de una superficie en relieve o<br \/>\nestructuras similareses posible) conseguir\u00e1 reforzar el efecto de piedra. Una vez<br \/>\ncompletamente seco, el efecto de Granito es compatible con Montana Gold, Montana<br \/>\nacr\u00edlico y colores acr\u00edlicos habituales. El spray Efecto granito por otra parte se puede utilizar<br \/>\ncomo un aerosol estructural.<\/p>\n<p>El spray efecto granito de Montana imita el aspecto de la piedra granito en sus diferentes colores, la l\u00ednea de color desarrollada por la marca se ajusta a las diferentes tonalidades de la piedra. Granito blanco, gris, negro o marr\u00f3n. Un spray de efecto granito muy utilizado para imitar y realizar creaciones tem\u00e1ticas de manera f\u00e1cil y sencilla, simplemente pulverizando sobre la superf\u00edcie en mayor o menor medida para conseguir el efecto deseado.<\/p>\n<p>&nbsp;<\/p>\n","protected":false},"excerpt":{"rendered":"<p>La pintura en aerosol con efecto especial a base de agua.<br \/>\nPulverizaci\u00f3n de part\u00edculas de pl\u00e1stico de pintura integradas que producen un efecto de<br \/>\ngranito sorprendentemente real que se puede aplicar a muchas superficies (por ejemplo,<br \/>\npapel, cart\u00f3n, tela previamente tratada, madera, vidrio, metal, cer\u00e1mica, porcelana, piedra,<br \/>\nespuma de poliestireno u otros materiales acr\u00edlicos).<\/p>\n<p>[su_youtube url=&#8221;https:\/\/www.youtube.com\/watch?v=R0pjcAYMRRI&#8221;]<\/p>\n<p>Para lograr resultados \u00f3ptimos con un<br \/>\ncolor GRANITO Efecto aplicar sobre un fondo oscuro, se recomienda imprimar la superficie<br \/>\ncon antelaci\u00f3n. Con TEXTURE Montana (EL modelado de una superficie en relieve o<br \/>\nestructuras similareses posible) conseguir\u00e1 reforzar el efecto de piedra. Una vez<br \/>\ncompletamente seco, el efecto de Granito es compatible con Montana Gold, Montana<br \/>\nacr\u00edlico y colores acr\u00edlicos habituales. El spray Efecto granito por otra parte se puede utilizar<br \/>\ncomo un aerosol estructural.<\/p>\n","protected":false},"featured_media":2045,"comment_status":"open","ping_status":"closed","template":"","meta":{"site-sidebar-layout":"default","site-content-layout":"","ast-site-content-layout":"default","site-content-style":"default","site-sidebar-style":"default","ast-global-header-display":"","ast-banner-title-visibility":"","ast-main-header-display":"","ast-hfb-above-header-display":"","ast-hfb-below-header-display":"","ast-hfb-mobile-header-display":"","site-post-title":"","ast-breadcrumbs-content":"","ast-featured-img":"","footer-sml-layout":"","ast-disable-related-posts":"","theme-transparent-header-meta":"","adv-header-id-meta":"","stick-header-meta":"","header-above-stick-meta":"","header-main-stick-meta":"","header-below-stick-meta":"","astra-migrate-meta-layouts":"default","ast-page-background-enabled":"default","ast-page-background-meta":{"desktop":{"background-color":"","background-image":"","background-repeat":"repeat","background-position":"center center","background-size":"auto","background-attachment":"scroll","background-type":"","background-media":"","overlay-type":"","overlay-color":"","overlay-opacity":"","overlay-gradient":""},"tablet":{"background-color":"","background-image":"","background-repeat":"repeat","background-position":"center center","background-size":"auto","background-attachment":"scroll","background-type":"","background-media":"","overlay-type":"","overlay-color":"","overlay-opacity":"","overlay-gradient":""},"mobile":{"background-color":"","background-image":"","background-repeat":"repeat","background-position":"center center","background-size":"auto","background-attachment":"scroll","background-type":"","background-media":"","overlay-type":"","overlay-color":"","overlay-opacity":"","overlay-gradient":""}},"ast-content-background-meta":{"desktop":{"background-color":"var(--ast-global-color-5)","background-image":"","background-repeat":"repeat","background-position":"center center","background-size":"auto","background-attachment":"scroll","background-type":"","background-media":"","overlay-type":"","overlay-color":"","overlay-opacity":"","overlay-gradient":""},"tablet":{"background-color":"var(--ast-global-color-5)","background-image":"","background-repeat":"repeat","background-position":"center center","background-size":"auto","background-attachment":"scroll","background-type":"","background-media":"","overlay-type":"","overlay-color":"","overlay-opacity":"","overlay-gradient":""},"mobile":{"background-color":"var(--ast-global-color-5)","background-image":"","background-repeat":"repeat","background-position":"center center","background-size":"auto","background-attachment":"scroll","background-type":"","background-media":"","overlay-type":"","overlay-color":"","overlay-opacity":"","overlay-gradient":""}}},"product_brand":[],"product_cat":[10,964,5803,3109,3216],"product_tag":[3017,4129,3015,645,3018,632,3020,6140,6141,6142,6143,3019,5550,6144,3016],"class_list":{"0":"post-6051","1":"product","2":"type-product","3":"status-publish","4":"has-post-thumbnail","6":"product_cat-spray-cans-montana","7":"product_cat-montana-effects-spray-shop-barcelona","8":"product_cat-efectos","9":"product_cat-montana-cans","10":"product_cat-spray","11":"product_tag-colores-tienda-montana","12":"product_tag-comprar-spray","13":"product_tag-graffiti-colores","14":"product_tag-graffiti-spray-tienda","15":"product_tag-granit-montana-cans-graffiti","16":"product_tag-montana-cans-tienda-espana","17":"product_tag-montana-montana","18":"product_tag-spray-efecto-granito","19":"product_tag-spray-granito","20":"product_tag-spray-imitacion-granito","21":"product_tag-spray-imitacion-piedra","22":"product_tag-spray-tienda-granit-montana-cans","23":"product_tag-tienda-de-graffiti-barcelona","24":"product_tag-tienda-de-graffiti-online","25":"product_tag-tienda-montana-graffiti","26":"pa_color-granit-black","27":"pa_color-granit-brown","28":"pa_color-granit-grey","29":"pa_color-granit-white","30":"desktop-align-left","31":"tablet-align-left","32":"mobile-align-left","34":"first","35":"instock","36":"purchasable","37":"product-type-variable"},"yoast_head":"<!-- This site is optimized with the Yoast SEO plugin v27.0 - https:\/\/yoast.com\/product\/yoast-seo-wordpress\/ -->\n<title>MONTANA EFFECT GRANIT 400ml Ultrawide Graffiti Shop Barcelona<\/title>\n<meta name=\"description\" content=\"MONTANA EFFECT GRANIT 400ml ? \u2705\u2705MONTANA EFFECT GRANIT 400ml y mucho m\u00e1s. Toda la linea de Montana Cans efectos en Spray con acabados sorprendentes!!\" \/>\n<meta name=\"robots\" content=\"index, follow, max-snippet:-1, max-image-preview:large, max-video-preview:-1\" \/>\n<link rel=\"canonical\" href=\"https:\/\/dev4.devmitsinformatica.com\/en\/shop\/spray-cans-montana\/montana-effects-spray-shop-barcelona\/montana-effect-granit-400ml\/\" \/>\n<meta property=\"og:locale\" content=\"en_US\" \/>\n<meta property=\"og:type\" content=\"article\" \/>\n<meta property=\"og:title\" content=\"MONTANA EFFECT GRANIT 400ml Ultrawide Graffiti Shop Barcelona\" \/>\n<meta property=\"og:description\" content=\"MONTANA EFFECT GRANIT 400ml ? \u2705\u2705MONTANA EFFECT GRANIT 400ml y mucho m\u00e1s. Toda la linea de Montana Cans efectos en Spray con acabados sorprendentes!!\" \/>\n<meta property=\"og:url\" content=\"https:\/\/dev4.devmitsinformatica.com\/en\/shop\/spray-cans-montana\/montana-effects-spray-shop-barcelona\/montana-effect-granit-400ml\/\" \/>\n<meta property=\"og:site_name\" content=\"ULTRAWIDE GRAFFITI SHOP\" \/>\n<meta property=\"article:modified_time\" content=\"2023-10-13T17:38:39+00:00\" \/>\n<meta property=\"og:image\" content=\"https:\/\/dev4.devmitsinformatica.com\/wp-content\/uploads\/2016\/08\/mo-granit_400ml.jpg\" \/>\n\t<meta property=\"og:image:width\" content=\"500\" \/>\n\t<meta property=\"og:image:height\" content=\"500\" \/>\n\t<meta property=\"og:image:type\" content=\"image\/jpeg\" \/>\n<meta name=\"twitter:card\" content=\"summary_large_image\" \/>\n<meta name=\"twitter:label1\" content=\"Est. reading time\" \/>\n\t<meta name=\"twitter:data1\" content=\"1 minute\" \/>\n<script type=\"application\/ld+json\" class=\"yoast-schema-graph\">{\"@context\":\"https:\/\/schema.org\",\"@graph\":[{\"@type\":\"WebPage\",\"@id\":\"https:\/\/dev4.devmitsinformatica.com\/en\/shop\/spray-cans-montana\/montana-effects-spray-shop-barcelona\/montana-effect-granit-400ml\/\",\"url\":\"https:\/\/dev4.devmitsinformatica.com\/en\/shop\/spray-cans-montana\/montana-effects-spray-shop-barcelona\/montana-effect-granit-400ml\/\",\"name\":\"MONTANA EFFECT GRANIT 400ml Ultrawide Graffiti Shop Barcelona\",\"isPartOf\":{\"@id\":\"https:\/\/dev4.devmitsinformatica.com\/en\/#website\"},\"primaryImageOfPage\":{\"@id\":\"https:\/\/dev4.devmitsinformatica.com\/en\/shop\/spray-cans-montana\/montana-effects-spray-shop-barcelona\/montana-effect-granit-400ml\/#primaryimage\"},\"image\":{\"@id\":\"https:\/\/dev4.devmitsinformatica.com\/en\/shop\/spray-cans-montana\/montana-effects-spray-shop-barcelona\/montana-effect-granit-400ml\/#primaryimage\"},\"thumbnailUrl\":\"https:\/\/dev4.devmitsinformatica.com\/wp-content\/uploads\/2016\/08\/mo-granit_400ml.jpg\",\"datePublished\":\"2018-01-19T10:34:16+00:00\",\"dateModified\":\"2023-10-13T17:38:39+00:00\",\"description\":\"MONTANA EFFECT GRANIT 400ml ? \u2705\u2705MONTANA EFFECT GRANIT 400ml y mucho m\u00e1s. Toda la linea de Montana Cans efectos en Spray con acabados sorprendentes!!\",\"breadcrumb\":{\"@id\":\"https:\/\/dev4.devmitsinformatica.com\/en\/shop\/spray-cans-montana\/montana-effects-spray-shop-barcelona\/montana-effect-granit-400ml\/#breadcrumb\"},\"inLanguage\":\"en-US\",\"potentialAction\":[{\"@type\":\"ReadAction\",\"target\":[\"https:\/\/dev4.devmitsinformatica.com\/en\/shop\/spray-cans-montana\/montana-effects-spray-shop-barcelona\/montana-effect-granit-400ml\/\"]}]},{\"@type\":\"ImageObject\",\"inLanguage\":\"en-US\",\"@id\":\"https:\/\/dev4.devmitsinformatica.com\/en\/shop\/spray-cans-montana\/montana-effects-spray-shop-barcelona\/montana-effect-granit-400ml\/#primaryimage\",\"url\":\"https:\/\/dev4.devmitsinformatica.com\/wp-content\/uploads\/2016\/08\/mo-granit_400ml.jpg\",\"contentUrl\":\"https:\/\/dev4.devmitsinformatica.com\/wp-content\/uploads\/2016\/08\/mo-granit_400ml.jpg\",\"width\":500,\"height\":500,\"caption\":\"Montana GRANIT 400ml Anden Barcelona Montana Cans\"},{\"@type\":\"BreadcrumbList\",\"@id\":\"https:\/\/dev4.devmitsinformatica.com\/en\/shop\/spray-cans-montana\/montana-effects-spray-shop-barcelona\/montana-effect-granit-400ml\/#breadcrumb\",\"itemListElement\":[{\"@type\":\"ListItem\",\"position\":1,\"name\":\"Home\",\"item\":\"https:\/\/dev4.devmitsinformatica.com\/en\/\"},{\"@type\":\"ListItem\",\"position\":2,\"name\":\"Store\",\"item\":\"https:\/\/dev4.devmitsinformatica.com\/?page_id=38\"},{\"@type\":\"ListItem\",\"position\":3,\"name\":\"MONTANA EFFECT GRANIT 400ml\"}]},{\"@type\":\"WebSite\",\"@id\":\"https:\/\/dev4.devmitsinformatica.com\/en\/#website\",\"url\":\"https:\/\/dev4.devmitsinformatica.com\/en\/\",\"name\":\"ULTRAWIDE GRAFFITI SHOP\",\"description\":\"SPRAY GRAFFITI SHOP CAPS Y ROTULADORES\",\"publisher\":{\"@id\":\"https:\/\/dev4.devmitsinformatica.com\/en\/#organization\"},\"potentialAction\":[{\"@type\":\"SearchAction\",\"target\":{\"@type\":\"EntryPoint\",\"urlTemplate\":\"https:\/\/dev4.devmitsinformatica.com\/en\/?s={search_term_string}\"},\"query-input\":{\"@type\":\"PropertyValueSpecification\",\"valueRequired\":true,\"valueName\":\"search_term_string\"}}],\"inLanguage\":\"en-US\"},{\"@type\":\"Organization\",\"@id\":\"https:\/\/dev4.devmitsinformatica.com\/en\/#organization\",\"name\":\"ANDEN Graffiti Shop Barcelona\",\"url\":\"https:\/\/dev4.devmitsinformatica.com\/en\/\",\"logo\":{\"@type\":\"ImageObject\",\"inLanguage\":\"en-US\",\"@id\":\"https:\/\/dev4.devmitsinformatica.com\/en\/#\/schema\/logo\/image\/\",\"url\":\"https:\/\/dev4.devmitsinformatica.com\/wp-content\/uploads\/2016\/11\/graffiti-gallery-barcelona.png\",\"contentUrl\":\"https:\/\/dev4.devmitsinformatica.com\/wp-content\/uploads\/2016\/11\/graffiti-gallery-barcelona.png\",\"width\":386,\"height\":150,\"caption\":\"ANDEN Graffiti Shop Barcelona\"},\"image\":{\"@id\":\"https:\/\/dev4.devmitsinformatica.com\/en\/#\/schema\/logo\/image\/\"}}]}<\/script>\n<!-- \/ Yoast SEO plugin. -->","yoast_head_json":{"title":"MONTANA EFFECT GRANIT 400ml Ultrawide Graffiti Shop Barcelona","description":"MONTANA EFFECT GRANIT 400ml ? \u2705\u2705MONTANA EFFECT GRANIT 400ml y mucho m\u00e1s. Toda la linea de Montana Cans efectos en Spray con acabados sorprendentes!!","robots":{"index":"index","follow":"follow","max-snippet":"max-snippet:-1","max-image-preview":"max-image-preview:large","max-video-preview":"max-video-preview:-1"},"canonical":"https:\/\/dev4.devmitsinformatica.com\/en\/shop\/spray-cans-montana\/montana-effects-spray-shop-barcelona\/montana-effect-granit-400ml\/","og_locale":"en_US","og_type":"article","og_title":"MONTANA EFFECT GRANIT 400ml Ultrawide Graffiti Shop Barcelona","og_description":"MONTANA EFFECT GRANIT 400ml ? \u2705\u2705MONTANA EFFECT GRANIT 400ml y mucho m\u00e1s. Toda la linea de Montana Cans efectos en Spray con acabados sorprendentes!!","og_url":"https:\/\/dev4.devmitsinformatica.com\/en\/shop\/spray-cans-montana\/montana-effects-spray-shop-barcelona\/montana-effect-granit-400ml\/","og_site_name":"ULTRAWIDE GRAFFITI SHOP","article_modified_time":"2023-10-13T17:38:39+00:00","og_image":[{"width":500,"height":500,"url":"https:\/\/dev4.devmitsinformatica.com\/wp-content\/uploads\/2016\/08\/mo-granit_400ml.jpg","type":"image\/jpeg"}],"twitter_card":"summary_large_image","twitter_misc":{"Est. reading time":"1 minute"},"schema":{"@context":"https:\/\/schema.org","@graph":[{"@type":"WebPage","@id":"https:\/\/dev4.devmitsinformatica.com\/en\/shop\/spray-cans-montana\/montana-effects-spray-shop-barcelona\/montana-effect-granit-400ml\/","url":"https:\/\/dev4.devmitsinformatica.com\/en\/shop\/spray-cans-montana\/montana-effects-spray-shop-barcelona\/montana-effect-granit-400ml\/","name":"MONTANA EFFECT GRANIT 400ml Ultrawide Graffiti Shop Barcelona","isPartOf":{"@id":"https:\/\/dev4.devmitsinformatica.com\/en\/#website"},"primaryImageOfPage":{"@id":"https:\/\/dev4.devmitsinformatica.com\/en\/shop\/spray-cans-montana\/montana-effects-spray-shop-barcelona\/montana-effect-granit-400ml\/#primaryimage"},"image":{"@id":"https:\/\/dev4.devmitsinformatica.com\/en\/shop\/spray-cans-montana\/montana-effects-spray-shop-barcelona\/montana-effect-granit-400ml\/#primaryimage"},"thumbnailUrl":"https:\/\/dev4.devmitsinformatica.com\/wp-content\/uploads\/2016\/08\/mo-granit_400ml.jpg","datePublished":"2018-01-19T10:34:16+00:00","dateModified":"2023-10-13T17:38:39+00:00","description":"MONTANA EFFECT GRANIT 400ml ? \u2705\u2705MONTANA EFFECT GRANIT 400ml y mucho m\u00e1s. Toda la linea de Montana Cans efectos en Spray con acabados sorprendentes!!","breadcrumb":{"@id":"https:\/\/dev4.devmitsinformatica.com\/en\/shop\/spray-cans-montana\/montana-effects-spray-shop-barcelona\/montana-effect-granit-400ml\/#breadcrumb"},"inLanguage":"en-US","potentialAction":[{"@type":"ReadAction","target":["https:\/\/dev4.devmitsinformatica.com\/en\/shop\/spray-cans-montana\/montana-effects-spray-shop-barcelona\/montana-effect-granit-400ml\/"]}]},{"@type":"ImageObject","inLanguage":"en-US","@id":"https:\/\/dev4.devmitsinformatica.com\/en\/shop\/spray-cans-montana\/montana-effects-spray-shop-barcelona\/montana-effect-granit-400ml\/#primaryimage","url":"https:\/\/dev4.devmitsinformatica.com\/wp-content\/uploads\/2016\/08\/mo-granit_400ml.jpg","contentUrl":"https:\/\/dev4.devmitsinformatica.com\/wp-content\/uploads\/2016\/08\/mo-granit_400ml.jpg","width":500,"height":500,"caption":"Montana GRANIT 400ml Anden Barcelona Montana Cans"},{"@type":"BreadcrumbList","@id":"https:\/\/dev4.devmitsinformatica.com\/en\/shop\/spray-cans-montana\/montana-effects-spray-shop-barcelona\/montana-effect-granit-400ml\/#breadcrumb","itemListElement":[{"@type":"ListItem","position":1,"name":"Home","item":"https:\/\/dev4.devmitsinformatica.com\/en\/"},{"@type":"ListItem","position":2,"name":"Store","item":"https:\/\/dev4.devmitsinformatica.com\/?page_id=38"},{"@type":"ListItem","position":3,"name":"MONTANA EFFECT GRANIT 400ml"}]},{"@type":"WebSite","@id":"https:\/\/dev4.devmitsinformatica.com\/en\/#website","url":"https:\/\/dev4.devmitsinformatica.com\/en\/","name":"ULTRAWIDE GRAFFITI SHOP","description":"SPRAY GRAFFITI SHOP CAPS Y ROTULADORES","publisher":{"@id":"https:\/\/dev4.devmitsinformatica.com\/en\/#organization"},"potentialAction":[{"@type":"SearchAction","target":{"@type":"EntryPoint","urlTemplate":"https:\/\/dev4.devmitsinformatica.com\/en\/?s={search_term_string}"},"query-input":{"@type":"PropertyValueSpecification","valueRequired":true,"valueName":"search_term_string"}}],"inLanguage":"en-US"},{"@type":"Organization","@id":"https:\/\/dev4.devmitsinformatica.com\/en\/#organization","name":"ANDEN Graffiti Shop Barcelona","url":"https:\/\/dev4.devmitsinformatica.com\/en\/","logo":{"@type":"ImageObject","inLanguage":"en-US","@id":"https:\/\/dev4.devmitsinformatica.com\/en\/#\/schema\/logo\/image\/","url":"https:\/\/dev4.devmitsinformatica.com\/wp-content\/uploads\/2016\/11\/graffiti-gallery-barcelona.png","contentUrl":"https:\/\/dev4.devmitsinformatica.com\/wp-content\/uploads\/2016\/11\/graffiti-gallery-barcelona.png","width":386,"height":150,"caption":"ANDEN Graffiti Shop Barcelona"},"image":{"@id":"https:\/\/dev4.devmitsinformatica.com\/en\/#\/schema\/logo\/image\/"}}]}},"_links":{"self":[{"href":"https:\/\/dev4.devmitsinformatica.com\/en\/wp-json\/wp\/v2\/product\/6051","targetHints":{"allow":["GET"]}}],"collection":[{"href":"https:\/\/dev4.devmitsinformatica.com\/en\/wp-json\/wp\/v2\/product"}],"about":[{"href":"https:\/\/dev4.devmitsinformatica.com\/en\/wp-json\/wp\/v2\/types\/product"}],"replies":[{"embeddable":true,"href":"https:\/\/dev4.devmitsinformatica.com\/en\/wp-json\/wp\/v2\/comments?post=6051"}],"version-history":[{"count":0,"href":"https:\/\/dev4.devmitsinformatica.com\/en\/wp-json\/wp\/v2\/product\/6051\/revisions"}],"wp:featuredmedia":[{"embeddable":true,"href":"https:\/\/dev4.devmitsinformatica.com\/en\/wp-json\/wp\/v2\/media\/2045"}],"wp:attachment":[{"href":"https:\/\/dev4.devmitsinformatica.com\/en\/wp-json\/wp\/v2\/media?parent=6051"}],"wp:term":[{"taxonomy":"product_brand","embeddable":true,"href":"https:\/\/dev4.devmitsinformatica.com\/en\/wp-json\/wp\/v2\/product_brand?post=6051"},{"taxonomy":"product_cat","embeddable":true,"href":"https:\/\/dev4.devmitsinformatica.com\/en\/wp-json\/wp\/v2\/product_cat?post=6051"},{"taxonomy":"product_tag","embeddable":true,"href":"https:\/\/dev4.devmitsinformatica.com\/en\/wp-json\/wp\/v2\/product_tag?post=6051"}],"curies":[{"name":"wp","href":"https:\/\/api.w.org\/{rel}","templated":true}]}}