{"id":6227,"date":"2018-02-02T18:22:54","date_gmt":"2018-02-02T18:22:54","guid":{"rendered":"https:\/\/dev4.devmitsinformatica.com\/?post_type=product&#038;p=6227"},"modified":"2024-11-10T13:28:15","modified_gmt":"2024-11-10T13:28:15","slug":"posca-pc-3m","status":"publish","type":"product","link":"https:\/\/dev4.devmitsinformatica.com\/en\/shop\/uni-posca\/posca-pc-3m\/","title":{"rendered":"POSCA PC-3M"},"content":{"rendered":"<p>El <em><strong>Posca PC-3M<\/strong><\/em> punta fina es ideal para los aficionados de actividades creativas que realizan \u00e1lbumes de recortes, carteler\u00eda o decoraciones de mesa; los artistas y los profesionales que colorean; los creativos que dan una segunda vida a ropa u objetos y los ni\u00f1os que realizan coloreados.<\/p>\n<p>El rotulador <strong>Posca PC3m<\/strong> es el marcador acr\u00edlico mas peque\u00f1o con punta de fieltro de la l\u00ednea Posca. Su punta fina te permite realizar detalles sobre cualquier soporte que imagines o utilizarlo sobre cuadros, telas o papel para dibujo. En And\u00e9n Barcelona puedes comprar tus <em>Posca PC-3M<\/em> online o de manera presencial en nuestra tienda de Barcelona. Hazte con tus Posca Pc3 con envio gratis a partir de 100 euros. Posca es la marca de marcadores acr\u00edlicos posiblemente mas conocida y vendida a nivel mundial gracias a su sistema de bombeo y la versatilidad. Utilizado por artistas, dibujantes, profesionales y creativos que necesitan un rotulador con el que pintar sobre m\u00faltiples superf\u00edcies en momentos diferentes de su d\u00eda a d\u00eda. La completa gama que nos ofrece nos permite combinar sus colores y grosor de l\u00edneas para crear composiciones art\u00edsticas infinitas. Deja volar tu imaginaci\u00f3n y hazte con tu<strong><a href=\"https:\/\/dev4.devmitsinformatica.com\/tienda-online\/rotuladores-posca\/\"> Posca<\/a> PC-3M online<\/strong> en Espa\u00f1a o compra online tu posca en barcelona o en nuestra tienda f\u00edsica Ultrawide.<\/p>\n<p>Posca es la marca mas conocida y posiblemente utilizada a nivel mundial en cuanto a rotuladores de pintura nos referimos, utiliza El Posca PC3m para tus trabajos de trazo fino sobre cualquier superf\u00edcie con la garant\u00eda de una gran marca y una extensa gama de colores combinables entre si. Si eres artista no podemos contarte mucho mas sobre los Rotuladores <a href=\"https:\/\/www.youtube.com\/watch?v=vz2MXyDF_v8\">Posca<\/a> que tu no sepas pero si no lo eres aprovecha y prueba ahora la linea de rotuladores acr\u00edlicos Posca que te ofrecemos en Ultrawide y comprueba por ti mismo. Que es posca?<\/p>\n","protected":false},"excerpt":{"rendered":"<p>Rotulador acr\u00edlico Uni paint de 1.5mm de punta. El <em><strong>Posca PC-3M<\/strong><\/em> punta fina es la referencia para los especialistas. Permite customizar, crear, decorar o marcar cualquier superficie que le inspire con un trazo seguro.<\/p>\n<p>[su_youtube url=&#8221;https:\/\/www.youtube.com\/watch?v=bEYBrnvD_8c&#8221;]<\/p>\n","protected":false},"featured_media":6228,"comment_status":"open","ping_status":"closed","template":"","meta":{"site-sidebar-layout":"default","site-content-layout":"","ast-site-content-layout":"default","site-content-style":"default","site-sidebar-style":"default","ast-global-header-display":"","ast-banner-title-visibility":"","ast-main-header-display":"","ast-hfb-above-header-display":"","ast-hfb-below-header-display":"","ast-hfb-mobile-header-display":"","site-post-title":"","ast-breadcrumbs-content":"","ast-featured-img":"","footer-sml-layout":"","ast-disable-related-posts":"","theme-transparent-header-meta":"","adv-header-id-meta":"","stick-header-meta":"","header-above-stick-meta":"","header-main-stick-meta":"","header-below-stick-meta":"","astra-migrate-meta-layouts":"default","ast-page-background-enabled":"default","ast-page-background-meta":{"desktop":{"background-color":"","background-image":"","background-repeat":"repeat","background-position":"center center","background-size":"auto","background-attachment":"scroll","background-type":"","background-media":"","overlay-type":"","overlay-color":"","overlay-opacity":"","overlay-gradient":""},"tablet":{"background-color":"","background-image":"","background-repeat":"repeat","background-position":"center center","background-size":"auto","background-attachment":"scroll","background-type":"","background-media":"","overlay-type":"","overlay-color":"","overlay-opacity":"","overlay-gradient":""},"mobile":{"background-color":"","background-image":"","background-repeat":"repeat","background-position":"center center","background-size":"auto","background-attachment":"scroll","background-type":"","background-media":"","overlay-type":"","overlay-color":"","overlay-opacity":"","overlay-gradient":""}},"ast-content-background-meta":{"desktop":{"background-color":"var(--ast-global-color-5)","background-image":"","background-repeat":"repeat","background-position":"center center","background-size":"auto","background-attachment":"scroll","background-type":"","background-media":"","overlay-type":"","overlay-color":"","overlay-opacity":"","overlay-gradient":""},"tablet":{"background-color":"var(--ast-global-color-5)","background-image":"","background-repeat":"repeat","background-position":"center center","background-size":"auto","background-attachment":"scroll","background-type":"","background-media":"","overlay-type":"","overlay-color":"","overlay-opacity":"","overlay-gradient":""},"mobile":{"background-color":"var(--ast-global-color-5)","background-image":"","background-repeat":"repeat","background-position":"center center","background-size":"auto","background-attachment":"scroll","background-type":"","background-media":"","overlay-type":"","overlay-color":"","overlay-opacity":"","overlay-gradient":""}}},"product_brand":[],"product_cat":[3375,3289],"product_tag":[2464,3331,3333,3325,3334,3336,3335,3329,3328,3326,3323,3327,3324,3330,3332],"class_list":{"0":"post-6227","1":"product","2":"type-product","3":"status-publish","4":"has-post-thumbnail","6":"product_cat-rotuladores-posca","7":"product_cat-uni-posca","8":"product_tag-5mm","9":"product_tag-barcelona-acrilicos-posca","10":"product_tag-comprar-posca","11":"product_tag-comprar-posca-online","12":"product_tag-graffiti-posca","13":"product_tag-pc-3m","14":"product_tag-pc3m","15":"product_tag-posca-1","16":"product_tag-posca-1mm","17":"product_tag-posca-pc-3m","18":"product_tag-posca-rotulador","19":"product_tag-posca-trazo-fino","20":"product_tag-posca-uni-paint","21":"product_tag-rotuladores-posca-graffiti","22":"product_tag-uni-posca-espana","23":"pa_color-amarillo","24":"pa_color-amarillo-claro","25":"pa_color-azul","26":"pa_color-azul-cielo","27":"pa_color-azul-claro","28":"pa_color-azul-marino","29":"pa_color-beige","30":"pa_color-blanco","31":"pa_color-bronze","32":"pa_color-fucsia","33":"pa_color-gris-pizarra","34":"pa_color-lila","35":"pa_color-marfil","36":"pa_color-marron","37":"pa_color-marron-oscuro","38":"pa_color-naranja","39":"pa_color-naranja-claro","40":"pa_color-naranja-medio","41":"pa_color-negro","42":"pa_color-oro","43":"pa_color-plata","44":"pa_color-rojo","45":"pa_color-rojo-oscuro","46":"pa_color-rosa","47":"pa_color-rosa-claro","48":"pa_color-verde","49":"pa_color-verde-claro","50":"pa_color-verde-esmeralda","51":"pa_color-verde-kaki","52":"pa_color-verde-manzana","53":"pa_color-vino","54":"pa_color-violeta","55":"desktop-align-left","56":"tablet-align-left","57":"mobile-align-left","59":"first","60":"instock","61":"purchasable","62":"product-type-variable"},"yoast_head":"<!-- This site is optimized with the Yoast SEO plugin v27.0 - https:\/\/yoast.com\/product\/yoast-seo-wordpress\/ -->\n<title>Rotulador Posca PC-3M Ultrawide Graffiti Shop Barcelona<\/title>\n<meta name=\"description\" content=\"POSCA PC-3M en Barcelona:POSCA PC-3M? POSCA PC-3M y mas. Arte y Graffiti Shop Barcelona. Spray, Colores, Rotuladores y POSCA PC-3M\" \/>\n<meta name=\"robots\" content=\"index, follow, max-snippet:-1, max-image-preview:large, max-video-preview:-1\" \/>\n<link rel=\"canonical\" href=\"https:\/\/dev4.devmitsinformatica.com\/en\/shop\/uni-posca\/posca-pc-3m\/\" \/>\n<meta property=\"og:locale\" content=\"en_US\" \/>\n<meta property=\"og:type\" content=\"article\" \/>\n<meta property=\"og:title\" content=\"Rotulador Posca PC-3M Ultrawide Graffiti Shop Barcelona\" \/>\n<meta property=\"og:description\" content=\"POSCA PC-3M en Barcelona:POSCA PC-3M? POSCA PC-3M y mas. Arte y Graffiti Shop Barcelona. Spray, Colores, Rotuladores y POSCA PC-3M\" \/>\n<meta property=\"og:url\" content=\"https:\/\/dev4.devmitsinformatica.com\/en\/shop\/uni-posca\/posca-pc-3m\/\" \/>\n<meta property=\"og:site_name\" content=\"ULTRAWIDE GRAFFITI SHOP\" \/>\n<meta property=\"article:modified_time\" content=\"2024-11-10T13:28:15+00:00\" \/>\n<meta property=\"og:image\" content=\"https:\/\/dev4.devmitsinformatica.com\/wp-content\/uploads\/2018\/02\/Uni-Posca-PC3M.png\" \/>\n\t<meta property=\"og:image:width\" content=\"1000\" \/>\n\t<meta property=\"og:image:height\" content=\"1000\" \/>\n\t<meta property=\"og:image:type\" content=\"image\/png\" \/>\n<meta name=\"twitter:card\" content=\"summary_large_image\" \/>\n<meta name=\"twitter:label1\" content=\"Est. reading time\" \/>\n\t<meta name=\"twitter:data1\" content=\"2 minutes\" \/>\n<script type=\"application\/ld+json\" class=\"yoast-schema-graph\">{\"@context\":\"https:\/\/schema.org\",\"@graph\":[{\"@type\":\"WebPage\",\"@id\":\"https:\/\/dev4.devmitsinformatica.com\/en\/shop\/uni-posca\/posca-pc-3m\/\",\"url\":\"https:\/\/dev4.devmitsinformatica.com\/en\/shop\/uni-posca\/posca-pc-3m\/\",\"name\":\"Rotulador Posca PC-3M Ultrawide Graffiti Shop Barcelona\",\"isPartOf\":{\"@id\":\"https:\/\/dev4.devmitsinformatica.com\/en\/#website\"},\"primaryImageOfPage\":{\"@id\":\"https:\/\/dev4.devmitsinformatica.com\/en\/shop\/uni-posca\/posca-pc-3m\/#primaryimage\"},\"image\":{\"@id\":\"https:\/\/dev4.devmitsinformatica.com\/en\/shop\/uni-posca\/posca-pc-3m\/#primaryimage\"},\"thumbnailUrl\":\"https:\/\/dev4.devmitsinformatica.com\/wp-content\/uploads\/2018\/02\/Uni-Posca-PC3M.png\",\"datePublished\":\"2018-02-02T18:22:54+00:00\",\"dateModified\":\"2024-11-10T13:28:15+00:00\",\"description\":\"POSCA PC-3M en Barcelona:POSCA PC-3M? POSCA PC-3M y mas. Arte y Graffiti Shop Barcelona. Spray, Colores, Rotuladores y POSCA PC-3M\",\"breadcrumb\":{\"@id\":\"https:\/\/dev4.devmitsinformatica.com\/en\/shop\/uni-posca\/posca-pc-3m\/#breadcrumb\"},\"inLanguage\":\"en-US\",\"potentialAction\":[{\"@type\":\"ReadAction\",\"target\":[\"https:\/\/dev4.devmitsinformatica.com\/en\/shop\/uni-posca\/posca-pc-3m\/\"]}]},{\"@type\":\"ImageObject\",\"inLanguage\":\"en-US\",\"@id\":\"https:\/\/dev4.devmitsinformatica.com\/en\/shop\/uni-posca\/posca-pc-3m\/#primaryimage\",\"url\":\"https:\/\/dev4.devmitsinformatica.com\/wp-content\/uploads\/2018\/02\/Uni-Posca-PC3M.png\",\"contentUrl\":\"https:\/\/dev4.devmitsinformatica.com\/wp-content\/uploads\/2018\/02\/Uni-Posca-PC3M.png\",\"width\":1000,\"height\":1000,\"caption\":\"marcador posca para graffiti y arte, Posca rotulador fino, Posca pc-3m comprar, comprar online posca\"},{\"@type\":\"BreadcrumbList\",\"@id\":\"https:\/\/dev4.devmitsinformatica.com\/en\/shop\/uni-posca\/posca-pc-3m\/#breadcrumb\",\"itemListElement\":[{\"@type\":\"ListItem\",\"position\":1,\"name\":\"Home\",\"item\":\"https:\/\/dev4.devmitsinformatica.com\/en\/\"},{\"@type\":\"ListItem\",\"position\":2,\"name\":\"Store\",\"item\":\"https:\/\/dev4.devmitsinformatica.com\/?page_id=38\"},{\"@type\":\"ListItem\",\"position\":3,\"name\":\"POSCA PC-3M\"}]},{\"@type\":\"WebSite\",\"@id\":\"https:\/\/dev4.devmitsinformatica.com\/en\/#website\",\"url\":\"https:\/\/dev4.devmitsinformatica.com\/en\/\",\"name\":\"ULTRAWIDE GRAFFITI SHOP\",\"description\":\"SPRAY GRAFFITI SHOP CAPS Y ROTULADORES\",\"publisher\":{\"@id\":\"https:\/\/dev4.devmitsinformatica.com\/en\/#organization\"},\"potentialAction\":[{\"@type\":\"SearchAction\",\"target\":{\"@type\":\"EntryPoint\",\"urlTemplate\":\"https:\/\/dev4.devmitsinformatica.com\/en\/?s={search_term_string}\"},\"query-input\":{\"@type\":\"PropertyValueSpecification\",\"valueRequired\":true,\"valueName\":\"search_term_string\"}}],\"inLanguage\":\"en-US\"},{\"@type\":\"Organization\",\"@id\":\"https:\/\/dev4.devmitsinformatica.com\/en\/#organization\",\"name\":\"ANDEN Graffiti Shop Barcelona\",\"url\":\"https:\/\/dev4.devmitsinformatica.com\/en\/\",\"logo\":{\"@type\":\"ImageObject\",\"inLanguage\":\"en-US\",\"@id\":\"https:\/\/dev4.devmitsinformatica.com\/en\/#\/schema\/logo\/image\/\",\"url\":\"https:\/\/dev4.devmitsinformatica.com\/wp-content\/uploads\/2016\/11\/graffiti-gallery-barcelona.png\",\"contentUrl\":\"https:\/\/dev4.devmitsinformatica.com\/wp-content\/uploads\/2016\/11\/graffiti-gallery-barcelona.png\",\"width\":386,\"height\":150,\"caption\":\"ANDEN Graffiti Shop Barcelona\"},\"image\":{\"@id\":\"https:\/\/dev4.devmitsinformatica.com\/en\/#\/schema\/logo\/image\/\"}}]}<\/script>\n<!-- \/ Yoast SEO plugin. -->","yoast_head_json":{"title":"Rotulador Posca PC-3M Ultrawide Graffiti Shop Barcelona","description":"POSCA PC-3M en Barcelona:POSCA PC-3M? POSCA PC-3M y mas. Arte y Graffiti Shop Barcelona. Spray, Colores, Rotuladores y POSCA PC-3M","robots":{"index":"index","follow":"follow","max-snippet":"max-snippet:-1","max-image-preview":"max-image-preview:large","max-video-preview":"max-video-preview:-1"},"canonical":"https:\/\/dev4.devmitsinformatica.com\/en\/shop\/uni-posca\/posca-pc-3m\/","og_locale":"en_US","og_type":"article","og_title":"Rotulador Posca PC-3M Ultrawide Graffiti Shop Barcelona","og_description":"POSCA PC-3M en Barcelona:POSCA PC-3M? POSCA PC-3M y mas. Arte y Graffiti Shop Barcelona. Spray, Colores, Rotuladores y POSCA PC-3M","og_url":"https:\/\/dev4.devmitsinformatica.com\/en\/shop\/uni-posca\/posca-pc-3m\/","og_site_name":"ULTRAWIDE GRAFFITI SHOP","article_modified_time":"2024-11-10T13:28:15+00:00","og_image":[{"width":1000,"height":1000,"url":"https:\/\/dev4.devmitsinformatica.com\/wp-content\/uploads\/2018\/02\/Uni-Posca-PC3M.png","type":"image\/png"}],"twitter_card":"summary_large_image","twitter_misc":{"Est. reading time":"2 minutes"},"schema":{"@context":"https:\/\/schema.org","@graph":[{"@type":"WebPage","@id":"https:\/\/dev4.devmitsinformatica.com\/en\/shop\/uni-posca\/posca-pc-3m\/","url":"https:\/\/dev4.devmitsinformatica.com\/en\/shop\/uni-posca\/posca-pc-3m\/","name":"Rotulador Posca PC-3M Ultrawide Graffiti Shop Barcelona","isPartOf":{"@id":"https:\/\/dev4.devmitsinformatica.com\/en\/#website"},"primaryImageOfPage":{"@id":"https:\/\/dev4.devmitsinformatica.com\/en\/shop\/uni-posca\/posca-pc-3m\/#primaryimage"},"image":{"@id":"https:\/\/dev4.devmitsinformatica.com\/en\/shop\/uni-posca\/posca-pc-3m\/#primaryimage"},"thumbnailUrl":"https:\/\/dev4.devmitsinformatica.com\/wp-content\/uploads\/2018\/02\/Uni-Posca-PC3M.png","datePublished":"2018-02-02T18:22:54+00:00","dateModified":"2024-11-10T13:28:15+00:00","description":"POSCA PC-3M en Barcelona:POSCA PC-3M? POSCA PC-3M y mas. Arte y Graffiti Shop Barcelona. Spray, Colores, Rotuladores y POSCA PC-3M","breadcrumb":{"@id":"https:\/\/dev4.devmitsinformatica.com\/en\/shop\/uni-posca\/posca-pc-3m\/#breadcrumb"},"inLanguage":"en-US","potentialAction":[{"@type":"ReadAction","target":["https:\/\/dev4.devmitsinformatica.com\/en\/shop\/uni-posca\/posca-pc-3m\/"]}]},{"@type":"ImageObject","inLanguage":"en-US","@id":"https:\/\/dev4.devmitsinformatica.com\/en\/shop\/uni-posca\/posca-pc-3m\/#primaryimage","url":"https:\/\/dev4.devmitsinformatica.com\/wp-content\/uploads\/2018\/02\/Uni-Posca-PC3M.png","contentUrl":"https:\/\/dev4.devmitsinformatica.com\/wp-content\/uploads\/2018\/02\/Uni-Posca-PC3M.png","width":1000,"height":1000,"caption":"marcador posca para graffiti y arte, Posca rotulador fino, Posca pc-3m comprar, comprar online posca"},{"@type":"BreadcrumbList","@id":"https:\/\/dev4.devmitsinformatica.com\/en\/shop\/uni-posca\/posca-pc-3m\/#breadcrumb","itemListElement":[{"@type":"ListItem","position":1,"name":"Home","item":"https:\/\/dev4.devmitsinformatica.com\/en\/"},{"@type":"ListItem","position":2,"name":"Store","item":"https:\/\/dev4.devmitsinformatica.com\/?page_id=38"},{"@type":"ListItem","position":3,"name":"POSCA PC-3M"}]},{"@type":"WebSite","@id":"https:\/\/dev4.devmitsinformatica.com\/en\/#website","url":"https:\/\/dev4.devmitsinformatica.com\/en\/","name":"ULTRAWIDE GRAFFITI SHOP","description":"SPRAY GRAFFITI SHOP CAPS Y ROTULADORES","publisher":{"@id":"https:\/\/dev4.devmitsinformatica.com\/en\/#organization"},"potentialAction":[{"@type":"SearchAction","target":{"@type":"EntryPoint","urlTemplate":"https:\/\/dev4.devmitsinformatica.com\/en\/?s={search_term_string}"},"query-input":{"@type":"PropertyValueSpecification","valueRequired":true,"valueName":"search_term_string"}}],"inLanguage":"en-US"},{"@type":"Organization","@id":"https:\/\/dev4.devmitsinformatica.com\/en\/#organization","name":"ANDEN Graffiti Shop Barcelona","url":"https:\/\/dev4.devmitsinformatica.com\/en\/","logo":{"@type":"ImageObject","inLanguage":"en-US","@id":"https:\/\/dev4.devmitsinformatica.com\/en\/#\/schema\/logo\/image\/","url":"https:\/\/dev4.devmitsinformatica.com\/wp-content\/uploads\/2016\/11\/graffiti-gallery-barcelona.png","contentUrl":"https:\/\/dev4.devmitsinformatica.com\/wp-content\/uploads\/2016\/11\/graffiti-gallery-barcelona.png","width":386,"height":150,"caption":"ANDEN Graffiti Shop Barcelona"},"image":{"@id":"https:\/\/dev4.devmitsinformatica.com\/en\/#\/schema\/logo\/image\/"}}]}},"_links":{"self":[{"href":"https:\/\/dev4.devmitsinformatica.com\/en\/wp-json\/wp\/v2\/product\/6227","targetHints":{"allow":["GET"]}}],"collection":[{"href":"https:\/\/dev4.devmitsinformatica.com\/en\/wp-json\/wp\/v2\/product"}],"about":[{"href":"https:\/\/dev4.devmitsinformatica.com\/en\/wp-json\/wp\/v2\/types\/product"}],"replies":[{"embeddable":true,"href":"https:\/\/dev4.devmitsinformatica.com\/en\/wp-json\/wp\/v2\/comments?post=6227"}],"version-history":[{"count":0,"href":"https:\/\/dev4.devmitsinformatica.com\/en\/wp-json\/wp\/v2\/product\/6227\/revisions"}],"wp:featuredmedia":[{"embeddable":true,"href":"https:\/\/dev4.devmitsinformatica.com\/en\/wp-json\/wp\/v2\/media\/6228"}],"wp:attachment":[{"href":"https:\/\/dev4.devmitsinformatica.com\/en\/wp-json\/wp\/v2\/media?parent=6227"}],"wp:term":[{"taxonomy":"product_brand","embeddable":true,"href":"https:\/\/dev4.devmitsinformatica.com\/en\/wp-json\/wp\/v2\/product_brand?post=6227"},{"taxonomy":"product_cat","embeddable":true,"href":"https:\/\/dev4.devmitsinformatica.com\/en\/wp-json\/wp\/v2\/product_cat?post=6227"},{"taxonomy":"product_tag","embeddable":true,"href":"https:\/\/dev4.devmitsinformatica.com\/en\/wp-json\/wp\/v2\/product_tag?post=6227"}],"curies":[{"name":"wp","href":"https:\/\/api.w.org\/{rel}","templated":true}]}}