{"id":6261,"date":"2018-02-03T12:11:11","date_gmt":"2018-02-03T12:11:11","guid":{"rendered":"https:\/\/dev4.devmitsinformatica.com\/?post_type=product&#038;p=6261"},"modified":"2023-10-13T17:29:59","modified_gmt":"2023-10-13T17:29:59","slug":"posca-pc-7m","status":"publish","type":"product","link":"https:\/\/dev4.devmitsinformatica.com\/en\/shop\/uni-posca\/posca-pc-7m\/","title":{"rendered":"POSCA PC-7M"},"content":{"rendered":"<p>El <strong><em><a href=\"https:\/\/dev4.devmitsinformatica.com\/tienda-online\/uni-posca\/\">Posca<\/a> PC-7M<\/em><\/strong> punta c\u00f3nica es ideal para los artistas que pintan y dibujan sobre cualquier superficie en un espacio interior o exterior; los apasionados de <a href=\"http:\/\/barcelonapinturas.com\">decoraci\u00f3n de interiores<\/a> que dan una segunda vida a un espacio, un mueble, un objeto, un tejido; los surfistas y los skaters que customizan sus tablas; los profesionales que decoran sus escaparates.<\/p>\n<p>El nuevo Posca <strong>PC-7M<\/strong> conserva el tama\u00f1o de su hermano el PC8K pero con un ligero cambio hasta ahora muy demandado por los artistas y el p\u00fablico en general, su punta c\u00f3nica redonda para trabajos que requieren de una linea m\u00e1s sim\u00e9trica, con este rotulador Posca completa la l\u00ednea de rotuladores acr\u00edlicos de punta redonda como el PC3m y el Pc5m, siendo el pc7m el marcador de punta redonda mayor de la l\u00ednea. El<em><strong> Posca PC-7M<\/strong> <\/em>se presenta en una l\u00ednea de 15 colores que intuimos se ir\u00e1n ampliando con el tiempo y la demanda. Realiza tus dibujos y aplicaciones sobre cristal, madera, cemento, cer\u00e1mica, tela&#8230;Las m\u00faltiples utilidades de la l\u00ednea Posca han convertido a la marca en la mas conocida y expandida a nivel mundial, habiendo sido la primera marca en desarrollar un rotulador acr\u00edlico con estas cualidades y siendo posiblemente el rotulador acr\u00edlico mas utilizado por el p\u00fablico.<\/p>\n","protected":false},"excerpt":{"rendered":"<p>El Nuevo <strong><em>Posca PC7M<\/em><\/strong> , el nuevo rotulador de la marca Japonesa con id\u00e9ntica medida al marcador <strong>PC8K<\/strong> de la marca pero con punta c\u00f3nica. <strong>Posca<\/strong> ha desarrollado este marcador de punta de 8mm redonda, siendo una vez mas el primero en sacar al mercado un marcador de estas caracter\u00edsticas habiendolo presentado como novedad en la pasada Feria Creative World de Frankfurt. Uni<em> Posca<\/em> presenta el <em>PC7m<\/em>, un rotulador que sin duda cubrir\u00e1 con las exigencias de esa parte de p\u00fablico al que le faltaba encontrar algo de este tipo.<\/p>\n<p>&nbsp;<\/p>\n","protected":false},"featured_media":6278,"comment_status":"open","ping_status":"closed","template":"","meta":{"site-sidebar-layout":"default","site-content-layout":"","ast-site-content-layout":"default","site-content-style":"default","site-sidebar-style":"default","ast-global-header-display":"","ast-banner-title-visibility":"","ast-main-header-display":"","ast-hfb-above-header-display":"","ast-hfb-below-header-display":"","ast-hfb-mobile-header-display":"","site-post-title":"","ast-breadcrumbs-content":"","ast-featured-img":"","footer-sml-layout":"","ast-disable-related-posts":"","theme-transparent-header-meta":"","adv-header-id-meta":"","stick-header-meta":"","header-above-stick-meta":"","header-main-stick-meta":"","header-below-stick-meta":"","astra-migrate-meta-layouts":"default","ast-page-background-enabled":"default","ast-page-background-meta":{"desktop":{"background-color":"","background-image":"","background-repeat":"repeat","background-position":"center center","background-size":"auto","background-attachment":"scroll","background-type":"","background-media":"","overlay-type":"","overlay-color":"","overlay-opacity":"","overlay-gradient":""},"tablet":{"background-color":"","background-image":"","background-repeat":"repeat","background-position":"center center","background-size":"auto","background-attachment":"scroll","background-type":"","background-media":"","overlay-type":"","overlay-color":"","overlay-opacity":"","overlay-gradient":""},"mobile":{"background-color":"","background-image":"","background-repeat":"repeat","background-position":"center center","background-size":"auto","background-attachment":"scroll","background-type":"","background-media":"","overlay-type":"","overlay-color":"","overlay-opacity":"","overlay-gradient":""}},"ast-content-background-meta":{"desktop":{"background-color":"var(--ast-global-color-5)","background-image":"","background-repeat":"repeat","background-position":"center center","background-size":"auto","background-attachment":"scroll","background-type":"","background-media":"","overlay-type":"","overlay-color":"","overlay-opacity":"","overlay-gradient":""},"tablet":{"background-color":"var(--ast-global-color-5)","background-image":"","background-repeat":"repeat","background-position":"center center","background-size":"auto","background-attachment":"scroll","background-type":"","background-media":"","overlay-type":"","overlay-color":"","overlay-opacity":"","overlay-gradient":""},"mobile":{"background-color":"var(--ast-global-color-5)","background-image":"","background-repeat":"repeat","background-position":"center center","background-size":"auto","background-attachment":"scroll","background-type":"","background-media":"","overlay-type":"","overlay-color":"","overlay-opacity":"","overlay-gradient":""}}},"product_brand":[],"product_cat":[3375,3289],"product_tag":[3325,3344,3334,3339,3347,3350,3352,3351,3354,3353,3341,3340,3348,3342,3338,3343,3346,2302,2596,3345,3337,3349],"class_list":{"0":"post-6261","1":"product","2":"type-product","3":"status-publish","4":"has-post-thumbnail","6":"product_cat-rotuladores-posca","7":"product_cat-uni-posca","8":"product_tag-comprar-posca-online","9":"product_tag-envio-gratis","10":"product_tag-graffiti-posca","11":"product_tag-paint","12":"product_tag-pc7m","13":"product_tag-posca-barcelona","14":"product_tag-posca-espana","15":"product_tag-posca-madrid","16":"product_tag-posca-oficial","17":"product_tag-posca-online","18":"product_tag-posca-pc-7m","19":"product_tag-posca-pc7m","20":"product_tag-posca-punta-8mm","21":"product_tag-posca-punta-redonde","22":"product_tag-posca-uni","23":"product_tag-poscas-baratos","24":"product_tag-rotulador-de-pintura","25":"product_tag-rotulador-para-graffiti","26":"product_tag-rotuladores-acrilicos","27":"product_tag-rotuladores-para-pared","28":"product_tag-rotuladores-posca","29":"product_tag-uni-posca","30":"pa_color-amarillo","31":"pa_color-azul","32":"pa_color-azul-claro","33":"pa_color-blanco","34":"pa_color-gris","35":"pa_color-marron","36":"pa_color-naranja","37":"pa_color-naranja-claro","38":"pa_color-naranja-medio","39":"pa_color-negro","40":"pa_color-rojo","41":"pa_color-rosa","42":"pa_color-verde","43":"pa_color-verde-claro","44":"pa_color-violeta","45":"desktop-align-left","46":"tablet-align-left","47":"mobile-align-left","49":"first","50":"instock","51":"purchasable","52":"product-type-variable"},"yoast_head":"<!-- This site is optimized with the Yoast SEO plugin v27.0 - https:\/\/yoast.com\/product\/yoast-seo-wordpress\/ -->\n<title>Rotulador Posca PC-7M Barcelona Ultrawide punta redonda<\/title>\n<meta name=\"description\" content=\"POSCA PC-7M. Bellas artes y Graffiti Shop en Barcelona con envio a todas Espa\u00f1a. Spray, Colores, Rotuladores y marcadores acr\u00edlicos POSCA.\" \/>\n<meta name=\"robots\" content=\"index, follow, max-snippet:-1, max-image-preview:large, max-video-preview:-1\" \/>\n<link rel=\"canonical\" href=\"https:\/\/dev4.devmitsinformatica.com\/en\/shop\/uni-posca\/posca-pc-7m\/\" \/>\n<meta property=\"og:locale\" content=\"en_US\" \/>\n<meta property=\"og:type\" content=\"article\" \/>\n<meta property=\"og:title\" content=\"Rotulador Posca PC-7M Barcelona Ultrawide punta redonda\" \/>\n<meta property=\"og:description\" content=\"POSCA PC-7M. Bellas artes y Graffiti Shop en Barcelona con envio a todas Espa\u00f1a. Spray, Colores, Rotuladores y marcadores acr\u00edlicos POSCA.\" \/>\n<meta property=\"og:url\" content=\"https:\/\/dev4.devmitsinformatica.com\/en\/shop\/uni-posca\/posca-pc-7m\/\" \/>\n<meta property=\"og:site_name\" content=\"ULTRAWIDE GRAFFITI SHOP\" \/>\n<meta property=\"article:modified_time\" content=\"2023-10-13T17:29:59+00:00\" \/>\n<meta property=\"og:image\" content=\"https:\/\/dev4.devmitsinformatica.com\/wp-content\/uploads\/2018\/02\/Rotulador-Posca-PC7M.jpg\" \/>\n\t<meta property=\"og:image:width\" content=\"458\" \/>\n\t<meta property=\"og:image:height\" content=\"458\" \/>\n\t<meta property=\"og:image:type\" content=\"image\/jpeg\" \/>\n<meta name=\"twitter:card\" content=\"summary_large_image\" \/>\n<meta name=\"twitter:label1\" content=\"Est. reading time\" \/>\n\t<meta name=\"twitter:data1\" content=\"1 minute\" \/>\n<script type=\"application\/ld+json\" class=\"yoast-schema-graph\">{\"@context\":\"https:\/\/schema.org\",\"@graph\":[{\"@type\":\"WebPage\",\"@id\":\"https:\/\/dev4.devmitsinformatica.com\/en\/shop\/uni-posca\/posca-pc-7m\/\",\"url\":\"https:\/\/dev4.devmitsinformatica.com\/en\/shop\/uni-posca\/posca-pc-7m\/\",\"name\":\"Rotulador Posca PC-7M Barcelona Ultrawide punta redonda\",\"isPartOf\":{\"@id\":\"https:\/\/dev4.devmitsinformatica.com\/en\/#website\"},\"primaryImageOfPage\":{\"@id\":\"https:\/\/dev4.devmitsinformatica.com\/en\/shop\/uni-posca\/posca-pc-7m\/#primaryimage\"},\"image\":{\"@id\":\"https:\/\/dev4.devmitsinformatica.com\/en\/shop\/uni-posca\/posca-pc-7m\/#primaryimage\"},\"thumbnailUrl\":\"https:\/\/dev4.devmitsinformatica.com\/wp-content\/uploads\/2018\/02\/Rotulador-Posca-PC7M.jpg\",\"datePublished\":\"2018-02-03T12:11:11+00:00\",\"dateModified\":\"2023-10-13T17:29:59+00:00\",\"description\":\"POSCA PC-7M. Bellas artes y Graffiti Shop en Barcelona con envio a todas Espa\u00f1a. Spray, Colores, Rotuladores y marcadores acr\u00edlicos POSCA.\",\"breadcrumb\":{\"@id\":\"https:\/\/dev4.devmitsinformatica.com\/en\/shop\/uni-posca\/posca-pc-7m\/#breadcrumb\"},\"inLanguage\":\"en-US\",\"potentialAction\":[{\"@type\":\"ReadAction\",\"target\":[\"https:\/\/dev4.devmitsinformatica.com\/en\/shop\/uni-posca\/posca-pc-7m\/\"]}]},{\"@type\":\"ImageObject\",\"inLanguage\":\"en-US\",\"@id\":\"https:\/\/dev4.devmitsinformatica.com\/en\/shop\/uni-posca\/posca-pc-7m\/#primaryimage\",\"url\":\"https:\/\/dev4.devmitsinformatica.com\/wp-content\/uploads\/2018\/02\/Rotulador-Posca-PC7M.jpg\",\"contentUrl\":\"https:\/\/dev4.devmitsinformatica.com\/wp-content\/uploads\/2018\/02\/Rotulador-Posca-PC7M.jpg\",\"width\":458,\"height\":458,\"caption\":\"And\u00e9n tu tienda de rotuladores Posca, Posca Oficial marcadores, marcador posca acrilico, comprar poscas online ahora en anden barcelona, envio gratis para epa\u00f1a\"},{\"@type\":\"BreadcrumbList\",\"@id\":\"https:\/\/dev4.devmitsinformatica.com\/en\/shop\/uni-posca\/posca-pc-7m\/#breadcrumb\",\"itemListElement\":[{\"@type\":\"ListItem\",\"position\":1,\"name\":\"Home\",\"item\":\"https:\/\/dev4.devmitsinformatica.com\/en\/\"},{\"@type\":\"ListItem\",\"position\":2,\"name\":\"Store\",\"item\":\"https:\/\/dev4.devmitsinformatica.com\/?page_id=38\"},{\"@type\":\"ListItem\",\"position\":3,\"name\":\"POSCA PC-7M\"}]},{\"@type\":\"WebSite\",\"@id\":\"https:\/\/dev4.devmitsinformatica.com\/en\/#website\",\"url\":\"https:\/\/dev4.devmitsinformatica.com\/en\/\",\"name\":\"ULTRAWIDE GRAFFITI SHOP\",\"description\":\"SPRAY GRAFFITI SHOP CAPS Y ROTULADORES\",\"publisher\":{\"@id\":\"https:\/\/dev4.devmitsinformatica.com\/en\/#organization\"},\"potentialAction\":[{\"@type\":\"SearchAction\",\"target\":{\"@type\":\"EntryPoint\",\"urlTemplate\":\"https:\/\/dev4.devmitsinformatica.com\/en\/?s={search_term_string}\"},\"query-input\":{\"@type\":\"PropertyValueSpecification\",\"valueRequired\":true,\"valueName\":\"search_term_string\"}}],\"inLanguage\":\"en-US\"},{\"@type\":\"Organization\",\"@id\":\"https:\/\/dev4.devmitsinformatica.com\/en\/#organization\",\"name\":\"ANDEN Graffiti Shop Barcelona\",\"url\":\"https:\/\/dev4.devmitsinformatica.com\/en\/\",\"logo\":{\"@type\":\"ImageObject\",\"inLanguage\":\"en-US\",\"@id\":\"https:\/\/dev4.devmitsinformatica.com\/en\/#\/schema\/logo\/image\/\",\"url\":\"https:\/\/dev4.devmitsinformatica.com\/wp-content\/uploads\/2016\/11\/graffiti-gallery-barcelona.png\",\"contentUrl\":\"https:\/\/dev4.devmitsinformatica.com\/wp-content\/uploads\/2016\/11\/graffiti-gallery-barcelona.png\",\"width\":386,\"height\":150,\"caption\":\"ANDEN Graffiti Shop Barcelona\"},\"image\":{\"@id\":\"https:\/\/dev4.devmitsinformatica.com\/en\/#\/schema\/logo\/image\/\"}}]}<\/script>\n<!-- \/ Yoast SEO plugin. -->","yoast_head_json":{"title":"Rotulador Posca PC-7M Barcelona Ultrawide punta redonda","description":"POSCA PC-7M. Bellas artes y Graffiti Shop en Barcelona con envio a todas Espa\u00f1a. Spray, Colores, Rotuladores y marcadores acr\u00edlicos POSCA.","robots":{"index":"index","follow":"follow","max-snippet":"max-snippet:-1","max-image-preview":"max-image-preview:large","max-video-preview":"max-video-preview:-1"},"canonical":"https:\/\/dev4.devmitsinformatica.com\/en\/shop\/uni-posca\/posca-pc-7m\/","og_locale":"en_US","og_type":"article","og_title":"Rotulador Posca PC-7M Barcelona Ultrawide punta redonda","og_description":"POSCA PC-7M. Bellas artes y Graffiti Shop en Barcelona con envio a todas Espa\u00f1a. Spray, Colores, Rotuladores y marcadores acr\u00edlicos POSCA.","og_url":"https:\/\/dev4.devmitsinformatica.com\/en\/shop\/uni-posca\/posca-pc-7m\/","og_site_name":"ULTRAWIDE GRAFFITI SHOP","article_modified_time":"2023-10-13T17:29:59+00:00","og_image":[{"width":458,"height":458,"url":"https:\/\/dev4.devmitsinformatica.com\/wp-content\/uploads\/2018\/02\/Rotulador-Posca-PC7M.jpg","type":"image\/jpeg"}],"twitter_card":"summary_large_image","twitter_misc":{"Est. reading time":"1 minute"},"schema":{"@context":"https:\/\/schema.org","@graph":[{"@type":"WebPage","@id":"https:\/\/dev4.devmitsinformatica.com\/en\/shop\/uni-posca\/posca-pc-7m\/","url":"https:\/\/dev4.devmitsinformatica.com\/en\/shop\/uni-posca\/posca-pc-7m\/","name":"Rotulador Posca PC-7M Barcelona Ultrawide punta redonda","isPartOf":{"@id":"https:\/\/dev4.devmitsinformatica.com\/en\/#website"},"primaryImageOfPage":{"@id":"https:\/\/dev4.devmitsinformatica.com\/en\/shop\/uni-posca\/posca-pc-7m\/#primaryimage"},"image":{"@id":"https:\/\/dev4.devmitsinformatica.com\/en\/shop\/uni-posca\/posca-pc-7m\/#primaryimage"},"thumbnailUrl":"https:\/\/dev4.devmitsinformatica.com\/wp-content\/uploads\/2018\/02\/Rotulador-Posca-PC7M.jpg","datePublished":"2018-02-03T12:11:11+00:00","dateModified":"2023-10-13T17:29:59+00:00","description":"POSCA PC-7M. Bellas artes y Graffiti Shop en Barcelona con envio a todas Espa\u00f1a. Spray, Colores, Rotuladores y marcadores acr\u00edlicos POSCA.","breadcrumb":{"@id":"https:\/\/dev4.devmitsinformatica.com\/en\/shop\/uni-posca\/posca-pc-7m\/#breadcrumb"},"inLanguage":"en-US","potentialAction":[{"@type":"ReadAction","target":["https:\/\/dev4.devmitsinformatica.com\/en\/shop\/uni-posca\/posca-pc-7m\/"]}]},{"@type":"ImageObject","inLanguage":"en-US","@id":"https:\/\/dev4.devmitsinformatica.com\/en\/shop\/uni-posca\/posca-pc-7m\/#primaryimage","url":"https:\/\/dev4.devmitsinformatica.com\/wp-content\/uploads\/2018\/02\/Rotulador-Posca-PC7M.jpg","contentUrl":"https:\/\/dev4.devmitsinformatica.com\/wp-content\/uploads\/2018\/02\/Rotulador-Posca-PC7M.jpg","width":458,"height":458,"caption":"And\u00e9n tu tienda de rotuladores Posca, Posca Oficial marcadores, marcador posca acrilico, comprar poscas online ahora en anden barcelona, envio gratis para epa\u00f1a"},{"@type":"BreadcrumbList","@id":"https:\/\/dev4.devmitsinformatica.com\/en\/shop\/uni-posca\/posca-pc-7m\/#breadcrumb","itemListElement":[{"@type":"ListItem","position":1,"name":"Home","item":"https:\/\/dev4.devmitsinformatica.com\/en\/"},{"@type":"ListItem","position":2,"name":"Store","item":"https:\/\/dev4.devmitsinformatica.com\/?page_id=38"},{"@type":"ListItem","position":3,"name":"POSCA PC-7M"}]},{"@type":"WebSite","@id":"https:\/\/dev4.devmitsinformatica.com\/en\/#website","url":"https:\/\/dev4.devmitsinformatica.com\/en\/","name":"ULTRAWIDE GRAFFITI SHOP","description":"SPRAY GRAFFITI SHOP CAPS Y ROTULADORES","publisher":{"@id":"https:\/\/dev4.devmitsinformatica.com\/en\/#organization"},"potentialAction":[{"@type":"SearchAction","target":{"@type":"EntryPoint","urlTemplate":"https:\/\/dev4.devmitsinformatica.com\/en\/?s={search_term_string}"},"query-input":{"@type":"PropertyValueSpecification","valueRequired":true,"valueName":"search_term_string"}}],"inLanguage":"en-US"},{"@type":"Organization","@id":"https:\/\/dev4.devmitsinformatica.com\/en\/#organization","name":"ANDEN Graffiti Shop Barcelona","url":"https:\/\/dev4.devmitsinformatica.com\/en\/","logo":{"@type":"ImageObject","inLanguage":"en-US","@id":"https:\/\/dev4.devmitsinformatica.com\/en\/#\/schema\/logo\/image\/","url":"https:\/\/dev4.devmitsinformatica.com\/wp-content\/uploads\/2016\/11\/graffiti-gallery-barcelona.png","contentUrl":"https:\/\/dev4.devmitsinformatica.com\/wp-content\/uploads\/2016\/11\/graffiti-gallery-barcelona.png","width":386,"height":150,"caption":"ANDEN Graffiti Shop Barcelona"},"image":{"@id":"https:\/\/dev4.devmitsinformatica.com\/en\/#\/schema\/logo\/image\/"}}]}},"_links":{"self":[{"href":"https:\/\/dev4.devmitsinformatica.com\/en\/wp-json\/wp\/v2\/product\/6261","targetHints":{"allow":["GET"]}}],"collection":[{"href":"https:\/\/dev4.devmitsinformatica.com\/en\/wp-json\/wp\/v2\/product"}],"about":[{"href":"https:\/\/dev4.devmitsinformatica.com\/en\/wp-json\/wp\/v2\/types\/product"}],"replies":[{"embeddable":true,"href":"https:\/\/dev4.devmitsinformatica.com\/en\/wp-json\/wp\/v2\/comments?post=6261"}],"version-history":[{"count":0,"href":"https:\/\/dev4.devmitsinformatica.com\/en\/wp-json\/wp\/v2\/product\/6261\/revisions"}],"wp:featuredmedia":[{"embeddable":true,"href":"https:\/\/dev4.devmitsinformatica.com\/en\/wp-json\/wp\/v2\/media\/6278"}],"wp:attachment":[{"href":"https:\/\/dev4.devmitsinformatica.com\/en\/wp-json\/wp\/v2\/media?parent=6261"}],"wp:term":[{"taxonomy":"product_brand","embeddable":true,"href":"https:\/\/dev4.devmitsinformatica.com\/en\/wp-json\/wp\/v2\/product_brand?post=6261"},{"taxonomy":"product_cat","embeddable":true,"href":"https:\/\/dev4.devmitsinformatica.com\/en\/wp-json\/wp\/v2\/product_cat?post=6261"},{"taxonomy":"product_tag","embeddable":true,"href":"https:\/\/dev4.devmitsinformatica.com\/en\/wp-json\/wp\/v2\/product_tag?post=6261"}],"curies":[{"name":"wp","href":"https:\/\/api.w.org\/{rel}","templated":true}]}}