{"id":6279,"date":"2018-02-03T12:48:24","date_gmt":"2018-02-03T12:48:24","guid":{"rendered":"https:\/\/dev4.devmitsinformatica.com\/?post_type=product&#038;p=6279"},"modified":"2020-06-09T17:41:07","modified_gmt":"2020-06-09T17:41:07","slug":"posca-pc-8k","status":"publish","type":"product","link":"https:\/\/dev4.devmitsinformatica.com\/en\/shop\/uni-posca\/posca-pc-8k\/","title":{"rendered":"POSCA PC-8K"},"content":{"rendered":"<p>El <strong><em><a href=\"https:\/\/dev4.devmitsinformatica.com\/tienda-online\/rotuladores-posca\/\">Posca<\/a> PC8K<\/em><\/strong> punta gruesa es ideal para los artistas que pintan y dibujan sobre cualquier superficie en un espacio interior o exterior; los apasionados de decoraci\u00f3n de interiores que dan una segunda vida a un espacio, un mueble, un objeto, un tejido; los surfistas y los skaters que customizan sus tablas; los profesionales que decoran sus escaparates. <strong>POSCA<\/strong>. La utilidad del <strong>PC8K<\/strong> es infinita ya que su tinta acr\u00edlica permite pintar sobre casi cualquier superf\u00edcie como cristal, madera, piedra, pl\u00e1stico etc&#8230; de forma f\u00e1cil y comoda gracias a su sistema de bombeo de tinta. Su punta de 8mm chisel lo convierte en un rotulador muy vers\u00e1til ya que podemos aprovechar esta forma para realizar trazos de 4mm o 8mm en funci\u00f3n de como coloquemos la punta sobre el soporte. El <strong>Posca PC8K<\/strong>, es posiblemente el marcador m\u00e1s utilizado de la l\u00ednea ya que su medida lo hace muy apropiado para utilizar en murales de graffiti combinandolo con el spray para realizar peque\u00f1os detalles. Otro de los usos mas utilizados de <strong>Posca<\/strong> es sin duda el de realizar intervenciones en escaparates pintando sobre el cristal motivos o elementos decorativos que ayudan a acaptar la atenci\u00f3n del cliente. Todav\u00eda no conoces Posca? Compra ya tu <em>Posca pc8k<\/em> online o visitanos en nuestra tienda f\u00edsica y hazte con uno!!<\/p>\n<p>Uno de los rotuladores de <a href=\"http:\/\/barcelonapinturas.com\">pintura<\/a> m\u00e1s utilizados en el mundo y preferidos de los artistas!<\/p>\n","protected":false},"excerpt":{"rendered":"<p><em><strong>El PC-8K<\/strong><\/em> punta gruesa biselada dibuja curvas n\u00edtidas y cubre amplias superficies en una gama de colores muy extendida. Ideal para los planos lisos, los<em><strong> graffiti<\/strong><\/em> del \u00abArte Callejero\u00bb o para marcar, tanto para aficionados como los profesionales. El marcador mas vendido de la l\u00ednea por su vers\u00e1tilidad y tama\u00f1o de punta. Todo un cl\u00e1sico de laa marca japones <strong>POSCA<\/strong>.<\/p>\n<p>[su_youtube url=&#8221;https:\/\/www.youtube.com\/watch?v=fUNa5PJs2QE&#8221;]<\/p>\n","protected":false},"featured_media":6280,"comment_status":"open","ping_status":"closed","template":"","meta":{"site-sidebar-layout":"default","site-content-layout":"","ast-site-content-layout":"default","site-content-style":"default","site-sidebar-style":"default","ast-global-header-display":"","ast-banner-title-visibility":"","ast-main-header-display":"","ast-hfb-above-header-display":"","ast-hfb-below-header-display":"","ast-hfb-mobile-header-display":"","site-post-title":"","ast-breadcrumbs-content":"","ast-featured-img":"","footer-sml-layout":"","ast-disable-related-posts":"","theme-transparent-header-meta":"","adv-header-id-meta":"","stick-header-meta":"","header-above-stick-meta":"","header-main-stick-meta":"","header-below-stick-meta":"","astra-migrate-meta-layouts":"default","ast-page-background-enabled":"default","ast-page-background-meta":{"desktop":{"background-color":"","background-image":"","background-repeat":"repeat","background-position":"center center","background-size":"auto","background-attachment":"scroll","background-type":"","background-media":"","overlay-type":"","overlay-color":"","overlay-opacity":"","overlay-gradient":""},"tablet":{"background-color":"","background-image":"","background-repeat":"repeat","background-position":"center center","background-size":"auto","background-attachment":"scroll","background-type":"","background-media":"","overlay-type":"","overlay-color":"","overlay-opacity":"","overlay-gradient":""},"mobile":{"background-color":"","background-image":"","background-repeat":"repeat","background-position":"center center","background-size":"auto","background-attachment":"scroll","background-type":"","background-media":"","overlay-type":"","overlay-color":"","overlay-opacity":"","overlay-gradient":""}},"ast-content-background-meta":{"desktop":{"background-color":"var(--ast-global-color-5)","background-image":"","background-repeat":"repeat","background-position":"center center","background-size":"auto","background-attachment":"scroll","background-type":"","background-media":"","overlay-type":"","overlay-color":"","overlay-opacity":"","overlay-gradient":""},"tablet":{"background-color":"var(--ast-global-color-5)","background-image":"","background-repeat":"repeat","background-position":"center center","background-size":"auto","background-attachment":"scroll","background-type":"","background-media":"","overlay-type":"","overlay-color":"","overlay-opacity":"","overlay-gradient":""},"mobile":{"background-color":"var(--ast-global-color-5)","background-image":"","background-repeat":"repeat","background-position":"center center","background-size":"auto","background-attachment":"scroll","background-type":"","background-media":"","overlay-type":"","overlay-color":"","overlay-opacity":"","overlay-gradient":""}}},"product_brand":[],"product_cat":[3375,3289],"product_tag":[3367,3333,3372,3334,3369,2591,3374,3370,3350,3365,3373,3352,3353,3366,3324,3368,3346,3371],"class_list":{"0":"post-6279","1":"product","2":"type-product","3":"status-publish","4":"has-post-thumbnail","6":"product_cat-rotuladores-posca","7":"product_cat-uni-posca","8":"product_tag-colores","9":"product_tag-comprar-posca","10":"product_tag-comprar-posca-barcelona","11":"product_tag-graffiti-posca","12":"product_tag-graffiti-rotuladores","13":"product_tag-marcador-acrilico","14":"product_tag-pc8k","15":"product_tag-posca-acrilico","16":"product_tag-posca-barcelona","17":"product_tag-posca-colores","18":"product_tag-posca-de-pintura","19":"product_tag-posca-espana","20":"product_tag-posca-online","21":"product_tag-posca-pc8k","22":"product_tag-posca-uni-paint","23":"product_tag-poscas","24":"product_tag-rotulador-de-pintura","25":"product_tag-rotuladores-posca-web","26":"pa_color-amarillo","27":"pa_color-amarillo-medio","28":"pa_color-amarillo-pajizo","29":"pa_color-azul","30":"pa_color-azul-claro","31":"pa_color-beige","32":"pa_color-blanco","33":"pa_color-bronze","34":"pa_color-gris","35":"pa_color-gris-pizarra","36":"pa_color-marfil","37":"pa_color-marron","38":"pa_color-naranja","39":"pa_color-naranja-claro","40":"pa_color-negro","41":"pa_color-oro","42":"pa_color-plata","43":"pa_color-rojo","44":"pa_color-rosa","45":"pa_color-turquesa","46":"pa_color-verde","47":"pa_color-verde-claro","48":"pa_color-vino","49":"pa_color-violeta","50":"desktop-align-left","51":"tablet-align-left","52":"mobile-align-left","54":"first","55":"instock","56":"purchasable","57":"product-type-variable"},"yoast_head":"<!-- This site is optimized with the Yoast SEO plugin v27.0 - https:\/\/yoast.com\/product\/yoast-seo-wordpress\/ -->\n<title>Rotulador acr\u00edlico Posca Pc8k distribuidor Barcelona<\/title>\n<meta name=\"description\" content=\"POSCA PC-8K en Barcelona:POSCA PC-8K? POSCA PC-8K y mas. Arte y Graffiti Shop Barcelona. Spray, Colores, Rotuladores y POSCA PC-8K\" \/>\n<meta name=\"robots\" content=\"index, follow, max-snippet:-1, max-image-preview:large, max-video-preview:-1\" \/>\n<link rel=\"canonical\" href=\"https:\/\/dev4.devmitsinformatica.com\/en\/shop\/uni-posca\/posca-pc-8k\/\" \/>\n<meta property=\"og:locale\" content=\"en_US\" \/>\n<meta property=\"og:type\" content=\"article\" \/>\n<meta property=\"og:title\" content=\"Rotulador acr\u00edlico Posca Pc8k distribuidor Barcelona\" \/>\n<meta property=\"og:description\" content=\"POSCA PC-8K en Barcelona:POSCA PC-8K? POSCA PC-8K y mas. Arte y Graffiti Shop Barcelona. Spray, Colores, Rotuladores y POSCA PC-8K\" \/>\n<meta property=\"og:url\" content=\"https:\/\/dev4.devmitsinformatica.com\/en\/shop\/uni-posca\/posca-pc-8k\/\" \/>\n<meta property=\"og:site_name\" content=\"ULTRAWIDE GRAFFITI SHOP\" \/>\n<meta property=\"article:modified_time\" content=\"2020-06-09T17:41:07+00:00\" \/>\n<meta property=\"og:image\" content=\"https:\/\/dev4.devmitsinformatica.com\/wp-content\/uploads\/2018\/02\/rotulador-posca-pc8k.jpg\" \/>\n\t<meta property=\"og:image:width\" content=\"600\" \/>\n\t<meta property=\"og:image:height\" content=\"600\" \/>\n\t<meta property=\"og:image:type\" content=\"image\/jpeg\" \/>\n<meta name=\"twitter:card\" content=\"summary_large_image\" \/>\n<meta name=\"twitter:label1\" content=\"Est. reading time\" \/>\n\t<meta name=\"twitter:data1\" content=\"1 minute\" \/>\n<script type=\"application\/ld+json\" class=\"yoast-schema-graph\">{\"@context\":\"https:\/\/schema.org\",\"@graph\":[{\"@type\":\"WebPage\",\"@id\":\"https:\/\/dev4.devmitsinformatica.com\/en\/shop\/uni-posca\/posca-pc-8k\/\",\"url\":\"https:\/\/dev4.devmitsinformatica.com\/en\/shop\/uni-posca\/posca-pc-8k\/\",\"name\":\"Rotulador acr\u00edlico Posca Pc8k distribuidor Barcelona\",\"isPartOf\":{\"@id\":\"https:\/\/dev4.devmitsinformatica.com\/en\/#website\"},\"primaryImageOfPage\":{\"@id\":\"https:\/\/dev4.devmitsinformatica.com\/en\/shop\/uni-posca\/posca-pc-8k\/#primaryimage\"},\"image\":{\"@id\":\"https:\/\/dev4.devmitsinformatica.com\/en\/shop\/uni-posca\/posca-pc-8k\/#primaryimage\"},\"thumbnailUrl\":\"https:\/\/dev4.devmitsinformatica.com\/wp-content\/uploads\/2018\/02\/rotulador-posca-pc8k.jpg\",\"datePublished\":\"2018-02-03T12:48:24+00:00\",\"dateModified\":\"2020-06-09T17:41:07+00:00\",\"description\":\"POSCA PC-8K en Barcelona:POSCA PC-8K? POSCA PC-8K y mas. Arte y Graffiti Shop Barcelona. Spray, Colores, Rotuladores y POSCA PC-8K\",\"breadcrumb\":{\"@id\":\"https:\/\/dev4.devmitsinformatica.com\/en\/shop\/uni-posca\/posca-pc-8k\/#breadcrumb\"},\"inLanguage\":\"en-US\",\"potentialAction\":[{\"@type\":\"ReadAction\",\"target\":[\"https:\/\/dev4.devmitsinformatica.com\/en\/shop\/uni-posca\/posca-pc-8k\/\"]}]},{\"@type\":\"ImageObject\",\"inLanguage\":\"en-US\",\"@id\":\"https:\/\/dev4.devmitsinformatica.com\/en\/shop\/uni-posca\/posca-pc-8k\/#primaryimage\",\"url\":\"https:\/\/dev4.devmitsinformatica.com\/wp-content\/uploads\/2018\/02\/rotulador-posca-pc8k.jpg\",\"contentUrl\":\"https:\/\/dev4.devmitsinformatica.com\/wp-content\/uploads\/2018\/02\/rotulador-posca-pc8k.jpg\",\"width\":600,\"height\":600,\"caption\":\"Colores Posca, gama de posca online comprar en espa\u00f1a, anden tu tienda de posca en Barcelona y espa\u00f1a online con envio gratis de posca, ofertas posca, Posca online baratos\"},{\"@type\":\"BreadcrumbList\",\"@id\":\"https:\/\/dev4.devmitsinformatica.com\/en\/shop\/uni-posca\/posca-pc-8k\/#breadcrumb\",\"itemListElement\":[{\"@type\":\"ListItem\",\"position\":1,\"name\":\"Home\",\"item\":\"https:\/\/dev4.devmitsinformatica.com\/en\/\"},{\"@type\":\"ListItem\",\"position\":2,\"name\":\"Store\",\"item\":\"https:\/\/dev4.devmitsinformatica.com\/?page_id=38\"},{\"@type\":\"ListItem\",\"position\":3,\"name\":\"POSCA PC-8K\"}]},{\"@type\":\"WebSite\",\"@id\":\"https:\/\/dev4.devmitsinformatica.com\/en\/#website\",\"url\":\"https:\/\/dev4.devmitsinformatica.com\/en\/\",\"name\":\"ULTRAWIDE GRAFFITI SHOP\",\"description\":\"SPRAY GRAFFITI SHOP CAPS Y ROTULADORES\",\"publisher\":{\"@id\":\"https:\/\/dev4.devmitsinformatica.com\/en\/#organization\"},\"potentialAction\":[{\"@type\":\"SearchAction\",\"target\":{\"@type\":\"EntryPoint\",\"urlTemplate\":\"https:\/\/dev4.devmitsinformatica.com\/en\/?s={search_term_string}\"},\"query-input\":{\"@type\":\"PropertyValueSpecification\",\"valueRequired\":true,\"valueName\":\"search_term_string\"}}],\"inLanguage\":\"en-US\"},{\"@type\":\"Organization\",\"@id\":\"https:\/\/dev4.devmitsinformatica.com\/en\/#organization\",\"name\":\"ANDEN Graffiti Shop Barcelona\",\"url\":\"https:\/\/dev4.devmitsinformatica.com\/en\/\",\"logo\":{\"@type\":\"ImageObject\",\"inLanguage\":\"en-US\",\"@id\":\"https:\/\/dev4.devmitsinformatica.com\/en\/#\/schema\/logo\/image\/\",\"url\":\"https:\/\/dev4.devmitsinformatica.com\/wp-content\/uploads\/2016\/11\/graffiti-gallery-barcelona.png\",\"contentUrl\":\"https:\/\/dev4.devmitsinformatica.com\/wp-content\/uploads\/2016\/11\/graffiti-gallery-barcelona.png\",\"width\":386,\"height\":150,\"caption\":\"ANDEN Graffiti Shop Barcelona\"},\"image\":{\"@id\":\"https:\/\/dev4.devmitsinformatica.com\/en\/#\/schema\/logo\/image\/\"}}]}<\/script>\n<!-- \/ Yoast SEO plugin. -->","yoast_head_json":{"title":"Rotulador acr\u00edlico Posca Pc8k distribuidor Barcelona","description":"POSCA PC-8K en Barcelona:POSCA PC-8K? POSCA PC-8K y mas. Arte y Graffiti Shop Barcelona. Spray, Colores, Rotuladores y POSCA PC-8K","robots":{"index":"index","follow":"follow","max-snippet":"max-snippet:-1","max-image-preview":"max-image-preview:large","max-video-preview":"max-video-preview:-1"},"canonical":"https:\/\/dev4.devmitsinformatica.com\/en\/shop\/uni-posca\/posca-pc-8k\/","og_locale":"en_US","og_type":"article","og_title":"Rotulador acr\u00edlico Posca Pc8k distribuidor Barcelona","og_description":"POSCA PC-8K en Barcelona:POSCA PC-8K? POSCA PC-8K y mas. Arte y Graffiti Shop Barcelona. Spray, Colores, Rotuladores y POSCA PC-8K","og_url":"https:\/\/dev4.devmitsinformatica.com\/en\/shop\/uni-posca\/posca-pc-8k\/","og_site_name":"ULTRAWIDE GRAFFITI SHOP","article_modified_time":"2020-06-09T17:41:07+00:00","og_image":[{"width":600,"height":600,"url":"https:\/\/dev4.devmitsinformatica.com\/wp-content\/uploads\/2018\/02\/rotulador-posca-pc8k.jpg","type":"image\/jpeg"}],"twitter_card":"summary_large_image","twitter_misc":{"Est. reading time":"1 minute"},"schema":{"@context":"https:\/\/schema.org","@graph":[{"@type":"WebPage","@id":"https:\/\/dev4.devmitsinformatica.com\/en\/shop\/uni-posca\/posca-pc-8k\/","url":"https:\/\/dev4.devmitsinformatica.com\/en\/shop\/uni-posca\/posca-pc-8k\/","name":"Rotulador acr\u00edlico Posca Pc8k distribuidor Barcelona","isPartOf":{"@id":"https:\/\/dev4.devmitsinformatica.com\/en\/#website"},"primaryImageOfPage":{"@id":"https:\/\/dev4.devmitsinformatica.com\/en\/shop\/uni-posca\/posca-pc-8k\/#primaryimage"},"image":{"@id":"https:\/\/dev4.devmitsinformatica.com\/en\/shop\/uni-posca\/posca-pc-8k\/#primaryimage"},"thumbnailUrl":"https:\/\/dev4.devmitsinformatica.com\/wp-content\/uploads\/2018\/02\/rotulador-posca-pc8k.jpg","datePublished":"2018-02-03T12:48:24+00:00","dateModified":"2020-06-09T17:41:07+00:00","description":"POSCA PC-8K en Barcelona:POSCA PC-8K? POSCA PC-8K y mas. Arte y Graffiti Shop Barcelona. Spray, Colores, Rotuladores y POSCA PC-8K","breadcrumb":{"@id":"https:\/\/dev4.devmitsinformatica.com\/en\/shop\/uni-posca\/posca-pc-8k\/#breadcrumb"},"inLanguage":"en-US","potentialAction":[{"@type":"ReadAction","target":["https:\/\/dev4.devmitsinformatica.com\/en\/shop\/uni-posca\/posca-pc-8k\/"]}]},{"@type":"ImageObject","inLanguage":"en-US","@id":"https:\/\/dev4.devmitsinformatica.com\/en\/shop\/uni-posca\/posca-pc-8k\/#primaryimage","url":"https:\/\/dev4.devmitsinformatica.com\/wp-content\/uploads\/2018\/02\/rotulador-posca-pc8k.jpg","contentUrl":"https:\/\/dev4.devmitsinformatica.com\/wp-content\/uploads\/2018\/02\/rotulador-posca-pc8k.jpg","width":600,"height":600,"caption":"Colores Posca, gama de posca online comprar en espa\u00f1a, anden tu tienda de posca en Barcelona y espa\u00f1a online con envio gratis de posca, ofertas posca, Posca online baratos"},{"@type":"BreadcrumbList","@id":"https:\/\/dev4.devmitsinformatica.com\/en\/shop\/uni-posca\/posca-pc-8k\/#breadcrumb","itemListElement":[{"@type":"ListItem","position":1,"name":"Home","item":"https:\/\/dev4.devmitsinformatica.com\/en\/"},{"@type":"ListItem","position":2,"name":"Store","item":"https:\/\/dev4.devmitsinformatica.com\/?page_id=38"},{"@type":"ListItem","position":3,"name":"POSCA PC-8K"}]},{"@type":"WebSite","@id":"https:\/\/dev4.devmitsinformatica.com\/en\/#website","url":"https:\/\/dev4.devmitsinformatica.com\/en\/","name":"ULTRAWIDE GRAFFITI SHOP","description":"SPRAY GRAFFITI SHOP CAPS Y ROTULADORES","publisher":{"@id":"https:\/\/dev4.devmitsinformatica.com\/en\/#organization"},"potentialAction":[{"@type":"SearchAction","target":{"@type":"EntryPoint","urlTemplate":"https:\/\/dev4.devmitsinformatica.com\/en\/?s={search_term_string}"},"query-input":{"@type":"PropertyValueSpecification","valueRequired":true,"valueName":"search_term_string"}}],"inLanguage":"en-US"},{"@type":"Organization","@id":"https:\/\/dev4.devmitsinformatica.com\/en\/#organization","name":"ANDEN Graffiti Shop Barcelona","url":"https:\/\/dev4.devmitsinformatica.com\/en\/","logo":{"@type":"ImageObject","inLanguage":"en-US","@id":"https:\/\/dev4.devmitsinformatica.com\/en\/#\/schema\/logo\/image\/","url":"https:\/\/dev4.devmitsinformatica.com\/wp-content\/uploads\/2016\/11\/graffiti-gallery-barcelona.png","contentUrl":"https:\/\/dev4.devmitsinformatica.com\/wp-content\/uploads\/2016\/11\/graffiti-gallery-barcelona.png","width":386,"height":150,"caption":"ANDEN Graffiti Shop Barcelona"},"image":{"@id":"https:\/\/dev4.devmitsinformatica.com\/en\/#\/schema\/logo\/image\/"}}]}},"_links":{"self":[{"href":"https:\/\/dev4.devmitsinformatica.com\/en\/wp-json\/wp\/v2\/product\/6279","targetHints":{"allow":["GET"]}}],"collection":[{"href":"https:\/\/dev4.devmitsinformatica.com\/en\/wp-json\/wp\/v2\/product"}],"about":[{"href":"https:\/\/dev4.devmitsinformatica.com\/en\/wp-json\/wp\/v2\/types\/product"}],"replies":[{"embeddable":true,"href":"https:\/\/dev4.devmitsinformatica.com\/en\/wp-json\/wp\/v2\/comments?post=6279"}],"version-history":[{"count":0,"href":"https:\/\/dev4.devmitsinformatica.com\/en\/wp-json\/wp\/v2\/product\/6279\/revisions"}],"wp:featuredmedia":[{"embeddable":true,"href":"https:\/\/dev4.devmitsinformatica.com\/en\/wp-json\/wp\/v2\/media\/6280"}],"wp:attachment":[{"href":"https:\/\/dev4.devmitsinformatica.com\/en\/wp-json\/wp\/v2\/media?parent=6279"}],"wp:term":[{"taxonomy":"product_brand","embeddable":true,"href":"https:\/\/dev4.devmitsinformatica.com\/en\/wp-json\/wp\/v2\/product_brand?post=6279"},{"taxonomy":"product_cat","embeddable":true,"href":"https:\/\/dev4.devmitsinformatica.com\/en\/wp-json\/wp\/v2\/product_cat?post=6279"},{"taxonomy":"product_tag","embeddable":true,"href":"https:\/\/dev4.devmitsinformatica.com\/en\/wp-json\/wp\/v2\/product_tag?post=6279"}],"curies":[{"name":"wp","href":"https:\/\/api.w.org\/{rel}","templated":true}]}}