{"id":6313,"date":"2018-02-03T18:50:56","date_gmt":"2018-02-03T18:50:56","guid":{"rendered":"https:\/\/dev4.devmitsinformatica.com\/?post_type=product&#038;p=6313"},"modified":"2023-10-13T17:25:56","modified_gmt":"2023-10-13T17:25:56","slug":"posca-pincel-pf350","status":"publish","type":"product","link":"https:\/\/dev4.devmitsinformatica.com\/en\/shop\/uni-posca\/posca-pincel-pf350\/","title":{"rendered":"POSCA PINCEL PF350"},"content":{"rendered":"<p><strong><em><a href=\"https:\/\/dev4.devmitsinformatica.com\/tienda-online\/rotuladores-posca\/\">POSCA PINCEL<\/a> PF350<\/em><\/strong>. El <em><strong>POSCA pincel pf350<\/strong><\/em>\u00a0es ideal para los artistas que colorean esculturas, moldes o zonas dif\u00edcilmente accesibles de los Toys; los dibujantes de c\u00f3mics; los ni\u00f1os que aprenden a pintar f\u00e1cilmente y los apasionados de caligraf\u00eda. El <strong>rotulador Posca pincel pf350<\/strong>\u00a0posee un sistema de inyecci\u00f3n de tinta que controlas desde su parte trasera permiti\u00e9ndote la carga de tinta cuando consideres necesario. Gracias a su punta pincel es una herramienta muy vers\u00e1til para trabajos de caligraf\u00eda, pinturas art\u00edsticas e incluso body paint. Buscas un distribuidor de Posca <a href=\"https:\/\/dev4.devmitsinformatica.com\/shop\/uni-posca\/posca-pincel-pf350\/\">pincel<\/a> en Barcelona? Ultrawide te ofrece la gama de Posca en Barcelona y Espa\u00f1a. Ahora puedes <em>comprar<\/em> tu <em>Posca pincel online<\/em>en tu tienda de graffiti y rotuladores en Espa\u00f1a Ultrawide con envio gratis a partir de 100 euros. El Posca PF350 es el rotulador acr\u00edlico punta pincel de la l\u00ednea <strong>Uni-Posca<\/strong>\u00a0. Cuenta con una gama de colores limitada ya que se utiliza puntualmente combinando la gama de rotuladores Posca. Los marcadores Posca son muy vers\u00e1tiles ya que te permiten pintar sobre cualquier soporte como cart\u00f3n, cristal, madera, papel, pl\u00e1sticos o directamente sobre el muro para trabajos de detalle en graffitis o <a href=\"http:\/\/barcelonapinturas.com\">pinturas<\/a> mural, sus puntas son reposicionables en las l\u00edneas generales aunque en el caso del <a href=\"https:\/\/www.youtube.com\/watch?v=_bbcMYDnOrM\">Posca<\/a> pincel no es posible debido a que esta forma parte del mismo rotulador. Su punta es suave y flexible para conseguir los mejores detalles y efectos en tus trabajos.<\/p>\n<p>Utiliza rotuladores punta pincel de Posca para Bodypaint o trabajos artisticos fuera del estudio que requieran de una punta pincel para tus acabados. Conoce todos los rotuladores que te ofrece Ultrawide en su tienda online o visitanos en nuestra tienda de Barcelona, tenemos para ti el Posca PF350 punta pincel y otros rotuladores Posca en sus diferentes medidas y gamas de color.<\/p>\n","protected":false},"excerpt":{"rendered":"<p>el<em><strong> POSCA PCF-350<\/strong><\/em> con su punta pincel alcanza zonas que otros marcadores no pueden alcanzar. Los apasionados de la pintura gozan del placer de dibujar con un pincel sin sus inconvenientes. Los ne\u00f3fitos y los ni\u00f1os aprenden sin dificultad.<\/p>\n<p>[su_youtube url=&#8221;https:\/\/www.youtube.com\/watch?v=YRV2nwWuGAE&#8221;]<\/p>\n","protected":false},"featured_media":6314,"comment_status":"open","ping_status":"closed","template":"","meta":{"site-sidebar-layout":"default","site-content-layout":"","ast-site-content-layout":"default","site-content-style":"default","site-sidebar-style":"default","ast-global-header-display":"","ast-banner-title-visibility":"","ast-main-header-display":"","ast-hfb-above-header-display":"","ast-hfb-below-header-display":"","ast-hfb-mobile-header-display":"","site-post-title":"","ast-breadcrumbs-content":"","ast-featured-img":"","footer-sml-layout":"","ast-disable-related-posts":"","theme-transparent-header-meta":"","adv-header-id-meta":"","stick-header-meta":"","header-above-stick-meta":"","header-main-stick-meta":"","header-below-stick-meta":"","astra-migrate-meta-layouts":"default","ast-page-background-enabled":"default","ast-page-background-meta":{"desktop":{"background-color":"","background-image":"","background-repeat":"repeat","background-position":"center center","background-size":"auto","background-attachment":"scroll","background-type":"","background-media":"","overlay-type":"","overlay-color":"","overlay-opacity":"","overlay-gradient":""},"tablet":{"background-color":"","background-image":"","background-repeat":"repeat","background-position":"center center","background-size":"auto","background-attachment":"scroll","background-type":"","background-media":"","overlay-type":"","overlay-color":"","overlay-opacity":"","overlay-gradient":""},"mobile":{"background-color":"","background-image":"","background-repeat":"repeat","background-position":"center center","background-size":"auto","background-attachment":"scroll","background-type":"","background-media":"","overlay-type":"","overlay-color":"","overlay-opacity":"","overlay-gradient":""}},"ast-content-background-meta":{"desktop":{"background-color":"var(--ast-global-color-5)","background-image":"","background-repeat":"repeat","background-position":"center center","background-size":"auto","background-attachment":"scroll","background-type":"","background-media":"","overlay-type":"","overlay-color":"","overlay-opacity":"","overlay-gradient":""},"tablet":{"background-color":"var(--ast-global-color-5)","background-image":"","background-repeat":"repeat","background-position":"center center","background-size":"auto","background-attachment":"scroll","background-type":"","background-media":"","overlay-type":"","overlay-color":"","overlay-opacity":"","overlay-gradient":""},"mobile":{"background-color":"var(--ast-global-color-5)","background-image":"","background-repeat":"repeat","background-position":"center center","background-size":"auto","background-attachment":"scroll","background-type":"","background-media":"","overlay-type":"","overlay-color":"","overlay-opacity":"","overlay-gradient":""}}},"product_brand":[],"product_cat":[3375,3289],"product_tag":[3395,3393,3400,3398,3394,3390,3396,3392,3397,3401,2732,3399,3391],"class_list":{"0":"post-6313","1":"product","2":"type-product","3":"status-publish","4":"has-post-thumbnail","6":"product_cat-rotuladores-posca","7":"product_cat-uni-posca","8":"product_tag-caneta-pincel-posca-pf350","9":"product_tag-caneta-posca-pincel","10":"product_tag-colores-rotuladores-punta-pincel","11":"product_tag-pincel-posca","12":"product_tag-posca-pf350-pincel","13":"product_tag-posca-pincel","14":"product_tag-posca-ponta-de-pincel","15":"product_tag-posca-ponta-pincel","16":"product_tag-posca-punta-pincel","17":"product_tag-rotulador-acrilico-pincel","18":"product_tag-rotulador-punta-pincel","19":"product_tag-rotuladores-punta-de-pincel","20":"product_tag-uni-posca-pincel","21":"pa_color-azul","22":"pa_color-blanco","23":"pa_color-negro","24":"pa_color-oro","25":"pa_color-plata","26":"pa_color-rojo","27":"desktop-align-left","28":"tablet-align-left","29":"mobile-align-left","31":"first","32":"instock","33":"purchasable","34":"product-type-variable"},"yoast_head":"<!-- This site is optimized with the Yoast SEO plugin v27.0 - https:\/\/yoast.com\/product\/yoast-seo-wordpress\/ -->\n<title>Rotulador Posca Pincel pf350 tienda Ultrawide Barcelona<\/title>\n<meta name=\"description\" content=\"POSCA PINCEL PF350 en Barcelona:POSCA PINCEL PF350? POSCA PINCEL PF350 y mas. Arte y Graffiti Shop Barcelona. Spray, Colores, Rotuladores y POSCA PINCEL PF350\" \/>\n<meta name=\"robots\" content=\"index, follow, max-snippet:-1, max-image-preview:large, max-video-preview:-1\" \/>\n<link rel=\"canonical\" href=\"https:\/\/dev4.devmitsinformatica.com\/en\/shop\/uni-posca\/posca-pincel-pf350\/\" \/>\n<meta property=\"og:locale\" content=\"en_US\" \/>\n<meta property=\"og:type\" content=\"article\" \/>\n<meta property=\"og:title\" content=\"Rotulador Posca Pincel pf350 tienda Ultrawide Barcelona\" \/>\n<meta property=\"og:description\" content=\"POSCA PINCEL PF350 en Barcelona:POSCA PINCEL PF350? POSCA PINCEL PF350 y mas. Arte y Graffiti Shop Barcelona. Spray, Colores, Rotuladores y POSCA PINCEL PF350\" \/>\n<meta property=\"og:url\" content=\"https:\/\/dev4.devmitsinformatica.com\/en\/shop\/uni-posca\/posca-pincel-pf350\/\" \/>\n<meta property=\"og:site_name\" content=\"ULTRAWIDE GRAFFITI SHOP\" \/>\n<meta property=\"article:modified_time\" content=\"2023-10-13T17:25:56+00:00\" \/>\n<meta property=\"og:image\" content=\"https:\/\/dev4.devmitsinformatica.com\/wp-content\/uploads\/2018\/02\/rotulador-pincel-uni-posca-pcf350.jpg\" \/>\n\t<meta property=\"og:image:width\" content=\"560\" \/>\n\t<meta property=\"og:image:height\" content=\"560\" \/>\n\t<meta property=\"og:image:type\" content=\"image\/jpeg\" \/>\n<meta name=\"twitter:card\" content=\"summary_large_image\" \/>\n<meta name=\"twitter:label1\" content=\"Est. reading time\" \/>\n\t<meta name=\"twitter:data1\" content=\"2 minutes\" \/>\n<script type=\"application\/ld+json\" class=\"yoast-schema-graph\">{\"@context\":\"https:\/\/schema.org\",\"@graph\":[{\"@type\":\"WebPage\",\"@id\":\"https:\/\/dev4.devmitsinformatica.com\/en\/shop\/uni-posca\/posca-pincel-pf350\/\",\"url\":\"https:\/\/dev4.devmitsinformatica.com\/en\/shop\/uni-posca\/posca-pincel-pf350\/\",\"name\":\"Rotulador Posca Pincel pf350 tienda Ultrawide Barcelona\",\"isPartOf\":{\"@id\":\"https:\/\/dev4.devmitsinformatica.com\/en\/#website\"},\"primaryImageOfPage\":{\"@id\":\"https:\/\/dev4.devmitsinformatica.com\/en\/shop\/uni-posca\/posca-pincel-pf350\/#primaryimage\"},\"image\":{\"@id\":\"https:\/\/dev4.devmitsinformatica.com\/en\/shop\/uni-posca\/posca-pincel-pf350\/#primaryimage\"},\"thumbnailUrl\":\"https:\/\/dev4.devmitsinformatica.com\/wp-content\/uploads\/2018\/02\/rotulador-pincel-uni-posca-pcf350.jpg\",\"datePublished\":\"2018-02-03T18:50:56+00:00\",\"dateModified\":\"2023-10-13T17:25:56+00:00\",\"description\":\"POSCA PINCEL PF350 en Barcelona:POSCA PINCEL PF350? POSCA PINCEL PF350 y mas. Arte y Graffiti Shop Barcelona. Spray, Colores, Rotuladores y POSCA PINCEL PF350\",\"breadcrumb\":{\"@id\":\"https:\/\/dev4.devmitsinformatica.com\/en\/shop\/uni-posca\/posca-pincel-pf350\/#breadcrumb\"},\"inLanguage\":\"en-US\",\"potentialAction\":[{\"@type\":\"ReadAction\",\"target\":[\"https:\/\/dev4.devmitsinformatica.com\/en\/shop\/uni-posca\/posca-pincel-pf350\/\"]}]},{\"@type\":\"ImageObject\",\"inLanguage\":\"en-US\",\"@id\":\"https:\/\/dev4.devmitsinformatica.com\/en\/shop\/uni-posca\/posca-pincel-pf350\/#primaryimage\",\"url\":\"https:\/\/dev4.devmitsinformatica.com\/wp-content\/uploads\/2018\/02\/rotulador-pincel-uni-posca-pcf350.jpg\",\"contentUrl\":\"https:\/\/dev4.devmitsinformatica.com\/wp-content\/uploads\/2018\/02\/rotulador-pincel-uni-posca-pcf350.jpg\",\"width\":560,\"height\":560,\"caption\":\"Rotuladores punta pincel? El Anden tiene rotuladores posca punta pincel de colores, rotuladores para dibujo profesional y bodypaint, marcador punta pincel al agua. Posca. Uni posca punta pincel\"},{\"@type\":\"BreadcrumbList\",\"@id\":\"https:\/\/dev4.devmitsinformatica.com\/en\/shop\/uni-posca\/posca-pincel-pf350\/#breadcrumb\",\"itemListElement\":[{\"@type\":\"ListItem\",\"position\":1,\"name\":\"Home\",\"item\":\"https:\/\/dev4.devmitsinformatica.com\/en\/\"},{\"@type\":\"ListItem\",\"position\":2,\"name\":\"Store\",\"item\":\"https:\/\/dev4.devmitsinformatica.com\/?page_id=38\"},{\"@type\":\"ListItem\",\"position\":3,\"name\":\"POSCA PINCEL PF350\"}]},{\"@type\":\"WebSite\",\"@id\":\"https:\/\/dev4.devmitsinformatica.com\/en\/#website\",\"url\":\"https:\/\/dev4.devmitsinformatica.com\/en\/\",\"name\":\"ULTRAWIDE GRAFFITI SHOP\",\"description\":\"SPRAY GRAFFITI SHOP CAPS Y ROTULADORES\",\"publisher\":{\"@id\":\"https:\/\/dev4.devmitsinformatica.com\/en\/#organization\"},\"potentialAction\":[{\"@type\":\"SearchAction\",\"target\":{\"@type\":\"EntryPoint\",\"urlTemplate\":\"https:\/\/dev4.devmitsinformatica.com\/en\/?s={search_term_string}\"},\"query-input\":{\"@type\":\"PropertyValueSpecification\",\"valueRequired\":true,\"valueName\":\"search_term_string\"}}],\"inLanguage\":\"en-US\"},{\"@type\":\"Organization\",\"@id\":\"https:\/\/dev4.devmitsinformatica.com\/en\/#organization\",\"name\":\"ANDEN Graffiti Shop Barcelona\",\"url\":\"https:\/\/dev4.devmitsinformatica.com\/en\/\",\"logo\":{\"@type\":\"ImageObject\",\"inLanguage\":\"en-US\",\"@id\":\"https:\/\/dev4.devmitsinformatica.com\/en\/#\/schema\/logo\/image\/\",\"url\":\"https:\/\/dev4.devmitsinformatica.com\/wp-content\/uploads\/2016\/11\/graffiti-gallery-barcelona.png\",\"contentUrl\":\"https:\/\/dev4.devmitsinformatica.com\/wp-content\/uploads\/2016\/11\/graffiti-gallery-barcelona.png\",\"width\":386,\"height\":150,\"caption\":\"ANDEN Graffiti Shop Barcelona\"},\"image\":{\"@id\":\"https:\/\/dev4.devmitsinformatica.com\/en\/#\/schema\/logo\/image\/\"}}]}<\/script>\n<!-- \/ Yoast SEO plugin. -->","yoast_head_json":{"title":"Rotulador Posca Pincel pf350 tienda Ultrawide Barcelona","description":"POSCA PINCEL PF350 en Barcelona:POSCA PINCEL PF350? POSCA PINCEL PF350 y mas. Arte y Graffiti Shop Barcelona. Spray, Colores, Rotuladores y POSCA PINCEL PF350","robots":{"index":"index","follow":"follow","max-snippet":"max-snippet:-1","max-image-preview":"max-image-preview:large","max-video-preview":"max-video-preview:-1"},"canonical":"https:\/\/dev4.devmitsinformatica.com\/en\/shop\/uni-posca\/posca-pincel-pf350\/","og_locale":"en_US","og_type":"article","og_title":"Rotulador Posca Pincel pf350 tienda Ultrawide Barcelona","og_description":"POSCA PINCEL PF350 en Barcelona:POSCA PINCEL PF350? POSCA PINCEL PF350 y mas. Arte y Graffiti Shop Barcelona. Spray, Colores, Rotuladores y POSCA PINCEL PF350","og_url":"https:\/\/dev4.devmitsinformatica.com\/en\/shop\/uni-posca\/posca-pincel-pf350\/","og_site_name":"ULTRAWIDE GRAFFITI SHOP","article_modified_time":"2023-10-13T17:25:56+00:00","og_image":[{"width":560,"height":560,"url":"https:\/\/dev4.devmitsinformatica.com\/wp-content\/uploads\/2018\/02\/rotulador-pincel-uni-posca-pcf350.jpg","type":"image\/jpeg"}],"twitter_card":"summary_large_image","twitter_misc":{"Est. reading time":"2 minutes"},"schema":{"@context":"https:\/\/schema.org","@graph":[{"@type":"WebPage","@id":"https:\/\/dev4.devmitsinformatica.com\/en\/shop\/uni-posca\/posca-pincel-pf350\/","url":"https:\/\/dev4.devmitsinformatica.com\/en\/shop\/uni-posca\/posca-pincel-pf350\/","name":"Rotulador Posca Pincel pf350 tienda Ultrawide Barcelona","isPartOf":{"@id":"https:\/\/dev4.devmitsinformatica.com\/en\/#website"},"primaryImageOfPage":{"@id":"https:\/\/dev4.devmitsinformatica.com\/en\/shop\/uni-posca\/posca-pincel-pf350\/#primaryimage"},"image":{"@id":"https:\/\/dev4.devmitsinformatica.com\/en\/shop\/uni-posca\/posca-pincel-pf350\/#primaryimage"},"thumbnailUrl":"https:\/\/dev4.devmitsinformatica.com\/wp-content\/uploads\/2018\/02\/rotulador-pincel-uni-posca-pcf350.jpg","datePublished":"2018-02-03T18:50:56+00:00","dateModified":"2023-10-13T17:25:56+00:00","description":"POSCA PINCEL PF350 en Barcelona:POSCA PINCEL PF350? POSCA PINCEL PF350 y mas. Arte y Graffiti Shop Barcelona. Spray, Colores, Rotuladores y POSCA PINCEL PF350","breadcrumb":{"@id":"https:\/\/dev4.devmitsinformatica.com\/en\/shop\/uni-posca\/posca-pincel-pf350\/#breadcrumb"},"inLanguage":"en-US","potentialAction":[{"@type":"ReadAction","target":["https:\/\/dev4.devmitsinformatica.com\/en\/shop\/uni-posca\/posca-pincel-pf350\/"]}]},{"@type":"ImageObject","inLanguage":"en-US","@id":"https:\/\/dev4.devmitsinformatica.com\/en\/shop\/uni-posca\/posca-pincel-pf350\/#primaryimage","url":"https:\/\/dev4.devmitsinformatica.com\/wp-content\/uploads\/2018\/02\/rotulador-pincel-uni-posca-pcf350.jpg","contentUrl":"https:\/\/dev4.devmitsinformatica.com\/wp-content\/uploads\/2018\/02\/rotulador-pincel-uni-posca-pcf350.jpg","width":560,"height":560,"caption":"Rotuladores punta pincel? El Anden tiene rotuladores posca punta pincel de colores, rotuladores para dibujo profesional y bodypaint, marcador punta pincel al agua. Posca. Uni posca punta pincel"},{"@type":"BreadcrumbList","@id":"https:\/\/dev4.devmitsinformatica.com\/en\/shop\/uni-posca\/posca-pincel-pf350\/#breadcrumb","itemListElement":[{"@type":"ListItem","position":1,"name":"Home","item":"https:\/\/dev4.devmitsinformatica.com\/en\/"},{"@type":"ListItem","position":2,"name":"Store","item":"https:\/\/dev4.devmitsinformatica.com\/?page_id=38"},{"@type":"ListItem","position":3,"name":"POSCA PINCEL PF350"}]},{"@type":"WebSite","@id":"https:\/\/dev4.devmitsinformatica.com\/en\/#website","url":"https:\/\/dev4.devmitsinformatica.com\/en\/","name":"ULTRAWIDE GRAFFITI SHOP","description":"SPRAY GRAFFITI SHOP CAPS Y ROTULADORES","publisher":{"@id":"https:\/\/dev4.devmitsinformatica.com\/en\/#organization"},"potentialAction":[{"@type":"SearchAction","target":{"@type":"EntryPoint","urlTemplate":"https:\/\/dev4.devmitsinformatica.com\/en\/?s={search_term_string}"},"query-input":{"@type":"PropertyValueSpecification","valueRequired":true,"valueName":"search_term_string"}}],"inLanguage":"en-US"},{"@type":"Organization","@id":"https:\/\/dev4.devmitsinformatica.com\/en\/#organization","name":"ANDEN Graffiti Shop Barcelona","url":"https:\/\/dev4.devmitsinformatica.com\/en\/","logo":{"@type":"ImageObject","inLanguage":"en-US","@id":"https:\/\/dev4.devmitsinformatica.com\/en\/#\/schema\/logo\/image\/","url":"https:\/\/dev4.devmitsinformatica.com\/wp-content\/uploads\/2016\/11\/graffiti-gallery-barcelona.png","contentUrl":"https:\/\/dev4.devmitsinformatica.com\/wp-content\/uploads\/2016\/11\/graffiti-gallery-barcelona.png","width":386,"height":150,"caption":"ANDEN Graffiti Shop Barcelona"},"image":{"@id":"https:\/\/dev4.devmitsinformatica.com\/en\/#\/schema\/logo\/image\/"}}]}},"_links":{"self":[{"href":"https:\/\/dev4.devmitsinformatica.com\/en\/wp-json\/wp\/v2\/product\/6313","targetHints":{"allow":["GET"]}}],"collection":[{"href":"https:\/\/dev4.devmitsinformatica.com\/en\/wp-json\/wp\/v2\/product"}],"about":[{"href":"https:\/\/dev4.devmitsinformatica.com\/en\/wp-json\/wp\/v2\/types\/product"}],"replies":[{"embeddable":true,"href":"https:\/\/dev4.devmitsinformatica.com\/en\/wp-json\/wp\/v2\/comments?post=6313"}],"version-history":[{"count":0,"href":"https:\/\/dev4.devmitsinformatica.com\/en\/wp-json\/wp\/v2\/product\/6313\/revisions"}],"wp:featuredmedia":[{"embeddable":true,"href":"https:\/\/dev4.devmitsinformatica.com\/en\/wp-json\/wp\/v2\/media\/6314"}],"wp:attachment":[{"href":"https:\/\/dev4.devmitsinformatica.com\/en\/wp-json\/wp\/v2\/media?parent=6313"}],"wp:term":[{"taxonomy":"product_brand","embeddable":true,"href":"https:\/\/dev4.devmitsinformatica.com\/en\/wp-json\/wp\/v2\/product_brand?post=6313"},{"taxonomy":"product_cat","embeddable":true,"href":"https:\/\/dev4.devmitsinformatica.com\/en\/wp-json\/wp\/v2\/product_cat?post=6313"},{"taxonomy":"product_tag","embeddable":true,"href":"https:\/\/dev4.devmitsinformatica.com\/en\/wp-json\/wp\/v2\/product_tag?post=6313"}],"curies":[{"name":"wp","href":"https:\/\/api.w.org\/{rel}","templated":true}]}}