{"id":6323,"date":"2018-02-04T11:31:22","date_gmt":"2018-02-04T11:31:22","guid":{"rendered":"https:\/\/dev4.devmitsinformatica.com\/?post_type=product&#038;p=6323"},"modified":"2023-10-13T17:23:53","modified_gmt":"2023-10-13T17:23:53","slug":"montana-notebook-plain","status":"publish","type":"product","link":"https:\/\/dev4.devmitsinformatica.com\/en\/shop\/graffiti-sketchbooks-shop-barcelona\/montana-notebook-plain\/","title":{"rendered":"Montana Notebook Plain"},"content":{"rendered":"<p><em><strong>Montana Notebook Plain<\/strong><\/em>\u00a0es un blackbook de tama\u00f1o reducido con un formato de 9x14cm con tapa dura y el logo Montana Cans impreso en su tapa. Sus Hojas son lisas. Este tama\u00f1o de Blackbook te permitir\u00e1 poder llevar tus bocetos en el bolsillo trasero de tu pantal\u00f3n, cuenta ademas con una banda el\u00e1stica para cerrarlo lo que te permitir\u00e1 usarlo para simplificar el transporte de diferentes tarjetas de visita \u00a0o documentos en la parte interior sin que se da\u00f1en.<\/p>\n<p>Gracias a su peque\u00f1o tama\u00f1o el <em><strong>Montana Notebook Plain<\/strong><\/em> te permite llevarlo siempre encima en un bolsillo de tu chaqueta o pantal\u00f3n pudiendo disponer de el en todo momento para tus dibujos o anotaciones. El habitual en los artistas momentos de inspiraci\u00f3n o ideas que surgen en situaciones inesperadas y que luego se pierden en la memoria cuando se intentan ser recordadas. Con to<strong> Notebook<\/strong> Plain de Montana o el Notebook Chekeered y gracias a su tama\u00f1o reducido podr\u00e1s anotar o dibujar en esos momentos sin perder la idea o concepto para mas tarde plasmarlo en la pared o el lienzo. Su tapa es dura semir\u00edgida lo que permite cierta flexibilidad al transportarlo y cerrarlo gracias a su goma para facilitar el cierre. Hazte con el en nuestra tienda online o visitanos en Ultrawide Barcelona.<\/p>\n","protected":false},"excerpt":{"rendered":"<p><strong><em>Montana Notebook Plain<\/em><\/strong>\u00a0es un blackbook de tama\u00f1o reducido con un formato de 9x14cm de hojas cuadriculadas con tapa dura y el logo Montana Cans impreso en su tapa. Este tama\u00f1o de Blackbook te permitir\u00e1 poder llevar tus bocetos en el bolsillo trasero de tu pantal\u00f3n, cuenta ademas con una banda el\u00e1stica para cerrarlo lo que te permitir\u00e1 usarlo para simplificar el transporte de diferentes tarjetas de visita \u00a0o documentos en la parte interior sin que se da\u00f1en. <em>Montana Notebook Plain.<\/em><\/p>\n<p>Montana Notebook, Blackbook, Notebook chekered, Cuaderno A6, Libreta para bocetos<\/p>\n","protected":false},"featured_media":6324,"comment_status":"open","ping_status":"closed","template":"","meta":{"site-sidebar-layout":"default","site-content-layout":"","ast-site-content-layout":"default","site-content-style":"default","site-sidebar-style":"default","ast-global-header-display":"","ast-banner-title-visibility":"","ast-main-header-display":"","ast-hfb-above-header-display":"","ast-hfb-below-header-display":"","ast-hfb-mobile-header-display":"","site-post-title":"","ast-breadcrumbs-content":"","ast-featured-img":"","footer-sml-layout":"","ast-disable-related-posts":"","theme-transparent-header-meta":"","adv-header-id-meta":"","stick-header-meta":"","header-above-stick-meta":"","header-main-stick-meta":"","header-below-stick-meta":"","astra-migrate-meta-layouts":"default","ast-page-background-enabled":"default","ast-page-background-meta":{"desktop":{"background-color":"","background-image":"","background-repeat":"repeat","background-position":"center center","background-size":"auto","background-attachment":"scroll","background-type":"","background-media":"","overlay-type":"","overlay-color":"","overlay-opacity":"","overlay-gradient":""},"tablet":{"background-color":"","background-image":"","background-repeat":"repeat","background-position":"center center","background-size":"auto","background-attachment":"scroll","background-type":"","background-media":"","overlay-type":"","overlay-color":"","overlay-opacity":"","overlay-gradient":""},"mobile":{"background-color":"","background-image":"","background-repeat":"repeat","background-position":"center center","background-size":"auto","background-attachment":"scroll","background-type":"","background-media":"","overlay-type":"","overlay-color":"","overlay-opacity":"","overlay-gradient":""}},"ast-content-background-meta":{"desktop":{"background-color":"var(--ast-global-color-5)","background-image":"","background-repeat":"repeat","background-position":"center center","background-size":"auto","background-attachment":"scroll","background-type":"","background-media":"","overlay-type":"","overlay-color":"","overlay-opacity":"","overlay-gradient":""},"tablet":{"background-color":"var(--ast-global-color-5)","background-image":"","background-repeat":"repeat","background-position":"center center","background-size":"auto","background-attachment":"scroll","background-type":"","background-media":"","overlay-type":"","overlay-color":"","overlay-opacity":"","overlay-gradient":""},"mobile":{"background-color":"var(--ast-global-color-5)","background-image":"","background-repeat":"repeat","background-position":"center center","background-size":"auto","background-attachment":"scroll","background-type":"","background-media":"","overlay-type":"","overlay-color":"","overlay-opacity":"","overlay-gradient":""}}},"product_brand":[],"product_cat":[9],"product_tag":[],"class_list":{"0":"post-6323","1":"product","2":"type-product","3":"status-publish","4":"has-post-thumbnail","6":"product_cat-graffiti-sketchbooks-shop-barcelona","7":"desktop-align-left","8":"tablet-align-left","9":"mobile-align-left","11":"first","12":"instock","13":"purchasable","14":"product-type-simple"},"yoast_head":"<!-- This site is optimized with the Yoast SEO plugin v27.0 - https:\/\/yoast.com\/product\/yoast-seo-wordpress\/ -->\n<title>Montana Notebook Plain Ultrawide Graffiti Shop Barcelona<\/title>\n<meta name=\"description\" content=\"Montana Notebook Plain en Barcelona:Montana Notebook Plain? Montana Notebook Plain y mas. Arte y Graffiti Shop Barcelona. Spray, Colores, Rotuladores y Montana Notebook Plain\" \/>\n<meta name=\"robots\" content=\"index, follow, max-snippet:-1, max-image-preview:large, max-video-preview:-1\" \/>\n<link rel=\"canonical\" href=\"https:\/\/dev4.devmitsinformatica.com\/en\/shop\/graffiti-sketchbooks-shop-barcelona\/montana-notebook-plain\/\" \/>\n<meta property=\"og:locale\" content=\"en_US\" \/>\n<meta property=\"og:type\" content=\"article\" \/>\n<meta property=\"og:title\" content=\"Montana Notebook Plain Ultrawide Graffiti Shop Barcelona\" \/>\n<meta property=\"og:description\" content=\"Montana Notebook Plain en Barcelona:Montana Notebook Plain? Montana Notebook Plain y mas. Arte y Graffiti Shop Barcelona. Spray, Colores, Rotuladores y Montana Notebook Plain\" \/>\n<meta property=\"og:url\" content=\"https:\/\/dev4.devmitsinformatica.com\/en\/shop\/graffiti-sketchbooks-shop-barcelona\/montana-notebook-plain\/\" \/>\n<meta property=\"og:site_name\" content=\"ULTRAWIDE GRAFFITI SHOP\" \/>\n<meta property=\"article:modified_time\" content=\"2023-10-13T17:23:53+00:00\" \/>\n<meta property=\"og:image\" content=\"https:\/\/dev4.devmitsinformatica.com\/wp-content\/uploads\/2018\/02\/montana-notebook-plain-a6.jpg\" \/>\n\t<meta property=\"og:image:width\" content=\"490\" \/>\n\t<meta property=\"og:image:height\" content=\"490\" \/>\n\t<meta property=\"og:image:type\" content=\"image\/jpeg\" \/>\n<meta name=\"twitter:card\" content=\"summary_large_image\" \/>\n<meta name=\"twitter:label1\" content=\"Est. reading time\" \/>\n\t<meta name=\"twitter:data1\" content=\"1 minute\" \/>\n<script type=\"application\/ld+json\" class=\"yoast-schema-graph\">{\"@context\":\"https:\/\/schema.org\",\"@graph\":[{\"@type\":\"WebPage\",\"@id\":\"https:\/\/dev4.devmitsinformatica.com\/en\/shop\/graffiti-sketchbooks-shop-barcelona\/montana-notebook-plain\/\",\"url\":\"https:\/\/dev4.devmitsinformatica.com\/en\/shop\/graffiti-sketchbooks-shop-barcelona\/montana-notebook-plain\/\",\"name\":\"Montana Notebook Plain Ultrawide Graffiti Shop Barcelona\",\"isPartOf\":{\"@id\":\"https:\/\/dev4.devmitsinformatica.com\/en\/#website\"},\"primaryImageOfPage\":{\"@id\":\"https:\/\/dev4.devmitsinformatica.com\/en\/shop\/graffiti-sketchbooks-shop-barcelona\/montana-notebook-plain\/#primaryimage\"},\"image\":{\"@id\":\"https:\/\/dev4.devmitsinformatica.com\/en\/shop\/graffiti-sketchbooks-shop-barcelona\/montana-notebook-plain\/#primaryimage\"},\"thumbnailUrl\":\"https:\/\/dev4.devmitsinformatica.com\/wp-content\/uploads\/2018\/02\/montana-notebook-plain-a6.jpg\",\"datePublished\":\"2018-02-04T11:31:22+00:00\",\"dateModified\":\"2023-10-13T17:23:53+00:00\",\"description\":\"Montana Notebook Plain en Barcelona:Montana Notebook Plain? Montana Notebook Plain y mas. Arte y Graffiti Shop Barcelona. Spray, Colores, Rotuladores y Montana Notebook Plain\",\"breadcrumb\":{\"@id\":\"https:\/\/dev4.devmitsinformatica.com\/en\/shop\/graffiti-sketchbooks-shop-barcelona\/montana-notebook-plain\/#breadcrumb\"},\"inLanguage\":\"en-US\",\"potentialAction\":[{\"@type\":\"ReadAction\",\"target\":[\"https:\/\/dev4.devmitsinformatica.com\/en\/shop\/graffiti-sketchbooks-shop-barcelona\/montana-notebook-plain\/\"]}]},{\"@type\":\"ImageObject\",\"inLanguage\":\"en-US\",\"@id\":\"https:\/\/dev4.devmitsinformatica.com\/en\/shop\/graffiti-sketchbooks-shop-barcelona\/montana-notebook-plain\/#primaryimage\",\"url\":\"https:\/\/dev4.devmitsinformatica.com\/wp-content\/uploads\/2018\/02\/montana-notebook-plain-a6.jpg\",\"contentUrl\":\"https:\/\/dev4.devmitsinformatica.com\/wp-content\/uploads\/2018\/02\/montana-notebook-plain-a6.jpg\",\"width\":490,\"height\":490,\"caption\":\"Montana Blackbook A6, Sketchbook plain montana para graffiti dibujos de facil transporte, graffiti brackbook, blackbook barcelona comprar online.\"},{\"@type\":\"BreadcrumbList\",\"@id\":\"https:\/\/dev4.devmitsinformatica.com\/en\/shop\/graffiti-sketchbooks-shop-barcelona\/montana-notebook-plain\/#breadcrumb\",\"itemListElement\":[{\"@type\":\"ListItem\",\"position\":1,\"name\":\"Home\",\"item\":\"https:\/\/dev4.devmitsinformatica.com\/en\/\"},{\"@type\":\"ListItem\",\"position\":2,\"name\":\"Store\",\"item\":\"https:\/\/dev4.devmitsinformatica.com\/?page_id=38\"},{\"@type\":\"ListItem\",\"position\":3,\"name\":\"Montana Notebook Plain\"}]},{\"@type\":\"WebSite\",\"@id\":\"https:\/\/dev4.devmitsinformatica.com\/en\/#website\",\"url\":\"https:\/\/dev4.devmitsinformatica.com\/en\/\",\"name\":\"ULTRAWIDE GRAFFITI SHOP\",\"description\":\"SPRAY GRAFFITI SHOP CAPS Y ROTULADORES\",\"publisher\":{\"@id\":\"https:\/\/dev4.devmitsinformatica.com\/en\/#organization\"},\"potentialAction\":[{\"@type\":\"SearchAction\",\"target\":{\"@type\":\"EntryPoint\",\"urlTemplate\":\"https:\/\/dev4.devmitsinformatica.com\/en\/?s={search_term_string}\"},\"query-input\":{\"@type\":\"PropertyValueSpecification\",\"valueRequired\":true,\"valueName\":\"search_term_string\"}}],\"inLanguage\":\"en-US\"},{\"@type\":\"Organization\",\"@id\":\"https:\/\/dev4.devmitsinformatica.com\/en\/#organization\",\"name\":\"ANDEN Graffiti Shop Barcelona\",\"url\":\"https:\/\/dev4.devmitsinformatica.com\/en\/\",\"logo\":{\"@type\":\"ImageObject\",\"inLanguage\":\"en-US\",\"@id\":\"https:\/\/dev4.devmitsinformatica.com\/en\/#\/schema\/logo\/image\/\",\"url\":\"https:\/\/dev4.devmitsinformatica.com\/wp-content\/uploads\/2016\/11\/graffiti-gallery-barcelona.png\",\"contentUrl\":\"https:\/\/dev4.devmitsinformatica.com\/wp-content\/uploads\/2016\/11\/graffiti-gallery-barcelona.png\",\"width\":386,\"height\":150,\"caption\":\"ANDEN Graffiti Shop Barcelona\"},\"image\":{\"@id\":\"https:\/\/dev4.devmitsinformatica.com\/en\/#\/schema\/logo\/image\/\"}}]}<\/script>\n<!-- \/ Yoast SEO plugin. -->","yoast_head_json":{"title":"Montana Notebook Plain Ultrawide Graffiti Shop Barcelona","description":"Montana Notebook Plain en Barcelona:Montana Notebook Plain? Montana Notebook Plain y mas. Arte y Graffiti Shop Barcelona. Spray, Colores, Rotuladores y Montana Notebook Plain","robots":{"index":"index","follow":"follow","max-snippet":"max-snippet:-1","max-image-preview":"max-image-preview:large","max-video-preview":"max-video-preview:-1"},"canonical":"https:\/\/dev4.devmitsinformatica.com\/en\/shop\/graffiti-sketchbooks-shop-barcelona\/montana-notebook-plain\/","og_locale":"en_US","og_type":"article","og_title":"Montana Notebook Plain Ultrawide Graffiti Shop Barcelona","og_description":"Montana Notebook Plain en Barcelona:Montana Notebook Plain? Montana Notebook Plain y mas. Arte y Graffiti Shop Barcelona. Spray, Colores, Rotuladores y Montana Notebook Plain","og_url":"https:\/\/dev4.devmitsinformatica.com\/en\/shop\/graffiti-sketchbooks-shop-barcelona\/montana-notebook-plain\/","og_site_name":"ULTRAWIDE GRAFFITI SHOP","article_modified_time":"2023-10-13T17:23:53+00:00","og_image":[{"width":490,"height":490,"url":"https:\/\/dev4.devmitsinformatica.com\/wp-content\/uploads\/2018\/02\/montana-notebook-plain-a6.jpg","type":"image\/jpeg"}],"twitter_card":"summary_large_image","twitter_misc":{"Est. reading time":"1 minute"},"schema":{"@context":"https:\/\/schema.org","@graph":[{"@type":"WebPage","@id":"https:\/\/dev4.devmitsinformatica.com\/en\/shop\/graffiti-sketchbooks-shop-barcelona\/montana-notebook-plain\/","url":"https:\/\/dev4.devmitsinformatica.com\/en\/shop\/graffiti-sketchbooks-shop-barcelona\/montana-notebook-plain\/","name":"Montana Notebook Plain Ultrawide Graffiti Shop Barcelona","isPartOf":{"@id":"https:\/\/dev4.devmitsinformatica.com\/en\/#website"},"primaryImageOfPage":{"@id":"https:\/\/dev4.devmitsinformatica.com\/en\/shop\/graffiti-sketchbooks-shop-barcelona\/montana-notebook-plain\/#primaryimage"},"image":{"@id":"https:\/\/dev4.devmitsinformatica.com\/en\/shop\/graffiti-sketchbooks-shop-barcelona\/montana-notebook-plain\/#primaryimage"},"thumbnailUrl":"https:\/\/dev4.devmitsinformatica.com\/wp-content\/uploads\/2018\/02\/montana-notebook-plain-a6.jpg","datePublished":"2018-02-04T11:31:22+00:00","dateModified":"2023-10-13T17:23:53+00:00","description":"Montana Notebook Plain en Barcelona:Montana Notebook Plain? Montana Notebook Plain y mas. Arte y Graffiti Shop Barcelona. Spray, Colores, Rotuladores y Montana Notebook Plain","breadcrumb":{"@id":"https:\/\/dev4.devmitsinformatica.com\/en\/shop\/graffiti-sketchbooks-shop-barcelona\/montana-notebook-plain\/#breadcrumb"},"inLanguage":"en-US","potentialAction":[{"@type":"ReadAction","target":["https:\/\/dev4.devmitsinformatica.com\/en\/shop\/graffiti-sketchbooks-shop-barcelona\/montana-notebook-plain\/"]}]},{"@type":"ImageObject","inLanguage":"en-US","@id":"https:\/\/dev4.devmitsinformatica.com\/en\/shop\/graffiti-sketchbooks-shop-barcelona\/montana-notebook-plain\/#primaryimage","url":"https:\/\/dev4.devmitsinformatica.com\/wp-content\/uploads\/2018\/02\/montana-notebook-plain-a6.jpg","contentUrl":"https:\/\/dev4.devmitsinformatica.com\/wp-content\/uploads\/2018\/02\/montana-notebook-plain-a6.jpg","width":490,"height":490,"caption":"Montana Blackbook A6, Sketchbook plain montana para graffiti dibujos de facil transporte, graffiti brackbook, blackbook barcelona comprar online."},{"@type":"BreadcrumbList","@id":"https:\/\/dev4.devmitsinformatica.com\/en\/shop\/graffiti-sketchbooks-shop-barcelona\/montana-notebook-plain\/#breadcrumb","itemListElement":[{"@type":"ListItem","position":1,"name":"Home","item":"https:\/\/dev4.devmitsinformatica.com\/en\/"},{"@type":"ListItem","position":2,"name":"Store","item":"https:\/\/dev4.devmitsinformatica.com\/?page_id=38"},{"@type":"ListItem","position":3,"name":"Montana Notebook Plain"}]},{"@type":"WebSite","@id":"https:\/\/dev4.devmitsinformatica.com\/en\/#website","url":"https:\/\/dev4.devmitsinformatica.com\/en\/","name":"ULTRAWIDE GRAFFITI SHOP","description":"SPRAY GRAFFITI SHOP CAPS Y ROTULADORES","publisher":{"@id":"https:\/\/dev4.devmitsinformatica.com\/en\/#organization"},"potentialAction":[{"@type":"SearchAction","target":{"@type":"EntryPoint","urlTemplate":"https:\/\/dev4.devmitsinformatica.com\/en\/?s={search_term_string}"},"query-input":{"@type":"PropertyValueSpecification","valueRequired":true,"valueName":"search_term_string"}}],"inLanguage":"en-US"},{"@type":"Organization","@id":"https:\/\/dev4.devmitsinformatica.com\/en\/#organization","name":"ANDEN Graffiti Shop Barcelona","url":"https:\/\/dev4.devmitsinformatica.com\/en\/","logo":{"@type":"ImageObject","inLanguage":"en-US","@id":"https:\/\/dev4.devmitsinformatica.com\/en\/#\/schema\/logo\/image\/","url":"https:\/\/dev4.devmitsinformatica.com\/wp-content\/uploads\/2016\/11\/graffiti-gallery-barcelona.png","contentUrl":"https:\/\/dev4.devmitsinformatica.com\/wp-content\/uploads\/2016\/11\/graffiti-gallery-barcelona.png","width":386,"height":150,"caption":"ANDEN Graffiti Shop Barcelona"},"image":{"@id":"https:\/\/dev4.devmitsinformatica.com\/en\/#\/schema\/logo\/image\/"}}]}},"_links":{"self":[{"href":"https:\/\/dev4.devmitsinformatica.com\/en\/wp-json\/wp\/v2\/product\/6323","targetHints":{"allow":["GET"]}}],"collection":[{"href":"https:\/\/dev4.devmitsinformatica.com\/en\/wp-json\/wp\/v2\/product"}],"about":[{"href":"https:\/\/dev4.devmitsinformatica.com\/en\/wp-json\/wp\/v2\/types\/product"}],"replies":[{"embeddable":true,"href":"https:\/\/dev4.devmitsinformatica.com\/en\/wp-json\/wp\/v2\/comments?post=6323"}],"version-history":[{"count":0,"href":"https:\/\/dev4.devmitsinformatica.com\/en\/wp-json\/wp\/v2\/product\/6323\/revisions"}],"wp:featuredmedia":[{"embeddable":true,"href":"https:\/\/dev4.devmitsinformatica.com\/en\/wp-json\/wp\/v2\/media\/6324"}],"wp:attachment":[{"href":"https:\/\/dev4.devmitsinformatica.com\/en\/wp-json\/wp\/v2\/media?parent=6323"}],"wp:term":[{"taxonomy":"product_brand","embeddable":true,"href":"https:\/\/dev4.devmitsinformatica.com\/en\/wp-json\/wp\/v2\/product_brand?post=6323"},{"taxonomy":"product_cat","embeddable":true,"href":"https:\/\/dev4.devmitsinformatica.com\/en\/wp-json\/wp\/v2\/product_cat?post=6323"},{"taxonomy":"product_tag","embeddable":true,"href":"https:\/\/dev4.devmitsinformatica.com\/en\/wp-json\/wp\/v2\/product_tag?post=6323"}],"curies":[{"name":"wp","href":"https:\/\/api.w.org\/{rel}","templated":true}]}}