{"id":6330,"date":"2018-02-04T13:25:50","date_gmt":"2018-02-04T13:25:50","guid":{"rendered":"https:\/\/dev4.devmitsinformatica.com\/?post_type=product&#038;p=6330"},"modified":"2023-10-13T17:22:34","modified_gmt":"2023-10-13T17:22:34","slug":"montana-can-bag","status":"publish","type":"product","link":"https:\/\/dev4.devmitsinformatica.com\/en\/shop\/graffiti-bolsas-shop-barcelona\/montana-can-bag\/","title":{"rendered":"Montana Can Bag"},"content":{"rendered":"<p>La nueva\u00a0<em><strong>Montana Can Bag<\/strong><\/em>. <a href=\"https:\/\/dev4.devmitsinformatica.com\/tienda-online\/graffiti-bolsos-shop-barcelona\/\">Bolsa Montana<\/a> De Nylon, resistente para 15 aerosoles aunque permite introducir mas. Con departamentos para caps, marcadores y Blaakbooks. Con tu\u00a0<em><strong>Montana Can Bag<\/strong><\/em>. Transporta tus sprays y accesorios con tu Bolsa Montana de Nylon <strong>can bag<\/strong>. La bolsa de Nylon Montana ha sido creada por la marca Alemana Montana Cans, para ofrecer resistencia y durabilidad en el transporte de tus latas. Muy pr\u00e1ctica para tus salidas a pintar manteniendo tu material a mano y resguardado. Posee un bolsillo interior y otro exterior para guardar tus bocetos, rotuladores o\u00a0 caps. Pensada por y para artistas del spray para el transporte de latas. Su capacidad de entre 15 y 18 latas permite que puedas transportar el material suficiente para una pieza mediana en una sola bolsa con todos los accesorios que necesites como rotuladores, sketchbook o bocetos varios.<\/p>\n<p>No te quedes atras, la bolsa profesional para tus <a href=\"https:\/\/barcelonapinturas.com\/categoria-producto\/sprays-de-pintura\/\">sprays montana<\/a> can bag completa la l\u00ednea de accesorios para graffiti que necesitas. Un elemento \u00fatil que necesitas tener en tus manos. Gracias al material de Nylon con el que ha sido confeccionada, podr\u00e1s plegarla y esconderla o moverla de un lado para otro una vez vac\u00eda. Su doble asa te permite colgarla del hombro o manejarla sin problema de un lado a otro. No te quedes sin tu Montana Can Bag!<\/p>\n<p><span style=\"color: #ffffff;\">Mr.Serious,\u00a0<\/span><\/p>\n","protected":false},"excerpt":{"rendered":"<p><em><strong>Montana Can Bag<\/strong><\/em> .Tercera generaci\u00f3n: esta bolsa de nylon resistente a las rascadas almacena c\u00f3modamente 15 latas en posici\u00f3n vertical, sin embargo, son posibles m\u00e1s latas. Montana <em>Can Bag<\/em> puede guardar sus caps en un lugar confiable y f\u00e1cil de encontrar con el bolsillo interior con cremallera discretamente ubicado. el bolsillo abierto exterior tambi\u00e9n permite que los Blackbooks, bocetos o marcadores est\u00e9n cuidadosamente escondidos pero con f\u00e1cil acceso. Los toques finales son dos peque\u00f1os Montana Typo-logo impresos en un lado exterior de la bolsa negra.<\/p>\n","protected":false},"featured_media":6332,"comment_status":"open","ping_status":"closed","template":"","meta":{"site-sidebar-layout":"default","site-content-layout":"","ast-site-content-layout":"default","site-content-style":"default","site-sidebar-style":"default","ast-global-header-display":"","ast-banner-title-visibility":"","ast-main-header-display":"","ast-hfb-above-header-display":"","ast-hfb-below-header-display":"","ast-hfb-mobile-header-display":"","site-post-title":"","ast-breadcrumbs-content":"","ast-featured-img":"","footer-sml-layout":"","ast-disable-related-posts":"","theme-transparent-header-meta":"","adv-header-id-meta":"","stick-header-meta":"","header-above-stick-meta":"","header-main-stick-meta":"","header-below-stick-meta":"","astra-migrate-meta-layouts":"default","ast-page-background-enabled":"default","ast-page-background-meta":{"desktop":{"background-color":"","background-image":"","background-repeat":"repeat","background-position":"center center","background-size":"auto","background-attachment":"scroll","background-type":"","background-media":"","overlay-type":"","overlay-color":"","overlay-opacity":"","overlay-gradient":""},"tablet":{"background-color":"","background-image":"","background-repeat":"repeat","background-position":"center center","background-size":"auto","background-attachment":"scroll","background-type":"","background-media":"","overlay-type":"","overlay-color":"","overlay-opacity":"","overlay-gradient":""},"mobile":{"background-color":"","background-image":"","background-repeat":"repeat","background-position":"center center","background-size":"auto","background-attachment":"scroll","background-type":"","background-media":"","overlay-type":"","overlay-color":"","overlay-opacity":"","overlay-gradient":""}},"ast-content-background-meta":{"desktop":{"background-color":"var(--ast-global-color-5)","background-image":"","background-repeat":"repeat","background-position":"center center","background-size":"auto","background-attachment":"scroll","background-type":"","background-media":"","overlay-type":"","overlay-color":"","overlay-opacity":"","overlay-gradient":""},"tablet":{"background-color":"var(--ast-global-color-5)","background-image":"","background-repeat":"repeat","background-position":"center center","background-size":"auto","background-attachment":"scroll","background-type":"","background-media":"","overlay-type":"","overlay-color":"","overlay-opacity":"","overlay-gradient":""},"mobile":{"background-color":"var(--ast-global-color-5)","background-image":"","background-repeat":"repeat","background-position":"center center","background-size":"auto","background-attachment":"scroll","background-type":"","background-media":"","overlay-type":"","overlay-color":"","overlay-opacity":"","overlay-gradient":""}}},"product_brand":[],"product_cat":[12],"product_tag":[3416,3103,1003,1004,3415,3418,3102,3414,3417,1001,3413],"class_list":{"0":"post-6330","1":"product","2":"type-product","3":"status-publish","4":"has-post-thumbnail","6":"product_cat-graffiti-bolsas-shop-barcelona","7":"product_tag-bolsa-graffiti","8":"product_tag-bolsa-montana","9":"product_tag-bolsa-para-sprays","10":"product_tag-can-bag","11":"product_tag-graffiti-bag","12":"product_tag-mochila-graffiti-sprays","13":"product_tag-mochila-montana","14":"product_tag-mochila-para-sprays","15":"product_tag-montana-bag","16":"product_tag-montana-can-bag","17":"product_tag-transporte-de-aerosoles","18":"desktop-align-left","19":"tablet-align-left","20":"mobile-align-left","22":"first","23":"instock","24":"purchasable","25":"product-type-simple"},"yoast_head":"<!-- This site is optimized with the Yoast SEO plugin v27.0 - https:\/\/yoast.com\/product\/yoast-seo-wordpress\/ -->\n<title>Montana Can Bag, Bolso graffiti sprays Montana Cans<\/title>\n<meta name=\"description\" content=\"Montana Can Bag en Barcelona:Montana Can Bag? Montana Can Bag y mas. Arte y Graffiti Shop Barcelona. Spray, Colores, Rotuladores y Montana Can Bag\" \/>\n<meta name=\"robots\" content=\"index, follow, max-snippet:-1, max-image-preview:large, max-video-preview:-1\" \/>\n<link rel=\"canonical\" href=\"https:\/\/dev4.devmitsinformatica.com\/en\/shop\/graffiti-bolsas-shop-barcelona\/montana-can-bag\/\" \/>\n<meta property=\"og:locale\" content=\"en_US\" \/>\n<meta property=\"og:type\" content=\"article\" \/>\n<meta property=\"og:title\" content=\"Montana Can Bag, Bolso graffiti sprays Montana Cans\" \/>\n<meta property=\"og:description\" content=\"Montana Can Bag en Barcelona:Montana Can Bag? Montana Can Bag y mas. Arte y Graffiti Shop Barcelona. Spray, Colores, Rotuladores y Montana Can Bag\" \/>\n<meta property=\"og:url\" content=\"https:\/\/dev4.devmitsinformatica.com\/en\/shop\/graffiti-bolsas-shop-barcelona\/montana-can-bag\/\" \/>\n<meta property=\"og:site_name\" content=\"ULTRAWIDE GRAFFITI SHOP\" \/>\n<meta property=\"article:modified_time\" content=\"2023-10-13T17:22:34+00:00\" \/>\n<meta property=\"og:image\" content=\"https:\/\/dev4.devmitsinformatica.com\/wp-content\/uploads\/2018\/02\/montana-nylon-can-bag.jpg\" \/>\n\t<meta property=\"og:image:width\" content=\"1024\" \/>\n\t<meta property=\"og:image:height\" content=\"899\" \/>\n\t<meta property=\"og:image:type\" content=\"image\/jpeg\" \/>\n<meta name=\"twitter:card\" content=\"summary_large_image\" \/>\n<meta name=\"twitter:label1\" content=\"Est. reading time\" \/>\n\t<meta name=\"twitter:data1\" content=\"1 minute\" \/>\n<script type=\"application\/ld+json\" class=\"yoast-schema-graph\">{\"@context\":\"https:\/\/schema.org\",\"@graph\":[{\"@type\":\"WebPage\",\"@id\":\"https:\/\/dev4.devmitsinformatica.com\/en\/shop\/graffiti-bolsas-shop-barcelona\/montana-can-bag\/\",\"url\":\"https:\/\/dev4.devmitsinformatica.com\/en\/shop\/graffiti-bolsas-shop-barcelona\/montana-can-bag\/\",\"name\":\"Montana Can Bag, Bolso graffiti sprays Montana Cans\",\"isPartOf\":{\"@id\":\"https:\/\/dev4.devmitsinformatica.com\/en\/#website\"},\"primaryImageOfPage\":{\"@id\":\"https:\/\/dev4.devmitsinformatica.com\/en\/shop\/graffiti-bolsas-shop-barcelona\/montana-can-bag\/#primaryimage\"},\"image\":{\"@id\":\"https:\/\/dev4.devmitsinformatica.com\/en\/shop\/graffiti-bolsas-shop-barcelona\/montana-can-bag\/#primaryimage\"},\"thumbnailUrl\":\"https:\/\/dev4.devmitsinformatica.com\/wp-content\/uploads\/2018\/02\/montana-nylon-can-bag.jpg\",\"datePublished\":\"2018-02-04T13:25:50+00:00\",\"dateModified\":\"2023-10-13T17:22:34+00:00\",\"description\":\"Montana Can Bag en Barcelona:Montana Can Bag? Montana Can Bag y mas. Arte y Graffiti Shop Barcelona. Spray, Colores, Rotuladores y Montana Can Bag\",\"breadcrumb\":{\"@id\":\"https:\/\/dev4.devmitsinformatica.com\/en\/shop\/graffiti-bolsas-shop-barcelona\/montana-can-bag\/#breadcrumb\"},\"inLanguage\":\"en-US\",\"potentialAction\":[{\"@type\":\"ReadAction\",\"target\":[\"https:\/\/dev4.devmitsinformatica.com\/en\/shop\/graffiti-bolsas-shop-barcelona\/montana-can-bag\/\"]}]},{\"@type\":\"ImageObject\",\"inLanguage\":\"en-US\",\"@id\":\"https:\/\/dev4.devmitsinformatica.com\/en\/shop\/graffiti-bolsas-shop-barcelona\/montana-can-bag\/#primaryimage\",\"url\":\"https:\/\/dev4.devmitsinformatica.com\/wp-content\/uploads\/2018\/02\/montana-nylon-can-bag.jpg\",\"contentUrl\":\"https:\/\/dev4.devmitsinformatica.com\/wp-content\/uploads\/2018\/02\/montana-nylon-can-bag.jpg\",\"width\":1024,\"height\":899,\"caption\":\"La montana Spray Bolsa muy util para transportar sprays, Montana Can Bag graffiti, comprar mochila graffiti online, graffiti spray bag.\"},{\"@type\":\"BreadcrumbList\",\"@id\":\"https:\/\/dev4.devmitsinformatica.com\/en\/shop\/graffiti-bolsas-shop-barcelona\/montana-can-bag\/#breadcrumb\",\"itemListElement\":[{\"@type\":\"ListItem\",\"position\":1,\"name\":\"Home\",\"item\":\"https:\/\/dev4.devmitsinformatica.com\/en\/\"},{\"@type\":\"ListItem\",\"position\":2,\"name\":\"Store\",\"item\":\"https:\/\/dev4.devmitsinformatica.com\/?page_id=38\"},{\"@type\":\"ListItem\",\"position\":3,\"name\":\"Montana Can Bag\"}]},{\"@type\":\"WebSite\",\"@id\":\"https:\/\/dev4.devmitsinformatica.com\/en\/#website\",\"url\":\"https:\/\/dev4.devmitsinformatica.com\/en\/\",\"name\":\"ULTRAWIDE GRAFFITI SHOP\",\"description\":\"SPRAY GRAFFITI SHOP CAPS Y ROTULADORES\",\"publisher\":{\"@id\":\"https:\/\/dev4.devmitsinformatica.com\/en\/#organization\"},\"potentialAction\":[{\"@type\":\"SearchAction\",\"target\":{\"@type\":\"EntryPoint\",\"urlTemplate\":\"https:\/\/dev4.devmitsinformatica.com\/en\/?s={search_term_string}\"},\"query-input\":{\"@type\":\"PropertyValueSpecification\",\"valueRequired\":true,\"valueName\":\"search_term_string\"}}],\"inLanguage\":\"en-US\"},{\"@type\":\"Organization\",\"@id\":\"https:\/\/dev4.devmitsinformatica.com\/en\/#organization\",\"name\":\"ANDEN Graffiti Shop Barcelona\",\"url\":\"https:\/\/dev4.devmitsinformatica.com\/en\/\",\"logo\":{\"@type\":\"ImageObject\",\"inLanguage\":\"en-US\",\"@id\":\"https:\/\/dev4.devmitsinformatica.com\/en\/#\/schema\/logo\/image\/\",\"url\":\"https:\/\/dev4.devmitsinformatica.com\/wp-content\/uploads\/2016\/11\/graffiti-gallery-barcelona.png\",\"contentUrl\":\"https:\/\/dev4.devmitsinformatica.com\/wp-content\/uploads\/2016\/11\/graffiti-gallery-barcelona.png\",\"width\":386,\"height\":150,\"caption\":\"ANDEN Graffiti Shop Barcelona\"},\"image\":{\"@id\":\"https:\/\/dev4.devmitsinformatica.com\/en\/#\/schema\/logo\/image\/\"}}]}<\/script>\n<!-- \/ Yoast SEO plugin. -->","yoast_head_json":{"title":"Montana Can Bag, Bolso graffiti sprays Montana Cans","description":"Montana Can Bag en Barcelona:Montana Can Bag? Montana Can Bag y mas. Arte y Graffiti Shop Barcelona. Spray, Colores, Rotuladores y Montana Can Bag","robots":{"index":"index","follow":"follow","max-snippet":"max-snippet:-1","max-image-preview":"max-image-preview:large","max-video-preview":"max-video-preview:-1"},"canonical":"https:\/\/dev4.devmitsinformatica.com\/en\/shop\/graffiti-bolsas-shop-barcelona\/montana-can-bag\/","og_locale":"en_US","og_type":"article","og_title":"Montana Can Bag, Bolso graffiti sprays Montana Cans","og_description":"Montana Can Bag en Barcelona:Montana Can Bag? Montana Can Bag y mas. Arte y Graffiti Shop Barcelona. Spray, Colores, Rotuladores y Montana Can Bag","og_url":"https:\/\/dev4.devmitsinformatica.com\/en\/shop\/graffiti-bolsas-shop-barcelona\/montana-can-bag\/","og_site_name":"ULTRAWIDE GRAFFITI SHOP","article_modified_time":"2023-10-13T17:22:34+00:00","og_image":[{"width":1024,"height":899,"url":"https:\/\/dev4.devmitsinformatica.com\/wp-content\/uploads\/2018\/02\/montana-nylon-can-bag.jpg","type":"image\/jpeg"}],"twitter_card":"summary_large_image","twitter_misc":{"Est. reading time":"1 minute"},"schema":{"@context":"https:\/\/schema.org","@graph":[{"@type":"WebPage","@id":"https:\/\/dev4.devmitsinformatica.com\/en\/shop\/graffiti-bolsas-shop-barcelona\/montana-can-bag\/","url":"https:\/\/dev4.devmitsinformatica.com\/en\/shop\/graffiti-bolsas-shop-barcelona\/montana-can-bag\/","name":"Montana Can Bag, Bolso graffiti sprays Montana Cans","isPartOf":{"@id":"https:\/\/dev4.devmitsinformatica.com\/en\/#website"},"primaryImageOfPage":{"@id":"https:\/\/dev4.devmitsinformatica.com\/en\/shop\/graffiti-bolsas-shop-barcelona\/montana-can-bag\/#primaryimage"},"image":{"@id":"https:\/\/dev4.devmitsinformatica.com\/en\/shop\/graffiti-bolsas-shop-barcelona\/montana-can-bag\/#primaryimage"},"thumbnailUrl":"https:\/\/dev4.devmitsinformatica.com\/wp-content\/uploads\/2018\/02\/montana-nylon-can-bag.jpg","datePublished":"2018-02-04T13:25:50+00:00","dateModified":"2023-10-13T17:22:34+00:00","description":"Montana Can Bag en Barcelona:Montana Can Bag? Montana Can Bag y mas. Arte y Graffiti Shop Barcelona. Spray, Colores, Rotuladores y Montana Can Bag","breadcrumb":{"@id":"https:\/\/dev4.devmitsinformatica.com\/en\/shop\/graffiti-bolsas-shop-barcelona\/montana-can-bag\/#breadcrumb"},"inLanguage":"en-US","potentialAction":[{"@type":"ReadAction","target":["https:\/\/dev4.devmitsinformatica.com\/en\/shop\/graffiti-bolsas-shop-barcelona\/montana-can-bag\/"]}]},{"@type":"ImageObject","inLanguage":"en-US","@id":"https:\/\/dev4.devmitsinformatica.com\/en\/shop\/graffiti-bolsas-shop-barcelona\/montana-can-bag\/#primaryimage","url":"https:\/\/dev4.devmitsinformatica.com\/wp-content\/uploads\/2018\/02\/montana-nylon-can-bag.jpg","contentUrl":"https:\/\/dev4.devmitsinformatica.com\/wp-content\/uploads\/2018\/02\/montana-nylon-can-bag.jpg","width":1024,"height":899,"caption":"La montana Spray Bolsa muy util para transportar sprays, Montana Can Bag graffiti, comprar mochila graffiti online, graffiti spray bag."},{"@type":"BreadcrumbList","@id":"https:\/\/dev4.devmitsinformatica.com\/en\/shop\/graffiti-bolsas-shop-barcelona\/montana-can-bag\/#breadcrumb","itemListElement":[{"@type":"ListItem","position":1,"name":"Home","item":"https:\/\/dev4.devmitsinformatica.com\/en\/"},{"@type":"ListItem","position":2,"name":"Store","item":"https:\/\/dev4.devmitsinformatica.com\/?page_id=38"},{"@type":"ListItem","position":3,"name":"Montana Can Bag"}]},{"@type":"WebSite","@id":"https:\/\/dev4.devmitsinformatica.com\/en\/#website","url":"https:\/\/dev4.devmitsinformatica.com\/en\/","name":"ULTRAWIDE GRAFFITI SHOP","description":"SPRAY GRAFFITI SHOP CAPS Y ROTULADORES","publisher":{"@id":"https:\/\/dev4.devmitsinformatica.com\/en\/#organization"},"potentialAction":[{"@type":"SearchAction","target":{"@type":"EntryPoint","urlTemplate":"https:\/\/dev4.devmitsinformatica.com\/en\/?s={search_term_string}"},"query-input":{"@type":"PropertyValueSpecification","valueRequired":true,"valueName":"search_term_string"}}],"inLanguage":"en-US"},{"@type":"Organization","@id":"https:\/\/dev4.devmitsinformatica.com\/en\/#organization","name":"ANDEN Graffiti Shop Barcelona","url":"https:\/\/dev4.devmitsinformatica.com\/en\/","logo":{"@type":"ImageObject","inLanguage":"en-US","@id":"https:\/\/dev4.devmitsinformatica.com\/en\/#\/schema\/logo\/image\/","url":"https:\/\/dev4.devmitsinformatica.com\/wp-content\/uploads\/2016\/11\/graffiti-gallery-barcelona.png","contentUrl":"https:\/\/dev4.devmitsinformatica.com\/wp-content\/uploads\/2016\/11\/graffiti-gallery-barcelona.png","width":386,"height":150,"caption":"ANDEN Graffiti Shop Barcelona"},"image":{"@id":"https:\/\/dev4.devmitsinformatica.com\/en\/#\/schema\/logo\/image\/"}}]}},"_links":{"self":[{"href":"https:\/\/dev4.devmitsinformatica.com\/en\/wp-json\/wp\/v2\/product\/6330","targetHints":{"allow":["GET"]}}],"collection":[{"href":"https:\/\/dev4.devmitsinformatica.com\/en\/wp-json\/wp\/v2\/product"}],"about":[{"href":"https:\/\/dev4.devmitsinformatica.com\/en\/wp-json\/wp\/v2\/types\/product"}],"replies":[{"embeddable":true,"href":"https:\/\/dev4.devmitsinformatica.com\/en\/wp-json\/wp\/v2\/comments?post=6330"}],"version-history":[{"count":0,"href":"https:\/\/dev4.devmitsinformatica.com\/en\/wp-json\/wp\/v2\/product\/6330\/revisions"}],"wp:featuredmedia":[{"embeddable":true,"href":"https:\/\/dev4.devmitsinformatica.com\/en\/wp-json\/wp\/v2\/media\/6332"}],"wp:attachment":[{"href":"https:\/\/dev4.devmitsinformatica.com\/en\/wp-json\/wp\/v2\/media?parent=6330"}],"wp:term":[{"taxonomy":"product_brand","embeddable":true,"href":"https:\/\/dev4.devmitsinformatica.com\/en\/wp-json\/wp\/v2\/product_brand?post=6330"},{"taxonomy":"product_cat","embeddable":true,"href":"https:\/\/dev4.devmitsinformatica.com\/en\/wp-json\/wp\/v2\/product_cat?post=6330"},{"taxonomy":"product_tag","embeddable":true,"href":"https:\/\/dev4.devmitsinformatica.com\/en\/wp-json\/wp\/v2\/product_tag?post=6330"}],"curies":[{"name":"wp","href":"https:\/\/api.w.org\/{rel}","templated":true}]}}