{"id":7417,"date":"2018-12-05T15:36:08","date_gmt":"2018-12-05T15:36:08","guid":{"rendered":"https:\/\/dev4.devmitsinformatica.com\/?post_type=product&#038;p=7417"},"modified":"2024-07-09T10:48:50","modified_gmt":"2024-07-09T10:48:50","slug":"pintura-plastica-monocapa","status":"publish","type":"product","link":"https:\/\/dev4.devmitsinformatica.com\/en\/shop\/pinturas-y-herramientas\/pintura-plastica-monocapa\/","title":{"rendered":"PINTURA PL\u00c1STICA MONOCAPA."},"content":{"rendered":"<p>La<a href=\"http:\/\/www.pinturasbarcelona.com\"> pintura<\/a> pl\u00e1stica monocapa de la linea Sensaciones viene presentada en unas peque\u00f1as cubetas de 2,5L con un rendimiento aproximado de 25m2 . Su gama se compone de 24 colores entre los que se encuentra el blanco y el negro. Podseen una formulaci\u00f3n muy cubriente y son aptas para su uso en exterior como fondos para pinturas murales o <a href=\"https:\/\/dev4.devmitsinformatica.com\/tienda-online\/spray\/\">graffiti<\/a> debido a su calidad, lavabilidad y cubrici\u00f3n.<\/p>\n<p>Esta pintura es muy indicada de igual manrera para su uso en interior como pintura decorativa.<\/p>\n<p>Se recomienda diluir en un 10% de agua para su aplicaci\u00f3n, siendo posible esta mediante pistola airless o rodillo.<\/p>\n<p>Encuentra tu color en su amplia gama o llamanos y solicita tu referencia.<\/p>\n","protected":false},"excerpt":{"rendered":"<p>Cubeta de 2,5 Litros<\/p>\n<p>Rendimiento aproximado 25 m2<\/p>\n<p>Muy cubriente, lavable y resistente.<\/p>\n<p>Colores vivos.<\/p>\n<p>Ideal para trabajos de decoraci\u00f3n interior, graffiti y pintura mural.<\/p>\n<p>24 Colores.<\/p>\n<p>Los colores que se muestran son aproximados, por favor consulte la carta de color o llamenos para consultarnos si lo requiere.<\/p>\n","protected":false},"featured_media":10130,"comment_status":"open","ping_status":"closed","template":"","meta":{"site-sidebar-layout":"default","site-content-layout":"","ast-site-content-layout":"default","site-content-style":"default","site-sidebar-style":"default","ast-global-header-display":"","ast-banner-title-visibility":"","ast-main-header-display":"","ast-hfb-above-header-display":"","ast-hfb-below-header-display":"","ast-hfb-mobile-header-display":"","site-post-title":"","ast-breadcrumbs-content":"","ast-featured-img":"","footer-sml-layout":"","ast-disable-related-posts":"","theme-transparent-header-meta":"","adv-header-id-meta":"","stick-header-meta":"","header-above-stick-meta":"","header-main-stick-meta":"","header-below-stick-meta":"","astra-migrate-meta-layouts":"default","ast-page-background-enabled":"default","ast-page-background-meta":{"desktop":{"background-color":"","background-image":"","background-repeat":"repeat","background-position":"center center","background-size":"auto","background-attachment":"scroll","background-type":"","background-media":"","overlay-type":"","overlay-color":"","overlay-opacity":"","overlay-gradient":""},"tablet":{"background-color":"","background-image":"","background-repeat":"repeat","background-position":"center center","background-size":"auto","background-attachment":"scroll","background-type":"","background-media":"","overlay-type":"","overlay-color":"","overlay-opacity":"","overlay-gradient":""},"mobile":{"background-color":"","background-image":"","background-repeat":"repeat","background-position":"center center","background-size":"auto","background-attachment":"scroll","background-type":"","background-media":"","overlay-type":"","overlay-color":"","overlay-opacity":"","overlay-gradient":""}},"ast-content-background-meta":{"desktop":{"background-color":"var(--ast-global-color-5)","background-image":"","background-repeat":"repeat","background-position":"center center","background-size":"auto","background-attachment":"scroll","background-type":"","background-media":"","overlay-type":"","overlay-color":"","overlay-opacity":"","overlay-gradient":""},"tablet":{"background-color":"var(--ast-global-color-5)","background-image":"","background-repeat":"repeat","background-position":"center center","background-size":"auto","background-attachment":"scroll","background-type":"","background-media":"","overlay-type":"","overlay-color":"","overlay-opacity":"","overlay-gradient":""},"mobile":{"background-color":"var(--ast-global-color-5)","background-image":"","background-repeat":"repeat","background-position":"center center","background-size":"auto","background-attachment":"scroll","background-type":"","background-media":"","overlay-type":"","overlay-color":"","overlay-opacity":"","overlay-gradient":""}}},"product_brand":[],"product_cat":[6,5430],"product_tag":[5447,5442,5448,5441,5446,5443,5444,5445],"class_list":{"0":"post-7417","1":"product","2":"type-product","3":"status-publish","4":"has-post-thumbnail","6":"product_cat-pinturas-y-herramientas","7":"product_cat-pinturas-plasticas","8":"product_tag-colores-de-pintura","9":"product_tag-colores-para-paredes","10":"product_tag-monocapa-pintura","11":"product_tag-pintura-monocapa","12":"product_tag-pintura-negra","13":"product_tag-pintura-para-graffiti","14":"product_tag-pintura-plastica-monocapa","15":"product_tag-pintura-roja","16":"desktop-align-left","17":"tablet-align-left","18":"mobile-align-left","20":"first","21":"outofstock","22":"purchasable","23":"product-type-variable"},"yoast_head":"<!-- This site is optimized with the Yoast SEO plugin v27.0 - https:\/\/yoast.com\/product\/yoast-seo-wordpress\/ -->\n<title>PINTURA PL\u00c1STICA MONOCAPA. Ultrawide Graffiti Shop Barcelona<\/title>\n<meta name=\"description\" content=\"PINTURA PL\u00c1STICA MOMNOCAPA? Compra pintura pl\u00e1stica monocapa y fondos para graffiti, `pintura de fachadas, sprays y mas en tu tienda de Barcelona.\" \/>\n<meta name=\"robots\" content=\"index, follow, max-snippet:-1, max-image-preview:large, max-video-preview:-1\" \/>\n<link rel=\"canonical\" href=\"https:\/\/dev4.devmitsinformatica.com\/en\/shop\/pinturas-y-herramientas\/pintura-plastica-monocapa\/\" \/>\n<meta property=\"og:locale\" content=\"en_US\" \/>\n<meta property=\"og:type\" content=\"article\" \/>\n<meta property=\"og:title\" content=\"PINTURA PL\u00c1STICA MONOCAPA. Ultrawide Graffiti Shop Barcelona\" \/>\n<meta property=\"og:description\" content=\"PINTURA PL\u00c1STICA MOMNOCAPA? Compra pintura pl\u00e1stica monocapa y fondos para graffiti, `pintura de fachadas, sprays y mas en tu tienda de Barcelona.\" \/>\n<meta property=\"og:url\" content=\"https:\/\/dev4.devmitsinformatica.com\/en\/shop\/pinturas-y-herramientas\/pintura-plastica-monocapa\/\" \/>\n<meta property=\"og:site_name\" content=\"ULTRAWIDE GRAFFITI SHOP\" \/>\n<meta property=\"article:modified_time\" content=\"2024-07-09T10:48:50+00:00\" \/>\n<meta property=\"og:image\" content=\"https:\/\/dev4.devmitsinformatica.com\/wp-content\/uploads\/2018\/12\/Dise\u00f1o-sin-t\u00edtulo.png\" \/>\n\t<meta property=\"og:image:width\" content=\"1400\" \/>\n\t<meta property=\"og:image:height\" content=\"1400\" \/>\n\t<meta property=\"og:image:type\" content=\"image\/png\" \/>\n<meta name=\"twitter:card\" content=\"summary_large_image\" \/>\n<meta name=\"twitter:label1\" content=\"Est. reading time\" \/>\n\t<meta name=\"twitter:data1\" content=\"1 minute\" \/>\n<script type=\"application\/ld+json\" class=\"yoast-schema-graph\">{\"@context\":\"https:\/\/schema.org\",\"@graph\":[{\"@type\":\"WebPage\",\"@id\":\"https:\/\/dev4.devmitsinformatica.com\/en\/shop\/pinturas-y-herramientas\/pintura-plastica-monocapa\/\",\"url\":\"https:\/\/dev4.devmitsinformatica.com\/en\/shop\/pinturas-y-herramientas\/pintura-plastica-monocapa\/\",\"name\":\"PINTURA PL\u00c1STICA MONOCAPA. Ultrawide Graffiti Shop Barcelona\",\"isPartOf\":{\"@id\":\"https:\/\/dev4.devmitsinformatica.com\/en\/#website\"},\"primaryImageOfPage\":{\"@id\":\"https:\/\/dev4.devmitsinformatica.com\/en\/shop\/pinturas-y-herramientas\/pintura-plastica-monocapa\/#primaryimage\"},\"image\":{\"@id\":\"https:\/\/dev4.devmitsinformatica.com\/en\/shop\/pinturas-y-herramientas\/pintura-plastica-monocapa\/#primaryimage\"},\"thumbnailUrl\":\"https:\/\/dev4.devmitsinformatica.com\/wp-content\/uploads\/2018\/12\/Dise\u00f1o-sin-t\u00edtulo.png\",\"datePublished\":\"2018-12-05T15:36:08+00:00\",\"dateModified\":\"2024-07-09T10:48:50+00:00\",\"description\":\"PINTURA PL\u00c1STICA MOMNOCAPA? Compra pintura pl\u00e1stica monocapa y fondos para graffiti, `pintura de fachadas, sprays y mas en tu tienda de Barcelona.\",\"breadcrumb\":{\"@id\":\"https:\/\/dev4.devmitsinformatica.com\/en\/shop\/pinturas-y-herramientas\/pintura-plastica-monocapa\/#breadcrumb\"},\"inLanguage\":\"en-US\",\"potentialAction\":[{\"@type\":\"ReadAction\",\"target\":[\"https:\/\/dev4.devmitsinformatica.com\/en\/shop\/pinturas-y-herramientas\/pintura-plastica-monocapa\/\"]}]},{\"@type\":\"ImageObject\",\"inLanguage\":\"en-US\",\"@id\":\"https:\/\/dev4.devmitsinformatica.com\/en\/shop\/pinturas-y-herramientas\/pintura-plastica-monocapa\/#primaryimage\",\"url\":\"https:\/\/dev4.devmitsinformatica.com\/wp-content\/uploads\/2018\/12\/Dise\u00f1o-sin-t\u00edtulo.png\",\"contentUrl\":\"https:\/\/dev4.devmitsinformatica.com\/wp-content\/uploads\/2018\/12\/Dise\u00f1o-sin-t\u00edtulo.png\",\"width\":1400,\"height\":1400,\"caption\":\"Pintura pl\u00e1stica para graffiti, pintura pl\u00e1stica negra y colores\"},{\"@type\":\"BreadcrumbList\",\"@id\":\"https:\/\/dev4.devmitsinformatica.com\/en\/shop\/pinturas-y-herramientas\/pintura-plastica-monocapa\/#breadcrumb\",\"itemListElement\":[{\"@type\":\"ListItem\",\"position\":1,\"name\":\"Home\",\"item\":\"https:\/\/dev4.devmitsinformatica.com\/en\/\"},{\"@type\":\"ListItem\",\"position\":2,\"name\":\"Store\",\"item\":\"https:\/\/dev4.devmitsinformatica.com\/?page_id=38\"},{\"@type\":\"ListItem\",\"position\":3,\"name\":\"PINTURA PL\u00c1STICA MONOCAPA.\"}]},{\"@type\":\"WebSite\",\"@id\":\"https:\/\/dev4.devmitsinformatica.com\/en\/#website\",\"url\":\"https:\/\/dev4.devmitsinformatica.com\/en\/\",\"name\":\"ULTRAWIDE GRAFFITI SHOP\",\"description\":\"SPRAY GRAFFITI SHOP CAPS Y ROTULADORES\",\"publisher\":{\"@id\":\"https:\/\/dev4.devmitsinformatica.com\/en\/#organization\"},\"potentialAction\":[{\"@type\":\"SearchAction\",\"target\":{\"@type\":\"EntryPoint\",\"urlTemplate\":\"https:\/\/dev4.devmitsinformatica.com\/en\/?s={search_term_string}\"},\"query-input\":{\"@type\":\"PropertyValueSpecification\",\"valueRequired\":true,\"valueName\":\"search_term_string\"}}],\"inLanguage\":\"en-US\"},{\"@type\":\"Organization\",\"@id\":\"https:\/\/dev4.devmitsinformatica.com\/en\/#organization\",\"name\":\"ANDEN Graffiti Shop Barcelona\",\"url\":\"https:\/\/dev4.devmitsinformatica.com\/en\/\",\"logo\":{\"@type\":\"ImageObject\",\"inLanguage\":\"en-US\",\"@id\":\"https:\/\/dev4.devmitsinformatica.com\/en\/#\/schema\/logo\/image\/\",\"url\":\"https:\/\/dev4.devmitsinformatica.com\/wp-content\/uploads\/2016\/11\/graffiti-gallery-barcelona.png\",\"contentUrl\":\"https:\/\/dev4.devmitsinformatica.com\/wp-content\/uploads\/2016\/11\/graffiti-gallery-barcelona.png\",\"width\":386,\"height\":150,\"caption\":\"ANDEN Graffiti Shop Barcelona\"},\"image\":{\"@id\":\"https:\/\/dev4.devmitsinformatica.com\/en\/#\/schema\/logo\/image\/\"}}]}<\/script>\n<!-- \/ Yoast SEO plugin. -->","yoast_head_json":{"title":"PINTURA PL\u00c1STICA MONOCAPA. Ultrawide Graffiti Shop Barcelona","description":"PINTURA PL\u00c1STICA MOMNOCAPA? Compra pintura pl\u00e1stica monocapa y fondos para graffiti, `pintura de fachadas, sprays y mas en tu tienda de Barcelona.","robots":{"index":"index","follow":"follow","max-snippet":"max-snippet:-1","max-image-preview":"max-image-preview:large","max-video-preview":"max-video-preview:-1"},"canonical":"https:\/\/dev4.devmitsinformatica.com\/en\/shop\/pinturas-y-herramientas\/pintura-plastica-monocapa\/","og_locale":"en_US","og_type":"article","og_title":"PINTURA PL\u00c1STICA MONOCAPA. Ultrawide Graffiti Shop Barcelona","og_description":"PINTURA PL\u00c1STICA MOMNOCAPA? Compra pintura pl\u00e1stica monocapa y fondos para graffiti, `pintura de fachadas, sprays y mas en tu tienda de Barcelona.","og_url":"https:\/\/dev4.devmitsinformatica.com\/en\/shop\/pinturas-y-herramientas\/pintura-plastica-monocapa\/","og_site_name":"ULTRAWIDE GRAFFITI SHOP","article_modified_time":"2024-07-09T10:48:50+00:00","og_image":[{"width":1400,"height":1400,"url":"https:\/\/dev4.devmitsinformatica.com\/wp-content\/uploads\/2018\/12\/Dise\u00f1o-sin-t\u00edtulo.png","type":"image\/png"}],"twitter_card":"summary_large_image","twitter_misc":{"Est. reading time":"1 minute"},"schema":{"@context":"https:\/\/schema.org","@graph":[{"@type":"WebPage","@id":"https:\/\/dev4.devmitsinformatica.com\/en\/shop\/pinturas-y-herramientas\/pintura-plastica-monocapa\/","url":"https:\/\/dev4.devmitsinformatica.com\/en\/shop\/pinturas-y-herramientas\/pintura-plastica-monocapa\/","name":"PINTURA PL\u00c1STICA MONOCAPA. Ultrawide Graffiti Shop Barcelona","isPartOf":{"@id":"https:\/\/dev4.devmitsinformatica.com\/en\/#website"},"primaryImageOfPage":{"@id":"https:\/\/dev4.devmitsinformatica.com\/en\/shop\/pinturas-y-herramientas\/pintura-plastica-monocapa\/#primaryimage"},"image":{"@id":"https:\/\/dev4.devmitsinformatica.com\/en\/shop\/pinturas-y-herramientas\/pintura-plastica-monocapa\/#primaryimage"},"thumbnailUrl":"https:\/\/dev4.devmitsinformatica.com\/wp-content\/uploads\/2018\/12\/Dise\u00f1o-sin-t\u00edtulo.png","datePublished":"2018-12-05T15:36:08+00:00","dateModified":"2024-07-09T10:48:50+00:00","description":"PINTURA PL\u00c1STICA MOMNOCAPA? Compra pintura pl\u00e1stica monocapa y fondos para graffiti, `pintura de fachadas, sprays y mas en tu tienda de Barcelona.","breadcrumb":{"@id":"https:\/\/dev4.devmitsinformatica.com\/en\/shop\/pinturas-y-herramientas\/pintura-plastica-monocapa\/#breadcrumb"},"inLanguage":"en-US","potentialAction":[{"@type":"ReadAction","target":["https:\/\/dev4.devmitsinformatica.com\/en\/shop\/pinturas-y-herramientas\/pintura-plastica-monocapa\/"]}]},{"@type":"ImageObject","inLanguage":"en-US","@id":"https:\/\/dev4.devmitsinformatica.com\/en\/shop\/pinturas-y-herramientas\/pintura-plastica-monocapa\/#primaryimage","url":"https:\/\/dev4.devmitsinformatica.com\/wp-content\/uploads\/2018\/12\/Dise\u00f1o-sin-t\u00edtulo.png","contentUrl":"https:\/\/dev4.devmitsinformatica.com\/wp-content\/uploads\/2018\/12\/Dise\u00f1o-sin-t\u00edtulo.png","width":1400,"height":1400,"caption":"Pintura pl\u00e1stica para graffiti, pintura pl\u00e1stica negra y colores"},{"@type":"BreadcrumbList","@id":"https:\/\/dev4.devmitsinformatica.com\/en\/shop\/pinturas-y-herramientas\/pintura-plastica-monocapa\/#breadcrumb","itemListElement":[{"@type":"ListItem","position":1,"name":"Home","item":"https:\/\/dev4.devmitsinformatica.com\/en\/"},{"@type":"ListItem","position":2,"name":"Store","item":"https:\/\/dev4.devmitsinformatica.com\/?page_id=38"},{"@type":"ListItem","position":3,"name":"PINTURA PL\u00c1STICA MONOCAPA."}]},{"@type":"WebSite","@id":"https:\/\/dev4.devmitsinformatica.com\/en\/#website","url":"https:\/\/dev4.devmitsinformatica.com\/en\/","name":"ULTRAWIDE GRAFFITI SHOP","description":"SPRAY GRAFFITI SHOP CAPS Y ROTULADORES","publisher":{"@id":"https:\/\/dev4.devmitsinformatica.com\/en\/#organization"},"potentialAction":[{"@type":"SearchAction","target":{"@type":"EntryPoint","urlTemplate":"https:\/\/dev4.devmitsinformatica.com\/en\/?s={search_term_string}"},"query-input":{"@type":"PropertyValueSpecification","valueRequired":true,"valueName":"search_term_string"}}],"inLanguage":"en-US"},{"@type":"Organization","@id":"https:\/\/dev4.devmitsinformatica.com\/en\/#organization","name":"ANDEN Graffiti Shop Barcelona","url":"https:\/\/dev4.devmitsinformatica.com\/en\/","logo":{"@type":"ImageObject","inLanguage":"en-US","@id":"https:\/\/dev4.devmitsinformatica.com\/en\/#\/schema\/logo\/image\/","url":"https:\/\/dev4.devmitsinformatica.com\/wp-content\/uploads\/2016\/11\/graffiti-gallery-barcelona.png","contentUrl":"https:\/\/dev4.devmitsinformatica.com\/wp-content\/uploads\/2016\/11\/graffiti-gallery-barcelona.png","width":386,"height":150,"caption":"ANDEN Graffiti Shop Barcelona"},"image":{"@id":"https:\/\/dev4.devmitsinformatica.com\/en\/#\/schema\/logo\/image\/"}}]}},"_links":{"self":[{"href":"https:\/\/dev4.devmitsinformatica.com\/en\/wp-json\/wp\/v2\/product\/7417","targetHints":{"allow":["GET"]}}],"collection":[{"href":"https:\/\/dev4.devmitsinformatica.com\/en\/wp-json\/wp\/v2\/product"}],"about":[{"href":"https:\/\/dev4.devmitsinformatica.com\/en\/wp-json\/wp\/v2\/types\/product"}],"replies":[{"embeddable":true,"href":"https:\/\/dev4.devmitsinformatica.com\/en\/wp-json\/wp\/v2\/comments?post=7417"}],"version-history":[{"count":0,"href":"https:\/\/dev4.devmitsinformatica.com\/en\/wp-json\/wp\/v2\/product\/7417\/revisions"}],"wp:featuredmedia":[{"embeddable":true,"href":"https:\/\/dev4.devmitsinformatica.com\/en\/wp-json\/wp\/v2\/media\/10130"}],"wp:attachment":[{"href":"https:\/\/dev4.devmitsinformatica.com\/en\/wp-json\/wp\/v2\/media?parent=7417"}],"wp:term":[{"taxonomy":"product_brand","embeddable":true,"href":"https:\/\/dev4.devmitsinformatica.com\/en\/wp-json\/wp\/v2\/product_brand?post=7417"},{"taxonomy":"product_cat","embeddable":true,"href":"https:\/\/dev4.devmitsinformatica.com\/en\/wp-json\/wp\/v2\/product_cat?post=7417"},{"taxonomy":"product_tag","embeddable":true,"href":"https:\/\/dev4.devmitsinformatica.com\/en\/wp-json\/wp\/v2\/product_tag?post=7417"}],"curies":[{"name":"wp","href":"https:\/\/api.w.org\/{rel}","templated":true}]}}