{"id":7783,"date":"2019-11-19T11:02:45","date_gmt":"2019-11-19T11:02:45","guid":{"rendered":"https:\/\/dev4.devmitsinformatica.com\/?post_type=product&#038;p=7783"},"modified":"2023-10-13T17:16:52","modified_gmt":"2023-10-13T17:16:52","slug":"pegatina-holograma","status":"publish","type":"product","link":"https:\/\/dev4.devmitsinformatica.com\/en\/shop\/graffiti-accesorios-shop-barcelona\/pegatina-holograma\/","title":{"rendered":"PEGATINA HOLOGRAMA"},"content":{"rendered":"<p><a href=\"https:\/\/dev4.devmitsinformatica.com\/tienda-online\/varios\/\">PEGATINA HOLOGRAMA<\/a>\u00a0lleva las pegatinas de c\u00e1scara de huevo al siguiente nivel.<\/p>\n<p>Las pegatinas de c\u00e1scara de huevo de 100 mm x 65 mm de alta calidad vienen en paquetes de 50 piezas y son perfectas para uso en interiores o exteriores.<\/p>\n<p>Con un brillo adicional a la luz directa o la luz solar, el patr\u00f3n hologr\u00e1fico es la base perfecta para sus estilos de mano o obras de arte p\u00fablicas.<\/p>\n<p>Tome sus marcadores Montana BOLD, marcadores <a href=\"http:\/\/montana-cans.com\">Montana<\/a> ACRYLIC o marcadores permanentes Montana Short y prepare su obra de arte en la comodidad de su propia casa o estudio.<\/p>\n<p>Recuerde pelar la pegatina con cuidado, ya que se aplican las caracter\u00edsticas cl\u00e1sicas de deterioro de la c\u00e1scara de huevo al retirarlas.<\/p>\n<p>El complemento perfecto para sus suministros Montana Redbag, Montana AC-Bag o Montana Utility bag.<\/p>\n<p>Obtenga a\u00fan m\u00e1s atenci\u00f3n entre el ruido de la caligraf\u00eda urbana.<\/p>\n<p>Pegatina Holograma y pegatinas o stickers de graffiti en tu tienda de Barcelona Montana-Cans.<\/p>\n","protected":false},"excerpt":{"rendered":"<p>.Pegatina C\u00e1scara de huevo.<\/p>\n<p>.Acabado Holograma 3D.<\/p>\n<p>.Unidades 50 pcs.<\/p>\n<p>.Indestructible Sticker<\/p>\n","protected":false},"featured_media":7784,"comment_status":"open","ping_status":"closed","template":"","meta":{"site-sidebar-layout":"default","site-content-layout":"","ast-site-content-layout":"default","site-content-style":"default","site-sidebar-style":"default","ast-global-header-display":"","ast-banner-title-visibility":"","ast-main-header-display":"","ast-hfb-above-header-display":"","ast-hfb-below-header-display":"","ast-hfb-mobile-header-display":"","site-post-title":"","ast-breadcrumbs-content":"","ast-featured-img":"","footer-sml-layout":"","ast-disable-related-posts":"","theme-transparent-header-meta":"","adv-header-id-meta":"","stick-header-meta":"","header-above-stick-meta":"","header-main-stick-meta":"","header-below-stick-meta":"","astra-migrate-meta-layouts":"default","ast-page-background-enabled":"default","ast-page-background-meta":{"desktop":{"background-color":"","background-image":"","background-repeat":"repeat","background-position":"center center","background-size":"auto","background-attachment":"scroll","background-type":"","background-media":"","overlay-type":"","overlay-color":"","overlay-opacity":"","overlay-gradient":""},"tablet":{"background-color":"","background-image":"","background-repeat":"repeat","background-position":"center center","background-size":"auto","background-attachment":"scroll","background-type":"","background-media":"","overlay-type":"","overlay-color":"","overlay-opacity":"","overlay-gradient":""},"mobile":{"background-color":"","background-image":"","background-repeat":"repeat","background-position":"center center","background-size":"auto","background-attachment":"scroll","background-type":"","background-media":"","overlay-type":"","overlay-color":"","overlay-opacity":"","overlay-gradient":""}},"ast-content-background-meta":{"desktop":{"background-color":"var(--ast-global-color-5)","background-image":"","background-repeat":"repeat","background-position":"center center","background-size":"auto","background-attachment":"scroll","background-type":"","background-media":"","overlay-type":"","overlay-color":"","overlay-opacity":"","overlay-gradient":""},"tablet":{"background-color":"var(--ast-global-color-5)","background-image":"","background-repeat":"repeat","background-position":"center center","background-size":"auto","background-attachment":"scroll","background-type":"","background-media":"","overlay-type":"","overlay-color":"","overlay-opacity":"","overlay-gradient":""},"mobile":{"background-color":"var(--ast-global-color-5)","background-image":"","background-repeat":"repeat","background-position":"center center","background-size":"auto","background-attachment":"scroll","background-type":"","background-media":"","overlay-type":"","overlay-color":"","overlay-opacity":"","overlay-gradient":""}}},"product_brand":[],"product_cat":[604,2396],"product_tag":[6119,6118,5600,5599,3590,5598,5601,5597,5603,2796,5602,2785,3852],"class_list":{"0":"post-7783","1":"product","2":"type-product","3":"status-publish","4":"has-post-thumbnail","6":"product_cat-graffiti-accesorios-shop-barcelona","7":"product_cat-stickers","8":"product_tag-adhesivo-holograma","9":"product_tag-adhesivos-holograma","10":"product_tag-cascara-de-huevo","11":"product_tag-eggshell-stickers","12":"product_tag-graffiti-stickers","13":"product_tag-montana-eggshell","14":"product_tag-pegatinas-bombardero","15":"product_tag-pegatinas-cascara-de-huevo","16":"product_tag-pegatinas-hello-my-name-is","17":"product_tag-pegatinas-holograma","18":"product_tag-pegatinas-motana","19":"product_tag-stickers","20":"product_tag-stickers-hello","21":"desktop-align-left","22":"tablet-align-left","23":"mobile-align-left","25":"first","26":"outofstock","27":"purchasable","28":"product-type-simple"},"yoast_head":"<!-- This site is optimized with the Yoast SEO plugin v27.0 - https:\/\/yoast.com\/product\/yoast-seo-wordpress\/ -->\n<title>PEGATINA HOLOGRAMA- Ultrawide Graffiti Shop Barcelona.<\/title>\n<meta name=\"description\" content=\"Pegatina Holograma? Compra tus pegatinas holograma en Ultrawide Graffiti Shop Barcelona tu tienda de graffiti montana-cans en la ciudad.\" \/>\n<meta name=\"robots\" content=\"index, follow, max-snippet:-1, max-image-preview:large, max-video-preview:-1\" \/>\n<link rel=\"canonical\" href=\"https:\/\/dev4.devmitsinformatica.com\/en\/shop\/graffiti-accesorios-shop-barcelona\/pegatina-holograma\/\" \/>\n<meta property=\"og:locale\" content=\"en_US\" \/>\n<meta property=\"og:type\" content=\"article\" \/>\n<meta property=\"og:title\" content=\"PEGATINA HOLOGRAMA- Ultrawide Graffiti Shop Barcelona.\" \/>\n<meta property=\"og:description\" content=\"Pegatina Holograma? Compra tus pegatinas holograma en Ultrawide Graffiti Shop Barcelona tu tienda de graffiti montana-cans en la ciudad.\" \/>\n<meta property=\"og:url\" content=\"https:\/\/dev4.devmitsinformatica.com\/en\/shop\/graffiti-accesorios-shop-barcelona\/pegatina-holograma\/\" \/>\n<meta property=\"og:site_name\" content=\"ULTRAWIDE GRAFFITI SHOP\" \/>\n<meta property=\"article:modified_time\" content=\"2023-10-13T17:16:52+00:00\" \/>\n<meta property=\"og:image\" content=\"https:\/\/dev4.devmitsinformatica.com\/wp-content\/uploads\/2019\/11\/Pegatina-C\u00e1scara-de-Huevo-Holograma-3D-Montana.jpg\" \/>\n\t<meta property=\"og:image:width\" content=\"300\" \/>\n\t<meta property=\"og:image:height\" content=\"300\" \/>\n\t<meta property=\"og:image:type\" content=\"image\/jpeg\" \/>\n<meta name=\"twitter:card\" content=\"summary_large_image\" \/>\n<meta name=\"twitter:label1\" content=\"Est. reading time\" \/>\n\t<meta name=\"twitter:data1\" content=\"1 minute\" \/>\n<script type=\"application\/ld+json\" class=\"yoast-schema-graph\">{\"@context\":\"https:\/\/schema.org\",\"@graph\":[{\"@type\":\"WebPage\",\"@id\":\"https:\/\/dev4.devmitsinformatica.com\/en\/shop\/graffiti-accesorios-shop-barcelona\/pegatina-holograma\/\",\"url\":\"https:\/\/dev4.devmitsinformatica.com\/en\/shop\/graffiti-accesorios-shop-barcelona\/pegatina-holograma\/\",\"name\":\"PEGATINA HOLOGRAMA- Ultrawide Graffiti Shop Barcelona.\",\"isPartOf\":{\"@id\":\"https:\/\/dev4.devmitsinformatica.com\/en\/#website\"},\"primaryImageOfPage\":{\"@id\":\"https:\/\/dev4.devmitsinformatica.com\/en\/shop\/graffiti-accesorios-shop-barcelona\/pegatina-holograma\/#primaryimage\"},\"image\":{\"@id\":\"https:\/\/dev4.devmitsinformatica.com\/en\/shop\/graffiti-accesorios-shop-barcelona\/pegatina-holograma\/#primaryimage\"},\"thumbnailUrl\":\"https:\/\/dev4.devmitsinformatica.com\/wp-content\/uploads\/2019\/11\/Pegatina-C\u00e1scara-de-Huevo-Holograma-3D-Montana.jpg\",\"datePublished\":\"2019-11-19T11:02:45+00:00\",\"dateModified\":\"2023-10-13T17:16:52+00:00\",\"description\":\"Pegatina Holograma? Compra tus pegatinas holograma en Ultrawide Graffiti Shop Barcelona tu tienda de graffiti montana-cans en la ciudad.\",\"breadcrumb\":{\"@id\":\"https:\/\/dev4.devmitsinformatica.com\/en\/shop\/graffiti-accesorios-shop-barcelona\/pegatina-holograma\/#breadcrumb\"},\"inLanguage\":\"en-US\",\"potentialAction\":[{\"@type\":\"ReadAction\",\"target\":[\"https:\/\/dev4.devmitsinformatica.com\/en\/shop\/graffiti-accesorios-shop-barcelona\/pegatina-holograma\/\"]}]},{\"@type\":\"ImageObject\",\"inLanguage\":\"en-US\",\"@id\":\"https:\/\/dev4.devmitsinformatica.com\/en\/shop\/graffiti-accesorios-shop-barcelona\/pegatina-holograma\/#primaryimage\",\"url\":\"https:\/\/dev4.devmitsinformatica.com\/wp-content\/uploads\/2019\/11\/Pegatina-C\u00e1scara-de-Huevo-Holograma-3D-Montana.jpg\",\"contentUrl\":\"https:\/\/dev4.devmitsinformatica.com\/wp-content\/uploads\/2019\/11\/Pegatina-C\u00e1scara-de-Huevo-Holograma-3D-Montana.jpg\",\"width\":300,\"height\":300,\"caption\":\"Stickers c\u00e1scara de huevo, eggshell en tu tienda de graffiti en Barcelona.\"},{\"@type\":\"BreadcrumbList\",\"@id\":\"https:\/\/dev4.devmitsinformatica.com\/en\/shop\/graffiti-accesorios-shop-barcelona\/pegatina-holograma\/#breadcrumb\",\"itemListElement\":[{\"@type\":\"ListItem\",\"position\":1,\"name\":\"Home\",\"item\":\"https:\/\/dev4.devmitsinformatica.com\/en\/\"},{\"@type\":\"ListItem\",\"position\":2,\"name\":\"Store\",\"item\":\"https:\/\/dev4.devmitsinformatica.com\/?page_id=38\"},{\"@type\":\"ListItem\",\"position\":3,\"name\":\"PEGATINA HOLOGRAMA\"}]},{\"@type\":\"WebSite\",\"@id\":\"https:\/\/dev4.devmitsinformatica.com\/en\/#website\",\"url\":\"https:\/\/dev4.devmitsinformatica.com\/en\/\",\"name\":\"ULTRAWIDE GRAFFITI SHOP\",\"description\":\"SPRAY GRAFFITI SHOP CAPS Y ROTULADORES\",\"publisher\":{\"@id\":\"https:\/\/dev4.devmitsinformatica.com\/en\/#organization\"},\"potentialAction\":[{\"@type\":\"SearchAction\",\"target\":{\"@type\":\"EntryPoint\",\"urlTemplate\":\"https:\/\/dev4.devmitsinformatica.com\/en\/?s={search_term_string}\"},\"query-input\":{\"@type\":\"PropertyValueSpecification\",\"valueRequired\":true,\"valueName\":\"search_term_string\"}}],\"inLanguage\":\"en-US\"},{\"@type\":\"Organization\",\"@id\":\"https:\/\/dev4.devmitsinformatica.com\/en\/#organization\",\"name\":\"ANDEN Graffiti Shop Barcelona\",\"url\":\"https:\/\/dev4.devmitsinformatica.com\/en\/\",\"logo\":{\"@type\":\"ImageObject\",\"inLanguage\":\"en-US\",\"@id\":\"https:\/\/dev4.devmitsinformatica.com\/en\/#\/schema\/logo\/image\/\",\"url\":\"https:\/\/dev4.devmitsinformatica.com\/wp-content\/uploads\/2016\/11\/graffiti-gallery-barcelona.png\",\"contentUrl\":\"https:\/\/dev4.devmitsinformatica.com\/wp-content\/uploads\/2016\/11\/graffiti-gallery-barcelona.png\",\"width\":386,\"height\":150,\"caption\":\"ANDEN Graffiti Shop Barcelona\"},\"image\":{\"@id\":\"https:\/\/dev4.devmitsinformatica.com\/en\/#\/schema\/logo\/image\/\"}}]}<\/script>\n<!-- \/ Yoast SEO plugin. -->","yoast_head_json":{"title":"PEGATINA HOLOGRAMA- Ultrawide Graffiti Shop Barcelona.","description":"Pegatina Holograma? Compra tus pegatinas holograma en Ultrawide Graffiti Shop Barcelona tu tienda de graffiti montana-cans en la ciudad.","robots":{"index":"index","follow":"follow","max-snippet":"max-snippet:-1","max-image-preview":"max-image-preview:large","max-video-preview":"max-video-preview:-1"},"canonical":"https:\/\/dev4.devmitsinformatica.com\/en\/shop\/graffiti-accesorios-shop-barcelona\/pegatina-holograma\/","og_locale":"en_US","og_type":"article","og_title":"PEGATINA HOLOGRAMA- Ultrawide Graffiti Shop Barcelona.","og_description":"Pegatina Holograma? Compra tus pegatinas holograma en Ultrawide Graffiti Shop Barcelona tu tienda de graffiti montana-cans en la ciudad.","og_url":"https:\/\/dev4.devmitsinformatica.com\/en\/shop\/graffiti-accesorios-shop-barcelona\/pegatina-holograma\/","og_site_name":"ULTRAWIDE GRAFFITI SHOP","article_modified_time":"2023-10-13T17:16:52+00:00","og_image":[{"width":300,"height":300,"url":"https:\/\/dev4.devmitsinformatica.com\/wp-content\/uploads\/2019\/11\/Pegatina-C\u00e1scara-de-Huevo-Holograma-3D-Montana.jpg","type":"image\/jpeg"}],"twitter_card":"summary_large_image","twitter_misc":{"Est. reading time":"1 minute"},"schema":{"@context":"https:\/\/schema.org","@graph":[{"@type":"WebPage","@id":"https:\/\/dev4.devmitsinformatica.com\/en\/shop\/graffiti-accesorios-shop-barcelona\/pegatina-holograma\/","url":"https:\/\/dev4.devmitsinformatica.com\/en\/shop\/graffiti-accesorios-shop-barcelona\/pegatina-holograma\/","name":"PEGATINA HOLOGRAMA- Ultrawide Graffiti Shop Barcelona.","isPartOf":{"@id":"https:\/\/dev4.devmitsinformatica.com\/en\/#website"},"primaryImageOfPage":{"@id":"https:\/\/dev4.devmitsinformatica.com\/en\/shop\/graffiti-accesorios-shop-barcelona\/pegatina-holograma\/#primaryimage"},"image":{"@id":"https:\/\/dev4.devmitsinformatica.com\/en\/shop\/graffiti-accesorios-shop-barcelona\/pegatina-holograma\/#primaryimage"},"thumbnailUrl":"https:\/\/dev4.devmitsinformatica.com\/wp-content\/uploads\/2019\/11\/Pegatina-C\u00e1scara-de-Huevo-Holograma-3D-Montana.jpg","datePublished":"2019-11-19T11:02:45+00:00","dateModified":"2023-10-13T17:16:52+00:00","description":"Pegatina Holograma? Compra tus pegatinas holograma en Ultrawide Graffiti Shop Barcelona tu tienda de graffiti montana-cans en la ciudad.","breadcrumb":{"@id":"https:\/\/dev4.devmitsinformatica.com\/en\/shop\/graffiti-accesorios-shop-barcelona\/pegatina-holograma\/#breadcrumb"},"inLanguage":"en-US","potentialAction":[{"@type":"ReadAction","target":["https:\/\/dev4.devmitsinformatica.com\/en\/shop\/graffiti-accesorios-shop-barcelona\/pegatina-holograma\/"]}]},{"@type":"ImageObject","inLanguage":"en-US","@id":"https:\/\/dev4.devmitsinformatica.com\/en\/shop\/graffiti-accesorios-shop-barcelona\/pegatina-holograma\/#primaryimage","url":"https:\/\/dev4.devmitsinformatica.com\/wp-content\/uploads\/2019\/11\/Pegatina-C\u00e1scara-de-Huevo-Holograma-3D-Montana.jpg","contentUrl":"https:\/\/dev4.devmitsinformatica.com\/wp-content\/uploads\/2019\/11\/Pegatina-C\u00e1scara-de-Huevo-Holograma-3D-Montana.jpg","width":300,"height":300,"caption":"Stickers c\u00e1scara de huevo, eggshell en tu tienda de graffiti en Barcelona."},{"@type":"BreadcrumbList","@id":"https:\/\/dev4.devmitsinformatica.com\/en\/shop\/graffiti-accesorios-shop-barcelona\/pegatina-holograma\/#breadcrumb","itemListElement":[{"@type":"ListItem","position":1,"name":"Home","item":"https:\/\/dev4.devmitsinformatica.com\/en\/"},{"@type":"ListItem","position":2,"name":"Store","item":"https:\/\/dev4.devmitsinformatica.com\/?page_id=38"},{"@type":"ListItem","position":3,"name":"PEGATINA HOLOGRAMA"}]},{"@type":"WebSite","@id":"https:\/\/dev4.devmitsinformatica.com\/en\/#website","url":"https:\/\/dev4.devmitsinformatica.com\/en\/","name":"ULTRAWIDE GRAFFITI SHOP","description":"SPRAY GRAFFITI SHOP CAPS Y ROTULADORES","publisher":{"@id":"https:\/\/dev4.devmitsinformatica.com\/en\/#organization"},"potentialAction":[{"@type":"SearchAction","target":{"@type":"EntryPoint","urlTemplate":"https:\/\/dev4.devmitsinformatica.com\/en\/?s={search_term_string}"},"query-input":{"@type":"PropertyValueSpecification","valueRequired":true,"valueName":"search_term_string"}}],"inLanguage":"en-US"},{"@type":"Organization","@id":"https:\/\/dev4.devmitsinformatica.com\/en\/#organization","name":"ANDEN Graffiti Shop Barcelona","url":"https:\/\/dev4.devmitsinformatica.com\/en\/","logo":{"@type":"ImageObject","inLanguage":"en-US","@id":"https:\/\/dev4.devmitsinformatica.com\/en\/#\/schema\/logo\/image\/","url":"https:\/\/dev4.devmitsinformatica.com\/wp-content\/uploads\/2016\/11\/graffiti-gallery-barcelona.png","contentUrl":"https:\/\/dev4.devmitsinformatica.com\/wp-content\/uploads\/2016\/11\/graffiti-gallery-barcelona.png","width":386,"height":150,"caption":"ANDEN Graffiti Shop Barcelona"},"image":{"@id":"https:\/\/dev4.devmitsinformatica.com\/en\/#\/schema\/logo\/image\/"}}]}},"_links":{"self":[{"href":"https:\/\/dev4.devmitsinformatica.com\/en\/wp-json\/wp\/v2\/product\/7783","targetHints":{"allow":["GET"]}}],"collection":[{"href":"https:\/\/dev4.devmitsinformatica.com\/en\/wp-json\/wp\/v2\/product"}],"about":[{"href":"https:\/\/dev4.devmitsinformatica.com\/en\/wp-json\/wp\/v2\/types\/product"}],"replies":[{"embeddable":true,"href":"https:\/\/dev4.devmitsinformatica.com\/en\/wp-json\/wp\/v2\/comments?post=7783"}],"version-history":[{"count":0,"href":"https:\/\/dev4.devmitsinformatica.com\/en\/wp-json\/wp\/v2\/product\/7783\/revisions"}],"wp:featuredmedia":[{"embeddable":true,"href":"https:\/\/dev4.devmitsinformatica.com\/en\/wp-json\/wp\/v2\/media\/7784"}],"wp:attachment":[{"href":"https:\/\/dev4.devmitsinformatica.com\/en\/wp-json\/wp\/v2\/media?parent=7783"}],"wp:term":[{"taxonomy":"product_brand","embeddable":true,"href":"https:\/\/dev4.devmitsinformatica.com\/en\/wp-json\/wp\/v2\/product_brand?post=7783"},{"taxonomy":"product_cat","embeddable":true,"href":"https:\/\/dev4.devmitsinformatica.com\/en\/wp-json\/wp\/v2\/product_cat?post=7783"},{"taxonomy":"product_tag","embeddable":true,"href":"https:\/\/dev4.devmitsinformatica.com\/en\/wp-json\/wp\/v2\/product_tag?post=7783"}],"curies":[{"name":"wp","href":"https:\/\/api.w.org\/{rel}","templated":true}]}}