{"id":7785,"date":"2019-11-19T11:15:12","date_gmt":"2019-11-19T11:15:12","guid":{"rendered":"https:\/\/dev4.devmitsinformatica.com\/?post_type=product&#038;p=7785"},"modified":"2024-07-16T07:34:13","modified_gmt":"2024-07-16T07:34:13","slug":"montana-eggshell-sticker-white","status":"publish","type":"product","link":"https:\/\/dev4.devmitsinformatica.com\/en\/shop\/graffiti-accesorios-shop-barcelona\/montana-eggshell-sticker-white\/","title":{"rendered":"MONTANA EGGSHELL STICKER WHITE"},"content":{"rendered":"<p>Montana EGGSHELL Sticker White, son <a href=\"https:\/\/dev4.devmitsinformatica.com\/tienda-online\/varios\/\">pegatinas de c\u00e1scara de huevo<\/a> de 120 mm x 70 mm de alta calidad que vienen en paquetes de 50 piezas.<\/p>\n<p>Una base de pegatina de c\u00e1scara de huevo blanca atemporal con un discreto hu\u00e9sped gris es el nuevo hogar para sus estilos de mano o obras de arte p\u00fablicas.<\/p>\n<p>Prep\u00e1relos con el mayor o menor esfuerzo que desee, utilizando sus herramientas de marcado favoritas como los marcadores Montana BOLD, los marcadores Montana ACRYLIC, los marcadores cortos permanentes de Montana o los Sketchliners de Montana.<\/p>\n<p>Las pegatinas <a href=\"http:\/\/montana-cans.com\">Montana<\/a> Eggshell Sticker White de c\u00e1scara de huevo se deterioran en escamas cuando se intenta quitarlas, lo que a menudo permite que la mayor parte de la etiqueta permanezca en la superficie.<\/p>\n<p>Una forma ideal de llamar la atenci\u00f3n entre el ruido de la caligraf\u00eda urbana.<\/p>\n<p>Todo lo que necesitas con la mejor calidad made in Germany en tu tienda en Barcelona con venta online para Espa\u00f1a.<\/p>\n<p>Ultrawide te trae todo lo que necesitas para el garffiti. Sprays, marcadores, tintas, rotuladores, merchandising, <a href=\"http:\/\/barcelonapinturas.com\">pinturas<\/a>&#8230;<\/p>\n","protected":false},"excerpt":{"rendered":"<p>Adhesivos c\u00e1scara de huevo<\/p>\n<p>Indestructibles<\/p>\n<p>Una vez colocadas, quitarlas se convierte en una labor imposible.<\/p>\n","protected":false},"featured_media":7786,"comment_status":"open","ping_status":"closed","template":"","meta":{"site-sidebar-layout":"default","site-content-layout":"","ast-site-content-layout":"default","site-content-style":"default","site-sidebar-style":"default","ast-global-header-display":"","ast-banner-title-visibility":"","ast-main-header-display":"","ast-hfb-above-header-display":"","ast-hfb-below-header-display":"","ast-hfb-mobile-header-display":"","site-post-title":"","ast-breadcrumbs-content":"","ast-featured-img":"","footer-sml-layout":"","ast-disable-related-posts":"","theme-transparent-header-meta":"","adv-header-id-meta":"","stick-header-meta":"","header-above-stick-meta":"","header-main-stick-meta":"","header-below-stick-meta":"","astra-migrate-meta-layouts":"default","ast-page-background-enabled":"default","ast-page-background-meta":{"desktop":{"background-color":"","background-image":"","background-repeat":"repeat","background-position":"center center","background-size":"auto","background-attachment":"scroll","background-type":"","background-media":"","overlay-type":"","overlay-color":"","overlay-opacity":"","overlay-gradient":""},"tablet":{"background-color":"","background-image":"","background-repeat":"repeat","background-position":"center center","background-size":"auto","background-attachment":"scroll","background-type":"","background-media":"","overlay-type":"","overlay-color":"","overlay-opacity":"","overlay-gradient":""},"mobile":{"background-color":"","background-image":"","background-repeat":"repeat","background-position":"center center","background-size":"auto","background-attachment":"scroll","background-type":"","background-media":"","overlay-type":"","overlay-color":"","overlay-opacity":"","overlay-gradient":""}},"ast-content-background-meta":{"desktop":{"background-color":"var(--ast-global-color-5)","background-image":"","background-repeat":"repeat","background-position":"center center","background-size":"auto","background-attachment":"scroll","background-type":"","background-media":"","overlay-type":"","overlay-color":"","overlay-opacity":"","overlay-gradient":""},"tablet":{"background-color":"var(--ast-global-color-5)","background-image":"","background-repeat":"repeat","background-position":"center center","background-size":"auto","background-attachment":"scroll","background-type":"","background-media":"","overlay-type":"","overlay-color":"","overlay-opacity":"","overlay-gradient":""},"mobile":{"background-color":"var(--ast-global-color-5)","background-image":"","background-repeat":"repeat","background-position":"center center","background-size":"auto","background-attachment":"scroll","background-type":"","background-media":"","overlay-type":"","overlay-color":"","overlay-opacity":"","overlay-gradient":""}}},"product_brand":[],"product_cat":[604,2396],"product_tag":[5604,5606,5599,1627,1628,3590,2787,5605],"class_list":{"0":"post-7785","1":"product","2":"type-product","3":"status-publish","4":"has-post-thumbnail","6":"product_cat-graffiti-accesorios-shop-barcelona","7":"product_cat-stickers","8":"product_tag-4everstickers","9":"product_tag-bomber-stickers","10":"product_tag-eggshell-stickers","11":"product_tag-graffiti-shop","12":"product_tag-graffiti-shop-barcelona","13":"product_tag-graffiti-stickers","14":"product_tag-montana-stickers","15":"product_tag-stickers-cascara-de-huevo","16":"desktop-align-left","17":"tablet-align-left","18":"mobile-align-left","20":"first","21":"outofstock","22":"purchasable","23":"product-type-simple"},"yoast_head":"<!-- This site is optimized with the Yoast SEO plugin v27.0 - https:\/\/yoast.com\/product\/yoast-seo-wordpress\/ -->\n<title>MONTANA EGGSHELL STICKER WHITE- Ultrawide Shop Barcelona<\/title>\n<meta name=\"description\" content=\"Montana Eggshell sticker white? Compra tus pegatinas montana c\u00e1scara de huevo en tu graffiti shop Barcelona. Tu tienda Oficial Montana Cans.\" \/>\n<meta name=\"robots\" content=\"index, follow, max-snippet:-1, max-image-preview:large, max-video-preview:-1\" \/>\n<link rel=\"canonical\" href=\"https:\/\/dev4.devmitsinformatica.com\/en\/shop\/graffiti-accesorios-shop-barcelona\/montana-eggshell-sticker-white\/\" \/>\n<meta property=\"og:locale\" content=\"en_US\" \/>\n<meta property=\"og:type\" content=\"article\" \/>\n<meta property=\"og:title\" content=\"MONTANA EGGSHELL STICKER WHITE- Ultrawide Shop Barcelona\" \/>\n<meta property=\"og:description\" content=\"Montana Eggshell sticker white? Compra tus pegatinas montana c\u00e1scara de huevo en tu graffiti shop Barcelona. Tu tienda Oficial Montana Cans.\" \/>\n<meta property=\"og:url\" content=\"https:\/\/dev4.devmitsinformatica.com\/en\/shop\/graffiti-accesorios-shop-barcelona\/montana-eggshell-sticker-white\/\" \/>\n<meta property=\"og:site_name\" content=\"ULTRAWIDE GRAFFITI SHOP\" \/>\n<meta property=\"article:modified_time\" content=\"2024-07-16T07:34:13+00:00\" \/>\n<meta property=\"og:image\" content=\"https:\/\/dev4.devmitsinformatica.com\/wp-content\/uploads\/2019\/11\/MONTANA-EGG-SHELL-STICKER-WHITE.jpg\" \/>\n\t<meta property=\"og:image:width\" content=\"300\" \/>\n\t<meta property=\"og:image:height\" content=\"300\" \/>\n\t<meta property=\"og:image:type\" content=\"image\/jpeg\" \/>\n<meta name=\"twitter:card\" content=\"summary_large_image\" \/>\n<meta name=\"twitter:label1\" content=\"Est. reading time\" \/>\n\t<meta name=\"twitter:data1\" content=\"1 minute\" \/>\n<script type=\"application\/ld+json\" class=\"yoast-schema-graph\">{\"@context\":\"https:\/\/schema.org\",\"@graph\":[{\"@type\":\"WebPage\",\"@id\":\"https:\/\/dev4.devmitsinformatica.com\/en\/shop\/graffiti-accesorios-shop-barcelona\/montana-eggshell-sticker-white\/\",\"url\":\"https:\/\/dev4.devmitsinformatica.com\/en\/shop\/graffiti-accesorios-shop-barcelona\/montana-eggshell-sticker-white\/\",\"name\":\"MONTANA EGGSHELL STICKER WHITE- Ultrawide Shop Barcelona\",\"isPartOf\":{\"@id\":\"https:\/\/dev4.devmitsinformatica.com\/en\/#website\"},\"primaryImageOfPage\":{\"@id\":\"https:\/\/dev4.devmitsinformatica.com\/en\/shop\/graffiti-accesorios-shop-barcelona\/montana-eggshell-sticker-white\/#primaryimage\"},\"image\":{\"@id\":\"https:\/\/dev4.devmitsinformatica.com\/en\/shop\/graffiti-accesorios-shop-barcelona\/montana-eggshell-sticker-white\/#primaryimage\"},\"thumbnailUrl\":\"https:\/\/dev4.devmitsinformatica.com\/wp-content\/uploads\/2019\/11\/MONTANA-EGG-SHELL-STICKER-WHITE.jpg\",\"datePublished\":\"2019-11-19T11:15:12+00:00\",\"dateModified\":\"2024-07-16T07:34:13+00:00\",\"description\":\"Montana Eggshell sticker white? Compra tus pegatinas montana c\u00e1scara de huevo en tu graffiti shop Barcelona. Tu tienda Oficial Montana Cans.\",\"breadcrumb\":{\"@id\":\"https:\/\/dev4.devmitsinformatica.com\/en\/shop\/graffiti-accesorios-shop-barcelona\/montana-eggshell-sticker-white\/#breadcrumb\"},\"inLanguage\":\"en-US\",\"potentialAction\":[{\"@type\":\"ReadAction\",\"target\":[\"https:\/\/dev4.devmitsinformatica.com\/en\/shop\/graffiti-accesorios-shop-barcelona\/montana-eggshell-sticker-white\/\"]}]},{\"@type\":\"ImageObject\",\"inLanguage\":\"en-US\",\"@id\":\"https:\/\/dev4.devmitsinformatica.com\/en\/shop\/graffiti-accesorios-shop-barcelona\/montana-eggshell-sticker-white\/#primaryimage\",\"url\":\"https:\/\/dev4.devmitsinformatica.com\/wp-content\/uploads\/2019\/11\/MONTANA-EGG-SHELL-STICKER-WHITE.jpg\",\"contentUrl\":\"https:\/\/dev4.devmitsinformatica.com\/wp-content\/uploads\/2019\/11\/MONTANA-EGG-SHELL-STICKER-WHITE.jpg\",\"width\":300,\"height\":300,\"caption\":\"pegatina c\u00e1scara de huevo blanca o Montana Eggshell sticker White en tu graffiti shop Barcelona.\"},{\"@type\":\"BreadcrumbList\",\"@id\":\"https:\/\/dev4.devmitsinformatica.com\/en\/shop\/graffiti-accesorios-shop-barcelona\/montana-eggshell-sticker-white\/#breadcrumb\",\"itemListElement\":[{\"@type\":\"ListItem\",\"position\":1,\"name\":\"Home\",\"item\":\"https:\/\/dev4.devmitsinformatica.com\/en\/\"},{\"@type\":\"ListItem\",\"position\":2,\"name\":\"Store\",\"item\":\"https:\/\/dev4.devmitsinformatica.com\/?page_id=38\"},{\"@type\":\"ListItem\",\"position\":3,\"name\":\"MONTANA EGGSHELL STICKER WHITE\"}]},{\"@type\":\"WebSite\",\"@id\":\"https:\/\/dev4.devmitsinformatica.com\/en\/#website\",\"url\":\"https:\/\/dev4.devmitsinformatica.com\/en\/\",\"name\":\"ULTRAWIDE GRAFFITI SHOP\",\"description\":\"SPRAY GRAFFITI SHOP CAPS Y ROTULADORES\",\"publisher\":{\"@id\":\"https:\/\/dev4.devmitsinformatica.com\/en\/#organization\"},\"potentialAction\":[{\"@type\":\"SearchAction\",\"target\":{\"@type\":\"EntryPoint\",\"urlTemplate\":\"https:\/\/dev4.devmitsinformatica.com\/en\/?s={search_term_string}\"},\"query-input\":{\"@type\":\"PropertyValueSpecification\",\"valueRequired\":true,\"valueName\":\"search_term_string\"}}],\"inLanguage\":\"en-US\"},{\"@type\":\"Organization\",\"@id\":\"https:\/\/dev4.devmitsinformatica.com\/en\/#organization\",\"name\":\"ANDEN Graffiti Shop Barcelona\",\"url\":\"https:\/\/dev4.devmitsinformatica.com\/en\/\",\"logo\":{\"@type\":\"ImageObject\",\"inLanguage\":\"en-US\",\"@id\":\"https:\/\/dev4.devmitsinformatica.com\/en\/#\/schema\/logo\/image\/\",\"url\":\"https:\/\/dev4.devmitsinformatica.com\/wp-content\/uploads\/2016\/11\/graffiti-gallery-barcelona.png\",\"contentUrl\":\"https:\/\/dev4.devmitsinformatica.com\/wp-content\/uploads\/2016\/11\/graffiti-gallery-barcelona.png\",\"width\":386,\"height\":150,\"caption\":\"ANDEN Graffiti Shop Barcelona\"},\"image\":{\"@id\":\"https:\/\/dev4.devmitsinformatica.com\/en\/#\/schema\/logo\/image\/\"}}]}<\/script>\n<!-- \/ Yoast SEO plugin. -->","yoast_head_json":{"title":"MONTANA EGGSHELL STICKER WHITE- Ultrawide Shop Barcelona","description":"Montana Eggshell sticker white? Compra tus pegatinas montana c\u00e1scara de huevo en tu graffiti shop Barcelona. Tu tienda Oficial Montana Cans.","robots":{"index":"index","follow":"follow","max-snippet":"max-snippet:-1","max-image-preview":"max-image-preview:large","max-video-preview":"max-video-preview:-1"},"canonical":"https:\/\/dev4.devmitsinformatica.com\/en\/shop\/graffiti-accesorios-shop-barcelona\/montana-eggshell-sticker-white\/","og_locale":"en_US","og_type":"article","og_title":"MONTANA EGGSHELL STICKER WHITE- Ultrawide Shop Barcelona","og_description":"Montana Eggshell sticker white? Compra tus pegatinas montana c\u00e1scara de huevo en tu graffiti shop Barcelona. Tu tienda Oficial Montana Cans.","og_url":"https:\/\/dev4.devmitsinformatica.com\/en\/shop\/graffiti-accesorios-shop-barcelona\/montana-eggshell-sticker-white\/","og_site_name":"ULTRAWIDE GRAFFITI SHOP","article_modified_time":"2024-07-16T07:34:13+00:00","og_image":[{"width":300,"height":300,"url":"https:\/\/dev4.devmitsinformatica.com\/wp-content\/uploads\/2019\/11\/MONTANA-EGG-SHELL-STICKER-WHITE.jpg","type":"image\/jpeg"}],"twitter_card":"summary_large_image","twitter_misc":{"Est. reading time":"1 minute"},"schema":{"@context":"https:\/\/schema.org","@graph":[{"@type":"WebPage","@id":"https:\/\/dev4.devmitsinformatica.com\/en\/shop\/graffiti-accesorios-shop-barcelona\/montana-eggshell-sticker-white\/","url":"https:\/\/dev4.devmitsinformatica.com\/en\/shop\/graffiti-accesorios-shop-barcelona\/montana-eggshell-sticker-white\/","name":"MONTANA EGGSHELL STICKER WHITE- Ultrawide Shop Barcelona","isPartOf":{"@id":"https:\/\/dev4.devmitsinformatica.com\/en\/#website"},"primaryImageOfPage":{"@id":"https:\/\/dev4.devmitsinformatica.com\/en\/shop\/graffiti-accesorios-shop-barcelona\/montana-eggshell-sticker-white\/#primaryimage"},"image":{"@id":"https:\/\/dev4.devmitsinformatica.com\/en\/shop\/graffiti-accesorios-shop-barcelona\/montana-eggshell-sticker-white\/#primaryimage"},"thumbnailUrl":"https:\/\/dev4.devmitsinformatica.com\/wp-content\/uploads\/2019\/11\/MONTANA-EGG-SHELL-STICKER-WHITE.jpg","datePublished":"2019-11-19T11:15:12+00:00","dateModified":"2024-07-16T07:34:13+00:00","description":"Montana Eggshell sticker white? Compra tus pegatinas montana c\u00e1scara de huevo en tu graffiti shop Barcelona. Tu tienda Oficial Montana Cans.","breadcrumb":{"@id":"https:\/\/dev4.devmitsinformatica.com\/en\/shop\/graffiti-accesorios-shop-barcelona\/montana-eggshell-sticker-white\/#breadcrumb"},"inLanguage":"en-US","potentialAction":[{"@type":"ReadAction","target":["https:\/\/dev4.devmitsinformatica.com\/en\/shop\/graffiti-accesorios-shop-barcelona\/montana-eggshell-sticker-white\/"]}]},{"@type":"ImageObject","inLanguage":"en-US","@id":"https:\/\/dev4.devmitsinformatica.com\/en\/shop\/graffiti-accesorios-shop-barcelona\/montana-eggshell-sticker-white\/#primaryimage","url":"https:\/\/dev4.devmitsinformatica.com\/wp-content\/uploads\/2019\/11\/MONTANA-EGG-SHELL-STICKER-WHITE.jpg","contentUrl":"https:\/\/dev4.devmitsinformatica.com\/wp-content\/uploads\/2019\/11\/MONTANA-EGG-SHELL-STICKER-WHITE.jpg","width":300,"height":300,"caption":"pegatina c\u00e1scara de huevo blanca o Montana Eggshell sticker White en tu graffiti shop Barcelona."},{"@type":"BreadcrumbList","@id":"https:\/\/dev4.devmitsinformatica.com\/en\/shop\/graffiti-accesorios-shop-barcelona\/montana-eggshell-sticker-white\/#breadcrumb","itemListElement":[{"@type":"ListItem","position":1,"name":"Home","item":"https:\/\/dev4.devmitsinformatica.com\/en\/"},{"@type":"ListItem","position":2,"name":"Store","item":"https:\/\/dev4.devmitsinformatica.com\/?page_id=38"},{"@type":"ListItem","position":3,"name":"MONTANA EGGSHELL STICKER WHITE"}]},{"@type":"WebSite","@id":"https:\/\/dev4.devmitsinformatica.com\/en\/#website","url":"https:\/\/dev4.devmitsinformatica.com\/en\/","name":"ULTRAWIDE GRAFFITI SHOP","description":"SPRAY GRAFFITI SHOP CAPS Y ROTULADORES","publisher":{"@id":"https:\/\/dev4.devmitsinformatica.com\/en\/#organization"},"potentialAction":[{"@type":"SearchAction","target":{"@type":"EntryPoint","urlTemplate":"https:\/\/dev4.devmitsinformatica.com\/en\/?s={search_term_string}"},"query-input":{"@type":"PropertyValueSpecification","valueRequired":true,"valueName":"search_term_string"}}],"inLanguage":"en-US"},{"@type":"Organization","@id":"https:\/\/dev4.devmitsinformatica.com\/en\/#organization","name":"ANDEN Graffiti Shop Barcelona","url":"https:\/\/dev4.devmitsinformatica.com\/en\/","logo":{"@type":"ImageObject","inLanguage":"en-US","@id":"https:\/\/dev4.devmitsinformatica.com\/en\/#\/schema\/logo\/image\/","url":"https:\/\/dev4.devmitsinformatica.com\/wp-content\/uploads\/2016\/11\/graffiti-gallery-barcelona.png","contentUrl":"https:\/\/dev4.devmitsinformatica.com\/wp-content\/uploads\/2016\/11\/graffiti-gallery-barcelona.png","width":386,"height":150,"caption":"ANDEN Graffiti Shop Barcelona"},"image":{"@id":"https:\/\/dev4.devmitsinformatica.com\/en\/#\/schema\/logo\/image\/"}}]}},"_links":{"self":[{"href":"https:\/\/dev4.devmitsinformatica.com\/en\/wp-json\/wp\/v2\/product\/7785","targetHints":{"allow":["GET"]}}],"collection":[{"href":"https:\/\/dev4.devmitsinformatica.com\/en\/wp-json\/wp\/v2\/product"}],"about":[{"href":"https:\/\/dev4.devmitsinformatica.com\/en\/wp-json\/wp\/v2\/types\/product"}],"replies":[{"embeddable":true,"href":"https:\/\/dev4.devmitsinformatica.com\/en\/wp-json\/wp\/v2\/comments?post=7785"}],"version-history":[{"count":0,"href":"https:\/\/dev4.devmitsinformatica.com\/en\/wp-json\/wp\/v2\/product\/7785\/revisions"}],"wp:featuredmedia":[{"embeddable":true,"href":"https:\/\/dev4.devmitsinformatica.com\/en\/wp-json\/wp\/v2\/media\/7786"}],"wp:attachment":[{"href":"https:\/\/dev4.devmitsinformatica.com\/en\/wp-json\/wp\/v2\/media?parent=7785"}],"wp:term":[{"taxonomy":"product_brand","embeddable":true,"href":"https:\/\/dev4.devmitsinformatica.com\/en\/wp-json\/wp\/v2\/product_brand?post=7785"},{"taxonomy":"product_cat","embeddable":true,"href":"https:\/\/dev4.devmitsinformatica.com\/en\/wp-json\/wp\/v2\/product_cat?post=7785"},{"taxonomy":"product_tag","embeddable":true,"href":"https:\/\/dev4.devmitsinformatica.com\/en\/wp-json\/wp\/v2\/product_tag?post=7785"}],"curies":[{"name":"wp","href":"https:\/\/api.w.org\/{rel}","templated":true}]}}