{"id":8374,"date":"2019-12-05T09:27:03","date_gmt":"2019-12-05T09:27:03","guid":{"rendered":"https:\/\/dev4.devmitsinformatica.com\/?post_type=product&#038;p=8374"},"modified":"2023-10-13T17:14:06","modified_gmt":"2023-10-13T17:14:06","slug":"montana-bold-marker-3mm-chisel","status":"publish","type":"product","link":"https:\/\/dev4.devmitsinformatica.com\/en\/shop\/graffiti-rotulador-shop-barcelona\/montana-bold-marker-3mm-chisel\/","title":{"rendered":"MONTANA BOLD MARKER 3MM CHISEL"},"content":{"rendered":"<h1 class=\"product--title\">MONTANA BOLD MARKER 3MM CHISEL<\/h1>\n<p>Este chisel<a href=\"https:\/\/dev4.devmitsinformatica.com\/tienda-online\/graffiti-rotulador-shop-barcelona\/graffiti-black-markers-shop-barcelona\/\"> Montana BOLD Marker<\/a> de 3 mm viene en un robusto cuerpo de aluminio construido para durar con una marca BOLD atemporal muy bien dise\u00f1ada. Equipado con una punta chisel de 3 mm, este marcador BOLD es recargable y la punta de fieltro de 3 mm es reemplazable. Montana BOLD Marker 3mm contiene 20 ml de una TINTA BOLD ULTRA negra s\u00faper profunda y de alta cobertura, que est\u00e1 hecha de una f\u00f3rmula a base de alcohol de muy baja viscosidad. Montana BOLD ULTRA INK es resistente a la intemperie y a los rayos UV, por lo que es una f\u00f3rmula &#8220;hecha para quedarse&#8221;. La tinta ULTRA ULTRA de acabado semi brillante, se puede aplicar a casi cualquier superficie. La tinta se entrega a trav\u00e9s de la punta de fieltro de los marcadores mediante una v\u00e1lvula de sistema de bomba recargable, que funciona perfectamente con tintas de muy baja viscosidad, ofreciendo un flujo excepcional, especialmente en superficies no porosas como metal, vidrio o pl\u00e1stico. La TINTA ULTRA BOLD de Montana es permanente y altamente resistente a la abrasi\u00f3n, lo que da como resultado una alta cobertura extraordinaria y un tiempo de secado s\u00faper r\u00e1pido. La TINTA ULTRA BOLD de Montana es de color negro intenso y rico, ideal para etiquetado y marcado en la calle. Prep\u00e1rese para impresionantes gotas frescas, as\u00ed que recuerde usar guantes cuando salga a la calle.<\/p>\n<p>Tama\u00f1o de punta de punta de 3 mm<br \/>\nGrande no siempre es mejor. El marcador Montana BOLD 3mm Chisel es el miembro junior de la gama de marcadores Montana BOLD. Por primera vez, el marcador Cincel de 3 mm tambi\u00e9n tiene todas las felicitaciones del cuerpo de aluminio &#8220;resistente, no pl\u00e1stico&#8221;. Este peque\u00f1o puede ir a lugares que la mayor\u00eda de los otros marcadores no pueden. No solo es dif\u00edcil de eliminar debido a su contenido, sino tambi\u00e9n debido a la variedad de nuevas ubicaciones posibles que sus marcas pueden disfrutar y que el beneficio no puede obtener. La v\u00e1lvula de acci\u00f3n de la bomba de control de flujo brinda a los usuarios la oportunidad de liberar o disminuir la cantidad de tinta que fluye a trav\u00e9s de la punta del cincel de 3 mm. El Cincel de 3 mm est\u00e1 lleno de todo tipo de tintas ULTRA INK con base de alcohol, optimizadas, de color negro intenso, certificadas con el est\u00e1ndar ASTM-D4236.<\/p>\n<p>Otros productos de Montana BOLD<br \/>\nEl marcador BOLD de Montana tambi\u00e9n est\u00e1 disponible como est\u00e1ndar de 15 mm, punta de cincel de 10 mm y marcador redondo de 8 mm, con la recarga de tinta ULTRA BOLD de 200 ml como la combinaci\u00f3n perfecta para esta serie de marcadores. Montana BOLD: un marcador Montana cl\u00e1sico de alta calidad que contiene tinta de la m\u00e1s <a href=\"https:\/\/barcelonapinturas.com\/producto\/anden-astro-plus\/\">alta calidad<\/a>, todo hecho en Alemania.<\/p>\n<p>CONSEJO DE FIELTRO DE 3 MM<br \/>\nTINTA ULTRA OPTIMIZADA NEGRA PROFUNDA<br \/>\nF\u00d3RMULA A BASE DE ALCOHOL<br \/>\nCUERPO DE ALUMINIO PESADO<br \/>\nSIN BOLAS DE MEZCLA<br \/>\nV\u00c1LVULA DE CONTROL DE FLUJO DE ACCI\u00d3N DE BOMBA<br \/>\nRESISTENCIA A LA LUZ Y UV<br \/>\nALTAMENTE A PRUEBA DE ABRASI\u00d3N<br \/>\nTIEMPO DE SECADO S\u00daPER R\u00c1PIDO<br \/>\nF\u00d3RMULA DE TINTA &#8220;HECHO PARA ESTAR&#8221;<br \/>\nHECHO EN ALEMANIA<\/p>\n<p>HOJA DE DATOS DE SEGURIDAD &#8220;Montana BOLD Marker 3mm Chisel&#8221;<\/p>\n","protected":false},"excerpt":{"rendered":"<p>Marcador de tinta ultra permanente<\/p>\n<p>Punta de 3mm Chisel<\/p>\n<p>Recargable con la tinta BOLD Montana<\/p>\n<p>&nbsp;<\/p>\n","protected":false},"featured_media":8376,"comment_status":"open","ping_status":"closed","template":"","meta":{"site-sidebar-layout":"default","site-content-layout":"","ast-site-content-layout":"default","site-content-style":"default","site-sidebar-style":"default","ast-global-header-display":"","ast-banner-title-visibility":"","ast-main-header-display":"","ast-hfb-above-header-display":"","ast-hfb-below-header-display":"","ast-hfb-mobile-header-display":"","site-post-title":"","ast-breadcrumbs-content":"","ast-featured-img":"","footer-sml-layout":"","ast-disable-related-posts":"","theme-transparent-header-meta":"","adv-header-id-meta":"","stick-header-meta":"","header-above-stick-meta":"","header-main-stick-meta":"","header-below-stick-meta":"","astra-migrate-meta-layouts":"default","ast-page-background-enabled":"default","ast-page-background-meta":{"desktop":{"background-color":"","background-image":"","background-repeat":"repeat","background-position":"center center","background-size":"auto","background-attachment":"scroll","background-type":"","background-media":"","overlay-type":"","overlay-color":"","overlay-opacity":"","overlay-gradient":""},"tablet":{"background-color":"","background-image":"","background-repeat":"repeat","background-position":"center center","background-size":"auto","background-attachment":"scroll","background-type":"","background-media":"","overlay-type":"","overlay-color":"","overlay-opacity":"","overlay-gradient":""},"mobile":{"background-color":"","background-image":"","background-repeat":"repeat","background-position":"center center","background-size":"auto","background-attachment":"scroll","background-type":"","background-media":"","overlay-type":"","overlay-color":"","overlay-opacity":"","overlay-gradient":""}},"ast-content-background-meta":{"desktop":{"background-color":"var(--ast-global-color-5)","background-image":"","background-repeat":"repeat","background-position":"center center","background-size":"auto","background-attachment":"scroll","background-type":"","background-media":"","overlay-type":"","overlay-color":"","overlay-opacity":"","overlay-gradient":""},"tablet":{"background-color":"var(--ast-global-color-5)","background-image":"","background-repeat":"repeat","background-position":"center center","background-size":"auto","background-attachment":"scroll","background-type":"","background-media":"","overlay-type":"","overlay-color":"","overlay-opacity":"","overlay-gradient":""},"mobile":{"background-color":"var(--ast-global-color-5)","background-image":"","background-repeat":"repeat","background-position":"center center","background-size":"auto","background-attachment":"scroll","background-type":"","background-media":"","overlay-type":"","overlay-color":"","overlay-opacity":"","overlay-gradient":""}}},"product_brand":[],"product_cat":[7,6308,2983],"product_tag":[619,1628,5624,5623,1018,642,2961,4022,3779],"class_list":{"0":"post-8374","1":"product","2":"type-product","3":"status-publish","4":"has-post-thumbnail","6":"product_cat-graffiti-rotulador-shop-barcelona","7":"product_cat-montana-bold-markers","8":"product_cat-montana-markers","9":"product_tag-graffiti-rotulador","10":"product_tag-graffiti-shop-barcelona","11":"product_tag-montana-bold","12":"product_tag-montana-bold-markers","13":"product_tag-montana-cans","14":"product_tag-montana-cans-barcelona","15":"product_tag-rotuladores-graffiti","16":"product_tag-spray-graffiti","17":"product_tag-sprays-montana","18":"desktop-align-left","19":"tablet-align-left","20":"mobile-align-left","22":"first","23":"instock","24":"taxable","25":"shipping-taxable","26":"purchasable","27":"product-type-simple"},"yoast_head":"<!-- This site is optimized with the Yoast SEO plugin v27.0 - https:\/\/yoast.com\/product\/yoast-seo-wordpress\/ -->\n<title>MONTANA BOLD MARKER 3MM CHISEL Ultrawide Shop Barcelona<\/title>\n<meta name=\"description\" content=\"MONTANA BOLD MARKER 3MM CHISEL en Barcelona:MONTANA BOLD MARKER 3MM CHISEL? MONTANA BOLD MARKER 3MM CHISEL y mas. Arte y Graffiti Shop Barcelona.\" \/>\n<meta name=\"robots\" content=\"index, follow, max-snippet:-1, max-image-preview:large, max-video-preview:-1\" \/>\n<link rel=\"canonical\" href=\"https:\/\/dev4.devmitsinformatica.com\/en\/shop\/graffiti-rotulador-shop-barcelona\/montana-bold-marker-3mm-chisel\/\" \/>\n<meta property=\"og:locale\" content=\"en_US\" \/>\n<meta property=\"og:type\" content=\"article\" \/>\n<meta property=\"og:title\" content=\"MONTANA BOLD MARKER 3MM CHISEL Ultrawide Shop Barcelona\" \/>\n<meta property=\"og:description\" content=\"MONTANA BOLD MARKER 3MM CHISEL en Barcelona:MONTANA BOLD MARKER 3MM CHISEL? MONTANA BOLD MARKER 3MM CHISEL y mas. Arte y Graffiti Shop Barcelona.\" \/>\n<meta property=\"og:url\" content=\"https:\/\/dev4.devmitsinformatica.com\/en\/shop\/graffiti-rotulador-shop-barcelona\/montana-bold-marker-3mm-chisel\/\" \/>\n<meta property=\"og:site_name\" content=\"ULTRAWIDE GRAFFITI SHOP\" \/>\n<meta property=\"article:modified_time\" content=\"2023-10-13T17:14:06+00:00\" \/>\n<meta property=\"og:image\" content=\"https:\/\/dev4.devmitsinformatica.com\/wp-content\/uploads\/2019\/12\/Rotulador-permanente-3mm.png\" \/>\n\t<meta property=\"og:image:width\" content=\"300\" \/>\n\t<meta property=\"og:image:height\" content=\"323\" \/>\n\t<meta property=\"og:image:type\" content=\"image\/png\" \/>\n<meta name=\"twitter:card\" content=\"summary_large_image\" \/>\n<meta name=\"twitter:label1\" content=\"Est. reading time\" \/>\n\t<meta name=\"twitter:data1\" content=\"3 minutes\" \/>\n<script type=\"application\/ld+json\" class=\"yoast-schema-graph\">{\"@context\":\"https:\/\/schema.org\",\"@graph\":[{\"@type\":\"WebPage\",\"@id\":\"https:\/\/dev4.devmitsinformatica.com\/en\/shop\/graffiti-rotulador-shop-barcelona\/montana-bold-marker-3mm-chisel\/\",\"url\":\"https:\/\/dev4.devmitsinformatica.com\/en\/shop\/graffiti-rotulador-shop-barcelona\/montana-bold-marker-3mm-chisel\/\",\"name\":\"MONTANA BOLD MARKER 3MM CHISEL Ultrawide Shop Barcelona\",\"isPartOf\":{\"@id\":\"https:\/\/dev4.devmitsinformatica.com\/en\/#website\"},\"primaryImageOfPage\":{\"@id\":\"https:\/\/dev4.devmitsinformatica.com\/en\/shop\/graffiti-rotulador-shop-barcelona\/montana-bold-marker-3mm-chisel\/#primaryimage\"},\"image\":{\"@id\":\"https:\/\/dev4.devmitsinformatica.com\/en\/shop\/graffiti-rotulador-shop-barcelona\/montana-bold-marker-3mm-chisel\/#primaryimage\"},\"thumbnailUrl\":\"https:\/\/dev4.devmitsinformatica.com\/wp-content\/uploads\/2019\/12\/Rotulador-permanente-3mm.png\",\"datePublished\":\"2019-12-05T09:27:03+00:00\",\"dateModified\":\"2023-10-13T17:14:06+00:00\",\"description\":\"MONTANA BOLD MARKER 3MM CHISEL en Barcelona:MONTANA BOLD MARKER 3MM CHISEL? MONTANA BOLD MARKER 3MM CHISEL y mas. Arte y Graffiti Shop Barcelona.\",\"breadcrumb\":{\"@id\":\"https:\/\/dev4.devmitsinformatica.com\/en\/shop\/graffiti-rotulador-shop-barcelona\/montana-bold-marker-3mm-chisel\/#breadcrumb\"},\"inLanguage\":\"en-US\",\"potentialAction\":[{\"@type\":\"ReadAction\",\"target\":[\"https:\/\/dev4.devmitsinformatica.com\/en\/shop\/graffiti-rotulador-shop-barcelona\/montana-bold-marker-3mm-chisel\/\"]}]},{\"@type\":\"ImageObject\",\"inLanguage\":\"en-US\",\"@id\":\"https:\/\/dev4.devmitsinformatica.com\/en\/shop\/graffiti-rotulador-shop-barcelona\/montana-bold-marker-3mm-chisel\/#primaryimage\",\"url\":\"https:\/\/dev4.devmitsinformatica.com\/wp-content\/uploads\/2019\/12\/Rotulador-permanente-3mm.png\",\"contentUrl\":\"https:\/\/dev4.devmitsinformatica.com\/wp-content\/uploads\/2019\/12\/Rotulador-permanente-3mm.png\",\"width\":300,\"height\":323,\"caption\":\"graffiti shop barcelona, rotuladores y sprays montana\"},{\"@type\":\"BreadcrumbList\",\"@id\":\"https:\/\/dev4.devmitsinformatica.com\/en\/shop\/graffiti-rotulador-shop-barcelona\/montana-bold-marker-3mm-chisel\/#breadcrumb\",\"itemListElement\":[{\"@type\":\"ListItem\",\"position\":1,\"name\":\"Home\",\"item\":\"https:\/\/dev4.devmitsinformatica.com\/en\/\"},{\"@type\":\"ListItem\",\"position\":2,\"name\":\"Store\",\"item\":\"https:\/\/dev4.devmitsinformatica.com\/?page_id=38\"},{\"@type\":\"ListItem\",\"position\":3,\"name\":\"MONTANA BOLD MARKER 3MM CHISEL\"}]},{\"@type\":\"WebSite\",\"@id\":\"https:\/\/dev4.devmitsinformatica.com\/en\/#website\",\"url\":\"https:\/\/dev4.devmitsinformatica.com\/en\/\",\"name\":\"ULTRAWIDE GRAFFITI SHOP\",\"description\":\"SPRAY GRAFFITI SHOP CAPS Y ROTULADORES\",\"publisher\":{\"@id\":\"https:\/\/dev4.devmitsinformatica.com\/en\/#organization\"},\"potentialAction\":[{\"@type\":\"SearchAction\",\"target\":{\"@type\":\"EntryPoint\",\"urlTemplate\":\"https:\/\/dev4.devmitsinformatica.com\/en\/?s={search_term_string}\"},\"query-input\":{\"@type\":\"PropertyValueSpecification\",\"valueRequired\":true,\"valueName\":\"search_term_string\"}}],\"inLanguage\":\"en-US\"},{\"@type\":\"Organization\",\"@id\":\"https:\/\/dev4.devmitsinformatica.com\/en\/#organization\",\"name\":\"ANDEN Graffiti Shop Barcelona\",\"url\":\"https:\/\/dev4.devmitsinformatica.com\/en\/\",\"logo\":{\"@type\":\"ImageObject\",\"inLanguage\":\"en-US\",\"@id\":\"https:\/\/dev4.devmitsinformatica.com\/en\/#\/schema\/logo\/image\/\",\"url\":\"https:\/\/dev4.devmitsinformatica.com\/wp-content\/uploads\/2016\/11\/graffiti-gallery-barcelona.png\",\"contentUrl\":\"https:\/\/dev4.devmitsinformatica.com\/wp-content\/uploads\/2016\/11\/graffiti-gallery-barcelona.png\",\"width\":386,\"height\":150,\"caption\":\"ANDEN Graffiti Shop Barcelona\"},\"image\":{\"@id\":\"https:\/\/dev4.devmitsinformatica.com\/en\/#\/schema\/logo\/image\/\"}}]}<\/script>\n<!-- \/ Yoast SEO plugin. -->","yoast_head_json":{"title":"MONTANA BOLD MARKER 3MM CHISEL Ultrawide Shop Barcelona","description":"MONTANA BOLD MARKER 3MM CHISEL en Barcelona:MONTANA BOLD MARKER 3MM CHISEL? MONTANA BOLD MARKER 3MM CHISEL y mas. Arte y Graffiti Shop Barcelona.","robots":{"index":"index","follow":"follow","max-snippet":"max-snippet:-1","max-image-preview":"max-image-preview:large","max-video-preview":"max-video-preview:-1"},"canonical":"https:\/\/dev4.devmitsinformatica.com\/en\/shop\/graffiti-rotulador-shop-barcelona\/montana-bold-marker-3mm-chisel\/","og_locale":"en_US","og_type":"article","og_title":"MONTANA BOLD MARKER 3MM CHISEL Ultrawide Shop Barcelona","og_description":"MONTANA BOLD MARKER 3MM CHISEL en Barcelona:MONTANA BOLD MARKER 3MM CHISEL? MONTANA BOLD MARKER 3MM CHISEL y mas. Arte y Graffiti Shop Barcelona.","og_url":"https:\/\/dev4.devmitsinformatica.com\/en\/shop\/graffiti-rotulador-shop-barcelona\/montana-bold-marker-3mm-chisel\/","og_site_name":"ULTRAWIDE GRAFFITI SHOP","article_modified_time":"2023-10-13T17:14:06+00:00","og_image":[{"width":300,"height":323,"url":"https:\/\/dev4.devmitsinformatica.com\/wp-content\/uploads\/2019\/12\/Rotulador-permanente-3mm.png","type":"image\/png"}],"twitter_card":"summary_large_image","twitter_misc":{"Est. reading time":"3 minutes"},"schema":{"@context":"https:\/\/schema.org","@graph":[{"@type":"WebPage","@id":"https:\/\/dev4.devmitsinformatica.com\/en\/shop\/graffiti-rotulador-shop-barcelona\/montana-bold-marker-3mm-chisel\/","url":"https:\/\/dev4.devmitsinformatica.com\/en\/shop\/graffiti-rotulador-shop-barcelona\/montana-bold-marker-3mm-chisel\/","name":"MONTANA BOLD MARKER 3MM CHISEL Ultrawide Shop Barcelona","isPartOf":{"@id":"https:\/\/dev4.devmitsinformatica.com\/en\/#website"},"primaryImageOfPage":{"@id":"https:\/\/dev4.devmitsinformatica.com\/en\/shop\/graffiti-rotulador-shop-barcelona\/montana-bold-marker-3mm-chisel\/#primaryimage"},"image":{"@id":"https:\/\/dev4.devmitsinformatica.com\/en\/shop\/graffiti-rotulador-shop-barcelona\/montana-bold-marker-3mm-chisel\/#primaryimage"},"thumbnailUrl":"https:\/\/dev4.devmitsinformatica.com\/wp-content\/uploads\/2019\/12\/Rotulador-permanente-3mm.png","datePublished":"2019-12-05T09:27:03+00:00","dateModified":"2023-10-13T17:14:06+00:00","description":"MONTANA BOLD MARKER 3MM CHISEL en Barcelona:MONTANA BOLD MARKER 3MM CHISEL? MONTANA BOLD MARKER 3MM CHISEL y mas. Arte y Graffiti Shop Barcelona.","breadcrumb":{"@id":"https:\/\/dev4.devmitsinformatica.com\/en\/shop\/graffiti-rotulador-shop-barcelona\/montana-bold-marker-3mm-chisel\/#breadcrumb"},"inLanguage":"en-US","potentialAction":[{"@type":"ReadAction","target":["https:\/\/dev4.devmitsinformatica.com\/en\/shop\/graffiti-rotulador-shop-barcelona\/montana-bold-marker-3mm-chisel\/"]}]},{"@type":"ImageObject","inLanguage":"en-US","@id":"https:\/\/dev4.devmitsinformatica.com\/en\/shop\/graffiti-rotulador-shop-barcelona\/montana-bold-marker-3mm-chisel\/#primaryimage","url":"https:\/\/dev4.devmitsinformatica.com\/wp-content\/uploads\/2019\/12\/Rotulador-permanente-3mm.png","contentUrl":"https:\/\/dev4.devmitsinformatica.com\/wp-content\/uploads\/2019\/12\/Rotulador-permanente-3mm.png","width":300,"height":323,"caption":"graffiti shop barcelona, rotuladores y sprays montana"},{"@type":"BreadcrumbList","@id":"https:\/\/dev4.devmitsinformatica.com\/en\/shop\/graffiti-rotulador-shop-barcelona\/montana-bold-marker-3mm-chisel\/#breadcrumb","itemListElement":[{"@type":"ListItem","position":1,"name":"Home","item":"https:\/\/dev4.devmitsinformatica.com\/en\/"},{"@type":"ListItem","position":2,"name":"Store","item":"https:\/\/dev4.devmitsinformatica.com\/?page_id=38"},{"@type":"ListItem","position":3,"name":"MONTANA BOLD MARKER 3MM CHISEL"}]},{"@type":"WebSite","@id":"https:\/\/dev4.devmitsinformatica.com\/en\/#website","url":"https:\/\/dev4.devmitsinformatica.com\/en\/","name":"ULTRAWIDE GRAFFITI SHOP","description":"SPRAY GRAFFITI SHOP CAPS Y ROTULADORES","publisher":{"@id":"https:\/\/dev4.devmitsinformatica.com\/en\/#organization"},"potentialAction":[{"@type":"SearchAction","target":{"@type":"EntryPoint","urlTemplate":"https:\/\/dev4.devmitsinformatica.com\/en\/?s={search_term_string}"},"query-input":{"@type":"PropertyValueSpecification","valueRequired":true,"valueName":"search_term_string"}}],"inLanguage":"en-US"},{"@type":"Organization","@id":"https:\/\/dev4.devmitsinformatica.com\/en\/#organization","name":"ANDEN Graffiti Shop Barcelona","url":"https:\/\/dev4.devmitsinformatica.com\/en\/","logo":{"@type":"ImageObject","inLanguage":"en-US","@id":"https:\/\/dev4.devmitsinformatica.com\/en\/#\/schema\/logo\/image\/","url":"https:\/\/dev4.devmitsinformatica.com\/wp-content\/uploads\/2016\/11\/graffiti-gallery-barcelona.png","contentUrl":"https:\/\/dev4.devmitsinformatica.com\/wp-content\/uploads\/2016\/11\/graffiti-gallery-barcelona.png","width":386,"height":150,"caption":"ANDEN Graffiti Shop Barcelona"},"image":{"@id":"https:\/\/dev4.devmitsinformatica.com\/en\/#\/schema\/logo\/image\/"}}]}},"_links":{"self":[{"href":"https:\/\/dev4.devmitsinformatica.com\/en\/wp-json\/wp\/v2\/product\/8374","targetHints":{"allow":["GET"]}}],"collection":[{"href":"https:\/\/dev4.devmitsinformatica.com\/en\/wp-json\/wp\/v2\/product"}],"about":[{"href":"https:\/\/dev4.devmitsinformatica.com\/en\/wp-json\/wp\/v2\/types\/product"}],"replies":[{"embeddable":true,"href":"https:\/\/dev4.devmitsinformatica.com\/en\/wp-json\/wp\/v2\/comments?post=8374"}],"version-history":[{"count":0,"href":"https:\/\/dev4.devmitsinformatica.com\/en\/wp-json\/wp\/v2\/product\/8374\/revisions"}],"wp:featuredmedia":[{"embeddable":true,"href":"https:\/\/dev4.devmitsinformatica.com\/en\/wp-json\/wp\/v2\/media\/8376"}],"wp:attachment":[{"href":"https:\/\/dev4.devmitsinformatica.com\/en\/wp-json\/wp\/v2\/media?parent=8374"}],"wp:term":[{"taxonomy":"product_brand","embeddable":true,"href":"https:\/\/dev4.devmitsinformatica.com\/en\/wp-json\/wp\/v2\/product_brand?post=8374"},{"taxonomy":"product_cat","embeddable":true,"href":"https:\/\/dev4.devmitsinformatica.com\/en\/wp-json\/wp\/v2\/product_cat?post=8374"},{"taxonomy":"product_tag","embeddable":true,"href":"https:\/\/dev4.devmitsinformatica.com\/en\/wp-json\/wp\/v2\/product_tag?post=8374"}],"curies":[{"name":"wp","href":"https:\/\/api.w.org\/{rel}","templated":true}]}}