{"id":8393,"date":"2019-12-07T10:01:08","date_gmt":"2019-12-07T10:01:08","guid":{"rendered":"https:\/\/dev4.devmitsinformatica.com\/?post_type=product&#038;p=8393"},"modified":"2023-10-13T17:12:56","modified_gmt":"2023-10-13T17:12:56","slug":"montana-glass-paint-250ml","status":"publish","type":"product","link":"https:\/\/dev4.devmitsinformatica.com\/en\/shop\/spray-cans-montana\/montana-effects-spray-shop-barcelona\/montana-glass-paint-250ml\/","title":{"rendered":"Montana GLASS PAINT 250ml"},"content":{"rendered":"<p>El vidrio est\u00e1 en todas partes. Nuestras ventanas est\u00e1n hechas de ella, nuestras casas tienen jarrones hechos, las botellas de las que bebemos e incluso los frascos de los que obtenemos algunos de nuestros alimentos est\u00e1n hechos de vidrio. Ya sea un poco de privacidad adicional al glasear una ventana, un poco de reciclaje creativo o redecorar algunos art\u00edculos para el hogar de vidrio viejos, Montana <a href=\"https:\/\/dev4.devmitsinformatica.com\/shop\/graffiti-montana-spray-shop-barcelona\/montana-glass-paint-250ml\/\">GLASS PAINT<\/a> 250ml es justo lo que necesita para agregar color al vidrio mientras disfruta de la transparencia de la luz. Montana GLASS PAINT 250ml es una pintura a base de Nitro-Acrylic-Combi que se entrega a baja presi\u00f3n en una lata de 250ml. Los 9 colores disponibles se secan hasta obtener un acabado mate, semitransparente y mate. Permitiendo que la luz pase a trav\u00e9s del vidrio pintado y llegue a la apariencia del color que se ha aplicado. Cuantas m\u00e1s capas se apliquen, menos luz puede pasar a trav\u00e9s del objeto.<\/p>\n<p>Una vez agitada bien durante 3 minutos antes de usar, esta pintura de secado r\u00e1pido se seca con polvo en 3-5 minutos, secar al tacto en apx. 1 hora y completamente curado y endurecido en 24 horas. Los tiempos de secado pueden variar seg\u00fan la temperatura ambiente, la humedad y el grosor del recubrimiento. Montana GLASS PAINT 250ml se puede usar junto con otras <a href=\"http:\/\/barcelonapinturas.com\">pinturas<\/a> sint\u00e9ticas o acr\u00edlicas una vez que se haya secado por completo.<\/p>\n<p>Cuando se aplica a 20 cm-30 cm de su objeto, la boquilla de pulverizaci\u00f3n Montana Flat Jet hace que lograr efectos elegantes de vidrio esmerilado o de leche sea f\u00e1cil para usuarios de cualquier nivel de habilidad. Convierta las joyas de vidrio ordinarias o los adornos de vidrio en maravillas de vidrio marino con una durabilidad adicional gracias a la fuerte adhesi\u00f3n de GLASS PAINT. Secar, limpiar y sin polvo, aceites o grasas es la mejor manera de preparar su superficie de vidrio y garantizar su longevidad. Para esa ayuda adicional contra la fatiga UV, la resistencia al rayado y la resistencia general a los elementos, aplique Montana VARNISH. Recomendamos probar la compatibilidad en una pieza no visible o de chatarra de su material de vidrio antes de la aplicaci\u00f3n principal. No se recomienda su uso en superficies acr\u00edlicas o de plexigl\u00e1s. L\u00e1vese a mano y evite la aplicaci\u00f3n en superficies de objetos que entren en contacto directo con alimentos y bebidas consumibles.<\/p>\n","protected":false},"excerpt":{"rendered":"<p>Formato 250ml<\/p>\n<p>Pintura nitro-combi para cristal<\/p>\n<p>Disponible en 9 colores<\/p>\n<p>Semi transparente. A m\u00e1s capas mayor opacidad.<\/p>\n<p>[su_youtube url=&#8221;https:\/\/www.youtube.com\/watch?v=6MajhqCMwtc&#8221;]<\/p>\n<p>&nbsp;<\/p>\n","protected":false},"featured_media":8394,"comment_status":"open","ping_status":"closed","template":"","meta":{"site-sidebar-layout":"default","site-content-layout":"","ast-site-content-layout":"default","site-content-style":"default","site-sidebar-style":"default","ast-global-header-display":"","ast-banner-title-visibility":"","ast-main-header-display":"","ast-hfb-above-header-display":"","ast-hfb-below-header-display":"","ast-hfb-mobile-header-display":"","site-post-title":"","ast-breadcrumbs-content":"","ast-featured-img":"","footer-sml-layout":"","ast-disable-related-posts":"","theme-transparent-header-meta":"","adv-header-id-meta":"","stick-header-meta":"","header-above-stick-meta":"","header-main-stick-meta":"","header-below-stick-meta":"","astra-migrate-meta-layouts":"default","ast-page-background-enabled":"default","ast-page-background-meta":{"desktop":{"background-color":"","background-image":"","background-repeat":"repeat","background-position":"center center","background-size":"auto","background-attachment":"scroll","background-type":"","background-media":"","overlay-type":"","overlay-color":"","overlay-opacity":"","overlay-gradient":""},"tablet":{"background-color":"","background-image":"","background-repeat":"repeat","background-position":"center center","background-size":"auto","background-attachment":"scroll","background-type":"","background-media":"","overlay-type":"","overlay-color":"","overlay-opacity":"","overlay-gradient":""},"mobile":{"background-color":"","background-image":"","background-repeat":"repeat","background-position":"center center","background-size":"auto","background-attachment":"scroll","background-type":"","background-media":"","overlay-type":"","overlay-color":"","overlay-opacity":"","overlay-gradient":""}},"ast-content-background-meta":{"desktop":{"background-color":"var(--ast-global-color-5)","background-image":"","background-repeat":"repeat","background-position":"center center","background-size":"auto","background-attachment":"scroll","background-type":"","background-media":"","overlay-type":"","overlay-color":"","overlay-opacity":"","overlay-gradient":""},"tablet":{"background-color":"var(--ast-global-color-5)","background-image":"","background-repeat":"repeat","background-position":"center center","background-size":"auto","background-attachment":"scroll","background-type":"","background-media":"","overlay-type":"","overlay-color":"","overlay-opacity":"","overlay-gradient":""},"mobile":{"background-color":"var(--ast-global-color-5)","background-image":"","background-repeat":"repeat","background-position":"center center","background-size":"auto","background-attachment":"scroll","background-type":"","background-media":"","overlay-type":"","overlay-color":"","overlay-opacity":"","overlay-gradient":""}}},"product_brand":[],"product_cat":[10,964,5805,5803,3109,3216],"product_tag":[5638,3752,5640,4137,1025,5642,5635,6116,6117,5637,5639,5636,5641],"class_list":{"0":"post-8393","1":"product","2":"type-product","3":"status-publish","4":"has-post-thumbnail","6":"product_cat-spray-cans-montana","7":"product_cat-montana-effects-spray-shop-barcelona","8":"product_cat-decoracion","9":"product_cat-efectos","10":"product_cat-montana-cans","11":"product_cat-spray","12":"product_tag-aerosol-para-opacar-vidrios","13":"product_tag-graffiti-barcelona","14":"product_tag-graffiti-sshop-barcelona","15":"product_tag-montana-espana","16":"product_tag-montana-shop","17":"product_tag-montanacans","18":"product_tag-pintar-vidrio-con-aerosol","19":"product_tag-pintura-para-cristal","20":"product_tag-pintura-para-vidrio","21":"product_tag-spray-para-cristal","22":"product_tag-spray-para-opacar-vidrios","23":"product_tag-spray-para-vidrio","24":"product_tag-tienda-de-sprays-barcelona","25":"pa_color-frosted-matt-rose","26":"pa_color-frosted-matt-almond","27":"pa_color-frosted-matt-bay-blue","28":"pa_color-frosted-matt-black","29":"pa_color-frosted-matt-coral-red","30":"pa_color-frosted-matt-mint","31":"pa_color-frosted-matt-orchid","32":"pa_color-frosted-matt-teal","33":"pa_color-frosted-matt-white","34":"desktop-align-left","35":"tablet-align-left","36":"mobile-align-left","38":"first","39":"instock","40":"purchasable","41":"product-type-variable"},"yoast_head":"<!-- This site is optimized with the Yoast SEO plugin v27.0 - https:\/\/yoast.com\/product\/yoast-seo-wordpress\/ -->\n<title>Montana GLASS PAINT 250ml Ultrawide Graffiti Shop Barcelona<\/title>\n<meta name=\"description\" content=\"Montana GLASS PAINT 250ml en Barcelona:Montana GLASS PAINT 250ml? Montana Graffiti y mas. Arte y Graffiti Shop Barcelona. Spray, Colores, Rotuladores.\" \/>\n<meta name=\"robots\" content=\"index, follow, max-snippet:-1, max-image-preview:large, max-video-preview:-1\" \/>\n<link rel=\"canonical\" href=\"https:\/\/dev4.devmitsinformatica.com\/en\/shop\/spray-cans-montana\/montana-effects-spray-shop-barcelona\/montana-glass-paint-250ml\/\" \/>\n<meta property=\"og:locale\" content=\"en_US\" \/>\n<meta property=\"og:type\" content=\"article\" \/>\n<meta property=\"og:title\" content=\"Montana GLASS PAINT 250ml Ultrawide Graffiti Shop Barcelona\" \/>\n<meta property=\"og:description\" content=\"Montana GLASS PAINT 250ml en Barcelona:Montana GLASS PAINT 250ml? Montana Graffiti y mas. Arte y Graffiti Shop Barcelona. Spray, Colores, Rotuladores.\" \/>\n<meta property=\"og:url\" content=\"https:\/\/dev4.devmitsinformatica.com\/en\/shop\/spray-cans-montana\/montana-effects-spray-shop-barcelona\/montana-glass-paint-250ml\/\" \/>\n<meta property=\"og:site_name\" content=\"ULTRAWIDE GRAFFITI SHOP\" \/>\n<meta property=\"article:modified_time\" content=\"2023-10-13T17:12:56+00:00\" \/>\n<meta property=\"og:image\" content=\"https:\/\/dev4.devmitsinformatica.com\/wp-content\/uploads\/2019\/12\/Montana-Glass.png\" \/>\n\t<meta property=\"og:image:width\" content=\"300\" \/>\n\t<meta property=\"og:image:height\" content=\"251\" \/>\n\t<meta property=\"og:image:type\" content=\"image\/png\" \/>\n<meta name=\"twitter:card\" content=\"summary_large_image\" \/>\n<meta name=\"twitter:label1\" content=\"Est. reading time\" \/>\n\t<meta name=\"twitter:data1\" content=\"2 minutes\" \/>\n<script type=\"application\/ld+json\" class=\"yoast-schema-graph\">{\"@context\":\"https:\/\/schema.org\",\"@graph\":[{\"@type\":\"WebPage\",\"@id\":\"https:\/\/dev4.devmitsinformatica.com\/en\/shop\/spray-cans-montana\/montana-effects-spray-shop-barcelona\/montana-glass-paint-250ml\/\",\"url\":\"https:\/\/dev4.devmitsinformatica.com\/en\/shop\/spray-cans-montana\/montana-effects-spray-shop-barcelona\/montana-glass-paint-250ml\/\",\"name\":\"Montana GLASS PAINT 250ml Ultrawide Graffiti Shop Barcelona\",\"isPartOf\":{\"@id\":\"https:\/\/dev4.devmitsinformatica.com\/en\/#website\"},\"primaryImageOfPage\":{\"@id\":\"https:\/\/dev4.devmitsinformatica.com\/en\/shop\/spray-cans-montana\/montana-effects-spray-shop-barcelona\/montana-glass-paint-250ml\/#primaryimage\"},\"image\":{\"@id\":\"https:\/\/dev4.devmitsinformatica.com\/en\/shop\/spray-cans-montana\/montana-effects-spray-shop-barcelona\/montana-glass-paint-250ml\/#primaryimage\"},\"thumbnailUrl\":\"https:\/\/dev4.devmitsinformatica.com\/wp-content\/uploads\/2019\/12\/Montana-Glass.png\",\"datePublished\":\"2019-12-07T10:01:08+00:00\",\"dateModified\":\"2023-10-13T17:12:56+00:00\",\"description\":\"Montana GLASS PAINT 250ml en Barcelona:Montana GLASS PAINT 250ml? Montana Graffiti y mas. Arte y Graffiti Shop Barcelona. Spray, Colores, Rotuladores.\",\"breadcrumb\":{\"@id\":\"https:\/\/dev4.devmitsinformatica.com\/en\/shop\/spray-cans-montana\/montana-effects-spray-shop-barcelona\/montana-glass-paint-250ml\/#breadcrumb\"},\"inLanguage\":\"en-US\",\"potentialAction\":[{\"@type\":\"ReadAction\",\"target\":[\"https:\/\/dev4.devmitsinformatica.com\/en\/shop\/spray-cans-montana\/montana-effects-spray-shop-barcelona\/montana-glass-paint-250ml\/\"]}]},{\"@type\":\"ImageObject\",\"inLanguage\":\"en-US\",\"@id\":\"https:\/\/dev4.devmitsinformatica.com\/en\/shop\/spray-cans-montana\/montana-effects-spray-shop-barcelona\/montana-glass-paint-250ml\/#primaryimage\",\"url\":\"https:\/\/dev4.devmitsinformatica.com\/wp-content\/uploads\/2019\/12\/Montana-Glass.png\",\"contentUrl\":\"https:\/\/dev4.devmitsinformatica.com\/wp-content\/uploads\/2019\/12\/Montana-Glass.png\",\"width\":300,\"height\":251,\"caption\":\"Spray para vidrio montana\"},{\"@type\":\"BreadcrumbList\",\"@id\":\"https:\/\/dev4.devmitsinformatica.com\/en\/shop\/spray-cans-montana\/montana-effects-spray-shop-barcelona\/montana-glass-paint-250ml\/#breadcrumb\",\"itemListElement\":[{\"@type\":\"ListItem\",\"position\":1,\"name\":\"Home\",\"item\":\"https:\/\/dev4.devmitsinformatica.com\/en\/\"},{\"@type\":\"ListItem\",\"position\":2,\"name\":\"Store\",\"item\":\"https:\/\/dev4.devmitsinformatica.com\/?page_id=38\"},{\"@type\":\"ListItem\",\"position\":3,\"name\":\"Montana GLASS PAINT 250ml\"}]},{\"@type\":\"WebSite\",\"@id\":\"https:\/\/dev4.devmitsinformatica.com\/en\/#website\",\"url\":\"https:\/\/dev4.devmitsinformatica.com\/en\/\",\"name\":\"ULTRAWIDE GRAFFITI SHOP\",\"description\":\"SPRAY GRAFFITI SHOP CAPS Y ROTULADORES\",\"publisher\":{\"@id\":\"https:\/\/dev4.devmitsinformatica.com\/en\/#organization\"},\"potentialAction\":[{\"@type\":\"SearchAction\",\"target\":{\"@type\":\"EntryPoint\",\"urlTemplate\":\"https:\/\/dev4.devmitsinformatica.com\/en\/?s={search_term_string}\"},\"query-input\":{\"@type\":\"PropertyValueSpecification\",\"valueRequired\":true,\"valueName\":\"search_term_string\"}}],\"inLanguage\":\"en-US\"},{\"@type\":\"Organization\",\"@id\":\"https:\/\/dev4.devmitsinformatica.com\/en\/#organization\",\"name\":\"ANDEN Graffiti Shop Barcelona\",\"url\":\"https:\/\/dev4.devmitsinformatica.com\/en\/\",\"logo\":{\"@type\":\"ImageObject\",\"inLanguage\":\"en-US\",\"@id\":\"https:\/\/dev4.devmitsinformatica.com\/en\/#\/schema\/logo\/image\/\",\"url\":\"https:\/\/dev4.devmitsinformatica.com\/wp-content\/uploads\/2016\/11\/graffiti-gallery-barcelona.png\",\"contentUrl\":\"https:\/\/dev4.devmitsinformatica.com\/wp-content\/uploads\/2016\/11\/graffiti-gallery-barcelona.png\",\"width\":386,\"height\":150,\"caption\":\"ANDEN Graffiti Shop Barcelona\"},\"image\":{\"@id\":\"https:\/\/dev4.devmitsinformatica.com\/en\/#\/schema\/logo\/image\/\"}}]}<\/script>\n<!-- \/ Yoast SEO plugin. -->","yoast_head_json":{"title":"Montana GLASS PAINT 250ml Ultrawide Graffiti Shop Barcelona","description":"Montana GLASS PAINT 250ml en Barcelona:Montana GLASS PAINT 250ml? Montana Graffiti y mas. Arte y Graffiti Shop Barcelona. Spray, Colores, Rotuladores.","robots":{"index":"index","follow":"follow","max-snippet":"max-snippet:-1","max-image-preview":"max-image-preview:large","max-video-preview":"max-video-preview:-1"},"canonical":"https:\/\/dev4.devmitsinformatica.com\/en\/shop\/spray-cans-montana\/montana-effects-spray-shop-barcelona\/montana-glass-paint-250ml\/","og_locale":"en_US","og_type":"article","og_title":"Montana GLASS PAINT 250ml Ultrawide Graffiti Shop Barcelona","og_description":"Montana GLASS PAINT 250ml en Barcelona:Montana GLASS PAINT 250ml? Montana Graffiti y mas. Arte y Graffiti Shop Barcelona. Spray, Colores, Rotuladores.","og_url":"https:\/\/dev4.devmitsinformatica.com\/en\/shop\/spray-cans-montana\/montana-effects-spray-shop-barcelona\/montana-glass-paint-250ml\/","og_site_name":"ULTRAWIDE GRAFFITI SHOP","article_modified_time":"2023-10-13T17:12:56+00:00","og_image":[{"width":300,"height":251,"url":"https:\/\/dev4.devmitsinformatica.com\/wp-content\/uploads\/2019\/12\/Montana-Glass.png","type":"image\/png"}],"twitter_card":"summary_large_image","twitter_misc":{"Est. reading time":"2 minutes"},"schema":{"@context":"https:\/\/schema.org","@graph":[{"@type":"WebPage","@id":"https:\/\/dev4.devmitsinformatica.com\/en\/shop\/spray-cans-montana\/montana-effects-spray-shop-barcelona\/montana-glass-paint-250ml\/","url":"https:\/\/dev4.devmitsinformatica.com\/en\/shop\/spray-cans-montana\/montana-effects-spray-shop-barcelona\/montana-glass-paint-250ml\/","name":"Montana GLASS PAINT 250ml Ultrawide Graffiti Shop Barcelona","isPartOf":{"@id":"https:\/\/dev4.devmitsinformatica.com\/en\/#website"},"primaryImageOfPage":{"@id":"https:\/\/dev4.devmitsinformatica.com\/en\/shop\/spray-cans-montana\/montana-effects-spray-shop-barcelona\/montana-glass-paint-250ml\/#primaryimage"},"image":{"@id":"https:\/\/dev4.devmitsinformatica.com\/en\/shop\/spray-cans-montana\/montana-effects-spray-shop-barcelona\/montana-glass-paint-250ml\/#primaryimage"},"thumbnailUrl":"https:\/\/dev4.devmitsinformatica.com\/wp-content\/uploads\/2019\/12\/Montana-Glass.png","datePublished":"2019-12-07T10:01:08+00:00","dateModified":"2023-10-13T17:12:56+00:00","description":"Montana GLASS PAINT 250ml en Barcelona:Montana GLASS PAINT 250ml? Montana Graffiti y mas. Arte y Graffiti Shop Barcelona. Spray, Colores, Rotuladores.","breadcrumb":{"@id":"https:\/\/dev4.devmitsinformatica.com\/en\/shop\/spray-cans-montana\/montana-effects-spray-shop-barcelona\/montana-glass-paint-250ml\/#breadcrumb"},"inLanguage":"en-US","potentialAction":[{"@type":"ReadAction","target":["https:\/\/dev4.devmitsinformatica.com\/en\/shop\/spray-cans-montana\/montana-effects-spray-shop-barcelona\/montana-glass-paint-250ml\/"]}]},{"@type":"ImageObject","inLanguage":"en-US","@id":"https:\/\/dev4.devmitsinformatica.com\/en\/shop\/spray-cans-montana\/montana-effects-spray-shop-barcelona\/montana-glass-paint-250ml\/#primaryimage","url":"https:\/\/dev4.devmitsinformatica.com\/wp-content\/uploads\/2019\/12\/Montana-Glass.png","contentUrl":"https:\/\/dev4.devmitsinformatica.com\/wp-content\/uploads\/2019\/12\/Montana-Glass.png","width":300,"height":251,"caption":"Spray para vidrio montana"},{"@type":"BreadcrumbList","@id":"https:\/\/dev4.devmitsinformatica.com\/en\/shop\/spray-cans-montana\/montana-effects-spray-shop-barcelona\/montana-glass-paint-250ml\/#breadcrumb","itemListElement":[{"@type":"ListItem","position":1,"name":"Home","item":"https:\/\/dev4.devmitsinformatica.com\/en\/"},{"@type":"ListItem","position":2,"name":"Store","item":"https:\/\/dev4.devmitsinformatica.com\/?page_id=38"},{"@type":"ListItem","position":3,"name":"Montana GLASS PAINT 250ml"}]},{"@type":"WebSite","@id":"https:\/\/dev4.devmitsinformatica.com\/en\/#website","url":"https:\/\/dev4.devmitsinformatica.com\/en\/","name":"ULTRAWIDE GRAFFITI SHOP","description":"SPRAY GRAFFITI SHOP CAPS Y ROTULADORES","publisher":{"@id":"https:\/\/dev4.devmitsinformatica.com\/en\/#organization"},"potentialAction":[{"@type":"SearchAction","target":{"@type":"EntryPoint","urlTemplate":"https:\/\/dev4.devmitsinformatica.com\/en\/?s={search_term_string}"},"query-input":{"@type":"PropertyValueSpecification","valueRequired":true,"valueName":"search_term_string"}}],"inLanguage":"en-US"},{"@type":"Organization","@id":"https:\/\/dev4.devmitsinformatica.com\/en\/#organization","name":"ANDEN Graffiti Shop Barcelona","url":"https:\/\/dev4.devmitsinformatica.com\/en\/","logo":{"@type":"ImageObject","inLanguage":"en-US","@id":"https:\/\/dev4.devmitsinformatica.com\/en\/#\/schema\/logo\/image\/","url":"https:\/\/dev4.devmitsinformatica.com\/wp-content\/uploads\/2016\/11\/graffiti-gallery-barcelona.png","contentUrl":"https:\/\/dev4.devmitsinformatica.com\/wp-content\/uploads\/2016\/11\/graffiti-gallery-barcelona.png","width":386,"height":150,"caption":"ANDEN Graffiti Shop Barcelona"},"image":{"@id":"https:\/\/dev4.devmitsinformatica.com\/en\/#\/schema\/logo\/image\/"}}]}},"_links":{"self":[{"href":"https:\/\/dev4.devmitsinformatica.com\/en\/wp-json\/wp\/v2\/product\/8393","targetHints":{"allow":["GET"]}}],"collection":[{"href":"https:\/\/dev4.devmitsinformatica.com\/en\/wp-json\/wp\/v2\/product"}],"about":[{"href":"https:\/\/dev4.devmitsinformatica.com\/en\/wp-json\/wp\/v2\/types\/product"}],"replies":[{"embeddable":true,"href":"https:\/\/dev4.devmitsinformatica.com\/en\/wp-json\/wp\/v2\/comments?post=8393"}],"version-history":[{"count":0,"href":"https:\/\/dev4.devmitsinformatica.com\/en\/wp-json\/wp\/v2\/product\/8393\/revisions"}],"wp:featuredmedia":[{"embeddable":true,"href":"https:\/\/dev4.devmitsinformatica.com\/en\/wp-json\/wp\/v2\/media\/8394"}],"wp:attachment":[{"href":"https:\/\/dev4.devmitsinformatica.com\/en\/wp-json\/wp\/v2\/media?parent=8393"}],"wp:term":[{"taxonomy":"product_brand","embeddable":true,"href":"https:\/\/dev4.devmitsinformatica.com\/en\/wp-json\/wp\/v2\/product_brand?post=8393"},{"taxonomy":"product_cat","embeddable":true,"href":"https:\/\/dev4.devmitsinformatica.com\/en\/wp-json\/wp\/v2\/product_cat?post=8393"},{"taxonomy":"product_tag","embeddable":true,"href":"https:\/\/dev4.devmitsinformatica.com\/en\/wp-json\/wp\/v2\/product_tag?post=8393"}],"curies":[{"name":"wp","href":"https:\/\/api.w.org\/{rel}","templated":true}]}}