{"id":8592,"date":"2020-01-29T16:23:51","date_gmt":"2020-01-29T16:23:51","guid":{"rendered":"https:\/\/dev4.devmitsinformatica.com\/?post_type=product&#038;p=8592"},"modified":"2026-01-25T08:44:03","modified_gmt":"2026-01-25T08:44:03","slug":"hand-mixed","status":"publish","type":"product","link":"https:\/\/dev4.devmitsinformatica.com\/en\/shop\/solid-markers\/hand-mixed\/","title":{"rendered":"Hand Mixed"},"content":{"rendered":"<p>Hand Mixed es un marcador de cera s\u00f3lida desarrollado por escritores para escritores.<\/p>\n<p>Hecho a mano en Barcelona, este marcador s\u00f3lido es el \u00fanico permanente en el mercado que permite etiquetas que combinan diferentes colores gracias a su ensamblaje.<\/p>\n<p>Los marcadores Hand Mixed combinan entre 3 y 8 colores con una selecci\u00f3n perfecta para obtener los resultados originales m\u00e1s aut\u00e9nticos.<\/p>\n<p>Fabricados con ceras s\u00f3lidas de Sakura, se han posicionado como el marcador multicolor con mejores cualidades entre los escritores de graffiti.<\/p>\n<p>Marcadores de pintura s\u00f3lida HAND MIXED &#x2122; Made in Barcelona.<br \/>\nMarcadores hechos a mano con los marcadores s\u00f3lidos de Sakura, con 6 u 8 cortes seg\u00fan el modelo.<br \/>\nPintura ultra resistente para marcar todo tipo de superficies, en todas las condiciones clim\u00e1ticas.<br \/>\n\u2022 Pintura permanente, opaca e impermeable.<br \/>\n\u2022 Escribe en la mayor\u00eda de las superficies<\/p>\n","protected":false},"excerpt":{"rendered":"<p>Los marcadores Hand Mixed combinan entre 3 y 8 colores con una selecci\u00f3n perfecta para obtener los resultados originales m\u00e1s aut\u00e9nticos.<\/p>\n<p>Fabricados con ceras s\u00f3lidas de Sakura, se han posicionado como el marcador multicolor con mejores cualidades entre los escritores de graffiti.<\/p>\n<p>[su_youtube url=&#8221;https:\/\/www.youtube.com\/watch?v=HwMOP9tS7jU&amp;t=85s&#8221;]<\/p>\n","protected":false},"featured_media":8619,"comment_status":"open","ping_status":"closed","template":"","meta":{"site-sidebar-layout":"default","site-content-layout":"","ast-site-content-layout":"default","site-content-style":"default","site-sidebar-style":"default","ast-global-header-display":"","ast-banner-title-visibility":"","ast-main-header-display":"","ast-hfb-above-header-display":"","ast-hfb-below-header-display":"","ast-hfb-mobile-header-display":"","site-post-title":"","ast-breadcrumbs-content":"","ast-featured-img":"","footer-sml-layout":"","ast-disable-related-posts":"","theme-transparent-header-meta":"","adv-header-id-meta":"","stick-header-meta":"","header-above-stick-meta":"","header-main-stick-meta":"","header-below-stick-meta":"","astra-migrate-meta-layouts":"default","ast-page-background-enabled":"default","ast-page-background-meta":{"desktop":{"background-color":"","background-image":"","background-repeat":"repeat","background-position":"center center","background-size":"auto","background-attachment":"scroll","background-type":"","background-media":"","overlay-type":"","overlay-color":"","overlay-opacity":"","overlay-gradient":""},"tablet":{"background-color":"","background-image":"","background-repeat":"repeat","background-position":"center center","background-size":"auto","background-attachment":"scroll","background-type":"","background-media":"","overlay-type":"","overlay-color":"","overlay-opacity":"","overlay-gradient":""},"mobile":{"background-color":"","background-image":"","background-repeat":"repeat","background-position":"center center","background-size":"auto","background-attachment":"scroll","background-type":"","background-media":"","overlay-type":"","overlay-color":"","overlay-opacity":"","overlay-gradient":""}},"ast-content-background-meta":{"desktop":{"background-color":"var(--ast-global-color-5)","background-image":"","background-repeat":"repeat","background-position":"center center","background-size":"auto","background-attachment":"scroll","background-type":"","background-media":"","overlay-type":"","overlay-color":"","overlay-opacity":"","overlay-gradient":""},"tablet":{"background-color":"var(--ast-global-color-5)","background-image":"","background-repeat":"repeat","background-position":"center center","background-size":"auto","background-attachment":"scroll","background-type":"","background-media":"","overlay-type":"","overlay-color":"","overlay-opacity":"","overlay-gradient":""},"mobile":{"background-color":"var(--ast-global-color-5)","background-image":"","background-repeat":"repeat","background-position":"center center","background-size":"auto","background-attachment":"scroll","background-type":"","background-media":"","overlay-type":"","overlay-color":"","overlay-opacity":"","overlay-gradient":""}}},"product_brand":[],"product_cat":[3266],"product_tag":[5877,5883,5884,1628,5882,5880,5881,5879,5885,5878,5886,5876,3278],"class_list":{"0":"post-8592","1":"product","2":"type-product","3":"status-publish","4":"has-post-thumbnail","6":"product_cat-solid-markers","7":"product_tag-cera-solida","8":"product_tag-ceras-multicolor","9":"product_tag-ceras-permanentes","10":"product_tag-graffiti-shop-barcelona","11":"product_tag-graffiti-solid-marker","12":"product_tag-hand-mixed","13":"product_tag-hand-mixed-sakura","14":"product_tag-handmixed","15":"product_tag-handmixed-colores","16":"product_tag-marker-hand-mixed","17":"product_tag-sakura-colores","18":"product_tag-sakura-solid-marker","19":"product_tag-solid-marker","20":"pa_color-handmixed-chilean","21":"pa_color-handmixed-fruitsalad","22":"pa_color-handmixed-ice-cream","23":"pa_color-handmixed-maasai","24":"pa_color-handmixed-patagonia","25":"pa_color-handmixed-pirineus","26":"desktop-align-left","27":"tablet-align-left","28":"mobile-align-left","30":"first","31":"instock","32":"purchasable","33":"product-type-variable"},"yoast_head":"<!-- This site is optimized with the Yoast SEO plugin v27.0 - https:\/\/yoast.com\/product\/yoast-seo-wordpress\/ -->\n<title>Hand Mixed Ultrawide Graffiti Shop Barcelona<\/title>\n<meta name=\"description\" content=\"Hand Mixed en Barcelona.\u267b\ufe0f Bellas artes y Graffiti Shop Barcelona. Spray, Tintas, Rotuladores y marcadores s\u00f3lidos Hand Mixed.\" \/>\n<meta name=\"robots\" content=\"index, follow, max-snippet:-1, max-image-preview:large, max-video-preview:-1\" \/>\n<link rel=\"canonical\" href=\"https:\/\/dev4.devmitsinformatica.com\/en\/shop\/solid-markers\/hand-mixed\/\" \/>\n<meta property=\"og:locale\" content=\"en_US\" \/>\n<meta property=\"og:type\" content=\"article\" \/>\n<meta property=\"og:title\" content=\"Hand Mixed Ultrawide Graffiti Shop Barcelona\" \/>\n<meta property=\"og:description\" content=\"Hand Mixed en Barcelona.\u267b\ufe0f Bellas artes y Graffiti Shop Barcelona. Spray, Tintas, Rotuladores y marcadores s\u00f3lidos Hand Mixed.\" \/>\n<meta property=\"og:url\" content=\"https:\/\/dev4.devmitsinformatica.com\/en\/shop\/solid-markers\/hand-mixed\/\" \/>\n<meta property=\"og:site_name\" content=\"ULTRAWIDE GRAFFITI SHOP\" \/>\n<meta property=\"article:modified_time\" content=\"2026-01-25T08:44:03+00:00\" \/>\n<meta property=\"og:image\" content=\"https:\/\/dev4.devmitsinformatica.com\/wp-content\/uploads\/2020\/01\/hand-mixed-1.jpg\" \/>\n\t<meta property=\"og:image:width\" content=\"699\" \/>\n\t<meta property=\"og:image:height\" content=\"666\" \/>\n\t<meta property=\"og:image:type\" content=\"image\/jpeg\" \/>\n<meta name=\"twitter:card\" content=\"summary_large_image\" \/>\n<meta name=\"twitter:label1\" content=\"Est. reading time\" \/>\n\t<meta name=\"twitter:data1\" content=\"1 minute\" \/>\n<script type=\"application\/ld+json\" class=\"yoast-schema-graph\">{\"@context\":\"https:\/\/schema.org\",\"@graph\":[{\"@type\":\"WebPage\",\"@id\":\"https:\/\/dev4.devmitsinformatica.com\/en\/shop\/solid-markers\/hand-mixed\/\",\"url\":\"https:\/\/dev4.devmitsinformatica.com\/en\/shop\/solid-markers\/hand-mixed\/\",\"name\":\"Hand Mixed Ultrawide Graffiti Shop Barcelona\",\"isPartOf\":{\"@id\":\"https:\/\/dev4.devmitsinformatica.com\/en\/#website\"},\"primaryImageOfPage\":{\"@id\":\"https:\/\/dev4.devmitsinformatica.com\/en\/shop\/solid-markers\/hand-mixed\/#primaryimage\"},\"image\":{\"@id\":\"https:\/\/dev4.devmitsinformatica.com\/en\/shop\/solid-markers\/hand-mixed\/#primaryimage\"},\"thumbnailUrl\":\"https:\/\/dev4.devmitsinformatica.com\/wp-content\/uploads\/2020\/01\/hand-mixed-1.jpg\",\"datePublished\":\"2020-01-29T16:23:51+00:00\",\"dateModified\":\"2026-01-25T08:44:03+00:00\",\"description\":\"Hand Mixed en Barcelona.\u267b\ufe0f Bellas artes y Graffiti Shop Barcelona. Spray, Tintas, Rotuladores y marcadores s\u00f3lidos Hand Mixed.\",\"breadcrumb\":{\"@id\":\"https:\/\/dev4.devmitsinformatica.com\/en\/shop\/solid-markers\/hand-mixed\/#breadcrumb\"},\"inLanguage\":\"en-US\",\"potentialAction\":[{\"@type\":\"ReadAction\",\"target\":[\"https:\/\/dev4.devmitsinformatica.com\/en\/shop\/solid-markers\/hand-mixed\/\"]}]},{\"@type\":\"ImageObject\",\"inLanguage\":\"en-US\",\"@id\":\"https:\/\/dev4.devmitsinformatica.com\/en\/shop\/solid-markers\/hand-mixed\/#primaryimage\",\"url\":\"https:\/\/dev4.devmitsinformatica.com\/wp-content\/uploads\/2020\/01\/hand-mixed-1.jpg\",\"contentUrl\":\"https:\/\/dev4.devmitsinformatica.com\/wp-content\/uploads\/2020\/01\/hand-mixed-1.jpg\",\"width\":699,\"height\":666,\"caption\":\"Marcador solido cera Sakura Handmixed Barcelona Graffiti Shop online Espa\u00f1a\"},{\"@type\":\"BreadcrumbList\",\"@id\":\"https:\/\/dev4.devmitsinformatica.com\/en\/shop\/solid-markers\/hand-mixed\/#breadcrumb\",\"itemListElement\":[{\"@type\":\"ListItem\",\"position\":1,\"name\":\"Home\",\"item\":\"https:\/\/dev4.devmitsinformatica.com\/en\/\"},{\"@type\":\"ListItem\",\"position\":2,\"name\":\"Store\",\"item\":\"https:\/\/dev4.devmitsinformatica.com\/?page_id=38\"},{\"@type\":\"ListItem\",\"position\":3,\"name\":\"Hand Mixed\"}]},{\"@type\":\"WebSite\",\"@id\":\"https:\/\/dev4.devmitsinformatica.com\/en\/#website\",\"url\":\"https:\/\/dev4.devmitsinformatica.com\/en\/\",\"name\":\"ULTRAWIDE GRAFFITI SHOP\",\"description\":\"SPRAY GRAFFITI SHOP CAPS Y ROTULADORES\",\"publisher\":{\"@id\":\"https:\/\/dev4.devmitsinformatica.com\/en\/#organization\"},\"potentialAction\":[{\"@type\":\"SearchAction\",\"target\":{\"@type\":\"EntryPoint\",\"urlTemplate\":\"https:\/\/dev4.devmitsinformatica.com\/en\/?s={search_term_string}\"},\"query-input\":{\"@type\":\"PropertyValueSpecification\",\"valueRequired\":true,\"valueName\":\"search_term_string\"}}],\"inLanguage\":\"en-US\"},{\"@type\":\"Organization\",\"@id\":\"https:\/\/dev4.devmitsinformatica.com\/en\/#organization\",\"name\":\"ANDEN Graffiti Shop Barcelona\",\"url\":\"https:\/\/dev4.devmitsinformatica.com\/en\/\",\"logo\":{\"@type\":\"ImageObject\",\"inLanguage\":\"en-US\",\"@id\":\"https:\/\/dev4.devmitsinformatica.com\/en\/#\/schema\/logo\/image\/\",\"url\":\"https:\/\/dev4.devmitsinformatica.com\/wp-content\/uploads\/2016\/11\/graffiti-gallery-barcelona.png\",\"contentUrl\":\"https:\/\/dev4.devmitsinformatica.com\/wp-content\/uploads\/2016\/11\/graffiti-gallery-barcelona.png\",\"width\":386,\"height\":150,\"caption\":\"ANDEN Graffiti Shop Barcelona\"},\"image\":{\"@id\":\"https:\/\/dev4.devmitsinformatica.com\/en\/#\/schema\/logo\/image\/\"}}]}<\/script>\n<!-- \/ Yoast SEO plugin. -->","yoast_head_json":{"title":"Hand Mixed Ultrawide Graffiti Shop Barcelona","description":"Hand Mixed en Barcelona.\u267b\ufe0f Bellas artes y Graffiti Shop Barcelona. Spray, Tintas, Rotuladores y marcadores s\u00f3lidos Hand Mixed.","robots":{"index":"index","follow":"follow","max-snippet":"max-snippet:-1","max-image-preview":"max-image-preview:large","max-video-preview":"max-video-preview:-1"},"canonical":"https:\/\/dev4.devmitsinformatica.com\/en\/shop\/solid-markers\/hand-mixed\/","og_locale":"en_US","og_type":"article","og_title":"Hand Mixed Ultrawide Graffiti Shop Barcelona","og_description":"Hand Mixed en Barcelona.\u267b\ufe0f Bellas artes y Graffiti Shop Barcelona. Spray, Tintas, Rotuladores y marcadores s\u00f3lidos Hand Mixed.","og_url":"https:\/\/dev4.devmitsinformatica.com\/en\/shop\/solid-markers\/hand-mixed\/","og_site_name":"ULTRAWIDE GRAFFITI SHOP","article_modified_time":"2026-01-25T08:44:03+00:00","og_image":[{"width":699,"height":666,"url":"https:\/\/dev4.devmitsinformatica.com\/wp-content\/uploads\/2020\/01\/hand-mixed-1.jpg","type":"image\/jpeg"}],"twitter_card":"summary_large_image","twitter_misc":{"Est. reading time":"1 minute"},"schema":{"@context":"https:\/\/schema.org","@graph":[{"@type":"WebPage","@id":"https:\/\/dev4.devmitsinformatica.com\/en\/shop\/solid-markers\/hand-mixed\/","url":"https:\/\/dev4.devmitsinformatica.com\/en\/shop\/solid-markers\/hand-mixed\/","name":"Hand Mixed Ultrawide Graffiti Shop Barcelona","isPartOf":{"@id":"https:\/\/dev4.devmitsinformatica.com\/en\/#website"},"primaryImageOfPage":{"@id":"https:\/\/dev4.devmitsinformatica.com\/en\/shop\/solid-markers\/hand-mixed\/#primaryimage"},"image":{"@id":"https:\/\/dev4.devmitsinformatica.com\/en\/shop\/solid-markers\/hand-mixed\/#primaryimage"},"thumbnailUrl":"https:\/\/dev4.devmitsinformatica.com\/wp-content\/uploads\/2020\/01\/hand-mixed-1.jpg","datePublished":"2020-01-29T16:23:51+00:00","dateModified":"2026-01-25T08:44:03+00:00","description":"Hand Mixed en Barcelona.\u267b\ufe0f Bellas artes y Graffiti Shop Barcelona. Spray, Tintas, Rotuladores y marcadores s\u00f3lidos Hand Mixed.","breadcrumb":{"@id":"https:\/\/dev4.devmitsinformatica.com\/en\/shop\/solid-markers\/hand-mixed\/#breadcrumb"},"inLanguage":"en-US","potentialAction":[{"@type":"ReadAction","target":["https:\/\/dev4.devmitsinformatica.com\/en\/shop\/solid-markers\/hand-mixed\/"]}]},{"@type":"ImageObject","inLanguage":"en-US","@id":"https:\/\/dev4.devmitsinformatica.com\/en\/shop\/solid-markers\/hand-mixed\/#primaryimage","url":"https:\/\/dev4.devmitsinformatica.com\/wp-content\/uploads\/2020\/01\/hand-mixed-1.jpg","contentUrl":"https:\/\/dev4.devmitsinformatica.com\/wp-content\/uploads\/2020\/01\/hand-mixed-1.jpg","width":699,"height":666,"caption":"Marcador solido cera Sakura Handmixed Barcelona Graffiti Shop online Espa\u00f1a"},{"@type":"BreadcrumbList","@id":"https:\/\/dev4.devmitsinformatica.com\/en\/shop\/solid-markers\/hand-mixed\/#breadcrumb","itemListElement":[{"@type":"ListItem","position":1,"name":"Home","item":"https:\/\/dev4.devmitsinformatica.com\/en\/"},{"@type":"ListItem","position":2,"name":"Store","item":"https:\/\/dev4.devmitsinformatica.com\/?page_id=38"},{"@type":"ListItem","position":3,"name":"Hand Mixed"}]},{"@type":"WebSite","@id":"https:\/\/dev4.devmitsinformatica.com\/en\/#website","url":"https:\/\/dev4.devmitsinformatica.com\/en\/","name":"ULTRAWIDE GRAFFITI SHOP","description":"SPRAY GRAFFITI SHOP CAPS Y ROTULADORES","publisher":{"@id":"https:\/\/dev4.devmitsinformatica.com\/en\/#organization"},"potentialAction":[{"@type":"SearchAction","target":{"@type":"EntryPoint","urlTemplate":"https:\/\/dev4.devmitsinformatica.com\/en\/?s={search_term_string}"},"query-input":{"@type":"PropertyValueSpecification","valueRequired":true,"valueName":"search_term_string"}}],"inLanguage":"en-US"},{"@type":"Organization","@id":"https:\/\/dev4.devmitsinformatica.com\/en\/#organization","name":"ANDEN Graffiti Shop Barcelona","url":"https:\/\/dev4.devmitsinformatica.com\/en\/","logo":{"@type":"ImageObject","inLanguage":"en-US","@id":"https:\/\/dev4.devmitsinformatica.com\/en\/#\/schema\/logo\/image\/","url":"https:\/\/dev4.devmitsinformatica.com\/wp-content\/uploads\/2016\/11\/graffiti-gallery-barcelona.png","contentUrl":"https:\/\/dev4.devmitsinformatica.com\/wp-content\/uploads\/2016\/11\/graffiti-gallery-barcelona.png","width":386,"height":150,"caption":"ANDEN Graffiti Shop Barcelona"},"image":{"@id":"https:\/\/dev4.devmitsinformatica.com\/en\/#\/schema\/logo\/image\/"}}]}},"_links":{"self":[{"href":"https:\/\/dev4.devmitsinformatica.com\/en\/wp-json\/wp\/v2\/product\/8592","targetHints":{"allow":["GET"]}}],"collection":[{"href":"https:\/\/dev4.devmitsinformatica.com\/en\/wp-json\/wp\/v2\/product"}],"about":[{"href":"https:\/\/dev4.devmitsinformatica.com\/en\/wp-json\/wp\/v2\/types\/product"}],"replies":[{"embeddable":true,"href":"https:\/\/dev4.devmitsinformatica.com\/en\/wp-json\/wp\/v2\/comments?post=8592"}],"version-history":[{"count":0,"href":"https:\/\/dev4.devmitsinformatica.com\/en\/wp-json\/wp\/v2\/product\/8592\/revisions"}],"wp:featuredmedia":[{"embeddable":true,"href":"https:\/\/dev4.devmitsinformatica.com\/en\/wp-json\/wp\/v2\/media\/8619"}],"wp:attachment":[{"href":"https:\/\/dev4.devmitsinformatica.com\/en\/wp-json\/wp\/v2\/media?parent=8592"}],"wp:term":[{"taxonomy":"product_brand","embeddable":true,"href":"https:\/\/dev4.devmitsinformatica.com\/en\/wp-json\/wp\/v2\/product_brand?post=8592"},{"taxonomy":"product_cat","embeddable":true,"href":"https:\/\/dev4.devmitsinformatica.com\/en\/wp-json\/wp\/v2\/product_cat?post=8592"},{"taxonomy":"product_tag","embeddable":true,"href":"https:\/\/dev4.devmitsinformatica.com\/en\/wp-json\/wp\/v2\/product_tag?post=8592"}],"curies":[{"name":"wp","href":"https:\/\/api.w.org\/{rel}","templated":true}]}}