{"id":8626,"date":"2020-01-30T08:01:38","date_gmt":"2020-01-30T08:01:38","guid":{"rendered":"https:\/\/dev4.devmitsinformatica.com\/?post_type=product&#038;p=8626"},"modified":"2023-10-13T16:58:59","modified_gmt":"2023-10-13T16:58:59","slug":"uni-paint-px30","status":"publish","type":"product","link":"https:\/\/dev4.devmitsinformatica.com\/en\/shop\/uni-posca\/uni-paint-px30\/","title":{"rendered":"Uni Paint Px30"},"content":{"rendered":"<p>Uni Paint Px30&#8230;<\/p>\n<p>El <a href=\"https:\/\/dev4.devmitsinformatica.com\/tienda-online\/uni-paint\/\">marcador Uni<\/a> Paint PX-30 cubre extremadamente bien en casi cualquier superficie y es resistente a la intemperie, resistente a la decoloraci\u00f3n y recargable. La <a href=\"http:\/\/barcelonapinturas.com\">pintura<\/a> es una pintura a base de aceite altamente permanente, y el marcador viene con una punta de cincel de 8 mm.<\/p>\n<p>Su punta biselada de 8mm es perfecta para los escritores de graffiti. Consigue los mejores tags con su pintura al aceite supercubriente y siente como desliza sobre la superficie creando trazos de excelente opacidad.<\/p>\n<p>El Marcador de Uni Ball PX30 es uno de los marcadores m\u00e1s vendidos entre el p\u00fablico del graffiti, siendo ideal tambi\u00e9n para los dibujos y tags sobre adhesivos aportando un brillo \u00fanico.<\/p>\n<p>&nbsp;<\/p>\n","protected":false},"excerpt":{"rendered":"<p>El marcador Uni Paint PX-30 cubre extremadamente bien en casi cualquier superficie y es resistente a la intemperie, resistente a la decoloraci\u00f3n y recargable. La pintura es una pintura a base de aceite altamente permanente, y el marcador viene con una punta de cincel de 8 mm.<\/p>\n<p>[su_youtube url=&#8221;https:\/\/www.youtube.com\/watch?v=LBF7T_jiY78&#8243;]<\/p>\n","protected":false},"featured_media":8630,"comment_status":"open","ping_status":"closed","template":"","meta":{"site-sidebar-layout":"default","site-content-layout":"","ast-site-content-layout":"default","site-content-style":"default","site-sidebar-style":"default","ast-global-header-display":"","ast-banner-title-visibility":"","ast-main-header-display":"","ast-hfb-above-header-display":"","ast-hfb-below-header-display":"","ast-hfb-mobile-header-display":"","site-post-title":"","ast-breadcrumbs-content":"","ast-featured-img":"","footer-sml-layout":"","ast-disable-related-posts":"","theme-transparent-header-meta":"","adv-header-id-meta":"","stick-header-meta":"","header-above-stick-meta":"","header-main-stick-meta":"","header-below-stick-meta":"","astra-migrate-meta-layouts":"default","ast-page-background-enabled":"default","ast-page-background-meta":{"desktop":{"background-color":"","background-image":"","background-repeat":"repeat","background-position":"center center","background-size":"auto","background-attachment":"scroll","background-type":"","background-media":"","overlay-type":"","overlay-color":"","overlay-opacity":"","overlay-gradient":""},"tablet":{"background-color":"","background-image":"","background-repeat":"repeat","background-position":"center center","background-size":"auto","background-attachment":"scroll","background-type":"","background-media":"","overlay-type":"","overlay-color":"","overlay-opacity":"","overlay-gradient":""},"mobile":{"background-color":"","background-image":"","background-repeat":"repeat","background-position":"center center","background-size":"auto","background-attachment":"scroll","background-type":"","background-media":"","overlay-type":"","overlay-color":"","overlay-opacity":"","overlay-gradient":""}},"ast-content-background-meta":{"desktop":{"background-color":"var(--ast-global-color-5)","background-image":"","background-repeat":"repeat","background-position":"center center","background-size":"auto","background-attachment":"scroll","background-type":"","background-media":"","overlay-type":"","overlay-color":"","overlay-opacity":"","overlay-gradient":""},"tablet":{"background-color":"var(--ast-global-color-5)","background-image":"","background-repeat":"repeat","background-position":"center center","background-size":"auto","background-attachment":"scroll","background-type":"","background-media":"","overlay-type":"","overlay-color":"","overlay-opacity":"","overlay-gradient":""},"mobile":{"background-color":"var(--ast-global-color-5)","background-image":"","background-repeat":"repeat","background-position":"center center","background-size":"auto","background-attachment":"scroll","background-type":"","background-media":"","overlay-type":"","overlay-color":"","overlay-opacity":"","overlay-gradient":""}}},"product_brand":[],"product_cat":[3289,5887],"product_tag":[1628,5890,901,5822,5891,5889,1232,3378,5893,5888,5892],"class_list":{"0":"post-8626","1":"product","2":"type-product","3":"status-publish","4":"has-post-thumbnail","6":"product_cat-uni-posca","7":"product_cat-uni-paint","8":"product_tag-graffiti-shop-barcelona","9":"product_tag-marcador-de-acetite","10":"product_tag-marcador-permanente","11":"product_tag-montana-store-barcelona","12":"product_tag-permanente-de-aceite","13":"product_tag-rotulador-de-aceite","14":"product_tag-rotulador-permanente","15":"product_tag-uni-paint","16":"product_tag-uni-paint-plata","17":"product_tag-uni-paint-px30","18":"product_tag-uni-plata","19":"pa_color-blanco","20":"pa_color-negro","21":"pa_color-plata","22":"desktop-align-left","23":"tablet-align-left","24":"mobile-align-left","26":"first","27":"instock","28":"purchasable","29":"product-type-variable"},"yoast_head":"<!-- This site is optimized with the Yoast SEO plugin v27.0 - https:\/\/yoast.com\/product\/yoast-seo-wordpress\/ -->\n<title>Uni Paint Px30 - ULTRAWIDE GRAFFITI SHOP BARCELONA<\/title>\n<meta name=\"description\" content=\"Uni Paint Px30 en Barcelona:Uni Paint Px30? . Arte y Graffiti Shop Barcelona. Spray, Colores, Rotuladores y Uni Paint Px30\" \/>\n<meta name=\"robots\" content=\"index, follow, max-snippet:-1, max-image-preview:large, max-video-preview:-1\" \/>\n<link rel=\"canonical\" href=\"https:\/\/dev4.devmitsinformatica.com\/en\/shop\/uni-posca\/uni-paint-px30\/\" \/>\n<meta property=\"og:locale\" content=\"en_US\" \/>\n<meta property=\"og:type\" content=\"article\" \/>\n<meta property=\"og:title\" content=\"Uni Paint Px30 - ULTRAWIDE GRAFFITI SHOP BARCELONA\" \/>\n<meta property=\"og:description\" content=\"Uni Paint Px30 en Barcelona:Uni Paint Px30? . Arte y Graffiti Shop Barcelona. Spray, Colores, Rotuladores y Uni Paint Px30\" \/>\n<meta property=\"og:url\" content=\"https:\/\/dev4.devmitsinformatica.com\/en\/shop\/uni-posca\/uni-paint-px30\/\" \/>\n<meta property=\"og:site_name\" content=\"ULTRAWIDE GRAFFITI SHOP\" \/>\n<meta property=\"article:modified_time\" content=\"2023-10-13T16:58:59+00:00\" \/>\n<meta property=\"og:image\" content=\"https:\/\/dev4.devmitsinformatica.com\/wp-content\/uploads\/2020\/01\/Uni-Paint-marker-Px30.jpg\" \/>\n\t<meta property=\"og:image:width\" content=\"600\" \/>\n\t<meta property=\"og:image:height\" content=\"600\" \/>\n\t<meta property=\"og:image:type\" content=\"image\/jpeg\" \/>\n<meta name=\"twitter:card\" content=\"summary_large_image\" \/>\n<meta name=\"twitter:label1\" content=\"Est. reading time\" \/>\n\t<meta name=\"twitter:data1\" content=\"1 minute\" \/>\n<script type=\"application\/ld+json\" class=\"yoast-schema-graph\">{\"@context\":\"https:\/\/schema.org\",\"@graph\":[{\"@type\":\"WebPage\",\"@id\":\"https:\/\/dev4.devmitsinformatica.com\/en\/shop\/uni-posca\/uni-paint-px30\/\",\"url\":\"https:\/\/dev4.devmitsinformatica.com\/en\/shop\/uni-posca\/uni-paint-px30\/\",\"name\":\"Uni Paint Px30 - ULTRAWIDE GRAFFITI SHOP BARCELONA\",\"isPartOf\":{\"@id\":\"https:\/\/dev4.devmitsinformatica.com\/en\/#website\"},\"primaryImageOfPage\":{\"@id\":\"https:\/\/dev4.devmitsinformatica.com\/en\/shop\/uni-posca\/uni-paint-px30\/#primaryimage\"},\"image\":{\"@id\":\"https:\/\/dev4.devmitsinformatica.com\/en\/shop\/uni-posca\/uni-paint-px30\/#primaryimage\"},\"thumbnailUrl\":\"https:\/\/dev4.devmitsinformatica.com\/wp-content\/uploads\/2020\/01\/Uni-Paint-marker-Px30.jpg\",\"datePublished\":\"2020-01-30T08:01:38+00:00\",\"dateModified\":\"2023-10-13T16:58:59+00:00\",\"description\":\"Uni Paint Px30 en Barcelona:Uni Paint Px30? . Arte y Graffiti Shop Barcelona. Spray, Colores, Rotuladores y Uni Paint Px30\",\"breadcrumb\":{\"@id\":\"https:\/\/dev4.devmitsinformatica.com\/en\/shop\/uni-posca\/uni-paint-px30\/#breadcrumb\"},\"inLanguage\":\"en-US\",\"potentialAction\":[{\"@type\":\"ReadAction\",\"target\":[\"https:\/\/dev4.devmitsinformatica.com\/en\/shop\/uni-posca\/uni-paint-px30\/\"]}]},{\"@type\":\"ImageObject\",\"inLanguage\":\"en-US\",\"@id\":\"https:\/\/dev4.devmitsinformatica.com\/en\/shop\/uni-posca\/uni-paint-px30\/#primaryimage\",\"url\":\"https:\/\/dev4.devmitsinformatica.com\/wp-content\/uploads\/2020\/01\/Uni-Paint-marker-Px30.jpg\",\"contentUrl\":\"https:\/\/dev4.devmitsinformatica.com\/wp-content\/uploads\/2020\/01\/Uni-Paint-marker-Px30.jpg\",\"width\":600,\"height\":600,\"caption\":\"marcador base aceite uni paint punta biselada ui paint px30 compra en tu tienda online con envio gratis graffiti shop barcelona\"},{\"@type\":\"BreadcrumbList\",\"@id\":\"https:\/\/dev4.devmitsinformatica.com\/en\/shop\/uni-posca\/uni-paint-px30\/#breadcrumb\",\"itemListElement\":[{\"@type\":\"ListItem\",\"position\":1,\"name\":\"Home\",\"item\":\"https:\/\/dev4.devmitsinformatica.com\/en\/\"},{\"@type\":\"ListItem\",\"position\":2,\"name\":\"Store\",\"item\":\"https:\/\/dev4.devmitsinformatica.com\/?page_id=38\"},{\"@type\":\"ListItem\",\"position\":3,\"name\":\"Uni Paint Px30\"}]},{\"@type\":\"WebSite\",\"@id\":\"https:\/\/dev4.devmitsinformatica.com\/en\/#website\",\"url\":\"https:\/\/dev4.devmitsinformatica.com\/en\/\",\"name\":\"ULTRAWIDE GRAFFITI SHOP\",\"description\":\"SPRAY GRAFFITI SHOP CAPS Y ROTULADORES\",\"publisher\":{\"@id\":\"https:\/\/dev4.devmitsinformatica.com\/en\/#organization\"},\"potentialAction\":[{\"@type\":\"SearchAction\",\"target\":{\"@type\":\"EntryPoint\",\"urlTemplate\":\"https:\/\/dev4.devmitsinformatica.com\/en\/?s={search_term_string}\"},\"query-input\":{\"@type\":\"PropertyValueSpecification\",\"valueRequired\":true,\"valueName\":\"search_term_string\"}}],\"inLanguage\":\"en-US\"},{\"@type\":\"Organization\",\"@id\":\"https:\/\/dev4.devmitsinformatica.com\/en\/#organization\",\"name\":\"ANDEN Graffiti Shop Barcelona\",\"url\":\"https:\/\/dev4.devmitsinformatica.com\/en\/\",\"logo\":{\"@type\":\"ImageObject\",\"inLanguage\":\"en-US\",\"@id\":\"https:\/\/dev4.devmitsinformatica.com\/en\/#\/schema\/logo\/image\/\",\"url\":\"https:\/\/dev4.devmitsinformatica.com\/wp-content\/uploads\/2016\/11\/graffiti-gallery-barcelona.png\",\"contentUrl\":\"https:\/\/dev4.devmitsinformatica.com\/wp-content\/uploads\/2016\/11\/graffiti-gallery-barcelona.png\",\"width\":386,\"height\":150,\"caption\":\"ANDEN Graffiti Shop Barcelona\"},\"image\":{\"@id\":\"https:\/\/dev4.devmitsinformatica.com\/en\/#\/schema\/logo\/image\/\"}}]}<\/script>\n<!-- \/ Yoast SEO plugin. -->","yoast_head_json":{"title":"Uni Paint Px30 - ULTRAWIDE GRAFFITI SHOP BARCELONA","description":"Uni Paint Px30 en Barcelona:Uni Paint Px30? . Arte y Graffiti Shop Barcelona. Spray, Colores, Rotuladores y Uni Paint Px30","robots":{"index":"index","follow":"follow","max-snippet":"max-snippet:-1","max-image-preview":"max-image-preview:large","max-video-preview":"max-video-preview:-1"},"canonical":"https:\/\/dev4.devmitsinformatica.com\/en\/shop\/uni-posca\/uni-paint-px30\/","og_locale":"en_US","og_type":"article","og_title":"Uni Paint Px30 - ULTRAWIDE GRAFFITI SHOP BARCELONA","og_description":"Uni Paint Px30 en Barcelona:Uni Paint Px30? . Arte y Graffiti Shop Barcelona. Spray, Colores, Rotuladores y Uni Paint Px30","og_url":"https:\/\/dev4.devmitsinformatica.com\/en\/shop\/uni-posca\/uni-paint-px30\/","og_site_name":"ULTRAWIDE GRAFFITI SHOP","article_modified_time":"2023-10-13T16:58:59+00:00","og_image":[{"width":600,"height":600,"url":"https:\/\/dev4.devmitsinformatica.com\/wp-content\/uploads\/2020\/01\/Uni-Paint-marker-Px30.jpg","type":"image\/jpeg"}],"twitter_card":"summary_large_image","twitter_misc":{"Est. reading time":"1 minute"},"schema":{"@context":"https:\/\/schema.org","@graph":[{"@type":"WebPage","@id":"https:\/\/dev4.devmitsinformatica.com\/en\/shop\/uni-posca\/uni-paint-px30\/","url":"https:\/\/dev4.devmitsinformatica.com\/en\/shop\/uni-posca\/uni-paint-px30\/","name":"Uni Paint Px30 - ULTRAWIDE GRAFFITI SHOP BARCELONA","isPartOf":{"@id":"https:\/\/dev4.devmitsinformatica.com\/en\/#website"},"primaryImageOfPage":{"@id":"https:\/\/dev4.devmitsinformatica.com\/en\/shop\/uni-posca\/uni-paint-px30\/#primaryimage"},"image":{"@id":"https:\/\/dev4.devmitsinformatica.com\/en\/shop\/uni-posca\/uni-paint-px30\/#primaryimage"},"thumbnailUrl":"https:\/\/dev4.devmitsinformatica.com\/wp-content\/uploads\/2020\/01\/Uni-Paint-marker-Px30.jpg","datePublished":"2020-01-30T08:01:38+00:00","dateModified":"2023-10-13T16:58:59+00:00","description":"Uni Paint Px30 en Barcelona:Uni Paint Px30? . Arte y Graffiti Shop Barcelona. Spray, Colores, Rotuladores y Uni Paint Px30","breadcrumb":{"@id":"https:\/\/dev4.devmitsinformatica.com\/en\/shop\/uni-posca\/uni-paint-px30\/#breadcrumb"},"inLanguage":"en-US","potentialAction":[{"@type":"ReadAction","target":["https:\/\/dev4.devmitsinformatica.com\/en\/shop\/uni-posca\/uni-paint-px30\/"]}]},{"@type":"ImageObject","inLanguage":"en-US","@id":"https:\/\/dev4.devmitsinformatica.com\/en\/shop\/uni-posca\/uni-paint-px30\/#primaryimage","url":"https:\/\/dev4.devmitsinformatica.com\/wp-content\/uploads\/2020\/01\/Uni-Paint-marker-Px30.jpg","contentUrl":"https:\/\/dev4.devmitsinformatica.com\/wp-content\/uploads\/2020\/01\/Uni-Paint-marker-Px30.jpg","width":600,"height":600,"caption":"marcador base aceite uni paint punta biselada ui paint px30 compra en tu tienda online con envio gratis graffiti shop barcelona"},{"@type":"BreadcrumbList","@id":"https:\/\/dev4.devmitsinformatica.com\/en\/shop\/uni-posca\/uni-paint-px30\/#breadcrumb","itemListElement":[{"@type":"ListItem","position":1,"name":"Home","item":"https:\/\/dev4.devmitsinformatica.com\/en\/"},{"@type":"ListItem","position":2,"name":"Store","item":"https:\/\/dev4.devmitsinformatica.com\/?page_id=38"},{"@type":"ListItem","position":3,"name":"Uni Paint Px30"}]},{"@type":"WebSite","@id":"https:\/\/dev4.devmitsinformatica.com\/en\/#website","url":"https:\/\/dev4.devmitsinformatica.com\/en\/","name":"ULTRAWIDE GRAFFITI SHOP","description":"SPRAY GRAFFITI SHOP CAPS Y ROTULADORES","publisher":{"@id":"https:\/\/dev4.devmitsinformatica.com\/en\/#organization"},"potentialAction":[{"@type":"SearchAction","target":{"@type":"EntryPoint","urlTemplate":"https:\/\/dev4.devmitsinformatica.com\/en\/?s={search_term_string}"},"query-input":{"@type":"PropertyValueSpecification","valueRequired":true,"valueName":"search_term_string"}}],"inLanguage":"en-US"},{"@type":"Organization","@id":"https:\/\/dev4.devmitsinformatica.com\/en\/#organization","name":"ANDEN Graffiti Shop Barcelona","url":"https:\/\/dev4.devmitsinformatica.com\/en\/","logo":{"@type":"ImageObject","inLanguage":"en-US","@id":"https:\/\/dev4.devmitsinformatica.com\/en\/#\/schema\/logo\/image\/","url":"https:\/\/dev4.devmitsinformatica.com\/wp-content\/uploads\/2016\/11\/graffiti-gallery-barcelona.png","contentUrl":"https:\/\/dev4.devmitsinformatica.com\/wp-content\/uploads\/2016\/11\/graffiti-gallery-barcelona.png","width":386,"height":150,"caption":"ANDEN Graffiti Shop Barcelona"},"image":{"@id":"https:\/\/dev4.devmitsinformatica.com\/en\/#\/schema\/logo\/image\/"}}]}},"_links":{"self":[{"href":"https:\/\/dev4.devmitsinformatica.com\/en\/wp-json\/wp\/v2\/product\/8626","targetHints":{"allow":["GET"]}}],"collection":[{"href":"https:\/\/dev4.devmitsinformatica.com\/en\/wp-json\/wp\/v2\/product"}],"about":[{"href":"https:\/\/dev4.devmitsinformatica.com\/en\/wp-json\/wp\/v2\/types\/product"}],"replies":[{"embeddable":true,"href":"https:\/\/dev4.devmitsinformatica.com\/en\/wp-json\/wp\/v2\/comments?post=8626"}],"version-history":[{"count":0,"href":"https:\/\/dev4.devmitsinformatica.com\/en\/wp-json\/wp\/v2\/product\/8626\/revisions"}],"wp:featuredmedia":[{"embeddable":true,"href":"https:\/\/dev4.devmitsinformatica.com\/en\/wp-json\/wp\/v2\/media\/8630"}],"wp:attachment":[{"href":"https:\/\/dev4.devmitsinformatica.com\/en\/wp-json\/wp\/v2\/media?parent=8626"}],"wp:term":[{"taxonomy":"product_brand","embeddable":true,"href":"https:\/\/dev4.devmitsinformatica.com\/en\/wp-json\/wp\/v2\/product_brand?post=8626"},{"taxonomy":"product_cat","embeddable":true,"href":"https:\/\/dev4.devmitsinformatica.com\/en\/wp-json\/wp\/v2\/product_cat?post=8626"},{"taxonomy":"product_tag","embeddable":true,"href":"https:\/\/dev4.devmitsinformatica.com\/en\/wp-json\/wp\/v2\/product_tag?post=8626"}],"curies":[{"name":"wp","href":"https:\/\/api.w.org\/{rel}","templated":true}]}}