{"id":8679,"date":"2020-01-30T16:28:19","date_gmt":"2020-01-30T16:28:19","guid":{"rendered":"https:\/\/dev4.devmitsinformatica.com\/?post_type=product&#038;p=8679"},"modified":"2026-01-26T15:50:53","modified_gmt":"2026-01-26T15:50:53","slug":"quik-stik","status":"publish","type":"product","link":"https:\/\/dev4.devmitsinformatica.com\/en\/shop\/solid-markers\/quik-stik\/","title":{"rendered":"Quik Stik"},"content":{"rendered":"<p>Quik Stik es un marcador de pintura s\u00f3lida para una marca suave, que se seca r\u00e1pidamente para dejar una marca intensa y permanente en la mayor\u00eda de las superficies. El soporte retr\u00e1ctil de pl\u00e1stico es muy duradero y evita cualquier rotura. Mantenga las manos, la ropa y las cajas de herramientas limpias con el marcador retr\u00e1ctil a base de pintura s\u00f3lida m\u00e1s grande de la industria.<\/p>\n<h3>CARACTER\u00cdSTICAS Y BENEFICIOS:<\/h3>\n<p>Marcas de pintura brillantes de secado r\u00e1pido que se seca en 5-7 minutos.<\/p>\n<p>20% m\u00e1s de pintura que la competencia, m\u00e1s marcas por menos dinero.<\/p>\n<p>Marcas en pr\u00e1cticamente cualquier superficie: h\u00fameda, lisa, rugosa o caliente.<\/p>\n<p>El tap\u00f3n herm\u00e9tico de guardado autom\u00e1tico mantiene el marcador limpio y con la tinta fresca entre los usos.<\/p>\n<p>Pintura resistente a la intemperie y a los rayos UV para marcas duraderas.<\/p>\n<p>El marcador de pintura s\u00f3lida avanza y se retrae girando el bot\u00f3n retr\u00e1ctil.<\/p>\n<p>Rango de temperatura para marcar: de -18 \u00b0C a 200 \u00b0C (de 0\u00b0F a 392\u00b0F).<\/p>\n<p>Fabricado en EE.\u00a0UU.<\/p>\n<h3>USO EN DISTINTAS INDUSTRIAS:<\/h3>\n<p>Fabricaci\u00f3n de metales<\/p>\n<p>Mercado de autopartes<\/p>\n<p>Construcci\u00f3n<\/p>\n<p>Soldadura<\/p>\n<p>Tuber\u00edas de procesos industriales<\/p>\n<p>Suministros para env\u00edo.<\/p>\n<h3>USO EN DISTINTAS SUPERFICIES:<\/h3>\n<p>Ca\u00f1os y tubos<\/p>\n<p>Vidrio<\/p>\n<p>Hierro y acero<\/p>\n<p>Madera<\/p>\n<p>Hormig\u00f3n y piedra<\/p>\n<p>Caucho y neum\u00e1ticos<\/p>\n<p>Pl\u00e1stico<\/p>\n<p>Cer\u00e1mica<\/p>\n","protected":false},"excerpt":{"rendered":"<h3>CARACTER\u00cdSTICAS Y BENEFICIOS:<\/h3>\n<p>Marcas de pintura brillantes de secado r\u00e1pido que se seca en 5-7 minutos.<\/p>\n<p>[su_youtube url=&#8221;https:\/\/www.youtube.com\/watch?v=RrYI_fO1YYA&#8221;]<\/p>\n<p>20% m\u00e1s de pintura que la competencia, m\u00e1s marcas por menos dinero.<\/p>\n<p>Marcas en pr\u00e1cticamente cualquier superficie: h\u00fameda, lisa, rugosa o caliente.<\/p>\n<p>El tap\u00f3n herm\u00e9tico de guardado autom\u00e1tico mantiene el marcador limpio y con la tinta fresca entre los usos.<\/p>\n<p>Pintura resistente a la intemperie y a los rayos UV para marcas duraderas.<\/p>\n<p>El marcador de pintura s\u00f3lida avanza y se retrae girando el bot\u00f3n retr\u00e1ctil.<\/p>\n<p>Rango de temperatura para marcar: de -18 \u00b0C a 200 \u00b0C (de 0\u00b0F a 392\u00b0F).<\/p>\n<p>Fabricado en EE.\u00a0UU.<\/p>\n","protected":false},"featured_media":8691,"comment_status":"open","ping_status":"closed","template":"","meta":{"site-sidebar-layout":"default","site-content-layout":"","ast-site-content-layout":"default","site-content-style":"default","site-sidebar-style":"default","ast-global-header-display":"","ast-banner-title-visibility":"","ast-main-header-display":"","ast-hfb-above-header-display":"","ast-hfb-below-header-display":"","ast-hfb-mobile-header-display":"","site-post-title":"","ast-breadcrumbs-content":"","ast-featured-img":"","footer-sml-layout":"","ast-disable-related-posts":"","theme-transparent-header-meta":"","adv-header-id-meta":"","stick-header-meta":"","header-above-stick-meta":"","header-main-stick-meta":"","header-below-stick-meta":"","astra-migrate-meta-layouts":"default","ast-page-background-enabled":"default","ast-page-background-meta":{"desktop":{"background-color":"","background-image":"","background-repeat":"repeat","background-position":"center center","background-size":"auto","background-attachment":"scroll","background-type":"","background-media":"","overlay-type":"","overlay-color":"","overlay-opacity":"","overlay-gradient":""},"tablet":{"background-color":"","background-image":"","background-repeat":"repeat","background-position":"center center","background-size":"auto","background-attachment":"scroll","background-type":"","background-media":"","overlay-type":"","overlay-color":"","overlay-opacity":"","overlay-gradient":""},"mobile":{"background-color":"","background-image":"","background-repeat":"repeat","background-position":"center center","background-size":"auto","background-attachment":"scroll","background-type":"","background-media":"","overlay-type":"","overlay-color":"","overlay-opacity":"","overlay-gradient":""}},"ast-content-background-meta":{"desktop":{"background-color":"var(--ast-global-color-5)","background-image":"","background-repeat":"repeat","background-position":"center center","background-size":"auto","background-attachment":"scroll","background-type":"","background-media":"","overlay-type":"","overlay-color":"","overlay-opacity":"","overlay-gradient":""},"tablet":{"background-color":"var(--ast-global-color-5)","background-image":"","background-repeat":"repeat","background-position":"center center","background-size":"auto","background-attachment":"scroll","background-type":"","background-media":"","overlay-type":"","overlay-color":"","overlay-opacity":"","overlay-gradient":""},"mobile":{"background-color":"var(--ast-global-color-5)","background-image":"","background-repeat":"repeat","background-position":"center center","background-size":"auto","background-attachment":"scroll","background-type":"","background-media":"","overlay-type":"","overlay-color":"","overlay-opacity":"","overlay-gradient":""}}},"product_brand":[],"product_cat":[3266],"product_tag":[5884,5939,5940,5941,1628,5882,5943,5938,5822,5942],"class_list":{"0":"post-8679","1":"product","2":"type-product","3":"status-publish","4":"has-post-thumbnail","6":"product_cat-solid-markers","7":"product_tag-ceras-permanentes","8":"product_tag-ceras-solidas","9":"product_tag-ceras-solidas-markal","10":"product_tag-comprar-ceras-solidas","11":"product_tag-graffiti-shop-barcelona","12":"product_tag-graffiti-solid-marker","13":"product_tag-marcador-solido","14":"product_tag-markal","15":"product_tag-montana-store-barcelona","16":"product_tag-solid-markers-online","17":"pa_color-amarillo","18":"pa_color-amarillo-fluor","19":"pa_color-azul","20":"pa_color-blanco","21":"pa_color-naranja","22":"pa_color-naranja-fluor","23":"pa_color-negro","24":"pa_color-rojo","25":"pa_color-rosa-fluor","26":"pa_color-verde","27":"pa_color-verde-fluor","28":"pa_color-violeta","29":"desktop-align-left","30":"tablet-align-left","31":"mobile-align-left","33":"first","34":"instock","35":"purchasable","36":"product-type-variable"},"yoast_head":"<!-- This site is optimized with the Yoast SEO plugin v27.0 - https:\/\/yoast.com\/product\/yoast-seo-wordpress\/ -->\n<title>Quik Stik Ultrawide Graffiti Shop Barcelona<\/title>\n<meta name=\"description\" content=\"Quik Stik en Barcelona:Quik Stik? Quik Stik y mas. Arte y Graffiti Shop Barcelona. Spray, Colores, Rotuladores y Quik Stik\" \/>\n<meta name=\"robots\" content=\"index, follow, max-snippet:-1, max-image-preview:large, max-video-preview:-1\" \/>\n<link rel=\"canonical\" href=\"https:\/\/dev4.devmitsinformatica.com\/en\/shop\/solid-markers\/quik-stik\/\" \/>\n<meta property=\"og:locale\" content=\"en_US\" \/>\n<meta property=\"og:type\" content=\"article\" \/>\n<meta property=\"og:title\" content=\"Quik Stik Ultrawide Graffiti Shop Barcelona\" \/>\n<meta property=\"og:description\" content=\"Quik Stik en Barcelona:Quik Stik? Quik Stik y mas. Arte y Graffiti Shop Barcelona. Spray, Colores, Rotuladores y Quik Stik\" \/>\n<meta property=\"og:url\" content=\"https:\/\/dev4.devmitsinformatica.com\/en\/shop\/solid-markers\/quik-stik\/\" \/>\n<meta property=\"og:site_name\" content=\"ULTRAWIDE GRAFFITI SHOP\" \/>\n<meta property=\"article:modified_time\" content=\"2026-01-26T15:50:53+00:00\" \/>\n<meta property=\"og:image\" content=\"https:\/\/dev4.devmitsinformatica.com\/wp-content\/uploads\/2020\/01\/Markal-Solid-Marker.jpg\" \/>\n\t<meta property=\"og:image:width\" content=\"600\" \/>\n\t<meta property=\"og:image:height\" content=\"600\" \/>\n\t<meta property=\"og:image:type\" content=\"image\/jpeg\" \/>\n<meta name=\"twitter:card\" content=\"summary_large_image\" \/>\n<meta name=\"twitter:label1\" content=\"Est. reading time\" \/>\n\t<meta name=\"twitter:data1\" content=\"1 minute\" \/>\n<script type=\"application\/ld+json\" class=\"yoast-schema-graph\">{\"@context\":\"https:\/\/schema.org\",\"@graph\":[{\"@type\":\"WebPage\",\"@id\":\"https:\/\/dev4.devmitsinformatica.com\/en\/shop\/solid-markers\/quik-stik\/\",\"url\":\"https:\/\/dev4.devmitsinformatica.com\/en\/shop\/solid-markers\/quik-stik\/\",\"name\":\"Quik Stik Ultrawide Graffiti Shop Barcelona\",\"isPartOf\":{\"@id\":\"https:\/\/dev4.devmitsinformatica.com\/en\/#website\"},\"primaryImageOfPage\":{\"@id\":\"https:\/\/dev4.devmitsinformatica.com\/en\/shop\/solid-markers\/quik-stik\/#primaryimage\"},\"image\":{\"@id\":\"https:\/\/dev4.devmitsinformatica.com\/en\/shop\/solid-markers\/quik-stik\/#primaryimage\"},\"thumbnailUrl\":\"https:\/\/dev4.devmitsinformatica.com\/wp-content\/uploads\/2020\/01\/Markal-Solid-Marker.jpg\",\"datePublished\":\"2020-01-30T16:28:19+00:00\",\"dateModified\":\"2026-01-26T15:50:53+00:00\",\"description\":\"Quik Stik en Barcelona:Quik Stik? Quik Stik y mas. Arte y Graffiti Shop Barcelona. Spray, Colores, Rotuladores y Quik Stik\",\"breadcrumb\":{\"@id\":\"https:\/\/dev4.devmitsinformatica.com\/en\/shop\/solid-markers\/quik-stik\/#breadcrumb\"},\"inLanguage\":\"en-US\",\"potentialAction\":[{\"@type\":\"ReadAction\",\"target\":[\"https:\/\/dev4.devmitsinformatica.com\/en\/shop\/solid-markers\/quik-stik\/\"]}]},{\"@type\":\"ImageObject\",\"inLanguage\":\"en-US\",\"@id\":\"https:\/\/dev4.devmitsinformatica.com\/en\/shop\/solid-markers\/quik-stik\/#primaryimage\",\"url\":\"https:\/\/dev4.devmitsinformatica.com\/wp-content\/uploads\/2020\/01\/Markal-Solid-Marker.jpg\",\"contentUrl\":\"https:\/\/dev4.devmitsinformatica.com\/wp-content\/uploads\/2020\/01\/Markal-Solid-Marker.jpg\",\"width\":600,\"height\":600,\"caption\":\"Ceras s\u00f3lidas Markal para graffiti, compra online ceras markal en tu graffiti shop online And\u00e9n Barcelona\"},{\"@type\":\"BreadcrumbList\",\"@id\":\"https:\/\/dev4.devmitsinformatica.com\/en\/shop\/solid-markers\/quik-stik\/#breadcrumb\",\"itemListElement\":[{\"@type\":\"ListItem\",\"position\":1,\"name\":\"Home\",\"item\":\"https:\/\/dev4.devmitsinformatica.com\/en\/\"},{\"@type\":\"ListItem\",\"position\":2,\"name\":\"Store\",\"item\":\"https:\/\/dev4.devmitsinformatica.com\/?page_id=38\"},{\"@type\":\"ListItem\",\"position\":3,\"name\":\"Quik Stik\"}]},{\"@type\":\"WebSite\",\"@id\":\"https:\/\/dev4.devmitsinformatica.com\/en\/#website\",\"url\":\"https:\/\/dev4.devmitsinformatica.com\/en\/\",\"name\":\"ULTRAWIDE GRAFFITI SHOP\",\"description\":\"SPRAY GRAFFITI SHOP CAPS Y ROTULADORES\",\"publisher\":{\"@id\":\"https:\/\/dev4.devmitsinformatica.com\/en\/#organization\"},\"potentialAction\":[{\"@type\":\"SearchAction\",\"target\":{\"@type\":\"EntryPoint\",\"urlTemplate\":\"https:\/\/dev4.devmitsinformatica.com\/en\/?s={search_term_string}\"},\"query-input\":{\"@type\":\"PropertyValueSpecification\",\"valueRequired\":true,\"valueName\":\"search_term_string\"}}],\"inLanguage\":\"en-US\"},{\"@type\":\"Organization\",\"@id\":\"https:\/\/dev4.devmitsinformatica.com\/en\/#organization\",\"name\":\"ANDEN Graffiti Shop Barcelona\",\"url\":\"https:\/\/dev4.devmitsinformatica.com\/en\/\",\"logo\":{\"@type\":\"ImageObject\",\"inLanguage\":\"en-US\",\"@id\":\"https:\/\/dev4.devmitsinformatica.com\/en\/#\/schema\/logo\/image\/\",\"url\":\"https:\/\/dev4.devmitsinformatica.com\/wp-content\/uploads\/2016\/11\/graffiti-gallery-barcelona.png\",\"contentUrl\":\"https:\/\/dev4.devmitsinformatica.com\/wp-content\/uploads\/2016\/11\/graffiti-gallery-barcelona.png\",\"width\":386,\"height\":150,\"caption\":\"ANDEN Graffiti Shop Barcelona\"},\"image\":{\"@id\":\"https:\/\/dev4.devmitsinformatica.com\/en\/#\/schema\/logo\/image\/\"}}]}<\/script>\n<!-- \/ Yoast SEO plugin. -->","yoast_head_json":{"title":"Quik Stik Ultrawide Graffiti Shop Barcelona","description":"Quik Stik en Barcelona:Quik Stik? Quik Stik y mas. Arte y Graffiti Shop Barcelona. Spray, Colores, Rotuladores y Quik Stik","robots":{"index":"index","follow":"follow","max-snippet":"max-snippet:-1","max-image-preview":"max-image-preview:large","max-video-preview":"max-video-preview:-1"},"canonical":"https:\/\/dev4.devmitsinformatica.com\/en\/shop\/solid-markers\/quik-stik\/","og_locale":"en_US","og_type":"article","og_title":"Quik Stik Ultrawide Graffiti Shop Barcelona","og_description":"Quik Stik en Barcelona:Quik Stik? Quik Stik y mas. Arte y Graffiti Shop Barcelona. Spray, Colores, Rotuladores y Quik Stik","og_url":"https:\/\/dev4.devmitsinformatica.com\/en\/shop\/solid-markers\/quik-stik\/","og_site_name":"ULTRAWIDE GRAFFITI SHOP","article_modified_time":"2026-01-26T15:50:53+00:00","og_image":[{"width":600,"height":600,"url":"https:\/\/dev4.devmitsinformatica.com\/wp-content\/uploads\/2020\/01\/Markal-Solid-Marker.jpg","type":"image\/jpeg"}],"twitter_card":"summary_large_image","twitter_misc":{"Est. reading time":"1 minute"},"schema":{"@context":"https:\/\/schema.org","@graph":[{"@type":"WebPage","@id":"https:\/\/dev4.devmitsinformatica.com\/en\/shop\/solid-markers\/quik-stik\/","url":"https:\/\/dev4.devmitsinformatica.com\/en\/shop\/solid-markers\/quik-stik\/","name":"Quik Stik Ultrawide Graffiti Shop Barcelona","isPartOf":{"@id":"https:\/\/dev4.devmitsinformatica.com\/en\/#website"},"primaryImageOfPage":{"@id":"https:\/\/dev4.devmitsinformatica.com\/en\/shop\/solid-markers\/quik-stik\/#primaryimage"},"image":{"@id":"https:\/\/dev4.devmitsinformatica.com\/en\/shop\/solid-markers\/quik-stik\/#primaryimage"},"thumbnailUrl":"https:\/\/dev4.devmitsinformatica.com\/wp-content\/uploads\/2020\/01\/Markal-Solid-Marker.jpg","datePublished":"2020-01-30T16:28:19+00:00","dateModified":"2026-01-26T15:50:53+00:00","description":"Quik Stik en Barcelona:Quik Stik? Quik Stik y mas. Arte y Graffiti Shop Barcelona. Spray, Colores, Rotuladores y Quik Stik","breadcrumb":{"@id":"https:\/\/dev4.devmitsinformatica.com\/en\/shop\/solid-markers\/quik-stik\/#breadcrumb"},"inLanguage":"en-US","potentialAction":[{"@type":"ReadAction","target":["https:\/\/dev4.devmitsinformatica.com\/en\/shop\/solid-markers\/quik-stik\/"]}]},{"@type":"ImageObject","inLanguage":"en-US","@id":"https:\/\/dev4.devmitsinformatica.com\/en\/shop\/solid-markers\/quik-stik\/#primaryimage","url":"https:\/\/dev4.devmitsinformatica.com\/wp-content\/uploads\/2020\/01\/Markal-Solid-Marker.jpg","contentUrl":"https:\/\/dev4.devmitsinformatica.com\/wp-content\/uploads\/2020\/01\/Markal-Solid-Marker.jpg","width":600,"height":600,"caption":"Ceras s\u00f3lidas Markal para graffiti, compra online ceras markal en tu graffiti shop online And\u00e9n Barcelona"},{"@type":"BreadcrumbList","@id":"https:\/\/dev4.devmitsinformatica.com\/en\/shop\/solid-markers\/quik-stik\/#breadcrumb","itemListElement":[{"@type":"ListItem","position":1,"name":"Home","item":"https:\/\/dev4.devmitsinformatica.com\/en\/"},{"@type":"ListItem","position":2,"name":"Store","item":"https:\/\/dev4.devmitsinformatica.com\/?page_id=38"},{"@type":"ListItem","position":3,"name":"Quik Stik"}]},{"@type":"WebSite","@id":"https:\/\/dev4.devmitsinformatica.com\/en\/#website","url":"https:\/\/dev4.devmitsinformatica.com\/en\/","name":"ULTRAWIDE GRAFFITI SHOP","description":"SPRAY GRAFFITI SHOP CAPS Y ROTULADORES","publisher":{"@id":"https:\/\/dev4.devmitsinformatica.com\/en\/#organization"},"potentialAction":[{"@type":"SearchAction","target":{"@type":"EntryPoint","urlTemplate":"https:\/\/dev4.devmitsinformatica.com\/en\/?s={search_term_string}"},"query-input":{"@type":"PropertyValueSpecification","valueRequired":true,"valueName":"search_term_string"}}],"inLanguage":"en-US"},{"@type":"Organization","@id":"https:\/\/dev4.devmitsinformatica.com\/en\/#organization","name":"ANDEN Graffiti Shop Barcelona","url":"https:\/\/dev4.devmitsinformatica.com\/en\/","logo":{"@type":"ImageObject","inLanguage":"en-US","@id":"https:\/\/dev4.devmitsinformatica.com\/en\/#\/schema\/logo\/image\/","url":"https:\/\/dev4.devmitsinformatica.com\/wp-content\/uploads\/2016\/11\/graffiti-gallery-barcelona.png","contentUrl":"https:\/\/dev4.devmitsinformatica.com\/wp-content\/uploads\/2016\/11\/graffiti-gallery-barcelona.png","width":386,"height":150,"caption":"ANDEN Graffiti Shop Barcelona"},"image":{"@id":"https:\/\/dev4.devmitsinformatica.com\/en\/#\/schema\/logo\/image\/"}}]}},"_links":{"self":[{"href":"https:\/\/dev4.devmitsinformatica.com\/en\/wp-json\/wp\/v2\/product\/8679","targetHints":{"allow":["GET"]}}],"collection":[{"href":"https:\/\/dev4.devmitsinformatica.com\/en\/wp-json\/wp\/v2\/product"}],"about":[{"href":"https:\/\/dev4.devmitsinformatica.com\/en\/wp-json\/wp\/v2\/types\/product"}],"replies":[{"embeddable":true,"href":"https:\/\/dev4.devmitsinformatica.com\/en\/wp-json\/wp\/v2\/comments?post=8679"}],"version-history":[{"count":0,"href":"https:\/\/dev4.devmitsinformatica.com\/en\/wp-json\/wp\/v2\/product\/8679\/revisions"}],"wp:featuredmedia":[{"embeddable":true,"href":"https:\/\/dev4.devmitsinformatica.com\/en\/wp-json\/wp\/v2\/media\/8691"}],"wp:attachment":[{"href":"https:\/\/dev4.devmitsinformatica.com\/en\/wp-json\/wp\/v2\/media?parent=8679"}],"wp:term":[{"taxonomy":"product_brand","embeddable":true,"href":"https:\/\/dev4.devmitsinformatica.com\/en\/wp-json\/wp\/v2\/product_brand?post=8679"},{"taxonomy":"product_cat","embeddable":true,"href":"https:\/\/dev4.devmitsinformatica.com\/en\/wp-json\/wp\/v2\/product_cat?post=8679"},{"taxonomy":"product_tag","embeddable":true,"href":"https:\/\/dev4.devmitsinformatica.com\/en\/wp-json\/wp\/v2\/product_tag?post=8679"}],"curies":[{"name":"wp","href":"https:\/\/api.w.org\/{rel}","templated":true}]}}