{"id":8706,"date":"2020-01-31T08:28:06","date_gmt":"2020-01-31T08:28:06","guid":{"rendered":"https:\/\/dev4.devmitsinformatica.com\/?post_type=product&#038;p=8706"},"modified":"2025-12-07T04:27:30","modified_gmt":"2025-12-07T04:27:30","slug":"b-paintstik","status":"publish","type":"product","link":"https:\/\/dev4.devmitsinformatica.com\/en\/shop\/solid-markers\/b-paintstik\/","title":{"rendered":"B Paintstik"},"content":{"rendered":"<p>B Paintstik ,<\/p>\n<p>Por ser el<a href=\"https:\/\/dev4.devmitsinformatica.com\/tienda-online\/graffiti-rotulador-shop-barcelona\/\"> marcador<\/a> m\u00e1s vers\u00e1til y econ\u00f3mico de Markal, el marcador original de pintura s\u00f3lida B Paintstik combina la durabilidad de la pintura con la practicidad de un cray\u00f3n.<\/p>\n<p>La f\u00f3rmula a base de<a href=\"http:\/\/barcelonapinturas.com\"> pintura<\/a> real tiene un rendimiento de marcaje superior en superficies aceitosas, heladas, h\u00famedas, secas o fr\u00edas, adem\u00e1s de resistir los efectos de la intemperie y los rayos UV. Este marcador Paintstik funciona en superficies rugosas, oxidadas, lisas o sucias.<\/p>\n<p>En And\u00e9n Barcelona te ofrecemos una amplia linea de marcadores, pinturas, sprays y rotuladores para diferentes soluciones y soportes.<\/p>\n<p>Vis\u00edtanos en Barcelona o haz tu pedido online y rec\u00edbelo en tu domicilio con envio gratis a partir de 100\u20ac.<\/p>\n","protected":false},"excerpt":{"rendered":"<p>Por ser el marcador m\u00e1s vers\u00e1til y econ\u00f3mico de Markal, el marcador original de pintura s\u00f3lida B Paintstik combina la durabilidad de la pintura con la practicidad de un cray\u00f3n. La f\u00f3rmula a base de pintura real tiene un rendimiento de marcaje superior en superficies aceitosas, heladas, h\u00famedas, secas o fr\u00edas, adem\u00e1s de resistir los efectos de la intemperie y los rayos UV. Este marcador Paintstik funciona en superficies rugosas, oxidadas, lisas o sucias.<\/p>\n<p>[su_youtube url=&#8221;https:\/\/www.youtube.com\/watch?v=1Q7BLfWauAc&#8221;]<\/p>\n","protected":false},"featured_media":8725,"comment_status":"open","ping_status":"closed","template":"","meta":{"site-sidebar-layout":"default","site-content-layout":"","ast-site-content-layout":"default","site-content-style":"default","site-sidebar-style":"default","ast-global-header-display":"","ast-banner-title-visibility":"","ast-main-header-display":"","ast-hfb-above-header-display":"","ast-hfb-below-header-display":"","ast-hfb-mobile-header-display":"","site-post-title":"","ast-breadcrumbs-content":"","ast-featured-img":"","footer-sml-layout":"","ast-disable-related-posts":"","theme-transparent-header-meta":"","adv-header-id-meta":"","stick-header-meta":"","header-above-stick-meta":"","header-main-stick-meta":"","header-below-stick-meta":"","astra-migrate-meta-layouts":"default","ast-page-background-enabled":"default","ast-page-background-meta":{"desktop":{"background-color":"","background-image":"","background-repeat":"repeat","background-position":"center center","background-size":"auto","background-attachment":"scroll","background-type":"","background-media":"","overlay-type":"","overlay-color":"","overlay-opacity":"","overlay-gradient":""},"tablet":{"background-color":"","background-image":"","background-repeat":"repeat","background-position":"center center","background-size":"auto","background-attachment":"scroll","background-type":"","background-media":"","overlay-type":"","overlay-color":"","overlay-opacity":"","overlay-gradient":""},"mobile":{"background-color":"","background-image":"","background-repeat":"repeat","background-position":"center center","background-size":"auto","background-attachment":"scroll","background-type":"","background-media":"","overlay-type":"","overlay-color":"","overlay-opacity":"","overlay-gradient":""}},"ast-content-background-meta":{"desktop":{"background-color":"var(--ast-global-color-5)","background-image":"","background-repeat":"repeat","background-position":"center center","background-size":"auto","background-attachment":"scroll","background-type":"","background-media":"","overlay-type":"","overlay-color":"","overlay-opacity":"","overlay-gradient":""},"tablet":{"background-color":"var(--ast-global-color-5)","background-image":"","background-repeat":"repeat","background-position":"center center","background-size":"auto","background-attachment":"scroll","background-type":"","background-media":"","overlay-type":"","overlay-color":"","overlay-opacity":"","overlay-gradient":""},"mobile":{"background-color":"var(--ast-global-color-5)","background-image":"","background-repeat":"repeat","background-position":"center center","background-size":"auto","background-attachment":"scroll","background-type":"","background-media":"","overlay-type":"","overlay-color":"","overlay-opacity":"","overlay-gradient":""}}},"product_brand":[],"product_cat":[3266],"product_tag":[5958,5954,5884,5953,5917,1628,5955,1018,5822,5952,5956,5957],"class_list":{"0":"post-8706","1":"product","2":"type-product","3":"status-publish","4":"has-post-thumbnail","6":"product_cat-solid-markers","7":"product_tag-anden-barcelona","8":"product_tag-ceras-markal","9":"product_tag-ceras-permanentes","10":"product_tag-crayon-permanente","11":"product_tag-graffiti-markers","12":"product_tag-graffiti-shop-barcelona","13":"product_tag-markal-eras","14":"product_tag-montana-cans","15":"product_tag-montana-store-barcelona","16":"product_tag-paintstik","17":"product_tag-solid-markers-markal","18":"product_tag-tienda-de-graffiti-en-barcelona","19":"pa_color-amarillo","20":"pa_color-amarillo-fluor","21":"pa_color-azul","22":"pa_color-azul-fluor","23":"pa_color-blanco","24":"pa_color-gris","25":"pa_color-marron","26":"pa_color-naranja","27":"pa_color-naranja-fluor","28":"pa_color-negro","29":"pa_color-oro","30":"pa_color-plata","31":"pa_color-rojo","32":"pa_color-rojo-fluor","33":"pa_color-rosa","34":"pa_color-rosa-fluor","35":"pa_color-verde","36":"pa_color-verde-fluor","37":"pa_color-violeta","38":"desktop-align-left","39":"tablet-align-left","40":"mobile-align-left","42":"first","43":"instock","44":"purchasable","45":"product-type-variable"},"yoast_head":"<!-- This site is optimized with the Yoast SEO plugin v27.0 - https:\/\/yoast.com\/product\/yoast-seo-wordpress\/ -->\n<title>B Paintstik Ultrawide Graffiti Shop Barcelona<\/title>\n<meta name=\"description\" content=\"B Paintstik en Barcelona:B Paintstik? B Paintstik y mas. Arte y Graffiti Shop Barcelona. Spray, Colores, Rotuladores y B Paintstik\" \/>\n<meta name=\"robots\" content=\"index, follow, max-snippet:-1, max-image-preview:large, max-video-preview:-1\" \/>\n<link rel=\"canonical\" href=\"https:\/\/dev4.devmitsinformatica.com\/en\/shop\/solid-markers\/b-paintstik\/\" \/>\n<meta property=\"og:locale\" content=\"en_US\" \/>\n<meta property=\"og:type\" content=\"article\" \/>\n<meta property=\"og:title\" content=\"B Paintstik Ultrawide Graffiti Shop Barcelona\" \/>\n<meta property=\"og:description\" content=\"B Paintstik en Barcelona:B Paintstik? B Paintstik y mas. Arte y Graffiti Shop Barcelona. Spray, Colores, Rotuladores y B Paintstik\" \/>\n<meta property=\"og:url\" content=\"https:\/\/dev4.devmitsinformatica.com\/en\/shop\/solid-markers\/b-paintstik\/\" \/>\n<meta property=\"og:site_name\" content=\"ULTRAWIDE GRAFFITI SHOP\" \/>\n<meta property=\"article:modified_time\" content=\"2025-12-07T04:27:30+00:00\" \/>\n<meta property=\"og:image\" content=\"https:\/\/dev4.devmitsinformatica.com\/wp-content\/uploads\/2020\/01\/Ceras-Markal.jpg\" \/>\n\t<meta property=\"og:image:width\" content=\"650\" \/>\n\t<meta property=\"og:image:height\" content=\"650\" \/>\n\t<meta property=\"og:image:type\" content=\"image\/jpeg\" \/>\n<meta name=\"twitter:card\" content=\"summary_large_image\" \/>\n<meta name=\"twitter:label1\" content=\"Est. reading time\" \/>\n\t<meta name=\"twitter:data1\" content=\"1 minute\" \/>\n<script type=\"application\/ld+json\" class=\"yoast-schema-graph\">{\"@context\":\"https:\/\/schema.org\",\"@graph\":[{\"@type\":\"WebPage\",\"@id\":\"https:\/\/dev4.devmitsinformatica.com\/en\/shop\/solid-markers\/b-paintstik\/\",\"url\":\"https:\/\/dev4.devmitsinformatica.com\/en\/shop\/solid-markers\/b-paintstik\/\",\"name\":\"B Paintstik Ultrawide Graffiti Shop Barcelona\",\"isPartOf\":{\"@id\":\"https:\/\/dev4.devmitsinformatica.com\/en\/#website\"},\"primaryImageOfPage\":{\"@id\":\"https:\/\/dev4.devmitsinformatica.com\/en\/shop\/solid-markers\/b-paintstik\/#primaryimage\"},\"image\":{\"@id\":\"https:\/\/dev4.devmitsinformatica.com\/en\/shop\/solid-markers\/b-paintstik\/#primaryimage\"},\"thumbnailUrl\":\"https:\/\/dev4.devmitsinformatica.com\/wp-content\/uploads\/2020\/01\/Ceras-Markal.jpg\",\"datePublished\":\"2020-01-31T08:28:06+00:00\",\"dateModified\":\"2025-12-07T04:27:30+00:00\",\"description\":\"B Paintstik en Barcelona:B Paintstik? B Paintstik y mas. Arte y Graffiti Shop Barcelona. Spray, Colores, Rotuladores y B Paintstik\",\"breadcrumb\":{\"@id\":\"https:\/\/dev4.devmitsinformatica.com\/en\/shop\/solid-markers\/b-paintstik\/#breadcrumb\"},\"inLanguage\":\"en-US\",\"potentialAction\":[{\"@type\":\"ReadAction\",\"target\":[\"https:\/\/dev4.devmitsinformatica.com\/en\/shop\/solid-markers\/b-paintstik\/\"]}]},{\"@type\":\"ImageObject\",\"inLanguage\":\"en-US\",\"@id\":\"https:\/\/dev4.devmitsinformatica.com\/en\/shop\/solid-markers\/b-paintstik\/#primaryimage\",\"url\":\"https:\/\/dev4.devmitsinformatica.com\/wp-content\/uploads\/2020\/01\/Ceras-Markal.jpg\",\"contentUrl\":\"https:\/\/dev4.devmitsinformatica.com\/wp-content\/uploads\/2020\/01\/Ceras-Markal.jpg\",\"width\":650,\"height\":650,\"caption\":\"cera markal solid paint crayon online en And\u00e9n Barcelona graffiti shop montana store\"},{\"@type\":\"BreadcrumbList\",\"@id\":\"https:\/\/dev4.devmitsinformatica.com\/en\/shop\/solid-markers\/b-paintstik\/#breadcrumb\",\"itemListElement\":[{\"@type\":\"ListItem\",\"position\":1,\"name\":\"Home\",\"item\":\"https:\/\/dev4.devmitsinformatica.com\/en\/\"},{\"@type\":\"ListItem\",\"position\":2,\"name\":\"Store\",\"item\":\"https:\/\/dev4.devmitsinformatica.com\/?page_id=38\"},{\"@type\":\"ListItem\",\"position\":3,\"name\":\"B Paintstik\"}]},{\"@type\":\"WebSite\",\"@id\":\"https:\/\/dev4.devmitsinformatica.com\/en\/#website\",\"url\":\"https:\/\/dev4.devmitsinformatica.com\/en\/\",\"name\":\"ULTRAWIDE GRAFFITI SHOP\",\"description\":\"SPRAY GRAFFITI SHOP CAPS Y ROTULADORES\",\"publisher\":{\"@id\":\"https:\/\/dev4.devmitsinformatica.com\/en\/#organization\"},\"potentialAction\":[{\"@type\":\"SearchAction\",\"target\":{\"@type\":\"EntryPoint\",\"urlTemplate\":\"https:\/\/dev4.devmitsinformatica.com\/en\/?s={search_term_string}\"},\"query-input\":{\"@type\":\"PropertyValueSpecification\",\"valueRequired\":true,\"valueName\":\"search_term_string\"}}],\"inLanguage\":\"en-US\"},{\"@type\":\"Organization\",\"@id\":\"https:\/\/dev4.devmitsinformatica.com\/en\/#organization\",\"name\":\"ANDEN Graffiti Shop Barcelona\",\"url\":\"https:\/\/dev4.devmitsinformatica.com\/en\/\",\"logo\":{\"@type\":\"ImageObject\",\"inLanguage\":\"en-US\",\"@id\":\"https:\/\/dev4.devmitsinformatica.com\/en\/#\/schema\/logo\/image\/\",\"url\":\"https:\/\/dev4.devmitsinformatica.com\/wp-content\/uploads\/2016\/11\/graffiti-gallery-barcelona.png\",\"contentUrl\":\"https:\/\/dev4.devmitsinformatica.com\/wp-content\/uploads\/2016\/11\/graffiti-gallery-barcelona.png\",\"width\":386,\"height\":150,\"caption\":\"ANDEN Graffiti Shop Barcelona\"},\"image\":{\"@id\":\"https:\/\/dev4.devmitsinformatica.com\/en\/#\/schema\/logo\/image\/\"}}]}<\/script>\n<!-- \/ Yoast SEO plugin. -->","yoast_head_json":{"title":"B Paintstik Ultrawide Graffiti Shop Barcelona","description":"B Paintstik en Barcelona:B Paintstik? B Paintstik y mas. Arte y Graffiti Shop Barcelona. Spray, Colores, Rotuladores y B Paintstik","robots":{"index":"index","follow":"follow","max-snippet":"max-snippet:-1","max-image-preview":"max-image-preview:large","max-video-preview":"max-video-preview:-1"},"canonical":"https:\/\/dev4.devmitsinformatica.com\/en\/shop\/solid-markers\/b-paintstik\/","og_locale":"en_US","og_type":"article","og_title":"B Paintstik Ultrawide Graffiti Shop Barcelona","og_description":"B Paintstik en Barcelona:B Paintstik? B Paintstik y mas. Arte y Graffiti Shop Barcelona. Spray, Colores, Rotuladores y B Paintstik","og_url":"https:\/\/dev4.devmitsinformatica.com\/en\/shop\/solid-markers\/b-paintstik\/","og_site_name":"ULTRAWIDE GRAFFITI SHOP","article_modified_time":"2025-12-07T04:27:30+00:00","og_image":[{"width":650,"height":650,"url":"https:\/\/dev4.devmitsinformatica.com\/wp-content\/uploads\/2020\/01\/Ceras-Markal.jpg","type":"image\/jpeg"}],"twitter_card":"summary_large_image","twitter_misc":{"Est. reading time":"1 minute"},"schema":{"@context":"https:\/\/schema.org","@graph":[{"@type":"WebPage","@id":"https:\/\/dev4.devmitsinformatica.com\/en\/shop\/solid-markers\/b-paintstik\/","url":"https:\/\/dev4.devmitsinformatica.com\/en\/shop\/solid-markers\/b-paintstik\/","name":"B Paintstik Ultrawide Graffiti Shop Barcelona","isPartOf":{"@id":"https:\/\/dev4.devmitsinformatica.com\/en\/#website"},"primaryImageOfPage":{"@id":"https:\/\/dev4.devmitsinformatica.com\/en\/shop\/solid-markers\/b-paintstik\/#primaryimage"},"image":{"@id":"https:\/\/dev4.devmitsinformatica.com\/en\/shop\/solid-markers\/b-paintstik\/#primaryimage"},"thumbnailUrl":"https:\/\/dev4.devmitsinformatica.com\/wp-content\/uploads\/2020\/01\/Ceras-Markal.jpg","datePublished":"2020-01-31T08:28:06+00:00","dateModified":"2025-12-07T04:27:30+00:00","description":"B Paintstik en Barcelona:B Paintstik? B Paintstik y mas. Arte y Graffiti Shop Barcelona. Spray, Colores, Rotuladores y B Paintstik","breadcrumb":{"@id":"https:\/\/dev4.devmitsinformatica.com\/en\/shop\/solid-markers\/b-paintstik\/#breadcrumb"},"inLanguage":"en-US","potentialAction":[{"@type":"ReadAction","target":["https:\/\/dev4.devmitsinformatica.com\/en\/shop\/solid-markers\/b-paintstik\/"]}]},{"@type":"ImageObject","inLanguage":"en-US","@id":"https:\/\/dev4.devmitsinformatica.com\/en\/shop\/solid-markers\/b-paintstik\/#primaryimage","url":"https:\/\/dev4.devmitsinformatica.com\/wp-content\/uploads\/2020\/01\/Ceras-Markal.jpg","contentUrl":"https:\/\/dev4.devmitsinformatica.com\/wp-content\/uploads\/2020\/01\/Ceras-Markal.jpg","width":650,"height":650,"caption":"cera markal solid paint crayon online en And\u00e9n Barcelona graffiti shop montana store"},{"@type":"BreadcrumbList","@id":"https:\/\/dev4.devmitsinformatica.com\/en\/shop\/solid-markers\/b-paintstik\/#breadcrumb","itemListElement":[{"@type":"ListItem","position":1,"name":"Home","item":"https:\/\/dev4.devmitsinformatica.com\/en\/"},{"@type":"ListItem","position":2,"name":"Store","item":"https:\/\/dev4.devmitsinformatica.com\/?page_id=38"},{"@type":"ListItem","position":3,"name":"B Paintstik"}]},{"@type":"WebSite","@id":"https:\/\/dev4.devmitsinformatica.com\/en\/#website","url":"https:\/\/dev4.devmitsinformatica.com\/en\/","name":"ULTRAWIDE GRAFFITI SHOP","description":"SPRAY GRAFFITI SHOP CAPS Y ROTULADORES","publisher":{"@id":"https:\/\/dev4.devmitsinformatica.com\/en\/#organization"},"potentialAction":[{"@type":"SearchAction","target":{"@type":"EntryPoint","urlTemplate":"https:\/\/dev4.devmitsinformatica.com\/en\/?s={search_term_string}"},"query-input":{"@type":"PropertyValueSpecification","valueRequired":true,"valueName":"search_term_string"}}],"inLanguage":"en-US"},{"@type":"Organization","@id":"https:\/\/dev4.devmitsinformatica.com\/en\/#organization","name":"ANDEN Graffiti Shop Barcelona","url":"https:\/\/dev4.devmitsinformatica.com\/en\/","logo":{"@type":"ImageObject","inLanguage":"en-US","@id":"https:\/\/dev4.devmitsinformatica.com\/en\/#\/schema\/logo\/image\/","url":"https:\/\/dev4.devmitsinformatica.com\/wp-content\/uploads\/2016\/11\/graffiti-gallery-barcelona.png","contentUrl":"https:\/\/dev4.devmitsinformatica.com\/wp-content\/uploads\/2016\/11\/graffiti-gallery-barcelona.png","width":386,"height":150,"caption":"ANDEN Graffiti Shop Barcelona"},"image":{"@id":"https:\/\/dev4.devmitsinformatica.com\/en\/#\/schema\/logo\/image\/"}}]}},"_links":{"self":[{"href":"https:\/\/dev4.devmitsinformatica.com\/en\/wp-json\/wp\/v2\/product\/8706","targetHints":{"allow":["GET"]}}],"collection":[{"href":"https:\/\/dev4.devmitsinformatica.com\/en\/wp-json\/wp\/v2\/product"}],"about":[{"href":"https:\/\/dev4.devmitsinformatica.com\/en\/wp-json\/wp\/v2\/types\/product"}],"replies":[{"embeddable":true,"href":"https:\/\/dev4.devmitsinformatica.com\/en\/wp-json\/wp\/v2\/comments?post=8706"}],"version-history":[{"count":0,"href":"https:\/\/dev4.devmitsinformatica.com\/en\/wp-json\/wp\/v2\/product\/8706\/revisions"}],"wp:featuredmedia":[{"embeddable":true,"href":"https:\/\/dev4.devmitsinformatica.com\/en\/wp-json\/wp\/v2\/media\/8725"}],"wp:attachment":[{"href":"https:\/\/dev4.devmitsinformatica.com\/en\/wp-json\/wp\/v2\/media?parent=8706"}],"wp:term":[{"taxonomy":"product_brand","embeddable":true,"href":"https:\/\/dev4.devmitsinformatica.com\/en\/wp-json\/wp\/v2\/product_brand?post=8706"},{"taxonomy":"product_cat","embeddable":true,"href":"https:\/\/dev4.devmitsinformatica.com\/en\/wp-json\/wp\/v2\/product_cat?post=8706"},{"taxonomy":"product_tag","embeddable":true,"href":"https:\/\/dev4.devmitsinformatica.com\/en\/wp-json\/wp\/v2\/product_tag?post=8706"}],"curies":[{"name":"wp","href":"https:\/\/api.w.org\/{rel}","templated":true}]}}